{"id":259,"date":"2024-12-07T11:01:48","date_gmt":"2024-12-07T11:01:48","guid":{"rendered":"https:\/\/mylaps.com\/?page_id=259"},"modified":"2025-07-31T13:03:44","modified_gmt":"2025-07-31T13:03:44","slug":"bedingungen-bedingungen","status":"publish","type":"page","link":"https:\/\/mylaps.com\/de\/bedingungen-bedingungen\/","title":{"rendered":"Bedingungen und Konditionen"},"content":{"rendered":"<div\n\tclass=\"block content bg--white content--cols-1 bg--blank content--arrange-half\"\n\tstyle=\"--cols: 1\">\n\t<div class=\"container--small\">\n\t\t\t\t\t<div class=\"content__column\">\n\t\t\t\t\t\t\t<\/div>\n\t\t\t<\/div>\n<\/div>\n\n\n<div\n\tclass=\"block content bg--white content--cols-1 bg--blank content--arrange-half\"\n\tstyle=\"--cols: 1\">\n\t<div class=\"container--small\">\n\t\t\t\t\t<div class=\"content__column\">\n\t\t\t\t\t\t\t\t\t<div\n\t\t\t\t\t\tdata-aos=\"fade-up\"\t\t\t\t\t\tclass=\"content__type--text space-content\">\n\t\t\t\t\t\t<h4>Terms &amp; Conditions per MYLAPS office<\/h4>\n<ul>\n<li><a href=\"https:\/\/mylaps.my.salesforce.com\/sfc\/p\/D0000000oHhG\/a\/2p000001FYZ6\/E0JcfxMA.mjd5psDpAHciy.ZldWZAptv0ExFD9Oxoso\">Europa, Naher Osten und Afrika<\/a><\/li>\n<li><a href=\"https:\/\/mylaps.my.salesforce.com\/sfc\/p\/D0000000oHhG\/a\/2p000001FYZB\/ErXOS9JR4ASLom1pSTcSqzszBiSaaMUElFU.OrHvsRI\">Europa, Midden-Oosten en Afrika &#8211; Nederlandse tekst<\/a><\/li>\n<li><span style=\"line-height: 1.5;\"><a href=\"https:\/\/mylaps.my.salesforce.com\/sfc\/p\/D0000000oHhG\/a\/2p000001FYZ7\/.5JNt0S1NF4YpEOujXFLwPV5CGVovZx4VFyTJ.FH25w\">Vereinigte Staaten<\/a><\/span><\/li>\n<li><a href=\"https:\/\/mylaps.my.salesforce.com\/sfc\/p\/D0000000oHhG\/a\/2p000001FYZG\/LfdudkpAiOmgma_3rtc83F3J5YZO.72Od18ZeyRBfRc\">Australien<\/a><\/li>\n<li><span style=\"zeilenh\u00f6he: 1.5;\"><a href=\"https:\/\/mylaps.my.salesforce.com\/sfc\/p\/D0000000oHhG\/a\/2p000001FYZ8\/rkBpYbKvc0AV3XegYl2KB5xp5VbFVr3awDunF47qt_A\">Japan &#8211; Englischer Text<\/a><\/span><\/li>\n<li><span style=\"zeilenh\u00f6he: 1.5;\"><a href=\"https:\/\/mylaps.my.salesforce.com\/sfc\/p\/D0000000oHhG\/a\/2p000001FYZL\/qr9G.ijqKEqG6hUBO85Lkrx8KG7bCXmhoJnYM7BLGSw\">Japan &#8211; Japanischer Text<\/a><\/span><\/li>\n<li><a href=\"https:\/\/mylaps.my.salesforce.com\/sfc\/p\/D0000000oHhG\/a\/2p000001FYZ6\/E0JcfxMA.mjd5psDpAHciy.ZldWZAptv0ExFD9Oxoso\">S\u00fcdostasien &#8211; Teil von MYLAPS B.V.<\/a><\/li>\n<li><a href=\"https:\/\/mylaps.my.salesforce.com\/sfc\/p\/D0000000oHhG\/a\/2p000001FYZ6\/E0JcfxMA.mjd5psDpAHciy.ZldWZAptv0ExFD9Oxoso\">China und Taiwan &#8211; Teil von MYLAPS B.V.<\/a><\/li>\n<\/ul>\n<h4>Weitere rechtliche Dokumente<\/h4>\n<ul>\n<li><a href=\"https:\/\/mylaps.com\/warranty\/\">Gew\u00e4hrleistung<\/a><\/li>\n<li><a href=\"https:\/\/static.mylaps.com\/media\/Legal\/MYLAPS%20returns%20policy%20document.pdf\">R\u00fcckgaberichtlinien<\/a><\/li>\n<li><a href=\"https:\/\/mylaps.my.salesforce.com\/sfc\/p\/D0000000oHhG\/a\/2p000001FYZQ\/IX3RHgW5WpBM6Aqd9x5Z3CrX5bMLzCZn91LgDaCUP.8\">FLEX Produkte<\/a><\/li>\n<li><a href=\"https:\/\/mylaps.my.salesforce.com\/sfc\/p\/D0000000oHhG\/a\/2p000001FYZV\/DBarQ_Rw07H0jVwHM0YC_DLUzIV7W8Q4SMCryWwRuiI\">Club FLEX Produkte<\/a><\/li>\n<li><a href=\"https:\/\/mylaps.my.salesforce.com\/sfc\/p\/D0000000oHhG\/a\/2p000001FYZH\/LEsZ7B1BPvYx1Q1.zWCmtZWwlEdjY9cgYG6W4HdJOjY\">Kaufbedingungen<\/a><\/li>\n<li><a href=\"https:\/\/mylaps.my.salesforce.com\/sfc\/p\/D0000000oHhG\/a\/2p000001FYZa\/XOoIEo4ma9cRUitvxKES_yykwMf7O2nfHTaTtZu8o4Y\">MYLAPS SAAS Bedingungen<\/a><\/li>\n<li><a href=\"https:\/\/static.mylaps.com\/media\/MYLAPS%20conditions%20of%20use.pdf\">MYLAPS-Nutzungsbedingungen<\/a><\/li>\n<li><a href=\"https:\/\/mylaps.com\/wp-content\/uploads\/2025\/01\/2017-MYLAPS-Participant-Declaration.pdf\">MYLAPS-Teilnehmererkl\u00e4rung<\/a><\/li>\n<li><a href=\"https:\/\/mylaps.com\/wp-content\/uploads\/2025\/01\/Responsible-Disclosure-Policy.pdf\">MYLAPS Verantwortliche Offenlegungserkl\u00e4rung<\/a><\/li>\n<\/ul>\n<h4>Datenschutz<\/h4>\n<p><a class=\"button--primary\" href=\"https:\/\/mylaps.com\/de\/privacy\/\">Datenschutzrichtlinien<\/a><\/p>\n\t\t\t\t\t<\/div>\n\t\t\t\t\t\t\t<\/div>\n\t\t\t<\/div>\n<\/div>\n","protected":false},"excerpt":{"rendered":"<p>Allgemeine Gesch\u00e4ftsbedingungen pro MYLAPS-B\u00fcro Europa, Mittlerer Osten und Afrika Europa, Midden-Oosten en Afrika &#8211; Nederlandse tekst Vereinigte Staaten Australien Japan &#8211; Englischer Text Japan &#8211; Japanischer Text S\u00fcdostasien &#8211; Teil von MYLAPS B.V. China und Taiwan &#8211; Teil von MYLAPS B.V. Andere rechtliche Dokumente Garantie R\u00fcckgaberecht FLEX Produkte Club FLEX Produkte Einkaufsbedingungen MYLAPS SAAS-Bedingungen MYLAPS Nutzungsbedingungen MYLAPS Teilnehmererkl\u00e4rung MYLAPS Verantwortungsvolle Offenlegung Datenschutz Datenschutzrichtlinie Cookie-Richtlinie Datenschutzinformation Kontoseite Datenschutzinformation MYLAPS Sporthive Datenschutzinformation MYLAPS Speedhive Datenschutzinformation MYLAPS Speedhive Shop Datenschutzinformation EventManager Datenschutz [&#8230;]<\/p>\n","protected":false},"author":2,"featured_media":0,"parent":0,"menu_order":0,"comment_status":"closed","ping_status":"closed","template":"","meta":{"_acf_changed":false,"content-type":"","_trash_the_other_posts":false,"editor_notices":[],"footnotes":""},"class_list":["post-259","page","type-page","status-publish","hentry"],"acf":[],"yoast_head":"<!-- This site is optimized with the Yoast SEO Premium plugin v27.0 (Yoast SEO v27.0) - https:\/\/yoast.com\/product\/yoast-seo-premium-wordpress\/ -->\n<title>Bedingungen und Konditionen - MYLAPS - German<\/title>\n<meta name=\"description\" content=\"Verstehen Sie die Gesch\u00e4ftsbedingungen von MYLAPS, einschlie\u00dflich wichtiger Informationen \u00fcber die Nutzung und die Datenschutzrichtlinien.\" \/>\n<meta name=\"robots\" content=\"index, follow, max-snippet:-1, max-image-preview:large, max-video-preview:-1\" \/>\n<link rel=\"canonical\" href=\"https:\/\/mylaps.com\/de\/bedingungen-bedingungen\/\" \/>\n<meta property=\"og:locale\" content=\"en_US\" \/>\n<meta property=\"og:type\" content=\"article\" \/>\n<meta property=\"og:title\" content=\"Bedingungen und Konditionen\" \/>\n<meta property=\"og:description\" content=\"Verstehen Sie die Gesch\u00e4ftsbedingungen von MYLAPS, einschlie\u00dflich wichtiger Informationen \u00fcber die Nutzung und die Datenschutzrichtlinien.\" \/>\n<meta property=\"og:url\" content=\"https:\/\/mylaps.com\/de\/bedingungen-bedingungen\/\" \/>\n<meta property=\"og:site_name\" content=\"MYLAPS - German\" \/>\n<meta property=\"article:modified_time\" content=\"2025-07-31T13:03:44+00:00\" \/>\n<meta name=\"twitter:card\" content=\"summary_large_image\" \/>\n<meta name=\"twitter:label1\" content=\"Est. reading time\" \/>\n\t<meta name=\"twitter:data1\" content=\"1 minute\" \/>\n<script type=\"application\/ld+json\" class=\"yoast-schema-graph\">{\"@context\":\"https:\/\/schema.org\",\"@graph\":[{\"@type\":\"WebPage\",\"@id\":\"https:\/\/mylaps.com\/de\/bedingungen-bedingungen\/\",\"url\":\"https:\/\/mylaps.com\/de\/bedingungen-bedingungen\/\",\"name\":\"Bedingungen und Konditionen - MYLAPS - German\",\"isPartOf\":{\"@id\":\"https:\/\/mylaps.com\/de\/#website\"},\"datePublished\":\"2024-12-07T11:01:48+00:00\",\"dateModified\":\"2025-07-31T13:03:44+00:00\",\"description\":\"Verstehen Sie die Gesch\u00e4ftsbedingungen von MYLAPS, einschlie\u00dflich wichtiger Informationen \u00fcber die Nutzung und die Datenschutzrichtlinien.\",\"breadcrumb\":{\"@id\":\"https:\/\/mylaps.com\/de\/bedingungen-bedingungen\/#breadcrumb\"},\"inLanguage\":\"en-US\",\"potentialAction\":[{\"@type\":\"ReadAction\",\"target\":[\"https:\/\/mylaps.com\/de\/bedingungen-bedingungen\/\"]}]},{\"@type\":\"BreadcrumbList\",\"@id\":\"https:\/\/mylaps.com\/de\/bedingungen-bedingungen\/#breadcrumb\",\"itemListElement\":[{\"@type\":\"ListItem\",\"position\":1,\"name\":\"Home\",\"item\":\"https:\/\/mylaps.com\/de\/\"},{\"@type\":\"ListItem\",\"position\":2,\"name\":\"Bedingungen und Konditionen\"}]},{\"@type\":\"WebSite\",\"@id\":\"https:\/\/mylaps.com\/de\/#website\",\"url\":\"https:\/\/mylaps.com\/de\/\",\"name\":\"MYLAPS\",\"description\":\"MYLAPS Sports Timing - The Industry&#039;s Most Reliable and Accurate Timing and Data Solutions\",\"potentialAction\":[{\"@type\":\"SearchAction\",\"target\":{\"@type\":\"EntryPoint\",\"urlTemplate\":\"https:\/\/mylaps.com\/de\/?s={search_term_string}\"},\"query-input\":{\"@type\":\"PropertyValueSpecification\",\"valueRequired\":true,\"valueName\":\"search_term_string\"}}],\"inLanguage\":\"en-US\"}]}<\/script>\n<!-- \/ Yoast SEO Premium plugin. -->","yoast_head_json":{"title":"Bedingungen und Konditionen - MYLAPS - German","description":"Verstehen Sie die Gesch\u00e4ftsbedingungen von MYLAPS, einschlie\u00dflich wichtiger Informationen \u00fcber die Nutzung und die Datenschutzrichtlinien.","robots":{"index":"index","follow":"follow","max-snippet":"max-snippet:-1","max-image-preview":"max-image-preview:large","max-video-preview":"max-video-preview:-1"},"canonical":"https:\/\/mylaps.com\/de\/bedingungen-bedingungen\/","og_locale":"en_US","og_type":"article","og_title":"Bedingungen und Konditionen","og_description":"Verstehen Sie die Gesch\u00e4ftsbedingungen von MYLAPS, einschlie\u00dflich wichtiger Informationen \u00fcber die Nutzung und die Datenschutzrichtlinien.","og_url":"https:\/\/mylaps.com\/de\/bedingungen-bedingungen\/","og_site_name":"MYLAPS - German","article_modified_time":"2025-07-31T13:03:44+00:00","twitter_card":"summary_large_image","twitter_misc":{"Est. reading time":"1 minute"},"schema":{"@context":"https:\/\/schema.org","@graph":[{"@type":"WebPage","@id":"https:\/\/mylaps.com\/de\/bedingungen-bedingungen\/","url":"https:\/\/mylaps.com\/de\/bedingungen-bedingungen\/","name":"Bedingungen und Konditionen - MYLAPS - German","isPartOf":{"@id":"https:\/\/mylaps.com\/de\/#website"},"datePublished":"2024-12-07T11:01:48+00:00","dateModified":"2025-07-31T13:03:44+00:00","description":"Verstehen Sie die Gesch\u00e4ftsbedingungen von MYLAPS, einschlie\u00dflich wichtiger Informationen \u00fcber die Nutzung und die Datenschutzrichtlinien.","breadcrumb":{"@id":"https:\/\/mylaps.com\/de\/bedingungen-bedingungen\/#breadcrumb"},"inLanguage":"en-US","potentialAction":[{"@type":"ReadAction","target":["https:\/\/mylaps.com\/de\/bedingungen-bedingungen\/"]}]},{"@type":"BreadcrumbList","@id":"https:\/\/mylaps.com\/de\/bedingungen-bedingungen\/#breadcrumb","itemListElement":[{"@type":"ListItem","position":1,"name":"Home","item":"https:\/\/mylaps.com\/de\/"},{"@type":"ListItem","position":2,"name":"Bedingungen und Konditionen"}]},{"@type":"WebSite","@id":"https:\/\/mylaps.com\/de\/#website","url":"https:\/\/mylaps.com\/de\/","name":"MYLAPS","description":"MYLAPS Sports Timing - The Industry&#039;s Most Reliable and Accurate Timing and Data Solutions","potentialAction":[{"@type":"SearchAction","target":{"@type":"EntryPoint","urlTemplate":"https:\/\/mylaps.com\/de\/?s={search_term_string}"},"query-input":{"@type":"PropertyValueSpecification","valueRequired":true,"valueName":"search_term_string"}}],"inLanguage":"en-US"}]}},"_links":{"self":[{"href":"https:\/\/mylaps.com\/de\/wp-json\/wp\/v2\/pages\/259","targetHints":{"allow":["GET"]}}],"collection":[{"href":"https:\/\/mylaps.com\/de\/wp-json\/wp\/v2\/pages"}],"about":[{"href":"https:\/\/mylaps.com\/de\/wp-json\/wp\/v2\/types\/page"}],"author":[{"embeddable":true,"href":"https:\/\/mylaps.com\/de\/wp-json\/wp\/v2\/users\/2"}],"replies":[{"embeddable":true,"href":"https:\/\/mylaps.com\/de\/wp-json\/wp\/v2\/comments?post=259"}],"version-history":[{"count":10,"href":"https:\/\/mylaps.com\/de\/wp-json\/wp\/v2\/pages\/259\/revisions"}],"predecessor-version":[{"id":36439,"href":"https:\/\/mylaps.com\/de\/wp-json\/wp\/v2\/pages\/259\/revisions\/36439"}],"wp:attachment":[{"href":"https:\/\/mylaps.com\/de\/wp-json\/wp\/v2\/media?parent=259"}],"curies":[{"name":"wp","href":"https:\/\/api.w.org\/{rel}","templated":true}]}}