{"id":272,"date":"2024-12-09T14:13:53","date_gmt":"2024-12-09T14:13:53","guid":{"rendered":"https:\/\/mylaps.com\/?page_id=272"},"modified":"2026-03-24T13:17:49","modified_gmt":"2026-03-24T13:17:49","slug":"verantwortung","status":"publish","type":"page","link":"https:\/\/mylaps.com\/de\/uber-uns\/verantwortung\/","title":{"rendered":"Verantwortung"},"content":{"rendered":"<div class=\"block hero hero--background-img hero--content-lb\">\n\t<img loading=\"lazy\" decoding=\"async\" width=\"2000\" height=\"1333\" src=\"https:\/\/mylaps.com\/wp-content\/uploads\/2024\/12\/hero-image-responsibility-1-2000x1333.jpg\" class=\"hero__background\" alt=\"\" srcset=\"https:\/\/mylaps.com\/wp-content\/uploads\/2024\/12\/hero-image-responsibility-1-2000x1333.jpg 2000w, https:\/\/mylaps.com\/wp-content\/uploads\/2024\/12\/hero-image-responsibility-1-750x500.jpg 750w, https:\/\/mylaps.com\/wp-content\/uploads\/2024\/12\/hero-image-responsibility-1-300x200.jpg 300w, https:\/\/mylaps.com\/wp-content\/uploads\/2024\/12\/hero-image-responsibility-1-768x512.jpg 768w, https:\/\/mylaps.com\/wp-content\/uploads\/2024\/12\/hero-image-responsibility-1-1024x683.jpg 1024w, https:\/\/mylaps.com\/wp-content\/uploads\/2024\/12\/hero-image-responsibility-1-1536x1024.jpg 1536w, https:\/\/mylaps.com\/wp-content\/uploads\/2024\/12\/hero-image-responsibility-1-2048x1365.jpg 2048w, https:\/\/mylaps.com\/wp-content\/uploads\/2024\/12\/hero-image-responsibility-1-400x267.jpg 400w, https:\/\/mylaps.com\/wp-content\/uploads\/2024\/12\/hero-image-responsibility-1-150x100.jpg 150w\" sizes=\"auto, (max-width: 2000px) 100vw, 2000px\" \/>\n\t<div class=\"container\">\n\t\t<div class=\"hero__content space-content\">\n\t\t\t\t\t\t\t<h1>\n\t\t\t\t\tVerantwortung\t\t\t\t<\/h1>\n\t\t\t\n\t\t\t<p>Als weltweiter Marktf\u00fchrer im Bereich der Sportzeitmessung, mit Innovation in unserer DNA, haben wir die Verantwortung und die Ambition, zu einer besseren Welt beizutragen.<\/p>\n\t\t<\/div>\n\t<\/div>\n<\/div>\n\n\n<div\n\tclass=\"block content bg--white content--align-content-vertically content--cols-2 bg--blank content--arrange-half\"\n\tstyle=\"--cols: 2\">\n\t<div class=\"container\">\n\t\t\t\t\t<div class=\"content__column\">\n\t\t\t\t\t\t\t\t\t<div\n\t\t\t\t\t\t\t\t\t\t\t\tclass=\"content__type--image space-content\">\n\t\t\t\t\t\t\t\t\t\t\t\t\t\t<figure class=\"content__figure\">\n\t\t\t\t\t\t\t\t\t<img loading=\"lazy\" decoding=\"async\" width=\"750\" height=\"422\" src=\"https:\/\/mylaps.com\/wp-content\/uploads\/2024\/12\/responsibility-11-750x422.png\" class=\"content__image\" alt=\"\" srcset=\"https:\/\/mylaps.com\/wp-content\/uploads\/2024\/12\/responsibility-11-750x422.png 750w, https:\/\/mylaps.com\/wp-content\/uploads\/2024\/12\/responsibility-11-300x169.png 300w, https:\/\/mylaps.com\/wp-content\/uploads\/2024\/12\/responsibility-11-768x432.png 768w, https:\/\/mylaps.com\/wp-content\/uploads\/2024\/12\/responsibility-11-1024x576.png 1024w, https:\/\/mylaps.com\/wp-content\/uploads\/2024\/12\/responsibility-11-1536x864.png 1536w, https:\/\/mylaps.com\/wp-content\/uploads\/2024\/12\/responsibility-11-2048x1152.png 2048w, https:\/\/mylaps.com\/wp-content\/uploads\/2024\/12\/responsibility-11-2000x1125.png 2000w, https:\/\/mylaps.com\/wp-content\/uploads\/2024\/12\/responsibility-11-400x225.png 400w, https:\/\/mylaps.com\/wp-content\/uploads\/2024\/12\/responsibility-11-178x100.png 178w\" sizes=\"auto, (max-width: 750px) 100vw, 750px\" \/>\t\t\t\t\t\t\t\t<\/figure>\n\t\t\t\t\t\t\t\t\t\t\t\t\t<\/div>\n\t\t\t\t\t\t\t<\/div>\n\t\t\t\t\t<div class=\"content__column\">\n\t\t\t\t\t\t\t\t\t<div\n\t\t\t\t\t\tdata-aos=\"fade-up\"\t\t\t\t\t\tclass=\"content__type--text space-content\">\n\t\t\t\t\t\t<h2>Zeit f\u00fcr eine bessere Welt<\/h2>\n<p>Indem wir das ultimative Sporterlebnis f\u00fcr jedermann bieten, inspiriert MYLAPS alle Menschen auf der ganzen Welt, die Sport lieben, zu einem gesunden Leben. Wir haben die Verantwortung und den Ehrgeiz, einen Beitrag zu einer besseren Welt zu leisten.<\/p>\n\t\t\t\t\t<\/div>\n\t\t\t\t\t\t\t<\/div>\n\t\t\t<\/div>\n<\/div>\n\n\n<div\n\tclass=\"block content bg--white content--flip-columns-on-mobile content--align-content-vertically content--cols-2 bg--blank content--arrange-half\"\n\tstyle=\"--cols: 2\">\n\t<div class=\"container\">\n\t\t\t\t\t<div class=\"content__column\">\n\t\t\t\t\t\t\t\t\t<div\n\t\t\t\t\t\tdata-aos=\"fade-up\"\t\t\t\t\t\tclass=\"content__type--text space-content\">\n\t\t\t\t\t\t<h2>Unternehmenswerte<\/h2>\n<p>MYLAPS arbeitet mit den folgenden 3 Unternehmenswerten:<\/p>\n<ul>\n<li>My Passion<\/li>\n<li>My Responsibility<\/li>\n<li>My Teamwork<\/li>\n<\/ul>\n<p>Diese Unternehmenswerte werden in allen MYLAPS-B\u00fcros weltweit angezeigt. Jeder MYLAPS-Mitarbeiter kennt diese Werte auswendig. Dar\u00fcber hinaus werden alle Teams dazu angehalten, Verantwortung zu \u00fcbernehmen und sich der Auswirkungen ihres Handelns auf das Unternehmen bewusst zu sein.<\/p>\n<p>Egal ob beim Einkauf von Verpackungen oder bei der Einstellung neuer Mitarbeiter: Unsere Mitarbeiter werden darin geschult, verantwortungsbewusst zu arbeiten.<\/p>\n\t\t\t\t\t<\/div>\n\t\t\t\t\t\t\t<\/div>\n\t\t\t\t\t<div class=\"content__column\">\n\t\t\t\t\t\t\t\t\t<div\n\t\t\t\t\t\t\t\t\t\t\t\tclass=\"content__type--image space-content\">\n\t\t\t\t\t\t\t\t\t\t\t\t\t\t<figure class=\"content__figure\">\n\t\t\t\t\t\t\t\t\t<img loading=\"lazy\" decoding=\"async\" width=\"750\" height=\"422\" src=\"https:\/\/mylaps.com\/wp-content\/uploads\/2024\/12\/responsibility-7-scaled-1-750x422.jpg\" class=\"content__image\" alt=\"\" srcset=\"https:\/\/mylaps.com\/wp-content\/uploads\/2024\/12\/responsibility-7-scaled-1-750x422.jpg 750w, https:\/\/mylaps.com\/wp-content\/uploads\/2024\/12\/responsibility-7-scaled-1-300x169.jpg 300w, https:\/\/mylaps.com\/wp-content\/uploads\/2024\/12\/responsibility-7-scaled-1-768x432.jpg 768w, https:\/\/mylaps.com\/wp-content\/uploads\/2024\/12\/responsibility-7-scaled-1-1024x576.jpg 1024w, https:\/\/mylaps.com\/wp-content\/uploads\/2024\/12\/responsibility-7-scaled-1-1536x864.jpg 1536w, https:\/\/mylaps.com\/wp-content\/uploads\/2024\/12\/responsibility-7-scaled-1-2048x1152.jpg 2048w, https:\/\/mylaps.com\/wp-content\/uploads\/2024\/12\/responsibility-7-scaled-1-2000x1125.jpg 2000w, https:\/\/mylaps.com\/wp-content\/uploads\/2024\/12\/responsibility-7-scaled-1-400x225.jpg 400w, https:\/\/mylaps.com\/wp-content\/uploads\/2024\/12\/responsibility-7-scaled-1-178x100.jpg 178w\" sizes=\"auto, (max-width: 750px) 100vw, 750px\" \/>\t\t\t\t\t\t\t\t<\/figure>\n\t\t\t\t\t\t\t\t\t\t\t\t\t<\/div>\n\t\t\t\t\t\t\t<\/div>\n\t\t\t<\/div>\n<\/div>\n\n\n<div\n\tclass=\"block content bg--white content--align-content-vertically content--cols-1 bg--blank content--arrange-half\"\n\tstyle=\"--cols: 1\">\n\t<div class=\"container--small\">\n\t\t\t\t\t<div class=\"content__column\">\n\t\t\t\t\t\t\t\t\t<div\n\t\t\t\t\t\tdata-aos=\"fade-up\"\t\t\t\t\t\tclass=\"content__type--text space-content\">\n\t\t\t\t\t\t<h2 style='text-align: center'>3 S\u00e4ulen<\/h2>\n<p style='text-align: center'>Unsere Strategie der Unternehmensverantwortung besteht aus 3 S\u00e4ulen.<\/p>\n\t\t\t\t\t<\/div>\n\t\t\t\t\t\t\t<\/div>\n\t\t\t<\/div>\n<\/div>\n\n\n<div class=\"block related-posts bg--white\">\n\t<div class=\"container\">\n\t\t\n\t\t<ul\n\t\t\tclass=\"related-posts__cards\"\n\t\t\tstyle=\"--cols: 3\">\n\t\t\t\n<div\n\tdata-aos=\"fade-up\"data-aos-delay=\"100\"\tclass=\"card card--\">\n\t<div class=\"card__content\">\n\t\t<h3 class=\"card__title\">Umwelt<\/h3>\n\t\t\n\t\t\n\t\t\t<\/div>\n\n\t\n\t\t\t<p class=\"card__excerpt\">\n\t\t\tWir versuchen, unsere Auswirkungen auf die Umwelt zu minimieren. Unsere Produkte sind extrem haltbar und langlebig.\t\t<\/p>\n\t\n\t\t\t<a\n\t\t\tclass=\"card__link\"\n\t\t\thref=\"https:\/\/mylaps.com\/de\/uber-uns\/verantwortung\/umwelt\/\"\n\t\t\ttarget=\"\">\n\t\t\t<span class=\"sr-only\">\n\t\t\t\tRead more\t\t\t\tabout\t\t\t\tUmwelt\t\t\t<\/span>\n\t\t<\/a>\n\t\n\t\n\t\t\t<figure class=\"card__image-wrap\">\n\t\t\t<img loading=\"lazy\" decoding=\"async\" width=\"2560\" height=\"2048\" src=\"https:\/\/mylaps.com\/wp-content\/uploads\/2024\/12\/responsibility-5-scaled-1.jpg\" class=\"card__image\" alt=\"\" srcset=\"https:\/\/mylaps.com\/wp-content\/uploads\/2024\/12\/responsibility-5-scaled-1.jpg 2560w, https:\/\/mylaps.com\/wp-content\/uploads\/2024\/12\/responsibility-5-scaled-1-300x240.jpg 300w, https:\/\/mylaps.com\/wp-content\/uploads\/2024\/12\/responsibility-5-scaled-1-768x614.jpg 768w, https:\/\/mylaps.com\/wp-content\/uploads\/2024\/12\/responsibility-5-scaled-1-1024x819.jpg 1024w, https:\/\/mylaps.com\/wp-content\/uploads\/2024\/12\/responsibility-5-scaled-1-1536x1229.jpg 1536w, https:\/\/mylaps.com\/wp-content\/uploads\/2024\/12\/responsibility-5-scaled-1-2048x1638.jpg 2048w, https:\/\/mylaps.com\/wp-content\/uploads\/2024\/12\/responsibility-5-scaled-1-2000x1600.jpg 2000w, https:\/\/mylaps.com\/wp-content\/uploads\/2024\/12\/responsibility-5-scaled-1-750x600.jpg 750w, https:\/\/mylaps.com\/wp-content\/uploads\/2024\/12\/responsibility-5-scaled-1-400x320.jpg 400w, https:\/\/mylaps.com\/wp-content\/uploads\/2024\/12\/responsibility-5-scaled-1-125x100.jpg 125w\" sizes=\"auto, (max-width: 2560px) 100vw, 2560px\" \/>\t\t<\/figure>\n\t<\/div>\n\n<div\n\tdata-aos=\"fade-up\"data-aos-delay=\"200\"\tclass=\"card card--\">\n\t<div class=\"card__content\">\n\t\t<h3 class=\"card__title\">Gesellschaft<\/h3>\n\t\t\n\t\t\n\t\t\t<\/div>\n\n\t\n\t\t\t<p class=\"card__excerpt\">\n\t\t\tSport bringt Menschen zusammen. Bei MYLAPS sind wir stolz darauf, mit mindestens 24 Nationalit\u00e4ten zusammenzuarbeiten.\t\t<\/p>\n\t\n\t\t\t<a\n\t\t\tclass=\"card__link\"\n\t\t\thref=\"https:\/\/mylaps.com\/de\/uber-uns\/verantwortung\/gesellschaft\/\"\n\t\t\ttarget=\"\">\n\t\t\t<span class=\"sr-only\">\n\t\t\t\tRead more\t\t\t\tabout\t\t\t\tGesellschaft\t\t\t<\/span>\n\t\t<\/a>\n\t\n\t\n\t\t\t<figure class=\"card__image-wrap\">\n\t\t\t<img loading=\"lazy\" decoding=\"async\" width=\"2327\" height=\"1320\" src=\"https:\/\/mylaps.com\/wp-content\/uploads\/2019\/04\/sales-team-gathers-for-global-sales-meeting-2-2.jpg\" class=\"card__image\" alt=\"Sales Team gathers for Global Sales Meeting 1\" srcset=\"https:\/\/mylaps.com\/wp-content\/uploads\/2019\/04\/sales-team-gathers-for-global-sales-meeting-2-2.jpg 2327w, https:\/\/mylaps.com\/wp-content\/uploads\/2019\/04\/sales-team-gathers-for-global-sales-meeting-2-2-300x170.jpg 300w, https:\/\/mylaps.com\/wp-content\/uploads\/2019\/04\/sales-team-gathers-for-global-sales-meeting-2-2-1024x581.jpg 1024w, https:\/\/mylaps.com\/wp-content\/uploads\/2019\/04\/sales-team-gathers-for-global-sales-meeting-2-2-768x436.jpg 768w, https:\/\/mylaps.com\/wp-content\/uploads\/2019\/04\/sales-team-gathers-for-global-sales-meeting-2-2-1536x871.jpg 1536w, https:\/\/mylaps.com\/wp-content\/uploads\/2019\/04\/sales-team-gathers-for-global-sales-meeting-2-2-2048x1162.jpg 2048w, https:\/\/mylaps.com\/wp-content\/uploads\/2019\/04\/sales-team-gathers-for-global-sales-meeting-2-2-2000x1135.jpg 2000w, https:\/\/mylaps.com\/wp-content\/uploads\/2019\/04\/sales-team-gathers-for-global-sales-meeting-2-2-750x425.jpg 750w, https:\/\/mylaps.com\/wp-content\/uploads\/2019\/04\/sales-team-gathers-for-global-sales-meeting-2-2-400x227.jpg 400w, https:\/\/mylaps.com\/wp-content\/uploads\/2019\/04\/sales-team-gathers-for-global-sales-meeting-2-2-176x100.jpg 176w\" sizes=\"auto, (max-width: 2327px) 100vw, 2327px\" \/>\t\t<\/figure>\n\t<\/div>\n\n<div\n\tdata-aos=\"fade-up\"data-aos-delay=\"300\"\tclass=\"card card--\">\n\t<div class=\"card__content\">\n\t\t<h3 class=\"card__title\">Unternehmensf\u00fchrung<\/h3>\n\t\t\n\t\t\n\t\t\t<\/div>\n\n\t\n\t\t\t<p class=\"card__excerpt\">\n\t\t\tWir haben strenge Antikorruptions- und Integrit\u00e4tsregeln, arbeiten mit einem internen Code of Conduct und haben eine klare Whistleblower-Politik.\t\t<\/p>\n\t\n\t\t\t<a\n\t\t\tclass=\"card__link\"\n\t\t\thref=\"https:\/\/mylaps.com\/de\/uber-uns\/verantwortung\/unternehmensfuhrung\/\"\n\t\t\ttarget=\"\">\n\t\t\t<span class=\"sr-only\">\n\t\t\t\tRead more\t\t\t\tabout\t\t\t\tUnternehmensf\u00fchrung\t\t\t<\/span>\n\t\t<\/a>\n\t\n\t\n\t\t\t<figure class=\"card__image-wrap\">\n\t\t\t<img loading=\"lazy\" decoding=\"async\" width=\"2560\" height=\"1707\" src=\"https:\/\/mylaps.com\/wp-content\/uploads\/2024\/12\/governance.jpg\" class=\"card__image\" alt=\"\" srcset=\"https:\/\/mylaps.com\/wp-content\/uploads\/2024\/12\/governance.jpg 2560w, https:\/\/mylaps.com\/wp-content\/uploads\/2024\/12\/governance-750x500.jpg 750w, https:\/\/mylaps.com\/wp-content\/uploads\/2024\/12\/governance-300x200.jpg 300w, https:\/\/mylaps.com\/wp-content\/uploads\/2024\/12\/governance-768x512.jpg 768w, https:\/\/mylaps.com\/wp-content\/uploads\/2024\/12\/governance-1024x683.jpg 1024w, https:\/\/mylaps.com\/wp-content\/uploads\/2024\/12\/governance-1536x1024.jpg 1536w, https:\/\/mylaps.com\/wp-content\/uploads\/2024\/12\/governance-2048x1366.jpg 2048w, https:\/\/mylaps.com\/wp-content\/uploads\/2024\/12\/governance-2000x1334.jpg 2000w, https:\/\/mylaps.com\/wp-content\/uploads\/2024\/12\/governance-400x267.jpg 400w, https:\/\/mylaps.com\/wp-content\/uploads\/2024\/12\/governance-150x100.jpg 150w\" sizes=\"auto, (max-width: 2560px) 100vw, 2560px\" \/>\t\t<\/figure>\n\t<\/div>\n\t\t<\/ul>\n\n\t\t\t<\/div>\n<\/div>\n","protected":false},"excerpt":{"rendered":"<p>Verantwortung Als Weltmarktf\u00fchrer im Bereich der Sportzeitmessung und mit Innovation in unserer DNA haben wir die Verantwortung und den Ehrgeiz, zu einer besseren Welt beizutragen. MYLAPS arbeitet klimaneutral. Zeit f\u00fcr eine bessere Welt Mit dem Angebot des ultimativen Sporterlebnisses f\u00fcr jedermann inspiriert MYLAPS alle Menschen auf der ganzen Welt, die Sport lieben, zu einem gesunden Leben. Wir haben die Verantwortung und den Ehrgeiz, einen Beitrag zu einer besseren Welt zu leisten. Das bedeutet, dass wir bei jedem Schritt unseres Prozesses unsere Auswirkungen auf die Umwelt, die Gesellschaft und die Verwaltung ber\u00fccksichtigen. Wir sind stolz darauf, sagen zu k\u00f6nnen, dass MYLAPS ab 2022 [&#8230;]<\/p>\n","protected":false},"author":3,"featured_media":32740,"parent":159,"menu_order":0,"comment_status":"closed","ping_status":"closed","template":"","meta":{"_acf_changed":false,"content-type":"","_trash_the_other_posts":false,"editor_notices":[],"footnotes":""},"class_list":["post-272","page","type-page","status-publish","has-post-thumbnail","hentry"],"acf":[],"yoast_head":"<!-- This site is optimized with the Yoast SEO Premium plugin v27.0 (Yoast SEO v27.0) - https:\/\/yoast.com\/product\/yoast-seo-premium-wordpress\/ -->\n<title>Verantwortung - MYLAPS - German<\/title>\n<meta name=\"description\" content=\"Als Weltmarktf\u00fchrer im Bereich der Sportzeitmessung und mit Innovation in unserer DNA haben wir die Verantwortung und den Ehrgeiz, zu einer besseren Welt beizutragen.\" \/>\n<meta name=\"robots\" content=\"index, follow, max-snippet:-1, max-image-preview:large, max-video-preview:-1\" \/>\n<link rel=\"canonical\" href=\"https:\/\/mylaps.com\/de\/uber-uns\/verantwortung\/\" \/>\n<meta property=\"og:locale\" content=\"en_US\" \/>\n<meta property=\"og:type\" content=\"article\" \/>\n<meta property=\"og:title\" content=\"Verantwortung\" \/>\n<meta property=\"og:description\" content=\"Als Weltmarktf\u00fchrer im Bereich der Sportzeitmessung und mit Innovation in unserer DNA haben wir die Verantwortung und den Ehrgeiz, zu einer besseren Welt beizutragen.\" \/>\n<meta property=\"og:url\" content=\"https:\/\/mylaps.com\/de\/uber-uns\/verantwortung\/\" \/>\n<meta property=\"og:site_name\" content=\"MYLAPS - German\" \/>\n<meta property=\"article:modified_time\" content=\"2026-03-24T13:17:49+00:00\" \/>\n<meta property=\"og:image\" content=\"https:\/\/mylaps.com\/wp-content\/uploads\/2025\/01\/Time-For-a-Better-Wolrd-1536x864.png-e1736353566661.png\" \/>\n\t<meta property=\"og:image:width\" content=\"1004\" \/>\n\t<meta property=\"og:image:height\" content=\"864\" \/>\n\t<meta property=\"og:image:type\" content=\"image\/png\" \/>\n<meta name=\"twitter:card\" content=\"summary_large_image\" \/>\n<meta name=\"twitter:label1\" content=\"Est. reading time\" \/>\n\t<meta name=\"twitter:data1\" content=\"3 minutes\" \/>\n<script type=\"application\/ld+json\" class=\"yoast-schema-graph\">{\"@context\":\"https:\/\/schema.org\",\"@graph\":[{\"@type\":\"WebPage\",\"@id\":\"https:\/\/mylaps.com\/de\/uber-uns\/verantwortung\/\",\"url\":\"https:\/\/mylaps.com\/de\/uber-uns\/verantwortung\/\",\"name\":\"Verantwortung - MYLAPS - German\",\"isPartOf\":{\"@id\":\"https:\/\/mylaps.com\/de\/#website\"},\"primaryImageOfPage\":{\"@id\":\"https:\/\/mylaps.com\/de\/uber-uns\/verantwortung\/#primaryimage\"},\"image\":{\"@id\":\"https:\/\/mylaps.com\/de\/uber-uns\/verantwortung\/#primaryimage\"},\"thumbnailUrl\":\"https:\/\/mylaps.com\/wp-content\/uploads\/2025\/01\/Time-For-a-Better-Wolrd-1536x864.png-e1736353566661.png\",\"datePublished\":\"2024-12-09T14:13:53+00:00\",\"dateModified\":\"2026-03-24T13:17:49+00:00\",\"description\":\"Als Weltmarktf\u00fchrer im Bereich der Sportzeitmessung und mit Innovation in unserer DNA haben wir die Verantwortung und den Ehrgeiz, zu einer besseren Welt beizutragen.\",\"breadcrumb\":{\"@id\":\"https:\/\/mylaps.com\/de\/uber-uns\/verantwortung\/#breadcrumb\"},\"inLanguage\":\"en-US\",\"potentialAction\":[{\"@type\":\"ReadAction\",\"target\":[\"https:\/\/mylaps.com\/de\/uber-uns\/verantwortung\/\"]}]},{\"@type\":\"ImageObject\",\"inLanguage\":\"en-US\",\"@id\":\"https:\/\/mylaps.com\/de\/uber-uns\/verantwortung\/#primaryimage\",\"url\":\"https:\/\/mylaps.com\/wp-content\/uploads\/2025\/01\/Time-For-a-Better-Wolrd-1536x864.png-e1736353566661.png\",\"contentUrl\":\"https:\/\/mylaps.com\/wp-content\/uploads\/2025\/01\/Time-For-a-Better-Wolrd-1536x864.png-e1736353566661.png\",\"width\":1004,\"height\":864},{\"@type\":\"BreadcrumbList\",\"@id\":\"https:\/\/mylaps.com\/de\/uber-uns\/verantwortung\/#breadcrumb\",\"itemListElement\":[{\"@type\":\"ListItem\",\"position\":1,\"name\":\"Home\",\"item\":\"https:\/\/mylaps.com\/de\/\"},{\"@type\":\"ListItem\",\"position\":2,\"name\":\"\u00dcber uns\",\"item\":\"https:\/\/mylaps.com\/de\/uber-uns\/\"},{\"@type\":\"ListItem\",\"position\":3,\"name\":\"Verantwortung\"}]},{\"@type\":\"WebSite\",\"@id\":\"https:\/\/mylaps.com\/de\/#website\",\"url\":\"https:\/\/mylaps.com\/de\/\",\"name\":\"MYLAPS\",\"description\":\"MYLAPS Sports Timing - The Industry&#039;s Most Reliable and Accurate Timing and Data Solutions\",\"potentialAction\":[{\"@type\":\"SearchAction\",\"target\":{\"@type\":\"EntryPoint\",\"urlTemplate\":\"https:\/\/mylaps.com\/de\/?s={search_term_string}\"},\"query-input\":{\"@type\":\"PropertyValueSpecification\",\"valueRequired\":true,\"valueName\":\"search_term_string\"}}],\"inLanguage\":\"en-US\"}]}<\/script>\n<!-- \/ Yoast SEO Premium plugin. -->","yoast_head_json":{"title":"Verantwortung - MYLAPS - German","description":"Als Weltmarktf\u00fchrer im Bereich der Sportzeitmessung und mit Innovation in unserer DNA haben wir die Verantwortung und den Ehrgeiz, zu einer besseren Welt beizutragen.","robots":{"index":"index","follow":"follow","max-snippet":"max-snippet:-1","max-image-preview":"max-image-preview:large","max-video-preview":"max-video-preview:-1"},"canonical":"https:\/\/mylaps.com\/de\/uber-uns\/verantwortung\/","og_locale":"en_US","og_type":"article","og_title":"Verantwortung","og_description":"Als Weltmarktf\u00fchrer im Bereich der Sportzeitmessung und mit Innovation in unserer DNA haben wir die Verantwortung und den Ehrgeiz, zu einer besseren Welt beizutragen.","og_url":"https:\/\/mylaps.com\/de\/uber-uns\/verantwortung\/","og_site_name":"MYLAPS - German","article_modified_time":"2026-03-24T13:17:49+00:00","og_image":[{"width":1004,"height":864,"url":"https:\/\/mylaps.com\/wp-content\/uploads\/2025\/01\/Time-For-a-Better-Wolrd-1536x864.png-e1736353566661.png","type":"image\/png"}],"twitter_card":"summary_large_image","twitter_misc":{"Est. reading time":"3 minutes"},"schema":{"@context":"https:\/\/schema.org","@graph":[{"@type":"WebPage","@id":"https:\/\/mylaps.com\/de\/uber-uns\/verantwortung\/","url":"https:\/\/mylaps.com\/de\/uber-uns\/verantwortung\/","name":"Verantwortung - MYLAPS - German","isPartOf":{"@id":"https:\/\/mylaps.com\/de\/#website"},"primaryImageOfPage":{"@id":"https:\/\/mylaps.com\/de\/uber-uns\/verantwortung\/#primaryimage"},"image":{"@id":"https:\/\/mylaps.com\/de\/uber-uns\/verantwortung\/#primaryimage"},"thumbnailUrl":"https:\/\/mylaps.com\/wp-content\/uploads\/2025\/01\/Time-For-a-Better-Wolrd-1536x864.png-e1736353566661.png","datePublished":"2024-12-09T14:13:53+00:00","dateModified":"2026-03-24T13:17:49+00:00","description":"Als Weltmarktf\u00fchrer im Bereich der Sportzeitmessung und mit Innovation in unserer DNA haben wir die Verantwortung und den Ehrgeiz, zu einer besseren Welt beizutragen.","breadcrumb":{"@id":"https:\/\/mylaps.com\/de\/uber-uns\/verantwortung\/#breadcrumb"},"inLanguage":"en-US","potentialAction":[{"@type":"ReadAction","target":["https:\/\/mylaps.com\/de\/uber-uns\/verantwortung\/"]}]},{"@type":"ImageObject","inLanguage":"en-US","@id":"https:\/\/mylaps.com\/de\/uber-uns\/verantwortung\/#primaryimage","url":"https:\/\/mylaps.com\/wp-content\/uploads\/2025\/01\/Time-For-a-Better-Wolrd-1536x864.png-e1736353566661.png","contentUrl":"https:\/\/mylaps.com\/wp-content\/uploads\/2025\/01\/Time-For-a-Better-Wolrd-1536x864.png-e1736353566661.png","width":1004,"height":864},{"@type":"BreadcrumbList","@id":"https:\/\/mylaps.com\/de\/uber-uns\/verantwortung\/#breadcrumb","itemListElement":[{"@type":"ListItem","position":1,"name":"Home","item":"https:\/\/mylaps.com\/de\/"},{"@type":"ListItem","position":2,"name":"\u00dcber uns","item":"https:\/\/mylaps.com\/de\/uber-uns\/"},{"@type":"ListItem","position":3,"name":"Verantwortung"}]},{"@type":"WebSite","@id":"https:\/\/mylaps.com\/de\/#website","url":"https:\/\/mylaps.com\/de\/","name":"MYLAPS","description":"MYLAPS Sports Timing - The Industry&#039;s Most Reliable and Accurate Timing and Data Solutions","potentialAction":[{"@type":"SearchAction","target":{"@type":"EntryPoint","urlTemplate":"https:\/\/mylaps.com\/de\/?s={search_term_string}"},"query-input":{"@type":"PropertyValueSpecification","valueRequired":true,"valueName":"search_term_string"}}],"inLanguage":"en-US"}]}},"_links":{"self":[{"href":"https:\/\/mylaps.com\/de\/wp-json\/wp\/v2\/pages\/272","targetHints":{"allow":["GET"]}}],"collection":[{"href":"https:\/\/mylaps.com\/de\/wp-json\/wp\/v2\/pages"}],"about":[{"href":"https:\/\/mylaps.com\/de\/wp-json\/wp\/v2\/types\/page"}],"author":[{"embeddable":true,"href":"https:\/\/mylaps.com\/de\/wp-json\/wp\/v2\/users\/3"}],"replies":[{"embeddable":true,"href":"https:\/\/mylaps.com\/de\/wp-json\/wp\/v2\/comments?post=272"}],"version-history":[{"count":10,"href":"https:\/\/mylaps.com\/de\/wp-json\/wp\/v2\/pages\/272\/revisions"}],"predecessor-version":[{"id":42029,"href":"https:\/\/mylaps.com\/de\/wp-json\/wp\/v2\/pages\/272\/revisions\/42029"}],"up":[{"embeddable":true,"href":"https:\/\/mylaps.com\/de\/wp-json\/wp\/v2\/pages\/159"}],"wp:featuredmedia":[{"embeddable":true,"href":"https:\/\/mylaps.com\/de\/wp-json\/wp\/v2\/media\/32740"}],"wp:attachment":[{"href":"https:\/\/mylaps.com\/de\/wp-json\/wp\/v2\/media?parent=272"}],"curies":[{"name":"wp","href":"https:\/\/api.w.org\/{rel}","templated":true}]}}