{"id":315,"date":"2024-12-09T14:33:15","date_gmt":"2024-12-09T14:33:15","guid":{"rendered":"https:\/\/mylaps.com\/?page_id=315"},"modified":"2025-05-14T14:17:30","modified_gmt":"2025-05-14T14:17:30","slug":"jobs-karriere","status":"publish","type":"page","link":"https:\/\/mylaps.com\/de\/uber-uns\/jobs-karriere\/","title":{"rendered":"Jobs &amp; Karriere"},"content":{"rendered":"<div class=\"block hero hero--background-img hero--content-lb\">\n\t<img loading=\"lazy\" decoding=\"async\" width=\"2000\" height=\"1103\" src=\"https:\/\/mylaps.com\/wp-content\/uploads\/2025\/04\/GSM-2024-Group-picture-new-2-2000x1103.jpg\" class=\"hero__background\" alt=\"\" srcset=\"https:\/\/mylaps.com\/wp-content\/uploads\/2025\/04\/GSM-2024-Group-picture-new-2-2000x1103.jpg 2000w, https:\/\/mylaps.com\/wp-content\/uploads\/2025\/04\/GSM-2024-Group-picture-new-2-300x165.jpg 300w, https:\/\/mylaps.com\/wp-content\/uploads\/2025\/04\/GSM-2024-Group-picture-new-2-1024x565.jpg 1024w, https:\/\/mylaps.com\/wp-content\/uploads\/2025\/04\/GSM-2024-Group-picture-new-2-768x424.jpg 768w, https:\/\/mylaps.com\/wp-content\/uploads\/2025\/04\/GSM-2024-Group-picture-new-2-1536x847.jpg 1536w, https:\/\/mylaps.com\/wp-content\/uploads\/2025\/04\/GSM-2024-Group-picture-new-2-2048x1130.jpg 2048w, https:\/\/mylaps.com\/wp-content\/uploads\/2025\/04\/GSM-2024-Group-picture-new-2-750x414.jpg 750w, https:\/\/mylaps.com\/wp-content\/uploads\/2025\/04\/GSM-2024-Group-picture-new-2-400x221.jpg 400w, https:\/\/mylaps.com\/wp-content\/uploads\/2025\/04\/GSM-2024-Group-picture-new-2-181x100.jpg 181w\" sizes=\"auto, (max-width: 2000px) 100vw, 2000px\" \/>\n\t<div class=\"container\">\n\t\t<div class=\"hero__content space-content\">\n\t\t\t\t\t\t\t<h1>\n\t\t\t\t\tJobs\t\t\t\t<\/h1>\n\t\t\t\n\t\t\t<p>MYLAPS ist ein globales Unternehmen mit einer gro\u00dfen Vielfalt an Menschen aus mehr als 22 verschiedenen L\u00e4ndern. Bei MYLAPS zu arbeiten bedeutet, dass Sie zu den bekanntesten Sportveranstaltungen der Welt wie den Olympischen Spielen, vielen gro\u00dfen Marathons und Rennserien wie NASCAR, IndyCar und MotoGP beitragen k\u00f6nnen.<\/p>\n\t\t<\/div>\n\t<\/div>\n<\/div>\n\n\n<div\n\tclass=\"block content bg--white content--align-content-vertically content--cols-2 bg--blank content--arrange-half\"\n\tstyle=\"--cols: 2\">\n\t<div class=\"container\">\n\t\t\t\t\t<div class=\"content__column\">\n\t\t\t\t\t\t\t\t\t<div\n\t\t\t\t\t\t\t\t\t\t\t\tclass=\"content__type--image space-content\">\n\t\t\t\t\t\t\t\t\t\t\t\t\t\t<figure class=\"content__figure\">\n\t\t\t\t\t\t\t\t\t<img loading=\"lazy\" decoding=\"async\" width=\"750\" height=\"500\" src=\"https:\/\/mylaps.com\/wp-content\/uploads\/2024\/12\/Waarderpolder-office-servers-750x500.jpg\" class=\"content__image\" alt=\"\" srcset=\"https:\/\/mylaps.com\/wp-content\/uploads\/2024\/12\/Waarderpolder-office-servers-750x500.jpg 750w, https:\/\/mylaps.com\/wp-content\/uploads\/2024\/12\/Waarderpolder-office-servers-300x200.jpg 300w, https:\/\/mylaps.com\/wp-content\/uploads\/2024\/12\/Waarderpolder-office-servers-768x512.jpg 768w, https:\/\/mylaps.com\/wp-content\/uploads\/2024\/12\/Waarderpolder-office-servers-1024x683.jpg 1024w, https:\/\/mylaps.com\/wp-content\/uploads\/2024\/12\/Waarderpolder-office-servers-400x267.jpg 400w, https:\/\/mylaps.com\/wp-content\/uploads\/2024\/12\/Waarderpolder-office-servers-150x100.jpg 150w, https:\/\/mylaps.com\/wp-content\/uploads\/2024\/12\/Waarderpolder-office-servers.jpg 1500w\" sizes=\"auto, (max-width: 750px) 100vw, 750px\" \/>\t\t\t\t\t\t\t\t<\/figure>\n\t\t\t\t\t\t\t\t\t\t\t\t\t<\/div>\n\t\t\t\t\t\t\t<\/div>\n\t\t\t\t\t<div class=\"content__column\">\n\t\t\t\t\t\t\t\t\t<div\n\t\t\t\t\t\tdata-aos=\"fade-up\"\t\t\t\t\t\tclass=\"content__type--text space-content\">\n\t\t\t\t\t\t<p class=\"label\">Werden Sie Teil unseres Teams<\/p>\n<h2>Wir sind global<\/h2>\n<p>MYLAPS hat derzeit \u00fcber 140 Mitarbeiter auf der ganzen Welt, die aus<span lang=\"EN-US\"> Haarlem und Nijmegen in den Niederlanden sowie aus unsere<\/span> internationalen B\u00fcros <span lang=\"EN-US\">arbeiten, n\u00e4mlich <\/span><span lang=\"EN-US\">Atlanta, USA; <\/span>Sydney, Australien; Tokyo<span lang=\"EN-US\">, Japan; <\/span>Beijing,<span lang=\"EN-US\"> China und<\/span> Kuala Lumpur, Malaysia<span lang=\"EN-US\">. <\/span>Wir arbeiten auf der Grundlage unserer drei Werte: MY Passion, MY Responsibility und MY Teamwork. MYLAPS hat eine professionelle und informelle Struktur, und wir sehen jeden Tag als eine Gelegenheit, besser zu sein als gestern, denn die sportliche Mentalit\u00e4t ist in unserer DNA.<\/p>\n\t\t\t\t\t<\/div>\n\t\t\t\t\t\t\t<\/div>\n\t\t\t<\/div>\n<\/div>\n\n\n<div\n\tclass=\"block content bg--white content--flip-columns-on-mobile content--align-content-vertically content--cols-1 bg--blank content--arrange-half\"\n\tstyle=\"--cols: 1\">\n\t<div class=\"container--small\">\n\t\t\t\t\t<div class=\"content__column\">\n\t\t\t\t\t\t\t\t\t<div\n\t\t\t\t\t\tdata-aos=\"fade-up\"\t\t\t\t\t\tclass=\"content__type--text space-content\">\n\t\t\t\t\t\t<h2>Werden Sie Teil unseres Teams<\/h2>\n<h4>Aktuelle Stellenangebote:<\/h4>\n\t\t\t\t\t<\/div>\n\t\t\t\t\t\t\t\t\t<div\n\t\t\t\t\t\t\t\t\t\t\t\tclass=\"content__type--cats_jobs_widget space-content\">\n\t\t\t\t\t\t\n\t\t\t\t\t\t\t\t\t<!-- Start CATS job widget v2 --><\/p>\n\t\t\t\t\t\t\t\t\t<div id=\"cats-portal-widget\"><\/div>\n\t\t\t\t\t\t\t\t\t<script>\n\t\t\t\t\t\t\t\t\t\twindow.cjw=window.cjw||function(){(cjw.instance=cjw.instance||[]).push(arguments[0])};\n\t\t\t\t\t\t\t\t\t\tcjw(\n\t\t\t\t\t\t\t\t\t\t\t{\"id\":\"\",\"domain\":\"catsone.nl\",\"subdomain\":\"mylaps\",\"target\":\"#cats-portal-widget\"}\t\t\t\t\t\t\t\t\t\t);\n\t\t\t\t\t\t\t\t\t<\/script>\n                                    \t\t\t\t\t\t\t\t\t<script async src=\"https:\/\/app.catsone.com\/resources\/entry-jobwidget.js\"><\/script><br \/>\n\t\t\t\t\t\t\t\t\t<!-- End CATS job widget -->\n\n\t\t\t\t\t\t\t\t\t\t\t\t\t\t<\/div>\n\t\t\t\t\t\t\t<\/div>\n\t\t\t<\/div>\n<\/div>\n\n\n\n\n<div\n\tclass=\"block content bg--white content--cols-1 bg--blank content--arrange-half\"\n\tstyle=\"--cols: 1\">\n\t<div class=\"container--small\">\n\t\t\t\t\t<div class=\"content__column\">\n\t\t\t\t\t\t\t\t\t<div\n\t\t\t\t\t\tdata-aos=\"fade-up\"\t\t\t\t\t\tclass=\"content__type--text space-content\">\n\t\t\t\t\t\t<p style='text-align: center'>Bitte beachten Sie, dass wir mit einer Politik des bevorzugten Anbieters arbeiten und wir daher alle anderen Personalvermittler bitten, von einer Kontaktaufnahme mit uns abzusehen.<\/p>\n<p style='text-align: center'>Danke, dass Sie unsere Politik respektieren.<\/p>\n\t\t\t\t\t<\/div>\n\t\t\t\t\t\t\t<\/div>\n\t\t\t<\/div>\n<\/div>\n","protected":false},"excerpt":{"rendered":"<p>Jobs MYLAPS ist ein globales Unternehmen mit einer gro\u00dfen Vielfalt an Mitarbeitern aus mehr als 22 verschiedenen L\u00e4ndern. Bei MYLAPS zu arbeiten bedeutet, dass Sie zu den bekanntesten Sportereignissen der Welt wie den Olympischen Spielen, vielen gro\u00dfen Marathons und Rennserien wie NASCAR, IndyCar und MotoGP beitragen k\u00f6nnen. Schlie\u00dfen Sie sich unserem Team an Wir sind ein globales Unternehmen MYLAPS besch\u00e4ftigt derzeit mehr als 140 Mitarbeiter auf der ganzen Welt, die in Haarlem und Nijmegen in den Niederlanden und in internationalen B\u00fcros in Atlanta (USA), Sydney (Australien), Tokio (Japan), Peking (China) und Kuala Lumpur (Malaysia) arbeiten. Wir arbeiten auf der Grundlage unserer drei Werte: MY Passion, MY Responsibility und MY Teamwork. MYLAPS hat eine [&#8230;]<\/p>\n","protected":false},"author":3,"featured_media":317,"parent":159,"menu_order":0,"comment_status":"closed","ping_status":"closed","template":"","meta":{"_acf_changed":false,"content-type":"","_trash_the_other_posts":false,"editor_notices":[],"footnotes":""},"class_list":["post-315","page","type-page","status-publish","has-post-thumbnail","hentry"],"acf":[],"yoast_head":"<!-- This site is optimized with the Yoast SEO Premium plugin v27.0 (Yoast SEO v27.0) - https:\/\/yoast.com\/product\/yoast-seo-premium-wordpress\/ -->\n<title>Jobs &amp; Karriere - MYLAPS - German<\/title>\n<meta name=\"description\" content=\"MYLAPS ist ein globales Unternehmen mit Mitarbeitern aus mehr als 22 L\u00e4ndern. Bei MYLAPS zu arbeiten bedeutet, dass Sie zu den bekanntesten Sportereignissen der Welt beitragen k\u00f6nnen.\" \/>\n<meta name=\"robots\" content=\"index, follow, max-snippet:-1, max-image-preview:large, max-video-preview:-1\" \/>\n<link rel=\"canonical\" href=\"https:\/\/mylaps.com\/de\/uber-uns\/jobs-karriere\/\" \/>\n<meta property=\"og:locale\" content=\"en_US\" \/>\n<meta property=\"og:type\" content=\"article\" \/>\n<meta property=\"og:title\" content=\"Jobs &amp; Karriere\" \/>\n<meta property=\"og:description\" content=\"MYLAPS ist ein globales Unternehmen mit Mitarbeitern aus mehr als 22 L\u00e4ndern. Bei MYLAPS zu arbeiten bedeutet, dass Sie zu den bekanntesten Sportereignissen der Welt beitragen k\u00f6nnen.\" \/>\n<meta property=\"og:url\" content=\"https:\/\/mylaps.com\/de\/uber-uns\/jobs-karriere\/\" \/>\n<meta property=\"og:site_name\" content=\"MYLAPS - German\" \/>\n<meta property=\"article:modified_time\" content=\"2025-05-14T14:17:30+00:00\" \/>\n<meta property=\"og:image\" content=\"https:\/\/mylaps.com\/wp-content\/uploads\/2024\/12\/Waarderpolder-office-servers.jpg\" \/>\n\t<meta property=\"og:image:width\" content=\"1500\" \/>\n\t<meta property=\"og:image:height\" content=\"1000\" \/>\n\t<meta property=\"og:image:type\" content=\"image\/jpeg\" \/>\n<meta name=\"twitter:card\" content=\"summary_large_image\" \/>\n<meta name=\"twitter:label1\" content=\"Est. reading time\" \/>\n\t<meta name=\"twitter:data1\" content=\"2 minutes\" \/>\n<script type=\"application\/ld+json\" class=\"yoast-schema-graph\">{\"@context\":\"https:\/\/schema.org\",\"@graph\":[{\"@type\":\"WebPage\",\"@id\":\"https:\/\/mylaps.com\/de\/uber-uns\/jobs-karriere\/\",\"url\":\"https:\/\/mylaps.com\/de\/uber-uns\/jobs-karriere\/\",\"name\":\"Jobs &amp; Karriere - MYLAPS - German\",\"isPartOf\":{\"@id\":\"https:\/\/mylaps.com\/de\/#website\"},\"primaryImageOfPage\":{\"@id\":\"https:\/\/mylaps.com\/de\/uber-uns\/jobs-karriere\/#primaryimage\"},\"image\":{\"@id\":\"https:\/\/mylaps.com\/de\/uber-uns\/jobs-karriere\/#primaryimage\"},\"thumbnailUrl\":\"https:\/\/mylaps.com\/wp-content\/uploads\/2024\/12\/Waarderpolder-office-servers.jpg\",\"datePublished\":\"2024-12-09T14:33:15+00:00\",\"dateModified\":\"2025-05-14T14:17:30+00:00\",\"description\":\"MYLAPS ist ein globales Unternehmen mit Mitarbeitern aus mehr als 22 L\u00e4ndern. Bei MYLAPS zu arbeiten bedeutet, dass Sie zu den bekanntesten Sportereignissen der Welt beitragen k\u00f6nnen.\",\"breadcrumb\":{\"@id\":\"https:\/\/mylaps.com\/de\/uber-uns\/jobs-karriere\/#breadcrumb\"},\"inLanguage\":\"en-US\",\"potentialAction\":[{\"@type\":\"ReadAction\",\"target\":[\"https:\/\/mylaps.com\/de\/uber-uns\/jobs-karriere\/\"]}]},{\"@type\":\"ImageObject\",\"inLanguage\":\"en-US\",\"@id\":\"https:\/\/mylaps.com\/de\/uber-uns\/jobs-karriere\/#primaryimage\",\"url\":\"https:\/\/mylaps.com\/wp-content\/uploads\/2024\/12\/Waarderpolder-office-servers.jpg\",\"contentUrl\":\"https:\/\/mylaps.com\/wp-content\/uploads\/2024\/12\/Waarderpolder-office-servers.jpg\",\"width\":1500,\"height\":1000},{\"@type\":\"BreadcrumbList\",\"@id\":\"https:\/\/mylaps.com\/de\/uber-uns\/jobs-karriere\/#breadcrumb\",\"itemListElement\":[{\"@type\":\"ListItem\",\"position\":1,\"name\":\"Home\",\"item\":\"https:\/\/mylaps.com\/de\/\"},{\"@type\":\"ListItem\",\"position\":2,\"name\":\"\u00dcber uns\",\"item\":\"https:\/\/mylaps.com\/de\/uber-uns\/\"},{\"@type\":\"ListItem\",\"position\":3,\"name\":\"Jobs &amp; Karriere\"}]},{\"@type\":\"WebSite\",\"@id\":\"https:\/\/mylaps.com\/de\/#website\",\"url\":\"https:\/\/mylaps.com\/de\/\",\"name\":\"MYLAPS\",\"description\":\"MYLAPS Sports Timing - The Industry&#039;s Most Reliable and Accurate Timing and Data Solutions\",\"potentialAction\":[{\"@type\":\"SearchAction\",\"target\":{\"@type\":\"EntryPoint\",\"urlTemplate\":\"https:\/\/mylaps.com\/de\/?s={search_term_string}\"},\"query-input\":{\"@type\":\"PropertyValueSpecification\",\"valueRequired\":true,\"valueName\":\"search_term_string\"}}],\"inLanguage\":\"en-US\"}]}<\/script>\n<!-- \/ Yoast SEO Premium plugin. -->","yoast_head_json":{"title":"Jobs &amp; Karriere - MYLAPS - German","description":"MYLAPS ist ein globales Unternehmen mit Mitarbeitern aus mehr als 22 L\u00e4ndern. Bei MYLAPS zu arbeiten bedeutet, dass Sie zu den bekanntesten Sportereignissen der Welt beitragen k\u00f6nnen.","robots":{"index":"index","follow":"follow","max-snippet":"max-snippet:-1","max-image-preview":"max-image-preview:large","max-video-preview":"max-video-preview:-1"},"canonical":"https:\/\/mylaps.com\/de\/uber-uns\/jobs-karriere\/","og_locale":"en_US","og_type":"article","og_title":"Jobs &amp; Karriere","og_description":"MYLAPS ist ein globales Unternehmen mit Mitarbeitern aus mehr als 22 L\u00e4ndern. Bei MYLAPS zu arbeiten bedeutet, dass Sie zu den bekanntesten Sportereignissen der Welt beitragen k\u00f6nnen.","og_url":"https:\/\/mylaps.com\/de\/uber-uns\/jobs-karriere\/","og_site_name":"MYLAPS - German","article_modified_time":"2025-05-14T14:17:30+00:00","og_image":[{"width":1500,"height":1000,"url":"https:\/\/mylaps.com\/wp-content\/uploads\/2024\/12\/Waarderpolder-office-servers.jpg","type":"image\/jpeg"}],"twitter_card":"summary_large_image","twitter_misc":{"Est. reading time":"2 minutes"},"schema":{"@context":"https:\/\/schema.org","@graph":[{"@type":"WebPage","@id":"https:\/\/mylaps.com\/de\/uber-uns\/jobs-karriere\/","url":"https:\/\/mylaps.com\/de\/uber-uns\/jobs-karriere\/","name":"Jobs &amp; Karriere - MYLAPS - German","isPartOf":{"@id":"https:\/\/mylaps.com\/de\/#website"},"primaryImageOfPage":{"@id":"https:\/\/mylaps.com\/de\/uber-uns\/jobs-karriere\/#primaryimage"},"image":{"@id":"https:\/\/mylaps.com\/de\/uber-uns\/jobs-karriere\/#primaryimage"},"thumbnailUrl":"https:\/\/mylaps.com\/wp-content\/uploads\/2024\/12\/Waarderpolder-office-servers.jpg","datePublished":"2024-12-09T14:33:15+00:00","dateModified":"2025-05-14T14:17:30+00:00","description":"MYLAPS ist ein globales Unternehmen mit Mitarbeitern aus mehr als 22 L\u00e4ndern. Bei MYLAPS zu arbeiten bedeutet, dass Sie zu den bekanntesten Sportereignissen der Welt beitragen k\u00f6nnen.","breadcrumb":{"@id":"https:\/\/mylaps.com\/de\/uber-uns\/jobs-karriere\/#breadcrumb"},"inLanguage":"en-US","potentialAction":[{"@type":"ReadAction","target":["https:\/\/mylaps.com\/de\/uber-uns\/jobs-karriere\/"]}]},{"@type":"ImageObject","inLanguage":"en-US","@id":"https:\/\/mylaps.com\/de\/uber-uns\/jobs-karriere\/#primaryimage","url":"https:\/\/mylaps.com\/wp-content\/uploads\/2024\/12\/Waarderpolder-office-servers.jpg","contentUrl":"https:\/\/mylaps.com\/wp-content\/uploads\/2024\/12\/Waarderpolder-office-servers.jpg","width":1500,"height":1000},{"@type":"BreadcrumbList","@id":"https:\/\/mylaps.com\/de\/uber-uns\/jobs-karriere\/#breadcrumb","itemListElement":[{"@type":"ListItem","position":1,"name":"Home","item":"https:\/\/mylaps.com\/de\/"},{"@type":"ListItem","position":2,"name":"\u00dcber uns","item":"https:\/\/mylaps.com\/de\/uber-uns\/"},{"@type":"ListItem","position":3,"name":"Jobs &amp; Karriere"}]},{"@type":"WebSite","@id":"https:\/\/mylaps.com\/de\/#website","url":"https:\/\/mylaps.com\/de\/","name":"MYLAPS","description":"MYLAPS Sports Timing - The Industry&#039;s Most Reliable and Accurate Timing and Data Solutions","potentialAction":[{"@type":"SearchAction","target":{"@type":"EntryPoint","urlTemplate":"https:\/\/mylaps.com\/de\/?s={search_term_string}"},"query-input":{"@type":"PropertyValueSpecification","valueRequired":true,"valueName":"search_term_string"}}],"inLanguage":"en-US"}]}},"_links":{"self":[{"href":"https:\/\/mylaps.com\/de\/wp-json\/wp\/v2\/pages\/315","targetHints":{"allow":["GET"]}}],"collection":[{"href":"https:\/\/mylaps.com\/de\/wp-json\/wp\/v2\/pages"}],"about":[{"href":"https:\/\/mylaps.com\/de\/wp-json\/wp\/v2\/types\/page"}],"author":[{"embeddable":true,"href":"https:\/\/mylaps.com\/de\/wp-json\/wp\/v2\/users\/3"}],"replies":[{"embeddable":true,"href":"https:\/\/mylaps.com\/de\/wp-json\/wp\/v2\/comments?post=315"}],"version-history":[{"count":10,"href":"https:\/\/mylaps.com\/de\/wp-json\/wp\/v2\/pages\/315\/revisions"}],"predecessor-version":[{"id":35722,"href":"https:\/\/mylaps.com\/de\/wp-json\/wp\/v2\/pages\/315\/revisions\/35722"}],"up":[{"embeddable":true,"href":"https:\/\/mylaps.com\/de\/wp-json\/wp\/v2\/pages\/159"}],"wp:featuredmedia":[{"embeddable":true,"href":"https:\/\/mylaps.com\/de\/wp-json\/wp\/v2\/media\/317"}],"wp:attachment":[{"href":"https:\/\/mylaps.com\/de\/wp-json\/wp\/v2\/media?parent=315"}],"curies":[{"name":"wp","href":"https:\/\/api.w.org\/{rel}","templated":true}]}}