{"id":321,"date":"2024-12-09T15:26:46","date_gmt":"2024-12-09T15:26:46","guid":{"rendered":"https:\/\/mylaps.com\/?page_id=321"},"modified":"2025-08-29T06:18:24","modified_gmt":"2025-08-29T06:18:24","slug":"buros","status":"publish","type":"page","link":"https:\/\/mylaps.com\/de\/uber-uns\/buros\/","title":{"rendered":"B\u00fcros"},"content":{"rendered":"<div class=\"block hero hero--background-img hero--content-lb\">\n\t<img loading=\"lazy\" decoding=\"async\" width=\"2000\" height=\"1258\" src=\"https:\/\/mylaps.com\/wp-content\/uploads\/2025\/01\/pand-met-logo-2000x1258.jpg\" class=\"hero__background\" alt=\"\" srcset=\"https:\/\/mylaps.com\/wp-content\/uploads\/2025\/01\/pand-met-logo-2000x1258.jpg 2000w, https:\/\/mylaps.com\/wp-content\/uploads\/2025\/01\/pand-met-logo-300x189.jpg 300w, https:\/\/mylaps.com\/wp-content\/uploads\/2025\/01\/pand-met-logo-1024x644.jpg 1024w, https:\/\/mylaps.com\/wp-content\/uploads\/2025\/01\/pand-met-logo-768x483.jpg 768w, https:\/\/mylaps.com\/wp-content\/uploads\/2025\/01\/pand-met-logo-1536x966.jpg 1536w, https:\/\/mylaps.com\/wp-content\/uploads\/2025\/01\/pand-met-logo-2048x1288.jpg 2048w, https:\/\/mylaps.com\/wp-content\/uploads\/2025\/01\/pand-met-logo-750x472.jpg 750w, https:\/\/mylaps.com\/wp-content\/uploads\/2025\/01\/pand-met-logo-400x252.jpg 400w, https:\/\/mylaps.com\/wp-content\/uploads\/2025\/01\/pand-met-logo-159x100.jpg 159w\" sizes=\"auto, (max-width: 2000px) 100vw, 2000px\" \/>\n\t<div class=\"container\">\n\t\t<div class=\"hero__content space-content\">\n\t\t\t\t\t\t\t<h1>\n\t\t\t\t\tB\u00fcros\t\t\t\t<\/h1>\n\t\t\t\n\t\t\t<p>Wir sind ein globales Unternehmen mit einer wachsenden Pr\u00e4senz \u00fcberall. Unser Hauptsitz befindet sich in Haarlem, Niederlande, und arbeiten auch durch Niederlassungen in China, Japan, Malaysia, Australien und den USA. Von diesen internationalen B\u00fcros aus sind wir in der Lage, alle Kontinente zu bedienen. Nachfolgend finden Sie eine \u00dcbersicht von unsere Standorte.<\/p>\n\t\t<\/div>\n\t<\/div>\n<\/div>\n\n\n<div\n\tclass=\"block content bg--white content--cols-2 bg--blank content--arrange-half\"\n\tstyle=\"--cols: 2\">\n\t<div class=\"container\">\n\t\t\t\t\t<div class=\"content__column\">\n\t\t\t\t\t\t\t\t\t<div\n\t\t\t\t\t\tdata-aos=\"fade-up\"\t\t\t\t\t\tclass=\"content__type--text space-content\">\n\t\t\t\t\t\t<h3>MYLAPS Europa, Naher Osten and Afrika<\/h3>\n<p>MYLAPS Headquarters<\/p>\n<p>Zuiderhoutlaan 4<\/p>\n<p>2012 PJ Haarlem<\/p>\n<p>Niederlande<\/p>\n<p>Telefon: +31 (0)23 760 0100<\/p>\n<p><a href=\"mailto:info@mylaps.com\">info@mylaps.com<\/a><\/p>\n<p>Nummer der Handelskammer (Kamer van Koophandel) = 34053090<\/p>\n<p>BTW-Nummer = VAT-Nummer = NL 8062.91.886B01 (gilt nur f\u00fcr das niederl\u00e4ndische B\u00fcro, MYLAPS BV)<\/p>\n<h3>MYLAPS Asien<\/h3>\n<div>Suite C104, First Floor, Central Wing<\/div>\n<div>Wisma Consplant 1<\/div>\n<div>No. 2, Jalan SS16\/4<\/div>\n<div>47500 Subang Jaya<\/div>\n<div>Selangor, Malaysia<\/div>\n<div>Telefon: +60 330101258<\/div>\n<div><a href=\"mailto:info.asia@mylaps.com\">info.asia@mylaps.com<\/a><\/div>\n<h3>MYLAPS Japan<\/h3>\n<p>The Open House 202<\/p>\n<p>1-4-23 Higashi, Shibuya-ku<\/p>\n<p>Tokyo, 150-0011 JAPAN<\/p>\n<p>Telefon: +81-(0)3-6418-8209<\/p>\n<p><a href=\"mailto:info.japan@mylaps.com\">info.japan@mylaps.com<\/a><\/p>\n<h3>MYLAPS Produktion und Logistik<\/h3>\n<p>Reparatur- und R\u00fccksendeadresse f\u00fcr Europa, den Nahen Osten und Afrika<\/p>\n<p>A. Hofmanweg 50<\/p>\n<p>2031 BL Haarlem<\/p>\n<p>Niederlande<\/p>\n\t\t\t\t\t<\/div>\n\t\t\t\t\t\t\t<\/div>\n\t\t\t\t\t<div class=\"content__column\">\n\t\t\t\t\t\t\t\t\t<div\n\t\t\t\t\t\tdata-aos=\"fade-up\"\t\t\t\t\t\tclass=\"content__type--text space-content\">\n\t\t\t\t\t\t<h3>MYLAPS Nord- und S\u00fcdamerika<\/h3>\n<p>2030 Powers Ferry Road (South East)<\/p>\n<p>Suite 110<\/p>\n<p>Atlanta, GA 30339<\/p>\n<p>Vereinigte Staaten von Amerika<\/p>\n<p>Telefon: +1 (678) 816-4000<\/p>\n<p><a href=\"mailto:info.americas@mylaps.com\">info.americas@mylaps.com<\/a><\/p>\n<h3>MYLAPS Australien und Asien-Pazifik<\/h3>\n<p>Suite 10\/33 Waterloo Rd, Macquarie Park<\/p>\n<p>NSW, 2113<\/p>\n<p>Australien<\/p>\n<p>Telefon: <span data-olk-copy-source=\"MessageBody\">+61 2 5005 7690<\/span><\/p>\n<p><a href=\"mailto:info.asia.pacific@mylaps.com\">info.asia.pacific@mylaps.com<\/a><\/p>\n<h3>MYLAPS China<\/h3>\n<p>Kevin Wang<\/p>\n<p>Beijing, China<\/p>\n<p><a href=\"mailto:kevin.wang@mylaps.com\">kevin.wang@mylaps.com<\/a><\/p>\n<h3>MYLAPS Timing Services<\/h3>\n<p>Industrieweg 50 &#8211; C1<\/p>\n<p>6541 TW Nijmegen<\/p>\n<p><a href=\"mailto:infonl@mylaps.com\">infonl@mylaps.com<\/a><\/p>\n\t\t\t\t\t<\/div>\n\t\t\t\t\t\t\t<\/div>\n\t\t\t<\/div>\n<\/div>\n\n\n<div class=\"block hero hero--background-img\">\n\t<img loading=\"lazy\" decoding=\"async\" width=\"2000\" height=\"842\" src=\"https:\/\/mylaps.com\/wp-content\/uploads\/2025\/06\/21897_MYLAPS_Worldmap_Offices-desktop_2000x842px-2.svg\" class=\"hero__background\" alt=\"MYLAPS Offices World Map\" \/><img loading=\"lazy\" decoding=\"async\" width=\"750\" height=\"1332\" src=\"https:\/\/mylaps.com\/wp-content\/uploads\/2025\/06\/21897_MYLAPS_Worldmap_Offices-mobile_412x732px-2-750x1332.jpg\" class=\"hero__background--mobile\" alt=\"MYLAPS Offices World Map\" srcset=\"https:\/\/mylaps.com\/wp-content\/uploads\/2025\/06\/21897_MYLAPS_Worldmap_Offices-mobile_412x732px-2-750x1332.jpg 750w, https:\/\/mylaps.com\/wp-content\/uploads\/2025\/06\/21897_MYLAPS_Worldmap_Offices-mobile_412x732px-2-169x300.jpg 169w, https:\/\/mylaps.com\/wp-content\/uploads\/2025\/06\/21897_MYLAPS_Worldmap_Offices-mobile_412x732px-2-576x1024.jpg 576w, https:\/\/mylaps.com\/wp-content\/uploads\/2025\/06\/21897_MYLAPS_Worldmap_Offices-mobile_412x732px-2-768x1364.jpg 768w, https:\/\/mylaps.com\/wp-content\/uploads\/2025\/06\/21897_MYLAPS_Worldmap_Offices-mobile_412x732px-2-865x1536.jpg 865w, https:\/\/mylaps.com\/wp-content\/uploads\/2025\/06\/21897_MYLAPS_Worldmap_Offices-mobile_412x732px-2-1153x2048.jpg 1153w, https:\/\/mylaps.com\/wp-content\/uploads\/2025\/06\/21897_MYLAPS_Worldmap_Offices-mobile_412x732px-2-400x711.jpg 400w, https:\/\/mylaps.com\/wp-content\/uploads\/2025\/06\/21897_MYLAPS_Worldmap_Offices-mobile_412x732px-2-56x100.jpg 56w, https:\/\/mylaps.com\/wp-content\/uploads\/2025\/06\/21897_MYLAPS_Worldmap_Offices-mobile_412x732px-2.jpg 1441w\" sizes=\"auto, (max-width: 750px) 100vw, 750px\" \/>\n\t<div class=\"container\">\n\t\t<div class=\"hero__content space-content\">\n\t\t\t\n\t\t\t\t\t<\/div>\n\t<\/div>\n<\/div>\n","protected":false},"excerpt":{"rendered":"<p>B\u00fcros Wir sind ein globales Unternehmen mit einer wachsenden Pr\u00e4senz in den Schwellenl\u00e4ndern. Unser Hauptsitz befindet sich in Haarlem, Niederlande, und wir haben auch Einrichtungen und B\u00fcros in China, Japan, Malaysia, Australien und den USA. Von diesen internationalen B\u00fcros aus sind wir in der Lage, alle Kontinente der Welt zu bedienen. Nachfolgend finden Sie eine \u00dcbersicht \u00fcber unsere Niederlassungen. MYLAPS Europa, Naher Osten und Afrika MYLAPS Hauptsitz Zuiderhoutlaan 4 2012 PJ Haarlem Die Niederlande Telefon: +31 (0)23 760 0100 Fax: +31 (0)23 529 0156 info@mylaps.com Kamer van Koophandel nummer = 34053090 BTW nummer = VAT number = NL 8062.91.886B01 (gilt nur f\u00fcr [&#8230;]<\/p>\n","protected":false},"author":3,"featured_media":35730,"parent":159,"menu_order":0,"comment_status":"closed","ping_status":"closed","template":"","meta":{"_acf_changed":false,"content-type":"","_trash_the_other_posts":false,"editor_notices":[],"footnotes":""},"class_list":["post-321","page","type-page","status-publish","has-post-thumbnail","hentry"],"acf":[],"yoast_head":"<!-- This site is optimized with the Yoast SEO Premium plugin v27.0 (Yoast SEO v27.0) - https:\/\/yoast.com\/product\/yoast-seo-premium-wordpress\/ -->\n<title>B\u00fcros - MYLAPS - German<\/title>\n<meta name=\"description\" content=\"Wir sind ein globales Unternehmen mit Niederlassungen in den Niederlanden, China, Japan, Malaysia, Australien und den USA.\" \/>\n<meta name=\"robots\" content=\"index, follow, max-snippet:-1, max-image-preview:large, max-video-preview:-1\" \/>\n<link rel=\"canonical\" href=\"https:\/\/mylaps.com\/de\/uber-uns\/buros\/\" \/>\n<meta property=\"og:locale\" content=\"en_US\" \/>\n<meta property=\"og:type\" content=\"article\" \/>\n<meta property=\"og:title\" content=\"B\u00fcros\" \/>\n<meta property=\"og:description\" content=\"Wir sind ein globales Unternehmen mit Niederlassungen in den Niederlanden, China, Japan, Malaysia, Australien und den USA.\" \/>\n<meta property=\"og:url\" content=\"https:\/\/mylaps.com\/de\/uber-uns\/buros\/\" \/>\n<meta property=\"og:site_name\" content=\"MYLAPS - German\" \/>\n<meta property=\"article:modified_time\" content=\"2025-08-29T06:18:24+00:00\" \/>\n<meta name=\"twitter:card\" content=\"summary_large_image\" \/>\n<meta name=\"twitter:label1\" content=\"Est. reading time\" \/>\n\t<meta name=\"twitter:data1\" content=\"2 minutes\" \/>\n<script type=\"application\/ld+json\" class=\"yoast-schema-graph\">{\"@context\":\"https:\/\/schema.org\",\"@graph\":[{\"@type\":\"WebPage\",\"@id\":\"https:\/\/mylaps.com\/de\/uber-uns\/buros\/\",\"url\":\"https:\/\/mylaps.com\/de\/uber-uns\/buros\/\",\"name\":\"B\u00fcros - MYLAPS - German\",\"isPartOf\":{\"@id\":\"https:\/\/mylaps.com\/de\/#website\"},\"primaryImageOfPage\":{\"@id\":\"https:\/\/mylaps.com\/de\/uber-uns\/buros\/#primaryimage\"},\"image\":{\"@id\":\"https:\/\/mylaps.com\/de\/uber-uns\/buros\/#primaryimage\"},\"thumbnailUrl\":\"https:\/\/mylaps.com\/wp-content\/uploads\/2025\/06\/21897_MYLAPS_Worldmap_Offices-desktop_2000x842px-2.svg\",\"datePublished\":\"2024-12-09T15:26:46+00:00\",\"dateModified\":\"2025-08-29T06:18:24+00:00\",\"description\":\"Wir sind ein globales Unternehmen mit Niederlassungen in den Niederlanden, China, Japan, Malaysia, Australien und den USA.\",\"breadcrumb\":{\"@id\":\"https:\/\/mylaps.com\/de\/uber-uns\/buros\/#breadcrumb\"},\"inLanguage\":\"en-US\",\"potentialAction\":[{\"@type\":\"ReadAction\",\"target\":[\"https:\/\/mylaps.com\/de\/uber-uns\/buros\/\"]}]},{\"@type\":\"ImageObject\",\"inLanguage\":\"en-US\",\"@id\":\"https:\/\/mylaps.com\/de\/uber-uns\/buros\/#primaryimage\",\"url\":\"https:\/\/mylaps.com\/wp-content\/uploads\/2025\/06\/21897_MYLAPS_Worldmap_Offices-desktop_2000x842px-2.svg\",\"contentUrl\":\"https:\/\/mylaps.com\/wp-content\/uploads\/2025\/06\/21897_MYLAPS_Worldmap_Offices-desktop_2000x842px-2.svg\",\"width\":2000,\"height\":842,\"caption\":\"MYLAPS Offices World Map\"},{\"@type\":\"BreadcrumbList\",\"@id\":\"https:\/\/mylaps.com\/de\/uber-uns\/buros\/#breadcrumb\",\"itemListElement\":[{\"@type\":\"ListItem\",\"position\":1,\"name\":\"Home\",\"item\":\"https:\/\/mylaps.com\/de\/\"},{\"@type\":\"ListItem\",\"position\":2,\"name\":\"\u00dcber uns\",\"item\":\"https:\/\/mylaps.com\/de\/uber-uns\/\"},{\"@type\":\"ListItem\",\"position\":3,\"name\":\"B\u00fcros\"}]},{\"@type\":\"WebSite\",\"@id\":\"https:\/\/mylaps.com\/de\/#website\",\"url\":\"https:\/\/mylaps.com\/de\/\",\"name\":\"MYLAPS\",\"description\":\"MYLAPS Sports Timing - The Industry&#039;s Most Reliable and Accurate Timing and Data Solutions\",\"potentialAction\":[{\"@type\":\"SearchAction\",\"target\":{\"@type\":\"EntryPoint\",\"urlTemplate\":\"https:\/\/mylaps.com\/de\/?s={search_term_string}\"},\"query-input\":{\"@type\":\"PropertyValueSpecification\",\"valueRequired\":true,\"valueName\":\"search_term_string\"}}],\"inLanguage\":\"en-US\"}]}<\/script>\n<!-- \/ Yoast SEO Premium plugin. -->","yoast_head_json":{"title":"B\u00fcros - MYLAPS - German","description":"Wir sind ein globales Unternehmen mit Niederlassungen in den Niederlanden, China, Japan, Malaysia, Australien und den USA.","robots":{"index":"index","follow":"follow","max-snippet":"max-snippet:-1","max-image-preview":"max-image-preview:large","max-video-preview":"max-video-preview:-1"},"canonical":"https:\/\/mylaps.com\/de\/uber-uns\/buros\/","og_locale":"en_US","og_type":"article","og_title":"B\u00fcros","og_description":"Wir sind ein globales Unternehmen mit Niederlassungen in den Niederlanden, China, Japan, Malaysia, Australien und den USA.","og_url":"https:\/\/mylaps.com\/de\/uber-uns\/buros\/","og_site_name":"MYLAPS - German","article_modified_time":"2025-08-29T06:18:24+00:00","twitter_card":"summary_large_image","twitter_misc":{"Est. reading time":"2 minutes"},"schema":{"@context":"https:\/\/schema.org","@graph":[{"@type":"WebPage","@id":"https:\/\/mylaps.com\/de\/uber-uns\/buros\/","url":"https:\/\/mylaps.com\/de\/uber-uns\/buros\/","name":"B\u00fcros - MYLAPS - German","isPartOf":{"@id":"https:\/\/mylaps.com\/de\/#website"},"primaryImageOfPage":{"@id":"https:\/\/mylaps.com\/de\/uber-uns\/buros\/#primaryimage"},"image":{"@id":"https:\/\/mylaps.com\/de\/uber-uns\/buros\/#primaryimage"},"thumbnailUrl":"https:\/\/mylaps.com\/wp-content\/uploads\/2025\/06\/21897_MYLAPS_Worldmap_Offices-desktop_2000x842px-2.svg","datePublished":"2024-12-09T15:26:46+00:00","dateModified":"2025-08-29T06:18:24+00:00","description":"Wir sind ein globales Unternehmen mit Niederlassungen in den Niederlanden, China, Japan, Malaysia, Australien und den USA.","breadcrumb":{"@id":"https:\/\/mylaps.com\/de\/uber-uns\/buros\/#breadcrumb"},"inLanguage":"en-US","potentialAction":[{"@type":"ReadAction","target":["https:\/\/mylaps.com\/de\/uber-uns\/buros\/"]}]},{"@type":"ImageObject","inLanguage":"en-US","@id":"https:\/\/mylaps.com\/de\/uber-uns\/buros\/#primaryimage","url":"https:\/\/mylaps.com\/wp-content\/uploads\/2025\/06\/21897_MYLAPS_Worldmap_Offices-desktop_2000x842px-2.svg","contentUrl":"https:\/\/mylaps.com\/wp-content\/uploads\/2025\/06\/21897_MYLAPS_Worldmap_Offices-desktop_2000x842px-2.svg","width":2000,"height":842,"caption":"MYLAPS Offices World Map"},{"@type":"BreadcrumbList","@id":"https:\/\/mylaps.com\/de\/uber-uns\/buros\/#breadcrumb","itemListElement":[{"@type":"ListItem","position":1,"name":"Home","item":"https:\/\/mylaps.com\/de\/"},{"@type":"ListItem","position":2,"name":"\u00dcber uns","item":"https:\/\/mylaps.com\/de\/uber-uns\/"},{"@type":"ListItem","position":3,"name":"B\u00fcros"}]},{"@type":"WebSite","@id":"https:\/\/mylaps.com\/de\/#website","url":"https:\/\/mylaps.com\/de\/","name":"MYLAPS","description":"MYLAPS Sports Timing - The Industry&#039;s Most Reliable and Accurate Timing and Data Solutions","potentialAction":[{"@type":"SearchAction","target":{"@type":"EntryPoint","urlTemplate":"https:\/\/mylaps.com\/de\/?s={search_term_string}"},"query-input":{"@type":"PropertyValueSpecification","valueRequired":true,"valueName":"search_term_string"}}],"inLanguage":"en-US"}]}},"_links":{"self":[{"href":"https:\/\/mylaps.com\/de\/wp-json\/wp\/v2\/pages\/321","targetHints":{"allow":["GET"]}}],"collection":[{"href":"https:\/\/mylaps.com\/de\/wp-json\/wp\/v2\/pages"}],"about":[{"href":"https:\/\/mylaps.com\/de\/wp-json\/wp\/v2\/types\/page"}],"author":[{"embeddable":true,"href":"https:\/\/mylaps.com\/de\/wp-json\/wp\/v2\/users\/3"}],"replies":[{"embeddable":true,"href":"https:\/\/mylaps.com\/de\/wp-json\/wp\/v2\/comments?post=321"}],"version-history":[{"count":10,"href":"https:\/\/mylaps.com\/de\/wp-json\/wp\/v2\/pages\/321\/revisions"}],"predecessor-version":[{"id":41949,"href":"https:\/\/mylaps.com\/de\/wp-json\/wp\/v2\/pages\/321\/revisions\/41949"}],"up":[{"embeddable":true,"href":"https:\/\/mylaps.com\/de\/wp-json\/wp\/v2\/pages\/159"}],"wp:featuredmedia":[{"embeddable":true,"href":"https:\/\/mylaps.com\/de\/wp-json\/wp\/v2\/media\/35730"}],"wp:attachment":[{"href":"https:\/\/mylaps.com\/de\/wp-json\/wp\/v2\/media?parent=321"}],"curies":[{"name":"wp","href":"https:\/\/api.w.org\/{rel}","templated":true}]}}