{"id":33000,"date":"2025-01-07T09:38:05","date_gmt":"2025-01-07T09:38:05","guid":{"rendered":"https:\/\/mylaps.com\/?page_id=33000"},"modified":"2025-04-17T09:15:27","modified_gmt":"2025-04-17T09:15:27","slug":"eventapp","status":"publish","type":"page","link":"https:\/\/mylaps.com\/de\/aktiver-sport\/dienstleistungen\/eventapp\/","title":{"rendered":"EventApp"},"content":{"rendered":"<div class=\"block hero hero--background-img hero--content-tc\">\n\t<img loading=\"lazy\" decoding=\"async\" width=\"2000\" height=\"834\" src=\"https:\/\/mylaps.com\/wp-content\/uploads\/2025\/01\/EventApp-hero-dark-blue-2000x834.png\" class=\"hero__background\" alt=\"\" srcset=\"https:\/\/mylaps.com\/wp-content\/uploads\/2025\/01\/EventApp-hero-dark-blue-2000x834.png 2000w, https:\/\/mylaps.com\/wp-content\/uploads\/2025\/01\/EventApp-hero-dark-blue-300x125.png 300w, https:\/\/mylaps.com\/wp-content\/uploads\/2025\/01\/EventApp-hero-dark-blue-768x320.png 768w, https:\/\/mylaps.com\/wp-content\/uploads\/2025\/01\/EventApp-hero-dark-blue-1024x427.png 1024w, https:\/\/mylaps.com\/wp-content\/uploads\/2025\/01\/EventApp-hero-dark-blue-1536x640.png 1536w, https:\/\/mylaps.com\/wp-content\/uploads\/2025\/01\/EventApp-hero-dark-blue-2048x854.png 2048w, https:\/\/mylaps.com\/wp-content\/uploads\/2025\/01\/EventApp-hero-dark-blue-750x313.png 750w, https:\/\/mylaps.com\/wp-content\/uploads\/2025\/01\/EventApp-hero-dark-blue-400x167.png 400w, https:\/\/mylaps.com\/wp-content\/uploads\/2025\/01\/EventApp-hero-dark-blue-240x100.png 240w\" sizes=\"auto, (max-width: 2000px) 100vw, 2000px\" \/>\n\t<div class=\"container\">\n\t\t<div class=\"hero__content space-content\">\n\t\t\t\t\t\t\t<h1>\n\t\t\t\t\tEventApp\t\t\t\t<\/h1>\n\t\t\t\n\t\t\t<div class='flex-shrink-0 flex flex-col relative items-end'>\n<div>\n<div class='pt-0'>\n<div class='gizmo-bot-avatar flex h-8 w-8 items-center justify-center overflow-hidden rounded-full'>\n<div class='relative p-1 rounded-sm flex items-center justify-center bg-token-main-surface-primary text-token-text-primary h-8 w-8'>Liefern Sie das ultimative Event-Erlebnis mit Live-Tracking und Selfies von Athleten, alles mit Ihrem Branding, um die Sichtbarkeit und Reichweite Ihrer Sponsoren zu erh\u00f6hen.<\/div>\n<\/div>\n<\/div>\n<\/div>\n<\/div>\n\t\t<\/div>\n\t<\/div>\n<\/div>\n\n\n<div\n\tclass=\"block content bg--white content--flip-columns-on-mobile content--align-content-vertically content--cols-2 bg--blank content--arrange-half\"\n\tstyle=\"--cols: 2\">\n\t<div class=\"container\">\n\t\t\t\t\t<div class=\"content__column\">\n\t\t\t\t\t\t\t\t\t<div\n\t\t\t\t\t\t\t\t\t\t\t\tclass=\"content__type--image space-content\">\n\t\t\t\t\t\t\t\t\t\t\t\t\t\t<figure class=\"content__figure\">\n\t\t\t\t\t\t\t\t\t<img loading=\"lazy\" decoding=\"async\" width=\"750\" height=\"500\" src=\"https:\/\/mylaps.com\/wp-content\/uploads\/2025\/01\/JMA7103-1-750x500.jpg\" class=\"content__image\" alt=\"\" srcset=\"https:\/\/mylaps.com\/wp-content\/uploads\/2025\/01\/JMA7103-1-750x500.jpg 750w, https:\/\/mylaps.com\/wp-content\/uploads\/2025\/01\/JMA7103-1-300x200.jpg 300w, https:\/\/mylaps.com\/wp-content\/uploads\/2025\/01\/JMA7103-1-1024x683.jpg 1024w, https:\/\/mylaps.com\/wp-content\/uploads\/2025\/01\/JMA7103-1-768x512.jpg 768w, https:\/\/mylaps.com\/wp-content\/uploads\/2025\/01\/JMA7103-1-1536x1024.jpg 1536w, https:\/\/mylaps.com\/wp-content\/uploads\/2025\/01\/JMA7103-1-400x267.jpg 400w, https:\/\/mylaps.com\/wp-content\/uploads\/2025\/01\/JMA7103-1-150x100.jpg 150w, https:\/\/mylaps.com\/wp-content\/uploads\/2025\/01\/JMA7103-1-2048x1365.jpg 2048w, https:\/\/mylaps.com\/wp-content\/uploads\/2025\/01\/JMA7103-1-2000x1333.jpg 2000w\" sizes=\"auto, (max-width: 750px) 100vw, 750px\" \/>\t\t\t\t\t\t\t\t<\/figure>\n\t\t\t\t\t\t\t\t\t\t\t\t\t<\/div>\n\t\t\t\t\t\t\t<\/div>\n\t\t\t\t\t<div class=\"content__column\">\n\t\t\t\t\t\t\t\t\t<div\n\t\t\t\t\t\tdata-aos=\"fade-up\"\t\t\t\t\t\tclass=\"content__type--text space-content\">\n\t\t\t\t\t\t<p class=\"label\">Eventapp von tracx<\/p>\n<h2 class=\"h1 h1--small mb-2\">Bereit? Fertig! Los!<\/h2>\n<p>Verbessern Sie Ihre Veranstaltung mit Live-Tracking, Echtzeit-Ergebnissen, Selfies und Live-Photos, die alle mit Ihrem Branding und Ihren Sponsorenlogos f\u00fcr ein einzigartiges Erlebnis angepasst sind.<\/p>\n<ul>\n<li>Live Tracking<\/li>\n<li>Selfies<\/li>\n<li>Sponsorenwert<\/li>\n<li>Selfies<\/li>\n<\/ul>\n<p><a class=\"button--primary\" href=\"https:\/\/..\">KOntaktieren sie uns<\/a><\/p>\n\t\t\t\t\t<\/div>\n\t\t\t\t\t\t\t<\/div>\n\t\t\t<\/div>\n<\/div>\n\n\n<div class=\"block hero hero--background-video hero--video-on-foreground bg--white\">\n\t\t\t\t\t\t<div class=\"container--video\">\n\t\t\t\t<div class=\"hero__video-background\">\n\t\t\t<div class=\"hero__video-foreground\">\n\t\t\t\t<iframe\n\t\t\t\t\tsrc=\"https:\/\/www.youtube.com\/embed\/y8kInADgNAM?disablekb=1&#038;controls=0\"\n\t\t\t\t\tframeborder=\"0\"\n\t\t\t\t\tallowfullscreen><\/iframe>\n\t\t\t<\/div>\n\t\t<\/div>\n\t\t\t\t\t<\/div>\n\t\t\t\n\t<div class=\"container\">\n\t\t<div class=\"hero__content space-content\">\n\t\t\t\n\t\t\t\t\t<\/div>\n\t<\/div>\n<\/div>\n\n\n<div\n\tclass=\"block content bg--white content--align-content-vertically content--cols-2 bg--blank content--arrange-half\"\n\tstyle=\"--cols: 2\">\n\t<div class=\"container\">\n\t\t\t\t\t<div class=\"content__column\">\n\t\t\t\t\t\t\t\t\t<div\n\t\t\t\t\t\tdata-aos=\"fade-up\"\t\t\t\t\t\tclass=\"content__type--text space-content\">\n\t\t\t\t\t\t<div class=\"col-12 text-center\">\n<p class=\"label\">W\u00e4hle deine App<\/p>\n<h2 class=\"section_title \" style=\"text-align: left\">Whitelabel-App, Serien-App oder TRACX-App<\/h2>\n<\/div>\n<article class=\"col-12 col-sm-10 col-lg-8 col-text-single offset-lg-2 offset-sm-1\">\n<div class=\"card-body\" style=\"text-align: left\">Erweitern Sie jede Veranstaltung mit einer benutzerdefinierten App oder nehmen Sie an der TRACX-App teil. W\u00e4hlen Sie zwischen einer Whitelabel-Event-App, einer Serien-App oder der TRACX-App, die auf Ihr Publikum und die Bed\u00fcrfnisse Ihrer Teilnehmer angepasst ist.<\/div>\n<\/article>\n\t\t\t\t\t<\/div>\n\t\t\t\t\t\t\t<\/div>\n\t\t\t\t\t<div class=\"content__column\">\n\t\t\t\t\t\t\t<\/div>\n\t\t\t<\/div>\n<\/div>\n\n\n<div\n\tclass=\"block content bg--white content--cols-3 bg--blank content--arrange-half\"\n\tstyle=\"--cols: 3\">\n\t<div class=\"container\">\n\t\t\t\t\t<div class=\"content__column\">\n\t\t\t\t\t\t\t\t\t<div\n\t\t\t\t\t\tdata-aos=\"fade-up\"\t\t\t\t\t\tclass=\"content__type--text space-content\">\n\t\t\t\t\t\t<h3 class=\"card-title color-blue font-family-secondar text-center\">Whitelabel-App<\/h3>\n<p>Erweitern Sie Ihre Veranstaltung mit einer Whitelabel-App, die Sie unter dem von Ihnen gew\u00e4hlten Namen herunterladen k\u00f6nnen. Binden Sie die Athleten mit Live-Daten und sozialen Funktionen ein, und steigern Sie gleichzeitig die Sichtbarkeit Ihrer Marke und Ihrer Sponsoren.<\/p>\n<p><strong>Funktionen:<\/strong><\/p>\n<ul>\n<li>Eine einzige App speziell f\u00fcr Ihr Event<\/li>\n<li>Ihr eigenes Branding<\/li>\n<li>Event- und App-Analysen<\/li>\n<li>Online-Dashboard-Zugang zur Einrichtung von Infos und Updates<\/li>\n<li>Einbindung einer Ergebnisseite im eigenen Branding<\/li>\n<li>LiveTracking<\/li>\n<li>Angepasste Selfies<\/li>\n<li>Eigene Widgets<\/li>\n<li>Live-Ranglisten<\/li>\n<\/ul>\n\t\t\t\t\t<\/div>\n\t\t\t\t\t\t\t<\/div>\n\t\t\t\t\t<div class=\"content__column\">\n\t\t\t\t\t\t\t\t\t<div\n\t\t\t\t\t\tdata-aos=\"fade-up\"\t\t\t\t\t\tclass=\"content__type--text space-content\">\n\t\t\t\t\t\t<h3 class=\"card-title color-blue font-family-secondar text-center\">Series App<\/h3>\n<p>Verbinden Sie mehrere Events in einer App unter dem von Ihnen gew\u00fcnschten Namen, komplett mit LiveTracking, Ranglisten, Selfies und Live-Renndaten &#8211; und das alles ganz im Design Ihres Events.<\/p>\n<p><strong>Funktionen:<\/strong><\/p>\n<ul>\n<li>Alle Ihre Veranstaltungen in einer App<\/li>\n<li>Stylen Sie jede Veranstaltung mit dem gew\u00fcnschten Branding<\/li>\n<li>Promoten Sie Ihre Organisation<\/li>\n<li>Einblicke in die Veranstaltungs- und App-Analyse<\/li>\n<li>Online-Dashboard-Zugang zum Einrichten von Infos und Updates<\/li>\n<li>Einschlie\u00dflich einer Ergebnisseite f\u00fcr jede Veranstaltung<\/li>\n<li>LiveTracking<\/li>\n<li>Angepasste Selfies<\/li>\n<li>Ihre eigenen Widgets<\/li>\n<\/ul>\n\t\t\t\t\t<\/div>\n\t\t\t\t\t\t\t<\/div>\n\t\t\t\t\t<div class=\"content__column\">\n\t\t\t\t\t\t\t\t\t<div\n\t\t\t\t\t\tdata-aos=\"fade-up\"\t\t\t\t\t\tclass=\"content__type--text space-content\">\n\t\t\t\t\t\t<h3 class=\"card-title color-blue font-family-secondar text-center\">TRACX app<\/h3>\n<p>Die TRACX-App hostet Events weltweit und bietet Funktionen wie LiveTracking, Ranglisten, Leaderboards und interaktive Karten im Branding Ihres Events. Deep Linking stellt sicher, dass Nutzer direkt auf Ihr gebrandetes Event zugreifen, wobei nur das App-Symbol das TRACX-Logo zeigt.<\/p>\n<p><strong>Vorteile:<\/strong><\/p>\n<ul>\n<li>Live innerhalb von 1 Stunde<\/li>\n<li>Anpassen Ihrer eigenen App<\/li>\n<li>Ihr eigenes Branding &amp; Inhalt<\/li>\n<li>Verf\u00fcgbar auf iOS und Android<\/li>\n<li>Keine Notwendigkeit, ein Apple Developer Konto zu erstellen<\/li>\n<\/ul>\n\t\t\t\t\t<\/div>\n\t\t\t\t\t\t\t<\/div>\n\t\t\t<\/div>\n<\/div>\n\n\n<div class=\"block hero hero--background-img\">\n\t<img loading=\"lazy\" decoding=\"async\" width=\"2000\" height=\"625\" src=\"https:\/\/mylaps.com\/wp-content\/uploads\/2025\/01\/EventApp-full-with-image-edit-2000x625.png\" class=\"hero__background\" alt=\"\" srcset=\"https:\/\/mylaps.com\/wp-content\/uploads\/2025\/01\/EventApp-full-with-image-edit-2000x625.png 2000w, https:\/\/mylaps.com\/wp-content\/uploads\/2025\/01\/EventApp-full-with-image-edit-300x94.png 300w, https:\/\/mylaps.com\/wp-content\/uploads\/2025\/01\/EventApp-full-with-image-edit-768x240.png 768w, https:\/\/mylaps.com\/wp-content\/uploads\/2025\/01\/EventApp-full-with-image-edit-1024x320.png 1024w, https:\/\/mylaps.com\/wp-content\/uploads\/2025\/01\/EventApp-full-with-image-edit-1536x480.png 1536w, https:\/\/mylaps.com\/wp-content\/uploads\/2025\/01\/EventApp-full-with-image-edit-2048x640.png 2048w, https:\/\/mylaps.com\/wp-content\/uploads\/2025\/01\/EventApp-full-with-image-edit-750x234.png 750w, https:\/\/mylaps.com\/wp-content\/uploads\/2025\/01\/EventApp-full-with-image-edit-400x125.png 400w, https:\/\/mylaps.com\/wp-content\/uploads\/2025\/01\/EventApp-full-with-image-edit-320x100.png 320w\" sizes=\"auto, (max-width: 2000px) 100vw, 2000px\" \/>\n\t<div class=\"container\">\n\t\t<div class=\"hero__content space-content\">\n\t\t\t\n\t\t\t\t\t<\/div>\n\t<\/div>\n<\/div>\n\n\n<div\n\tclass=\"block content bg--white content--flip-columns-on-mobile content--align-content-vertically content--cols-2 bg--blank content--arrange-half\"\n\tstyle=\"--cols: 2\">\n\t<div class=\"container\">\n\t\t\t\t\t<div class=\"content__column\">\n\t\t\t\t\t\t\t\t\t<div\n\t\t\t\t\t\t\t\t\t\t\t\tclass=\"content__type--image space-content\">\n\t\t\t\t\t\t\t\t\t\t\t\t\t\t<figure class=\"content__figure\">\n\t\t\t\t\t\t\t\t\t<img loading=\"lazy\" decoding=\"async\" width=\"600\" height=\"600\" src=\"https:\/\/mylaps.com\/wp-content\/uploads\/2025\/01\/Eventapp-square-1.png\" class=\"content__image\" alt=\"\" srcset=\"https:\/\/mylaps.com\/wp-content\/uploads\/2025\/01\/Eventapp-square-1.png 600w, https:\/\/mylaps.com\/wp-content\/uploads\/2025\/01\/Eventapp-square-1-150x150.png 150w, https:\/\/mylaps.com\/wp-content\/uploads\/2025\/01\/Eventapp-square-1-300x300.png 300w, https:\/\/mylaps.com\/wp-content\/uploads\/2025\/01\/Eventapp-square-1-400x400.png 400w, https:\/\/mylaps.com\/wp-content\/uploads\/2025\/01\/Eventapp-square-1-100x100.png 100w\" sizes=\"auto, (max-width: 600px) 100vw, 600px\" \/>\t\t\t\t\t\t\t\t<\/figure>\n\t\t\t\t\t\t\t\t\t\t\t\t\t<\/div>\n\t\t\t\t\t\t\t<\/div>\n\t\t\t\t\t<div class=\"content__column\">\n\t\t\t\t\t\t\t\t\t<div\n\t\t\t\t\t\tdata-aos=\"fade-up\"\t\t\t\t\t\tclass=\"content__type--text space-content\">\n\t\t\t\t\t\t<p class=\"label\">Live-Verfolgung<\/p>\n<h2>Fans einbinden mit Live-Tracking<\/h2>\n<p>Live-Tracking erm\u00f6glicht es Freunden und Familienangeh\u00f6rigen, Athleten in Echtzeit zu verfolgen und so die soziale Reichweite und Sicherheit Ihrer Veranstaltung zu erh\u00f6hen. Es ist f\u00fcr alle Sportarten verf\u00fcgbar und verfolgt die Teilnehmer automatisch in Ihrer Event-App &#8211; starten Sie einfach das Rennen, und wir k\u00fcmmern uns um den Rest.LiveTracking bietet:<\/p>\n<ul>\n<li>Online-Karte mit Live-Position der Teilnehmer<\/li>\n<li>Live-Positions-Updates<\/li>\n<li>Live-Rangliste<\/li>\n<li>Vorhergesagte Zielzeiten<\/li>\n<li>Live-\u00dcbersicht \u00fcber die Durchl\u00e4ufe der Zeitachse \u00fcber Ihr Dashboard<\/li>\n<li>Verbesserung der Sicherheit durch \u00dcberwachung des Teilnehmerfeldes \u00fcber Ihr Dashboard<\/li>\n<\/ul>\n\t\t\t\t\t<\/div>\n\t\t\t\t\t\t\t<\/div>\n\t\t\t<\/div>\n<\/div>\n\n\n<div\n\tclass=\"block content bg--white content--align-content-vertically content--cols-2 bg--blank content--arrange-half\"\n\tstyle=\"--cols: 2\">\n\t<div class=\"container\">\n\t\t\t\t\t<div class=\"content__column\">\n\t\t\t\t\t\t\t\t\t<div\n\t\t\t\t\t\tdata-aos=\"fade-up\"\t\t\t\t\t\tclass=\"content__type--text space-content\">\n\t\t\t\t\t\t<p class='label'>Tracx-Dashboard<\/p>\n<h2 class='section_title '>Dashboard f\u00fcr Event-Organisatoren<\/h2>\n<p>Sobald Ihre Organisation dem TRACX-Dashboard hinzugef\u00fcgt wurde, k\u00f6nnen Sie mit der Erstellung und Anpassung Ihrer Event-App beginnen. Dies funktioniert ganz einfach, indem Sie den Schritten unseres Konfigurators folgen. Das Dashboard ist der Ort, an dem Sie Ihre Veranstaltung verwalten k\u00f6nnen. Danach k\u00f6nnen Sie alle anderen Veranstaltungsinformationen im Dashboard hinzuf\u00fcgen, das sehr benutzerfreundlich aufgebaut ist. Das Dashboard ist auch der Ort, an dem Sie die Zeitmessung einrichten, Sportler importieren und Ranglisten erstellen k\u00f6nnen.<\/p>\n\t\t\t\t\t<\/div>\n\t\t\t\t\t\t\t<\/div>\n\t\t\t\t\t<div class=\"content__column\">\n\t\t\t\t\t\t\t\t\t<div\n\t\t\t\t\t\t\t\t\t\t\t\tclass=\"content__type--image space-content\">\n\t\t\t\t\t\t\t\t\t\t\t\t\t\t<figure class=\"content__figure\">\n\t\t\t\t\t\t\t\t\t<img loading=\"lazy\" decoding=\"async\" width=\"600\" height=\"600\" src=\"https:\/\/mylaps.com\/wp-content\/uploads\/2025\/01\/Eventapp-dashboard-square.png\" class=\"content__image\" alt=\"\" srcset=\"https:\/\/mylaps.com\/wp-content\/uploads\/2025\/01\/Eventapp-dashboard-square.png 600w, https:\/\/mylaps.com\/wp-content\/uploads\/2025\/01\/Eventapp-dashboard-square-150x150.png 150w, https:\/\/mylaps.com\/wp-content\/uploads\/2025\/01\/Eventapp-dashboard-square-300x300.png 300w, https:\/\/mylaps.com\/wp-content\/uploads\/2025\/01\/Eventapp-dashboard-square-400x400.png 400w, https:\/\/mylaps.com\/wp-content\/uploads\/2025\/01\/Eventapp-dashboard-square-100x100.png 100w\" sizes=\"auto, (max-width: 600px) 100vw, 600px\" \/>\t\t\t\t\t\t\t\t<\/figure>\n\t\t\t\t\t\t\t\t\t\t\t\t\t<\/div>\n\t\t\t\t\t\t\t<\/div>\n\t\t\t<\/div>\n<\/div>\n\n\n<div class=\"block cta\">\n\t<div class=\"container--medium\">\n\t\t<div class=\"cta__content\">\n\t\t\t\t\t\t\t<h2>\n\t\t\t\t\tStarten Sie mit der EventApp\t\t\t\t<\/h2>\n\t\t\t\n\t\t\t\t\t\t\t<a\n\t\t\t\t\thref=\"https:\/\/mylaps.com\/active-sports\/solutions\/contact\/?mylaps_system_interest__c=EventApp\"\n\t\t\t\t\ttarget=\"\"\n\t\t\t\t\tclass=\"button--primary\">\n\t\t\t\t\tKontaktieren Sie uns\t\t\t\t<\/a>\n\t\t\t\t\t<\/div>\n\t<\/div>\n<\/div>\n","protected":false},"excerpt":{"rendered":"<p>EventApp Bieten Sie das ultimative Event-Erlebnis mit Live-Tracking und Selfies von Athleten, die alle mit Ihrem Branding versehen sind, um die Sichtbarkeit und Reichweite Ihrer Sponsoren zu erh\u00f6hen. Eventapp von tracx Bereit? Fertig. Los! Verbessern Sie Ihre Veranstaltung mit LiveTracking, Echtzeit-Ergebnissen, Selfies und LivePhotos, die alle mit Ihrem Branding und Sponsorenlogos versehen sind und ein einzigartiges Erlebnis bieten. Bieten Sie das ultimative Event-Erlebnis mit Live-Tracking und Selfies von Athleten, die alle mit Ihrem Branding versehen sind, um die Sichtbarkeit und Reichweite Ihres Sponsors zu erh\u00f6hen. Live-Tracking Sponsorenwert Selfies Kontaktieren Sie uns W\u00e4hlen Sie Ihre App Whitelabel-App, Serien-App oder TRACX-App Erweitern Sie jede Veranstaltung mit einer benutzerdefinierten App oder nehmen Sie an der [&#8230;]<\/p>\n","protected":false},"author":2,"featured_media":0,"parent":33225,"menu_order":0,"comment_status":"closed","ping_status":"closed","template":"","meta":{"_acf_changed":false,"content-type":"","_trash_the_other_posts":false,"editor_notices":[],"footnotes":""},"class_list":["post-33000","page","type-page","status-publish","hentry"],"acf":[],"yoast_head":"<!-- This site is optimized with the Yoast SEO Premium plugin v27.0 (Yoast SEO v27.0) - https:\/\/yoast.com\/product\/yoast-seo-premium-wordpress\/ -->\n<title>EventApp<\/title>\n<meta name=\"robots\" content=\"index, follow, max-snippet:-1, max-image-preview:large, max-video-preview:-1\" \/>\n<link rel=\"canonical\" href=\"https:\/\/mylaps.com\/de\/aktiver-sport\/dienstleistungen\/eventapp\/\" \/>\n<meta property=\"og:locale\" content=\"en_US\" \/>\n<meta property=\"og:type\" content=\"article\" \/>\n<meta property=\"og:title\" content=\"EventApp\" \/>\n<meta property=\"og:description\" content=\"EventApp Bieten Sie das ultimative Event-Erlebnis mit Live-Tracking und Selfies von Athleten, die alle mit Ihrem Branding versehen sind, um die Sichtbarkeit und Reichweite Ihrer Sponsoren zu erh\u00f6hen. Eventapp von tracx Bereit? Fertig. Los! Verbessern Sie Ihre Veranstaltung mit LiveTracking, Echtzeit-Ergebnissen, Selfies und LivePhotos, die alle mit Ihrem Branding und Sponsorenlogos versehen sind und ein einzigartiges Erlebnis bieten. Bieten Sie das ultimative Event-Erlebnis mit Live-Tracking und Selfies von Athleten, die alle mit Ihrem Branding versehen sind, um die Sichtbarkeit und Reichweite Ihres Sponsors zu erh\u00f6hen. Live-Tracking Sponsorenwert Selfies Kontaktieren Sie uns W\u00e4hlen Sie Ihre App Whitelabel-App, Serien-App oder TRACX-App Erweitern Sie jede Veranstaltung mit einer benutzerdefinierten App oder nehmen Sie an der [...]\" \/>\n<meta property=\"og:url\" content=\"https:\/\/mylaps.com\/de\/aktiver-sport\/dienstleistungen\/eventapp\/\" \/>\n<meta property=\"og:site_name\" content=\"MYLAPS - German\" \/>\n<meta property=\"article:modified_time\" content=\"2025-04-17T09:15:27+00:00\" \/>\n<meta name=\"twitter:card\" content=\"summary_large_image\" \/>\n<meta name=\"twitter:label1\" content=\"Est. reading time\" \/>\n\t<meta name=\"twitter:data1\" content=\"4 minutes\" \/>\n<script type=\"application\/ld+json\" class=\"yoast-schema-graph\">{\"@context\":\"https:\/\/schema.org\",\"@graph\":[{\"@type\":\"WebPage\",\"@id\":\"https:\/\/mylaps.com\/de\/aktiver-sport\/dienstleistungen\/eventapp\/\",\"url\":\"https:\/\/mylaps.com\/de\/aktiver-sport\/dienstleistungen\/eventapp\/\",\"name\":\"EventApp\",\"isPartOf\":{\"@id\":\"https:\/\/mylaps.com\/de\/#website\"},\"datePublished\":\"2025-01-07T09:38:05+00:00\",\"dateModified\":\"2025-04-17T09:15:27+00:00\",\"breadcrumb\":{\"@id\":\"https:\/\/mylaps.com\/de\/aktiver-sport\/dienstleistungen\/eventapp\/#breadcrumb\"},\"inLanguage\":\"en-US\",\"potentialAction\":[{\"@type\":\"ReadAction\",\"target\":[\"https:\/\/mylaps.com\/de\/aktiver-sport\/dienstleistungen\/eventapp\/\"]}]},{\"@type\":\"BreadcrumbList\",\"@id\":\"https:\/\/mylaps.com\/de\/aktiver-sport\/dienstleistungen\/eventapp\/#breadcrumb\",\"itemListElement\":[{\"@type\":\"ListItem\",\"position\":1,\"name\":\"Home\",\"item\":\"https:\/\/mylaps.com\/de\/\"},{\"@type\":\"ListItem\",\"position\":2,\"name\":\"Aktiver Sport\",\"item\":\"https:\/\/mylaps.com\/de\/aktiver-sport\/\"},{\"@type\":\"ListItem\",\"position\":3,\"name\":\"Services (Active)\",\"item\":\"https:\/\/mylaps.com\/de\/aktiver-sport\/dienstleistungen\/\"},{\"@type\":\"ListItem\",\"position\":4,\"name\":\"EventApp\"}]},{\"@type\":\"WebSite\",\"@id\":\"https:\/\/mylaps.com\/de\/#website\",\"url\":\"https:\/\/mylaps.com\/de\/\",\"name\":\"MYLAPS\",\"description\":\"MYLAPS Sports Timing - The Industry&#039;s Most Reliable and Accurate Timing and Data Solutions\",\"potentialAction\":[{\"@type\":\"SearchAction\",\"target\":{\"@type\":\"EntryPoint\",\"urlTemplate\":\"https:\/\/mylaps.com\/de\/?s={search_term_string}\"},\"query-input\":{\"@type\":\"PropertyValueSpecification\",\"valueRequired\":true,\"valueName\":\"search_term_string\"}}],\"inLanguage\":\"en-US\"}]}<\/script>\n<!-- \/ Yoast SEO Premium plugin. -->","yoast_head_json":{"title":"EventApp","robots":{"index":"index","follow":"follow","max-snippet":"max-snippet:-1","max-image-preview":"max-image-preview:large","max-video-preview":"max-video-preview:-1"},"canonical":"https:\/\/mylaps.com\/de\/aktiver-sport\/dienstleistungen\/eventapp\/","og_locale":"en_US","og_type":"article","og_title":"EventApp","og_description":"EventApp Bieten Sie das ultimative Event-Erlebnis mit Live-Tracking und Selfies von Athleten, die alle mit Ihrem Branding versehen sind, um die Sichtbarkeit und Reichweite Ihrer Sponsoren zu erh\u00f6hen. Eventapp von tracx Bereit? Fertig. Los! Verbessern Sie Ihre Veranstaltung mit LiveTracking, Echtzeit-Ergebnissen, Selfies und LivePhotos, die alle mit Ihrem Branding und Sponsorenlogos versehen sind und ein einzigartiges Erlebnis bieten. Bieten Sie das ultimative Event-Erlebnis mit Live-Tracking und Selfies von Athleten, die alle mit Ihrem Branding versehen sind, um die Sichtbarkeit und Reichweite Ihres Sponsors zu erh\u00f6hen. Live-Tracking Sponsorenwert Selfies Kontaktieren Sie uns W\u00e4hlen Sie Ihre App Whitelabel-App, Serien-App oder TRACX-App Erweitern Sie jede Veranstaltung mit einer benutzerdefinierten App oder nehmen Sie an der [...]","og_url":"https:\/\/mylaps.com\/de\/aktiver-sport\/dienstleistungen\/eventapp\/","og_site_name":"MYLAPS - German","article_modified_time":"2025-04-17T09:15:27+00:00","twitter_card":"summary_large_image","twitter_misc":{"Est. reading time":"4 minutes"},"schema":{"@context":"https:\/\/schema.org","@graph":[{"@type":"WebPage","@id":"https:\/\/mylaps.com\/de\/aktiver-sport\/dienstleistungen\/eventapp\/","url":"https:\/\/mylaps.com\/de\/aktiver-sport\/dienstleistungen\/eventapp\/","name":"EventApp","isPartOf":{"@id":"https:\/\/mylaps.com\/de\/#website"},"datePublished":"2025-01-07T09:38:05+00:00","dateModified":"2025-04-17T09:15:27+00:00","breadcrumb":{"@id":"https:\/\/mylaps.com\/de\/aktiver-sport\/dienstleistungen\/eventapp\/#breadcrumb"},"inLanguage":"en-US","potentialAction":[{"@type":"ReadAction","target":["https:\/\/mylaps.com\/de\/aktiver-sport\/dienstleistungen\/eventapp\/"]}]},{"@type":"BreadcrumbList","@id":"https:\/\/mylaps.com\/de\/aktiver-sport\/dienstleistungen\/eventapp\/#breadcrumb","itemListElement":[{"@type":"ListItem","position":1,"name":"Home","item":"https:\/\/mylaps.com\/de\/"},{"@type":"ListItem","position":2,"name":"Aktiver Sport","item":"https:\/\/mylaps.com\/de\/aktiver-sport\/"},{"@type":"ListItem","position":3,"name":"Services (Active)","item":"https:\/\/mylaps.com\/de\/aktiver-sport\/dienstleistungen\/"},{"@type":"ListItem","position":4,"name":"EventApp"}]},{"@type":"WebSite","@id":"https:\/\/mylaps.com\/de\/#website","url":"https:\/\/mylaps.com\/de\/","name":"MYLAPS","description":"MYLAPS Sports Timing - The Industry&#039;s Most Reliable and Accurate Timing and Data Solutions","potentialAction":[{"@type":"SearchAction","target":{"@type":"EntryPoint","urlTemplate":"https:\/\/mylaps.com\/de\/?s={search_term_string}"},"query-input":{"@type":"PropertyValueSpecification","valueRequired":true,"valueName":"search_term_string"}}],"inLanguage":"en-US"}]}},"_links":{"self":[{"href":"https:\/\/mylaps.com\/de\/wp-json\/wp\/v2\/pages\/33000","targetHints":{"allow":["GET"]}}],"collection":[{"href":"https:\/\/mylaps.com\/de\/wp-json\/wp\/v2\/pages"}],"about":[{"href":"https:\/\/mylaps.com\/de\/wp-json\/wp\/v2\/types\/page"}],"author":[{"embeddable":true,"href":"https:\/\/mylaps.com\/de\/wp-json\/wp\/v2\/users\/2"}],"replies":[{"embeddable":true,"href":"https:\/\/mylaps.com\/de\/wp-json\/wp\/v2\/comments?post=33000"}],"version-history":[{"count":10,"href":"https:\/\/mylaps.com\/de\/wp-json\/wp\/v2\/pages\/33000\/revisions"}],"predecessor-version":[{"id":35543,"href":"https:\/\/mylaps.com\/de\/wp-json\/wp\/v2\/pages\/33000\/revisions\/35543"}],"up":[{"embeddable":true,"href":"https:\/\/mylaps.com\/de\/wp-json\/wp\/v2\/pages\/33225"}],"wp:attachment":[{"href":"https:\/\/mylaps.com\/de\/wp-json\/wp\/v2\/media?parent=33000"}],"curies":[{"name":"wp","href":"https:\/\/api.w.org\/{rel}","templated":true}]}}