{"id":33045,"date":"2025-01-07T14:41:45","date_gmt":"2025-01-07T14:41:45","guid":{"rendered":"https:\/\/mylaps.com\/?page_id=33045"},"modified":"2025-04-17T09:15:55","modified_gmt":"2025-04-17T09:15:55","slug":"anmeldung","status":"publish","type":"page","link":"https:\/\/mylaps.com\/de\/aktiver-sport\/dienstleistungen\/anmeldung\/","title":{"rendered":"Anmeldung"},"content":{"rendered":"<div class=\"block hero hero--background-img hero--content-tc\">\n\t<img loading=\"lazy\" decoding=\"async\" width=\"2000\" height=\"834\" src=\"https:\/\/mylaps.com\/wp-content\/uploads\/2025\/01\/Registration-hero-2-2000x834.png\" class=\"hero__background\" alt=\"\" srcset=\"https:\/\/mylaps.com\/wp-content\/uploads\/2025\/01\/Registration-hero-2-2000x834.png 2000w, https:\/\/mylaps.com\/wp-content\/uploads\/2025\/01\/Registration-hero-2-300x125.png 300w, https:\/\/mylaps.com\/wp-content\/uploads\/2025\/01\/Registration-hero-2-768x320.png 768w, https:\/\/mylaps.com\/wp-content\/uploads\/2025\/01\/Registration-hero-2-1024x427.png 1024w, https:\/\/mylaps.com\/wp-content\/uploads\/2025\/01\/Registration-hero-2-1536x640.png 1536w, https:\/\/mylaps.com\/wp-content\/uploads\/2025\/01\/Registration-hero-2-2048x854.png 2048w, https:\/\/mylaps.com\/wp-content\/uploads\/2025\/01\/Registration-hero-2-750x313.png 750w, https:\/\/mylaps.com\/wp-content\/uploads\/2025\/01\/Registration-hero-2-400x167.png 400w, https:\/\/mylaps.com\/wp-content\/uploads\/2025\/01\/Registration-hero-2-240x100.png 240w\" sizes=\"auto, (max-width: 2000px) 100vw, 2000px\" \/>\n\t<div class=\"container\">\n\t\t<div class=\"hero__content space-content\">\n\t\t\t\t\t\t\t<h1>\n\t\t\t\t\tAnmeldung\t\t\t\t<\/h1>\n\t\t\t\n\t\t\t<div class=\"flex-shrink-0 flex flex-col relative items-end\">\n<div class=\"pt-0\">\n<div class=\"gizmo-bot-avatar flex h-8 w-8 items-center justify-center overflow-hidden rounded-full\">\n<div class=\"relative p-1 rounded-sm flex items-center justify-center bg-token-main-surface-primary text-token-text-primary h-8 w-8\">Suchen Sie nach einer einfachen Online-, Vor-Ort- und Messeanmeldung f\u00fcr Ihre Veranstaltungen? Schlie\u00dfen Sie sich mit MYLAPS zusammen und sichern Sie sich eine einfache Registrierung, sowohl f\u00fcr Teilnehmer als auch f\u00fcr Veranstalter.<\/div>\n<\/div>\n<\/div>\n<\/div>\n\t\t<\/div>\n\t<\/div>\n<\/div>\n\n\n<div\n\tclass=\"block content bg--white content--flip-columns-on-mobile content--align-content-vertically content--cols-2 bg--blank content--arrange-half\"\n\tstyle=\"--cols: 2\">\n\t<div class=\"container\">\n\t\t\t\t\t<div class=\"content__column\">\n\t\t\t\t\t\t\t\t\t<div\n\t\t\t\t\t\t\t\t\t\t\t\tclass=\"content__type--image space-content\">\n\t\t\t\t\t\t\t\t\t\t\t\t\t\t<figure class=\"content__figure\">\n\t\t\t\t\t\t\t\t\t<img loading=\"lazy\" decoding=\"async\" width=\"750\" height=\"750\" src=\"https:\/\/mylaps.com\/wp-content\/uploads\/2025\/01\/registration-9-e1736344455676-750x750.jpg\" class=\"content__image\" alt=\"\" srcset=\"https:\/\/mylaps.com\/wp-content\/uploads\/2025\/01\/registration-9-e1736344455676-750x750.jpg 750w, https:\/\/mylaps.com\/wp-content\/uploads\/2025\/01\/registration-9-e1736344455676-150x150.jpg 150w, https:\/\/mylaps.com\/wp-content\/uploads\/2025\/01\/registration-9-e1736344455676-300x300.jpg 300w, https:\/\/mylaps.com\/wp-content\/uploads\/2025\/01\/registration-9-e1736344455676-768x768.jpg 768w, https:\/\/mylaps.com\/wp-content\/uploads\/2025\/01\/registration-9-e1736344455676-1024x1024.jpg 1024w, https:\/\/mylaps.com\/wp-content\/uploads\/2025\/01\/registration-9-e1736344455676-400x400.jpg 400w, https:\/\/mylaps.com\/wp-content\/uploads\/2025\/01\/registration-9-e1736344455676-600x600.jpg 600w, https:\/\/mylaps.com\/wp-content\/uploads\/2025\/01\/registration-9-e1736344455676-100x100.jpg 100w, https:\/\/mylaps.com\/wp-content\/uploads\/2025\/01\/registration-9-e1736344455676.jpg 1280w\" sizes=\"auto, (max-width: 750px) 100vw, 750px\" \/>\t\t\t\t\t\t\t\t<\/figure>\n\t\t\t\t\t\t\t\t\t\t\t\t\t<\/div>\n\t\t\t\t\t\t\t<\/div>\n\t\t\t\t\t<div class=\"content__column\">\n\t\t\t\t\t\t\t\t\t<div\n\t\t\t\t\t\tdata-aos=\"fade-up\"\t\t\t\t\t\tclass=\"content__type--text space-content\">\n\t\t\t\t\t\t<p class=\"label\">Eventapp von tracx<\/p>\n<h2 class=\"picture-title\"><strong>Sportler entwickeln sich weiter, <\/strong><i>Sie auch?<\/i><\/h2>\n<p>Die Anmeldung ist ein wichtiger Teil der Organisation einer Sportveranstaltung f\u00fcr Laufen, Radfahren, Triathlon und andere Sportarten. Bieten Sie Ihren Teilnehmern eine reibungslose Anmeldung. MYLAPS arbeitet mit Registrierungsexperten zusammen, die die beste Registrierungsplattform ihrer Klasse anbieten. Die Plattform ist:<\/p>\n<ul>\n<li>Optimiert f\u00fcr Smartphones: 60% der Anmeldungen erfolgen \u00fcber mobile Ger\u00e4te<\/li>\n<li>Vollst\u00e4ndig anpassbar: Verwenden Sie Ihr eigenes Look &amp; Feel, mit viel Sichtbarkeit f\u00fcr Ihre Sponsoren<\/li>\n<li>Finanzfreundlich: Umfassende Einblicke in Ihre Finanzberichte<\/li>\n<\/ul>\n<p><a class=\"button--primary\" href=\"https:\/\/..\">Kontaktieren sie uns<\/a><\/p>\n\t\t\t\t\t<\/div>\n\t\t\t\t\t\t\t<\/div>\n\t\t\t<\/div>\n<\/div>\n\n\n<div class=\"block hero hero--background-img\">\n\t<img loading=\"lazy\" decoding=\"async\" width=\"2000\" height=\"1333\" src=\"https:\/\/mylaps.com\/wp-content\/uploads\/2025\/01\/241117-046-2000x1333.jpg\" class=\"hero__background\" alt=\"\" srcset=\"https:\/\/mylaps.com\/wp-content\/uploads\/2025\/01\/241117-046-2000x1333.jpg 2000w, https:\/\/mylaps.com\/wp-content\/uploads\/2025\/01\/241117-046-2048x1365.jpg 2048w, https:\/\/mylaps.com\/wp-content\/uploads\/2025\/01\/241117-046-300x200.jpg 300w, https:\/\/mylaps.com\/wp-content\/uploads\/2025\/01\/241117-046-768x512.jpg 768w, https:\/\/mylaps.com\/wp-content\/uploads\/2025\/01\/241117-046-1024x683.jpg 1024w, https:\/\/mylaps.com\/wp-content\/uploads\/2025\/01\/241117-046-1536x1024.jpg 1536w, https:\/\/mylaps.com\/wp-content\/uploads\/2025\/01\/241117-046-750x500.jpg 750w, https:\/\/mylaps.com\/wp-content\/uploads\/2025\/01\/241117-046-400x267.jpg 400w, https:\/\/mylaps.com\/wp-content\/uploads\/2025\/01\/241117-046-150x100.jpg 150w\" sizes=\"auto, (max-width: 2000px) 100vw, 2000px\" \/>\n\t<div class=\"container\">\n\t\t<div class=\"hero__content space-content\">\n\t\t\t\n\t\t\t\t\t<\/div>\n\t<\/div>\n<\/div>\n\n\n<div\n\tclass=\"block content bg--white content--flip-columns-on-mobile content--align-content-vertically content--cols-2 bg--blank content--arrange-half\"\n\tstyle=\"--cols: 2\">\n\t<div class=\"container\">\n\t\t\t\t\t<div class=\"content__column\">\n\t\t\t\t\t\t\t\t\t<div\n\t\t\t\t\t\t\t\t\t\t\t\tclass=\"content__type--image space-content\">\n\t\t\t\t\t\t\t\t\t\t\t\t\t\t<figure class=\"content__figure\">\n\t\t\t\t\t\t\t\t\t<img loading=\"lazy\" decoding=\"async\" width=\"600\" height=\"600\" src=\"https:\/\/mylaps.com\/wp-content\/uploads\/2025\/01\/Registration-square.png\" class=\"content__image\" alt=\"\" srcset=\"https:\/\/mylaps.com\/wp-content\/uploads\/2025\/01\/Registration-square.png 600w, https:\/\/mylaps.com\/wp-content\/uploads\/2025\/01\/Registration-square-150x150.png 150w, https:\/\/mylaps.com\/wp-content\/uploads\/2025\/01\/Registration-square-300x300.png 300w, https:\/\/mylaps.com\/wp-content\/uploads\/2025\/01\/Registration-square-400x400.png 400w, https:\/\/mylaps.com\/wp-content\/uploads\/2025\/01\/Registration-square-100x100.png 100w\" sizes=\"auto, (max-width: 600px) 100vw, 600px\" \/>\t\t\t\t\t\t\t\t<\/figure>\n\t\t\t\t\t\t\t\t\t\t\t\t\t<\/div>\n\t\t\t\t\t\t\t<\/div>\n\t\t\t\t\t<div class=\"content__column\">\n\t\t\t\t\t\t\t\t\t<div\n\t\t\t\t\t\tdata-aos=\"fade-up\"\t\t\t\t\t\tclass=\"content__type--text space-content\">\n\t\t\t\t\t\t<p class=\"label\">njuko-dashboard<\/p>\n<h2 class=\"card-title color-blue font-family-secondar text-left\">Einfache Einrichtung<\/h2>\n<p>Ob es um die Erstellung Ihres individuellen Online-Formulars, die Vorbereitung Ihrer Veranstaltungen, die Verwaltung Ihrer Finanzen oder die Vergabe von Startnummern geht: Die Registrierungsplattform begleitet Sie bis zur Startlinie Ihrer Veranstaltung.<\/p>\n<p>Die Registrierungsplattform enth\u00e4lt ein einfach zu bedienendes Content Management System (CMS). Richten Sie Ihre Registrierungsseite in wenigen einfachen Schritten ein.<\/p>\n\t\t\t\t\t<\/div>\n\t\t\t\t\t\t\t<\/div>\n\t\t\t<\/div>\n<\/div>\n\n\n<div\n\tclass=\"block content bg--white content--cols-1 bg--blank content--arrange-half\"\n\tstyle=\"--cols: 1\">\n\t<div class=\"container--small\">\n\t\t\t\t\t<div class=\"content__column\">\n\t\t\t\t\t\t\t\t\t<div\n\t\t\t\t\t\tdata-aos=\"fade-up\"\t\t\t\t\t\tclass=\"content__type--text space-content\">\n\t\t\t\t\t\t<h2 style='text-align: center'>Alle enthaltenen Funktionen<\/h2>\n\t\t\t\t\t<\/div>\n\t\t\t\t\t\t\t<\/div>\n\t\t\t<\/div>\n<\/div>\n\n\n<div\n\tclass=\"block content bg--white content--cols-3 bg--blank content--arrange-half\"\n\tstyle=\"--cols: 3\">\n\t<div class=\"container\">\n\t\t\t\t\t<div class=\"content__column\">\n\t\t\t\t\t\t\t\t\t<div\n\t\t\t\t\t\tdata-aos=\"fade-up\"\t\t\t\t\t\tclass=\"content__type--text space-content\">\n\t\t\t\t\t\t<ul>\n<li>API-zentriert (Front &amp; back)<\/li>\n<li>Check-in \/ E-Tickets<\/li>\n<li>Echtzeit-Lizenzkontrolle Responsive Design<\/li>\n<li>Mehrsprachig und mehrw\u00e4hrungsf\u00e4hig<\/li>\n<li>Erweiterte Startnummernvergabe<\/li>\n<li>Teamanmeldungen<\/li>\n<li>Gruppen-\/Firmenanmeldungen<\/li>\n<li>Zeitnehmerintegration<\/li>\n<\/ul>\n\t\t\t\t\t<\/div>\n\t\t\t\t\t\t\t<\/div>\n\t\t\t\t\t<div class=\"content__column\">\n\t\t\t\t\t\t\t\t\t<div\n\t\t\t\t\t\tdata-aos=\"fade-up\"\t\t\t\t\t\tclass=\"content__type--text space-content\">\n\t\t\t\t\t\t<ul>\n<li>Kein Konto f\u00fcr Sportler erforderlich<\/li>\n<li>Benutzerdefinierte (komplexe) Formulare<\/li>\n<li>Markieren Sie Ihre Homepage mit den Inhalten, die Sie am wichtigsten finden<\/li>\n<li>Detaillierte Einblicke einschlie\u00dflich: Akquisitionsgeschwindigkeit &amp; Loyalit\u00e4tsrate<\/li>\n<li>Pers\u00f6nliche Eventeinladung<\/li>\n<li>Virtuelle Renntasche f\u00fcr jeden Athleten<\/li>\n<\/ul>\n\t\t\t\t\t<\/div>\n\t\t\t\t\t\t\t<\/div>\n\t\t\t\t\t<div class=\"content__column\">\n\t\t\t\t\t\t\t\t\t<div\n\t\t\t\t\t\tdata-aos=\"fade-up\"\t\t\t\t\t\tclass=\"content__type--text space-content\">\n\t\t\t\t\t\t<ul>\n<li>Warteliste<\/li>\n<li>Erweitertes Rabattcode-Schema<\/li>\n<li>Integration in soziale Netzwerke<\/li>\n<li>Kundenindividuelle detaillierte Analysen<\/li>\n<li>Konsistente Benutzerverfolgung bei allen Registrierungsprozessen<\/li>\n<li>GDPR-konform<\/li>\n<li>Keine langfristigen Vertr\u00e4ge erforderlich<\/li>\n<\/ul>\n\t\t\t\t\t<\/div>\n\t\t\t\t\t\t\t<\/div>\n\t\t\t<\/div>\n<\/div>\n\n\n<div\n\tclass=\"block content bg--white content--align-content-vertically content--cols-2 bg--blank content--arrange-half\"\n\tstyle=\"--cols: 2\">\n\t<div class=\"container\">\n\t\t\t\t\t<div class=\"content__column\">\n\t\t\t\t\t\t\t\t\t<div\n\t\t\t\t\t\tdata-aos=\"fade-up\"\t\t\t\t\t\tclass=\"content__type--text space-content\">\n\t\t\t\t\t\t<p class='label'>Whitelabel<\/p>\n<h2 class='card-title color-blue font-family-secondar text-left'>Alles in Ihrem eigenen Branding<\/h2>\n<p>Machen Sie bei Ihren Teilnehmern einen guten ersten Eindruck, indem Sie ihnen eine Anmeldeseite anbieten, die vollst\u00e4ndig auf Ihr Event-Branding abgestimmt ist. Auch wenn Sie die Whitelabel-Option nicht w\u00e4hlen, werden alle E-Mails an die Teilnehmer immer mit der Veranstaltungs-E-Mail-Adresse versendet.<\/p>\n\t\t\t\t\t<\/div>\n\t\t\t\t\t\t\t<\/div>\n\t\t\t\t\t<div class=\"content__column\">\n\t\t\t\t\t\t\t\t\t<div\n\t\t\t\t\t\t\t\t\t\t\t\tclass=\"content__type--image space-content\">\n\t\t\t\t\t\t\t\t\t\t\t\t\t\t<figure class=\"content__figure\">\n\t\t\t\t\t\t\t\t\t<img loading=\"lazy\" decoding=\"async\" width=\"750\" height=\"750\" src=\"https:\/\/mylaps.com\/wp-content\/uploads\/2025\/01\/registration-10-e1736343877322-750x750.jpg\" class=\"content__image\" alt=\"\" srcset=\"https:\/\/mylaps.com\/wp-content\/uploads\/2025\/01\/registration-10-e1736343877322-750x750.jpg 750w, https:\/\/mylaps.com\/wp-content\/uploads\/2025\/01\/registration-10-e1736343877322-150x150.jpg 150w, https:\/\/mylaps.com\/wp-content\/uploads\/2025\/01\/registration-10-e1736343877322-300x300.jpg 300w, https:\/\/mylaps.com\/wp-content\/uploads\/2025\/01\/registration-10-e1736343877322-768x768.jpg 768w, https:\/\/mylaps.com\/wp-content\/uploads\/2025\/01\/registration-10-e1736343877322-1024x1024.jpg 1024w, https:\/\/mylaps.com\/wp-content\/uploads\/2025\/01\/registration-10-e1736343877322-400x400.jpg 400w, https:\/\/mylaps.com\/wp-content\/uploads\/2025\/01\/registration-10-e1736343877322-600x600.jpg 600w, https:\/\/mylaps.com\/wp-content\/uploads\/2025\/01\/registration-10-e1736343877322-100x100.jpg 100w, https:\/\/mylaps.com\/wp-content\/uploads\/2025\/01\/registration-10-e1736343877322.jpg 1082w\" sizes=\"auto, (max-width: 750px) 100vw, 750px\" \/>\t\t\t\t\t\t\t\t<\/figure>\n\t\t\t\t\t\t\t\t\t\t\t\t\t<\/div>\n\t\t\t\t\t\t\t<\/div>\n\t\t\t<\/div>\n<\/div>\n\n\n<div\n\tclass=\"block content bg--white content--cols-1 bg--blank content--arrange-half\"\n\tstyle=\"--cols: 1\">\n\t<div class=\"container--small\">\n\t\t\t\t\t<div class=\"content__column\">\n\t\t\t\t\t\t\t<\/div>\n\t\t\t<\/div>\n<\/div>\n\n\n<div class=\"block cta\">\n\t<div class=\"container--medium\">\n\t\t<div class=\"cta__content\">\n\t\t\t\t\t\t\t<h2>\n\t\t\t\t\tErste Schritte zur Registrierung\t\t\t\t<\/h2>\n\t\t\t\n\t\t\t\t\t\t\t<a\n\t\t\t\t\thref=\"https:\/\/mylaps.com\/active-sports\/solutions\/contact\/?mylaps_system_interest__c=Registration\"\n\t\t\t\t\ttarget=\"\"\n\t\t\t\t\tclass=\"button--primary\">\n\t\t\t\t\tKontaktieren Sie uns\t\t\t\t<\/a>\n\t\t\t\t\t<\/div>\n\t<\/div>\n<\/div>\n","protected":false},"excerpt":{"rendered":"<p>Anmeldung Suchen Sie nach einer einfachen Online-, Vor-Ort- und Messeanmeldung f\u00fcr Ihre Veranstaltungen? Schlie\u00dfen Sie sich mit MYLAPS zusammen und sichern Sie sich eine reibungslose und einfache Registrierung sowohl f\u00fcr die Teilnehmer als auch f\u00fcr den Veranstalter. Eventapp by tracx Die Athleten entwickeln sich weiter, Sie auch? Die Registrierung ist ein wichtiger Teil der Organisation einer Sportveranstaltung f\u00fcr Laufen, Radfahren, Triathlon und andere Sportarten. Bieten Sie Ihren Teilnehmern eine reibungslose Registrierung. MYLAPS arbeitet mit Registrierungsexperten zusammen, die die beste Registrierungsplattform ihrer Klasse anbieten. Die Plattform ist: Optimiert f\u00fcr Smartphones: 60% der Anmeldungen erfolgen \u00fcber mobile Ger\u00e4te Vollst\u00e4ndig anpassbar: Verwenden Sie Ihr eigenes Look &amp; Feel, mit [&#8230;]<\/p>\n","protected":false},"author":2,"featured_media":0,"parent":33225,"menu_order":0,"comment_status":"closed","ping_status":"closed","template":"","meta":{"_acf_changed":false,"content-type":"","_trash_the_other_posts":false,"editor_notices":[],"footnotes":""},"class_list":["post-33045","page","type-page","status-publish","hentry"],"acf":[],"yoast_head":"<!-- This site is optimized with the Yoast SEO Premium plugin v27.0 (Yoast SEO v27.0) - https:\/\/yoast.com\/product\/yoast-seo-premium-wordpress\/ -->\n<title>Anmeldung<\/title>\n<meta name=\"description\" content=\"Schlie\u00dfen Sie sich mit MYLAPS zusammen und sichern Sie sich eine einfache Registrierung, sowohl f\u00fcr Teilnehmer als auch f\u00fcr Veranstalter.\" \/>\n<meta name=\"robots\" content=\"index, follow, max-snippet:-1, max-image-preview:large, max-video-preview:-1\" \/>\n<link rel=\"canonical\" href=\"https:\/\/mylaps.com\/de\/aktiver-sport\/dienstleistungen\/anmeldung\/\" \/>\n<meta property=\"og:locale\" content=\"en_US\" \/>\n<meta property=\"og:type\" content=\"article\" \/>\n<meta property=\"og:title\" content=\"Anmeldung\" \/>\n<meta property=\"og:description\" content=\"Schlie\u00dfen Sie sich mit MYLAPS zusammen und sichern Sie sich eine einfache Registrierung, sowohl f\u00fcr Teilnehmer als auch f\u00fcr Veranstalter.\" \/>\n<meta property=\"og:url\" content=\"https:\/\/mylaps.com\/de\/aktiver-sport\/dienstleistungen\/anmeldung\/\" \/>\n<meta property=\"og:site_name\" content=\"MYLAPS - German\" \/>\n<meta property=\"article:modified_time\" content=\"2025-04-17T09:15:55+00:00\" \/>\n<meta name=\"twitter:card\" content=\"summary_large_image\" \/>\n<meta name=\"twitter:label1\" content=\"Est. reading time\" \/>\n\t<meta name=\"twitter:data1\" content=\"3 minutes\" \/>\n<script type=\"application\/ld+json\" class=\"yoast-schema-graph\">{\"@context\":\"https:\/\/schema.org\",\"@graph\":[{\"@type\":\"WebPage\",\"@id\":\"https:\/\/mylaps.com\/de\/aktiver-sport\/dienstleistungen\/anmeldung\/\",\"url\":\"https:\/\/mylaps.com\/de\/aktiver-sport\/dienstleistungen\/anmeldung\/\",\"name\":\"Anmeldung\",\"isPartOf\":{\"@id\":\"https:\/\/mylaps.com\/de\/#website\"},\"datePublished\":\"2025-01-07T14:41:45+00:00\",\"dateModified\":\"2025-04-17T09:15:55+00:00\",\"description\":\"Schlie\u00dfen Sie sich mit MYLAPS zusammen und sichern Sie sich eine einfache Registrierung, sowohl f\u00fcr Teilnehmer als auch f\u00fcr Veranstalter.\",\"breadcrumb\":{\"@id\":\"https:\/\/mylaps.com\/de\/aktiver-sport\/dienstleistungen\/anmeldung\/#breadcrumb\"},\"inLanguage\":\"en-US\",\"potentialAction\":[{\"@type\":\"ReadAction\",\"target\":[\"https:\/\/mylaps.com\/de\/aktiver-sport\/dienstleistungen\/anmeldung\/\"]}]},{\"@type\":\"BreadcrumbList\",\"@id\":\"https:\/\/mylaps.com\/de\/aktiver-sport\/dienstleistungen\/anmeldung\/#breadcrumb\",\"itemListElement\":[{\"@type\":\"ListItem\",\"position\":1,\"name\":\"Home\",\"item\":\"https:\/\/mylaps.com\/de\/\"},{\"@type\":\"ListItem\",\"position\":2,\"name\":\"Aktiver Sport\",\"item\":\"https:\/\/mylaps.com\/de\/aktiver-sport\/\"},{\"@type\":\"ListItem\",\"position\":3,\"name\":\"Services (Active)\",\"item\":\"https:\/\/mylaps.com\/de\/aktiver-sport\/dienstleistungen\/\"},{\"@type\":\"ListItem\",\"position\":4,\"name\":\"Anmeldung\"}]},{\"@type\":\"WebSite\",\"@id\":\"https:\/\/mylaps.com\/de\/#website\",\"url\":\"https:\/\/mylaps.com\/de\/\",\"name\":\"MYLAPS\",\"description\":\"MYLAPS Sports Timing - The Industry&#039;s Most Reliable and Accurate Timing and Data Solutions\",\"potentialAction\":[{\"@type\":\"SearchAction\",\"target\":{\"@type\":\"EntryPoint\",\"urlTemplate\":\"https:\/\/mylaps.com\/de\/?s={search_term_string}\"},\"query-input\":{\"@type\":\"PropertyValueSpecification\",\"valueRequired\":true,\"valueName\":\"search_term_string\"}}],\"inLanguage\":\"en-US\"}]}<\/script>\n<!-- \/ Yoast SEO Premium plugin. -->","yoast_head_json":{"title":"Anmeldung","description":"Schlie\u00dfen Sie sich mit MYLAPS zusammen und sichern Sie sich eine einfache Registrierung, sowohl f\u00fcr Teilnehmer als auch f\u00fcr Veranstalter.","robots":{"index":"index","follow":"follow","max-snippet":"max-snippet:-1","max-image-preview":"max-image-preview:large","max-video-preview":"max-video-preview:-1"},"canonical":"https:\/\/mylaps.com\/de\/aktiver-sport\/dienstleistungen\/anmeldung\/","og_locale":"en_US","og_type":"article","og_title":"Anmeldung","og_description":"Schlie\u00dfen Sie sich mit MYLAPS zusammen und sichern Sie sich eine einfache Registrierung, sowohl f\u00fcr Teilnehmer als auch f\u00fcr Veranstalter.","og_url":"https:\/\/mylaps.com\/de\/aktiver-sport\/dienstleistungen\/anmeldung\/","og_site_name":"MYLAPS - German","article_modified_time":"2025-04-17T09:15:55+00:00","twitter_card":"summary_large_image","twitter_misc":{"Est. reading time":"3 minutes"},"schema":{"@context":"https:\/\/schema.org","@graph":[{"@type":"WebPage","@id":"https:\/\/mylaps.com\/de\/aktiver-sport\/dienstleistungen\/anmeldung\/","url":"https:\/\/mylaps.com\/de\/aktiver-sport\/dienstleistungen\/anmeldung\/","name":"Anmeldung","isPartOf":{"@id":"https:\/\/mylaps.com\/de\/#website"},"datePublished":"2025-01-07T14:41:45+00:00","dateModified":"2025-04-17T09:15:55+00:00","description":"Schlie\u00dfen Sie sich mit MYLAPS zusammen und sichern Sie sich eine einfache Registrierung, sowohl f\u00fcr Teilnehmer als auch f\u00fcr Veranstalter.","breadcrumb":{"@id":"https:\/\/mylaps.com\/de\/aktiver-sport\/dienstleistungen\/anmeldung\/#breadcrumb"},"inLanguage":"en-US","potentialAction":[{"@type":"ReadAction","target":["https:\/\/mylaps.com\/de\/aktiver-sport\/dienstleistungen\/anmeldung\/"]}]},{"@type":"BreadcrumbList","@id":"https:\/\/mylaps.com\/de\/aktiver-sport\/dienstleistungen\/anmeldung\/#breadcrumb","itemListElement":[{"@type":"ListItem","position":1,"name":"Home","item":"https:\/\/mylaps.com\/de\/"},{"@type":"ListItem","position":2,"name":"Aktiver Sport","item":"https:\/\/mylaps.com\/de\/aktiver-sport\/"},{"@type":"ListItem","position":3,"name":"Services (Active)","item":"https:\/\/mylaps.com\/de\/aktiver-sport\/dienstleistungen\/"},{"@type":"ListItem","position":4,"name":"Anmeldung"}]},{"@type":"WebSite","@id":"https:\/\/mylaps.com\/de\/#website","url":"https:\/\/mylaps.com\/de\/","name":"MYLAPS","description":"MYLAPS Sports Timing - The Industry&#039;s Most Reliable and Accurate Timing and Data Solutions","potentialAction":[{"@type":"SearchAction","target":{"@type":"EntryPoint","urlTemplate":"https:\/\/mylaps.com\/de\/?s={search_term_string}"},"query-input":{"@type":"PropertyValueSpecification","valueRequired":true,"valueName":"search_term_string"}}],"inLanguage":"en-US"}]}},"_links":{"self":[{"href":"https:\/\/mylaps.com\/de\/wp-json\/wp\/v2\/pages\/33045","targetHints":{"allow":["GET"]}}],"collection":[{"href":"https:\/\/mylaps.com\/de\/wp-json\/wp\/v2\/pages"}],"about":[{"href":"https:\/\/mylaps.com\/de\/wp-json\/wp\/v2\/types\/page"}],"author":[{"embeddable":true,"href":"https:\/\/mylaps.com\/de\/wp-json\/wp\/v2\/users\/2"}],"replies":[{"embeddable":true,"href":"https:\/\/mylaps.com\/de\/wp-json\/wp\/v2\/comments?post=33045"}],"version-history":[{"count":10,"href":"https:\/\/mylaps.com\/de\/wp-json\/wp\/v2\/pages\/33045\/revisions"}],"predecessor-version":[{"id":35612,"href":"https:\/\/mylaps.com\/de\/wp-json\/wp\/v2\/pages\/33045\/revisions\/35612"}],"up":[{"embeddable":true,"href":"https:\/\/mylaps.com\/de\/wp-json\/wp\/v2\/pages\/33225"}],"wp:attachment":[{"href":"https:\/\/mylaps.com\/de\/wp-json\/wp\/v2\/media?parent=33045"}],"curies":[{"name":"wp","href":"https:\/\/api.w.org\/{rel}","templated":true}]}}