{"id":33087,"date":"2025-01-08T08:56:16","date_gmt":"2025-01-08T08:56:16","guid":{"rendered":"https:\/\/mylaps.com\/?page_id=33087"},"modified":"2025-04-17T09:16:18","modified_gmt":"2025-04-17T09:16:18","slug":"fundraising","status":"publish","type":"page","link":"https:\/\/mylaps.com\/de\/aktiver-sport\/dienstleistungen\/fundraising\/","title":{"rendered":"Fundraising"},"content":{"rendered":"<div class=\"block hero hero--background-img hero--content-tc\">\n\t<img loading=\"lazy\" decoding=\"async\" width=\"2000\" height=\"891\" src=\"https:\/\/mylaps.com\/wp-content\/uploads\/2025\/01\/fundraising-4-scaled-1-e1736342267771-2000x891.jpg\" class=\"hero__background\" alt=\"\" srcset=\"https:\/\/mylaps.com\/wp-content\/uploads\/2025\/01\/fundraising-4-scaled-1-e1736342267771-2000x891.jpg 2000w, https:\/\/mylaps.com\/wp-content\/uploads\/2025\/01\/fundraising-4-scaled-1-e1736342267771-300x134.jpg 300w, https:\/\/mylaps.com\/wp-content\/uploads\/2025\/01\/fundraising-4-scaled-1-e1736342267771-768x342.jpg 768w, https:\/\/mylaps.com\/wp-content\/uploads\/2025\/01\/fundraising-4-scaled-1-e1736342267771-1024x456.jpg 1024w, https:\/\/mylaps.com\/wp-content\/uploads\/2025\/01\/fundraising-4-scaled-1-e1736342267771-1536x684.jpg 1536w, https:\/\/mylaps.com\/wp-content\/uploads\/2025\/01\/fundraising-4-scaled-1-e1736342267771-2048x912.jpg 2048w, https:\/\/mylaps.com\/wp-content\/uploads\/2025\/01\/fundraising-4-scaled-1-e1736342267771-750x334.jpg 750w, https:\/\/mylaps.com\/wp-content\/uploads\/2025\/01\/fundraising-4-scaled-1-e1736342267771-400x178.jpg 400w, https:\/\/mylaps.com\/wp-content\/uploads\/2025\/01\/fundraising-4-scaled-1-e1736342267771-225x100.jpg 225w\" sizes=\"auto, (max-width: 2000px) 100vw, 2000px\" \/>\n\t<div class=\"container\">\n\t\t<div class=\"hero__content space-content\">\n\t\t\t\t\t\t\t<h1>\n\t\t\t\t\tFundraising\t\t\t\t<\/h1>\n\t\t\t\n\t\t\t<div class='flex-shrink-0 flex-col relative items-end'>\n<div class='pt-0'>\n<div class='gizmo-bot-avatar flex h-8 w-8 items-center justify-center overflow-hidden rounded-full'>\n<div class='relative p-1 rounded-sm flex items-center justify-center bg-token-main-surface-primary text-token-text-primary h-8 w-8'>\n<div class='flex-shrink-0 flex-col relative items-end'>\n<div>\n<div class='pt-0'>\n<div class='gizmo-bot-avatar flex h-8 w-8 items-center justify-center overflow-hidden rounded-full'>\n<div class='relative p-1 rounded-sm flex items-center justify-center bg-token-main-surface-primary text-token-text-primary h-8 w-8'>Veranstalter k\u00f6nnen ihr Engagement und ihre Wirkung mit MYLAPS und dem kostenlosen Fundraising-Service von GivenGain verbessern, der in der gesamten EMEA-Region und im asiatisch-pazifischen Raum verf\u00fcgbar ist.<\/div>\n<\/div>\n<\/div>\n<\/div>\n<\/div>\n<\/div>\n<\/div>\n<\/div>\n<\/div>\n\t\t<\/div>\n\t<\/div>\n<\/div>\n\n\n<div\n\tclass=\"block content bg--white content--flip-columns-on-mobile content--align-content-vertically content--cols-2 bg--blank content--arrange-half\"\n\tstyle=\"--cols: 2\">\n\t<div class=\"container\">\n\t\t\t\t\t<div class=\"content__column\">\n\t\t\t\t\t\t\t\t\t<div\n\t\t\t\t\t\t\t\t\t\t\t\tclass=\"content__type--image space-content\">\n\t\t\t\t\t\t\t\t\t\t\t\t\t\t<figure class=\"content__figure\">\n\t\t\t\t\t\t\t\t\t<img loading=\"lazy\" decoding=\"async\" width=\"750\" height=\"500\" src=\"https:\/\/mylaps.com\/wp-content\/uploads\/2025\/01\/fundraising-2-750x500.jpg\" class=\"content__image\" alt=\"\" srcset=\"https:\/\/mylaps.com\/wp-content\/uploads\/2025\/01\/fundraising-2-750x500.jpg 750w, https:\/\/mylaps.com\/wp-content\/uploads\/2025\/01\/fundraising-2-300x200.jpg 300w, https:\/\/mylaps.com\/wp-content\/uploads\/2025\/01\/fundraising-2-768x512.jpg 768w, https:\/\/mylaps.com\/wp-content\/uploads\/2025\/01\/fundraising-2-1024x683.jpg 1024w, https:\/\/mylaps.com\/wp-content\/uploads\/2025\/01\/fundraising-2-1536x1024.jpg 1536w, https:\/\/mylaps.com\/wp-content\/uploads\/2025\/01\/fundraising-2-400x267.jpg 400w, https:\/\/mylaps.com\/wp-content\/uploads\/2025\/01\/fundraising-2-150x100.jpg 150w, https:\/\/mylaps.com\/wp-content\/uploads\/2025\/01\/fundraising-2.jpg 1600w\" sizes=\"auto, (max-width: 750px) 100vw, 750px\" \/>\t\t\t\t\t\t\t\t<\/figure>\n\t\t\t\t\t\t\t\t\t\t\t\t\t<\/div>\n\t\t\t\t\t\t\t<\/div>\n\t\t\t\t\t<div class=\"content__column\">\n\t\t\t\t\t\t\t\t\t<div\n\t\t\t\t\t\tdata-aos=\"fade-up\"\t\t\t\t\t\tclass=\"content__type--text space-content\">\n\t\t\t\t\t\t<p class=\"label\">GivenGain<\/p>\n<h2 class=\"picture-title\">RENNEN F\u00dcR WOHLT\u00c4TIGKEIT<\/h2>\n<p>Bieten Sie Ihren Teilnehmern und Zuschauern ein einzigartiges Event-Erlebnis mit Fundraising. Engagieren und unterst\u00fctzen Sie Ihre Wohlt\u00e4tigkeitsorganisationen. All dies und vieles mehr in Ihrem eigenen Branding, um die Sichtbarkeit und Reichweite Ihrer Sponsoren zu maximieren.<\/p>\n<ul>\n<li>Erinnerungsw\u00fcrdige Erlebnisse<\/li>\n<li>Soziale Wirkung<\/li>\n<li>Sponsorenwert f\u00fcr Events &amp; Athleten<\/li>\n<\/ul>\n<p><a class=\"button--primary\" href=\"https:\/\/..\">Kontaktieren sie uns<\/a><\/p>\n\t\t\t\t\t<\/div>\n\t\t\t\t\t\t\t<\/div>\n\t\t\t<\/div>\n<\/div>\n\n\n<div class=\"block hero hero--background-img\">\n\t<img loading=\"lazy\" decoding=\"async\" width=\"2000\" height=\"1334\" src=\"https:\/\/mylaps.com\/wp-content\/uploads\/2025\/01\/fundraising-7-scaled-1-2000x1334.jpg\" class=\"hero__background\" alt=\"\" srcset=\"https:\/\/mylaps.com\/wp-content\/uploads\/2025\/01\/fundraising-7-scaled-1-2000x1334.jpg 2000w, https:\/\/mylaps.com\/wp-content\/uploads\/2025\/01\/fundraising-7-scaled-1-300x200.jpg 300w, https:\/\/mylaps.com\/wp-content\/uploads\/2025\/01\/fundraising-7-scaled-1-768x512.jpg 768w, https:\/\/mylaps.com\/wp-content\/uploads\/2025\/01\/fundraising-7-scaled-1-1024x683.jpg 1024w, https:\/\/mylaps.com\/wp-content\/uploads\/2025\/01\/fundraising-7-scaled-1-1536x1024.jpg 1536w, https:\/\/mylaps.com\/wp-content\/uploads\/2025\/01\/fundraising-7-scaled-1-2048x1366.jpg 2048w, https:\/\/mylaps.com\/wp-content\/uploads\/2025\/01\/fundraising-7-scaled-1-750x500.jpg 750w, https:\/\/mylaps.com\/wp-content\/uploads\/2025\/01\/fundraising-7-scaled-1-400x267.jpg 400w, https:\/\/mylaps.com\/wp-content\/uploads\/2025\/01\/fundraising-7-scaled-1-150x100.jpg 150w\" sizes=\"auto, (max-width: 2000px) 100vw, 2000px\" \/>\n\t<div class=\"container\">\n\t\t<div class=\"hero__content space-content\">\n\t\t\t\n\t\t\t\t\t<\/div>\n\t<\/div>\n<\/div>\n\n\n<div\n\tclass=\"block content bg--white content--align-content-vertically content--cols-2 bg--blank content--arrange-half\"\n\tstyle=\"--cols: 2\">\n\t<div class=\"container\">\n\t\t\t\t\t<div class=\"content__column\">\n\t\t\t\t\t\t\t\t\t<div\n\t\t\t\t\t\tdata-aos=\"fade-up\"\t\t\t\t\t\tclass=\"content__type--text space-content\">\n\t\t\t\t\t\t<p class=\"label\">Givengain foundation<\/p>\n<h3>ALLE GEBEN, ALLE GEWINNEN<\/h3>\n<p class=\"c-title-4 is-light-blue is-balance\">GivenGain, ein weltweit f\u00fchrender Anbieter von Crowdfunding f\u00fcr non-profit Organisationen, steigert die Einnahmen von Wohlt\u00e4tigkeitsorganisationen jeder Gr\u00f6\u00dfe, von Unicef bis zu kleinen lokalen Gruppen. Das Unternehmen ist in mehr als 30 L\u00e4ndern t\u00e4tig und unterst\u00fctzt mit Hilfe von Spendern und Spendensammlern weltweit Projekte in mehr als 80 L\u00e4ndern. Zu den Partnern geh\u00f6ren der Boston Marathon, aQuell\u00e9 Midmar Mile und Absa Cape Epic.<\/p>\n<p><a class=\"button--ghost\" href=\"https:\/\/www.givengain.com\/about-us\">Mehr erhahren<\/a><\/p>\n\t\t\t\t\t<\/div>\n\t\t\t\t\t\t\t<\/div>\n\t\t\t\t\t<div class=\"content__column\">\n\t\t\t\t\t\t\t\t\t<div\n\t\t\t\t\t\t\t\t\t\t\t\tclass=\"content__type--image space-content\">\n\t\t\t\t\t\t\t\t\t\t\t\t\t\t<figure class=\"content__figure\">\n\t\t\t\t\t\t\t\t\t<img loading=\"lazy\" decoding=\"async\" width=\"750\" height=\"430\" src=\"https:\/\/mylaps.com\/wp-content\/uploads\/2025\/01\/66a0e86f331b75971cd9dc72_GGteam-about-us-750x430.jpg\" class=\"content__image\" alt=\"\" srcset=\"https:\/\/mylaps.com\/wp-content\/uploads\/2025\/01\/66a0e86f331b75971cd9dc72_GGteam-about-us-750x430.jpg 750w, https:\/\/mylaps.com\/wp-content\/uploads\/2025\/01\/66a0e86f331b75971cd9dc72_GGteam-about-us-300x172.jpg 300w, https:\/\/mylaps.com\/wp-content\/uploads\/2025\/01\/66a0e86f331b75971cd9dc72_GGteam-about-us-768x440.jpg 768w, https:\/\/mylaps.com\/wp-content\/uploads\/2025\/01\/66a0e86f331b75971cd9dc72_GGteam-about-us-1024x587.jpg 1024w, https:\/\/mylaps.com\/wp-content\/uploads\/2025\/01\/66a0e86f331b75971cd9dc72_GGteam-about-us-400x229.jpg 400w, https:\/\/mylaps.com\/wp-content\/uploads\/2025\/01\/66a0e86f331b75971cd9dc72_GGteam-about-us-174x100.jpg 174w, https:\/\/mylaps.com\/wp-content\/uploads\/2025\/01\/66a0e86f331b75971cd9dc72_GGteam-about-us.jpg 1202w\" sizes=\"auto, (max-width: 750px) 100vw, 750px\" \/>\t\t\t\t\t\t\t\t<\/figure>\n\t\t\t\t\t\t\t\t\t\t\t\t\t<\/div>\n\t\t\t\t\t\t\t<\/div>\n\t\t\t<\/div>\n<\/div>\n\n\n<div class=\"block hero hero--background-img\">\n\t<img loading=\"lazy\" decoding=\"async\" width=\"2000\" height=\"1334\" src=\"https:\/\/mylaps.com\/wp-content\/uploads\/2025\/01\/fundraising-8-scaled-1-2000x1334.jpeg\" class=\"hero__background\" alt=\"\" srcset=\"https:\/\/mylaps.com\/wp-content\/uploads\/2025\/01\/fundraising-8-scaled-1-2000x1334.jpeg 2000w, https:\/\/mylaps.com\/wp-content\/uploads\/2025\/01\/fundraising-8-scaled-1-300x200.jpeg 300w, https:\/\/mylaps.com\/wp-content\/uploads\/2025\/01\/fundraising-8-scaled-1-768x512.jpeg 768w, https:\/\/mylaps.com\/wp-content\/uploads\/2025\/01\/fundraising-8-scaled-1-1024x683.jpeg 1024w, https:\/\/mylaps.com\/wp-content\/uploads\/2025\/01\/fundraising-8-scaled-1-1536x1024.jpeg 1536w, https:\/\/mylaps.com\/wp-content\/uploads\/2025\/01\/fundraising-8-scaled-1-2048x1366.jpeg 2048w, https:\/\/mylaps.com\/wp-content\/uploads\/2025\/01\/fundraising-8-scaled-1-750x500.jpeg 750w, https:\/\/mylaps.com\/wp-content\/uploads\/2025\/01\/fundraising-8-scaled-1-400x267.jpeg 400w, https:\/\/mylaps.com\/wp-content\/uploads\/2025\/01\/fundraising-8-scaled-1-150x100.jpeg 150w\" sizes=\"auto, (max-width: 2000px) 100vw, 2000px\" \/>\n\t<div class=\"container\">\n\t\t<div class=\"hero__content space-content\">\n\t\t\t\n\t\t\t\t\t<\/div>\n\t<\/div>\n<\/div>\n\n\n<div\n\tclass=\"block content bg--white content--flip-columns-on-mobile content--align-content-vertically content--cols-2 bg--blank content--arrange-half\"\n\tstyle=\"--cols: 2\">\n\t<div class=\"container\">\n\t\t\t\t\t<div class=\"content__column\">\n\t\t\t\t\t\t\t\t\t<div\n\t\t\t\t\t\t\t\t\t\t\t\tclass=\"content__type--image space-content\">\n\t\t\t\t\t\t\t\t\t\t\t\t\t\t<figure class=\"content__figure\">\n\t\t\t\t\t\t\t\t\t<img loading=\"lazy\" decoding=\"async\" width=\"600\" height=\"600\" src=\"https:\/\/mylaps.com\/wp-content\/uploads\/2025\/01\/Fundraising-square.png\" class=\"content__image\" alt=\"\" srcset=\"https:\/\/mylaps.com\/wp-content\/uploads\/2025\/01\/Fundraising-square.png 600w, https:\/\/mylaps.com\/wp-content\/uploads\/2025\/01\/Fundraising-square-150x150.png 150w, https:\/\/mylaps.com\/wp-content\/uploads\/2025\/01\/Fundraising-square-300x300.png 300w, https:\/\/mylaps.com\/wp-content\/uploads\/2025\/01\/Fundraising-square-400x400.png 400w, https:\/\/mylaps.com\/wp-content\/uploads\/2025\/01\/Fundraising-square-100x100.png 100w\" sizes=\"auto, (max-width: 600px) 100vw, 600px\" \/>\t\t\t\t\t\t\t\t<\/figure>\n\t\t\t\t\t\t\t\t\t\t\t\t\t<\/div>\n\t\t\t\t\t\t\t<\/div>\n\t\t\t\t\t<div class=\"content__column\">\n\t\t\t\t\t\t\t\t\t<div\n\t\t\t\t\t\tdata-aos=\"fade-up\"\t\t\t\t\t\tclass=\"content__type--text space-content\">\n\t\t\t\t\t\t<p class=\"label\">Warum Spenden sammeln<\/p>\n<h2 class=\"card-title color-blue font-family-secondar text-left\">WIE SPENDENAKTIONEN F\u00dcR WOHLT\u00c4TIGE ZWECKE VERANSTALTUNGEN UNTERSCHT\u00dcTZEN<\/h2>\n<ul>\n<li>Schafft ein unvergessliches Erlebnis vor, w\u00e4hrend und nach dem Lauftag<\/li>\n<li>F\u00f6rdert Anmeldungen von lokalen und internationalen Teilnehmern<\/li>\n<li>Zieht die n\u00e4chste Generation sozial bewusster Teilnehmer an<\/li>\n<li>Macht einen gro\u00dfen Einfluss auf Partner-Wohlt\u00e4tigkeitsorganisationen &#8211; der durchschnittliche Veranstaltungsteilnehmer sammelt \u00fcber sein Netzwerk 1.200 US-Dollar<\/li>\n<\/ul>\n\t\t\t\t\t<\/div>\n\t\t\t\t\t\t\t<\/div>\n\t\t\t<\/div>\n<\/div>\n\n\n<div class=\"block cta\">\n\t<div class=\"container--medium\">\n\t\t<div class=\"cta__content\">\n\t\t\t\t\t\t\t<h2>\n\t\t\t\t\tErste Schritte zur Registrierung\t\t\t\t<\/h2>\n\t\t\t\n\t\t\t\t\t\t\t<a\n\t\t\t\t\thref=\"https:\/\/mylaps.com\/about-us\/contact-us\/\"\n\t\t\t\t\ttarget=\"\"\n\t\t\t\t\tclass=\"button--primary\">\n\t\t\t\t\tKontaktieren Sie uns\t\t\t\t<\/a>\n\t\t\t\t\t<\/div>\n\t<\/div>\n<\/div>\n","protected":false},"excerpt":{"rendered":"<p>Mit MYLAPS und dem kostenlosen Fundraising-Service von GivenGain, der in der gesamten EMEA-Region und im asiatisch-pazifischen Raum verf\u00fcgbar ist, k\u00f6nnen Veranstalter von Fundraising-Events ihr Engagement und ihre Wirkung steigern. GivenGain Rennen f\u00fcr den guten Zweck. Bieten Sie Ihren Teilnehmern und Zuschauern ein einzigartiges Event-Erlebnis mit Fundraising. Engagieren und unterst\u00fctzen Sie Ihre Wohlt\u00e4tigkeitsorganisationen. All dies und vieles mehr in Ihrem eigenen Branding, um die Sichtbarkeit und Reichweite Ihrer Sponsoren zu maximieren. Unvergessliche Erlebnisse Soziale Wirkung Sponsorwert f\u00fcr Events &amp; Athleten Kontakt Givengain Stiftung Alle geben, alle gewinnen. GivenGain, ein weltweit f\u00fchrender Anbieter von Crowdfunding f\u00fcr gemeinn\u00fctzige Organisationen, steigert die Einnahmen von Wohlt\u00e4tigkeitsorganisationen jeder Gr\u00f6\u00dfe, von Unicef bis zu kleinen lokalen Gruppen. In \u00fcber 30 L\u00e4ndern t\u00e4tig [&#8230;]<\/p>\n","protected":false},"author":2,"featured_media":0,"parent":33225,"menu_order":0,"comment_status":"closed","ping_status":"closed","template":"","meta":{"_acf_changed":false,"content-type":"","_trash_the_other_posts":false,"editor_notices":[],"footnotes":""},"class_list":["post-33087","page","type-page","status-publish","hentry"],"acf":[],"yoast_head":"<!-- This site is optimized with the Yoast SEO Premium plugin v27.0 (Yoast SEO v27.0) - https:\/\/yoast.com\/product\/yoast-seo-premium-wordpress\/ -->\n<title>Fundraising<\/title>\n<meta name=\"robots\" content=\"index, follow, max-snippet:-1, max-image-preview:large, max-video-preview:-1\" \/>\n<link rel=\"canonical\" href=\"https:\/\/mylaps.com\/de\/aktiver-sport\/dienstleistungen\/fundraising\/\" \/>\n<meta property=\"og:locale\" content=\"en_US\" \/>\n<meta property=\"og:type\" content=\"article\" \/>\n<meta property=\"og:title\" content=\"Fundraising\" \/>\n<meta property=\"og:description\" content=\"Mit MYLAPS und dem kostenlosen Fundraising-Service von GivenGain, der in der gesamten EMEA-Region und im asiatisch-pazifischen Raum verf\u00fcgbar ist, k\u00f6nnen Veranstalter von Fundraising-Events ihr Engagement und ihre Wirkung steigern. GivenGain Rennen f\u00fcr den guten Zweck. Bieten Sie Ihren Teilnehmern und Zuschauern ein einzigartiges Event-Erlebnis mit Fundraising. Engagieren und unterst\u00fctzen Sie Ihre Wohlt\u00e4tigkeitsorganisationen. All dies und vieles mehr in Ihrem eigenen Branding, um die Sichtbarkeit und Reichweite Ihrer Sponsoren zu maximieren. Unvergessliche Erlebnisse Soziale Wirkung Sponsorwert f\u00fcr Events &amp; Athleten Kontakt Givengain Stiftung Alle geben, alle gewinnen. GivenGain, ein weltweit f\u00fchrender Anbieter von Crowdfunding f\u00fcr gemeinn\u00fctzige Organisationen, steigert die Einnahmen von Wohlt\u00e4tigkeitsorganisationen jeder Gr\u00f6\u00dfe, von Unicef bis zu kleinen lokalen Gruppen. In \u00fcber 30 L\u00e4ndern t\u00e4tig [...]\" \/>\n<meta property=\"og:url\" content=\"https:\/\/mylaps.com\/de\/aktiver-sport\/dienstleistungen\/fundraising\/\" \/>\n<meta property=\"og:site_name\" content=\"MYLAPS - German\" \/>\n<meta property=\"article:modified_time\" content=\"2025-04-17T09:16:18+00:00\" \/>\n<meta name=\"twitter:card\" content=\"summary_large_image\" \/>\n<meta name=\"twitter:label1\" content=\"Est. reading time\" \/>\n\t<meta name=\"twitter:data1\" content=\"3 minutes\" \/>\n<script type=\"application\/ld+json\" class=\"yoast-schema-graph\">{\"@context\":\"https:\/\/schema.org\",\"@graph\":[{\"@type\":\"WebPage\",\"@id\":\"https:\/\/mylaps.com\/de\/aktiver-sport\/dienstleistungen\/fundraising\/\",\"url\":\"https:\/\/mylaps.com\/de\/aktiver-sport\/dienstleistungen\/fundraising\/\",\"name\":\"Fundraising\",\"isPartOf\":{\"@id\":\"https:\/\/mylaps.com\/de\/#website\"},\"datePublished\":\"2025-01-08T08:56:16+00:00\",\"dateModified\":\"2025-04-17T09:16:18+00:00\",\"breadcrumb\":{\"@id\":\"https:\/\/mylaps.com\/de\/aktiver-sport\/dienstleistungen\/fundraising\/#breadcrumb\"},\"inLanguage\":\"en-US\",\"potentialAction\":[{\"@type\":\"ReadAction\",\"target\":[\"https:\/\/mylaps.com\/de\/aktiver-sport\/dienstleistungen\/fundraising\/\"]}]},{\"@type\":\"BreadcrumbList\",\"@id\":\"https:\/\/mylaps.com\/de\/aktiver-sport\/dienstleistungen\/fundraising\/#breadcrumb\",\"itemListElement\":[{\"@type\":\"ListItem\",\"position\":1,\"name\":\"Home\",\"item\":\"https:\/\/mylaps.com\/de\/\"},{\"@type\":\"ListItem\",\"position\":2,\"name\":\"Aktiver Sport\",\"item\":\"https:\/\/mylaps.com\/de\/aktiver-sport\/\"},{\"@type\":\"ListItem\",\"position\":3,\"name\":\"Services (Active)\",\"item\":\"https:\/\/mylaps.com\/de\/aktiver-sport\/dienstleistungen\/\"},{\"@type\":\"ListItem\",\"position\":4,\"name\":\"Fundraising\"}]},{\"@type\":\"WebSite\",\"@id\":\"https:\/\/mylaps.com\/de\/#website\",\"url\":\"https:\/\/mylaps.com\/de\/\",\"name\":\"MYLAPS\",\"description\":\"MYLAPS Sports Timing - The Industry&#039;s Most Reliable and Accurate Timing and Data Solutions\",\"potentialAction\":[{\"@type\":\"SearchAction\",\"target\":{\"@type\":\"EntryPoint\",\"urlTemplate\":\"https:\/\/mylaps.com\/de\/?s={search_term_string}\"},\"query-input\":{\"@type\":\"PropertyValueSpecification\",\"valueRequired\":true,\"valueName\":\"search_term_string\"}}],\"inLanguage\":\"en-US\"}]}<\/script>\n<!-- \/ Yoast SEO Premium plugin. -->","yoast_head_json":{"title":"Fundraising","robots":{"index":"index","follow":"follow","max-snippet":"max-snippet:-1","max-image-preview":"max-image-preview:large","max-video-preview":"max-video-preview:-1"},"canonical":"https:\/\/mylaps.com\/de\/aktiver-sport\/dienstleistungen\/fundraising\/","og_locale":"en_US","og_type":"article","og_title":"Fundraising","og_description":"Mit MYLAPS und dem kostenlosen Fundraising-Service von GivenGain, der in der gesamten EMEA-Region und im asiatisch-pazifischen Raum verf\u00fcgbar ist, k\u00f6nnen Veranstalter von Fundraising-Events ihr Engagement und ihre Wirkung steigern. GivenGain Rennen f\u00fcr den guten Zweck. Bieten Sie Ihren Teilnehmern und Zuschauern ein einzigartiges Event-Erlebnis mit Fundraising. Engagieren und unterst\u00fctzen Sie Ihre Wohlt\u00e4tigkeitsorganisationen. All dies und vieles mehr in Ihrem eigenen Branding, um die Sichtbarkeit und Reichweite Ihrer Sponsoren zu maximieren. Unvergessliche Erlebnisse Soziale Wirkung Sponsorwert f\u00fcr Events &amp; Athleten Kontakt Givengain Stiftung Alle geben, alle gewinnen. GivenGain, ein weltweit f\u00fchrender Anbieter von Crowdfunding f\u00fcr gemeinn\u00fctzige Organisationen, steigert die Einnahmen von Wohlt\u00e4tigkeitsorganisationen jeder Gr\u00f6\u00dfe, von Unicef bis zu kleinen lokalen Gruppen. In \u00fcber 30 L\u00e4ndern t\u00e4tig [...]","og_url":"https:\/\/mylaps.com\/de\/aktiver-sport\/dienstleistungen\/fundraising\/","og_site_name":"MYLAPS - German","article_modified_time":"2025-04-17T09:16:18+00:00","twitter_card":"summary_large_image","twitter_misc":{"Est. reading time":"3 minutes"},"schema":{"@context":"https:\/\/schema.org","@graph":[{"@type":"WebPage","@id":"https:\/\/mylaps.com\/de\/aktiver-sport\/dienstleistungen\/fundraising\/","url":"https:\/\/mylaps.com\/de\/aktiver-sport\/dienstleistungen\/fundraising\/","name":"Fundraising","isPartOf":{"@id":"https:\/\/mylaps.com\/de\/#website"},"datePublished":"2025-01-08T08:56:16+00:00","dateModified":"2025-04-17T09:16:18+00:00","breadcrumb":{"@id":"https:\/\/mylaps.com\/de\/aktiver-sport\/dienstleistungen\/fundraising\/#breadcrumb"},"inLanguage":"en-US","potentialAction":[{"@type":"ReadAction","target":["https:\/\/mylaps.com\/de\/aktiver-sport\/dienstleistungen\/fundraising\/"]}]},{"@type":"BreadcrumbList","@id":"https:\/\/mylaps.com\/de\/aktiver-sport\/dienstleistungen\/fundraising\/#breadcrumb","itemListElement":[{"@type":"ListItem","position":1,"name":"Home","item":"https:\/\/mylaps.com\/de\/"},{"@type":"ListItem","position":2,"name":"Aktiver Sport","item":"https:\/\/mylaps.com\/de\/aktiver-sport\/"},{"@type":"ListItem","position":3,"name":"Services (Active)","item":"https:\/\/mylaps.com\/de\/aktiver-sport\/dienstleistungen\/"},{"@type":"ListItem","position":4,"name":"Fundraising"}]},{"@type":"WebSite","@id":"https:\/\/mylaps.com\/de\/#website","url":"https:\/\/mylaps.com\/de\/","name":"MYLAPS","description":"MYLAPS Sports Timing - The Industry&#039;s Most Reliable and Accurate Timing and Data Solutions","potentialAction":[{"@type":"SearchAction","target":{"@type":"EntryPoint","urlTemplate":"https:\/\/mylaps.com\/de\/?s={search_term_string}"},"query-input":{"@type":"PropertyValueSpecification","valueRequired":true,"valueName":"search_term_string"}}],"inLanguage":"en-US"}]}},"_links":{"self":[{"href":"https:\/\/mylaps.com\/de\/wp-json\/wp\/v2\/pages\/33087","targetHints":{"allow":["GET"]}}],"collection":[{"href":"https:\/\/mylaps.com\/de\/wp-json\/wp\/v2\/pages"}],"about":[{"href":"https:\/\/mylaps.com\/de\/wp-json\/wp\/v2\/types\/page"}],"author":[{"embeddable":true,"href":"https:\/\/mylaps.com\/de\/wp-json\/wp\/v2\/users\/2"}],"replies":[{"embeddable":true,"href":"https:\/\/mylaps.com\/de\/wp-json\/wp\/v2\/comments?post=33087"}],"version-history":[{"count":10,"href":"https:\/\/mylaps.com\/de\/wp-json\/wp\/v2\/pages\/33087\/revisions"}],"predecessor-version":[{"id":35544,"href":"https:\/\/mylaps.com\/de\/wp-json\/wp\/v2\/pages\/33087\/revisions\/35544"}],"up":[{"embeddable":true,"href":"https:\/\/mylaps.com\/de\/wp-json\/wp\/v2\/pages\/33225"}],"wp:attachment":[{"href":"https:\/\/mylaps.com\/de\/wp-json\/wp\/v2\/media?parent=33087"}],"curies":[{"name":"wp","href":"https:\/\/api.w.org\/{rel}","templated":true}]}}