{"id":33132,"date":"2025-01-08T14:23:41","date_gmt":"2025-01-08T14:23:41","guid":{"rendered":"https:\/\/mylaps.com\/?page_id=33132"},"modified":"2025-04-17T09:16:44","modified_gmt":"2025-04-17T09:16:44","slug":"brandscan","status":"publish","type":"page","link":"https:\/\/mylaps.com\/de\/aktiver-sport\/dienstleistungen\/brandscan\/","title":{"rendered":"BrandScan"},"content":{"rendered":"<div class=\"block hero hero--background-img hero--content-tc\">\n\t<img loading=\"lazy\" decoding=\"async\" width=\"2000\" height=\"1333\" src=\"https:\/\/mylaps.com\/wp-content\/uploads\/2025\/01\/241117-046-1-2000x1333.jpg\" class=\"hero__background\" alt=\"\" srcset=\"https:\/\/mylaps.com\/wp-content\/uploads\/2025\/01\/241117-046-1-2000x1333.jpg 2000w, https:\/\/mylaps.com\/wp-content\/uploads\/2025\/01\/241117-046-1-2048x1365.jpg 2048w, https:\/\/mylaps.com\/wp-content\/uploads\/2025\/01\/241117-046-1-300x200.jpg 300w, https:\/\/mylaps.com\/wp-content\/uploads\/2025\/01\/241117-046-1-768x512.jpg 768w, https:\/\/mylaps.com\/wp-content\/uploads\/2025\/01\/241117-046-1-1024x683.jpg 1024w, https:\/\/mylaps.com\/wp-content\/uploads\/2025\/01\/241117-046-1-1536x1024.jpg 1536w, https:\/\/mylaps.com\/wp-content\/uploads\/2025\/01\/241117-046-1-750x500.jpg 750w, https:\/\/mylaps.com\/wp-content\/uploads\/2025\/01\/241117-046-1-400x267.jpg 400w, https:\/\/mylaps.com\/wp-content\/uploads\/2025\/01\/241117-046-1-150x100.jpg 150w\" sizes=\"auto, (max-width: 2000px) 100vw, 2000px\" \/>\n\t<div class=\"container\">\n\t\t<div class=\"hero__content space-content\">\n\t\t\t\t\t\t\t<h1>\n\t\t\t\t\tBrandScan\t\t\t\t<\/h1>\n\t\t\t\n\t\t\t<div class=\"flex-shrink-0 flex flex-col relative items-end\">\n<div class=\"pt-0\">\n<div class=\"gizmo-bot-avatar flex h-8 w-8 items-center justify-center overflow-hidden rounded-full\">\n<div class=\"relative p-1 rounded-sm flex items-center justify-center bg-token-main-surface-primary text-token-text-primary h-8 w-8\">Erhalte Einblicke in Laufbekleidung und -schuhe mit KI und einer Foto- oder Video-Einrichtung.<\/div>\n<\/div>\n<\/div>\n<\/div>\n\t\t<\/div>\n\t<\/div>\n<\/div>\n\n\n<div\n\tclass=\"block content bg--white content--flip-columns-on-mobile content--align-content-vertically content--cols-2 bg--blank content--arrange-half\"\n\tstyle=\"--cols: 2\">\n\t<div class=\"container\">\n\t\t\t\t\t<div class=\"content__column\">\n\t\t\t\t\t\t\t\t\t<div\n\t\t\t\t\t\t\t\t\t\t\t\tclass=\"content__type--image space-content\">\n\t\t\t\t\t\t\t\t\t\t\t\t\t\t<figure class=\"content__figure\">\n\t\t\t\t\t\t\t\t\t<img loading=\"lazy\" decoding=\"async\" width=\"750\" height=\"512\" src=\"https:\/\/mylaps.com\/wp-content\/uploads\/2025\/01\/brandscan-8-e1736346301921-750x512.jpg\" class=\"content__image\" alt=\"\" srcset=\"https:\/\/mylaps.com\/wp-content\/uploads\/2025\/01\/brandscan-8-e1736346301921-750x512.jpg 750w, https:\/\/mylaps.com\/wp-content\/uploads\/2025\/01\/brandscan-8-e1736346301921-300x205.jpg 300w, https:\/\/mylaps.com\/wp-content\/uploads\/2025\/01\/brandscan-8-e1736346301921-768x525.jpg 768w, https:\/\/mylaps.com\/wp-content\/uploads\/2025\/01\/brandscan-8-e1736346301921-400x273.jpg 400w, https:\/\/mylaps.com\/wp-content\/uploads\/2025\/01\/brandscan-8-e1736346301921-146x100.jpg 146w, https:\/\/mylaps.com\/wp-content\/uploads\/2025\/01\/brandscan-8-e1736346301921.jpg 843w\" sizes=\"auto, (max-width: 750px) 100vw, 750px\" \/>\t\t\t\t\t\t\t\t<\/figure>\n\t\t\t\t\t\t\t\t\t\t\t\t\t<\/div>\n\t\t\t\t\t\t\t<\/div>\n\t\t\t\t\t<div class=\"content__column\">\n\t\t\t\t\t\t\t\t\t<div\n\t\t\t\t\t\tdata-aos=\"fade-up\"\t\t\t\t\t\tclass=\"content__type--text space-content\">\n\t\t\t\t\t\t<p class=\"label\">Brandscan von miro<\/p>\n<h2 class=\"h1 h1--small mb-2\">Erschlie\u00dfen Sie Sponsorenwerte mit Markeneinblicken<\/h2>\n<p>Geben Sie Ihren Marken und Sponsoren wertvolle Einblicke in die Ausr\u00fcstung und Schuhen bei Ihrer Veranstaltung. Mit innovativer Technologie k\u00f6nnen wir jetzt die Markenpr\u00e4ferenzen der Teilnehmer messen und Ihnen dabei helfen, den Wert f\u00fcr Sponsoren und Kundentrends zu bewerten.<\/p>\n<ul>\n<li>Verstehen Sie die Markenpr\u00e4ferenzen bei Veranstaltungen<\/li>\n<li>Bewerten Sie den Marketing-ROI f\u00fcr Event-Sponsoring<\/li>\n<li>Analysieren Sie die Markenwahl nach Geschlecht, Alter, Zielzeit und anderen Teilnehmerdaten<\/li>\n<\/ul>\n<p><a class=\"button--primary\" href=\"https:\/\/..\">Contact us<\/a><\/p>\n\t\t\t\t\t<\/div>\n\t\t\t\t\t\t\t<\/div>\n\t\t\t<\/div>\n<\/div>\n\n\n<div class=\"block hero hero--background-img\">\n\t<img loading=\"lazy\" decoding=\"async\" width=\"1920\" height=\"600\" src=\"https:\/\/mylaps.com\/wp-content\/uploads\/2025\/01\/brandscan-4.jpg\" class=\"hero__background\" alt=\"\" srcset=\"https:\/\/mylaps.com\/wp-content\/uploads\/2025\/01\/brandscan-4.jpg 1920w, https:\/\/mylaps.com\/wp-content\/uploads\/2025\/01\/brandscan-4-300x94.jpg 300w, https:\/\/mylaps.com\/wp-content\/uploads\/2025\/01\/brandscan-4-768x240.jpg 768w, https:\/\/mylaps.com\/wp-content\/uploads\/2025\/01\/brandscan-4-1024x320.jpg 1024w, https:\/\/mylaps.com\/wp-content\/uploads\/2025\/01\/brandscan-4-1536x480.jpg 1536w, https:\/\/mylaps.com\/wp-content\/uploads\/2025\/01\/brandscan-4-750x234.jpg 750w, https:\/\/mylaps.com\/wp-content\/uploads\/2025\/01\/brandscan-4-400x125.jpg 400w, https:\/\/mylaps.com\/wp-content\/uploads\/2025\/01\/brandscan-4-320x100.jpg 320w\" sizes=\"auto, (max-width: 1920px) 100vw, 1920px\" \/>\n\t<div class=\"container\">\n\t\t<div class=\"hero__content space-content\">\n\t\t\t\n\t\t\t\t\t<\/div>\n\t<\/div>\n<\/div>\n\n\n<div\n\tclass=\"block content bg--white content--align-content-vertically content--cols-2 bg--blank content--arrange-half\"\n\tstyle=\"--cols: 2\">\n\t<div class=\"container\">\n\t\t\t\t\t<div class=\"content__column\">\n\t\t\t\t\t\t\t\t\t<div\n\t\t\t\t\t\tdata-aos=\"fade-up\"\t\t\t\t\t\tclass=\"content__type--text space-content\">\n\t\t\t\t\t\t<div class=\"col-12 text-center\">\n<h2 class=\"card-title color-blue font-family-secondar text-left\">Wie funktioniert das?<\/h2>\n<\/div>\n<article class=\"col-12 col-sm-10 col-lg-8 col-text-single offset-lg-2 offset-sm-1\">\n<div class=\"card-body\" style=\"text-align: left\">\n<p>BrandScan nutzt MYLAPS Event-Daten und KI, um Erkenntnisse \u00fcber die Verbraucher zu gewinnen:<\/p>\n<ul>\n<li><strong>Event-Daten<\/strong>: Analysiert vorhandene Event-Fotos und -Videos.<\/li>\n<li><strong>KI-Analyse<\/strong>: Identifiziert Kleidung nach Farbe, Typ und Marke.<\/li>\n<li><strong>Verbrauchertrends<\/strong>: Verfolgt Markenpr\u00e4ferenzen und Sponsoring-Einfluss.<\/li>\n<li><strong>GDPR-konform<\/strong>: Entspricht vollst\u00e4ndig den EU-Standards.<\/li>\n<\/ul>\n<p>Entdecken Sie relevante Trends mit modernster Technologie.<\/p>\n<\/div>\n<\/article>\n\t\t\t\t\t<\/div>\n\t\t\t\t\t\t\t<\/div>\n\t\t\t\t\t<div class=\"content__column\">\n\t\t\t\t\t\t\t\t\t<div\n\t\t\t\t\t\t\t\t\t\t\t\tclass=\"content__type--image space-content\">\n\t\t\t\t\t\t\t\t\t\t\t\t\t\t<figure class=\"content__figure\">\n\t\t\t\t\t\t\t\t\t<img loading=\"lazy\" decoding=\"async\" width=\"750\" height=\"422\" src=\"https:\/\/mylaps.com\/wp-content\/uploads\/2025\/01\/brandscan-750x422.jpg\" class=\"content__image\" alt=\"\" srcset=\"https:\/\/mylaps.com\/wp-content\/uploads\/2025\/01\/brandscan-750x422.jpg 750w, https:\/\/mylaps.com\/wp-content\/uploads\/2025\/01\/brandscan-768x432.jpg 768w\" sizes=\"auto, (max-width: 750px) 100vw, 750px\" \/>\t\t\t\t\t\t\t\t<\/figure>\n\t\t\t\t\t\t\t\t\t\t\t\t\t<\/div>\n\t\t\t\t\t\t\t<\/div>\n\t\t\t<\/div>\n<\/div>\n\n\n<div class=\"block related-posts bg--white\">\n\t<div class=\"container\">\n\t\t\n\t\t<ul\n\t\t\tclass=\"related-posts__cards\"\n\t\t\tstyle=\"--cols: 2\">\n\t\t\t\n<div\n\tdata-aos=\"fade-up\"data-aos-delay=\"100\"\tclass=\"card--product-card card--light\">\n\t<div class=\"card--product-card__content\">\n\t\t<h3 class=\"card--product-card__title\">Schuh-BrandScan<\/h3>\n\t\t\n\t\t\n\t\t\t\t\t<div class=\"card--product-card__excerpt\">\n\t\t\t\tWir bringen Schuhidentifizierung ins 21. Jahrhundert. Die Identifizierung von Schuhen zeigt die Vorlieben von Schuhmarken bei Veranstaltungen. Die Berichte enthalten spezifische Details \u00fcber die Pr\u00e4ferenzen von Schuhmarken in Bezug auf demografische Gruppen, Veranstaltungen und Geografie. Vergleichen Sie Daten vor und nach der Veranstaltung und gewinnen Sie einen \u00dcberblick \u00fcber den Marketing-ROI f\u00fcr Veranstaltungspartnerschaften.\t\t\t<\/div>\n\n\t\t\t\t\t\t<\/div>\n\n\t\n\t\n\t\n\t\n\t\t\t<figure class=\"card--product-card__image-wrap\">\n\t\t\t<img loading=\"lazy\" decoding=\"async\" width=\"890\" height=\"576\" src=\"https:\/\/mylaps.com\/wp-content\/uploads\/2025\/01\/brandscan-2-e1736346101683.jpg\" class=\"card__image\" alt=\"\" srcset=\"https:\/\/mylaps.com\/wp-content\/uploads\/2025\/01\/brandscan-2-e1736346101683.jpg 890w, https:\/\/mylaps.com\/wp-content\/uploads\/2025\/01\/brandscan-2-e1736346101683-300x194.jpg 300w, https:\/\/mylaps.com\/wp-content\/uploads\/2025\/01\/brandscan-2-e1736346101683-768x497.jpg 768w, https:\/\/mylaps.com\/wp-content\/uploads\/2025\/01\/brandscan-2-e1736346101683-750x485.jpg 750w, https:\/\/mylaps.com\/wp-content\/uploads\/2025\/01\/brandscan-2-e1736346101683-400x259.jpg 400w, https:\/\/mylaps.com\/wp-content\/uploads\/2025\/01\/brandscan-2-e1736346101683-155x100.jpg 155w\" sizes=\"auto, (max-width: 890px) 100vw, 890px\" \/>\t\t<\/figure>\n\t<\/div>\n\n<div\n\tdata-aos=\"fade-up\"data-aos-delay=\"200\"\tclass=\"card--product-card card--light\">\n\t<div class=\"card--product-card__content\">\n\t\t<h3 class=\"card--product-card__title\">Gear BrandScan<\/h3>\n\t\t\n\t\t\n\t\t\t\t\t<div class=\"card--product-card__excerpt\">\n\t\t\t\tSchuhwerk ist nur ein Teil des Puzzles. Die Identifizierung der Ausr\u00fcstung hilft Ihnen, das Gesamtbild zu sehen. Identifizieren Sie Kleidung nach Farbe, Typ und Marke. Bekommen Sie einen \u00dcberblick \u00fcber Zubeh\u00f6r, einschlie\u00dflich Wearables, Kopfh\u00f6rer und Fl\u00fcssigkeitsversorgung. Benutzerdefinierte Modelle k\u00f6nnen erstellt werden, um mit den Markenzielen \u00fcbereinzustimmen\t\t\t<\/div>\n\n\t\t\t\t\t\t<\/div>\n\n\t\n\t\n\t\n\t\n\t\t\t<figure class=\"card--product-card__image-wrap\">\n\t\t\t<img loading=\"lazy\" decoding=\"async\" width=\"888\" height=\"546\" src=\"https:\/\/mylaps.com\/wp-content\/uploads\/2025\/01\/brandscan-3-e1736346085582.jpg\" class=\"card__image\" alt=\"\" srcset=\"https:\/\/mylaps.com\/wp-content\/uploads\/2025\/01\/brandscan-3-e1736346085582.jpg 888w, https:\/\/mylaps.com\/wp-content\/uploads\/2025\/01\/brandscan-3-e1736346085582-300x184.jpg 300w, https:\/\/mylaps.com\/wp-content\/uploads\/2025\/01\/brandscan-3-e1736346085582-768x472.jpg 768w, https:\/\/mylaps.com\/wp-content\/uploads\/2025\/01\/brandscan-3-e1736346085582-750x461.jpg 750w, https:\/\/mylaps.com\/wp-content\/uploads\/2025\/01\/brandscan-3-e1736346085582-400x246.jpg 400w, https:\/\/mylaps.com\/wp-content\/uploads\/2025\/01\/brandscan-3-e1736346085582-163x100.jpg 163w\" sizes=\"auto, (max-width: 888px) 100vw, 888px\" \/>\t\t<\/figure>\n\t<\/div>\n\t\t<\/ul>\n\n\t\t\t<\/div>\n<\/div>\n\n\n<div\n\tclass=\"block content bg--white content--flip-columns-on-mobile content--align-content-vertically content--cols-2 bg--blank content--arrange-half\"\n\tstyle=\"--cols: 2\">\n\t<div class=\"container\">\n\t\t\t\t\t<div class=\"content__column\">\n\t\t\t\t\t\t\t\t\t<div\n\t\t\t\t\t\t\t\t\t\t\t\tclass=\"content__type--image space-content\">\n\t\t\t\t\t\t\t\t\t\t\t\t\t\t<figure class=\"content__figure\">\n\t\t\t\t\t\t\t\t\t<img loading=\"lazy\" decoding=\"async\" width=\"750\" height=\"403\" src=\"https:\/\/mylaps.com\/wp-content\/uploads\/2025\/01\/brandscan-5-750x403.png\" class=\"content__image\" alt=\"\" srcset=\"https:\/\/mylaps.com\/wp-content\/uploads\/2025\/01\/brandscan-5-750x403.png 750w, https:\/\/mylaps.com\/wp-content\/uploads\/2025\/01\/brandscan-5-300x161.png 300w, https:\/\/mylaps.com\/wp-content\/uploads\/2025\/01\/brandscan-5-768x412.png 768w, https:\/\/mylaps.com\/wp-content\/uploads\/2025\/01\/brandscan-5-1024x550.png 1024w, https:\/\/mylaps.com\/wp-content\/uploads\/2025\/01\/brandscan-5-400x215.png 400w, https:\/\/mylaps.com\/wp-content\/uploads\/2025\/01\/brandscan-5-186x100.png 186w, https:\/\/mylaps.com\/wp-content\/uploads\/2025\/01\/brandscan-5.png 1321w\" sizes=\"auto, (max-width: 750px) 100vw, 750px\" \/>\t\t\t\t\t\t\t\t<\/figure>\n\t\t\t\t\t\t\t\t\t\t\t\t\t<\/div>\n\t\t\t\t\t\t\t<\/div>\n\t\t\t\t\t<div class=\"content__column\">\n\t\t\t\t\t\t\t\t\t<div\n\t\t\t\t\t\tdata-aos=\"fade-up\"\t\t\t\t\t\tclass=\"content__type--text space-content\">\n\t\t\t\t\t\t<h2 class=\"card-title color-blue font-family-secondar text-left\">Auswirkungen des Streckensponsorings<\/h2>\n<p>Mit den Berichten zu der Massenveranstaltungen k\u00f6nnen Marken die Auswirkungen ihres Sponsorings \u00fcber mehrere Rennen &amp; Jahre hinweg verfolgen.<\/p>\n<ul>\n<li><b>\u00dcbersicht \u00fcber die Veranstaltung<\/b>: Analysen auf h\u00f6chster Ebene \u00fcber die Rennteilnehmer.<\/li>\n<li><b>Grafiken &amp; Diagramme<\/b>: Eine flexible M\u00f6glichkeit, eine Geschichte \u00fcber die wichtigsten Datenpunkte zu erstellen (&amp; Betrachtung von Trends im Zeitverlauf)<\/li>\n<li><b>Markenranking<\/b>: Eine einfache Tabelle, die eine Rangfolge der Marken nach Schuh- oder Bekleidungspr\u00e4ferenzen erstellt<\/li>\n<li><b>Markenanalyse<\/b>: Eine Momentaufnahme einer einzelnen Marke \u00fcber mehrere Datenpunkte<\/li>\n<\/ul>\n\t\t\t\t\t<\/div>\n\t\t\t\t\t\t\t<\/div>\n\t\t\t<\/div>\n<\/div>\n\n\n<div class=\"block cta\">\n\t<div class=\"container--medium\">\n\t\t<div class=\"cta__content\">\n\t\t\t\t\t\t\t<h2>\n\t\t\t\t\tStarten Sie mit dem BrandScan\t\t\t\t<\/h2>\n\t\t\t\n\t\t\t\t\t\t\t<a\n\t\t\t\t\thref=\"https:\/\/mylaps.com\/active-sports\/solutions\/contact\/?mylaps_system_interest__c=BrandScan\"\n\t\t\t\t\ttarget=\"\"\n\t\t\t\t\tclass=\"button--primary\">\n\t\t\t\t\tKontaktieren Sie uns\t\t\t\t<\/a>\n\t\t\t\t\t<\/div>\n\t<\/div>\n<\/div>\n","protected":false},"excerpt":{"rendered":"<p>BrandScan Erhalten Sie Einblicke in Laufbekleidung und -schuhe mit KI und einem Foto-\/Video-Setup. Brandscan von miro Erschlie\u00dfen Sie den Wert f\u00fcr Sponsoren mit Markeneinblicken Geben Sie Ihren Marken und Sponsoren wertvolle Einblicke in die Nutzung von Ausr\u00fcstung und Schuhen bei Ihrer Veranstaltung. Mit innovativer Technologie k\u00f6nnen wir jetzt die Markenpr\u00e4ferenzen der Teilnehmer messen und Ihnen helfen, den Wert f\u00fcr Sponsoren und Kundentrends zu bewerten. Verstehen Sie die Markenpr\u00e4ferenzen bei verschiedenen Veranstaltungen Beurteilen Sie den Marketing-ROI f\u00fcr Event-Sponsoring Analysieren Sie die Markenwahl nach Geschlecht, Alter, Zielzeit und anderen Teilnehmerdaten Kontaktieren Sie uns Wie funktioniert es? BrandScan nutzt MYLAPS-Veranstaltungsdaten und k\u00fcnstliche Intelligenz, um Erkenntnisse \u00fcber die Verbraucher zu gewinnen: Veranstaltungsdaten: [&#8230;]<\/p>\n","protected":false},"author":2,"featured_media":0,"parent":33225,"menu_order":0,"comment_status":"closed","ping_status":"closed","template":"","meta":{"_acf_changed":false,"content-type":"","_trash_the_other_posts":false,"editor_notices":[],"footnotes":""},"class_list":["post-33132","page","type-page","status-publish","hentry"],"acf":[],"yoast_head":"<!-- This site is optimized with the Yoast SEO Premium plugin v27.0 (Yoast SEO v27.0) - https:\/\/yoast.com\/product\/yoast-seo-premium-wordpress\/ -->\n<title>BrandScan<\/title>\n<meta name=\"robots\" content=\"index, follow, max-snippet:-1, max-image-preview:large, max-video-preview:-1\" \/>\n<link rel=\"canonical\" href=\"https:\/\/mylaps.com\/de\/aktiver-sport\/dienstleistungen\/brandscan\/\" \/>\n<meta property=\"og:locale\" content=\"en_US\" \/>\n<meta property=\"og:type\" content=\"article\" \/>\n<meta property=\"og:title\" content=\"BrandScan\" \/>\n<meta property=\"og:description\" content=\"BrandScan Erhalten Sie Einblicke in Laufbekleidung und -schuhe mit KI und einem Foto-\/Video-Setup. Brandscan von miro Erschlie\u00dfen Sie den Wert f\u00fcr Sponsoren mit Markeneinblicken Geben Sie Ihren Marken und Sponsoren wertvolle Einblicke in die Nutzung von Ausr\u00fcstung und Schuhen bei Ihrer Veranstaltung. Mit innovativer Technologie k\u00f6nnen wir jetzt die Markenpr\u00e4ferenzen der Teilnehmer messen und Ihnen helfen, den Wert f\u00fcr Sponsoren und Kundentrends zu bewerten. Verstehen Sie die Markenpr\u00e4ferenzen bei verschiedenen Veranstaltungen Beurteilen Sie den Marketing-ROI f\u00fcr Event-Sponsoring Analysieren Sie die Markenwahl nach Geschlecht, Alter, Zielzeit und anderen Teilnehmerdaten Kontaktieren Sie uns Wie funktioniert es? BrandScan nutzt MYLAPS-Veranstaltungsdaten und k\u00fcnstliche Intelligenz, um Erkenntnisse \u00fcber die Verbraucher zu gewinnen: Veranstaltungsdaten: [...]\" \/>\n<meta property=\"og:url\" content=\"https:\/\/mylaps.com\/de\/aktiver-sport\/dienstleistungen\/brandscan\/\" \/>\n<meta property=\"og:site_name\" content=\"MYLAPS - German\" \/>\n<meta property=\"article:modified_time\" content=\"2025-04-17T09:16:44+00:00\" \/>\n<meta name=\"twitter:card\" content=\"summary_large_image\" \/>\n<meta name=\"twitter:label1\" content=\"Est. reading time\" \/>\n\t<meta name=\"twitter:data1\" content=\"4 minutes\" \/>\n<script type=\"application\/ld+json\" class=\"yoast-schema-graph\">{\"@context\":\"https:\/\/schema.org\",\"@graph\":[{\"@type\":\"WebPage\",\"@id\":\"https:\/\/mylaps.com\/de\/aktiver-sport\/dienstleistungen\/brandscan\/\",\"url\":\"https:\/\/mylaps.com\/de\/aktiver-sport\/dienstleistungen\/brandscan\/\",\"name\":\"BrandScan\",\"isPartOf\":{\"@id\":\"https:\/\/mylaps.com\/de\/#website\"},\"datePublished\":\"2025-01-08T14:23:41+00:00\",\"dateModified\":\"2025-04-17T09:16:44+00:00\",\"breadcrumb\":{\"@id\":\"https:\/\/mylaps.com\/de\/aktiver-sport\/dienstleistungen\/brandscan\/#breadcrumb\"},\"inLanguage\":\"en-US\",\"potentialAction\":[{\"@type\":\"ReadAction\",\"target\":[\"https:\/\/mylaps.com\/de\/aktiver-sport\/dienstleistungen\/brandscan\/\"]}]},{\"@type\":\"BreadcrumbList\",\"@id\":\"https:\/\/mylaps.com\/de\/aktiver-sport\/dienstleistungen\/brandscan\/#breadcrumb\",\"itemListElement\":[{\"@type\":\"ListItem\",\"position\":1,\"name\":\"Home\",\"item\":\"https:\/\/mylaps.com\/de\/\"},{\"@type\":\"ListItem\",\"position\":2,\"name\":\"Aktiver Sport\",\"item\":\"https:\/\/mylaps.com\/de\/aktiver-sport\/\"},{\"@type\":\"ListItem\",\"position\":3,\"name\":\"Services (Active)\",\"item\":\"https:\/\/mylaps.com\/de\/aktiver-sport\/dienstleistungen\/\"},{\"@type\":\"ListItem\",\"position\":4,\"name\":\"BrandScan\"}]},{\"@type\":\"WebSite\",\"@id\":\"https:\/\/mylaps.com\/de\/#website\",\"url\":\"https:\/\/mylaps.com\/de\/\",\"name\":\"MYLAPS\",\"description\":\"MYLAPS Sports Timing - The Industry&#039;s Most Reliable and Accurate Timing and Data Solutions\",\"potentialAction\":[{\"@type\":\"SearchAction\",\"target\":{\"@type\":\"EntryPoint\",\"urlTemplate\":\"https:\/\/mylaps.com\/de\/?s={search_term_string}\"},\"query-input\":{\"@type\":\"PropertyValueSpecification\",\"valueRequired\":true,\"valueName\":\"search_term_string\"}}],\"inLanguage\":\"en-US\"}]}<\/script>\n<!-- \/ Yoast SEO Premium plugin. -->","yoast_head_json":{"title":"BrandScan","robots":{"index":"index","follow":"follow","max-snippet":"max-snippet:-1","max-image-preview":"max-image-preview:large","max-video-preview":"max-video-preview:-1"},"canonical":"https:\/\/mylaps.com\/de\/aktiver-sport\/dienstleistungen\/brandscan\/","og_locale":"en_US","og_type":"article","og_title":"BrandScan","og_description":"BrandScan Erhalten Sie Einblicke in Laufbekleidung und -schuhe mit KI und einem Foto-\/Video-Setup. Brandscan von miro Erschlie\u00dfen Sie den Wert f\u00fcr Sponsoren mit Markeneinblicken Geben Sie Ihren Marken und Sponsoren wertvolle Einblicke in die Nutzung von Ausr\u00fcstung und Schuhen bei Ihrer Veranstaltung. Mit innovativer Technologie k\u00f6nnen wir jetzt die Markenpr\u00e4ferenzen der Teilnehmer messen und Ihnen helfen, den Wert f\u00fcr Sponsoren und Kundentrends zu bewerten. Verstehen Sie die Markenpr\u00e4ferenzen bei verschiedenen Veranstaltungen Beurteilen Sie den Marketing-ROI f\u00fcr Event-Sponsoring Analysieren Sie die Markenwahl nach Geschlecht, Alter, Zielzeit und anderen Teilnehmerdaten Kontaktieren Sie uns Wie funktioniert es? BrandScan nutzt MYLAPS-Veranstaltungsdaten und k\u00fcnstliche Intelligenz, um Erkenntnisse \u00fcber die Verbraucher zu gewinnen: Veranstaltungsdaten: [...]","og_url":"https:\/\/mylaps.com\/de\/aktiver-sport\/dienstleistungen\/brandscan\/","og_site_name":"MYLAPS - German","article_modified_time":"2025-04-17T09:16:44+00:00","twitter_card":"summary_large_image","twitter_misc":{"Est. reading time":"4 minutes"},"schema":{"@context":"https:\/\/schema.org","@graph":[{"@type":"WebPage","@id":"https:\/\/mylaps.com\/de\/aktiver-sport\/dienstleistungen\/brandscan\/","url":"https:\/\/mylaps.com\/de\/aktiver-sport\/dienstleistungen\/brandscan\/","name":"BrandScan","isPartOf":{"@id":"https:\/\/mylaps.com\/de\/#website"},"datePublished":"2025-01-08T14:23:41+00:00","dateModified":"2025-04-17T09:16:44+00:00","breadcrumb":{"@id":"https:\/\/mylaps.com\/de\/aktiver-sport\/dienstleistungen\/brandscan\/#breadcrumb"},"inLanguage":"en-US","potentialAction":[{"@type":"ReadAction","target":["https:\/\/mylaps.com\/de\/aktiver-sport\/dienstleistungen\/brandscan\/"]}]},{"@type":"BreadcrumbList","@id":"https:\/\/mylaps.com\/de\/aktiver-sport\/dienstleistungen\/brandscan\/#breadcrumb","itemListElement":[{"@type":"ListItem","position":1,"name":"Home","item":"https:\/\/mylaps.com\/de\/"},{"@type":"ListItem","position":2,"name":"Aktiver Sport","item":"https:\/\/mylaps.com\/de\/aktiver-sport\/"},{"@type":"ListItem","position":3,"name":"Services (Active)","item":"https:\/\/mylaps.com\/de\/aktiver-sport\/dienstleistungen\/"},{"@type":"ListItem","position":4,"name":"BrandScan"}]},{"@type":"WebSite","@id":"https:\/\/mylaps.com\/de\/#website","url":"https:\/\/mylaps.com\/de\/","name":"MYLAPS","description":"MYLAPS Sports Timing - The Industry&#039;s Most Reliable and Accurate Timing and Data Solutions","potentialAction":[{"@type":"SearchAction","target":{"@type":"EntryPoint","urlTemplate":"https:\/\/mylaps.com\/de\/?s={search_term_string}"},"query-input":{"@type":"PropertyValueSpecification","valueRequired":true,"valueName":"search_term_string"}}],"inLanguage":"en-US"}]}},"_links":{"self":[{"href":"https:\/\/mylaps.com\/de\/wp-json\/wp\/v2\/pages\/33132","targetHints":{"allow":["GET"]}}],"collection":[{"href":"https:\/\/mylaps.com\/de\/wp-json\/wp\/v2\/pages"}],"about":[{"href":"https:\/\/mylaps.com\/de\/wp-json\/wp\/v2\/types\/page"}],"author":[{"embeddable":true,"href":"https:\/\/mylaps.com\/de\/wp-json\/wp\/v2\/users\/2"}],"replies":[{"embeddable":true,"href":"https:\/\/mylaps.com\/de\/wp-json\/wp\/v2\/comments?post=33132"}],"version-history":[{"count":9,"href":"https:\/\/mylaps.com\/de\/wp-json\/wp\/v2\/pages\/33132\/revisions"}],"predecessor-version":[{"id":35119,"href":"https:\/\/mylaps.com\/de\/wp-json\/wp\/v2\/pages\/33132\/revisions\/35119"}],"up":[{"embeddable":true,"href":"https:\/\/mylaps.com\/de\/wp-json\/wp\/v2\/pages\/33225"}],"wp:attachment":[{"href":"https:\/\/mylaps.com\/de\/wp-json\/wp\/v2\/media?parent=33132"}],"curies":[{"name":"wp","href":"https:\/\/api.w.org\/{rel}","templated":true}]}}