{"id":33238,"date":"2025-01-09T00:20:25","date_gmt":"2025-01-09T00:20:25","guid":{"rendered":"https:\/\/mylaps.com\/?page_id=33238"},"modified":"2025-09-09T07:18:55","modified_gmt":"2025-09-09T07:18:55","slug":"garantie","status":"publish","type":"page","link":"https:\/\/mylaps.com\/de\/garantie\/","title":{"rendered":"Garantie"},"content":{"rendered":"<div\n\tclass=\"block content bg--white content--cols-1 bg--blank content--arrange-half\"\n\tstyle=\"--cols: 1\">\n\t<div class=\"container--small\">\n\t\t\t\t\t<div class=\"content__column\">\n\t\t\t\t\t\t\t<\/div>\n\t\t\t<\/div>\n<\/div>\n\n\n<div\n\tclass=\"block content bg--white content--cols-1 bg--blank content--arrange-half\"\n\tstyle=\"--cols: 1\">\n\t<div class=\"container--small\">\n\t\t\t\t\t<div class=\"content__column\">\n\t\t\t\t\t\t\t\t\t<div\n\t\t\t\t\t\tdata-aos=\"fade-up\"\t\t\t\t\t\tclass=\"content__type--text space-content\">\n\t\t\t\t\t\t<h2>Garantiebestimmungen<\/h2>\n<p>F\u00fcr diese Garantiebestimmungen gelten die allgemeinen Verkaufs- und Lieferbedingungen von MYLAPS. Diese Bedingungen k\u00f6nnen unter test.mylaps.info\/de\/termsconditions eingesehen werden. Dieses Dokument enth\u00e4lt die prim\u00e4ren Garantiebestimmungen und die Garantiezeiten f\u00fcr MYLAPS Produkte.<\/p>\n<h3>1. Allgemeine Garantie- und Versicherungsbedingungen<\/h3>\n<p>Innerhalb von 14 Tagen nach Feststellung eines Funktionsmangels des Ger\u00e4tes muss der Mangel schriftlich an MYLAPS gemeldet werden. Der K\u00e4ufer ist f\u00fcr den Versand des Ger\u00e4ts an die MYLAPS-Niederlassung, bei der das Ger\u00e4t gekauft wurde, verantwortlich.MYLAPS wird das Ger\u00e4t nach Erhalt untersuchen. Wenn MYLAPS einen Defekt an dem Ger\u00e4t feststellt, wird MYLAPS diesen Defekt nach M\u00f6glichkeit beheben. Wenn die Garantiezeit des Ger\u00e4ts abgelaufen ist, setzt sich MYLAPS mit dem K\u00e4ufer in Verbindung, um die Alternativen f\u00fcr die Reparatur oder den Austausch zu besprechen. Wenn kein Fehler in der Funktion des Ger\u00e4ts festgestellt wird, setzt sich MYLAPS mit dem K\u00e4ufer in Verbindung, um die angebliche Fehlfunktion zu besprechen. Wenn das Ger\u00e4t an den K\u00e4ufer zur\u00fcckgeschickt werden muss, geschieht dies auf Kosten des K\u00e4ufers.Wenn das Ger\u00e4t visuell besch\u00e4digt ist, gilt die Garantie nicht, es sei denn, dies wird ausdr\u00fccklich erw\u00e4hnt. Wenn die Funktionsst\u00f6rung des Ger\u00e4ts durch Unachtsamkeit, Fahrl\u00e4ssigkeit, Vorsatz oder R\u00fccksichtslosigkeit verursacht wurde, entf\u00e4llt die Garantie. Das Ger\u00e4t muss immer in \u00dcbereinstimmung mit den Regeln im Handbuch verwendet werden. Die Firmware auf Decodern, Systemen oder Servern muss auf die neueste Version aktualisiert werden. F\u00fcr andere und zus\u00e4tzliche Gew\u00e4hrleistungsregelungen verweist MYLAPS auf die allgemeinen Verkaufs- und Lieferbedingungen.<\/p>\n<h3>2. Gew\u00e4hrleistung und Versicherung TR2\/X2\/FLEX Transponder &amp; X2 Racelink<\/h3>\n<p>MYLAPS garantiert die Funktionsf\u00e4higkeit des Transponders (sowohl Motorisierte (TR2, X2 &amp; FLEX) Transponder als auch ProChip Flex Transponder) ohne zeitliche Begrenzung unter den folgenden Bedingungen.<\/p>\n<ul>\n<li>Der K\u00e4ufer hat ein aktives Abonnement;<\/li>\n<li>Die Abonnementdauer des Transponders oder Racelink wurde nicht l\u00e4nger als drei Monate unterbrochen;<\/li>\n<li>Der K\u00e4ufer verl\u00e4ngert sein Abonnement um mindestens ein weiteres Jahr;<\/li>\n<li>Sachsch\u00e4den sind im Rahmen des Versicherungsprogramms erlaubt; zum Beispiel durch Feuer oder Sch\u00e4den, die w\u00e4hrend des normalen Gebrauchs entstehen;<\/li>\n<li>Diebstahl und Verlust sind ausdr\u00fccklich von der Versicherung ausgeschlossen;<\/li>\n<li>Der Transponder oder Racelink wird gem\u00e4\u00df den Regeln im Handbuch verwendet;<\/li>\n<li>Der Schaden am Transponder oder Racelink wird nicht durch Unachtsamkeit, Fahrl\u00e4ssigkeit, Vorsatz oder R\u00fccksichtslosigkeit verursacht;<\/li>\n<li>Diese Versicherung kann einmal alle drei Jahre in Anspruch genommen werden.<\/li>\n<\/ul>\n<h3>3. Gew\u00e4hrleistungsfristen<\/h3>\n<h4>a. Motorisierte Sportprodukte<\/h4>\n<ul>\n<li>Transponder, Classic &#8211; 2 Jahre<\/li>\n<li>Transponder, TR2, X2, FLEX &#8211; Unbegrenzte Garantie unter den oben genannten Bedingungen<\/li>\n<li>RaceLink &#8211; Unbegrenzte Garantie unter den oben genannten Bedingungen<\/li>\n<li>Decoder\/Systeme\/Server &#8211; 2 Jahre<\/li>\n<li>Loops &amp; Kabel &#8211; 2 Jahre (ausgenommen normale Abnutzung)<\/li>\n<li>Zubeh\u00f6r &#8211; 2 Jahre<\/li>\n<li>LED-Produkte &#8211; 2 Jahre\n<ul>\n<li>wenn die Gesamtzahl der zerbrochenen Pixel 5 \u00fcbersteigt, oder<\/li>\n<li>wenn mehr als 1 gebrochenes Pixel in einem Radius von 10 cm vorhanden ist<\/li>\n<\/ul>\n<\/li>\n<li>Startlichter &#8211; 2 Jahre<\/li>\n<li>Grubenlampen &#8211; 2 Jahre<\/li>\n<li>Fernbedienungen &#8211; 2 Jahre<\/li>\n<\/ul>\n<h4>b. Active Sports Produkte<\/h4>\n<ul>\n<li>ProChip Transponder, Classic &#8211; 2 Jahre<\/li>\n<li>ProChip Transponder, Flex Unbegrenzte Garantie unter den oben genannten Bedingungen<\/li>\n<li>ProChip (ChipX) Decoders &#8211; 2 Jahre<\/li>\n<li>ChampionChip Transponder &#8211; 2 Jahre<\/li>\n<li>ChampionChip Decoder &#8211; 2 Jahre<\/li>\n<li>ChampionChip Matten &#8211; 2 Jahre<\/li>\n<li>BibTags keine Garantie<\/li>\n<li>BibTag Decoder &#8211; 2 Jahre<\/li>\n<li>BibTag Matten &#8211; 2 Jahre<\/li>\n<\/ul>\n<h4>c. Software und Dienstleistungen<\/h4>\n<p>Weder f\u00fcr Softwareprodukte noch f\u00fcr Dienstleistungen gilt eine Garantiezeit.<\/p>\n\t\t\t\t\t<\/div>\n\t\t\t\t\t\t\t<\/div>\n\t\t\t<\/div>\n<\/div>\n","protected":false},"excerpt":{"rendered":"<p>Garantiebestimmungen F\u00fcr diese Garantiebestimmungen gelten die allgemeinen Verkaufs- und Lieferbedingungen von MYLAPS. Diese Bedingungen k\u00f6nnen unter test.mylaps.info\/de\/termsconditions eingesehen werden. Dieses Dokument enth\u00e4lt die prim\u00e4ren Garantiebestimmungen und die Garantiezeiten f\u00fcr MYLAPS Produkte. 1. Allgemeine Garantie- und Versicherungsbedingungen Innerhalb von 14 Tagen nach Feststellung eines Funktionsmangels des Ger\u00e4ts muss der Mangel schriftlich bei MYLAPS gemeldet werden. Der K\u00e4ufer ist f\u00fcr den Versand des Ger\u00e4ts an die MYLAPS-Niederlassung verantwortlich, bei der das Ger\u00e4t erworben wurde. MYLAPS wird das Ger\u00e4t nach Erhalt untersuchen. Wenn MYLAPS einen Mangel an [&#8230;]<\/p>\n","protected":false},"author":2,"featured_media":0,"parent":0,"menu_order":0,"comment_status":"closed","ping_status":"closed","template":"","meta":{"_acf_changed":false,"content-type":"","_trash_the_other_posts":false,"editor_notices":[],"footnotes":""},"class_list":["post-33238","page","type-page","status-publish","hentry"],"acf":[],"yoast_head":"<!-- This site is optimized with the Yoast SEO Premium plugin v27.0 (Yoast SEO v27.0) - https:\/\/yoast.com\/product\/yoast-seo-premium-wordpress\/ -->\n<title>Garantie - MYLAPS - German<\/title>\n<meta name=\"robots\" content=\"index, follow, max-snippet:-1, max-image-preview:large, max-video-preview:-1\" \/>\n<link rel=\"canonical\" href=\"https:\/\/mylaps.com\/de\/garantie\/\" \/>\n<meta property=\"og:locale\" content=\"en_US\" \/>\n<meta property=\"og:type\" content=\"article\" \/>\n<meta property=\"og:title\" content=\"Garantie\" \/>\n<meta property=\"og:description\" content=\"Garantiebestimmungen F\u00fcr diese Garantiebestimmungen gelten die allgemeinen Verkaufs- und Lieferbedingungen von MYLAPS. Diese Bedingungen k\u00f6nnen unter test.mylaps.info\/de\/termsconditions eingesehen werden. Dieses Dokument enth\u00e4lt die prim\u00e4ren Garantiebestimmungen und die Garantiezeiten f\u00fcr MYLAPS Produkte. 1. Allgemeine Garantie- und Versicherungsbedingungen Innerhalb von 14 Tagen nach Feststellung eines Funktionsmangels des Ger\u00e4ts muss der Mangel schriftlich bei MYLAPS gemeldet werden. Der K\u00e4ufer ist f\u00fcr den Versand des Ger\u00e4ts an die MYLAPS-Niederlassung verantwortlich, bei der das Ger\u00e4t erworben wurde. MYLAPS wird das Ger\u00e4t nach Erhalt untersuchen. Wenn MYLAPS einen Mangel an [...]\" \/>\n<meta property=\"og:url\" content=\"https:\/\/mylaps.com\/de\/garantie\/\" \/>\n<meta property=\"og:site_name\" content=\"MYLAPS - German\" \/>\n<meta property=\"article:modified_time\" content=\"2025-09-09T07:18:55+00:00\" \/>\n<meta name=\"twitter:card\" content=\"summary_large_image\" \/>\n<meta name=\"twitter:label1\" content=\"Est. reading time\" \/>\n\t<meta name=\"twitter:data1\" content=\"3 minutes\" \/>\n<script type=\"application\/ld+json\" class=\"yoast-schema-graph\">{\"@context\":\"https:\/\/schema.org\",\"@graph\":[{\"@type\":\"WebPage\",\"@id\":\"https:\/\/mylaps.com\/de\/garantie\/\",\"url\":\"https:\/\/mylaps.com\/de\/garantie\/\",\"name\":\"Garantie - MYLAPS - German\",\"isPartOf\":{\"@id\":\"https:\/\/mylaps.com\/de\/#website\"},\"datePublished\":\"2025-01-09T00:20:25+00:00\",\"dateModified\":\"2025-09-09T07:18:55+00:00\",\"breadcrumb\":{\"@id\":\"https:\/\/mylaps.com\/de\/garantie\/#breadcrumb\"},\"inLanguage\":\"en-US\",\"potentialAction\":[{\"@type\":\"ReadAction\",\"target\":[\"https:\/\/mylaps.com\/de\/garantie\/\"]}]},{\"@type\":\"BreadcrumbList\",\"@id\":\"https:\/\/mylaps.com\/de\/garantie\/#breadcrumb\",\"itemListElement\":[{\"@type\":\"ListItem\",\"position\":1,\"name\":\"Home\",\"item\":\"https:\/\/mylaps.com\/de\/\"},{\"@type\":\"ListItem\",\"position\":2,\"name\":\"Garantie\"}]},{\"@type\":\"WebSite\",\"@id\":\"https:\/\/mylaps.com\/de\/#website\",\"url\":\"https:\/\/mylaps.com\/de\/\",\"name\":\"MYLAPS\",\"description\":\"MYLAPS Sports Timing - The Industry&#039;s Most Reliable and Accurate Timing and Data Solutions\",\"potentialAction\":[{\"@type\":\"SearchAction\",\"target\":{\"@type\":\"EntryPoint\",\"urlTemplate\":\"https:\/\/mylaps.com\/de\/?s={search_term_string}\"},\"query-input\":{\"@type\":\"PropertyValueSpecification\",\"valueRequired\":true,\"valueName\":\"search_term_string\"}}],\"inLanguage\":\"en-US\"}]}<\/script>\n<!-- \/ Yoast SEO Premium plugin. -->","yoast_head_json":{"title":"Garantie - MYLAPS - German","robots":{"index":"index","follow":"follow","max-snippet":"max-snippet:-1","max-image-preview":"max-image-preview:large","max-video-preview":"max-video-preview:-1"},"canonical":"https:\/\/mylaps.com\/de\/garantie\/","og_locale":"en_US","og_type":"article","og_title":"Garantie","og_description":"Garantiebestimmungen F\u00fcr diese Garantiebestimmungen gelten die allgemeinen Verkaufs- und Lieferbedingungen von MYLAPS. Diese Bedingungen k\u00f6nnen unter test.mylaps.info\/de\/termsconditions eingesehen werden. Dieses Dokument enth\u00e4lt die prim\u00e4ren Garantiebestimmungen und die Garantiezeiten f\u00fcr MYLAPS Produkte. 1. Allgemeine Garantie- und Versicherungsbedingungen Innerhalb von 14 Tagen nach Feststellung eines Funktionsmangels des Ger\u00e4ts muss der Mangel schriftlich bei MYLAPS gemeldet werden. Der K\u00e4ufer ist f\u00fcr den Versand des Ger\u00e4ts an die MYLAPS-Niederlassung verantwortlich, bei der das Ger\u00e4t erworben wurde. MYLAPS wird das Ger\u00e4t nach Erhalt untersuchen. Wenn MYLAPS einen Mangel an [...]","og_url":"https:\/\/mylaps.com\/de\/garantie\/","og_site_name":"MYLAPS - German","article_modified_time":"2025-09-09T07:18:55+00:00","twitter_card":"summary_large_image","twitter_misc":{"Est. reading time":"3 minutes"},"schema":{"@context":"https:\/\/schema.org","@graph":[{"@type":"WebPage","@id":"https:\/\/mylaps.com\/de\/garantie\/","url":"https:\/\/mylaps.com\/de\/garantie\/","name":"Garantie - MYLAPS - German","isPartOf":{"@id":"https:\/\/mylaps.com\/de\/#website"},"datePublished":"2025-01-09T00:20:25+00:00","dateModified":"2025-09-09T07:18:55+00:00","breadcrumb":{"@id":"https:\/\/mylaps.com\/de\/garantie\/#breadcrumb"},"inLanguage":"en-US","potentialAction":[{"@type":"ReadAction","target":["https:\/\/mylaps.com\/de\/garantie\/"]}]},{"@type":"BreadcrumbList","@id":"https:\/\/mylaps.com\/de\/garantie\/#breadcrumb","itemListElement":[{"@type":"ListItem","position":1,"name":"Home","item":"https:\/\/mylaps.com\/de\/"},{"@type":"ListItem","position":2,"name":"Garantie"}]},{"@type":"WebSite","@id":"https:\/\/mylaps.com\/de\/#website","url":"https:\/\/mylaps.com\/de\/","name":"MYLAPS","description":"MYLAPS Sports Timing - The Industry&#039;s Most Reliable and Accurate Timing and Data Solutions","potentialAction":[{"@type":"SearchAction","target":{"@type":"EntryPoint","urlTemplate":"https:\/\/mylaps.com\/de\/?s={search_term_string}"},"query-input":{"@type":"PropertyValueSpecification","valueRequired":true,"valueName":"search_term_string"}}],"inLanguage":"en-US"}]}},"_links":{"self":[{"href":"https:\/\/mylaps.com\/de\/wp-json\/wp\/v2\/pages\/33238","targetHints":{"allow":["GET"]}}],"collection":[{"href":"https:\/\/mylaps.com\/de\/wp-json\/wp\/v2\/pages"}],"about":[{"href":"https:\/\/mylaps.com\/de\/wp-json\/wp\/v2\/types\/page"}],"author":[{"embeddable":true,"href":"https:\/\/mylaps.com\/de\/wp-json\/wp\/v2\/users\/2"}],"replies":[{"embeddable":true,"href":"https:\/\/mylaps.com\/de\/wp-json\/wp\/v2\/comments?post=33238"}],"version-history":[{"count":7,"href":"https:\/\/mylaps.com\/de\/wp-json\/wp\/v2\/pages\/33238\/revisions"}],"predecessor-version":[{"id":41950,"href":"https:\/\/mylaps.com\/de\/wp-json\/wp\/v2\/pages\/33238\/revisions\/41950"}],"wp:attachment":[{"href":"https:\/\/mylaps.com\/de\/wp-json\/wp\/v2\/media?parent=33238"}],"curies":[{"name":"wp","href":"https:\/\/api.w.org\/{rel}","templated":true}]}}