{"id":33249,"date":"2025-01-09T00:37:04","date_gmt":"2025-01-09T00:37:04","guid":{"rendered":"https:\/\/mylaps.com\/?page_id=33249"},"modified":"2025-07-31T13:18:43","modified_gmt":"2025-07-31T13:18:43","slug":"cookies","status":"publish","type":"page","link":"https:\/\/mylaps.com\/de\/cookies\/","title":{"rendered":"Cookie-Richtlinie"},"content":{"rendered":"<div\n\tclass=\"block content bg--white content--cols-1 bg--blank content--arrange-half\"\n\tstyle=\"--cols: 1\">\n\t<div class=\"container--small\">\n\t\t\t\t\t<div class=\"content__column\">\n\t\t\t\t\t\t\t\t\t<div\n\t\t\t\t\t\tdata-aos=\"fade-up\"\t\t\t\t\t\tclass=\"content__type--text space-content\">\n\t\t\t\t\t\t<h4>Was sind Cookies?<\/h4>\n<p>Fast jede moderne Website muss bestimmte grundlegende Informationen \u00fcber ihre Benutzer sammeln, damit sie korrekt funktioniert. Zu diesem Zweck legt eine Website so genannte Cookies, also kleine Textdateien, auf den Ger\u00e4ten ihrer Benutzer an. Diese Cookies erm\u00f6glichen es der Website, ihre Benutzer bei sp\u00e4teren Besuchen wiederzuerkennen oder andere Websites zu erm\u00e4chtigen, diese Benutzer f\u00fcr einen bestimmten Zweck zu erkennen.<\/p>\n<p>Cookies erf\u00fcllen viele unterschiedliche Aufgaben, die Ihr Internet-Erlebnis viel reibungsloser und interaktiver machen. Die meisten dieser gesammelten Daten sind anonym, obwohl einige davon dazu dienen, Browsing-Muster und den ungef\u00e4hren geografischen Standort zu erkennen, um die Benutzerfreundlichkeit zu verbessern.<\/p>\n<h4>Wie nutzen wir Cookies?<\/h4>\n<p>Wir sammeln eine Reihe von Cookies von unseren Nutzern aus verschiedenen Gr\u00fcnden, nicht zuletzt, um unsere eigene Leistung zu verfolgen (z. B. um zu berechnen, wie viele Besucher wir haben\u2013- nat\u00fcrlich anonym \u2013 und wie lange diese auf unserer Website bleiben), aber auch, um Ihnen die bestm\u00f6glichen Websites anzubieten.<\/p>\n<p>Wir tun unser M\u00f6glichstes, um die Privatsph\u00e4re der Nutzer zu respektieren. Wir nutzen Cookies, um unsere Leistungen zu \u00fcberwachen und zu verbessern, aber sie erm\u00f6glichen es uns auch, Ihnen Werbung zu zeigen, die auf Ihren pers\u00f6nlichen Vorlieben basiert.<br \/>\nWelche Arten von Cookies nutzen wir?<br \/>\nWir nutzen die folgenden Arten von Cookies.<\/p>\n<p><em>Funktionsbezogene Cookies<\/em><br \/>\nDie funktionsbezogenen Cookies sorgen daf\u00fcr, dass Websites ordnungsgem\u00e4\u00df funktionieren, indem sie z. B. daf\u00fcr sorgen, dass Sie in Ihrem Konto angemeldet bleiben, ohne dass Sie Ihre Anmeldedaten erneut eingeben m\u00fcssen, sich merken, welche Produkte sich in Ihrem Einkaufskorb befinden und den korrekten Betrag an der Kasse berechnen.<\/p>\n<p><em>Analytische Cookies<\/em><br \/>\nAnalytische Cookies erm\u00f6glichen es uns, die Anzahl der anonymen Besucher unserer Websites zu erkennen und zu z\u00e4hlen, zu sehen, wie sich die Besucher auf der Website bewegen, wenn sie sie nutzen, und aufzuzeichnen, welche Inhalte die Betrachter ansehen und f\u00fcr welche sie sich interessieren. So k\u00f6nnen wir feststellen, wie h\u00e4ufig bestimmte Seiten besucht werden und welche Bereiche unserer Website am beliebtesten sind.<\/p>\n<p><em>Marketing- und Tracking-Cookies<\/em><br \/>\nAuf einigen Websites verwenden wir Marketing- und Tracking-Cookies f\u00fcr Marketingzwecke, um Ihnen auf der Grundlage der von Ihnen angesehenen Produkte f\u00fcr Sie relevante Produkte und Anzeigen zu zeigen.<\/p>\n<p><em>Social Media- und externe Cookies<\/em><br \/>\nSie finden auf unseren Websites auch Links zu sozialen Medien, wie z. B. Facebook und X. Um sicherzustellen, dass diese Links ordnungsgem\u00e4\u00df funktionieren, werden Cookies dieser sozialen Medien verwendet, damit diese Sie erkennen, wenn Sie Informationen von unseren Websites teilen m\u00f6chten.<\/p>\n<p>Nachstehend finden Sie eine \u00dcbersicht dar\u00fcber, welche Arten von Cookies wir auf welchen Websites verwenden:<\/p>\n<img decoding=\"async\" src=\"https:\/\/mylaps.com\/wp-content\/uploads\/2025\/07\/cookie-policy-table.png\" \/>\n<h4>Wie kann ich meine Cookies steuern?<\/h4>\n<p>Sie sollten sich dar\u00fcber im Klaren sein, dass alle Ihre Pr\u00e4ferenzen verloren gehen, wenn Sie Cookies l\u00f6schen, und dass viele Websites dann nicht mehr richtig funktionieren oder einige Funktionen verlieren. Wir empfehlen, Cookies bei der Nutzung unserer Websites nicht zu deaktivieren.<br \/>\nDie meisten Browser akzeptieren Cookies automatisch, aber Sie k\u00f6nnen die Einstellungen Ihres Browsers \u00e4ndern, um Cookies zu l\u00f6schen oder die automatische Annahme zu verhindern, wenn Sie dies w\u00fcnschen. Generell haben Sie die M\u00f6glichkeit, zu sehen, welche Cookies Sie nutzen, und diese einzeln zu l\u00f6schen, Cookies von Dritten oder von bestimmten Websites zu blockieren, alle Cookies zu akzeptieren, benachrichtigt zu werden, wenn ein Cookie ausgegeben wird oder alle Cookies abzulehnen. Gehen Sie zum Men\u00fc \u201eOptionen\u201c oder \u201eEinstellungen\u201c Ihres Browsers, um die Einstellungen zu \u00e4ndern und sehen Sie sich die folgenden Links mit weiteren browserspezifischen Informationen an.<\/p>\n<p>Cookie-Einstellungen in Edge<br \/>\nCookie-Einstellungen in Firefox<br \/>\nCookie-Einstellungen in Chrome<br \/>\nCookie-Einstellungen in Safari<br \/>\nBen\u00f6tigen Sie weitere Informationen?<br \/>\nBitte lesen Sie unsere allgemeine Datenschutzerkl\u00e4rung.<br \/>\nIm Zweifelsfall k\u00f6nnen Sie auch eine E-Mail senden an privacy@mylaps.com.<\/p>\n\t\t\t\t\t<\/div>\n\t\t\t\t\t\t\t<\/div>\n\t\t\t<\/div>\n<\/div>\n\n\n<div\n\tclass=\"block content bg--white content--cols-1 bg--blank content--arrange-half\"\n\tstyle=\"--cols: 1\">\n\t<div class=\"container--small\">\n\t\t\t\t\t<div class=\"content__column\">\n\t\t\t\t\t\t\t<\/div>\n\t\t\t<\/div>\n<\/div>\n","protected":false},"excerpt":{"rendered":"<p>Cookie-Richtlinie Was sind Cookies? Damit fast jede moderne Website richtig funktioniert, muss sie bestimmte grundlegende Informationen \u00fcber ihre Nutzer sammeln. Zu diesem Zweck legt eine Website so genannte Cookies &#8211; kleine Textdateien &#8211; auf den Ger\u00e4ten ihrer Nutzer an. Diese Cookies sollen es der Website erm\u00f6glichen, ihre Nutzer bei sp\u00e4teren Besuchen wiederzuerkennen oder anderen Websites zu gestatten, diese Nutzer f\u00fcr einen bestimmten Zweck zu erkennen. Cookies erf\u00fcllen eine Vielzahl von Aufgaben, die die Nutzung des Internets reibungsloser und interaktiver machen. Ein Gro\u00dfteil, wenn auch nicht alle, der Daten [&#8230;]<\/p>\n","protected":false},"author":2,"featured_media":0,"parent":0,"menu_order":0,"comment_status":"closed","ping_status":"closed","template":"","meta":{"_acf_changed":false,"content-type":"","_trash_the_other_posts":false,"editor_notices":[],"footnotes":""},"class_list":["post-33249","page","type-page","status-publish","hentry"],"acf":[],"yoast_head":"<!-- This site is optimized with the Yoast SEO Premium plugin v27.0 (Yoast SEO v27.0) - https:\/\/yoast.com\/product\/yoast-seo-premium-wordpress\/ -->\n<title>Cookie-Richtlinie - MYLAPS - German<\/title>\n<meta name=\"robots\" content=\"index, follow, max-snippet:-1, max-image-preview:large, max-video-preview:-1\" \/>\n<link rel=\"canonical\" href=\"https:\/\/mylaps.com\/de\/cookies\/\" \/>\n<meta property=\"og:locale\" content=\"en_US\" \/>\n<meta property=\"og:type\" content=\"article\" \/>\n<meta property=\"og:title\" content=\"Cookie-Richtlinie\" \/>\n<meta property=\"og:description\" content=\"Cookie-Richtlinie Was sind Cookies? Damit fast jede moderne Website richtig funktioniert, muss sie bestimmte grundlegende Informationen \u00fcber ihre Nutzer sammeln. Zu diesem Zweck legt eine Website so genannte Cookies - kleine Textdateien - auf den Ger\u00e4ten ihrer Nutzer an. Diese Cookies sollen es der Website erm\u00f6glichen, ihre Nutzer bei sp\u00e4teren Besuchen wiederzuerkennen oder anderen Websites zu gestatten, diese Nutzer f\u00fcr einen bestimmten Zweck zu erkennen. Cookies erf\u00fcllen eine Vielzahl von Aufgaben, die die Nutzung des Internets reibungsloser und interaktiver machen. Ein Gro\u00dfteil, wenn auch nicht alle, der Daten [...]\" \/>\n<meta property=\"og:url\" content=\"https:\/\/mylaps.com\/de\/cookies\/\" \/>\n<meta property=\"og:site_name\" content=\"MYLAPS - German\" \/>\n<meta property=\"article:modified_time\" content=\"2025-07-31T13:18:43+00:00\" \/>\n<meta name=\"twitter:card\" content=\"summary_large_image\" \/>\n<meta name=\"twitter:label1\" content=\"Est. reading time\" \/>\n\t<meta name=\"twitter:data1\" content=\"4 minutes\" \/>\n<script type=\"application\/ld+json\" class=\"yoast-schema-graph\">{\"@context\":\"https:\/\/schema.org\",\"@graph\":[{\"@type\":\"WebPage\",\"@id\":\"https:\/\/mylaps.com\/de\/cookies\/\",\"url\":\"https:\/\/mylaps.com\/de\/cookies\/\",\"name\":\"Cookie-Richtlinie - MYLAPS - German\",\"isPartOf\":{\"@id\":\"https:\/\/mylaps.com\/de\/#website\"},\"datePublished\":\"2025-01-09T00:37:04+00:00\",\"dateModified\":\"2025-07-31T13:18:43+00:00\",\"breadcrumb\":{\"@id\":\"https:\/\/mylaps.com\/de\/cookies\/#breadcrumb\"},\"inLanguage\":\"en-US\",\"potentialAction\":[{\"@type\":\"ReadAction\",\"target\":[\"https:\/\/mylaps.com\/de\/cookies\/\"]}]},{\"@type\":\"BreadcrumbList\",\"@id\":\"https:\/\/mylaps.com\/de\/cookies\/#breadcrumb\",\"itemListElement\":[{\"@type\":\"ListItem\",\"position\":1,\"name\":\"Home\",\"item\":\"https:\/\/mylaps.com\/de\/\"},{\"@type\":\"ListItem\",\"position\":2,\"name\":\"Cookie-Richtlinie\"}]},{\"@type\":\"WebSite\",\"@id\":\"https:\/\/mylaps.com\/de\/#website\",\"url\":\"https:\/\/mylaps.com\/de\/\",\"name\":\"MYLAPS\",\"description\":\"MYLAPS Sports Timing - The Industry&#039;s Most Reliable and Accurate Timing and Data Solutions\",\"potentialAction\":[{\"@type\":\"SearchAction\",\"target\":{\"@type\":\"EntryPoint\",\"urlTemplate\":\"https:\/\/mylaps.com\/de\/?s={search_term_string}\"},\"query-input\":{\"@type\":\"PropertyValueSpecification\",\"valueRequired\":true,\"valueName\":\"search_term_string\"}}],\"inLanguage\":\"en-US\"}]}<\/script>\n<!-- \/ Yoast SEO Premium plugin. -->","yoast_head_json":{"title":"Cookie-Richtlinie - MYLAPS - German","robots":{"index":"index","follow":"follow","max-snippet":"max-snippet:-1","max-image-preview":"max-image-preview:large","max-video-preview":"max-video-preview:-1"},"canonical":"https:\/\/mylaps.com\/de\/cookies\/","og_locale":"en_US","og_type":"article","og_title":"Cookie-Richtlinie","og_description":"Cookie-Richtlinie Was sind Cookies? Damit fast jede moderne Website richtig funktioniert, muss sie bestimmte grundlegende Informationen \u00fcber ihre Nutzer sammeln. Zu diesem Zweck legt eine Website so genannte Cookies - kleine Textdateien - auf den Ger\u00e4ten ihrer Nutzer an. Diese Cookies sollen es der Website erm\u00f6glichen, ihre Nutzer bei sp\u00e4teren Besuchen wiederzuerkennen oder anderen Websites zu gestatten, diese Nutzer f\u00fcr einen bestimmten Zweck zu erkennen. Cookies erf\u00fcllen eine Vielzahl von Aufgaben, die die Nutzung des Internets reibungsloser und interaktiver machen. Ein Gro\u00dfteil, wenn auch nicht alle, der Daten [...]","og_url":"https:\/\/mylaps.com\/de\/cookies\/","og_site_name":"MYLAPS - German","article_modified_time":"2025-07-31T13:18:43+00:00","twitter_card":"summary_large_image","twitter_misc":{"Est. reading time":"4 minutes"},"schema":{"@context":"https:\/\/schema.org","@graph":[{"@type":"WebPage","@id":"https:\/\/mylaps.com\/de\/cookies\/","url":"https:\/\/mylaps.com\/de\/cookies\/","name":"Cookie-Richtlinie - MYLAPS - German","isPartOf":{"@id":"https:\/\/mylaps.com\/de\/#website"},"datePublished":"2025-01-09T00:37:04+00:00","dateModified":"2025-07-31T13:18:43+00:00","breadcrumb":{"@id":"https:\/\/mylaps.com\/de\/cookies\/#breadcrumb"},"inLanguage":"en-US","potentialAction":[{"@type":"ReadAction","target":["https:\/\/mylaps.com\/de\/cookies\/"]}]},{"@type":"BreadcrumbList","@id":"https:\/\/mylaps.com\/de\/cookies\/#breadcrumb","itemListElement":[{"@type":"ListItem","position":1,"name":"Home","item":"https:\/\/mylaps.com\/de\/"},{"@type":"ListItem","position":2,"name":"Cookie-Richtlinie"}]},{"@type":"WebSite","@id":"https:\/\/mylaps.com\/de\/#website","url":"https:\/\/mylaps.com\/de\/","name":"MYLAPS","description":"MYLAPS Sports Timing - The Industry&#039;s Most Reliable and Accurate Timing and Data Solutions","potentialAction":[{"@type":"SearchAction","target":{"@type":"EntryPoint","urlTemplate":"https:\/\/mylaps.com\/de\/?s={search_term_string}"},"query-input":{"@type":"PropertyValueSpecification","valueRequired":true,"valueName":"search_term_string"}}],"inLanguage":"en-US"}]}},"_links":{"self":[{"href":"https:\/\/mylaps.com\/de\/wp-json\/wp\/v2\/pages\/33249","targetHints":{"allow":["GET"]}}],"collection":[{"href":"https:\/\/mylaps.com\/de\/wp-json\/wp\/v2\/pages"}],"about":[{"href":"https:\/\/mylaps.com\/de\/wp-json\/wp\/v2\/types\/page"}],"author":[{"embeddable":true,"href":"https:\/\/mylaps.com\/de\/wp-json\/wp\/v2\/users\/2"}],"replies":[{"embeddable":true,"href":"https:\/\/mylaps.com\/de\/wp-json\/wp\/v2\/comments?post=33249"}],"version-history":[{"count":9,"href":"https:\/\/mylaps.com\/de\/wp-json\/wp\/v2\/pages\/33249\/revisions"}],"predecessor-version":[{"id":36445,"href":"https:\/\/mylaps.com\/de\/wp-json\/wp\/v2\/pages\/33249\/revisions\/36445"}],"wp:attachment":[{"href":"https:\/\/mylaps.com\/de\/wp-json\/wp\/v2\/media?parent=33249"}],"curies":[{"name":"wp","href":"https:\/\/api.w.org\/{rel}","templated":true}]}}