{"id":33272,"date":"2025-01-09T01:02:08","date_gmt":"2025-01-09T01:02:08","guid":{"rendered":"https:\/\/mylaps.com\/?page_id=33272"},"modified":"2025-03-19T09:24:54","modified_gmt":"2025-03-19T09:24:54","slug":"erneuern-mylaps-transponder-abonnement","status":"publish","type":"page","link":"https:\/\/mylaps.com\/de\/erneuern-mylaps-transponder-abonnement\/","title":{"rendered":"Transponder-Abonnement erneuern"},"content":{"rendered":"<div\n\tclass=\"block content bg--white content--cols-1 bg--blank content--arrange-half\"\n\tstyle=\"--cols: 1\">\n\t<div class=\"container--small\">\n\t\t\t\t\t<div class=\"content__column\">\n\t\t\t\t\t\t\t<\/div>\n\t\t\t<\/div>\n<\/div>\n\n\n<div class=\"block related-posts bg--white\">\n\t<div class=\"container\">\n\t\t\t\t\t<div class=\"related-posts__content space-content\">\n\t\t\t\t\t\t\t\t\t<span\n\t\t\t\t\t\tclass=\"related-posts__subtitle\"\n\t\t\t\t\t\tdata-aos=\"fade-left\">\n\t\t\t\t\t\tTRANSPONDER-ABONNEMENT\t\t\t\t\t<\/span>\n\t\t\t\t\n\t\t\t\t\t\t\t\t\t<h2 class=\"related-posts__title\">\n\t\t\t\t\t\tSo erneuern und aktivieren Sie Ihr MYLAPS-Transponder-Abonnement\t\t\t\t\t<\/h2>\n\t\t\t\t\n\t\t\t\t\t\t\t\t\t<div class=\"related-posts__intro space-content\">\n\t\t\t\t\t\t<p>Wenn Sie einen MYLAPS-Transponder haben, ist es wichtig, dass Sie Ihr Transponder-Abonnement rechtzeitig erneuern und Ihren Transponder richtig aktivieren. W\u00e4hlen Sie unten Ihr Transpondermodell aus und lesen Sie mehr dar\u00fcber, wie Sie Ihr Transponder richtig aktivieren k\u00f6nnen.<\/p>\n\t\t\t\t\t<\/div>\n\t\t\t\t\t\t\t<\/div>\n\t\t\n\t\t<ul\n\t\t\tclass=\"related-posts__cards\"\n\t\t\tstyle=\"--cols: 2\">\n\t\t\t\n<div\n\tdata-aos=\"fade-up\"data-aos-delay=\"100\"\tclass=\"card--product-card card--light\">\n\t<div class=\"card--product-card__content\">\n\t\t<h3 class=\"card--product-card__title\">TR2 Transponder<\/h3>\n\t\t\n\t\t\t\t\t<div class=\"card--product-card__labels tag-list\">\n\t\t\t\t\t\t\t\t\t<span class=\"card__label tag\">\n\t\t\t\t\t\tAuto\t\t\t\t\t<\/span>\n\t\t\t\t\t\t\t\t\t<span class=\"card__label tag\">\n\t\t\t\t\t\tMotorrad\t\t\t\t\t<\/span>\n\t\t\t\t\t\t\t\t\t<span class=\"card__label tag\">\n\t\t\t\t\t\tKart\t\t\t\t\t<\/span>\n\t\t\t\t\t\t\t\t\t<span class=\"card__label tag\">\n\t\t\t\t\t\tMX\t\t\t\t\t<\/span>\n\t\t\t\t\t\t\t<\/div>\n\t\t\n\t\t\t\t\t<div class=\"card--product-card__excerpt\">\n\t\t\t\tDer TR2 ist die neue Generation von Transpondern f\u00fcr motorisierte Sportarten, die sich \u00fcber Bluetooth mit Speedhive verbinden. Dieser Transponder erfordert ein Abonnement. Wenn Sie bereits einen Transponder haben und dieser bald abl\u00e4uft, k\u00f6nnen Sie Ihr Abonnement um 1, 2 oder 5 Jahren mit Ihrem Konto verl\u00e4ngern.\t\t\t<\/div>\n\n\t\t\t\t\t\t\t<span class=\"card--product-card__link-text button--text\">\n\t\t\t\t\t<span>\n\t\t\t\t\t\tLearn more\t\t\t\t\t<\/span>\n\t\t\t\t\t<?xml version=\"1.0\" encoding=\"UTF-8\"?> <svg xmlns=\"http:\/\/www.w3.org\/2000\/svg\" aria-hidden=\"true\" width=\"20\" height=\"20\" viewBox=\"0 0 20 20\" fill=\"none\"><path d=\"M17.2554 10.7143H0V9.28571H17.2554L8.98071 1.01107L10 0L20 10L10 20L8.98071 18.9889L17.2554 10.7143Z\" style=\"fill: var(--icon-color, #697073);\"><\/path><\/svg> \t\t\t\t<\/span>\n\t\t\t\t\t\t<\/div>\n\n\t\n\t\n\t\t\t<a\n\t\t\tclass=\"card--product-card__link\"\n\t\t\thref=\"https:\/\/help.mylaps.com\/s\/article\/How-do-I-renew-the-subscription-for-my-TR2-transponder\"\n\t\t\ttarget=\"\">\n\t\t\t<span class=\"sr-only\">\n\t\t\t\tRead more\t\t\t\tabout\t\t\t\tTR2 Transponder\t\t\t<\/span>\n\t\t<\/a>\n\t\n\t\n\t\t\t<figure class=\"card--product-card__image-wrap\">\n\t\t\t<img loading=\"lazy\" decoding=\"async\" width=\"2115\" height=\"1498\" src=\"https:\/\/mylaps.com\/wp-content\/uploads\/2019\/08\/tr2-transponder-26-2.png\" class=\"card__image\" alt=\"TR2 Transponder 24\" srcset=\"https:\/\/mylaps.com\/wp-content\/uploads\/2019\/08\/tr2-transponder-26-2.png 2115w, https:\/\/mylaps.com\/wp-content\/uploads\/2019\/08\/tr2-transponder-26-2-300x212.png 300w, https:\/\/mylaps.com\/wp-content\/uploads\/2019\/08\/tr2-transponder-26-2-1024x725.png 1024w, https:\/\/mylaps.com\/wp-content\/uploads\/2019\/08\/tr2-transponder-26-2-768x544.png 768w, https:\/\/mylaps.com\/wp-content\/uploads\/2019\/08\/tr2-transponder-26-2-1536x1088.png 1536w, https:\/\/mylaps.com\/wp-content\/uploads\/2019\/08\/tr2-transponder-26-2-2048x1451.png 2048w, https:\/\/mylaps.com\/wp-content\/uploads\/2019\/08\/tr2-transponder-26-2-2000x1417.png 2000w, https:\/\/mylaps.com\/wp-content\/uploads\/2019\/08\/tr2-transponder-26-2-750x531.png 750w, https:\/\/mylaps.com\/wp-content\/uploads\/2019\/08\/tr2-transponder-26-2-400x283.png 400w, https:\/\/mylaps.com\/wp-content\/uploads\/2019\/08\/tr2-transponder-26-2-141x100.png 141w\" sizes=\"auto, (max-width: 2115px) 100vw, 2115px\" \/>\t\t<\/figure>\n\t<\/div>\n\n<div\n\tdata-aos=\"fade-up\"data-aos-delay=\"200\"\tclass=\"card--product-card card--light\">\n\t<div class=\"card--product-card__content\">\n\t\t<h3 class=\"card--product-card__title\">X2 Transponder<\/h3>\n\t\t\n\t\t\t\t\t<div class=\"card--product-card__labels tag-list\">\n\t\t\t\t\t\t\t\t\t<span class=\"card__label tag\">\n\t\t\t\t\t\tAuto\t\t\t\t\t<\/span>\n\t\t\t\t\t\t\t\t\t<span class=\"card__label tag\">\n\t\t\t\t\t\tMotorrad\t\t\t\t\t<\/span>\n\t\t\t\t\t\t\t\t\t<span class=\"card__label tag\">\n\t\t\t\t\t\tKart\t\t\t\t\t<\/span>\n\t\t\t\t\t\t\t\t\t<span class=\"card__label tag\">\n\t\t\t\t\t\tMX\t\t\t\t\t<\/span>\n\t\t\t\t\t\t\t<\/div>\n\t\t\n\t\t\t\t\t<div class=\"card--product-card__excerpt\">\n\t\t\t\tDer X2 ist die vorherige Generation von Transpondern f\u00fcr Motorsport und kompatibel mit MYLAPS Timing-Systemen. Diesen Transponder erfordert ein Abonnement. Wenn Sie bereits einen Transponder haben und dieser bald abl\u00e4uft, k\u00f6nnen Sie Ihr Abonnement um 1, 2 oder 5 Jahren mit Ihrem Konto verl\u00e4ngern.\t\t\t<\/div>\n\n\t\t\t\t\t\t\t<span class=\"card--product-card__link-text button--text\">\n\t\t\t\t\t<span>\n\t\t\t\t\t\tLearn more\t\t\t\t\t<\/span>\n\t\t\t\t\t<?xml version=\"1.0\" encoding=\"UTF-8\"?> <svg xmlns=\"http:\/\/www.w3.org\/2000\/svg\" aria-hidden=\"true\" width=\"20\" height=\"20\" viewBox=\"0 0 20 20\" fill=\"none\"><path d=\"M17.2554 10.7143H0V9.28571H17.2554L8.98071 1.01107L10 0L20 10L10 20L8.98071 18.9889L17.2554 10.7143Z\" style=\"fill: var(--icon-color, #697073);\"><\/path><\/svg> \t\t\t\t<\/span>\n\t\t\t\t\t\t<\/div>\n\n\t\n\t\n\t\t\t<a\n\t\t\tclass=\"card--product-card__link\"\n\t\t\thref=\"https:\/\/help.mylaps.com\/s\/article\/How-to-renew-and-activate-the-subscription-of-your-X2-Transponder\"\n\t\t\ttarget=\"\">\n\t\t\t<span class=\"sr-only\">\n\t\t\t\tRead more\t\t\t\tabout\t\t\t\tX2 Transponder\t\t\t<\/span>\n\t\t<\/a>\n\t\n\t\n\t\t\t<figure class=\"card--product-card__image-wrap\">\n\t\t\t<img loading=\"lazy\" decoding=\"async\" width=\"600\" height=\"338\" src=\"https:\/\/mylaps.com\/wp-content\/uploads\/2025\/01\/X2-Transponders.png\" class=\"card__image\" alt=\"\" srcset=\"https:\/\/mylaps.com\/wp-content\/uploads\/2025\/01\/X2-Transponders.png 600w, https:\/\/mylaps.com\/wp-content\/uploads\/2025\/01\/X2-Transponders-300x169.png 300w, https:\/\/mylaps.com\/wp-content\/uploads\/2025\/01\/X2-Transponders-400x225.png 400w, https:\/\/mylaps.com\/wp-content\/uploads\/2025\/01\/X2-Transponders-178x100.png 178w\" sizes=\"auto, (max-width: 600px) 100vw, 600px\" \/>\t\t<\/figure>\n\t<\/div>\n\n<div\n\tdata-aos=\"fade-up\"data-aos-delay=\"300\"\tclass=\"card--product-card card--light\">\n\t<div class=\"card--product-card__content\">\n\t\t<h3 class=\"card--product-card__title\">TranX \/ FLEX Transponder<\/h3>\n\t\t\n\t\t\t\t\t<div class=\"card--product-card__labels tag-list\">\n\t\t\t\t\t\t\t\t\t<span class=\"card__label tag\">\n\t\t\t\t\t\tAuto\t\t\t\t\t<\/span>\n\t\t\t\t\t\t\t\t\t<span class=\"card__label tag\">\n\t\t\t\t\t\tMotorrad\t\t\t\t\t<\/span>\n\t\t\t\t\t\t\t\t\t<span class=\"card__label tag\">\n\t\t\t\t\t\tKart\t\t\t\t\t<\/span>\n\t\t\t\t\t\t\t\t\t<span class=\"card__label tag\">\n\t\t\t\t\t\tMX\t\t\t\t\t<\/span>\n\t\t\t\t\t\t\t<\/div>\n\t\t\n\t\t\t\t\t<div class=\"card--product-card__excerpt\">\n\t\t\t\tDer TranX \/ FLEX Transponder ist die erste Generation von Transpondern f\u00fcr den motorisierten Sport und erfordert ein Abonnement. Wenn Sie diesen Transponder auf der Rennstrecke verwenden und dieser bald abl\u00e4uft, k\u00f6nnen Sie Ihr Abonnement um 1, 2 oder 5 Jahren mit Ihrem Konto verl\u00e4ngern.\t\t\t<\/div>\n\n\t\t\t\t\t\t\t<span class=\"card--product-card__link-text button--text\">\n\t\t\t\t\t<span>\n\t\t\t\t\t\tLearn more\t\t\t\t\t<\/span>\n\t\t\t\t\t<?xml version=\"1.0\" encoding=\"UTF-8\"?> <svg xmlns=\"http:\/\/www.w3.org\/2000\/svg\" aria-hidden=\"true\" width=\"20\" height=\"20\" viewBox=\"0 0 20 20\" fill=\"none\"><path d=\"M17.2554 10.7143H0V9.28571H17.2554L8.98071 1.01107L10 0L20 10L10 20L8.98071 18.9889L17.2554 10.7143Z\" style=\"fill: var(--icon-color, #697073);\"><\/path><\/svg> \t\t\t\t<\/span>\n\t\t\t\t\t\t<\/div>\n\n\t\n\t\n\t\t\t<a\n\t\t\tclass=\"card--product-card__link\"\n\t\t\thref=\"https:\/\/help.mylaps.com\/s\/article\/How-to-renew-your-subscription-of-your-Tranx-Transponder\"\n\t\t\ttarget=\"\">\n\t\t\t<span class=\"sr-only\">\n\t\t\t\tRead more\t\t\t\tabout\t\t\t\tTranX \/ FLEX Transponder\t\t\t<\/span>\n\t\t<\/a>\n\t\n\t\n\t\t\t<figure class=\"card--product-card__image-wrap\">\n\t\t\t<img loading=\"lazy\" decoding=\"async\" width=\"600\" height=\"338\" src=\"https:\/\/mylaps.com\/wp-content\/uploads\/2025\/01\/TranX-transponder.png\" class=\"card__image\" alt=\"\" srcset=\"https:\/\/mylaps.com\/wp-content\/uploads\/2025\/01\/TranX-transponder.png 600w, https:\/\/mylaps.com\/wp-content\/uploads\/2025\/01\/TranX-transponder-300x169.png 300w, https:\/\/mylaps.com\/wp-content\/uploads\/2025\/01\/TranX-transponder-400x225.png 400w, https:\/\/mylaps.com\/wp-content\/uploads\/2025\/01\/TranX-transponder-178x100.png 178w\" sizes=\"auto, (max-width: 600px) 100vw, 600px\" \/>\t\t<\/figure>\n\t<\/div>\n\n<div\n\tdata-aos=\"fade-up\"data-aos-delay=\"400\"\tclass=\"card--product-card card--light\">\n\t<div class=\"card--product-card__content\">\n\t\t<h3 class=\"card--product-card__title\">ProChip FLEX<\/h3>\n\t\t\n\t\t\t\t\t<div class=\"card--product-card__labels tag-list\">\n\t\t\t\t\t\t\t\t\t<span class=\"card__label tag\">\n\t\t\t\t\t\tRadfahren\t\t\t\t\t<\/span>\n\t\t\t\t\t\t\t\t\t<span class=\"card__label tag\">\n\t\t\t\t\t\tSchlittschuhlaufen\t\t\t\t\t<\/span>\n\t\t\t\t\t\t\t\t\t<span class=\"card__label tag\">\n\t\t\t\t\t\tSkifahren\t\t\t\t\t<\/span>\n\t\t\t\t\t\t\t\t\t<span class=\"card__label tag\">\n\t\t\t\t\t\tSchwimmen\t\t\t\t\t<\/span>\n\t\t\t\t\t\t\t\t\t<span class=\"card__label tag\">\n\t\t\t\t\t\tTriathlon\t\t\t\t\t<\/span>\n\t\t\t\t\t\t\t<\/div>\n\t\t\n\t\t\t\t\t<div class=\"card--product-card__excerpt\">\n\t\t\t\tDer ProChip ist die neue Generation von Transpondern f\u00fcr aktive Sportarten und kompatibel mit MYLAPS Timing-Systemen. Dieser Transponder erfordert ein Abonnement. Wenn Sie bereits einen Transponder besitzen und dieser bald abl\u00e4uft, k\u00f6nnen Sie Ihr Abonnement um 1, 2 oder 5 Jahren mit Ihrem Konto verl\u00e4ngern.\t\t\t<\/div>\n\n\t\t\t\t\t\t\t<span class=\"card--product-card__link-text button--text\">\n\t\t\t\t\t<span>\n\t\t\t\t\t\tLearn more\t\t\t\t\t<\/span>\n\t\t\t\t\t<?xml version=\"1.0\" encoding=\"UTF-8\"?> <svg xmlns=\"http:\/\/www.w3.org\/2000\/svg\" aria-hidden=\"true\" width=\"20\" height=\"20\" viewBox=\"0 0 20 20\" fill=\"none\"><path d=\"M17.2554 10.7143H0V9.28571H17.2554L8.98071 1.01107L10 0L20 10L10 20L8.98071 18.9889L17.2554 10.7143Z\" style=\"fill: var(--icon-color, #697073);\"><\/path><\/svg> \t\t\t\t<\/span>\n\t\t\t\t\t\t<\/div>\n\n\t\n\t\n\t\t\t<a\n\t\t\tclass=\"card--product-card__link\"\n\t\t\thref=\"https:\/\/help.mylaps.com\/s\/article\/How-to-renew-the-subscription-of-your-ProChip-Flex-Transponder\"\n\t\t\ttarget=\"\">\n\t\t\t<span class=\"sr-only\">\n\t\t\t\tRead more\t\t\t\tabout\t\t\t\tProChip FLEX\t\t\t<\/span>\n\t\t<\/a>\n\t\n\t\n\t\t\t<figure class=\"card--product-card__image-wrap\">\n\t\t\t<img loading=\"lazy\" decoding=\"async\" width=\"600\" height=\"338\" src=\"https:\/\/mylaps.com\/wp-content\/uploads\/2025\/01\/ProChip-FLEX-16x9-1.png\" class=\"card__image\" alt=\"\" srcset=\"https:\/\/mylaps.com\/wp-content\/uploads\/2025\/01\/ProChip-FLEX-16x9-1.png 600w, https:\/\/mylaps.com\/wp-content\/uploads\/2025\/01\/ProChip-FLEX-16x9-1-300x169.png 300w, https:\/\/mylaps.com\/wp-content\/uploads\/2025\/01\/ProChip-FLEX-16x9-1-400x225.png 400w, https:\/\/mylaps.com\/wp-content\/uploads\/2025\/01\/ProChip-FLEX-16x9-1-178x100.png 178w\" sizes=\"auto, (max-width: 600px) 100vw, 600px\" \/>\t\t<\/figure>\n\t<\/div>\n\t\t<\/ul>\n\n\t\t\t<\/div>\n<\/div>\n\n\n<div\n\tclass=\"block content bg--white content--cols-1 bg--blank content--arrange-half\"\n\tstyle=\"--cols: 1\">\n\t<div class=\"container--small\">\n\t\t\t\t\t<div class=\"content__column\">\n\t\t\t\t\t\t\t\t\t<div\n\t\t\t\t\t\tdata-aos=\"fade-up\"\t\t\t\t\t\tclass=\"content__type--text space-content\">\n\t\t\t\t\t\t<h4 style='margin-top: 10px;text-align: center'>Sie haben keinen Transponder?<\/h4>\n<p style='text-align: center'>Kaufen Sie Ihren pers\u00f6nlichen Transponder in unserem<\/p>\n<p style='text-align: center'><a class='button--primary' href='https:\/\/speedhiveshop.mylaps.com\/'>Webshop<\/a><\/p>\n\t\t\t\t\t<\/div>\n\t\t\t\t\t\t\t<\/div>\n\t\t\t<\/div>\n<\/div>\n","protected":false},"excerpt":{"rendered":"<p>Transponder-Abonnement Erneuerung &amp; Aktivierung Ihres MYLAPS Transponder-Abonnements Wenn Sie einen MYLAPS Transponder besitzen, ist es wichtig, dass Sie Ihr Transponder-Abonnement rechtzeitig erneuern und Ihren Transponder korrekt aktivieren. W\u00e4hlen Sie unten den Typ Ihres Transponders aus und lesen Sie mehr dar\u00fcber, wie Sie sicherstellen k\u00f6nnen, dass Ihr Transponder richtig aktiviert ist. TR2 Transponder Auto Fahrrad Kart MX Der TR2 ist die neue Generation von Transpondern f\u00fcr motorisierte Sportarten, die sich \u00fcber Bluetooth mit Speedhive verbinden. Dieser Transponder erfordert ein Abonnement. Wenn Sie bereits einen Transponder haben und dieser bald abl\u00e4uft, k\u00f6nnen Sie Ihr Abonnement mit 1, 2 [&#8230;]<\/p>\n","protected":false},"author":2,"featured_media":0,"parent":0,"menu_order":0,"comment_status":"closed","ping_status":"closed","template":"","meta":{"_acf_changed":false,"content-type":"","_trash_the_other_posts":false,"editor_notices":[],"footnotes":""},"class_list":["post-33272","page","type-page","status-publish","hentry"],"acf":[],"yoast_head":"<!-- This site is optimized with the Yoast SEO Premium plugin v27.0 (Yoast SEO v27.0) - https:\/\/yoast.com\/product\/yoast-seo-premium-wordpress\/ -->\n<title>MYLAPS Transponder-Abonnement aktivieren oder erneuern<\/title>\n<meta name=\"description\" content=\"Erfahren Sie, wie Sie Ihr MYLAPS Transponder-Abonnement verl\u00e4ngern k\u00f6nnen. Ohne ein g\u00fcltiges Abo funktioniert Ihr Transponder nicht.\" \/>\n<meta name=\"robots\" content=\"index, follow, max-snippet:-1, max-image-preview:large, max-video-preview:-1\" \/>\n<link rel=\"canonical\" href=\"https:\/\/mylaps.com\/de\/erneuern-mylaps-transponder-abonnement\/\" \/>\n<meta property=\"og:locale\" content=\"en_US\" \/>\n<meta property=\"og:type\" content=\"article\" \/>\n<meta property=\"og:title\" content=\"Transponder-Abonnement erneuern\" \/>\n<meta property=\"og:description\" content=\"Erfahren Sie, wie Sie Ihr MYLAPS Transponder-Abonnement verl\u00e4ngern k\u00f6nnen. Ohne ein g\u00fcltiges Abo funktioniert Ihr Transponder nicht.\" \/>\n<meta property=\"og:url\" content=\"https:\/\/mylaps.com\/de\/erneuern-mylaps-transponder-abonnement\/\" \/>\n<meta property=\"og:site_name\" content=\"MYLAPS - German\" \/>\n<meta property=\"article:modified_time\" content=\"2025-03-19T09:24:54+00:00\" \/>\n<meta name=\"twitter:card\" content=\"summary_large_image\" \/>\n<meta name=\"twitter:label1\" content=\"Est. reading time\" \/>\n\t<meta name=\"twitter:data1\" content=\"3 minutes\" \/>\n<script type=\"application\/ld+json\" class=\"yoast-schema-graph\">{\"@context\":\"https:\/\/schema.org\",\"@graph\":[{\"@type\":\"WebPage\",\"@id\":\"https:\/\/mylaps.com\/de\/erneuern-mylaps-transponder-abonnement\/\",\"url\":\"https:\/\/mylaps.com\/de\/erneuern-mylaps-transponder-abonnement\/\",\"name\":\"MYLAPS Transponder-Abonnement aktivieren oder erneuern\",\"isPartOf\":{\"@id\":\"https:\/\/mylaps.com\/de\/#website\"},\"datePublished\":\"2025-01-09T01:02:08+00:00\",\"dateModified\":\"2025-03-19T09:24:54+00:00\",\"description\":\"Erfahren Sie, wie Sie Ihr MYLAPS Transponder-Abonnement verl\u00e4ngern k\u00f6nnen. Ohne ein g\u00fcltiges Abo funktioniert Ihr Transponder nicht.\",\"breadcrumb\":{\"@id\":\"https:\/\/mylaps.com\/de\/erneuern-mylaps-transponder-abonnement\/#breadcrumb\"},\"inLanguage\":\"en-US\",\"potentialAction\":[{\"@type\":\"ReadAction\",\"target\":[\"https:\/\/mylaps.com\/de\/erneuern-mylaps-transponder-abonnement\/\"]}]},{\"@type\":\"BreadcrumbList\",\"@id\":\"https:\/\/mylaps.com\/de\/erneuern-mylaps-transponder-abonnement\/#breadcrumb\",\"itemListElement\":[{\"@type\":\"ListItem\",\"position\":1,\"name\":\"Home\",\"item\":\"https:\/\/mylaps.com\/de\/\"},{\"@type\":\"ListItem\",\"position\":2,\"name\":\"Transponder-Abonnement erneuern\"}]},{\"@type\":\"WebSite\",\"@id\":\"https:\/\/mylaps.com\/de\/#website\",\"url\":\"https:\/\/mylaps.com\/de\/\",\"name\":\"MYLAPS\",\"description\":\"MYLAPS Sports Timing - The Industry&#039;s Most Reliable and Accurate Timing and Data Solutions\",\"potentialAction\":[{\"@type\":\"SearchAction\",\"target\":{\"@type\":\"EntryPoint\",\"urlTemplate\":\"https:\/\/mylaps.com\/de\/?s={search_term_string}\"},\"query-input\":{\"@type\":\"PropertyValueSpecification\",\"valueRequired\":true,\"valueName\":\"search_term_string\"}}],\"inLanguage\":\"en-US\"}]}<\/script>\n<!-- \/ Yoast SEO Premium plugin. -->","yoast_head_json":{"title":"MYLAPS Transponder-Abonnement aktivieren oder erneuern","description":"Erfahren Sie, wie Sie Ihr MYLAPS Transponder-Abonnement verl\u00e4ngern k\u00f6nnen. Ohne ein g\u00fcltiges Abo funktioniert Ihr Transponder nicht.","robots":{"index":"index","follow":"follow","max-snippet":"max-snippet:-1","max-image-preview":"max-image-preview:large","max-video-preview":"max-video-preview:-1"},"canonical":"https:\/\/mylaps.com\/de\/erneuern-mylaps-transponder-abonnement\/","og_locale":"en_US","og_type":"article","og_title":"Transponder-Abonnement erneuern","og_description":"Erfahren Sie, wie Sie Ihr MYLAPS Transponder-Abonnement verl\u00e4ngern k\u00f6nnen. Ohne ein g\u00fcltiges Abo funktioniert Ihr Transponder nicht.","og_url":"https:\/\/mylaps.com\/de\/erneuern-mylaps-transponder-abonnement\/","og_site_name":"MYLAPS - German","article_modified_time":"2025-03-19T09:24:54+00:00","twitter_card":"summary_large_image","twitter_misc":{"Est. reading time":"3 minutes"},"schema":{"@context":"https:\/\/schema.org","@graph":[{"@type":"WebPage","@id":"https:\/\/mylaps.com\/de\/erneuern-mylaps-transponder-abonnement\/","url":"https:\/\/mylaps.com\/de\/erneuern-mylaps-transponder-abonnement\/","name":"MYLAPS Transponder-Abonnement aktivieren oder erneuern","isPartOf":{"@id":"https:\/\/mylaps.com\/de\/#website"},"datePublished":"2025-01-09T01:02:08+00:00","dateModified":"2025-03-19T09:24:54+00:00","description":"Erfahren Sie, wie Sie Ihr MYLAPS Transponder-Abonnement verl\u00e4ngern k\u00f6nnen. Ohne ein g\u00fcltiges Abo funktioniert Ihr Transponder nicht.","breadcrumb":{"@id":"https:\/\/mylaps.com\/de\/erneuern-mylaps-transponder-abonnement\/#breadcrumb"},"inLanguage":"en-US","potentialAction":[{"@type":"ReadAction","target":["https:\/\/mylaps.com\/de\/erneuern-mylaps-transponder-abonnement\/"]}]},{"@type":"BreadcrumbList","@id":"https:\/\/mylaps.com\/de\/erneuern-mylaps-transponder-abonnement\/#breadcrumb","itemListElement":[{"@type":"ListItem","position":1,"name":"Home","item":"https:\/\/mylaps.com\/de\/"},{"@type":"ListItem","position":2,"name":"Transponder-Abonnement erneuern"}]},{"@type":"WebSite","@id":"https:\/\/mylaps.com\/de\/#website","url":"https:\/\/mylaps.com\/de\/","name":"MYLAPS","description":"MYLAPS Sports Timing - The Industry&#039;s Most Reliable and Accurate Timing and Data Solutions","potentialAction":[{"@type":"SearchAction","target":{"@type":"EntryPoint","urlTemplate":"https:\/\/mylaps.com\/de\/?s={search_term_string}"},"query-input":{"@type":"PropertyValueSpecification","valueRequired":true,"valueName":"search_term_string"}}],"inLanguage":"en-US"}]}},"_links":{"self":[{"href":"https:\/\/mylaps.com\/de\/wp-json\/wp\/v2\/pages\/33272","targetHints":{"allow":["GET"]}}],"collection":[{"href":"https:\/\/mylaps.com\/de\/wp-json\/wp\/v2\/pages"}],"about":[{"href":"https:\/\/mylaps.com\/de\/wp-json\/wp\/v2\/types\/page"}],"author":[{"embeddable":true,"href":"https:\/\/mylaps.com\/de\/wp-json\/wp\/v2\/users\/2"}],"replies":[{"embeddable":true,"href":"https:\/\/mylaps.com\/de\/wp-json\/wp\/v2\/comments?post=33272"}],"version-history":[{"count":10,"href":"https:\/\/mylaps.com\/de\/wp-json\/wp\/v2\/pages\/33272\/revisions"}],"predecessor-version":[{"id":35195,"href":"https:\/\/mylaps.com\/de\/wp-json\/wp\/v2\/pages\/33272\/revisions\/35195"}],"wp:attachment":[{"href":"https:\/\/mylaps.com\/de\/wp-json\/wp\/v2\/media?parent=33272"}],"curies":[{"name":"wp","href":"https:\/\/api.w.org\/{rel}","templated":true}]}}