{"id":33814,"date":"2025-01-15T13:19:43","date_gmt":"2025-01-15T13:19:43","guid":{"rendered":"https:\/\/mylaps.com\/?page_id=33814"},"modified":"2025-02-03T15:00:37","modified_gmt":"2025-02-03T15:00:37","slug":"qr","status":"publish","type":"page","link":"https:\/\/mylaps.com\/de\/qr\/","title":{"rendered":"QR"},"content":{"rendered":"<div class=\"block hero hero--background-img hero--content-lb\">\n\t<img loading=\"lazy\" decoding=\"async\" width=\"2000\" height=\"1125\" src=\"https:\/\/mylaps.com\/wp-content\/uploads\/2025\/01\/JMA6330-1-1-2000x1125.jpg\" class=\"hero__background\" alt=\"\" srcset=\"https:\/\/mylaps.com\/wp-content\/uploads\/2025\/01\/JMA6330-1-1-2000x1125.jpg 2000w, https:\/\/mylaps.com\/wp-content\/uploads\/2025\/01\/JMA6330-1-1-300x169.jpg 300w, https:\/\/mylaps.com\/wp-content\/uploads\/2025\/01\/JMA6330-1-1-768x432.jpg 768w, https:\/\/mylaps.com\/wp-content\/uploads\/2025\/01\/JMA6330-1-1-1024x576.jpg 1024w, https:\/\/mylaps.com\/wp-content\/uploads\/2025\/01\/JMA6330-1-1-1536x864.jpg 1536w, https:\/\/mylaps.com\/wp-content\/uploads\/2025\/01\/JMA6330-1-1-2048x1152.jpg 2048w, https:\/\/mylaps.com\/wp-content\/uploads\/2025\/01\/JMA6330-1-1-750x422.jpg 750w, https:\/\/mylaps.com\/wp-content\/uploads\/2025\/01\/JMA6330-1-1-400x225.jpg 400w, https:\/\/mylaps.com\/wp-content\/uploads\/2025\/01\/JMA6330-1-1-178x100.jpg 178w\" sizes=\"auto, (max-width: 2000px) 100vw, 2000px\" \/>\n\t<div class=\"container\">\n\t\t<div class=\"hero__content space-content\">\n\t\t\t\t\t\t\t<h1>\n\t\t\t\t\tSo tragen Sie das Etikett an Ihrer Startnummer\t\t\t\t<\/h1>\n\t\t\t\n\t\t\t<p>Um sicherzustellen, dass Ihre Zeiten erfasst werden, \u00fcberpr\u00fcfen Sie, ob Sie Ihr Etikett richtig tragen, bevor Sie Ihr Rennen starten.<\/p>\n\t\t<\/div>\n\t<\/div>\n<\/div>\n\n\n<div\n\tclass=\"block content bg--white content--cols-1 bg--blank content--arrange-half\"\n\tstyle=\"--cols: 1\">\n\t<div class=\"container--small\">\n\t\t\t\t\t<div class=\"content__column\">\n\t\t\t\t\t\t\t\t\t<div\n\t\t\t\t\t\tdata-aos=\"fade-up\"\t\t\t\t\t\tclass=\"content__type--text space-content\">\n\t\t\t\t\t\t<h3>Hinweise zum Tragen des MYLAPS ThinTag<\/h3>\n<ul>\n<li>Tragen Sie die Startnummer gut sichtbar auf der Brust<\/li>\n<li>Die Startnummer oder das Etikett nicht falten oder zerknittern<\/li>\n<li>Verwenden Sie f\u00fcr jede Ecke der Startnummer eine Stecknadel, durchstechen Sie das Etikett nicht<\/li>\n<li>Entfernen Sie nicht den Schaumstoffabstandshalter. Der Schaumstoff erh\u00f6ht die Erkennungsrate Ihres Tags<\/li>\n<li>Die Tags m\u00fcssen nach dem Rennen nicht eingesammelt werden, Sie k\u00f6nnen die Startnummer mit dem Tag als Souvenir behalten<\/li>\n<\/ul>\n\t\t\t\t\t<\/div>\n\t\t\t\t\t\t\t<\/div>\n\t\t\t<\/div>\n<\/div>\n\n\n<div\n\tclass=\"block content bg--white content--cols-1 bg--blank content--arrange-half\"\n\tstyle=\"--cols: 1\">\n\t<div class=\"container--small\">\n\t\t\t\t\t<div class=\"content__column\">\n\t\t\t\t\t\t\t\t\t<div\n\t\t\t\t\t\tdata-aos=\"fade-up\"\t\t\t\t\t\tclass=\"content__type--text space-content\">\n\t\t\t\t\t\t<h3 class='section_title '>Wie man das MultiSports Tag tr\u00e4gt<\/h3>\n<p>Das MultiSports Tag muss um den Kn\u00f6chel getragen werden. Wenn du einen langen Neoprenanzug tr\u00e4gst, achte darauf, dass du den Tag unter deinem Anzug tr\u00e4gst!<\/p>\n<ul>\n<li>Wickel den MultiSports Tag mit Hilfe des Klettverschlusses um deinen Kn\u00f6chel<\/li>\n<li>Dr\u00fccke und reibe den Klettverschlusshaken fest auf den Tag, um sicher zu gehen<\/li>\n<li>Vergewissere dich, dass die Nummer auf der Au\u00dfenseite deines Beins sichtbar ist<\/li>\n<li>R\u00fcckgabe des MultiSports Tags nach der Veranstaltung an die Rennorganisation<\/li>\n<\/ul>\n<p><img class='aligncenter' src='https:\/\/media.giphy.com\/media\/1tO0Z1BQ1vl5u\/giphy.gif' \/>&nbsp;<a class='button--primary' href='https:\/\/mylaps.com\/active-sports\/solutions\/bibtag-system\/'>MORE INFO ON TAGS<\/a><\/p>\n\t\t\t\t\t<\/div>\n\t\t\t\t\t\t\t<\/div>\n\t\t\t<\/div>\n<\/div>\n\n\n<div class=\"block cta\">\n\t<div class=\"container--medium\">\n\t\t<div class=\"cta__content\">\n\t\t\t\t\t\t\t<h2>\n\t\t\t\t\tFinden Sie Ihre Ergebnisse nach der Veranstaltung auf Sporthive\t\t\t\t<\/h2>\n\t\t\t\n\t\t\t\t\t\t\t<a\n\t\t\t\t\thref=\"https:\/\/sporthive.com\/\"\n\t\t\t\t\ttarget=\"\"\n\t\t\t\t\tclass=\"button--primary\">\n\t\t\t\t\tBesuchen Sie Sporthive\t\t\t\t<\/a>\n\t\t\t\t\t<\/div>\n\t<\/div>\n<\/div>\n","protected":false},"excerpt":{"rendered":"<p>So tragen Sie den Tag an Ihrer Startnummer Um sicherzustellen, dass Ihre Zeiten erfasst werden, \u00fcberpr\u00fcfen Sie vor dem Start, ob Sie Ihren Tag richtig tragen. So tragen Sie den MYLAPS ThinTag Tragen Sie die Startnummer gut sichtbar auf der Brust Falten oder zerknittern Sie Ihre Startnummer oder den Tag nicht Verwenden Sie eine Nadel f\u00fcr jede Ecke der Startnummer, stechen Sie den Tag nicht durch Entfernen Sie nicht den Schaumstoffabstandshalter. Der Schaumstoff erh\u00f6ht die Erkennungsrate Ihres Tags Die Tags m\u00fcssen nach dem Rennen nicht eingesammelt werden, Sie k\u00f6nnen die Startnummer mit dem [&#8230;]<\/p>\n","protected":false},"author":2,"featured_media":0,"parent":0,"menu_order":0,"comment_status":"closed","ping_status":"closed","template":"","meta":{"_acf_changed":false,"content-type":"","_trash_the_other_posts":false,"editor_notices":[],"footnotes":""},"class_list":["post-33814","page","type-page","status-publish","hentry"],"acf":[],"yoast_head":"<!-- This site is optimized with the Yoast SEO Premium plugin v27.0 (Yoast SEO v27.0) - https:\/\/yoast.com\/product\/yoast-seo-premium-wordpress\/ -->\n<title>QR - MYLAPS - German<\/title>\n<meta name=\"robots\" content=\"index, follow, max-snippet:-1, max-image-preview:large, max-video-preview:-1\" \/>\n<link rel=\"canonical\" href=\"https:\/\/mylaps.com\/de\/qr\/\" \/>\n<meta property=\"og:locale\" content=\"en_US\" \/>\n<meta property=\"og:type\" content=\"article\" \/>\n<meta property=\"og:title\" content=\"QR\" \/>\n<meta property=\"og:description\" content=\"So tragen Sie den Tag an Ihrer Startnummer Um sicherzustellen, dass Ihre Zeiten erfasst werden, \u00fcberpr\u00fcfen Sie vor dem Start, ob Sie Ihren Tag richtig tragen. So tragen Sie den MYLAPS ThinTag Tragen Sie die Startnummer gut sichtbar auf der Brust Falten oder zerknittern Sie Ihre Startnummer oder den Tag nicht Verwenden Sie eine Nadel f\u00fcr jede Ecke der Startnummer, stechen Sie den Tag nicht durch Entfernen Sie nicht den Schaumstoffabstandshalter. Der Schaumstoff erh\u00f6ht die Erkennungsrate Ihres Tags Die Tags m\u00fcssen nach dem Rennen nicht eingesammelt werden, Sie k\u00f6nnen die Startnummer mit dem [...]\" \/>\n<meta property=\"og:url\" content=\"https:\/\/mylaps.com\/de\/qr\/\" \/>\n<meta property=\"og:site_name\" content=\"MYLAPS - German\" \/>\n<meta property=\"article:modified_time\" content=\"2025-02-03T15:00:37+00:00\" \/>\n<meta name=\"twitter:card\" content=\"summary_large_image\" \/>\n<meta name=\"twitter:label1\" content=\"Est. reading time\" \/>\n\t<meta name=\"twitter:data1\" content=\"2 minutes\" \/>\n<script type=\"application\/ld+json\" class=\"yoast-schema-graph\">{\"@context\":\"https:\/\/schema.org\",\"@graph\":[{\"@type\":\"WebPage\",\"@id\":\"https:\/\/mylaps.com\/de\/qr\/\",\"url\":\"https:\/\/mylaps.com\/de\/qr\/\",\"name\":\"QR - MYLAPS - German\",\"isPartOf\":{\"@id\":\"https:\/\/mylaps.com\/de\/#website\"},\"datePublished\":\"2025-01-15T13:19:43+00:00\",\"dateModified\":\"2025-02-03T15:00:37+00:00\",\"breadcrumb\":{\"@id\":\"https:\/\/mylaps.com\/de\/qr\/#breadcrumb\"},\"inLanguage\":\"en-US\",\"potentialAction\":[{\"@type\":\"ReadAction\",\"target\":[\"https:\/\/mylaps.com\/de\/qr\/\"]}]},{\"@type\":\"BreadcrumbList\",\"@id\":\"https:\/\/mylaps.com\/de\/qr\/#breadcrumb\",\"itemListElement\":[{\"@type\":\"ListItem\",\"position\":1,\"name\":\"Home\",\"item\":\"https:\/\/mylaps.com\/de\/\"},{\"@type\":\"ListItem\",\"position\":2,\"name\":\"QR\"}]},{\"@type\":\"WebSite\",\"@id\":\"https:\/\/mylaps.com\/de\/#website\",\"url\":\"https:\/\/mylaps.com\/de\/\",\"name\":\"MYLAPS\",\"description\":\"MYLAPS Sports Timing - The Industry&#039;s Most Reliable and Accurate Timing and Data Solutions\",\"potentialAction\":[{\"@type\":\"SearchAction\",\"target\":{\"@type\":\"EntryPoint\",\"urlTemplate\":\"https:\/\/mylaps.com\/de\/?s={search_term_string}\"},\"query-input\":{\"@type\":\"PropertyValueSpecification\",\"valueRequired\":true,\"valueName\":\"search_term_string\"}}],\"inLanguage\":\"en-US\"}]}<\/script>\n<!-- \/ Yoast SEO Premium plugin. -->","yoast_head_json":{"title":"QR - MYLAPS - German","robots":{"index":"index","follow":"follow","max-snippet":"max-snippet:-1","max-image-preview":"max-image-preview:large","max-video-preview":"max-video-preview:-1"},"canonical":"https:\/\/mylaps.com\/de\/qr\/","og_locale":"en_US","og_type":"article","og_title":"QR","og_description":"So tragen Sie den Tag an Ihrer Startnummer Um sicherzustellen, dass Ihre Zeiten erfasst werden, \u00fcberpr\u00fcfen Sie vor dem Start, ob Sie Ihren Tag richtig tragen. So tragen Sie den MYLAPS ThinTag Tragen Sie die Startnummer gut sichtbar auf der Brust Falten oder zerknittern Sie Ihre Startnummer oder den Tag nicht Verwenden Sie eine Nadel f\u00fcr jede Ecke der Startnummer, stechen Sie den Tag nicht durch Entfernen Sie nicht den Schaumstoffabstandshalter. Der Schaumstoff erh\u00f6ht die Erkennungsrate Ihres Tags Die Tags m\u00fcssen nach dem Rennen nicht eingesammelt werden, Sie k\u00f6nnen die Startnummer mit dem [...]","og_url":"https:\/\/mylaps.com\/de\/qr\/","og_site_name":"MYLAPS - German","article_modified_time":"2025-02-03T15:00:37+00:00","twitter_card":"summary_large_image","twitter_misc":{"Est. reading time":"2 minutes"},"schema":{"@context":"https:\/\/schema.org","@graph":[{"@type":"WebPage","@id":"https:\/\/mylaps.com\/de\/qr\/","url":"https:\/\/mylaps.com\/de\/qr\/","name":"QR - MYLAPS - German","isPartOf":{"@id":"https:\/\/mylaps.com\/de\/#website"},"datePublished":"2025-01-15T13:19:43+00:00","dateModified":"2025-02-03T15:00:37+00:00","breadcrumb":{"@id":"https:\/\/mylaps.com\/de\/qr\/#breadcrumb"},"inLanguage":"en-US","potentialAction":[{"@type":"ReadAction","target":["https:\/\/mylaps.com\/de\/qr\/"]}]},{"@type":"BreadcrumbList","@id":"https:\/\/mylaps.com\/de\/qr\/#breadcrumb","itemListElement":[{"@type":"ListItem","position":1,"name":"Home","item":"https:\/\/mylaps.com\/de\/"},{"@type":"ListItem","position":2,"name":"QR"}]},{"@type":"WebSite","@id":"https:\/\/mylaps.com\/de\/#website","url":"https:\/\/mylaps.com\/de\/","name":"MYLAPS","description":"MYLAPS Sports Timing - The Industry&#039;s Most Reliable and Accurate Timing and Data Solutions","potentialAction":[{"@type":"SearchAction","target":{"@type":"EntryPoint","urlTemplate":"https:\/\/mylaps.com\/de\/?s={search_term_string}"},"query-input":{"@type":"PropertyValueSpecification","valueRequired":true,"valueName":"search_term_string"}}],"inLanguage":"en-US"}]}},"_links":{"self":[{"href":"https:\/\/mylaps.com\/de\/wp-json\/wp\/v2\/pages\/33814","targetHints":{"allow":["GET"]}}],"collection":[{"href":"https:\/\/mylaps.com\/de\/wp-json\/wp\/v2\/pages"}],"about":[{"href":"https:\/\/mylaps.com\/de\/wp-json\/wp\/v2\/types\/page"}],"author":[{"embeddable":true,"href":"https:\/\/mylaps.com\/de\/wp-json\/wp\/v2\/users\/2"}],"replies":[{"embeddable":true,"href":"https:\/\/mylaps.com\/de\/wp-json\/wp\/v2\/comments?post=33814"}],"version-history":[{"count":6,"href":"https:\/\/mylaps.com\/de\/wp-json\/wp\/v2\/pages\/33814\/revisions"}],"predecessor-version":[{"id":34884,"href":"https:\/\/mylaps.com\/de\/wp-json\/wp\/v2\/pages\/33814\/revisions\/34884"}],"wp:attachment":[{"href":"https:\/\/mylaps.com\/de\/wp-json\/wp\/v2\/media?parent=33814"}],"curies":[{"name":"wp","href":"https:\/\/api.w.org\/{rel}","templated":true}]}}