{"id":34065,"date":"2025-01-15T16:45:53","date_gmt":"2025-01-15T16:45:53","guid":{"rendered":"https:\/\/mylaps.com\/?page_id=34065"},"modified":"2025-02-03T15:00:40","modified_gmt":"2025-02-03T15:00:40","slug":"end-of-life-produkte","status":"publish","type":"page","link":"https:\/\/mylaps.com\/de\/uber-uns\/end-of-life-produkte\/","title":{"rendered":"Produkte am Ende ihrer Lebensdauer"},"content":{"rendered":"<div\n\tclass=\"block content bg--white content--cols-1 bg--blank content--arrange-half\"\n\tstyle=\"--cols: 1\">\n\t<div class=\"container--small\">\n\t\t\t\t\t<div class=\"content__column\">\n\t\t\t\t\t\t\t\t\t<div\n\t\t\t\t\t\t\t\t\t\t\t\tclass=\"content__type--image space-content\">\n\t\t\t\t\t\t\t\t\t\t\t<\/div>\n\t\t\t\t\t\t\t<\/div>\n\t\t\t<\/div>\n<\/div>\n\n\n<div\n\tclass=\"block content bg--white content--cols-1 bg--blank content--arrange-half\"\n\tstyle=\"--cols: 1\">\n\t<div class=\"container--small\">\n\t\t\t\t\t<div class=\"content__column\">\n\t\t\t\t\t\t\t\t\t<div\n\t\t\t\t\t\tdata-aos=\"fade-up\"\t\t\t\t\t\tclass=\"content__type--text space-content\">\n\t\t\t\t\t\t<h2 class='text-left text-md-center'>End of life products<\/h2>\n<p>Diese Seite bietet einen \u00dcberblick \u00fcber MYLAPS-Produkte, die nicht mehr verkauft werden und m\u00f6glicherweise nicht mehr unterst\u00fctzt werden. Klicken Sie auf den Produktlink &#8211; sofern verf\u00fcgbar &#8211; f\u00fcr weitere Informationen.<\/p>\n<ul>\n<li>End of Sales: Die Produkte werden nicht mehr verkauft<\/li>\n<li>End of Support: Produkte erhalten keine Wartungsupdates mehr und werden nicht mehr \u00fcber die Supportkan\u00e4le verwaltet<\/li>\n<li>Ende des Service: Products cannot be repaired<\/li>\n<\/ul>\n\t\t\t\t\t<\/div>\n\t\t\t\t\t\t\t\t\t<div\n\t\t\t\t\t\t\t\t\t\t\t\tclass=\"content__type--image space-content\">\n\t\t\t\t\t\t\t\t\t\t\t\t\t\t<figure class=\"content__figure\">\n\t\t\t\t\t\t\t\t\t<img loading=\"lazy\" decoding=\"async\" width=\"750\" height=\"2971\" src=\"https:\/\/mylaps.com\/wp-content\/uploads\/2025\/01\/old.mylaps.com_about-us_end-life-products_-1-750x2971.png\" class=\"content__image\" alt=\"\" srcset=\"https:\/\/mylaps.com\/wp-content\/uploads\/2025\/01\/old.mylaps.com_about-us_end-life-products_-1-750x2971.png 750w, https:\/\/mylaps.com\/wp-content\/uploads\/2025\/01\/old.mylaps.com_about-us_end-life-products_-1-76x300.png 76w, https:\/\/mylaps.com\/wp-content\/uploads\/2025\/01\/old.mylaps.com_about-us_end-life-products_-1-388x1536.png 388w, https:\/\/mylaps.com\/wp-content\/uploads\/2025\/01\/old.mylaps.com_about-us_end-life-products_-1-517x2048.png 517w, https:\/\/mylaps.com\/wp-content\/uploads\/2025\/01\/old.mylaps.com_about-us_end-life-products_-1-400x1585.png 400w, https:\/\/mylaps.com\/wp-content\/uploads\/2025\/01\/old.mylaps.com_about-us_end-life-products_-1-25x100.png 25w, https:\/\/mylaps.com\/wp-content\/uploads\/2025\/01\/old.mylaps.com_about-us_end-life-products_-1.png 763w\" sizes=\"auto, (max-width: 750px) 100vw, 750px\" \/>\t\t\t\t\t\t\t\t<\/figure>\n\t\t\t\t\t\t\t\t\t\t\t\t\t<\/div>\n\t\t\t\t\t\t\t<\/div>\n\t\t\t<\/div>\n<\/div>\n","protected":false},"excerpt":{"rendered":"<p>Auslaufende Produkte Auf dieser Seite finden Sie eine \u00dcbersicht \u00fcber MYLAPS-Produkte, die nicht mehr verkauft und m\u00f6glicherweise nicht mehr unterst\u00fctzt werden. Klicken Sie auf den Produktlink &#8211; sofern verf\u00fcgbar -, um weitere Informationen zu erhalten. Auslaufende Verk\u00e4ufe: Die Produkte werden nicht mehr verkauft. Ende des Supports: Die Produkte erhalten keine Wartungs-Updates mehr und werden nicht mehr \u00fcber die Support-Kan\u00e4le verwaltet End of Service: Produkte k\u00f6nnen nicht mehr repariert werden<\/p>\n","protected":false},"author":2,"featured_media":0,"parent":159,"menu_order":0,"comment_status":"closed","ping_status":"closed","template":"","meta":{"_acf_changed":false,"content-type":"","_trash_the_other_posts":false,"editor_notices":[],"footnotes":""},"class_list":["post-34065","page","type-page","status-publish","hentry"],"acf":[],"yoast_head":"<!-- This site is optimized with the Yoast SEO Premium plugin v27.0 (Yoast SEO v27.0) - https:\/\/yoast.com\/product\/yoast-seo-premium-wordpress\/ -->\n<title>Produkte am Ende ihrer Lebensdauer - MYLAPS - German<\/title>\n<meta name=\"description\" content=\"This page presents an overview of MYLAPS products that are no longer being sold and might not be supported.\" \/>\n<meta name=\"robots\" content=\"index, follow, max-snippet:-1, max-image-preview:large, max-video-preview:-1\" \/>\n<link rel=\"canonical\" href=\"https:\/\/mylaps.com\/de\/uber-uns\/end-of-life-produkte\/\" \/>\n<meta property=\"og:locale\" content=\"en_US\" \/>\n<meta property=\"og:type\" content=\"article\" \/>\n<meta property=\"og:title\" content=\"Produkte am Ende ihrer Lebensdauer\" \/>\n<meta property=\"og:description\" content=\"This page presents an overview of MYLAPS products that are no longer being sold and might not be supported.\" \/>\n<meta property=\"og:url\" content=\"https:\/\/mylaps.com\/de\/uber-uns\/end-of-life-produkte\/\" \/>\n<meta property=\"og:site_name\" content=\"MYLAPS - German\" \/>\n<meta property=\"article:modified_time\" content=\"2025-02-03T15:00:40+00:00\" \/>\n<meta name=\"twitter:card\" content=\"summary_large_image\" \/>\n<meta name=\"twitter:label1\" content=\"Est. reading time\" \/>\n\t<meta name=\"twitter:data1\" content=\"1 minute\" \/>\n<script type=\"application\/ld+json\" class=\"yoast-schema-graph\">{\"@context\":\"https:\/\/schema.org\",\"@graph\":[{\"@type\":\"WebPage\",\"@id\":\"https:\/\/mylaps.com\/de\/uber-uns\/end-of-life-produkte\/\",\"url\":\"https:\/\/mylaps.com\/de\/uber-uns\/end-of-life-produkte\/\",\"name\":\"Produkte am Ende ihrer Lebensdauer - MYLAPS - German\",\"isPartOf\":{\"@id\":\"https:\/\/mylaps.com\/de\/#website\"},\"datePublished\":\"2025-01-15T16:45:53+00:00\",\"dateModified\":\"2025-02-03T15:00:40+00:00\",\"description\":\"This page presents an overview of MYLAPS products that are no longer being sold and might not be supported.\",\"breadcrumb\":{\"@id\":\"https:\/\/mylaps.com\/de\/uber-uns\/end-of-life-produkte\/#breadcrumb\"},\"inLanguage\":\"en-US\",\"potentialAction\":[{\"@type\":\"ReadAction\",\"target\":[\"https:\/\/mylaps.com\/de\/uber-uns\/end-of-life-produkte\/\"]}]},{\"@type\":\"BreadcrumbList\",\"@id\":\"https:\/\/mylaps.com\/de\/uber-uns\/end-of-life-produkte\/#breadcrumb\",\"itemListElement\":[{\"@type\":\"ListItem\",\"position\":1,\"name\":\"Home\",\"item\":\"https:\/\/mylaps.com\/de\/\"},{\"@type\":\"ListItem\",\"position\":2,\"name\":\"\u00dcber uns\",\"item\":\"https:\/\/mylaps.com\/de\/uber-uns\/\"},{\"@type\":\"ListItem\",\"position\":3,\"name\":\"End of life products\"}]},{\"@type\":\"WebSite\",\"@id\":\"https:\/\/mylaps.com\/de\/#website\",\"url\":\"https:\/\/mylaps.com\/de\/\",\"name\":\"MYLAPS\",\"description\":\"MYLAPS Sports Timing - The Industry&#039;s Most Reliable and Accurate Timing and Data Solutions\",\"potentialAction\":[{\"@type\":\"SearchAction\",\"target\":{\"@type\":\"EntryPoint\",\"urlTemplate\":\"https:\/\/mylaps.com\/de\/?s={search_term_string}\"},\"query-input\":{\"@type\":\"PropertyValueSpecification\",\"valueRequired\":true,\"valueName\":\"search_term_string\"}}],\"inLanguage\":\"en-US\"}]}<\/script>\n<!-- \/ Yoast SEO Premium plugin. -->","yoast_head_json":{"title":"Produkte am Ende ihrer Lebensdauer - MYLAPS - German","description":"This page presents an overview of MYLAPS products that are no longer being sold and might not be supported.","robots":{"index":"index","follow":"follow","max-snippet":"max-snippet:-1","max-image-preview":"max-image-preview:large","max-video-preview":"max-video-preview:-1"},"canonical":"https:\/\/mylaps.com\/de\/uber-uns\/end-of-life-produkte\/","og_locale":"en_US","og_type":"article","og_title":"Produkte am Ende ihrer Lebensdauer","og_description":"This page presents an overview of MYLAPS products that are no longer being sold and might not be supported.","og_url":"https:\/\/mylaps.com\/de\/uber-uns\/end-of-life-produkte\/","og_site_name":"MYLAPS - German","article_modified_time":"2025-02-03T15:00:40+00:00","twitter_card":"summary_large_image","twitter_misc":{"Est. reading time":"1 minute"},"schema":{"@context":"https:\/\/schema.org","@graph":[{"@type":"WebPage","@id":"https:\/\/mylaps.com\/de\/uber-uns\/end-of-life-produkte\/","url":"https:\/\/mylaps.com\/de\/uber-uns\/end-of-life-produkte\/","name":"Produkte am Ende ihrer Lebensdauer - MYLAPS - German","isPartOf":{"@id":"https:\/\/mylaps.com\/de\/#website"},"datePublished":"2025-01-15T16:45:53+00:00","dateModified":"2025-02-03T15:00:40+00:00","description":"This page presents an overview of MYLAPS products that are no longer being sold and might not be supported.","breadcrumb":{"@id":"https:\/\/mylaps.com\/de\/uber-uns\/end-of-life-produkte\/#breadcrumb"},"inLanguage":"en-US","potentialAction":[{"@type":"ReadAction","target":["https:\/\/mylaps.com\/de\/uber-uns\/end-of-life-produkte\/"]}]},{"@type":"BreadcrumbList","@id":"https:\/\/mylaps.com\/de\/uber-uns\/end-of-life-produkte\/#breadcrumb","itemListElement":[{"@type":"ListItem","position":1,"name":"Home","item":"https:\/\/mylaps.com\/de\/"},{"@type":"ListItem","position":2,"name":"\u00dcber uns","item":"https:\/\/mylaps.com\/de\/uber-uns\/"},{"@type":"ListItem","position":3,"name":"End of life products"}]},{"@type":"WebSite","@id":"https:\/\/mylaps.com\/de\/#website","url":"https:\/\/mylaps.com\/de\/","name":"MYLAPS","description":"MYLAPS Sports Timing - The Industry&#039;s Most Reliable and Accurate Timing and Data Solutions","potentialAction":[{"@type":"SearchAction","target":{"@type":"EntryPoint","urlTemplate":"https:\/\/mylaps.com\/de\/?s={search_term_string}"},"query-input":{"@type":"PropertyValueSpecification","valueRequired":true,"valueName":"search_term_string"}}],"inLanguage":"en-US"}]}},"_links":{"self":[{"href":"https:\/\/mylaps.com\/de\/wp-json\/wp\/v2\/pages\/34065","targetHints":{"allow":["GET"]}}],"collection":[{"href":"https:\/\/mylaps.com\/de\/wp-json\/wp\/v2\/pages"}],"about":[{"href":"https:\/\/mylaps.com\/de\/wp-json\/wp\/v2\/types\/page"}],"author":[{"embeddable":true,"href":"https:\/\/mylaps.com\/de\/wp-json\/wp\/v2\/users\/2"}],"replies":[{"embeddable":true,"href":"https:\/\/mylaps.com\/de\/wp-json\/wp\/v2\/comments?post=34065"}],"version-history":[{"count":6,"href":"https:\/\/mylaps.com\/de\/wp-json\/wp\/v2\/pages\/34065\/revisions"}],"predecessor-version":[{"id":34885,"href":"https:\/\/mylaps.com\/de\/wp-json\/wp\/v2\/pages\/34065\/revisions\/34885"}],"up":[{"embeddable":true,"href":"https:\/\/mylaps.com\/de\/wp-json\/wp\/v2\/pages\/159"}],"wp:attachment":[{"href":"https:\/\/mylaps.com\/de\/wp-json\/wp\/v2\/media?parent=34065"}],"curies":[{"name":"wp","href":"https:\/\/api.w.org\/{rel}","templated":true}]}}