{"id":34248,"date":"2025-01-16T03:08:46","date_gmt":"2025-01-16T03:08:46","guid":{"rendered":"https:\/\/mylaps.com\/?page_id=34248"},"modified":"2025-02-03T15:00:51","modified_gmt":"2025-02-03T15:00:51","slug":"kontakt","status":"publish","type":"page","link":"https:\/\/mylaps.com\/de\/motorsport\/sport\/kontakt\/","title":{"rendered":"Kontakt Sport-Motorsport"},"content":{"rendered":"<div\n\tclass=\"block content bg--white content--cols-1 bg--blank content--arrange-half\"\n\tstyle=\"--cols: 1\">\n\t<div class=\"container--small\">\n\t\t\t\t\t<div class=\"content__column\">\n\t\t\t\t\t\t\t<\/div>\n\t\t\t<\/div>\n<\/div>\n\n\n<div\n\tclass=\"block content bg--white content--align-content-vertically content--cols-2 bg--blank content--arrange-1-2\"\n\tstyle=\"--cols: 2\">\n\t<div class=\"container\">\n\t\t\t\t\t<div class=\"content__column\">\n\t\t\t\t\t\t\t\t\t<div\n\t\t\t\t\t\t\t\t\t\t\t\tclass=\"content__type--image space-content\">\n\t\t\t\t\t\t\t\t\t\t\t\t\t\t<figure class=\"content__figure\">\n\t\t\t\t\t\t\t\t\t<img loading=\"lazy\" decoding=\"async\" width=\"750\" height=\"500\" src=\"https:\/\/mylaps.com\/wp-content\/uploads\/2025\/01\/Kevin-Gevers-car-racing-22-1-750x500.jpg\" class=\"content__image\" alt=\"\" srcset=\"https:\/\/mylaps.com\/wp-content\/uploads\/2025\/01\/Kevin-Gevers-car-racing-22-1-750x500.jpg 750w, https:\/\/mylaps.com\/wp-content\/uploads\/2025\/01\/Kevin-Gevers-car-racing-22-1-300x200.jpg 300w, https:\/\/mylaps.com\/wp-content\/uploads\/2025\/01\/Kevin-Gevers-car-racing-22-1-1024x683.jpg 1024w, https:\/\/mylaps.com\/wp-content\/uploads\/2025\/01\/Kevin-Gevers-car-racing-22-1-768x512.jpg 768w, https:\/\/mylaps.com\/wp-content\/uploads\/2025\/01\/Kevin-Gevers-car-racing-22-1-1536x1024.jpg 1536w, https:\/\/mylaps.com\/wp-content\/uploads\/2025\/01\/Kevin-Gevers-car-racing-22-1-2048x1365.jpg 2048w, https:\/\/mylaps.com\/wp-content\/uploads\/2025\/01\/Kevin-Gevers-car-racing-22-1-2000x1333.jpg 2000w, https:\/\/mylaps.com\/wp-content\/uploads\/2025\/01\/Kevin-Gevers-car-racing-22-1-400x267.jpg 400w, https:\/\/mylaps.com\/wp-content\/uploads\/2025\/01\/Kevin-Gevers-car-racing-22-1-150x100.jpg 150w\" sizes=\"auto, (max-width: 750px) 100vw, 750px\" \/>\t\t\t\t\t\t\t\t<\/figure>\n\t\t\t\t\t\t\t\t\t\t\t\t\t<\/div>\n\t\t\t\t\t\t\t<\/div>\n\t\t\t\t\t<div class=\"content__column\">\n\t\t\t\t\t\t\t\t\t<div\n\t\t\t\t\t\tdata-aos=\"fade-up\"\t\t\t\t\t\tclass=\"content__type--text space-content\">\n\t\t\t\t\t\t<p class='label'>Kontakt aufnehmen<\/p>\n<h2>Erhalten Sie die Zeitmessung f\u00fcr Ihre Strecke oder Veranstaltung<\/h2>\n<p>Fragen Sie sich, ob die MYLAPS-L\u00f6sungen die richtige L\u00f6sung f\u00fcr Ihr Unternehmen sind?Teilen Sie uns Ihre Frage mit, und wir werden die Optionen in einem pers\u00f6nlichen Gespr\u00e4ch er\u00f6rtern.<\/p>\n\t\t\t\t\t<\/div>\n\t\t\t\t\t\t\t<\/div>\n\t\t\t<\/div>\n<\/div>\n\n\n\n<div class=\"wp-block-leadin-hubspot-form-block\">\n\t\t\t\t\t\t<script>\n\t\t\t\t\t\t\twindow.hsFormsOnReady = window.hsFormsOnReady || [];\n\t\t\t\t\t\t\twindow.hsFormsOnReady.push(()=>{\n\t\t\t\t\t\t\t\thbspt.forms.create({\n\t\t\t\t\t\t\t\t\tportalId: 14516136,\n\t\t\t\t\t\t\t\t\tformId: \"c6f417df-ddfd-4788-b0f4-20dc2273a92c\",\n\t\t\t\t\t\t\t\t\ttarget: \"#hbspt-form-1776321944000-1040669506\",\n\t\t\t\t\t\t\t\t\tregion: \"na1\",\n\t\t\t\t\t\t\t\t\t\n\t\t\t\t\t\t\t})});\n\t\t\t\t\t\t<\/script>\n\t\t\t\t\t\t<div class=\"hbspt-form\" id=\"hbspt-form-1776321944000-1040669506\"><\/div><\/div>\n","protected":false},"excerpt":{"rendered":"<p>Nehmen Sie Kontakt auf Holen Sie sich die Zeitmessung f\u00fcr Ihre Strecke oder Veranstaltung Fragen Sie sich, ob die MYLAPS-L\u00f6sungen die richtige L\u00f6sung f\u00fcr Ihr Unternehmen sind? Teilen Sie uns Ihre Frage mit und wir besprechen die Optionen in einem pers\u00f6nlichen Gespr\u00e4ch.<\/p>\n","protected":false},"author":2,"featured_media":0,"parent":33221,"menu_order":0,"comment_status":"closed","ping_status":"closed","template":"","meta":{"_acf_changed":false,"content-type":"","_trash_the_other_posts":false,"editor_notices":[],"footnotes":""},"class_list":["post-34248","page","type-page","status-publish","hentry"],"acf":[],"yoast_head":"<!-- This site is optimized with the Yoast SEO Premium plugin v27.0 (Yoast SEO v27.0) - https:\/\/yoast.com\/product\/yoast-seo-premium-wordpress\/ -->\n<title>Kontakt Sport-Motorsport - MYLAPS - German<\/title>\n<meta name=\"robots\" content=\"index, follow, max-snippet:-1, max-image-preview:large, max-video-preview:-1\" \/>\n<link rel=\"canonical\" href=\"https:\/\/mylaps.com\/de\/motorsport\/sport\/kontakt\/\" \/>\n<meta property=\"og:locale\" content=\"en_US\" \/>\n<meta property=\"og:type\" content=\"article\" \/>\n<meta property=\"og:title\" content=\"Kontakt Sport-Motorsport\" \/>\n<meta property=\"og:description\" content=\"Nehmen Sie Kontakt auf Holen Sie sich die Zeitmessung f\u00fcr Ihre Strecke oder Veranstaltung Fragen Sie sich, ob die MYLAPS-L\u00f6sungen die richtige L\u00f6sung f\u00fcr Ihr Unternehmen sind? Teilen Sie uns Ihre Frage mit und wir besprechen die Optionen in einem pers\u00f6nlichen Gespr\u00e4ch.\" \/>\n<meta property=\"og:url\" content=\"https:\/\/mylaps.com\/de\/motorsport\/sport\/kontakt\/\" \/>\n<meta property=\"og:site_name\" content=\"MYLAPS - German\" \/>\n<meta property=\"article:modified_time\" content=\"2025-02-03T15:00:51+00:00\" \/>\n<meta name=\"twitter:card\" content=\"summary_large_image\" \/>\n<meta name=\"twitter:label1\" content=\"Est. reading time\" \/>\n\t<meta name=\"twitter:data1\" content=\"1 minute\" \/>\n<script type=\"application\/ld+json\" class=\"yoast-schema-graph\">{\"@context\":\"https:\/\/schema.org\",\"@graph\":[{\"@type\":\"WebPage\",\"@id\":\"https:\/\/mylaps.com\/de\/motorsport\/sport\/kontakt\/\",\"url\":\"https:\/\/mylaps.com\/de\/motorsport\/sport\/kontakt\/\",\"name\":\"Kontakt Sport-Motorsport - MYLAPS - German\",\"isPartOf\":{\"@id\":\"https:\/\/mylaps.com\/de\/#website\"},\"datePublished\":\"2025-01-16T03:08:46+00:00\",\"dateModified\":\"2025-02-03T15:00:51+00:00\",\"breadcrumb\":{\"@id\":\"https:\/\/mylaps.com\/de\/motorsport\/sport\/kontakt\/#breadcrumb\"},\"inLanguage\":\"en-US\",\"potentialAction\":[{\"@type\":\"ReadAction\",\"target\":[\"https:\/\/mylaps.com\/de\/motorsport\/sport\/kontakt\/\"]}]},{\"@type\":\"BreadcrumbList\",\"@id\":\"https:\/\/mylaps.com\/de\/motorsport\/sport\/kontakt\/#breadcrumb\",\"itemListElement\":[{\"@type\":\"ListItem\",\"position\":1,\"name\":\"Home\",\"item\":\"https:\/\/mylaps.com\/de\/\"},{\"@type\":\"ListItem\",\"position\":2,\"name\":\"Motorsport\",\"item\":\"https:\/\/mylaps.com\/de\/motorsport\/\"},{\"@type\":\"ListItem\",\"position\":3,\"name\":\"Sports (Motorsports)\",\"item\":\"https:\/\/mylaps.com\/de\/motorsport\/sport\/\"},{\"@type\":\"ListItem\",\"position\":4,\"name\":\"Contact Sports Motorsports\"}]},{\"@type\":\"WebSite\",\"@id\":\"https:\/\/mylaps.com\/de\/#website\",\"url\":\"https:\/\/mylaps.com\/de\/\",\"name\":\"MYLAPS\",\"description\":\"MYLAPS Sports Timing - The Industry&#039;s Most Reliable and Accurate Timing and Data Solutions\",\"potentialAction\":[{\"@type\":\"SearchAction\",\"target\":{\"@type\":\"EntryPoint\",\"urlTemplate\":\"https:\/\/mylaps.com\/de\/?s={search_term_string}\"},\"query-input\":{\"@type\":\"PropertyValueSpecification\",\"valueRequired\":true,\"valueName\":\"search_term_string\"}}],\"inLanguage\":\"en-US\"}]}<\/script>\n<!-- \/ Yoast SEO Premium plugin. -->","yoast_head_json":{"title":"Kontakt Sport-Motorsport - MYLAPS - German","robots":{"index":"index","follow":"follow","max-snippet":"max-snippet:-1","max-image-preview":"max-image-preview:large","max-video-preview":"max-video-preview:-1"},"canonical":"https:\/\/mylaps.com\/de\/motorsport\/sport\/kontakt\/","og_locale":"en_US","og_type":"article","og_title":"Kontakt Sport-Motorsport","og_description":"Nehmen Sie Kontakt auf Holen Sie sich die Zeitmessung f\u00fcr Ihre Strecke oder Veranstaltung Fragen Sie sich, ob die MYLAPS-L\u00f6sungen die richtige L\u00f6sung f\u00fcr Ihr Unternehmen sind? Teilen Sie uns Ihre Frage mit und wir besprechen die Optionen in einem pers\u00f6nlichen Gespr\u00e4ch.","og_url":"https:\/\/mylaps.com\/de\/motorsport\/sport\/kontakt\/","og_site_name":"MYLAPS - German","article_modified_time":"2025-02-03T15:00:51+00:00","twitter_card":"summary_large_image","twitter_misc":{"Est. reading time":"1 minute"},"schema":{"@context":"https:\/\/schema.org","@graph":[{"@type":"WebPage","@id":"https:\/\/mylaps.com\/de\/motorsport\/sport\/kontakt\/","url":"https:\/\/mylaps.com\/de\/motorsport\/sport\/kontakt\/","name":"Kontakt Sport-Motorsport - MYLAPS - German","isPartOf":{"@id":"https:\/\/mylaps.com\/de\/#website"},"datePublished":"2025-01-16T03:08:46+00:00","dateModified":"2025-02-03T15:00:51+00:00","breadcrumb":{"@id":"https:\/\/mylaps.com\/de\/motorsport\/sport\/kontakt\/#breadcrumb"},"inLanguage":"en-US","potentialAction":[{"@type":"ReadAction","target":["https:\/\/mylaps.com\/de\/motorsport\/sport\/kontakt\/"]}]},{"@type":"BreadcrumbList","@id":"https:\/\/mylaps.com\/de\/motorsport\/sport\/kontakt\/#breadcrumb","itemListElement":[{"@type":"ListItem","position":1,"name":"Home","item":"https:\/\/mylaps.com\/de\/"},{"@type":"ListItem","position":2,"name":"Motorsport","item":"https:\/\/mylaps.com\/de\/motorsport\/"},{"@type":"ListItem","position":3,"name":"Sports (Motorsports)","item":"https:\/\/mylaps.com\/de\/motorsport\/sport\/"},{"@type":"ListItem","position":4,"name":"Contact Sports Motorsports"}]},{"@type":"WebSite","@id":"https:\/\/mylaps.com\/de\/#website","url":"https:\/\/mylaps.com\/de\/","name":"MYLAPS","description":"MYLAPS Sports Timing - The Industry&#039;s Most Reliable and Accurate Timing and Data Solutions","potentialAction":[{"@type":"SearchAction","target":{"@type":"EntryPoint","urlTemplate":"https:\/\/mylaps.com\/de\/?s={search_term_string}"},"query-input":{"@type":"PropertyValueSpecification","valueRequired":true,"valueName":"search_term_string"}}],"inLanguage":"en-US"}]}},"_links":{"self":[{"href":"https:\/\/mylaps.com\/de\/wp-json\/wp\/v2\/pages\/34248","targetHints":{"allow":["GET"]}}],"collection":[{"href":"https:\/\/mylaps.com\/de\/wp-json\/wp\/v2\/pages"}],"about":[{"href":"https:\/\/mylaps.com\/de\/wp-json\/wp\/v2\/types\/page"}],"author":[{"embeddable":true,"href":"https:\/\/mylaps.com\/de\/wp-json\/wp\/v2\/users\/2"}],"replies":[{"embeddable":true,"href":"https:\/\/mylaps.com\/de\/wp-json\/wp\/v2\/comments?post=34248"}],"version-history":[{"count":2,"href":"https:\/\/mylaps.com\/de\/wp-json\/wp\/v2\/pages\/34248\/revisions"}],"predecessor-version":[{"id":34890,"href":"https:\/\/mylaps.com\/de\/wp-json\/wp\/v2\/pages\/34248\/revisions\/34890"}],"up":[{"embeddable":true,"href":"https:\/\/mylaps.com\/de\/wp-json\/wp\/v2\/pages\/33221"}],"wp:attachment":[{"href":"https:\/\/mylaps.com\/de\/wp-json\/wp\/v2\/media?parent=34248"}],"curies":[{"name":"wp","href":"https:\/\/api.w.org\/{rel}","templated":true}]}}