{"id":34292,"date":"2025-01-16T03:55:14","date_gmt":"2025-01-16T03:55:14","guid":{"rendered":"https:\/\/mylaps.com\/?page_id=34292"},"modified":"2026-01-07T10:52:45","modified_gmt":"2026-01-07T10:52:45","slug":"mylaps-sports-service","status":"publish","type":"page","link":"https:\/\/mylaps.com\/de\/mylaps-sports-service\/","title":{"rendered":"MYLAPS Sports Service"},"content":{"rendered":"<div class=\"block hero hero--background-img hero--content-lb\">\n\t<img loading=\"lazy\" decoding=\"async\" width=\"2000\" height=\"1333\" src=\"https:\/\/mylaps.com\/wp-content\/uploads\/2025\/01\/mylaps-event-timing-22-2000x1333.jpg\" class=\"hero__background\" alt=\"\" srcset=\"https:\/\/mylaps.com\/wp-content\/uploads\/2025\/01\/mylaps-event-timing-22-2000x1333.jpg 2000w, https:\/\/mylaps.com\/wp-content\/uploads\/2025\/01\/mylaps-event-timing-22-2048x1365.jpg 2048w, https:\/\/mylaps.com\/wp-content\/uploads\/2025\/01\/mylaps-event-timing-22-300x200.jpg 300w, https:\/\/mylaps.com\/wp-content\/uploads\/2025\/01\/mylaps-event-timing-22-768x512.jpg 768w, https:\/\/mylaps.com\/wp-content\/uploads\/2025\/01\/mylaps-event-timing-22-1024x683.jpg 1024w, https:\/\/mylaps.com\/wp-content\/uploads\/2025\/01\/mylaps-event-timing-22-1536x1024.jpg 1536w, https:\/\/mylaps.com\/wp-content\/uploads\/2025\/01\/mylaps-event-timing-22-750x500.jpg 750w, https:\/\/mylaps.com\/wp-content\/uploads\/2025\/01\/mylaps-event-timing-22-400x267.jpg 400w, https:\/\/mylaps.com\/wp-content\/uploads\/2025\/01\/mylaps-event-timing-22-150x100.jpg 150w\" sizes=\"auto, (max-width: 2000px) 100vw, 2000px\" \/>\n\t<div class=\"container\">\n\t\t<div class=\"hero__content space-content\">\n\t\t\t\t\t\t\t<h1>\n\t\t\t\t\tMYLAPS Sports Service\t\t\t\t<\/h1>\n\t\t\t\n\t\t\t<div class=\"flex-shrink-0 flex-col relative items-end\">\n<div class=\"pt-0\">\n<div class=\"gizmo-bot-avatar flex h-8 w-8 items-center justify-center overflow-hidden rounded-full\">\n<div class=\"relative p-1 rounded-sm flex items-center justify-center bg-token-main-surface-primary text-token-text-primary h-8 w-8\">MYLAPS hat seine eigene Abteilung f\u00fcr Timing bei Sportereignissen. MYLAPS Sports Service (MSS) bietet Zeitmessung und zus\u00e4tzliche Dienstleistungen f\u00fcr Sportveranstaltungen in den Niederlanden, Belgien und einigen internationalen Rennen in Europa, dem Nahen Osten und Afrika.<\/div>\n<\/div>\n<\/div>\n<\/div>\n\t\t<\/div>\n\t<\/div>\n<\/div>\n\n\n<div\n\tclass=\"block content bg--white content--flip-columns-on-mobile content--align-content-vertically content--cols-2 bg--blank content--arrange-half\"\n\tstyle=\"--cols: 2\">\n\t<div class=\"container\">\n\t\t\t\t\t<div class=\"content__column\">\n\t\t\t\t\t\t\t\t\t<div\n\t\t\t\t\t\t\t\t\t\t\t\tclass=\"content__type--image space-content\">\n\t\t\t\t\t\t\t\t\t\t\t\t\t\t<figure class=\"content__figure\">\n\t\t\t\t\t\t\t\t\t<img loading=\"lazy\" decoding=\"async\" width=\"750\" height=\"500\" src=\"https:\/\/mylaps.com\/wp-content\/uploads\/2025\/01\/JMA3939-1-750x500.jpg\" class=\"content__image\" alt=\"\" srcset=\"https:\/\/mylaps.com\/wp-content\/uploads\/2025\/01\/JMA3939-1-750x500.jpg 750w, https:\/\/mylaps.com\/wp-content\/uploads\/2025\/01\/JMA3939-1-2048x1365.jpg 2048w, https:\/\/mylaps.com\/wp-content\/uploads\/2025\/01\/JMA3939-1-2000x1333.jpg 2000w, https:\/\/mylaps.com\/wp-content\/uploads\/2025\/01\/JMA3939-1-300x200.jpg 300w, https:\/\/mylaps.com\/wp-content\/uploads\/2025\/01\/JMA3939-1-768x512.jpg 768w, https:\/\/mylaps.com\/wp-content\/uploads\/2025\/01\/JMA3939-1-1024x683.jpg 1024w, https:\/\/mylaps.com\/wp-content\/uploads\/2025\/01\/JMA3939-1-1536x1024.jpg 1536w, https:\/\/mylaps.com\/wp-content\/uploads\/2025\/01\/JMA3939-1-400x267.jpg 400w, https:\/\/mylaps.com\/wp-content\/uploads\/2025\/01\/JMA3939-1-150x100.jpg 150w\" sizes=\"auto, (max-width: 750px) 100vw, 750px\" \/>\t\t\t\t\t\t\t\t<\/figure>\n\t\t\t\t\t\t\t\t\t\t\t\t\t<\/div>\n\t\t\t\t\t\t\t<\/div>\n\t\t\t\t\t<div class=\"content__column\">\n\t\t\t\t\t\t\t\t\t<div\n\t\t\t\t\t\tdata-aos=\"fade-up\"\t\t\t\t\t\tclass=\"content__type--text space-content\">\n\t\t\t\t\t\t<p class=\"label\">MYLAPS Sports Service<\/p>\n<h3>Ihre Veranstaltung beginnt mit MYLAPS Sports Service<\/h3>\n<p>Suchen Sie einen Partner, der sich um die Zeitmessung und weitere Dienstleistungen f\u00fcr Ihre Sportveranstaltung k\u00fcmmert? MSS \u00fcbernimmt die Zeitmessung f\u00fcr mehr als 400 Sportveranstaltungen pro Jahr, von Laufen und Radfahren bis hin zu Triathlon, Schlittschuhlaufen und mehr.<\/p>\n<p><a class=\"button--primary\" href=\"https:\/\/mylaps.com\/about-us\/contact-us\/\">Kontaktieren Sie uns<\/a><\/p>\n\t\t\t\t\t<\/div>\n\t\t\t\t\t\t\t<\/div>\n\t\t\t<\/div>\n<\/div>\n\n\n<div class=\"block hero hero--background-img\">\n\t<img loading=\"lazy\" decoding=\"async\" width=\"2000\" height=\"1333\" src=\"https:\/\/mylaps.com\/wp-content\/uploads\/2025\/01\/241117-046-2000x1333.jpg\" class=\"hero__background\" alt=\"\" srcset=\"https:\/\/mylaps.com\/wp-content\/uploads\/2025\/01\/241117-046-2000x1333.jpg 2000w, https:\/\/mylaps.com\/wp-content\/uploads\/2025\/01\/241117-046-2048x1365.jpg 2048w, https:\/\/mylaps.com\/wp-content\/uploads\/2025\/01\/241117-046-300x200.jpg 300w, https:\/\/mylaps.com\/wp-content\/uploads\/2025\/01\/241117-046-768x512.jpg 768w, https:\/\/mylaps.com\/wp-content\/uploads\/2025\/01\/241117-046-1024x683.jpg 1024w, https:\/\/mylaps.com\/wp-content\/uploads\/2025\/01\/241117-046-1536x1024.jpg 1536w, https:\/\/mylaps.com\/wp-content\/uploads\/2025\/01\/241117-046-750x500.jpg 750w, https:\/\/mylaps.com\/wp-content\/uploads\/2025\/01\/241117-046-400x267.jpg 400w, https:\/\/mylaps.com\/wp-content\/uploads\/2025\/01\/241117-046-150x100.jpg 150w\" sizes=\"auto, (max-width: 2000px) 100vw, 2000px\" \/>\n\t<div class=\"container\">\n\t\t<div class=\"hero__content space-content\">\n\t\t\t\n\t\t\t\t\t<\/div>\n\t<\/div>\n<\/div>\n\n\n<div\n\tclass=\"block content bg--white content--flip-columns-on-mobile content--align-content-vertically content--cols-2 bg--blank content--arrange-half\"\n\tstyle=\"--cols: 2\">\n\t<div class=\"container\">\n\t\t\t\t\t<div class=\"content__column\">\n\t\t\t\t\t\t\t\t\t<div\n\t\t\t\t\t\t\t\t\t\t\t\tclass=\"content__type--image space-content\">\n\t\t\t\t\t\t\t\t\t\t\t\t\t\t<figure class=\"content__figure\">\n\t\t\t\t\t\t\t\t\t<img loading=\"lazy\" decoding=\"async\" width=\"750\" height=\"678\" src=\"https:\/\/mylaps.com\/wp-content\/uploads\/2025\/01\/Utrecht-Marathon-750x678.jpg\" class=\"content__image\" alt=\"\" srcset=\"https:\/\/mylaps.com\/wp-content\/uploads\/2025\/01\/Utrecht-Marathon-750x678.jpg 750w, https:\/\/mylaps.com\/wp-content\/uploads\/2025\/01\/Utrecht-Marathon-300x271.jpg 300w, https:\/\/mylaps.com\/wp-content\/uploads\/2025\/01\/Utrecht-Marathon-768x694.jpg 768w, https:\/\/mylaps.com\/wp-content\/uploads\/2025\/01\/Utrecht-Marathon-1024x925.jpg 1024w, https:\/\/mylaps.com\/wp-content\/uploads\/2025\/01\/Utrecht-Marathon-400x361.jpg 400w, https:\/\/mylaps.com\/wp-content\/uploads\/2025\/01\/Utrecht-Marathon-111x100.jpg 111w, https:\/\/mylaps.com\/wp-content\/uploads\/2025\/01\/Utrecht-Marathon.jpg 1080w\" sizes=\"auto, (max-width: 750px) 100vw, 750px\" \/>\t\t\t\t\t\t\t\t<\/figure>\n\t\t\t\t\t\t\t\t\t\t\t\t\t<\/div>\n\t\t\t\t\t\t\t<\/div>\n\t\t\t\t\t<div class=\"content__column\">\n\t\t\t\t\t\t\t\t\t<div\n\t\t\t\t\t\tdata-aos=\"fade-up\"\t\t\t\t\t\tclass=\"content__type--text space-content\">\n\t\t\t\t\t\t<h2>Von Weltklasse-Events bis zu lokalen Rennen<\/h2>\n<p>MYLAPS Sports Service wurde 1993 in Nijmegen gegr\u00fcndet. Neben der Niederlassung in Nijmegen haben wir 2014 auch eine Zeitmessungsabteilung in Haarlem er\u00f6ffnet. MSS ist Teil von MYLAPS Sports Technology, einem niederl\u00e4ndischen Unternehmen, das Zeitmessungssysteme entwickelt und Weltmarktf\u00fchrer f\u00fcr aktive und motorisierte Sportarten ist. Tausende von Sportveranstaltungen und Millionen von Athleten auf der ganzen Welt nutzen MYLAPS Systeme, von den Olympischen Spielen und weltber\u00fchmten Marathons bis zum lokalen Lauf um die Ecke. Das MSS-Team besteht aus 15 festangestellten Mitarbeitern und 35 enthusiastischen freiberuflichen Zeitnehmern, die bereit sind, Ihren Wettkampf in ein Top-Rennereignis zu verwandeln. Unser Team von engagierten Zeitaufnehmern ist das gr\u00f6\u00dfte offizielle Timing-Unternehmen in den Niederlanden.<\/p>\n\t\t\t\t\t<\/div>\n\t\t\t\t\t\t\t<\/div>\n\t\t\t<\/div>\n<\/div>\n\n\n<div\n\tclass=\"block content bg--white content--align-content-vertically content--cols-2 bg--blank content--arrange-half\"\n\tstyle=\"--cols: 2\">\n\t<div class=\"container\">\n\t\t\t\t\t<div class=\"content__column\">\n\t\t\t\t\t\t\t\t\t<div\n\t\t\t\t\t\tdata-aos=\"fade-up\"\t\t\t\t\t\tclass=\"content__type--text space-content\">\n\t\t\t\t\t\t<h3>Das richtige Paket f\u00fcr jede Sportart<\/h3>\n<p>Da jede Sportart anders ist, bietet MYLAPS f\u00fcr jede Sportart ein spezielles System. Gro\u00dfe Laufveranstaltungen erfordern ein System, das viele Teilnehmer gleichzeitig bedienen kann. Und Sportveranstaltungen mit h\u00f6heren Geschwindigkeiten, wie z.B. Radfahren, erfordern ein System, das extrem genau ist.<\/p>\n<h3>Schnell und genau<\/h3>\n<p>Eine schnelle und pr\u00e4zise Zeiterfassung ist f\u00fcr jede Sportveranstaltung wichtig. Wie sch\u00f6n ist es, dass die Ergebnisse Ihrer Veranstaltung schnell zur Verf\u00fcgung stehen und dass Familienmitglieder ihre Liebsten live in einer App auf ihrem Telefon verfolgen k\u00f6nnen?<\/p>\n\t\t\t\t\t<\/div>\n\t\t\t\t\t\t\t<\/div>\n\t\t\t\t\t<div class=\"content__column\">\n\t\t\t\t\t\t\t\t\t<div\n\t\t\t\t\t\t\t\t\t\t\t\tclass=\"content__type--image space-content\">\n\t\t\t\t\t\t\t\t\t\t\t\t\t\t<figure class=\"content__figure\">\n\t\t\t\t\t\t\t\t\t<img loading=\"lazy\" decoding=\"async\" width=\"750\" height=\"500\" src=\"https:\/\/mylaps.com\/wp-content\/uploads\/2025\/01\/mylaps-event-timing-19-scaled-1-750x500.jpg\" class=\"content__image\" alt=\"\" srcset=\"https:\/\/mylaps.com\/wp-content\/uploads\/2025\/01\/mylaps-event-timing-19-scaled-1-750x500.jpg 750w, https:\/\/mylaps.com\/wp-content\/uploads\/2025\/01\/mylaps-event-timing-19-scaled-1-300x200.jpg 300w, https:\/\/mylaps.com\/wp-content\/uploads\/2025\/01\/mylaps-event-timing-19-scaled-1-768x512.jpg 768w, https:\/\/mylaps.com\/wp-content\/uploads\/2025\/01\/mylaps-event-timing-19-scaled-1-1024x683.jpg 1024w, https:\/\/mylaps.com\/wp-content\/uploads\/2025\/01\/mylaps-event-timing-19-scaled-1-1536x1024.jpg 1536w, https:\/\/mylaps.com\/wp-content\/uploads\/2025\/01\/mylaps-event-timing-19-scaled-1-2048x1366.jpg 2048w, https:\/\/mylaps.com\/wp-content\/uploads\/2025\/01\/mylaps-event-timing-19-scaled-1-2000x1334.jpg 2000w, https:\/\/mylaps.com\/wp-content\/uploads\/2025\/01\/mylaps-event-timing-19-scaled-1-400x267.jpg 400w, https:\/\/mylaps.com\/wp-content\/uploads\/2025\/01\/mylaps-event-timing-19-scaled-1-150x100.jpg 150w\" sizes=\"auto, (max-width: 750px) 100vw, 750px\" \/>\t\t\t\t\t\t\t\t<\/figure>\n\t\t\t\t\t\t\t\t\t\t\t\t\t<\/div>\n\t\t\t\t\t\t\t<\/div>\n\t\t\t<\/div>\n<\/div>\n\n\n<div\n\tclass=\"block content bg--white content--align-content-vertically content--cols-2 bg--blank content--arrange-half\"\n\tstyle=\"--cols: 2\">\n\t<div class=\"container\">\n\t\t\t\t\t<div class=\"content__column\">\n\t\t\t\t\t\t\t\t\t<div\n\t\t\t\t\t\t\t\t\t\t\t\tclass=\"content__type--image space-content\">\n\t\t\t\t\t\t\t\t\t\t\t\t\t\t<figure class=\"content__figure\">\n\t\t\t\t\t\t\t\t\t<img loading=\"lazy\" decoding=\"async\" width=\"750\" height=\"500\" src=\"https:\/\/mylaps.com\/wp-content\/uploads\/2025\/01\/JMA3515-1-scaled-1-750x500.jpg\" class=\"content__image\" alt=\"\" srcset=\"https:\/\/mylaps.com\/wp-content\/uploads\/2025\/01\/JMA3515-1-scaled-1-750x500.jpg 750w, https:\/\/mylaps.com\/wp-content\/uploads\/2025\/01\/JMA3515-1-scaled-1-300x200.jpg 300w, https:\/\/mylaps.com\/wp-content\/uploads\/2025\/01\/JMA3515-1-scaled-1-768x512.jpg 768w, https:\/\/mylaps.com\/wp-content\/uploads\/2025\/01\/JMA3515-1-scaled-1-1024x682.jpg 1024w, https:\/\/mylaps.com\/wp-content\/uploads\/2025\/01\/JMA3515-1-scaled-1-1536x1024.jpg 1536w, https:\/\/mylaps.com\/wp-content\/uploads\/2025\/01\/JMA3515-1-scaled-1-2048x1365.jpg 2048w, https:\/\/mylaps.com\/wp-content\/uploads\/2025\/01\/JMA3515-1-scaled-1-2000x1333.jpg 2000w, https:\/\/mylaps.com\/wp-content\/uploads\/2025\/01\/JMA3515-1-scaled-1-400x267.jpg 400w, https:\/\/mylaps.com\/wp-content\/uploads\/2025\/01\/JMA3515-1-scaled-1-150x100.jpg 150w\" sizes=\"auto, (max-width: 750px) 100vw, 750px\" \/>\t\t\t\t\t\t\t\t<\/figure>\n\t\t\t\t\t\t\t\t\t\t\t\t\t<\/div>\n\t\t\t\t\t\t\t<\/div>\n\t\t\t\t\t<div class=\"content__column\">\n\t\t\t\t\t\t\t\t\t<div\n\t\t\t\t\t\tdata-aos=\"fade-up\"\t\t\t\t\t\tclass=\"content__type--text space-content\">\n\t\t\t\t\t\t<p class=\"label\">MYLAPS Sports Service mieten<\/p>\n<h2>Angebot anfordern<\/h2>\n<p>Brauchen Sie Zeitmessung f\u00fcr Ihre Veranstaltung? MYLAPS Sports Service steht f\u00fcr die Zeitmessung von Veranstaltungen aller Gr\u00f6\u00dfen in den Niederlanden, Belgien und einer Reihe von internationalen Rennen in Europa, dem Nahen Osten und Afrika zur Verf\u00fcgung. Von kleinen Freizeitveranstaltungen bis hin zu gro\u00dfen Profirennen kann MSS alles f\u00fcr Sie organisieren. Kontaktieren Sie uns jetzt f\u00fcr ein Angebot f\u00fcr Ihr Rennen.<\/p>\n<p><a class=\"button--primary\" href=\"https:\/\/mylaps.com\/about-us\/contact-us\/\">Kontaktieren Sie uns<\/a><\/p>\n\t\t\t\t\t<\/div>\n\t\t\t\t\t\t\t<\/div>\n\t\t\t<\/div>\n<\/div>\n\n\n<div\n\tclass=\"block content bg--white content--align-content-vertically content--cols-2 bg--blank content--arrange-half\"\n\tstyle=\"--cols: 2\">\n\t<div class=\"container\">\n\t\t\t\t\t<div class=\"content__column\">\n\t\t\t\t\t\t\t\t\t<div\n\t\t\t\t\t\tdata-aos=\"fade-up\"\t\t\t\t\t\tclass=\"content__type--text space-content\">\n\t\t\t\t\t\t<p class=\"label\">Partnermap<\/p>\n<h2 class=\"card-title color-blue font-family-secondar text-left\">Finden Sie einen Timer<\/h2>\n<p>Wenn Sie einen Timing-Partner au\u00dferhalb der Niederlande und Belgiens suchen, finden Sie weitere Informationen auf unserer Partnerseite.<\/p>\n<p style=\"text-align: left;\"><a class=\"button--ghost\" href=\"https:\/\/mylaps.com\/partners\/\">Partner map<\/a><\/p>\n\t\t\t\t\t<\/div>\n\t\t\t\t\t\t\t<\/div>\n\t\t\t\t\t<div class=\"content__column\">\n\t\t\t\t\t\t\t\t\t<div\n\t\t\t\t\t\t\t\t\t\t\t\tclass=\"content__type--image space-content\">\n\t\t\t\t\t\t\t\t\t\t\t\t\t\t<figure class=\"content__figure\">\n\t\t\t\t\t\t\t\t\t<img loading=\"lazy\" decoding=\"async\" width=\"750\" height=\"316\" src=\"https:\/\/mylaps.com\/wp-content\/uploads\/2024\/12\/AdobeStock_356130783-small-750x316.jpg\" class=\"content__image\" alt=\"\" srcset=\"https:\/\/mylaps.com\/wp-content\/uploads\/2024\/12\/AdobeStock_356130783-small-750x316.jpg 750w, https:\/\/mylaps.com\/wp-content\/uploads\/2024\/12\/AdobeStock_356130783-small-400x168.jpg 400w, https:\/\/mylaps.com\/wp-content\/uploads\/2024\/12\/AdobeStock_356130783-small-300x126.jpg 300w, https:\/\/mylaps.com\/wp-content\/uploads\/2024\/12\/AdobeStock_356130783-small-768x323.jpg 768w, https:\/\/mylaps.com\/wp-content\/uploads\/2024\/12\/AdobeStock_356130783-small-1024x431.jpg 1024w, https:\/\/mylaps.com\/wp-content\/uploads\/2024\/12\/AdobeStock_356130783-small-1536x647.jpg 1536w, https:\/\/mylaps.com\/wp-content\/uploads\/2024\/12\/AdobeStock_356130783-small-238x100.jpg 238w, https:\/\/mylaps.com\/wp-content\/uploads\/2024\/12\/AdobeStock_356130783-small.jpg 2000w\" sizes=\"auto, (max-width: 750px) 100vw, 750px\" \/>\t\t\t\t\t\t\t\t<\/figure>\n\t\t\t\t\t\t\t\t\t\t\t\t\t<\/div>\n\t\t\t\t\t\t\t<\/div>\n\t\t\t<\/div>\n<\/div>\n\n\n<div\n\tclass=\"block content bg--white content--cols-1 bg--blank content--arrange-half\"\n\tstyle=\"--cols: 1\">\n\t<div class=\"container--small\">\n\t\t\t\t\t<div class=\"content__column\">\n\t\t\t\t\t\t\t<\/div>\n\t\t\t<\/div>\n<\/div>\n","protected":false},"excerpt":{"rendered":"<p>MYLAPS Event Timing MYLAPS hat eine eigene Abteilung f\u00fcr Event Timing, die Zeitmessung und zus\u00e4tzliche Dienstleistungen f\u00fcr Sportveranstaltungen in den Niederlanden, Belgien und einigen internationalen Rennen in Europa, dem Nahen Osten und Afrika anbietet. MYLAPS Event Timing Ihre Veranstaltung beginnt mit MYLAPS Event Timing Sie suchen einen Partner, der sich um die Zeitmessung und zus\u00e4tzliche Dienstleistungen f\u00fcr Ihre Sportveranstaltung k\u00fcmmert? MYLAPS Event Timing \u00fcbernimmt die Zeitmessung f\u00fcr mehr als 400 Sportveranstaltungen pro Jahr, vom Laufen und Radfahren bis zum Triathlon, Skaten und mehr. Nehmen Sie Kontakt mit uns auf Von Weltklasse-Events bis hin zu lokalen Rennen MYLAPS Event Timing (MET) wurde 1993 in Nijmegen gegr\u00fcndet. [&#8230;]<\/p>\n","protected":false},"author":2,"featured_media":0,"parent":0,"menu_order":0,"comment_status":"closed","ping_status":"closed","template":"","meta":{"_acf_changed":false,"content-type":"","_trash_the_other_posts":false,"editor_notices":[],"footnotes":""},"class_list":["post-34292","page","type-page","status-publish","hentry"],"acf":[],"yoast_head":"<!-- This site is optimized with the Yoast SEO Premium plugin v27.0 (Yoast SEO v27.0) - https:\/\/yoast.com\/product\/yoast-seo-premium-wordpress\/ -->\n<title>MYLAPS Sports Service<\/title>\n<meta name=\"description\" content=\"MYLAPS Event Timing \u00fcbernimmt die Zeitmessung f\u00fcr mehr als 400 Sportereignisse pro Jahr, vom Laufen und Radfahren bis zum Triathlon, Schlittschuhlaufen und mehr\" \/>\n<meta name=\"robots\" content=\"index, follow, max-snippet:-1, max-image-preview:large, max-video-preview:-1\" \/>\n<link rel=\"canonical\" href=\"https:\/\/mylaps.com\/de\/mylaps-sports-service\/\" \/>\n<meta property=\"og:locale\" content=\"en_US\" \/>\n<meta property=\"og:type\" content=\"article\" \/>\n<meta property=\"og:title\" content=\"MYLAPS Sports Service\" \/>\n<meta property=\"og:description\" content=\"MYLAPS Event Timing \u00fcbernimmt die Zeitmessung f\u00fcr mehr als 400 Sportereignisse pro Jahr, vom Laufen und Radfahren bis zum Triathlon, Schlittschuhlaufen und mehr\" \/>\n<meta property=\"og:url\" content=\"https:\/\/mylaps.com\/de\/mylaps-sports-service\/\" \/>\n<meta property=\"og:site_name\" content=\"MYLAPS - German\" \/>\n<meta property=\"article:modified_time\" content=\"2026-01-07T10:52:45+00:00\" \/>\n<meta name=\"twitter:card\" content=\"summary_large_image\" \/>\n<meta name=\"twitter:label1\" content=\"Est. reading time\" \/>\n\t<meta name=\"twitter:data1\" content=\"4 minutes\" \/>\n<script type=\"application\/ld+json\" class=\"yoast-schema-graph\">{\"@context\":\"https:\/\/schema.org\",\"@graph\":[{\"@type\":\"WebPage\",\"@id\":\"https:\/\/mylaps.com\/de\/mylaps-sports-service\/\",\"url\":\"https:\/\/mylaps.com\/de\/mylaps-sports-service\/\",\"name\":\"MYLAPS Sports Service\",\"isPartOf\":{\"@id\":\"https:\/\/mylaps.com\/de\/#website\"},\"datePublished\":\"2025-01-16T03:55:14+00:00\",\"dateModified\":\"2026-01-07T10:52:45+00:00\",\"description\":\"MYLAPS Event Timing \u00fcbernimmt die Zeitmessung f\u00fcr mehr als 400 Sportereignisse pro Jahr, vom Laufen und Radfahren bis zum Triathlon, Schlittschuhlaufen und mehr\",\"breadcrumb\":{\"@id\":\"https:\/\/mylaps.com\/de\/mylaps-sports-service\/#breadcrumb\"},\"inLanguage\":\"en-US\",\"potentialAction\":[{\"@type\":\"ReadAction\",\"target\":[\"https:\/\/mylaps.com\/de\/mylaps-sports-service\/\"]}]},{\"@type\":\"BreadcrumbList\",\"@id\":\"https:\/\/mylaps.com\/de\/mylaps-sports-service\/#breadcrumb\",\"itemListElement\":[{\"@type\":\"ListItem\",\"position\":1,\"name\":\"Home\",\"item\":\"https:\/\/mylaps.com\/de\/\"},{\"@type\":\"ListItem\",\"position\":2,\"name\":\"MYLAPS Sports Service\"}]},{\"@type\":\"WebSite\",\"@id\":\"https:\/\/mylaps.com\/de\/#website\",\"url\":\"https:\/\/mylaps.com\/de\/\",\"name\":\"MYLAPS\",\"description\":\"MYLAPS Sports Timing - The Industry&#039;s Most Reliable and Accurate Timing and Data Solutions\",\"potentialAction\":[{\"@type\":\"SearchAction\",\"target\":{\"@type\":\"EntryPoint\",\"urlTemplate\":\"https:\/\/mylaps.com\/de\/?s={search_term_string}\"},\"query-input\":{\"@type\":\"PropertyValueSpecification\",\"valueRequired\":true,\"valueName\":\"search_term_string\"}}],\"inLanguage\":\"en-US\"}]}<\/script>\n<!-- \/ Yoast SEO Premium plugin. -->","yoast_head_json":{"title":"MYLAPS Sports Service","description":"MYLAPS Event Timing \u00fcbernimmt die Zeitmessung f\u00fcr mehr als 400 Sportereignisse pro Jahr, vom Laufen und Radfahren bis zum Triathlon, Schlittschuhlaufen und mehr","robots":{"index":"index","follow":"follow","max-snippet":"max-snippet:-1","max-image-preview":"max-image-preview:large","max-video-preview":"max-video-preview:-1"},"canonical":"https:\/\/mylaps.com\/de\/mylaps-sports-service\/","og_locale":"en_US","og_type":"article","og_title":"MYLAPS Sports Service","og_description":"MYLAPS Event Timing \u00fcbernimmt die Zeitmessung f\u00fcr mehr als 400 Sportereignisse pro Jahr, vom Laufen und Radfahren bis zum Triathlon, Schlittschuhlaufen und mehr","og_url":"https:\/\/mylaps.com\/de\/mylaps-sports-service\/","og_site_name":"MYLAPS - German","article_modified_time":"2026-01-07T10:52:45+00:00","twitter_card":"summary_large_image","twitter_misc":{"Est. reading time":"4 minutes"},"schema":{"@context":"https:\/\/schema.org","@graph":[{"@type":"WebPage","@id":"https:\/\/mylaps.com\/de\/mylaps-sports-service\/","url":"https:\/\/mylaps.com\/de\/mylaps-sports-service\/","name":"MYLAPS Sports Service","isPartOf":{"@id":"https:\/\/mylaps.com\/de\/#website"},"datePublished":"2025-01-16T03:55:14+00:00","dateModified":"2026-01-07T10:52:45+00:00","description":"MYLAPS Event Timing \u00fcbernimmt die Zeitmessung f\u00fcr mehr als 400 Sportereignisse pro Jahr, vom Laufen und Radfahren bis zum Triathlon, Schlittschuhlaufen und mehr","breadcrumb":{"@id":"https:\/\/mylaps.com\/de\/mylaps-sports-service\/#breadcrumb"},"inLanguage":"en-US","potentialAction":[{"@type":"ReadAction","target":["https:\/\/mylaps.com\/de\/mylaps-sports-service\/"]}]},{"@type":"BreadcrumbList","@id":"https:\/\/mylaps.com\/de\/mylaps-sports-service\/#breadcrumb","itemListElement":[{"@type":"ListItem","position":1,"name":"Home","item":"https:\/\/mylaps.com\/de\/"},{"@type":"ListItem","position":2,"name":"MYLAPS Sports Service"}]},{"@type":"WebSite","@id":"https:\/\/mylaps.com\/de\/#website","url":"https:\/\/mylaps.com\/de\/","name":"MYLAPS","description":"MYLAPS Sports Timing - The Industry&#039;s Most Reliable and Accurate Timing and Data Solutions","potentialAction":[{"@type":"SearchAction","target":{"@type":"EntryPoint","urlTemplate":"https:\/\/mylaps.com\/de\/?s={search_term_string}"},"query-input":{"@type":"PropertyValueSpecification","valueRequired":true,"valueName":"search_term_string"}}],"inLanguage":"en-US"}]}},"_links":{"self":[{"href":"https:\/\/mylaps.com\/de\/wp-json\/wp\/v2\/pages\/34292","targetHints":{"allow":["GET"]}}],"collection":[{"href":"https:\/\/mylaps.com\/de\/wp-json\/wp\/v2\/pages"}],"about":[{"href":"https:\/\/mylaps.com\/de\/wp-json\/wp\/v2\/types\/page"}],"author":[{"embeddable":true,"href":"https:\/\/mylaps.com\/de\/wp-json\/wp\/v2\/users\/2"}],"replies":[{"embeddable":true,"href":"https:\/\/mylaps.com\/de\/wp-json\/wp\/v2\/comments?post=34292"}],"version-history":[{"count":10,"href":"https:\/\/mylaps.com\/de\/wp-json\/wp\/v2\/pages\/34292\/revisions"}],"predecessor-version":[{"id":41998,"href":"https:\/\/mylaps.com\/de\/wp-json\/wp\/v2\/pages\/34292\/revisions\/41998"}],"wp:attachment":[{"href":"https:\/\/mylaps.com\/de\/wp-json\/wp\/v2\/media?parent=34292"}],"curies":[{"name":"wp","href":"https:\/\/api.w.org\/{rel}","templated":true}]}}