{"id":34528,"date":"2025-01-20T15:53:12","date_gmt":"2025-01-20T15:53:12","guid":{"rendered":"https:\/\/mylaps.com\/?page_id=34528"},"modified":"2025-02-03T15:01:00","modified_gmt":"2025-02-03T15:01:00","slug":"transponder","status":"publish","type":"page","link":"https:\/\/mylaps.com\/de\/transponder\/","title":{"rendered":"Transponder"},"content":{"rendered":"<div\n\tclass=\"block content bg--white content--cols-1 bg--blank content--arrange-half\"\n\tstyle=\"--cols: 1\">\n\t<div class=\"container--small\">\n\t\t\t\t\t<div class=\"content__column\">\n\t\t\t\t\t\t\t<\/div>\n\t\t\t<\/div>\n<\/div>\n\n\n<div class=\"block related-posts bg--white\">\n\t<div class=\"container\">\n\t\t\t\t\t<div class=\"related-posts__content space-content\">\n\t\t\t\t\t\t\t\t\t<span\n\t\t\t\t\t\tclass=\"related-posts__subtitle\"\n\t\t\t\t\t\tdata-aos=\"fade-left\">\n\t\t\t\t\t\tBuy &amp; manage your transponder\t\t\t\t\t<\/span>\n\t\t\t\t\n\t\t\t\t\t\t\t\t\t<h2 class=\"related-posts__title\">\n\t\t\t\t\t\tMYLAPS Transponder f\u00fcr verschiedene Sportarten\t\t\t\t\t<\/h2>\n\t\t\t\t\n\t\t\t\t\t\t\t\t\t<div class=\"related-posts__intro space-content\">\n\t\t\t\t\t\t<p>Mit dem pers\u00f6nlichen MYLAPS Transponder haben Sie vollen Zugriff auf Ihre Ergebnisse, um sie anzusehen, zu analysieren und zu teilen, die Sie bei jedem Rennen oder Event, bei dem MYLAPS die Zeitmessung \u00fcbernimmt, nutzen k\u00f6nnen.W\u00e4hlen Sie Ihre Sportart und Ihren Transponder oder besuchen Sie noch heute unseren Webshop!<\/p>\n\t\t\t\t\t<\/div>\n\t\t\t\t\t\t\t<\/div>\n\t\t\n\t\t<ul\n\t\t\tclass=\"related-posts__cards\"\n\t\t\tstyle=\"--cols: 2\">\n\t\t\t\n<div\n\tdata-aos=\"fade-up\"data-aos-delay=\"100\"\tclass=\"card--product-card card--light\">\n\t<div class=\"card--product-card__content\">\n\t\t<h3 class=\"card--product-card__title\">TR2 Transponder<\/h3>\n\t\t\n\t\t\t\t\t<div class=\"card--product-card__labels tag-list\">\n\t\t\t\t\t\t\t\t\t<span class=\"card__label tag\">\n\t\t\t\t\t\tCar\t\t\t\t\t<\/span>\n\t\t\t\t\t\t\t\t\t<span class=\"card__label tag\">\n\t\t\t\t\t\tBike\t\t\t\t\t<\/span>\n\t\t\t\t\t\t\t\t\t<span class=\"card__label tag\">\n\t\t\t\t\t\tKart\t\t\t\t\t<\/span>\n\t\t\t\t\t\t\t\t\t<span class=\"card__label tag\">\n\t\t\t\t\t\tMX\t\t\t\t\t<\/span>\n\t\t\t\t\t\t\t<\/div>\n\t\t\n\t\t\t\t\t<div class=\"card--product-card__excerpt\">\n\t\t\t\tDer TR2 ist die neue Generation von abonnementbasierten Transpondern f\u00fcr den Motorsport, die sich \u00fcber Bluetooth mit Speedhive verbinden. Holen Sie sich jetzt Ihren pers\u00f6nlichen Bluetooth-Transponder:\t\t\t<\/div>\n\n\t\t\t\t\t\t\t<span class=\"card--product-card__link-text button--text\">\n\t\t\t\t\t<span>\n\t\t\t\t\t\tLearn more\t\t\t\t\t<\/span>\n\t\t\t\t\t<?xml version=\"1.0\" encoding=\"UTF-8\"?> <svg xmlns=\"http:\/\/www.w3.org\/2000\/svg\" aria-hidden=\"true\" width=\"20\" height=\"20\" viewBox=\"0 0 20 20\" fill=\"none\"><path d=\"M17.2554 10.7143H0V9.28571H17.2554L8.98071 1.01107L10 0L20 10L10 20L8.98071 18.9889L17.2554 10.7143Z\" style=\"fill: var(--icon-color, #697073);\"><\/path><\/svg> \t\t\t\t<\/span>\n\t\t\t\t\t\t<\/div>\n\n\t\n\t\n\t\t\t<a\n\t\t\tclass=\"card--product-card__link\"\n\t\t\thref=\"https:\/\/speedhiveshop.mylaps.com\/\"\n\t\t\ttarget=\"\">\n\t\t\t<span class=\"sr-only\">\n\t\t\t\tRead more\t\t\t\tabout\t\t\t\tTR2 Transponder\t\t\t<\/span>\n\t\t<\/a>\n\t\n\t\n\t\t\t<figure class=\"card--product-card__image-wrap\">\n\t\t\t<img loading=\"lazy\" decoding=\"async\" width=\"2115\" height=\"1498\" src=\"https:\/\/mylaps.com\/wp-content\/uploads\/2019\/08\/tr2-transponder-26-2.png\" class=\"card__image\" alt=\"TR2 Transponder 24\" srcset=\"https:\/\/mylaps.com\/wp-content\/uploads\/2019\/08\/tr2-transponder-26-2.png 2115w, https:\/\/mylaps.com\/wp-content\/uploads\/2019\/08\/tr2-transponder-26-2-300x212.png 300w, https:\/\/mylaps.com\/wp-content\/uploads\/2019\/08\/tr2-transponder-26-2-1024x725.png 1024w, https:\/\/mylaps.com\/wp-content\/uploads\/2019\/08\/tr2-transponder-26-2-768x544.png 768w, https:\/\/mylaps.com\/wp-content\/uploads\/2019\/08\/tr2-transponder-26-2-1536x1088.png 1536w, https:\/\/mylaps.com\/wp-content\/uploads\/2019\/08\/tr2-transponder-26-2-2048x1451.png 2048w, https:\/\/mylaps.com\/wp-content\/uploads\/2019\/08\/tr2-transponder-26-2-2000x1417.png 2000w, https:\/\/mylaps.com\/wp-content\/uploads\/2019\/08\/tr2-transponder-26-2-750x531.png 750w, https:\/\/mylaps.com\/wp-content\/uploads\/2019\/08\/tr2-transponder-26-2-400x283.png 400w, https:\/\/mylaps.com\/wp-content\/uploads\/2019\/08\/tr2-transponder-26-2-141x100.png 141w\" sizes=\"auto, (max-width: 2115px) 100vw, 2115px\" \/>\t\t<\/figure>\n\t<\/div>\n\n<div\n\tdata-aos=\"fade-up\"data-aos-delay=\"200\"\tclass=\"card--product-card card--light\">\n\t<div class=\"card--product-card__content\">\n\t\t<h3 class=\"card--product-card__title\">RC &amp; Drohnen-Transponder<\/h3>\n\t\t\n\t\t\t\t\t<div class=\"card--product-card__labels tag-list\">\n\t\t\t\t\t\t\t\t\t<span class=\"card__label tag\">\n\t\t\t\t\t\tRC \t\t\t\t\t<\/span>\n\t\t\t\t\t\t\t\t\t<span class=\"card__label tag\">\n\t\t\t\t\t\tDrone\t\t\t\t\t<\/span>\n\t\t\t\t\t\t\t<\/div>\n\t\t\n\t\t\t\t\t<div class=\"card--product-card__excerpt\">\n\t\t\t\tRC4-Transponder k\u00f6nnen sowohl f\u00fcr Indoor- als auch f\u00fcr Outdoor-Rennen verwendet werden und funktionieren auf so gut wie jedem Untergrund. Holen Sie sich Ihren pers\u00f6nlichen RC-Transponder:\t\t\t<\/div>\n\n\t\t\t\t\t\t\t<span class=\"card--product-card__link-text button--text\">\n\t\t\t\t\t<span>\n\t\t\t\t\t\tLearn more\t\t\t\t\t<\/span>\n\t\t\t\t\t<?xml version=\"1.0\" encoding=\"UTF-8\"?> <svg xmlns=\"http:\/\/www.w3.org\/2000\/svg\" aria-hidden=\"true\" width=\"20\" height=\"20\" viewBox=\"0 0 20 20\" fill=\"none\"><path d=\"M17.2554 10.7143H0V9.28571H17.2554L8.98071 1.01107L10 0L20 10L10 20L8.98071 18.9889L17.2554 10.7143Z\" style=\"fill: var(--icon-color, #697073);\"><\/path><\/svg> \t\t\t\t<\/span>\n\t\t\t\t\t\t<\/div>\n\n\t\n\t\n\t\t\t<a\n\t\t\tclass=\"card--product-card__link\"\n\t\t\thref=\"https:\/\/speedhiveshop.mylaps.com\/rc.html\"\n\t\t\ttarget=\"\">\n\t\t\t<span class=\"sr-only\">\n\t\t\t\tRead more\t\t\t\tabout\t\t\t\tRC &amp; Drohnen-Transponder\t\t\t<\/span>\n\t\t<\/a>\n\t\n\t\n\t\t\t<figure class=\"card--product-card__image-wrap\">\n\t\t\t<img loading=\"lazy\" decoding=\"async\" width=\"600\" height=\"338\" src=\"https:\/\/mylaps.com\/wp-content\/uploads\/2025\/01\/RC4-Pro-Transponder-16x9-1.png\" class=\"card__image\" alt=\"\" srcset=\"https:\/\/mylaps.com\/wp-content\/uploads\/2025\/01\/RC4-Pro-Transponder-16x9-1.png 600w, https:\/\/mylaps.com\/wp-content\/uploads\/2025\/01\/RC4-Pro-Transponder-16x9-1-300x169.png 300w, https:\/\/mylaps.com\/wp-content\/uploads\/2025\/01\/RC4-Pro-Transponder-16x9-1-400x225.png 400w, https:\/\/mylaps.com\/wp-content\/uploads\/2025\/01\/RC4-Pro-Transponder-16x9-1-178x100.png 178w\" sizes=\"auto, (max-width: 600px) 100vw, 600px\" \/>\t\t<\/figure>\n\t<\/div>\n\n<div\n\tdata-aos=\"fade-up\"data-aos-delay=\"300\"\tclass=\"card--product-card card--light\">\n\t<div class=\"card--product-card__content\">\n\t\t<h3 class=\"card--product-card__title\">ProChip FLEX<\/h3>\n\t\t\n\t\t\t\t\t<div class=\"card--product-card__labels tag-list\">\n\t\t\t\t\t\t\t\t\t<span class=\"card__label tag\">\n\t\t\t\t\t\tCycling\t\t\t\t\t<\/span>\n\t\t\t\t\t\t\t\t\t<span class=\"card__label tag\">\n\t\t\t\t\t\tSkating\t\t\t\t\t<\/span>\n\t\t\t\t\t\t\t\t\t<span class=\"card__label tag\">\n\t\t\t\t\t\tSkiing\t\t\t\t\t<\/span>\n\t\t\t\t\t\t\t\t\t<span class=\"card__label tag\">\n\t\t\t\t\t\tSwimming\t\t\t\t\t<\/span>\n\t\t\t\t\t\t\t\t\t<span class=\"card__label tag\">\n\t\t\t\t\t\tTriathlon\t\t\t\t\t<\/span>\n\t\t\t\t\t\t\t<\/div>\n\t\t\n\t\t\t\t\t<div class=\"card--product-card__excerpt\">\n\t\t\t\tDer ProChip ist die neue Generation von Transpondern f\u00fcr aktive Sportarten und kompatibel mit MYLAPS Zeitmesssystemen. Dieser Transponder erfordert ein Abonnement. Holen Sie sich jetzt Ihren pers\u00f6nlichen Transponder:\t\t\t<\/div>\n\n\t\t\t\t\t\t\t<span class=\"card--product-card__link-text button--text\">\n\t\t\t\t\t<span>\n\t\t\t\t\t\tLearn more\t\t\t\t\t<\/span>\n\t\t\t\t\t<?xml version=\"1.0\" encoding=\"UTF-8\"?> <svg xmlns=\"http:\/\/www.w3.org\/2000\/svg\" aria-hidden=\"true\" width=\"20\" height=\"20\" viewBox=\"0 0 20 20\" fill=\"none\"><path d=\"M17.2554 10.7143H0V9.28571H17.2554L8.98071 1.01107L10 0L20 10L10 20L8.98071 18.9889L17.2554 10.7143Z\" style=\"fill: var(--icon-color, #697073);\"><\/path><\/svg> \t\t\t\t<\/span>\n\t\t\t\t\t\t<\/div>\n\n\t\n\t\n\t\t\t<a\n\t\t\tclass=\"card--product-card__link\"\n\t\t\thref=\"https:\/\/speedhiveshop.mylaps.com\/active-sports.html\"\n\t\t\ttarget=\"\">\n\t\t\t<span class=\"sr-only\">\n\t\t\t\tRead more\t\t\t\tabout\t\t\t\tProChip FLEX\t\t\t<\/span>\n\t\t<\/a>\n\t\n\t\n\t\t\t<figure class=\"card--product-card__image-wrap\">\n\t\t\t<img loading=\"lazy\" decoding=\"async\" width=\"600\" height=\"338\" src=\"https:\/\/mylaps.com\/wp-content\/uploads\/2025\/01\/ProChip-FLEX-16x9-1.png\" class=\"card__image\" alt=\"\" srcset=\"https:\/\/mylaps.com\/wp-content\/uploads\/2025\/01\/ProChip-FLEX-16x9-1.png 600w, https:\/\/mylaps.com\/wp-content\/uploads\/2025\/01\/ProChip-FLEX-16x9-1-300x169.png 300w, https:\/\/mylaps.com\/wp-content\/uploads\/2025\/01\/ProChip-FLEX-16x9-1-400x225.png 400w, https:\/\/mylaps.com\/wp-content\/uploads\/2025\/01\/ProChip-FLEX-16x9-1-178x100.png 178w\" sizes=\"auto, (max-width: 600px) 100vw, 600px\" \/>\t\t<\/figure>\n\t<\/div>\n\t\t<\/ul>\n\n\t\t\t<\/div>\n<\/div>\n\n\n<div\n\tclass=\"block content bg--white content--cols-1 bg--blank content--arrange-half\"\n\tstyle=\"--cols: 1\">\n\t<div class=\"container--small\">\n\t\t\t\t\t<div class=\"content__column\">\n\t\t\t\t\t\t\t\t\t<div\n\t\t\t\t\t\tdata-aos=\"fade-up\"\t\t\t\t\t\tclass=\"content__type--text space-content\">\n\t\t\t\t\t\t<h4 style='text-align: center'>Hat Ihr Transponder ein abgelaufenes Abonnement?<\/h4>\n<p style='text-align: center'>Um das Abonnement Ihres Transponders zu erneuern, loggen Sie sich in Ihr Konto ein:<\/p>\n<p style='text-align: center'><a class='button--primary' href='https:\/\/account.mylaps.com'>Jetzt erneuern<\/a><\/p>\n\t\t\t\t\t<\/div>\n\t\t\t\t\t\t\t<\/div>\n\t\t\t<\/div>\n<\/div>\n","protected":false},"excerpt":{"rendered":"<p>Kaufen &#038; verwalten Sie Ihren Transponder MYLAPS Transponder f\u00fcr verschiedene Sportarten Mit dem pers\u00f6nlichen MYLAPS Transponder haben Sie vollen Zugriff auf Ihre Ergebnisse, die Sie bei jedem Rennen oder Event, bei dem MYLAPS die Zeitmessung \u00fcbernimmt, ansehen, analysieren und teilen k\u00f6nnen. W\u00e4hlen Sie Ihre Sportart und Ihren Transponder oder besuchen Sie noch heute unseren Webshop! TR2 Transponder Car Bike Kart MX Der TR2 ist die neue Generation von abonnementbasierten Transpondern f\u00fcr den Motorsport, die sich \u00fcber Bluetooth mit Speedhive verbinden. Holen Sie sich jetzt Ihren pers\u00f6nlichen Bluetooth-Transponder: Mehr erfahren Lesen Sie mehr \u00fcber TR2 Transponder RC &#038; Drohnen Transponder RC Drohne RC4 Transponder k\u00f6nnen [&#8230;]<\/p>\n","protected":false},"author":2,"featured_media":0,"parent":0,"menu_order":0,"comment_status":"closed","ping_status":"closed","template":"","meta":{"_acf_changed":false,"content-type":"","_trash_the_other_posts":false,"editor_notices":[],"footnotes":""},"class_list":["post-34528","page","type-page","status-publish","hentry"],"acf":[],"yoast_head":"<!-- This site is optimized with the Yoast SEO Premium plugin v27.0 (Yoast SEO v27.0) - https:\/\/yoast.com\/product\/yoast-seo-premium-wordpress\/ -->\n<title>MYLAPS Transponders - Analyze, share &amp; compare your race results<\/title>\n<meta name=\"description\" content=\"MYLAPS offers accurate, reliable, and durable transponders &amp; chips for different sports.\" \/>\n<meta name=\"robots\" content=\"index, follow, max-snippet:-1, max-image-preview:large, max-video-preview:-1\" \/>\n<link rel=\"canonical\" href=\"https:\/\/mylaps.com\/de\/transponders\/\" \/>\n<meta property=\"og:locale\" content=\"en_US\" \/>\n<meta property=\"og:type\" content=\"article\" \/>\n<meta property=\"og:title\" content=\"Transponder\" \/>\n<meta property=\"og:description\" content=\"MYLAPS offers accurate, reliable, and durable transponders &amp; chips for different sports.\" \/>\n<meta property=\"og:url\" content=\"https:\/\/mylaps.com\/de\/transponders\/\" \/>\n<meta property=\"og:site_name\" content=\"MYLAPS - German\" \/>\n<meta property=\"article:modified_time\" content=\"2025-02-03T15:01:00+00:00\" \/>\n<meta name=\"twitter:card\" content=\"summary_large_image\" \/>\n<meta name=\"twitter:label1\" content=\"Est. reading time\" \/>\n\t<meta name=\"twitter:data1\" content=\"2 minutes\" \/>\n<script type=\"application\/ld+json\" class=\"yoast-schema-graph\">{\"@context\":\"https:\/\/schema.org\",\"@graph\":[{\"@type\":\"WebPage\",\"@id\":\"https:\/\/mylaps.com\/de\/transponders\/\",\"url\":\"https:\/\/mylaps.com\/de\/transponders\/\",\"name\":\"MYLAPS Transponders - Analyze, share & compare your race results\",\"isPartOf\":{\"@id\":\"https:\/\/mylaps.com\/de\/#website\"},\"datePublished\":\"2025-01-20T15:53:12+00:00\",\"dateModified\":\"2025-02-03T15:01:00+00:00\",\"description\":\"MYLAPS offers accurate, reliable, and durable transponders & chips for different sports.\",\"breadcrumb\":{\"@id\":\"https:\/\/mylaps.com\/de\/transponders\/#breadcrumb\"},\"inLanguage\":\"en-US\",\"potentialAction\":[{\"@type\":\"ReadAction\",\"target\":[\"https:\/\/mylaps.com\/de\/transponders\/\"]}]},{\"@type\":\"BreadcrumbList\",\"@id\":\"https:\/\/mylaps.com\/de\/transponders\/#breadcrumb\",\"itemListElement\":[{\"@type\":\"ListItem\",\"position\":1,\"name\":\"Home\",\"item\":\"https:\/\/mylaps.com\/de\/\"},{\"@type\":\"ListItem\",\"position\":2,\"name\":\"Transponders\"}]},{\"@type\":\"WebSite\",\"@id\":\"https:\/\/mylaps.com\/de\/#website\",\"url\":\"https:\/\/mylaps.com\/de\/\",\"name\":\"MYLAPS\",\"description\":\"MYLAPS Sports Timing - The Industry&#039;s Most Reliable and Accurate Timing and Data Solutions\",\"potentialAction\":[{\"@type\":\"SearchAction\",\"target\":{\"@type\":\"EntryPoint\",\"urlTemplate\":\"https:\/\/mylaps.com\/de\/?s={search_term_string}\"},\"query-input\":{\"@type\":\"PropertyValueSpecification\",\"valueRequired\":true,\"valueName\":\"search_term_string\"}}],\"inLanguage\":\"en-US\"}]}<\/script>\n<!-- \/ Yoast SEO Premium plugin. -->","yoast_head_json":{"title":"MYLAPS Transponders - Analyze, share & compare your race results","description":"MYLAPS offers accurate, reliable, and durable transponders & chips for different sports.","robots":{"index":"index","follow":"follow","max-snippet":"max-snippet:-1","max-image-preview":"max-image-preview:large","max-video-preview":"max-video-preview:-1"},"canonical":"https:\/\/mylaps.com\/de\/transponders\/","og_locale":"en_US","og_type":"article","og_title":"Transponder","og_description":"MYLAPS offers accurate, reliable, and durable transponders & chips for different sports.","og_url":"https:\/\/mylaps.com\/de\/transponders\/","og_site_name":"MYLAPS - German","article_modified_time":"2025-02-03T15:01:00+00:00","twitter_card":"summary_large_image","twitter_misc":{"Est. reading time":"2 minutes"},"schema":{"@context":"https:\/\/schema.org","@graph":[{"@type":"WebPage","@id":"https:\/\/mylaps.com\/de\/transponders\/","url":"https:\/\/mylaps.com\/de\/transponders\/","name":"MYLAPS Transponders - Analyze, share & compare your race results","isPartOf":{"@id":"https:\/\/mylaps.com\/de\/#website"},"datePublished":"2025-01-20T15:53:12+00:00","dateModified":"2025-02-03T15:01:00+00:00","description":"MYLAPS offers accurate, reliable, and durable transponders & chips for different sports.","breadcrumb":{"@id":"https:\/\/mylaps.com\/de\/transponders\/#breadcrumb"},"inLanguage":"en-US","potentialAction":[{"@type":"ReadAction","target":["https:\/\/mylaps.com\/de\/transponders\/"]}]},{"@type":"BreadcrumbList","@id":"https:\/\/mylaps.com\/de\/transponders\/#breadcrumb","itemListElement":[{"@type":"ListItem","position":1,"name":"Home","item":"https:\/\/mylaps.com\/de\/"},{"@type":"ListItem","position":2,"name":"Transponders"}]},{"@type":"WebSite","@id":"https:\/\/mylaps.com\/de\/#website","url":"https:\/\/mylaps.com\/de\/","name":"MYLAPS","description":"MYLAPS Sports Timing - The Industry&#039;s Most Reliable and Accurate Timing and Data Solutions","potentialAction":[{"@type":"SearchAction","target":{"@type":"EntryPoint","urlTemplate":"https:\/\/mylaps.com\/de\/?s={search_term_string}"},"query-input":{"@type":"PropertyValueSpecification","valueRequired":true,"valueName":"search_term_string"}}],"inLanguage":"en-US"}]}},"_links":{"self":[{"href":"https:\/\/mylaps.com\/de\/wp-json\/wp\/v2\/pages\/34528","targetHints":{"allow":["GET"]}}],"collection":[{"href":"https:\/\/mylaps.com\/de\/wp-json\/wp\/v2\/pages"}],"about":[{"href":"https:\/\/mylaps.com\/de\/wp-json\/wp\/v2\/types\/page"}],"author":[{"embeddable":true,"href":"https:\/\/mylaps.com\/de\/wp-json\/wp\/v2\/users\/2"}],"replies":[{"embeddable":true,"href":"https:\/\/mylaps.com\/de\/wp-json\/wp\/v2\/comments?post=34528"}],"version-history":[{"count":3,"href":"https:\/\/mylaps.com\/de\/wp-json\/wp\/v2\/pages\/34528\/revisions"}],"predecessor-version":[{"id":34893,"href":"https:\/\/mylaps.com\/de\/wp-json\/wp\/v2\/pages\/34528\/revisions\/34893"}],"wp:attachment":[{"href":"https:\/\/mylaps.com\/de\/wp-json\/wp\/v2\/media?parent=34528"}],"curies":[{"name":"wp","href":"https:\/\/api.w.org\/{rel}","templated":true}]}}