{"id":35734,"date":"2025-07-31T12:55:01","date_gmt":"2025-07-31T12:55:01","guid":{"rendered":"https:\/\/mylaps.com\/de\/?page_id=35734"},"modified":"2025-08-01T13:59:22","modified_gmt":"2025-08-01T13:59:22","slug":"privacy","status":"publish","type":"page","link":"https:\/\/mylaps.com\/de\/privacy\/","title":{"rendered":"Datenschutz"},"content":{"rendered":"<div\n\tclass=\"block content bg--white content--cols-1 bg--blank content--arrange-half\"\n\tstyle=\"--cols: 1\">\n\t<div class=\"container--small\">\n\t\t\t\t\t<div class=\"content__column\">\n\t\t\t\t\t\t\t<\/div>\n\t\t\t<\/div>\n<\/div>\n\n\n<div\n\tclass=\"block content bg--white content--cols-1 bg--blank content--arrange-half\"\n\tstyle=\"--cols: 1\">\n\t<div class=\"container--small\">\n\t\t\t\t\t<div class=\"content__column\">\n\t\t\t\t\t\t\t\t\t<div\n\t\t\t\t\t\tdata-aos=\"fade-up\"\t\t\t\t\t\tclass=\"content__type--text space-content\">\n\t\t\t\t\t\t<h1>Datenschutz<\/h1>\n<ul>\n<li style=\"list-style-type: none\">\n<ul>\n<li><a href=\"https:\/\/mylaps.com\/wp-content\/uploads\/2025\/07\/MYLAPS-Privacy-Policy-DE.pdf\">Datenschutzrichtlinie<\/a><\/li>\n<li><a href=\"https:\/\/mylaps.com\/de\/cookies\/\">Cookie-Richtlinie<\/a><\/li>\n<li><a href=\"https:\/\/mylaps.com\/wp-content\/uploads\/2025\/07\/MYLAPS-Account-Privacy-Policy-DE.pdf\">Datenschutzinformationen Kontoseite<\/a><\/li>\n<li><a href=\"https:\/\/mylaps.com\/wp-content\/uploads\/2025\/07\/Sporthive-Privacy-Policy-DE.pdf\">Datenschutzhinweise MYLAPS Sporthive\u00a0<\/a><\/li>\n<li><a href=\"https:\/\/mylaps.com\/wp-content\/uploads\/2025\/07\/Speedhive-Privacy-Policy-DE.pdf\">Datenschutzhinweise MYLAPS Speedhive<\/a><\/li>\n<li><a href=\"https:\/\/mylaps.com\/wp-content\/uploads\/2025\/07\/Speedhive-Shop-Privacy-Policy-DE.pdf\">Datenschutzhinweise MYLAPS Speedhive Shop<\/a><\/li>\n<li><a href=\"https:\/\/mylaps.com\/wp-content\/uploads\/2025\/07\/MYLAPS-EventResults-Privacy-Policy-DE.pdf\">Datenschutzhinweise EventResults<\/a><\/li>\n<li><a href=\"https:\/\/www.mylaps.com\/privacy-eventkit\">Datenschutzhinweise EventKit<\/a><\/li>\n<\/ul>\n<\/li>\n<\/ul>\n<p>&nbsp;<\/p>\n\t\t\t\t\t<\/div>\n\t\t\t\t\t\t\t<\/div>\n\t\t\t<\/div>\n<\/div>\n","protected":false},"excerpt":{"rendered":"<p>Datenschutz Datenschutzrichtlinie Cookie-Richtlinie Datenschutzinformationen Kontoseite Datenschutzinformationen MYLAPS Sporthive Datenschutzinformationen MYLAPS Speedhive Datenschutzinformationen MYLAPS Speedhive Shop Datenschutzinformationen EventResults Datenschutzinformationen EventKit Datenschutzinformationen MYLAPS Event Timing<\/p>\n","protected":false},"author":2,"featured_media":0,"parent":0,"menu_order":0,"comment_status":"closed","ping_status":"closed","template":"","meta":{"_acf_changed":false,"content-type":"","_trash_the_other_posts":false,"editor_notices":[],"footnotes":""},"class_list":["post-35734","page","type-page","status-publish","hentry"],"acf":[],"yoast_head":"<!-- This site is optimized with the Yoast SEO Premium plugin v27.0 (Yoast SEO v27.0) - https:\/\/yoast.com\/product\/yoast-seo-premium-wordpress\/ -->\n<title>Datenschutz - MYLAPS - German<\/title>\n<meta name=\"description\" content=\"Verstehen Sie die Gesch\u00e4ftsbedingungen von MYLAPS, einschlie\u00dflich wichtiger Informationen \u00fcber die Nutzung und die Datenschutzrichtlinien.\" \/>\n<meta name=\"robots\" content=\"index, follow, max-snippet:-1, max-image-preview:large, max-video-preview:-1\" \/>\n<link rel=\"canonical\" href=\"https:\/\/mylaps.com\/de\/privacy\/\" \/>\n<meta property=\"og:locale\" content=\"en_US\" \/>\n<meta property=\"og:type\" content=\"article\" \/>\n<meta property=\"og:title\" content=\"Datenschutz\" \/>\n<meta property=\"og:description\" content=\"Verstehen Sie die Gesch\u00e4ftsbedingungen von MYLAPS, einschlie\u00dflich wichtiger Informationen \u00fcber die Nutzung und die Datenschutzrichtlinien.\" \/>\n<meta property=\"og:url\" content=\"https:\/\/mylaps.com\/de\/privacy\/\" \/>\n<meta property=\"og:site_name\" content=\"MYLAPS - German\" \/>\n<meta property=\"article:modified_time\" content=\"2025-08-01T13:59:22+00:00\" \/>\n<meta name=\"twitter:card\" content=\"summary_large_image\" \/>\n<meta name=\"twitter:label1\" content=\"Est. reading time\" \/>\n\t<meta name=\"twitter:data1\" content=\"1 minute\" \/>\n<script type=\"application\/ld+json\" class=\"yoast-schema-graph\">{\"@context\":\"https:\/\/schema.org\",\"@graph\":[{\"@type\":\"WebPage\",\"@id\":\"https:\/\/mylaps.com\/de\/privacy\/\",\"url\":\"https:\/\/mylaps.com\/de\/privacy\/\",\"name\":\"Datenschutz - MYLAPS - German\",\"isPartOf\":{\"@id\":\"https:\/\/mylaps.com\/de\/#website\"},\"datePublished\":\"2025-07-31T12:55:01+00:00\",\"dateModified\":\"2025-08-01T13:59:22+00:00\",\"description\":\"Verstehen Sie die Gesch\u00e4ftsbedingungen von MYLAPS, einschlie\u00dflich wichtiger Informationen \u00fcber die Nutzung und die Datenschutzrichtlinien.\",\"breadcrumb\":{\"@id\":\"https:\/\/mylaps.com\/de\/privacy\/#breadcrumb\"},\"inLanguage\":\"en-US\",\"potentialAction\":[{\"@type\":\"ReadAction\",\"target\":[\"https:\/\/mylaps.com\/de\/privacy\/\"]}]},{\"@type\":\"BreadcrumbList\",\"@id\":\"https:\/\/mylaps.com\/de\/privacy\/#breadcrumb\",\"itemListElement\":[{\"@type\":\"ListItem\",\"position\":1,\"name\":\"Home\",\"item\":\"https:\/\/mylaps.com\/de\/\"},{\"@type\":\"ListItem\",\"position\":2,\"name\":\"Datenschutz\"}]},{\"@type\":\"WebSite\",\"@id\":\"https:\/\/mylaps.com\/de\/#website\",\"url\":\"https:\/\/mylaps.com\/de\/\",\"name\":\"MYLAPS\",\"description\":\"MYLAPS Sports Timing - The Industry&#039;s Most Reliable and Accurate Timing and Data Solutions\",\"potentialAction\":[{\"@type\":\"SearchAction\",\"target\":{\"@type\":\"EntryPoint\",\"urlTemplate\":\"https:\/\/mylaps.com\/de\/?s={search_term_string}\"},\"query-input\":{\"@type\":\"PropertyValueSpecification\",\"valueRequired\":true,\"valueName\":\"search_term_string\"}}],\"inLanguage\":\"en-US\"}]}<\/script>\n<!-- \/ Yoast SEO Premium plugin. -->","yoast_head_json":{"title":"Datenschutz - MYLAPS - German","description":"Verstehen Sie die Gesch\u00e4ftsbedingungen von MYLAPS, einschlie\u00dflich wichtiger Informationen \u00fcber die Nutzung und die Datenschutzrichtlinien.","robots":{"index":"index","follow":"follow","max-snippet":"max-snippet:-1","max-image-preview":"max-image-preview:large","max-video-preview":"max-video-preview:-1"},"canonical":"https:\/\/mylaps.com\/de\/privacy\/","og_locale":"en_US","og_type":"article","og_title":"Datenschutz","og_description":"Verstehen Sie die Gesch\u00e4ftsbedingungen von MYLAPS, einschlie\u00dflich wichtiger Informationen \u00fcber die Nutzung und die Datenschutzrichtlinien.","og_url":"https:\/\/mylaps.com\/de\/privacy\/","og_site_name":"MYLAPS - German","article_modified_time":"2025-08-01T13:59:22+00:00","twitter_card":"summary_large_image","twitter_misc":{"Est. reading time":"1 minute"},"schema":{"@context":"https:\/\/schema.org","@graph":[{"@type":"WebPage","@id":"https:\/\/mylaps.com\/de\/privacy\/","url":"https:\/\/mylaps.com\/de\/privacy\/","name":"Datenschutz - MYLAPS - German","isPartOf":{"@id":"https:\/\/mylaps.com\/de\/#website"},"datePublished":"2025-07-31T12:55:01+00:00","dateModified":"2025-08-01T13:59:22+00:00","description":"Verstehen Sie die Gesch\u00e4ftsbedingungen von MYLAPS, einschlie\u00dflich wichtiger Informationen \u00fcber die Nutzung und die Datenschutzrichtlinien.","breadcrumb":{"@id":"https:\/\/mylaps.com\/de\/privacy\/#breadcrumb"},"inLanguage":"en-US","potentialAction":[{"@type":"ReadAction","target":["https:\/\/mylaps.com\/de\/privacy\/"]}]},{"@type":"BreadcrumbList","@id":"https:\/\/mylaps.com\/de\/privacy\/#breadcrumb","itemListElement":[{"@type":"ListItem","position":1,"name":"Home","item":"https:\/\/mylaps.com\/de\/"},{"@type":"ListItem","position":2,"name":"Datenschutz"}]},{"@type":"WebSite","@id":"https:\/\/mylaps.com\/de\/#website","url":"https:\/\/mylaps.com\/de\/","name":"MYLAPS","description":"MYLAPS Sports Timing - The Industry&#039;s Most Reliable and Accurate Timing and Data Solutions","potentialAction":[{"@type":"SearchAction","target":{"@type":"EntryPoint","urlTemplate":"https:\/\/mylaps.com\/de\/?s={search_term_string}"},"query-input":{"@type":"PropertyValueSpecification","valueRequired":true,"valueName":"search_term_string"}}],"inLanguage":"en-US"}]}},"_links":{"self":[{"href":"https:\/\/mylaps.com\/de\/wp-json\/wp\/v2\/pages\/35734","targetHints":{"allow":["GET"]}}],"collection":[{"href":"https:\/\/mylaps.com\/de\/wp-json\/wp\/v2\/pages"}],"about":[{"href":"https:\/\/mylaps.com\/de\/wp-json\/wp\/v2\/types\/page"}],"author":[{"embeddable":true,"href":"https:\/\/mylaps.com\/de\/wp-json\/wp\/v2\/users\/2"}],"replies":[{"embeddable":true,"href":"https:\/\/mylaps.com\/de\/wp-json\/wp\/v2\/comments?post=35734"}],"version-history":[{"count":8,"href":"https:\/\/mylaps.com\/de\/wp-json\/wp\/v2\/pages\/35734\/revisions"}],"predecessor-version":[{"id":37819,"href":"https:\/\/mylaps.com\/de\/wp-json\/wp\/v2\/pages\/35734\/revisions\/37819"}],"wp:attachment":[{"href":"https:\/\/mylaps.com\/de\/wp-json\/wp\/v2\/media?parent=35734"}],"curies":[{"name":"wp","href":"https:\/\/api.w.org\/{rel}","templated":true}]}}