{"id":359,"date":"2024-12-10T22:29:36","date_gmt":"2024-12-10T22:29:36","guid":{"rendered":"https:\/\/mylaps.com\/?page_id=359"},"modified":"2025-05-14T14:16:56","modified_gmt":"2025-05-14T14:16:56","slug":"kontakt","status":"publish","type":"page","link":"https:\/\/mylaps.com\/de\/uber-uns\/kontakt\/","title":{"rendered":"Kontakt"},"content":{"rendered":"\n\n<div class=\"block related-posts bg--white\">\n\t<div class=\"container\">\n\t\t\n\t\t<ul\n\t\t\tclass=\"related-posts__cards\"\n\t\t\tstyle=\"--cols: 2\">\n\t\t\t\n<div\n\tdata-aos=\"fade-up\"data-aos-delay=\"100\"\tclass=\"card--product-card card--dark\">\n\t<div class=\"card--product-card__content\">\n\t\t<h3 class=\"card--product-card__title\">Womit brauchen Sie Hilfe?<\/h3>\n\t\t\t\t\t<span class=\"card--product-card__subtitle\">\n\t\t\t\tHilfe und Support\t\t\t<\/span>\n\t\t\n\t\t\t\t\t<div class=\"card--product-card__labels tag-list\">\n\t\t\t\t\t\t\t\t\t<span class=\"card__label tag\">\n\t\t\t\t\t\tTransponderverwaltung\t\t\t\t\t<\/span>\n\t\t\t\t\t\t\t\t\t<span class=\"card__label tag\">\n\t\t\t\t\t\tAbonnement erneuern\t\t\t\t\t<\/span>\n\t\t\t\t\t\t\t\t\t<span class=\"card__label tag\">\n\t\t\t\t\t\tSoftware runterladen\t\t\t\t\t<\/span>\n\t\t\t\t\t\t\t<\/div>\n\t\t\n\t\t\t\t\t<div class=\"card--product-card__excerpt\">\n\t\t\t\tGehen Sie zur MYLAPS Hilfe, um unser Support-Team zu kontaktieren und Produktanleitungen, Software zum Herunterladen und FAQs zu finden.\t\t\t<\/div>\n\n\t\t\t\t\t\t\t<span class=\"card--product-card__link-text button--text\">\n\t\t\t\t\t<span>\n\t\t\t\t\t\tLearn more\t\t\t\t\t<\/span>\n\t\t\t\t\t<?xml version=\"1.0\" encoding=\"UTF-8\"?> <svg xmlns=\"http:\/\/www.w3.org\/2000\/svg\" aria-hidden=\"true\" width=\"20\" height=\"20\" viewBox=\"0 0 20 20\" fill=\"none\"><path d=\"M17.2554 10.7143H0V9.28571H17.2554L8.98071 1.01107L10 0L20 10L10 20L8.98071 18.9889L17.2554 10.7143Z\" style=\"fill: var(--icon-color, #697073);\"><\/path><\/svg> \t\t\t\t<\/span>\n\t\t\t\t\t\t<\/div>\n\n\t\n\t\n\t\t\t<a\n\t\t\tclass=\"card--product-card__link\"\n\t\t\thref=\"https:\/\/help.mylaps.com\/\"\n\t\t\ttarget=\"_blank\">\n\t\t\t<span class=\"sr-only\">\n\t\t\t\tRead more\t\t\t\tabout\t\t\t\tWomit brauchen Sie Hilfe?\t\t\t<\/span>\n\t\t<\/a>\n\t\n\t\n\t\t\t<figure class=\"card--product-card__image-wrap\">\n\t\t\t<img loading=\"lazy\" decoding=\"async\" width=\"800\" height=\"451\" src=\"https:\/\/mylaps.com\/wp-content\/uploads\/2025\/01\/Support-contact-page16x916x916x9.png\" class=\"card__image\" alt=\"\" srcset=\"https:\/\/mylaps.com\/wp-content\/uploads\/2025\/01\/Support-contact-page16x916x916x9.png 800w, https:\/\/mylaps.com\/wp-content\/uploads\/2025\/01\/Support-contact-page16x916x916x9-300x169.png 300w, https:\/\/mylaps.com\/wp-content\/uploads\/2025\/01\/Support-contact-page16x916x916x9-768x433.png 768w, https:\/\/mylaps.com\/wp-content\/uploads\/2025\/01\/Support-contact-page16x916x916x9-750x423.png 750w, https:\/\/mylaps.com\/wp-content\/uploads\/2025\/01\/Support-contact-page16x916x916x9-400x226.png 400w, https:\/\/mylaps.com\/wp-content\/uploads\/2025\/01\/Support-contact-page16x916x916x9-177x100.png 177w\" sizes=\"auto, (max-width: 800px) 100vw, 800px\" \/>\t\t<\/figure>\n\t<\/div>\n\t\t<\/ul>\n\n\t\t\t<\/div>\n<\/div>\n\n\n<div\n\tclass=\"block content bg--white content--align-content-vertically content--cols-1 bg--blank content--arrange-half\"\n\tstyle=\"--cols: 1\">\n\t<div class=\"container--small\">\n\t\t\t\t\t<div class=\"content__column\">\n\t\t\t\t\t\t\t\t\t<div\n\t\t\t\t\t\t\t\t\t\t\t\tclass=\"content__type--image space-content\">\n\t\t\t\t\t\t\t\t\t\t\t\t\t\t<figure class=\"content__figure\">\n\t\t\t\t\t\t\t\t\t<img loading=\"lazy\" decoding=\"async\" width=\"750\" height=\"558\" src=\"https:\/\/mylaps.com\/wp-content\/uploads\/2024\/01\/Group-picture-Americas-Active-Conference-2024-1-2-750x558.jpeg\" class=\"content__image\" alt=\"\" srcset=\"https:\/\/mylaps.com\/wp-content\/uploads\/2024\/01\/Group-picture-Americas-Active-Conference-2024-1-2-750x558.jpeg 750w, https:\/\/mylaps.com\/wp-content\/uploads\/2024\/01\/Group-picture-Americas-Active-Conference-2024-1-2-300x223.jpeg 300w, https:\/\/mylaps.com\/wp-content\/uploads\/2024\/01\/Group-picture-Americas-Active-Conference-2024-1-2-1024x763.jpeg 1024w, https:\/\/mylaps.com\/wp-content\/uploads\/2024\/01\/Group-picture-Americas-Active-Conference-2024-1-2-768x572.jpeg 768w, https:\/\/mylaps.com\/wp-content\/uploads\/2024\/01\/Group-picture-Americas-Active-Conference-2024-1-2-1536x1144.jpeg 1536w, https:\/\/mylaps.com\/wp-content\/uploads\/2024\/01\/Group-picture-Americas-Active-Conference-2024-1-2-400x298.jpeg 400w, https:\/\/mylaps.com\/wp-content\/uploads\/2024\/01\/Group-picture-Americas-Active-Conference-2024-1-2-134x100.jpeg 134w, https:\/\/mylaps.com\/wp-content\/uploads\/2024\/01\/Group-picture-Americas-Active-Conference-2024-1-2.jpeg 1966w\" sizes=\"auto, (max-width: 750px) 100vw, 750px\" \/>\t\t\t\t\t\t\t\t<\/figure>\n\t\t\t\t\t\t\t\t\t\t\t\t\t<\/div>\n\t\t\t\t\t\t\t\t\t<div\n\t\t\t\t\t\tdata-aos=\"fade-up\"\t\t\t\t\t\tclass=\"content__type--text space-content\">\n\t\t\t\t\t\t<p class='label'>Kontakt aufnehmen<\/p>\n<h2>Sind Sie an unseren Zeitmessungsl\u00f6sungen interessiert?<\/h2>\n<p>Wir w\u00fcrden uns freuen, von Ihnen zu h\u00f6ren! Teilen Sie uns Ihre Frage mit und wir werden die M\u00f6glichkeiten in einem pers\u00f6nlichen Gespr\u00e4ch er\u00f6rtern.<\/p>\n\t\t\t\t\t<\/div>\n\t\t\t\t\t\t\t<\/div>\n\t\t\t<\/div>\n<\/div>\n\n\n\n<div class=\"wp-block-leadin-hubspot-form-block\">\n\t\t\t\t\t\t<script>\n\t\t\t\t\t\t\twindow.hsFormsOnReady = window.hsFormsOnReady || [];\n\t\t\t\t\t\t\twindow.hsFormsOnReady.push(()=>{\n\t\t\t\t\t\t\t\thbspt.forms.create({\n\t\t\t\t\t\t\t\t\tportalId: 14516136,\n\t\t\t\t\t\t\t\t\tformId: \"08ce0bd7-035a-44c5-9076-c5880aa54fb1\",\n\t\t\t\t\t\t\t\t\ttarget: \"#hbspt-form-1776578380000-5534074408\",\n\t\t\t\t\t\t\t\t\tregion: \"na1\",\n\t\t\t\t\t\t\t\t\t\n\t\t\t\t\t\t\t})});\n\t\t\t\t\t\t<\/script>\n\t\t\t\t\t\t<div class=\"hbspt-form\" id=\"hbspt-form-1776578380000-5534074408\"><\/div><\/div>\n","protected":false},"excerpt":{"rendered":"<p>Wof\u00fcr brauchen Sie Hilfe? Support Transponder-Verwaltung Abonnement-Verl\u00e4ngerung Software-Downloads Gehen Sie zu MYLAPS Hilfe, um unser Support-Team zu kontaktieren und um Produkthandb\u00fccher, Software zum Herunterladen und FAQs zu finden. Erfahren Sie mehr Lesen Sie mehr \u00fcber Womit brauchen Sie Hilfe? Nehmen Sie Kontakt auf Sind Sie an unseren Timing-L\u00f6sungen interessiert? Wir w\u00fcrden uns freuen, von Ihnen zu h\u00f6ren! Teilen Sie uns Ihre Frage mit und wir besprechen die M\u00f6glichkeiten in einem pers\u00f6nlichen Gespr\u00e4ch.<\/p>\n","protected":false},"author":2,"featured_media":30990,"parent":159,"menu_order":0,"comment_status":"closed","ping_status":"closed","template":"","meta":{"_acf_changed":false,"content-type":"","_trash_the_other_posts":false,"editor_notices":[],"footnotes":""},"class_list":["post-359","page","type-page","status-publish","has-post-thumbnail","hentry"],"acf":[],"yoast_head":"<!-- This site is optimized with the Yoast SEO Premium plugin v27.0 (Yoast SEO v27.0) - https:\/\/yoast.com\/product\/yoast-seo-premium-wordpress\/ -->\n<title>Kontakt - MYLAPS - German<\/title>\n<meta name=\"robots\" content=\"index, follow, max-snippet:-1, max-image-preview:large, max-video-preview:-1\" \/>\n<link rel=\"canonical\" href=\"https:\/\/mylaps.com\/de\/uber-uns\/kontakt\/\" \/>\n<meta property=\"og:locale\" content=\"en_US\" \/>\n<meta property=\"og:type\" content=\"article\" \/>\n<meta property=\"og:title\" content=\"Kontakt\" \/>\n<meta property=\"og:description\" content=\"Wof\u00fcr brauchen Sie Hilfe? Support Transponder-Verwaltung Abonnement-Verl\u00e4ngerung Software-Downloads Gehen Sie zu MYLAPS Hilfe, um unser Support-Team zu kontaktieren und um Produkthandb\u00fccher, Software zum Herunterladen und FAQs zu finden. Erfahren Sie mehr Lesen Sie mehr \u00fcber Womit brauchen Sie Hilfe? Nehmen Sie Kontakt auf Sind Sie an unseren Timing-L\u00f6sungen interessiert? Wir w\u00fcrden uns freuen, von Ihnen zu h\u00f6ren! Teilen Sie uns Ihre Frage mit und wir besprechen die M\u00f6glichkeiten in einem pers\u00f6nlichen Gespr\u00e4ch.\" \/>\n<meta property=\"og:url\" content=\"https:\/\/mylaps.com\/de\/uber-uns\/kontakt\/\" \/>\n<meta property=\"og:site_name\" content=\"MYLAPS - German\" \/>\n<meta property=\"article:modified_time\" content=\"2025-05-14T14:16:56+00:00\" \/>\n<meta property=\"og:image\" content=\"https:\/\/mylaps.com\/wp-content\/uploads\/2024\/01\/Group-picture-Americas-Active-Conference-2024-1-2.jpeg\" \/>\n\t<meta property=\"og:image:width\" content=\"1966\" \/>\n\t<meta property=\"og:image:height\" content=\"1464\" \/>\n\t<meta property=\"og:image:type\" content=\"image\/jpeg\" \/>\n<meta name=\"twitter:card\" content=\"summary_large_image\" \/>\n<meta name=\"twitter:label1\" content=\"Est. reading time\" \/>\n\t<meta name=\"twitter:data1\" content=\"1 minute\" \/>\n<script type=\"application\/ld+json\" class=\"yoast-schema-graph\">{\"@context\":\"https:\/\/schema.org\",\"@graph\":[{\"@type\":\"WebPage\",\"@id\":\"https:\/\/mylaps.com\/de\/uber-uns\/kontakt\/\",\"url\":\"https:\/\/mylaps.com\/de\/uber-uns\/kontakt\/\",\"name\":\"Kontakt - MYLAPS - German\",\"isPartOf\":{\"@id\":\"https:\/\/mylaps.com\/de\/#website\"},\"primaryImageOfPage\":{\"@id\":\"https:\/\/mylaps.com\/de\/uber-uns\/kontakt\/#primaryimage\"},\"image\":{\"@id\":\"https:\/\/mylaps.com\/de\/uber-uns\/kontakt\/#primaryimage\"},\"thumbnailUrl\":\"https:\/\/mylaps.com\/wp-content\/uploads\/2024\/01\/Group-picture-Americas-Active-Conference-2024-1-2.jpeg\",\"datePublished\":\"2024-12-10T22:29:36+00:00\",\"dateModified\":\"2025-05-14T14:16:56+00:00\",\"breadcrumb\":{\"@id\":\"https:\/\/mylaps.com\/de\/uber-uns\/kontakt\/#breadcrumb\"},\"inLanguage\":\"en-US\",\"potentialAction\":[{\"@type\":\"ReadAction\",\"target\":[\"https:\/\/mylaps.com\/de\/uber-uns\/kontakt\/\"]}]},{\"@type\":\"ImageObject\",\"inLanguage\":\"en-US\",\"@id\":\"https:\/\/mylaps.com\/de\/uber-uns\/kontakt\/#primaryimage\",\"url\":\"https:\/\/mylaps.com\/wp-content\/uploads\/2024\/01\/Group-picture-Americas-Active-Conference-2024-1-2.jpeg\",\"contentUrl\":\"https:\/\/mylaps.com\/wp-content\/uploads\/2024\/01\/Group-picture-Americas-Active-Conference-2024-1-2.jpeg\",\"width\":1966,\"height\":1464},{\"@type\":\"BreadcrumbList\",\"@id\":\"https:\/\/mylaps.com\/de\/uber-uns\/kontakt\/#breadcrumb\",\"itemListElement\":[{\"@type\":\"ListItem\",\"position\":1,\"name\":\"Home\",\"item\":\"https:\/\/mylaps.com\/de\/\"},{\"@type\":\"ListItem\",\"position\":2,\"name\":\"\u00dcber uns\",\"item\":\"https:\/\/mylaps.com\/de\/uber-uns\/\"},{\"@type\":\"ListItem\",\"position\":3,\"name\":\"Kontakt\"}]},{\"@type\":\"WebSite\",\"@id\":\"https:\/\/mylaps.com\/de\/#website\",\"url\":\"https:\/\/mylaps.com\/de\/\",\"name\":\"MYLAPS\",\"description\":\"MYLAPS Sports Timing - The Industry&#039;s Most Reliable and Accurate Timing and Data Solutions\",\"potentialAction\":[{\"@type\":\"SearchAction\",\"target\":{\"@type\":\"EntryPoint\",\"urlTemplate\":\"https:\/\/mylaps.com\/de\/?s={search_term_string}\"},\"query-input\":{\"@type\":\"PropertyValueSpecification\",\"valueRequired\":true,\"valueName\":\"search_term_string\"}}],\"inLanguage\":\"en-US\"}]}<\/script>\n<!-- \/ Yoast SEO Premium plugin. -->","yoast_head_json":{"title":"Kontakt - MYLAPS - German","robots":{"index":"index","follow":"follow","max-snippet":"max-snippet:-1","max-image-preview":"max-image-preview:large","max-video-preview":"max-video-preview:-1"},"canonical":"https:\/\/mylaps.com\/de\/uber-uns\/kontakt\/","og_locale":"en_US","og_type":"article","og_title":"Kontakt","og_description":"Wof\u00fcr brauchen Sie Hilfe? Support Transponder-Verwaltung Abonnement-Verl\u00e4ngerung Software-Downloads Gehen Sie zu MYLAPS Hilfe, um unser Support-Team zu kontaktieren und um Produkthandb\u00fccher, Software zum Herunterladen und FAQs zu finden. Erfahren Sie mehr Lesen Sie mehr \u00fcber Womit brauchen Sie Hilfe? Nehmen Sie Kontakt auf Sind Sie an unseren Timing-L\u00f6sungen interessiert? Wir w\u00fcrden uns freuen, von Ihnen zu h\u00f6ren! Teilen Sie uns Ihre Frage mit und wir besprechen die M\u00f6glichkeiten in einem pers\u00f6nlichen Gespr\u00e4ch.","og_url":"https:\/\/mylaps.com\/de\/uber-uns\/kontakt\/","og_site_name":"MYLAPS - German","article_modified_time":"2025-05-14T14:16:56+00:00","og_image":[{"width":1966,"height":1464,"url":"https:\/\/mylaps.com\/wp-content\/uploads\/2024\/01\/Group-picture-Americas-Active-Conference-2024-1-2.jpeg","type":"image\/jpeg"}],"twitter_card":"summary_large_image","twitter_misc":{"Est. reading time":"1 minute"},"schema":{"@context":"https:\/\/schema.org","@graph":[{"@type":"WebPage","@id":"https:\/\/mylaps.com\/de\/uber-uns\/kontakt\/","url":"https:\/\/mylaps.com\/de\/uber-uns\/kontakt\/","name":"Kontakt - MYLAPS - German","isPartOf":{"@id":"https:\/\/mylaps.com\/de\/#website"},"primaryImageOfPage":{"@id":"https:\/\/mylaps.com\/de\/uber-uns\/kontakt\/#primaryimage"},"image":{"@id":"https:\/\/mylaps.com\/de\/uber-uns\/kontakt\/#primaryimage"},"thumbnailUrl":"https:\/\/mylaps.com\/wp-content\/uploads\/2024\/01\/Group-picture-Americas-Active-Conference-2024-1-2.jpeg","datePublished":"2024-12-10T22:29:36+00:00","dateModified":"2025-05-14T14:16:56+00:00","breadcrumb":{"@id":"https:\/\/mylaps.com\/de\/uber-uns\/kontakt\/#breadcrumb"},"inLanguage":"en-US","potentialAction":[{"@type":"ReadAction","target":["https:\/\/mylaps.com\/de\/uber-uns\/kontakt\/"]}]},{"@type":"ImageObject","inLanguage":"en-US","@id":"https:\/\/mylaps.com\/de\/uber-uns\/kontakt\/#primaryimage","url":"https:\/\/mylaps.com\/wp-content\/uploads\/2024\/01\/Group-picture-Americas-Active-Conference-2024-1-2.jpeg","contentUrl":"https:\/\/mylaps.com\/wp-content\/uploads\/2024\/01\/Group-picture-Americas-Active-Conference-2024-1-2.jpeg","width":1966,"height":1464},{"@type":"BreadcrumbList","@id":"https:\/\/mylaps.com\/de\/uber-uns\/kontakt\/#breadcrumb","itemListElement":[{"@type":"ListItem","position":1,"name":"Home","item":"https:\/\/mylaps.com\/de\/"},{"@type":"ListItem","position":2,"name":"\u00dcber uns","item":"https:\/\/mylaps.com\/de\/uber-uns\/"},{"@type":"ListItem","position":3,"name":"Kontakt"}]},{"@type":"WebSite","@id":"https:\/\/mylaps.com\/de\/#website","url":"https:\/\/mylaps.com\/de\/","name":"MYLAPS","description":"MYLAPS Sports Timing - The Industry&#039;s Most Reliable and Accurate Timing and Data Solutions","potentialAction":[{"@type":"SearchAction","target":{"@type":"EntryPoint","urlTemplate":"https:\/\/mylaps.com\/de\/?s={search_term_string}"},"query-input":{"@type":"PropertyValueSpecification","valueRequired":true,"valueName":"search_term_string"}}],"inLanguage":"en-US"}]}},"_links":{"self":[{"href":"https:\/\/mylaps.com\/de\/wp-json\/wp\/v2\/pages\/359","targetHints":{"allow":["GET"]}}],"collection":[{"href":"https:\/\/mylaps.com\/de\/wp-json\/wp\/v2\/pages"}],"about":[{"href":"https:\/\/mylaps.com\/de\/wp-json\/wp\/v2\/types\/page"}],"author":[{"embeddable":true,"href":"https:\/\/mylaps.com\/de\/wp-json\/wp\/v2\/users\/2"}],"replies":[{"embeddable":true,"href":"https:\/\/mylaps.com\/de\/wp-json\/wp\/v2\/comments?post=359"}],"version-history":[{"count":10,"href":"https:\/\/mylaps.com\/de\/wp-json\/wp\/v2\/pages\/359\/revisions"}],"predecessor-version":[{"id":35000,"href":"https:\/\/mylaps.com\/de\/wp-json\/wp\/v2\/pages\/359\/revisions\/35000"}],"up":[{"embeddable":true,"href":"https:\/\/mylaps.com\/de\/wp-json\/wp\/v2\/pages\/159"}],"wp:featuredmedia":[{"embeddable":true,"href":"https:\/\/mylaps.com\/de\/wp-json\/wp\/v2\/media\/30990"}],"wp:attachment":[{"href":"https:\/\/mylaps.com\/de\/wp-json\/wp\/v2\/media?parent=359"}],"curies":[{"name":"wp","href":"https:\/\/api.w.org\/{rel}","templated":true}]}}