{"id":828,"date":"2025-01-15T10:31:47","date_gmt":"2025-01-15T10:31:47","guid":{"rendered":"https:\/\/mylaps.com\/?page_id=828"},"modified":"2026-03-24T13:39:25","modified_gmt":"2026-03-24T13:39:25","slug":"umwelt","status":"publish","type":"page","link":"https:\/\/mylaps.com\/de\/uber-uns\/verantwortung\/umwelt\/","title":{"rendered":"Umwelt"},"content":{"rendered":"<div class=\"block hero hero--background-img hero--content-lb\">\n\t<img loading=\"lazy\" decoding=\"async\" width=\"2000\" height=\"1125\" src=\"https:\/\/mylaps.com\/wp-content\/uploads\/2024\/12\/JMA4518-1.jpg\" class=\"hero__background\" alt=\"\" srcset=\"https:\/\/mylaps.com\/wp-content\/uploads\/2024\/12\/JMA4518-1.jpg 2000w, https:\/\/mylaps.com\/wp-content\/uploads\/2024\/12\/JMA4518-1-300x169.jpg 300w, https:\/\/mylaps.com\/wp-content\/uploads\/2024\/12\/JMA4518-1-768x432.jpg 768w, https:\/\/mylaps.com\/wp-content\/uploads\/2024\/12\/JMA4518-1-1024x576.jpg 1024w, https:\/\/mylaps.com\/wp-content\/uploads\/2024\/12\/JMA4518-1-1536x864.jpg 1536w, https:\/\/mylaps.com\/wp-content\/uploads\/2024\/12\/JMA4518-1-750x422.jpg 750w, https:\/\/mylaps.com\/wp-content\/uploads\/2024\/12\/JMA4518-1-400x225.jpg 400w, https:\/\/mylaps.com\/wp-content\/uploads\/2024\/12\/JMA4518-1-178x100.jpg 178w\" sizes=\"auto, (max-width: 2000px) 100vw, 2000px\" \/>\n\t<div class=\"container\">\n\t\t<div class=\"hero__content space-content\">\n\t\t\t\t\t\t\t<h1>\n\t\t\t\t\tUmwelt\t\t\t\t<\/h1>\n\t\t\t\n\t\t\t<p>Wir versuchen, unsere Auswirkungen auf die Umwelt zu reduzieren. Unsere Produkte sind extrem dauerhaft. Im Laufe der Jahre haben wir viele Innovationen eingef\u00fchrt, die auf Nachhaltigkeit ausgerichtet sind.<\/p>\n\t\t<\/div>\n\t<\/div>\n<\/div>\n\n\n<div\n\tclass=\"block content bg--white content--flip-columns-on-mobile content--align-content-vertically content--cols-2 bg--blank content--arrange-half\"\n\tstyle=\"--cols: 2\">\n\t<div class=\"container\">\n\t\t\t\t\t<div class=\"content__column\">\n\t\t\t\t\t\t\t\t\t<div\n\t\t\t\t\t\tdata-aos=\"fade-up\"\t\t\t\t\t\tclass=\"content__type--text space-content\">\n\t\t\t\t\t\t<h2>Langlebigkeit<\/h2>\n<p>MYLAPS-Produkte sind f\u00fcr eine lange Lebensdauer konzipiert. Langlebigkeit ist ein wichtiger Aspekt unserer Produktentwicklung. Unsere Produkte k\u00f6nnen viele Jahre lang unter allen Wetterbedingungen benutzt werden, und selbst wir sind \u00fcberrascht, dass MYLAPS-Produkte nach mehr als zwei Jahrzehnten immer noch im Einsatz sind!<\/p>\n\t\t\t\t\t<\/div>\n\t\t\t\t\t\t\t<\/div>\n\t\t\t\t\t<div class=\"content__column\">\n\t\t\t\t\t\t\t\t\t<div\n\t\t\t\t\t\t\t\t\t\t\t\tclass=\"content__type--image space-content\">\n\t\t\t\t\t\t\t\t\t\t\t\t\t\t<figure class=\"content__figure\">\n\t\t\t\t\t\t\t\t\t<img loading=\"lazy\" decoding=\"async\" width=\"750\" height=\"500\" src=\"https:\/\/mylaps.com\/wp-content\/uploads\/2024\/12\/AU2I2566-750x500.jpg\" class=\"content__image\" alt=\"\" srcset=\"https:\/\/mylaps.com\/wp-content\/uploads\/2024\/12\/AU2I2566-750x500.jpg 750w, https:\/\/mylaps.com\/wp-content\/uploads\/2024\/12\/AU2I2566-300x200.jpg 300w, https:\/\/mylaps.com\/wp-content\/uploads\/2024\/12\/AU2I2566-768x512.jpg 768w, https:\/\/mylaps.com\/wp-content\/uploads\/2024\/12\/AU2I2566-1024x683.jpg 1024w, https:\/\/mylaps.com\/wp-content\/uploads\/2024\/12\/AU2I2566-400x267.jpg 400w, https:\/\/mylaps.com\/wp-content\/uploads\/2024\/12\/AU2I2566-150x100.jpg 150w, https:\/\/mylaps.com\/wp-content\/uploads\/2024\/12\/AU2I2566.jpg 1200w\" sizes=\"auto, (max-width: 750px) 100vw, 750px\" \/>\t\t\t\t\t\t\t\t<\/figure>\n\t\t\t\t\t\t\t\t\t\t\t\t\t<\/div>\n\t\t\t\t\t\t\t<\/div>\n\t\t\t<\/div>\n<\/div>\n\n\n<div\n\tclass=\"block content bg--white content--align-content-vertically content--cols-2 bg--blank content--arrange-half\"\n\tstyle=\"--cols: 2\">\n\t<div class=\"container\">\n\t\t\t\t\t<div class=\"content__column\">\n\t\t\t\t\t\t\t\t\t<div\n\t\t\t\t\t\t\t\t\t\t\t\tclass=\"content__type--image space-content\">\n\t\t\t\t\t\t\t\t\t\t\t\t\t\t<figure class=\"content__figure\">\n\t\t\t\t\t\t\t\t\t<img loading=\"lazy\" decoding=\"async\" width=\"750\" height=\"600\" src=\"https:\/\/mylaps.com\/wp-content\/uploads\/2024\/12\/responsibility-5-scaled-1-750x600.jpg\" class=\"content__image\" alt=\"\" srcset=\"https:\/\/mylaps.com\/wp-content\/uploads\/2024\/12\/responsibility-5-scaled-1-750x600.jpg 750w, https:\/\/mylaps.com\/wp-content\/uploads\/2024\/12\/responsibility-5-scaled-1-300x240.jpg 300w, https:\/\/mylaps.com\/wp-content\/uploads\/2024\/12\/responsibility-5-scaled-1-768x614.jpg 768w, https:\/\/mylaps.com\/wp-content\/uploads\/2024\/12\/responsibility-5-scaled-1-1024x819.jpg 1024w, https:\/\/mylaps.com\/wp-content\/uploads\/2024\/12\/responsibility-5-scaled-1-1536x1229.jpg 1536w, https:\/\/mylaps.com\/wp-content\/uploads\/2024\/12\/responsibility-5-scaled-1-2048x1638.jpg 2048w, https:\/\/mylaps.com\/wp-content\/uploads\/2024\/12\/responsibility-5-scaled-1-2000x1600.jpg 2000w, https:\/\/mylaps.com\/wp-content\/uploads\/2024\/12\/responsibility-5-scaled-1-400x320.jpg 400w, https:\/\/mylaps.com\/wp-content\/uploads\/2024\/12\/responsibility-5-scaled-1-125x100.jpg 125w\" sizes=\"auto, (max-width: 750px) 100vw, 750px\" \/>\t\t\t\t\t\t\t\t<\/figure>\n\t\t\t\t\t\t\t\t\t\t\t\t\t<\/div>\n\t\t\t\t\t\t\t<\/div>\n\t\t\t\t\t<div class=\"content__column\">\n\t\t\t\t\t\t\t\t\t<div\n\t\t\t\t\t\tdata-aos=\"fade-up\"\t\t\t\t\t\tclass=\"content__type--text space-content\">\n\t\t\t\t\t\t<h2>Produktinnovation<\/h2>\n<p>Unsere Aktiv- und Motorsportprodukte werden so entwickelt, dass sie die Umwelt m\u00f6glichst wenig belasten. Viele Produkte k\u00f6nnen Jahr f\u00fcr Jahr wiederverwendet werden, wodurch die Abfallmenge reduziert wird.<\/p>\n<p>Ob Erkennungsmatte, ProChip oder Motorsporttransponder, unsere Produkte sind \u00e4u\u00dferst dauerhaft. Auch bei unseren Einwegprodukten arbeiten wir mit abbaubaren Materialien.<\/p>\n<p>Vom Briefing bis zur Massenproduktion ber\u00fccksichtigen wir bei jedem Schritt des Produktionsprozesses die Auswirkungen auf die Umwelt.<\/p>\n\t\t\t\t\t<\/div>\n\t\t\t\t\t\t\t<\/div>\n\t\t\t<\/div>\n<\/div>\n\n\n<div\n\tclass=\"block content bg--white content--cols-1 bg--blank content--arrange-half\"\n\tstyle=\"--cols: 1\">\n\t<div class=\"container--small\">\n\t\t\t\t\t<div class=\"content__column\">\n\t\t\t\t\t\t\t\t\t<div\n\t\t\t\t\t\tdata-aos=\"fade-up\"\t\t\t\t\t\tclass=\"content__type--text space-content\">\n\t\t\t\t\t\t<h2 style='text-align: center'>Innovationen zur Minimierung der Umweltbelastung<\/h2>\n\t\t\t\t\t<\/div>\n\t\t\t\t\t\t\t<\/div>\n\t\t\t<\/div>\n<\/div>\n\n\n<div\n\tclass=\"block content bg--white content--cols-3 bg--blank content--arrange-half\"\n\tstyle=\"--cols: 3\">\n\t<div class=\"container\">\n\t\t\t\t\t<div class=\"content__column\">\n\t\t\t\t\t\t\t\t\t<div\n\t\t\t\t\t\tdata-aos=\"fade-up\"\t\t\t\t\t\tclass=\"content__type--text space-content\">\n\t\t\t\t\t\t<h4><strong>BibTag<\/strong><\/h4>\n<p>\u2714 ThinTags sind 75% d\u00fcnner als normale Tags. Das bedeutet weniger Abfall und weniger Platz f\u00fcr jeden Versand, die eine positive Auswirkung auf die Umwelt haben.<\/p>\n<p>\u2714 Unser patentierter Schwammschaum ist aus Naturfasern hergestellt, die vollst\u00e4ndig abbaubar sind. Sogar unser Klebstoff ist zu 100% nat\u00fcrlich abbaubar<\/p>\n<p>\u2714 BibTag-Matten sind extrem haltbar und bestehen aus Naturkautschuk<\/p>\n<p>\u2714 EasyMat: geringeres Gewicht und Volumen im Vergleich zu gew\u00f6hnlichen Matten. Geringere Umweltbelastung durch den Transport und weniger f\u00fcr die Produktion ben\u00f6tigte Produkte.<\/p>\n\t\t\t\t\t<\/div>\n\t\t\t\t\t\t\t<\/div>\n\t\t\t\t\t<div class=\"content__column\">\n\t\t\t\t\t\t\t\t\t<div\n\t\t\t\t\t\tdata-aos=\"fade-up\"\t\t\t\t\t\tclass=\"content__type--text space-content\">\n\t\t\t\t\t\t<h4><strong>ProChip<\/strong><\/h4>\n<p>\u2714 Chips sind extrem langlebig und wiederverwendbar<\/p>\n<p>\u2714 ProChip Smart Decoder: Klein und energiesparend. Batterie enth\u00e4lt kein Blei<\/p>\n<p>\u2714 Veranstalter k\u00f6nnen eigene Chips verwenden oder die Sportler bitten, ihre eigenen Chips mitzubringen<\/p>\n\t\t\t\t\t<\/div>\n\t\t\t\t\t\t\t<\/div>\n\t\t\t\t\t<div class=\"content__column\">\n\t\t\t\t\t\t\t\t\t<div\n\t\t\t\t\t\tdata-aos=\"fade-up\"\t\t\t\t\t\tclass=\"content__type--text space-content\">\n\t\t\t\t\t\t<h4><strong>Motorsport<\/strong><\/h4>\n<p>\u2714 Transponder erh\u00e4ltlich mit 1, 2, 5 Jahren oder lebenslangem Abonnement: k\u00f6nnen viele Jahre lang genutzt werden und k\u00f6nnen auch von mehreren Rennfahrern verwendet werden<\/p>\n<p>\u2714 Transponder erh\u00e4ltlich, die speziell f\u00fcr Elektrofahrzeuge (Formel E oder Elektro-Karts) entwickelt wurden<\/p>\n<p>\u2714 Speedhive App &amp; Website: Keine Notwendigkeit mehr, Ergebnisse auszudrucken. Alle Trainings- &amp; Rennergebnisse sind online verf\u00fcgbar<\/p>\n<p>\u2714 95-98% unserer Verpackungen bestehen aus Papier<\/p>\n\t\t\t\t\t<\/div>\n\t\t\t\t\t\t\t<\/div>\n\t\t\t<\/div>\n<\/div>\n\n\n\n\n<div\n\tclass=\"block content bg--white content--cols-1 bg--blank content--arrange-half\"\n\tstyle=\"--cols: 1\">\n\t<div class=\"container--small\">\n\t\t\t\t\t<div class=\"content__column\">\n\t\t\t\t\t\t\t\t\t<div\n\t\t\t\t\t\tdata-aos=\"fade-up\"\t\t\t\t\t\tclass=\"content__type--text space-content\">\n\t\t\t\t\t\t<h2 style='text-align: center'>Umweltbewusstsein in unseren B\u00fcros<\/h2>\n\t\t\t\t\t<\/div>\n\t\t\t\t\t\t\t<\/div>\n\t\t\t<\/div>\n<\/div>\n\n\n<div\n\tclass=\"block content bg--white content--cols-3 bg--blank content--arrange-half\"\n\tstyle=\"--cols: 3\">\n\t<div class=\"container\">\n\t\t\t\t\t<div class=\"content__column\">\n\t\t\t\t\t\t\t\t\t<div\n\t\t\t\t\t\tdata-aos=\"fade-up\"\t\t\t\t\t\tclass=\"content__type--text space-content\">\n\t\t\t\t\t\t<p><strong>Abfall<\/strong><\/p>\n<p>\u2714 Abfalltrennung\/Recycling im Produktionsb\u00fcro (Eisen, Kupfer, Batterien, Aluminium, PCBs)<\/p>\n<p>\u2714 Abfalltrennung (organisch, Plastik, Papier, Reststoffe) in allen B\u00fcros in Haarlem<\/p>\n<p>\u2714 Nachhaltige Entsorgung von Handys und IT-Ger\u00e4ten<\/p>\n<p>\u2714 Papier\/Karton-Recycling im Hauptsitzb\u00fcro<\/p>\n\t\t\t\t\t<\/div>\n\t\t\t\t\t\t\t<\/div>\n\t\t\t\t\t<div class=\"content__column\">\n\t\t\t\t\t\t\t\t\t<div\n\t\t\t\t\t\tdata-aos=\"fade-up\"\t\t\t\t\t\tclass=\"content__type--text space-content\">\n\t\t\t\t\t\t<p><strong>Mobilit\u00e4t<\/strong><\/p>\n<p>\u2714 Mitarbeiter k\u00f6nnen mit der NS Business Card mit der Bahn und dem Fahrrad fahren<\/p>\n<p>\u2714 MYLAPS-Fahrr\u00e4der stehen zur Verf\u00fcgung<\/p>\n<p>\u2714 In den B\u00fcros gibt es Ladestationen f\u00fcr Elektroautos<\/p>\n<p>\u2714 Unsere Mitarbeiter k\u00f6nnen \u00fcberall arbeiten mit Zugang zu allen IT-Tools, was die Reisebedarf reduziert<\/p>\n\t\t\t\t\t<\/div>\n\t\t\t\t\t\t\t<\/div>\n\t\t\t\t\t<div class=\"content__column\">\n\t\t\t\t\t\t\t\t\t<div\n\t\t\t\t\t\tdata-aos=\"fade-up\"\t\t\t\t\t\tclass=\"content__type--text space-content\">\n\t\t\t\t\t\t<p><strong>Energieeffizienz<\/strong><\/p>\n<p>\u2714 B\u00fcros in Haarlem nutzen erneuerbare Windenergie<\/p>\n<p>\u2714 Beschaffung und Herstellung in der N\u00e4he (in den Niederlanden und sogar \u00f6rtlich in Haarlem)<\/p>\n<p>\u2714 Versandfrequenz an die B\u00fcros auf w\u00f6chentlich statt ad-hoc reduziert<\/p>\n\t\t\t\t\t<\/div>\n\t\t\t\t\t\t\t<\/div>\n\t\t\t<\/div>\n<\/div>\n\n\n<div class=\"block cta\">\n\t<div class=\"container--medium\">\n\t\t<div class=\"cta__content\">\n\t\t\t\n\t\t\t\t\t<\/div>\n\t<\/div>\n<\/div>\n\n\n<div\n\tclass=\"block content bg--white content--align-content-vertically content--cols-2 bg--blank content--arrange-half\"\n\tstyle=\"--cols: 2\">\n\t<div class=\"container\">\n\t\t\t\t\t<div class=\"content__column\">\n\t\t\t\t\t\t\t\t\t<div\n\t\t\t\t\t\tdata-aos=\"fade-up\"\t\t\t\t\t\tclass=\"content__type--text space-content\">\n\t\t\t\t\t\t<h2>Weitere Informationen<\/h2>\n<p>MYLAPS geh\u00f6rt zu Garmin. Erfahren Sie mehr \u00fcber Garmins Ansatz im Bereich Nachhaltigkeit.<\/p>\n<p><a class=\"button--primary\" href=\"https:\/\/www.garmin.com\/sustainability\/overview\/\">Weitere Informationen<\/a><\/p>\n\t\t\t\t\t<\/div>\n\t\t\t\t\t\t\t<\/div>\n\t\t\t\t\t<div class=\"content__column\">\n\t\t\t\t\t\t\t\t\t<div\n\t\t\t\t\t\t\t\t\t\t\t\tclass=\"content__type--image space-content\">\n\t\t\t\t\t\t\t\t\t\t\t\t\t\t<figure class=\"content__figure\">\n\t\t\t\t\t\t\t\t\t<img loading=\"lazy\" decoding=\"async\" width=\"750\" height=\"500\" src=\"https:\/\/mylaps.com\/wp-content\/uploads\/2026\/03\/Garmin-Marathon-Series-Tucson-Finish-750x500.jpg\" class=\"content__image\" alt=\"\" srcset=\"https:\/\/mylaps.com\/wp-content\/uploads\/2026\/03\/Garmin-Marathon-Series-Tucson-Finish-750x500.jpg 750w, https:\/\/mylaps.com\/wp-content\/uploads\/2026\/03\/Garmin-Marathon-Series-Tucson-Finish-300x200.jpg 300w, https:\/\/mylaps.com\/wp-content\/uploads\/2026\/03\/Garmin-Marathon-Series-Tucson-Finish-768x512.jpg 768w, https:\/\/mylaps.com\/wp-content\/uploads\/2026\/03\/Garmin-Marathon-Series-Tucson-Finish-400x267.jpg 400w, https:\/\/mylaps.com\/wp-content\/uploads\/2026\/03\/Garmin-Marathon-Series-Tucson-Finish-150x100.jpg 150w, https:\/\/mylaps.com\/wp-content\/uploads\/2026\/03\/Garmin-Marathon-Series-Tucson-Finish.jpg 800w\" sizes=\"auto, (max-width: 750px) 100vw, 750px\" \/>\t\t\t\t\t\t\t\t<\/figure>\n\t\t\t\t\t\t\t\t\t\t\t\t\t<\/div>\n\t\t\t\t\t\t\t<\/div>\n\t\t\t<\/div>\n<\/div>\n\n\n<div class=\"block cta\">\n\t<div class=\"container--medium\">\n\t\t<div class=\"cta__content\">\n\t\t\t\n\t\t\t\t\t<\/div>\n\t<\/div>\n<\/div>\n","protected":false},"excerpt":{"rendered":"<p>Umwelt Wir versuchen, unsere Auswirkungen auf die Umwelt so gering wie m\u00f6glich zu halten. Unsere Produkte sind extrem langlebig. Im Laufe der Jahre haben wir viele Innovationen eingef\u00fchrt, die auf Nachhaltigkeit ausgerichtet sind. Langlebigkeit MYLAPS Produkte sind f\u00fcr eine lange Lebensdauer ausgelegt. Langlebigkeit ist der Schl\u00fcssel bei unserer Produktentwicklung. Unsere Produkte k\u00f6nnen viele Jahre lang unter allen Wetterbedingungen verwendet werden. Selbst wir sind \u00fcberrascht, dass MYLAPS-Produkte nach mehr als zwei Jahrzehnten immer noch im Einsatz sind! Produktinnovation Unsere Aktiv- und Motorsportprodukte werden so entwickelt, dass sie nur minimale Auswirkungen auf die Umwelt haben. Viele Produkte k\u00f6nnen Jahr f\u00fcr Jahr wiederverwendet werden, wodurch die Abfallmenge minimiert wird. Ob es sich um eine Erkennungsmatte, [&#8230;]<\/p>\n","protected":false},"author":3,"featured_media":835,"parent":272,"menu_order":0,"comment_status":"closed","ping_status":"closed","template":"","meta":{"_acf_changed":false,"content-type":"","_trash_the_other_posts":false,"editor_notices":[],"footnotes":""},"class_list":["post-828","page","type-page","status-publish","has-post-thumbnail","hentry"],"acf":[],"yoast_head":"<!-- This site is optimized with the Yoast SEO Premium plugin v27.0 (Yoast SEO v27.0) - https:\/\/yoast.com\/product\/yoast-seo-premium-wordpress\/ -->\n<title>Umwelt - MYLAPS - German<\/title>\n<meta name=\"robots\" content=\"index, follow, max-snippet:-1, max-image-preview:large, max-video-preview:-1\" \/>\n<link rel=\"canonical\" href=\"https:\/\/mylaps.com\/de\/uber-uns\/verantwortung\/umwelt\/\" \/>\n<meta property=\"og:locale\" content=\"en_US\" \/>\n<meta property=\"og:type\" content=\"article\" \/>\n<meta property=\"og:title\" content=\"Umwelt\" \/>\n<meta property=\"og:description\" content=\"Umwelt Wir versuchen, unsere Auswirkungen auf die Umwelt so gering wie m\u00f6glich zu halten. Unsere Produkte sind extrem langlebig. Im Laufe der Jahre haben wir viele Innovationen eingef\u00fchrt, die auf Nachhaltigkeit ausgerichtet sind. Langlebigkeit MYLAPS Produkte sind f\u00fcr eine lange Lebensdauer ausgelegt. Langlebigkeit ist der Schl\u00fcssel bei unserer Produktentwicklung. Unsere Produkte k\u00f6nnen viele Jahre lang unter allen Wetterbedingungen verwendet werden. Selbst wir sind \u00fcberrascht, dass MYLAPS-Produkte nach mehr als zwei Jahrzehnten immer noch im Einsatz sind! Produktinnovation Unsere Aktiv- und Motorsportprodukte werden so entwickelt, dass sie nur minimale Auswirkungen auf die Umwelt haben. Viele Produkte k\u00f6nnen Jahr f\u00fcr Jahr wiederverwendet werden, wodurch die Abfallmenge minimiert wird. Ob es sich um eine Erkennungsmatte, [...]\" \/>\n<meta property=\"og:url\" content=\"https:\/\/mylaps.com\/de\/uber-uns\/verantwortung\/umwelt\/\" \/>\n<meta property=\"og:site_name\" content=\"MYLAPS - German\" \/>\n<meta property=\"article:modified_time\" content=\"2026-03-24T13:39:25+00:00\" \/>\n<meta property=\"og:image\" content=\"https:\/\/mylaps.com\/wp-content\/uploads\/2024\/12\/Bike-parking.jpg\" \/>\n\t<meta property=\"og:image:width\" content=\"1274\" \/>\n\t<meta property=\"og:image:height\" content=\"872\" \/>\n\t<meta property=\"og:image:type\" content=\"image\/jpeg\" \/>\n<meta name=\"twitter:card\" content=\"summary_large_image\" \/>\n<meta name=\"twitter:label1\" content=\"Est. reading time\" \/>\n\t<meta name=\"twitter:data1\" content=\"3 minutes\" \/>\n<script type=\"application\/ld+json\" class=\"yoast-schema-graph\">{\"@context\":\"https:\/\/schema.org\",\"@graph\":[{\"@type\":\"WebPage\",\"@id\":\"https:\/\/mylaps.com\/de\/uber-uns\/verantwortung\/umwelt\/\",\"url\":\"https:\/\/mylaps.com\/de\/uber-uns\/verantwortung\/umwelt\/\",\"name\":\"Umwelt - MYLAPS - German\",\"isPartOf\":{\"@id\":\"https:\/\/mylaps.com\/de\/#website\"},\"primaryImageOfPage\":{\"@id\":\"https:\/\/mylaps.com\/de\/uber-uns\/verantwortung\/umwelt\/#primaryimage\"},\"image\":{\"@id\":\"https:\/\/mylaps.com\/de\/uber-uns\/verantwortung\/umwelt\/#primaryimage\"},\"thumbnailUrl\":\"https:\/\/mylaps.com\/wp-content\/uploads\/2024\/12\/Bike-parking.jpg\",\"datePublished\":\"2025-01-15T10:31:47+00:00\",\"dateModified\":\"2026-03-24T13:39:25+00:00\",\"breadcrumb\":{\"@id\":\"https:\/\/mylaps.com\/de\/uber-uns\/verantwortung\/umwelt\/#breadcrumb\"},\"inLanguage\":\"en-US\",\"potentialAction\":[{\"@type\":\"ReadAction\",\"target\":[\"https:\/\/mylaps.com\/de\/uber-uns\/verantwortung\/umwelt\/\"]}]},{\"@type\":\"ImageObject\",\"inLanguage\":\"en-US\",\"@id\":\"https:\/\/mylaps.com\/de\/uber-uns\/verantwortung\/umwelt\/#primaryimage\",\"url\":\"https:\/\/mylaps.com\/wp-content\/uploads\/2024\/12\/Bike-parking.jpg\",\"contentUrl\":\"https:\/\/mylaps.com\/wp-content\/uploads\/2024\/12\/Bike-parking.jpg\",\"width\":1274,\"height\":872},{\"@type\":\"BreadcrumbList\",\"@id\":\"https:\/\/mylaps.com\/de\/uber-uns\/verantwortung\/umwelt\/#breadcrumb\",\"itemListElement\":[{\"@type\":\"ListItem\",\"position\":1,\"name\":\"Home\",\"item\":\"https:\/\/mylaps.com\/de\/\"},{\"@type\":\"ListItem\",\"position\":2,\"name\":\"\u00dcber uns\",\"item\":\"https:\/\/mylaps.com\/de\/uber-uns\/\"},{\"@type\":\"ListItem\",\"position\":3,\"name\":\"Verantwortung\",\"item\":\"https:\/\/mylaps.com\/de\/uber-uns\/verantwortung\/\"},{\"@type\":\"ListItem\",\"position\":4,\"name\":\"Umwelt\"}]},{\"@type\":\"WebSite\",\"@id\":\"https:\/\/mylaps.com\/de\/#website\",\"url\":\"https:\/\/mylaps.com\/de\/\",\"name\":\"MYLAPS\",\"description\":\"MYLAPS Sports Timing - The Industry&#039;s Most Reliable and Accurate Timing and Data Solutions\",\"potentialAction\":[{\"@type\":\"SearchAction\",\"target\":{\"@type\":\"EntryPoint\",\"urlTemplate\":\"https:\/\/mylaps.com\/de\/?s={search_term_string}\"},\"query-input\":{\"@type\":\"PropertyValueSpecification\",\"valueRequired\":true,\"valueName\":\"search_term_string\"}}],\"inLanguage\":\"en-US\"}]}<\/script>\n<!-- \/ Yoast SEO Premium plugin. -->","yoast_head_json":{"title":"Umwelt - MYLAPS - German","robots":{"index":"index","follow":"follow","max-snippet":"max-snippet:-1","max-image-preview":"max-image-preview:large","max-video-preview":"max-video-preview:-1"},"canonical":"https:\/\/mylaps.com\/de\/uber-uns\/verantwortung\/umwelt\/","og_locale":"en_US","og_type":"article","og_title":"Umwelt","og_description":"Umwelt Wir versuchen, unsere Auswirkungen auf die Umwelt so gering wie m\u00f6glich zu halten. Unsere Produkte sind extrem langlebig. Im Laufe der Jahre haben wir viele Innovationen eingef\u00fchrt, die auf Nachhaltigkeit ausgerichtet sind. Langlebigkeit MYLAPS Produkte sind f\u00fcr eine lange Lebensdauer ausgelegt. Langlebigkeit ist der Schl\u00fcssel bei unserer Produktentwicklung. Unsere Produkte k\u00f6nnen viele Jahre lang unter allen Wetterbedingungen verwendet werden. Selbst wir sind \u00fcberrascht, dass MYLAPS-Produkte nach mehr als zwei Jahrzehnten immer noch im Einsatz sind! Produktinnovation Unsere Aktiv- und Motorsportprodukte werden so entwickelt, dass sie nur minimale Auswirkungen auf die Umwelt haben. Viele Produkte k\u00f6nnen Jahr f\u00fcr Jahr wiederverwendet werden, wodurch die Abfallmenge minimiert wird. Ob es sich um eine Erkennungsmatte, [...]","og_url":"https:\/\/mylaps.com\/de\/uber-uns\/verantwortung\/umwelt\/","og_site_name":"MYLAPS - German","article_modified_time":"2026-03-24T13:39:25+00:00","og_image":[{"width":1274,"height":872,"url":"https:\/\/mylaps.com\/wp-content\/uploads\/2024\/12\/Bike-parking.jpg","type":"image\/jpeg"}],"twitter_card":"summary_large_image","twitter_misc":{"Est. reading time":"3 minutes"},"schema":{"@context":"https:\/\/schema.org","@graph":[{"@type":"WebPage","@id":"https:\/\/mylaps.com\/de\/uber-uns\/verantwortung\/umwelt\/","url":"https:\/\/mylaps.com\/de\/uber-uns\/verantwortung\/umwelt\/","name":"Umwelt - MYLAPS - German","isPartOf":{"@id":"https:\/\/mylaps.com\/de\/#website"},"primaryImageOfPage":{"@id":"https:\/\/mylaps.com\/de\/uber-uns\/verantwortung\/umwelt\/#primaryimage"},"image":{"@id":"https:\/\/mylaps.com\/de\/uber-uns\/verantwortung\/umwelt\/#primaryimage"},"thumbnailUrl":"https:\/\/mylaps.com\/wp-content\/uploads\/2024\/12\/Bike-parking.jpg","datePublished":"2025-01-15T10:31:47+00:00","dateModified":"2026-03-24T13:39:25+00:00","breadcrumb":{"@id":"https:\/\/mylaps.com\/de\/uber-uns\/verantwortung\/umwelt\/#breadcrumb"},"inLanguage":"en-US","potentialAction":[{"@type":"ReadAction","target":["https:\/\/mylaps.com\/de\/uber-uns\/verantwortung\/umwelt\/"]}]},{"@type":"ImageObject","inLanguage":"en-US","@id":"https:\/\/mylaps.com\/de\/uber-uns\/verantwortung\/umwelt\/#primaryimage","url":"https:\/\/mylaps.com\/wp-content\/uploads\/2024\/12\/Bike-parking.jpg","contentUrl":"https:\/\/mylaps.com\/wp-content\/uploads\/2024\/12\/Bike-parking.jpg","width":1274,"height":872},{"@type":"BreadcrumbList","@id":"https:\/\/mylaps.com\/de\/uber-uns\/verantwortung\/umwelt\/#breadcrumb","itemListElement":[{"@type":"ListItem","position":1,"name":"Home","item":"https:\/\/mylaps.com\/de\/"},{"@type":"ListItem","position":2,"name":"\u00dcber uns","item":"https:\/\/mylaps.com\/de\/uber-uns\/"},{"@type":"ListItem","position":3,"name":"Verantwortung","item":"https:\/\/mylaps.com\/de\/uber-uns\/verantwortung\/"},{"@type":"ListItem","position":4,"name":"Umwelt"}]},{"@type":"WebSite","@id":"https:\/\/mylaps.com\/de\/#website","url":"https:\/\/mylaps.com\/de\/","name":"MYLAPS","description":"MYLAPS Sports Timing - The Industry&#039;s Most Reliable and Accurate Timing and Data Solutions","potentialAction":[{"@type":"SearchAction","target":{"@type":"EntryPoint","urlTemplate":"https:\/\/mylaps.com\/de\/?s={search_term_string}"},"query-input":{"@type":"PropertyValueSpecification","valueRequired":true,"valueName":"search_term_string"}}],"inLanguage":"en-US"}]}},"_links":{"self":[{"href":"https:\/\/mylaps.com\/de\/wp-json\/wp\/v2\/pages\/828","targetHints":{"allow":["GET"]}}],"collection":[{"href":"https:\/\/mylaps.com\/de\/wp-json\/wp\/v2\/pages"}],"about":[{"href":"https:\/\/mylaps.com\/de\/wp-json\/wp\/v2\/types\/page"}],"author":[{"embeddable":true,"href":"https:\/\/mylaps.com\/de\/wp-json\/wp\/v2\/users\/3"}],"replies":[{"embeddable":true,"href":"https:\/\/mylaps.com\/de\/wp-json\/wp\/v2\/comments?post=828"}],"version-history":[{"count":11,"href":"https:\/\/mylaps.com\/de\/wp-json\/wp\/v2\/pages\/828\/revisions"}],"predecessor-version":[{"id":42036,"href":"https:\/\/mylaps.com\/de\/wp-json\/wp\/v2\/pages\/828\/revisions\/42036"}],"up":[{"embeddable":true,"href":"https:\/\/mylaps.com\/de\/wp-json\/wp\/v2\/pages\/272"}],"wp:featuredmedia":[{"embeddable":true,"href":"https:\/\/mylaps.com\/de\/wp-json\/wp\/v2\/media\/835"}],"wp:attachment":[{"href":"https:\/\/mylaps.com\/de\/wp-json\/wp\/v2\/media?parent=828"}],"curies":[{"name":"wp","href":"https:\/\/api.w.org\/{rel}","templated":true}]}}