{"id":870,"date":"2025-01-15T10:31:54","date_gmt":"2025-01-15T10:31:54","guid":{"rendered":"https:\/\/mylaps.com\/?page_id=870"},"modified":"2026-03-24T13:41:41","modified_gmt":"2026-03-24T13:41:41","slug":"unternehmensfuhrung","status":"publish","type":"page","link":"https:\/\/mylaps.com\/de\/uber-uns\/verantwortung\/unternehmensfuhrung\/","title":{"rendered":"Unternehmensf\u00fchrung"},"content":{"rendered":"<div class=\"block hero hero--background-img hero--content-lb\">\n\t<img loading=\"lazy\" decoding=\"async\" width=\"2000\" height=\"1125\" src=\"https:\/\/mylaps.com\/wp-content\/uploads\/2024\/12\/JMA4518-1.jpg\" class=\"hero__background\" alt=\"\" srcset=\"https:\/\/mylaps.com\/wp-content\/uploads\/2024\/12\/JMA4518-1.jpg 2000w, https:\/\/mylaps.com\/wp-content\/uploads\/2024\/12\/JMA4518-1-300x169.jpg 300w, https:\/\/mylaps.com\/wp-content\/uploads\/2024\/12\/JMA4518-1-768x432.jpg 768w, https:\/\/mylaps.com\/wp-content\/uploads\/2024\/12\/JMA4518-1-1024x576.jpg 1024w, https:\/\/mylaps.com\/wp-content\/uploads\/2024\/12\/JMA4518-1-1536x864.jpg 1536w, https:\/\/mylaps.com\/wp-content\/uploads\/2024\/12\/JMA4518-1-750x422.jpg 750w, https:\/\/mylaps.com\/wp-content\/uploads\/2024\/12\/JMA4518-1-400x225.jpg 400w, https:\/\/mylaps.com\/wp-content\/uploads\/2024\/12\/JMA4518-1-178x100.jpg 178w\" sizes=\"auto, (max-width: 2000px) 100vw, 2000px\" \/>\n\t<div class=\"container\">\n\t\t<div class=\"hero__content space-content\">\n\t\t\t\t\t\t\t<h1>\n\t\t\t\t\tUnternehmensf\u00fchrung\t\t\t\t<\/h1>\n\t\t\t\n\t\t\t<p>Wir haben strenge Anti-Korruptions &amp; Integrit\u00e4tsregeln, arbeiten mit einem internen Code of Conduct und eine klare Whistleblower-Politik.<\/p>\n\t\t<\/div>\n\t<\/div>\n<\/div>\n\n\n<div\n\tclass=\"block content bg--white content--flip-columns-on-mobile content--align-content-vertically content--cols-2 bg--blank content--arrange-half\"\n\tstyle=\"--cols: 2\">\n\t<div class=\"container\">\n\t\t\t\t\t<div class=\"content__column\">\n\t\t\t\t\t\t\t\t\t<div\n\t\t\t\t\t\tdata-aos=\"fade-up\"\t\t\t\t\t\tclass=\"content__type--text space-content\">\n\t\t\t\t\t\t<h2>Fair Play in unserer Unternehmensf\u00fchrung<\/h2>\n<p>Im Sport geht es um Fair Play. Auch im Gesch\u00e4ftsleben legen wir gro\u00dfen Wert darauf. Unser Unternehmen verwendet genaue und transparente Accountingsmethoden und arbeitet mit externen Rechtsexperten zusammen, um unabh\u00e4ngige Beratung in den Bereichen Arbeit, Recht und Versicherung zu erhalten.<\/p>\n<p>Alle MYLAPS-Mitarbeiter, die mit Handel, Einkauf oder Finanzen zu tun haben, beachten die Einhaltung von Finanzvorschriften und m\u00fcssen j\u00e4hrlich eine FCA-Vereinbarung unterzeichnen.<\/p>\n<p>Wir haben einen internen Code of Conduct und eine klare Whistleblower-Politik. Zus\u00e4tzlich arbeiten wir mit einer externen vertraulichen Kontaktperson zusammen, um unerw\u00fcnschtes oder inakzeptables Verhalten zu besprechen.<\/p>\n\t\t\t\t\t<\/div>\n\t\t\t\t\t\t\t<\/div>\n\t\t\t\t\t<div class=\"content__column\">\n\t\t\t\t\t\t\t\t\t<div\n\t\t\t\t\t\t\t\t\t\t\t\tclass=\"content__type--image space-content\">\n\t\t\t\t\t\t\t\t\t\t\t\t\t\t<figure class=\"content__figure\">\n\t\t\t\t\t\t\t\t\t<img loading=\"lazy\" decoding=\"async\" width=\"750\" height=\"500\" src=\"https:\/\/mylaps.com\/wp-content\/uploads\/2024\/12\/roosenboom0377-750x500.jpg\" class=\"content__image\" alt=\"\" srcset=\"https:\/\/mylaps.com\/wp-content\/uploads\/2024\/12\/roosenboom0377-750x500.jpg 750w, https:\/\/mylaps.com\/wp-content\/uploads\/2024\/12\/roosenboom0377-300x200.jpg 300w, https:\/\/mylaps.com\/wp-content\/uploads\/2024\/12\/roosenboom0377-768x512.jpg 768w, https:\/\/mylaps.com\/wp-content\/uploads\/2024\/12\/roosenboom0377-1024x683.jpg 1024w, https:\/\/mylaps.com\/wp-content\/uploads\/2024\/12\/roosenboom0377-1536x1024.jpg 1536w, https:\/\/mylaps.com\/wp-content\/uploads\/2024\/12\/roosenboom0377-2048x1366.jpg 2048w, https:\/\/mylaps.com\/wp-content\/uploads\/2024\/12\/roosenboom0377-2000x1334.jpg 2000w, https:\/\/mylaps.com\/wp-content\/uploads\/2024\/12\/roosenboom0377-400x267.jpg 400w, https:\/\/mylaps.com\/wp-content\/uploads\/2024\/12\/roosenboom0377-150x100.jpg 150w\" sizes=\"auto, (max-width: 750px) 100vw, 750px\" \/>\t\t\t\t\t\t\t\t<\/figure>\n\t\t\t\t\t\t\t\t\t\t\t\t\t<\/div>\n\t\t\t\t\t\t\t<\/div>\n\t\t\t<\/div>\n<\/div>\n\n\n<div\n\tclass=\"block content bg--white content--cols-1 bg--blank content--arrange-half\"\n\tstyle=\"--cols: 1\">\n\t<div class=\"container--small\">\n\t\t\t\t\t<div class=\"content__column\">\n\t\t\t\t\t\t\t\t\t<div\n\t\t\t\t\t\tdata-aos=\"fade-up\"\t\t\t\t\t\tclass=\"content__type--text space-content\">\n\t\t\t\t\t\t<h2>Wie wir einen positiven Einfluss auf die Verwaltung haben<\/h2>\n\t\t\t\t\t<\/div>\n\t\t\t\t\t\t\t<\/div>\n\t\t\t<\/div>\n<\/div>\n\n\n<div\n\tclass=\"block content bg--white content--cols-2 bg--blank content--arrange-half\"\n\tstyle=\"--cols: 2\">\n\t<div class=\"container\">\n\t\t\t\t\t<div class=\"content__column\">\n\t\t\t\t\t\t\t\t\t<div\n\t\t\t\t\t\tdata-aos=\"fade-up\"\t\t\t\t\t\tclass=\"content__type--text space-content\">\n\t\t\t\t\t\t<h4><strong>Anti-Korruption &amp; Integrit\u00e4t<\/strong><\/h4>\n<p>\u2714 Alle Mitarbeiter, die mit Handel, Einkauf oder Finanzen zu tun haben, beachten die Einhaltung von Finanzvorschriften und m\u00fcssen j\u00e4hrlich ein FCA-Dokument unterzeichnen<\/p>\n<p>\u2714 Rabatt- und Investitionsregelungen: Klares Genehmigungsverfahren mit Grenzwerten pro Stufe implementiert<\/p>\n<p>\u2714 Wir haben ein Portfolio von externen Rechtsspezialisten in den Bereichen Patentrecht, Versicherungen, Arbeit und Privatrecht<\/p>\n<p>\u2714 F\u00fcr unabh\u00e4ngiges und antikorruptives Verhalten haben wir externe Buchhalter und Bankangestellte<\/p>\n<p>\u2714 Wir haben einen Datenverarbeitungsbeauftragten, der f\u00fcr die Datensicherheit verantwortlich ist<\/p>\n<p>\u2714 Regelm\u00e4\u00dfige NPS-Kundenbefragungen, die von einem externen Forschungsinstitut durchgef\u00fchrt werden<\/p>\n\t\t\t\t\t<\/div>\n\t\t\t\t\t\t\t<\/div>\n\t\t\t\t\t<div class=\"content__column\">\n\t\t\t\t\t\t\t\t\t<div\n\t\t\t\t\t\tdata-aos=\"fade-up\"\t\t\t\t\t\tclass=\"content__type--text space-content\">\n\t\t\t\t\t\t<h4><strong>Code of Conduct<\/strong><\/h4>\n<p>\u2714 Wir haben einen internen Code of Conduct<\/p>\n<p>\u2714 Wir haben eine klare Whistleblower-Politik<\/p>\n<p>\u2714 Wir haben eine externe vertrauliche Kontaktperson, um unerw\u00fcnschtes oder inakzeptables Verhalten zu l\u00f6sen<\/p>\n\t\t\t\t\t<\/div>\n\t\t\t\t\t\t\t<\/div>\n\t\t\t<\/div>\n<\/div>\n\n\n<div\n\tclass=\"block content bg--white content--align-content-vertically content--cols-2 bg--blank content--arrange-half\"\n\tstyle=\"--cols: 2\">\n\t<div class=\"container\">\n\t\t\t\t\t<div class=\"content__column\">\n\t\t\t\t\t\t\t\t\t<div\n\t\t\t\t\t\tdata-aos=\"fade-up\"\t\t\t\t\t\tclass=\"content__type--text space-content\">\n\t\t\t\t\t\t<h2>Weitere Informationen<\/h2>\n<p>MYLAPS geh\u00f6rt zu Garmin. Erfahren Sie mehr \u00fcber Garmins Ansatz im Bereich Nachhaltigkeit.<\/p>\n<p><a class=\"button--primary\" href=\"https:\/\/www.garmin.com\/sustainability\/overview\/\">Weitere Informationen<\/a><\/p>\n\t\t\t\t\t<\/div>\n\t\t\t\t\t\t\t<\/div>\n\t\t\t\t\t<div class=\"content__column\">\n\t\t\t\t\t\t\t\t\t<div\n\t\t\t\t\t\t\t\t\t\t\t\tclass=\"content__type--image space-content\">\n\t\t\t\t\t\t\t\t\t\t\t\t\t\t<figure class=\"content__figure\">\n\t\t\t\t\t\t\t\t\t<img loading=\"lazy\" decoding=\"async\" width=\"750\" height=\"500\" src=\"https:\/\/mylaps.com\/wp-content\/uploads\/2026\/03\/Garmin-Marathon-Series-Tucson-Finish-750x500.jpg\" class=\"content__image\" alt=\"\" srcset=\"https:\/\/mylaps.com\/wp-content\/uploads\/2026\/03\/Garmin-Marathon-Series-Tucson-Finish-750x500.jpg 750w, https:\/\/mylaps.com\/wp-content\/uploads\/2026\/03\/Garmin-Marathon-Series-Tucson-Finish-300x200.jpg 300w, https:\/\/mylaps.com\/wp-content\/uploads\/2026\/03\/Garmin-Marathon-Series-Tucson-Finish-768x512.jpg 768w, https:\/\/mylaps.com\/wp-content\/uploads\/2026\/03\/Garmin-Marathon-Series-Tucson-Finish-400x267.jpg 400w, https:\/\/mylaps.com\/wp-content\/uploads\/2026\/03\/Garmin-Marathon-Series-Tucson-Finish-150x100.jpg 150w, https:\/\/mylaps.com\/wp-content\/uploads\/2026\/03\/Garmin-Marathon-Series-Tucson-Finish.jpg 800w\" sizes=\"auto, (max-width: 750px) 100vw, 750px\" \/>\t\t\t\t\t\t\t\t<\/figure>\n\t\t\t\t\t\t\t\t\t\t\t\t\t<\/div>\n\t\t\t\t\t\t\t<\/div>\n\t\t\t<\/div>\n<\/div>\n\n\n<div class=\"block cta\">\n\t<div class=\"container--medium\">\n\t\t<div class=\"cta__content\">\n\t\t\t\n\t\t\t\t\t<\/div>\n\t<\/div>\n<\/div>\n","protected":false},"excerpt":{"rendered":"<p>Governance Wir haben strenge Anti-Korruptions- und Integrit\u00e4tsregeln, arbeiten mit einem internen Verhaltenskodex und haben eine klare Whistleblower-Politik. Fairplay Im Sport geht es um Fairplay. Auch im Gesch\u00e4ftsleben legen wir gro\u00dfen Wert auf Fair Play. Unser Unternehmen verwendet genaue und transparente Buchf\u00fchrungsmethoden und wir arbeiten mit externen Rechtsexperten zusammen, um unabh\u00e4ngige Beratung in den Bereichen Arbeit, Recht und Versicherung zu erhalten. Alle Mitarbeiter von MYLAPS, die mit Handel, Einkauf oder Finanzen zu tun haben, werden im Hinblick auf die Einhaltung von Finanzvorschriften geschult und m\u00fcssen jedes Jahr eine Vereinbarung mit der FCA unterzeichnen. Wir verf\u00fcgen \u00fcber einen internen Verhaltenskodex und eine klare Whistleblower-Regelung [&#8230;]<\/p>\n","protected":false},"author":3,"featured_media":621,"parent":272,"menu_order":0,"comment_status":"closed","ping_status":"closed","template":"","meta":{"_acf_changed":false,"content-type":"","_trash_the_other_posts":false,"editor_notices":[],"footnotes":""},"class_list":["post-870","page","type-page","status-publish","has-post-thumbnail","hentry"],"acf":[],"yoast_head":"<!-- This site is optimized with the Yoast SEO Premium plugin v27.0 (Yoast SEO v27.0) - https:\/\/yoast.com\/product\/yoast-seo-premium-wordpress\/ -->\n<title>Unternehmensf\u00fchrung - MYLAPS - German<\/title>\n<meta name=\"description\" content=\"Wir haben strenge Anti-Korruptions &amp; Integrit\u00e4tsregeln, arbeiten mit einem internen Code of Conduct und eine klare Whistleblower-Politik.\" \/>\n<meta name=\"robots\" content=\"index, follow, max-snippet:-1, max-image-preview:large, max-video-preview:-1\" \/>\n<link rel=\"canonical\" href=\"https:\/\/mylaps.com\/de\/uber-uns\/verantwortung\/unternehmensfuhrung\/\" \/>\n<meta property=\"og:locale\" content=\"en_US\" \/>\n<meta property=\"og:type\" content=\"article\" \/>\n<meta property=\"og:title\" content=\"Unternehmensf\u00fchrung\" \/>\n<meta property=\"og:description\" content=\"Wir haben strenge Anti-Korruptions &amp; Integrit\u00e4tsregeln, arbeiten mit einem internen Code of Conduct und eine klare Whistleblower-Politik.\" \/>\n<meta property=\"og:url\" content=\"https:\/\/mylaps.com\/de\/uber-uns\/verantwortung\/unternehmensfuhrung\/\" \/>\n<meta property=\"og:site_name\" content=\"MYLAPS - German\" \/>\n<meta property=\"article:modified_time\" content=\"2026-03-24T13:41:41+00:00\" \/>\n<meta property=\"og:image\" content=\"https:\/\/mylaps.com\/wp-content\/uploads\/2024\/12\/roosenboom0377.jpg\" \/>\n\t<meta property=\"og:image:width\" content=\"2500\" \/>\n\t<meta property=\"og:image:height\" content=\"1667\" \/>\n\t<meta property=\"og:image:type\" content=\"image\/jpeg\" \/>\n<meta name=\"twitter:card\" content=\"summary_large_image\" \/>\n<meta name=\"twitter:label1\" content=\"Est. reading time\" \/>\n\t<meta name=\"twitter:data1\" content=\"2 minutes\" \/>\n<script type=\"application\/ld+json\" class=\"yoast-schema-graph\">{\"@context\":\"https:\/\/schema.org\",\"@graph\":[{\"@type\":\"WebPage\",\"@id\":\"https:\/\/mylaps.com\/de\/uber-uns\/verantwortung\/unternehmensfuhrung\/\",\"url\":\"https:\/\/mylaps.com\/de\/uber-uns\/verantwortung\/unternehmensfuhrung\/\",\"name\":\"Unternehmensf\u00fchrung - MYLAPS - German\",\"isPartOf\":{\"@id\":\"https:\/\/mylaps.com\/de\/#website\"},\"primaryImageOfPage\":{\"@id\":\"https:\/\/mylaps.com\/de\/uber-uns\/verantwortung\/unternehmensfuhrung\/#primaryimage\"},\"image\":{\"@id\":\"https:\/\/mylaps.com\/de\/uber-uns\/verantwortung\/unternehmensfuhrung\/#primaryimage\"},\"thumbnailUrl\":\"https:\/\/mylaps.com\/wp-content\/uploads\/2024\/12\/roosenboom0377.jpg\",\"datePublished\":\"2025-01-15T10:31:54+00:00\",\"dateModified\":\"2026-03-24T13:41:41+00:00\",\"description\":\"Wir haben strenge Anti-Korruptions & Integrit\u00e4tsregeln, arbeiten mit einem internen Code of Conduct und eine klare Whistleblower-Politik.\",\"breadcrumb\":{\"@id\":\"https:\/\/mylaps.com\/de\/uber-uns\/verantwortung\/unternehmensfuhrung\/#breadcrumb\"},\"inLanguage\":\"en-US\",\"potentialAction\":[{\"@type\":\"ReadAction\",\"target\":[\"https:\/\/mylaps.com\/de\/uber-uns\/verantwortung\/unternehmensfuhrung\/\"]}]},{\"@type\":\"ImageObject\",\"inLanguage\":\"en-US\",\"@id\":\"https:\/\/mylaps.com\/de\/uber-uns\/verantwortung\/unternehmensfuhrung\/#primaryimage\",\"url\":\"https:\/\/mylaps.com\/wp-content\/uploads\/2024\/12\/roosenboom0377.jpg\",\"contentUrl\":\"https:\/\/mylaps.com\/wp-content\/uploads\/2024\/12\/roosenboom0377.jpg\",\"width\":2500,\"height\":1667},{\"@type\":\"BreadcrumbList\",\"@id\":\"https:\/\/mylaps.com\/de\/uber-uns\/verantwortung\/unternehmensfuhrung\/#breadcrumb\",\"itemListElement\":[{\"@type\":\"ListItem\",\"position\":1,\"name\":\"Home\",\"item\":\"https:\/\/mylaps.com\/de\/\"},{\"@type\":\"ListItem\",\"position\":2,\"name\":\"\u00dcber uns\",\"item\":\"https:\/\/mylaps.com\/de\/uber-uns\/\"},{\"@type\":\"ListItem\",\"position\":3,\"name\":\"Verantwortung\",\"item\":\"https:\/\/mylaps.com\/de\/uber-uns\/verantwortung\/\"},{\"@type\":\"ListItem\",\"position\":4,\"name\":\"Unternehmensf\u00fchrung\"}]},{\"@type\":\"WebSite\",\"@id\":\"https:\/\/mylaps.com\/de\/#website\",\"url\":\"https:\/\/mylaps.com\/de\/\",\"name\":\"MYLAPS\",\"description\":\"MYLAPS Sports Timing - The Industry&#039;s Most Reliable and Accurate Timing and Data Solutions\",\"potentialAction\":[{\"@type\":\"SearchAction\",\"target\":{\"@type\":\"EntryPoint\",\"urlTemplate\":\"https:\/\/mylaps.com\/de\/?s={search_term_string}\"},\"query-input\":{\"@type\":\"PropertyValueSpecification\",\"valueRequired\":true,\"valueName\":\"search_term_string\"}}],\"inLanguage\":\"en-US\"}]}<\/script>\n<!-- \/ Yoast SEO Premium plugin. -->","yoast_head_json":{"title":"Unternehmensf\u00fchrung - MYLAPS - German","description":"Wir haben strenge Anti-Korruptions & Integrit\u00e4tsregeln, arbeiten mit einem internen Code of Conduct und eine klare Whistleblower-Politik.","robots":{"index":"index","follow":"follow","max-snippet":"max-snippet:-1","max-image-preview":"max-image-preview:large","max-video-preview":"max-video-preview:-1"},"canonical":"https:\/\/mylaps.com\/de\/uber-uns\/verantwortung\/unternehmensfuhrung\/","og_locale":"en_US","og_type":"article","og_title":"Unternehmensf\u00fchrung","og_description":"Wir haben strenge Anti-Korruptions & Integrit\u00e4tsregeln, arbeiten mit einem internen Code of Conduct und eine klare Whistleblower-Politik.","og_url":"https:\/\/mylaps.com\/de\/uber-uns\/verantwortung\/unternehmensfuhrung\/","og_site_name":"MYLAPS - German","article_modified_time":"2026-03-24T13:41:41+00:00","og_image":[{"width":2500,"height":1667,"url":"https:\/\/mylaps.com\/wp-content\/uploads\/2024\/12\/roosenboom0377.jpg","type":"image\/jpeg"}],"twitter_card":"summary_large_image","twitter_misc":{"Est. reading time":"2 minutes"},"schema":{"@context":"https:\/\/schema.org","@graph":[{"@type":"WebPage","@id":"https:\/\/mylaps.com\/de\/uber-uns\/verantwortung\/unternehmensfuhrung\/","url":"https:\/\/mylaps.com\/de\/uber-uns\/verantwortung\/unternehmensfuhrung\/","name":"Unternehmensf\u00fchrung - MYLAPS - German","isPartOf":{"@id":"https:\/\/mylaps.com\/de\/#website"},"primaryImageOfPage":{"@id":"https:\/\/mylaps.com\/de\/uber-uns\/verantwortung\/unternehmensfuhrung\/#primaryimage"},"image":{"@id":"https:\/\/mylaps.com\/de\/uber-uns\/verantwortung\/unternehmensfuhrung\/#primaryimage"},"thumbnailUrl":"https:\/\/mylaps.com\/wp-content\/uploads\/2024\/12\/roosenboom0377.jpg","datePublished":"2025-01-15T10:31:54+00:00","dateModified":"2026-03-24T13:41:41+00:00","description":"Wir haben strenge Anti-Korruptions & Integrit\u00e4tsregeln, arbeiten mit einem internen Code of Conduct und eine klare Whistleblower-Politik.","breadcrumb":{"@id":"https:\/\/mylaps.com\/de\/uber-uns\/verantwortung\/unternehmensfuhrung\/#breadcrumb"},"inLanguage":"en-US","potentialAction":[{"@type":"ReadAction","target":["https:\/\/mylaps.com\/de\/uber-uns\/verantwortung\/unternehmensfuhrung\/"]}]},{"@type":"ImageObject","inLanguage":"en-US","@id":"https:\/\/mylaps.com\/de\/uber-uns\/verantwortung\/unternehmensfuhrung\/#primaryimage","url":"https:\/\/mylaps.com\/wp-content\/uploads\/2024\/12\/roosenboom0377.jpg","contentUrl":"https:\/\/mylaps.com\/wp-content\/uploads\/2024\/12\/roosenboom0377.jpg","width":2500,"height":1667},{"@type":"BreadcrumbList","@id":"https:\/\/mylaps.com\/de\/uber-uns\/verantwortung\/unternehmensfuhrung\/#breadcrumb","itemListElement":[{"@type":"ListItem","position":1,"name":"Home","item":"https:\/\/mylaps.com\/de\/"},{"@type":"ListItem","position":2,"name":"\u00dcber uns","item":"https:\/\/mylaps.com\/de\/uber-uns\/"},{"@type":"ListItem","position":3,"name":"Verantwortung","item":"https:\/\/mylaps.com\/de\/uber-uns\/verantwortung\/"},{"@type":"ListItem","position":4,"name":"Unternehmensf\u00fchrung"}]},{"@type":"WebSite","@id":"https:\/\/mylaps.com\/de\/#website","url":"https:\/\/mylaps.com\/de\/","name":"MYLAPS","description":"MYLAPS Sports Timing - The Industry&#039;s Most Reliable and Accurate Timing and Data Solutions","potentialAction":[{"@type":"SearchAction","target":{"@type":"EntryPoint","urlTemplate":"https:\/\/mylaps.com\/de\/?s={search_term_string}"},"query-input":{"@type":"PropertyValueSpecification","valueRequired":true,"valueName":"search_term_string"}}],"inLanguage":"en-US"}]}},"_links":{"self":[{"href":"https:\/\/mylaps.com\/de\/wp-json\/wp\/v2\/pages\/870","targetHints":{"allow":["GET"]}}],"collection":[{"href":"https:\/\/mylaps.com\/de\/wp-json\/wp\/v2\/pages"}],"about":[{"href":"https:\/\/mylaps.com\/de\/wp-json\/wp\/v2\/types\/page"}],"author":[{"embeddable":true,"href":"https:\/\/mylaps.com\/de\/wp-json\/wp\/v2\/users\/3"}],"replies":[{"embeddable":true,"href":"https:\/\/mylaps.com\/de\/wp-json\/wp\/v2\/comments?post=870"}],"version-history":[{"count":10,"href":"https:\/\/mylaps.com\/de\/wp-json\/wp\/v2\/pages\/870\/revisions"}],"predecessor-version":[{"id":42035,"href":"https:\/\/mylaps.com\/de\/wp-json\/wp\/v2\/pages\/870\/revisions\/42035"}],"up":[{"embeddable":true,"href":"https:\/\/mylaps.com\/de\/wp-json\/wp\/v2\/pages\/272"}],"wp:featuredmedia":[{"embeddable":true,"href":"https:\/\/mylaps.com\/de\/wp-json\/wp\/v2\/media\/621"}],"wp:attachment":[{"href":"https:\/\/mylaps.com\/de\/wp-json\/wp\/v2\/media?parent=870"}],"curies":[{"name":"wp","href":"https:\/\/api.w.org\/{rel}","templated":true}]}}