{"id":259,"date":"2024-12-07T11:01:48","date_gmt":"2024-12-07T11:01:48","guid":{"rendered":"https:\/\/mylaps.com\/?page_id=259"},"modified":"2025-07-31T13:30:52","modified_gmt":"2025-07-31T13:30:52","slug":"terminos-y-condiciones","status":"publish","type":"page","link":"https:\/\/mylaps.com\/es\/terminos-y-condiciones\/","title":{"rendered":"Condiciones generales"},"content":{"rendered":"<p>\u00a1<\/p>\n\n<div\n\tclass=\"block content bg--white content--cols-1 bg--blank content--arrange-half\"\n\tstyle=\"--cols: 1\">\n\t<div class=\"container--small\">\n\t\t\t\t\t<div class=\"content__column\">\n\t\t\t\t\t\t\t<\/div>\n\t\t\t<\/div>\n<\/div>\n\n\n<div\n\tclass=\"block content bg--white content--cols-1 bg--blank content--arrange-half\"\n\tstyle=\"--cols: 1\">\n\t<div class=\"container--small\">\n\t\t\t\t\t<div class=\"content__column\">\n\t\t\t\t\t\t\t\t\t<div\n\t\t\t\t\t\tdata-aos=\"fade-up\"\t\t\t\t\t\tclass=\"content__type--text space-content\">\n\t\t\t\t\t\t<h4>Condiciones por oficina MYLAPS<\/h4>\n<ul>\n<li><a href=\"https:\/\/mylaps.my.salesforce.com\/sfc\/p\/D0000000oHhG\/a\/2p000001FYZ6\/E0JcfxMA.mjd5psDpAHciy.ZldWZAptv0ExFD9Oxoso\">Europa, Oriente Medio y \u00c1frica<\/a><\/li>\n<li><a href=\"https:\/\/mylaps.my.salesforce.com\/sfc\/p\/D0000000oHhG\/a\/2p000001FYZB\/ErXOS9JR4ASLom1pSTcSqzszBiSaaMUElFU.OrHvsRI\">Europa, Oriente Medio y \u00c1frica &#8211; Nederlandse tekst<\/a><\/li>\n<li><span style=\"line-height: 1.5;\"><a href=\"https:\/\/mylaps.my.salesforce.com\/sfc\/p\/D0000000oHhG\/a\/2p000001FYZ7\/.5JNt0S1NF4YpEOujXFLwPV5CGVovZx4VFyTJ.FH25w\">Estados Unidos<\/a><\/span><\/li>\n<li><a href=\"https:\/\/mylaps.my.salesforce.com\/sfc\/p\/D0000000oHhG\/a\/2p000001FYZG\/LfdudkpAiOmgma_3rtc83F3J5YZO.72Od18ZeyRBfRc\">Australia<\/a><\/li>\n<li><span style=\"line-height: 1.5;\"><a href=\"https:\/\/mylaps.my.salesforce.com\/sfc\/p\/D0000000oHhG\/a\/2p000001FYZ8\/rkBpYbKvc0AV3XegYl2KB5xp5VbFVr3awDunF47qt_A\">Jap\u00f3n &#8211; Texto en ingl\u00e9s<\/a><\/span><\/li>\n<li><span style=\"line-height: 1.5;\"><a href=\"https:\/\/mylaps.my.salesforce.com\/sfc\/p\/D0000000oHhG\/a\/2p000001FYZL\/qr9G.ijqKEqG6hUBO85Lkrx8KG7bCXmhoJnYM7BLGSw\">Jap\u00f3n &#8211; Texto en japon\u00e9s<\/a><\/span><\/li>\n<li><a href=\"https:\/\/mylaps.my.salesforce.com\/sfc\/p\/D0000000oHhG\/a\/2p000001FYZ6\/E0JcfxMA.mjd5psDpAHciy.ZldWZAptv0ExFD9Oxoso\">Sudeste Asi\u00e1tico &#8211; parte de MYLAPS B.V.<\/a><\/li>\n<li><a href=\"https:\/\/mylaps.my.salesforce.com\/sfc\/p\/D0000000oHhG\/a\/2p000001FYZ6\/E0JcfxMA.mjd5psDpAHciy.ZldWZAptv0ExFD9Oxoso\">China y Taiw\u00e1n &#8211; parte de MYLAPS B.V.<\/a><\/li>\n<\/ul>\n<h4>Otros documentos legales<\/h4>\n<ul>\n<li><a href=\"https:\/\/mylaps.com\/warranty\/\">Garant\u00eda<\/a><\/li>\n<li><a href=\"https:\/\/static.mylaps.com\/media\/Legal\/MYLAPS%20returns%20policy%20document.pdf\">Pol\u00edtica de devoluciones<\/a><\/li>\n<li><a href=\"https:\/\/mylaps.my.salesforce.com\/sfc\/p\/D0000000oHhG\/a\/2p000001FYZQ\/IX3RHgW5WpBM6Aqd9x5Z3CrX5bMLzCZn91LgDaCUP.8\">Productos FLEX<\/a><\/li>\n<li><a href=\"https:\/\/mylaps.my.salesforce.com\/sfc\/p\/D0000000oHhG\/a\/2p000001FYZV\/DBarQ_Rw07H0jVwHM0YC_DLUzIV7W8Q4SMCryWwRuiI\">Productos Club FLEX<\/a><\/li>\n<li><a href=\"https:\/\/mylaps.my.salesforce.com\/sfc\/p\/D0000000oHhG\/a\/2p000001FYZH\/LEsZ7B1BPvYx1Q1.zWCmtZWwlEdjY9cgYG6W4HdJOjY\">Condiciones de compra<\/a><\/li>\n<li><a href=\"https:\/\/mylaps.my.salesforce.com\/sfc\/p\/D0000000oHhG\/a\/2p000001FYZa\/XOoIEo4ma9cRUitvxKES_yykwMf7O2nfHTaTtZu8o4Y\">Condiciones MYLAPS SAAS<\/a><\/li>\n<li><a href=\"https:\/\/static.mylaps.com\/media\/MYLAPS%20conditions%20of%20use.pdf\">Condiciones de uso de MYLAPS<\/a><\/li>\n<li><a href=\"https:\/\/mylaps.com\/wp-content\/uploads\/2025\/01\/2017-MYLAPS-Participant-Declaration.pdf\">Declaraci\u00f3n de Participante de MYLAPS<\/a><\/li>\n<li><a href=\"https:\/\/mylaps.com\/wp-content\/uploads\/2025\/01\/Responsible-Disclosure-Policy.pdf\">Pol\u00edtica de divulgaci\u00f3n responsable de Mylaps<\/a><\/li>\n<\/ul>\n<h4>Privacidad<\/h4>\n<p><a class=\"button--primary\" href=\"https:\/\/mylaps.com\/es\/privacy\/\">Pol\u00edticas de privacidad<\/a><\/p>\n\t\t\t\t\t<\/div>\n\t\t\t\t\t\t\t<\/div>\n\t\t\t<\/div>\n<\/div>\n","protected":false},"excerpt":{"rendered":"<p>T\u00e9rminos y condiciones por oficina de MYLAPS Europa, Oriente Medio y \u00c1frica Europa, Midden-Oosten en Afrika &#8211; Nederlandse tekst Estados Unidos Australia Jap\u00f3n &#8211; Texto en ingl\u00e9s Jap\u00f3n &#8211; Texto en japon\u00e9s Sudeste Asi\u00e1tico &#8211; parte de MYLAPS B.V. China y Taiw\u00e1n &#8211; parte de MYLAPS B.V. Otros documentos legales Garant\u00eda Pol\u00edtica de devoluciones FLEX Products Club FLEX Products Condiciones de compra MYLAPS SAAS conditions MYLAPS Condiciones de uso MYLAPS Participant Declaration MYLAPS Responsible Disclosure Policy Privacy Privacy Policy Cookie Policy Privacy Information Account Page Privacy Information MYLAPS Sporthive Privacy Information MYLAPS Speedhive Privacy Information MYLAPS Speedhive Shop Privacy Information EventManager Privacy [&#8230;].<\/p>\n","protected":false},"author":2,"featured_media":0,"parent":0,"menu_order":0,"comment_status":"closed","ping_status":"closed","template":"","meta":{"_acf_changed":false,"content-type":"","_trash_the_other_posts":false,"editor_notices":[],"footnotes":""},"class_list":["post-259","page","type-page","status-publish","hentry"],"acf":[],"yoast_head":"<!-- This site is optimized with the Yoast SEO Premium plugin v27.0 (Yoast SEO v27.0) - https:\/\/yoast.com\/product\/yoast-seo-premium-wordpress\/ -->\n<title>Condiciones generales - MYLAPS - Espana<\/title>\n<meta name=\"description\" content=\"Comprender los t\u00e9rminos y condiciones de MYLAPS, incluida la informaci\u00f3n importante sobre las pol\u00edticas de uso y privacidad.\" \/>\n<meta name=\"robots\" content=\"index, follow, max-snippet:-1, max-image-preview:large, max-video-preview:-1\" \/>\n<link rel=\"canonical\" href=\"https:\/\/mylaps.com\/es\/terminos-y-condiciones\/\" \/>\n<meta property=\"og:locale\" content=\"en_US\" \/>\n<meta property=\"og:type\" content=\"article\" \/>\n<meta property=\"og:title\" content=\"Condiciones generales\" \/>\n<meta property=\"og:description\" content=\"Comprender los t\u00e9rminos y condiciones de MYLAPS, incluida la informaci\u00f3n importante sobre las pol\u00edticas de uso y privacidad.\" \/>\n<meta property=\"og:url\" content=\"https:\/\/mylaps.com\/es\/terminos-y-condiciones\/\" \/>\n<meta property=\"og:site_name\" content=\"MYLAPS - Espana\" \/>\n<meta property=\"article:modified_time\" content=\"2025-07-31T13:30:52+00:00\" \/>\n<meta name=\"twitter:card\" content=\"summary_large_image\" \/>\n<meta name=\"twitter:label1\" content=\"Est. reading time\" \/>\n\t<meta name=\"twitter:data1\" content=\"1 minute\" \/>\n<script type=\"application\/ld+json\" class=\"yoast-schema-graph\">{\"@context\":\"https:\/\/schema.org\",\"@graph\":[{\"@type\":\"WebPage\",\"@id\":\"https:\/\/mylaps.com\/es\/terminos-y-condiciones\/\",\"url\":\"https:\/\/mylaps.com\/es\/terminos-y-condiciones\/\",\"name\":\"Condiciones generales - MYLAPS - Espana\",\"isPartOf\":{\"@id\":\"https:\/\/mylaps.com\/es\/#website\"},\"datePublished\":\"2024-12-07T11:01:48+00:00\",\"dateModified\":\"2025-07-31T13:30:52+00:00\",\"description\":\"Comprender los t\u00e9rminos y condiciones de MYLAPS, incluida la informaci\u00f3n importante sobre las pol\u00edticas de uso y privacidad.\",\"breadcrumb\":{\"@id\":\"https:\/\/mylaps.com\/es\/terminos-y-condiciones\/#breadcrumb\"},\"inLanguage\":\"en-US\",\"potentialAction\":[{\"@type\":\"ReadAction\",\"target\":[\"https:\/\/mylaps.com\/es\/terminos-y-condiciones\/\"]}]},{\"@type\":\"BreadcrumbList\",\"@id\":\"https:\/\/mylaps.com\/es\/terminos-y-condiciones\/#breadcrumb\",\"itemListElement\":[{\"@type\":\"ListItem\",\"position\":1,\"name\":\"Home\",\"item\":\"https:\/\/mylaps.com\/es\/\"},{\"@type\":\"ListItem\",\"position\":2,\"name\":\"Condiciones generales\"}]},{\"@type\":\"WebSite\",\"@id\":\"https:\/\/mylaps.com\/es\/#website\",\"url\":\"https:\/\/mylaps.com\/es\/\",\"name\":\"MYLAPS\",\"description\":\"MYLAPS Sports Timing - The Industry&#039;s Most Reliable and Accurate Timing and Data Solutions\",\"potentialAction\":[{\"@type\":\"SearchAction\",\"target\":{\"@type\":\"EntryPoint\",\"urlTemplate\":\"https:\/\/mylaps.com\/es\/?s={search_term_string}\"},\"query-input\":{\"@type\":\"PropertyValueSpecification\",\"valueRequired\":true,\"valueName\":\"search_term_string\"}}],\"inLanguage\":\"en-US\"}]}<\/script>\n<!-- \/ Yoast SEO Premium plugin. -->","yoast_head_json":{"title":"Condiciones generales - MYLAPS - Espana","description":"Comprender los t\u00e9rminos y condiciones de MYLAPS, incluida la informaci\u00f3n importante sobre las pol\u00edticas de uso y privacidad.","robots":{"index":"index","follow":"follow","max-snippet":"max-snippet:-1","max-image-preview":"max-image-preview:large","max-video-preview":"max-video-preview:-1"},"canonical":"https:\/\/mylaps.com\/es\/terminos-y-condiciones\/","og_locale":"en_US","og_type":"article","og_title":"Condiciones generales","og_description":"Comprender los t\u00e9rminos y condiciones de MYLAPS, incluida la informaci\u00f3n importante sobre las pol\u00edticas de uso y privacidad.","og_url":"https:\/\/mylaps.com\/es\/terminos-y-condiciones\/","og_site_name":"MYLAPS - Espana","article_modified_time":"2025-07-31T13:30:52+00:00","twitter_card":"summary_large_image","twitter_misc":{"Est. reading time":"1 minute"},"schema":{"@context":"https:\/\/schema.org","@graph":[{"@type":"WebPage","@id":"https:\/\/mylaps.com\/es\/terminos-y-condiciones\/","url":"https:\/\/mylaps.com\/es\/terminos-y-condiciones\/","name":"Condiciones generales - MYLAPS - Espana","isPartOf":{"@id":"https:\/\/mylaps.com\/es\/#website"},"datePublished":"2024-12-07T11:01:48+00:00","dateModified":"2025-07-31T13:30:52+00:00","description":"Comprender los t\u00e9rminos y condiciones de MYLAPS, incluida la informaci\u00f3n importante sobre las pol\u00edticas de uso y privacidad.","breadcrumb":{"@id":"https:\/\/mylaps.com\/es\/terminos-y-condiciones\/#breadcrumb"},"inLanguage":"en-US","potentialAction":[{"@type":"ReadAction","target":["https:\/\/mylaps.com\/es\/terminos-y-condiciones\/"]}]},{"@type":"BreadcrumbList","@id":"https:\/\/mylaps.com\/es\/terminos-y-condiciones\/#breadcrumb","itemListElement":[{"@type":"ListItem","position":1,"name":"Home","item":"https:\/\/mylaps.com\/es\/"},{"@type":"ListItem","position":2,"name":"Condiciones generales"}]},{"@type":"WebSite","@id":"https:\/\/mylaps.com\/es\/#website","url":"https:\/\/mylaps.com\/es\/","name":"MYLAPS","description":"MYLAPS Sports Timing - The Industry&#039;s Most Reliable and Accurate Timing and Data Solutions","potentialAction":[{"@type":"SearchAction","target":{"@type":"EntryPoint","urlTemplate":"https:\/\/mylaps.com\/es\/?s={search_term_string}"},"query-input":{"@type":"PropertyValueSpecification","valueRequired":true,"valueName":"search_term_string"}}],"inLanguage":"en-US"}]}},"_links":{"self":[{"href":"https:\/\/mylaps.com\/es\/wp-json\/wp\/v2\/pages\/259","targetHints":{"allow":["GET"]}}],"collection":[{"href":"https:\/\/mylaps.com\/es\/wp-json\/wp\/v2\/pages"}],"about":[{"href":"https:\/\/mylaps.com\/es\/wp-json\/wp\/v2\/types\/page"}],"author":[{"embeddable":true,"href":"https:\/\/mylaps.com\/es\/wp-json\/wp\/v2\/users\/2"}],"replies":[{"embeddable":true,"href":"https:\/\/mylaps.com\/es\/wp-json\/wp\/v2\/comments?post=259"}],"version-history":[{"count":9,"href":"https:\/\/mylaps.com\/es\/wp-json\/wp\/v2\/pages\/259\/revisions"}],"predecessor-version":[{"id":35992,"href":"https:\/\/mylaps.com\/es\/wp-json\/wp\/v2\/pages\/259\/revisions\/35992"}],"wp:attachment":[{"href":"https:\/\/mylaps.com\/es\/wp-json\/wp\/v2\/media?parent=259"}],"curies":[{"name":"wp","href":"https:\/\/api.w.org\/{rel}","templated":true}]}}