{"id":272,"date":"2024-12-09T14:13:53","date_gmt":"2024-12-09T14:13:53","guid":{"rendered":"https:\/\/mylaps.com\/?page_id=272"},"modified":"2026-03-25T08:49:08","modified_gmt":"2026-03-25T08:49:08","slug":"responsabilidad","status":"publish","type":"page","link":"https:\/\/mylaps.com\/es\/sobre-nosotros\/responsabilidad\/","title":{"rendered":"Responsabilidad"},"content":{"rendered":"<div class=\"block hero hero--background-img hero--content-lb\">\n\t<img loading=\"lazy\" decoding=\"async\" width=\"2000\" height=\"1333\" src=\"https:\/\/mylaps.com\/wp-content\/uploads\/2024\/12\/hero-image-responsibility-1-2000x1333.jpg\" class=\"hero__background\" alt=\"\" srcset=\"https:\/\/mylaps.com\/wp-content\/uploads\/2024\/12\/hero-image-responsibility-1-2000x1333.jpg 2000w, https:\/\/mylaps.com\/wp-content\/uploads\/2024\/12\/hero-image-responsibility-1-750x500.jpg 750w, https:\/\/mylaps.com\/wp-content\/uploads\/2024\/12\/hero-image-responsibility-1-300x200.jpg 300w, https:\/\/mylaps.com\/wp-content\/uploads\/2024\/12\/hero-image-responsibility-1-768x512.jpg 768w, https:\/\/mylaps.com\/wp-content\/uploads\/2024\/12\/hero-image-responsibility-1-1024x683.jpg 1024w, https:\/\/mylaps.com\/wp-content\/uploads\/2024\/12\/hero-image-responsibility-1-1536x1024.jpg 1536w, https:\/\/mylaps.com\/wp-content\/uploads\/2024\/12\/hero-image-responsibility-1-2048x1365.jpg 2048w, https:\/\/mylaps.com\/wp-content\/uploads\/2024\/12\/hero-image-responsibility-1-400x267.jpg 400w, https:\/\/mylaps.com\/wp-content\/uploads\/2024\/12\/hero-image-responsibility-1-150x100.jpg 150w\" sizes=\"auto, (max-width: 2000px) 100vw, 2000px\" \/>\n\t<div class=\"container\">\n\t\t<div class=\"hero__content space-content\">\n\t\t\t\t\t\t\t<h1>\n\t\t\t\t\tResponsabilidad\t\t\t\t<\/h1>\n\t\t\t\n\t\t\t<p>Como l\u00edder mundial en cronometraje deportivo, con la innovaci\u00f3n en nuestro ADN, tenemos la responsabilidad y la ambici\u00f3n de contribuir a un mundo mejor.<\/p>\n\t\t<\/div>\n\t<\/div>\n<\/div>\n\n\n<p>\u00a1<\/p>\n\n<div\n\tclass=\"block content bg--white content--align-content-vertically content--cols-2 bg--blank content--arrange-half\"\n\tstyle=\"--cols: 2\">\n\t<div class=\"container\">\n\t\t\t\t\t<div class=\"content__column\">\n\t\t\t\t\t\t\t\t\t<div\n\t\t\t\t\t\t\t\t\t\t\t\tclass=\"content__type--image space-content\">\n\t\t\t\t\t\t\t\t\t\t\t\t\t\t<figure class=\"content__figure\">\n\t\t\t\t\t\t\t\t\t<img loading=\"lazy\" decoding=\"async\" width=\"750\" height=\"422\" src=\"https:\/\/mylaps.com\/wp-content\/uploads\/2024\/12\/responsibility-11-750x422.png\" class=\"content__image\" alt=\"\" srcset=\"https:\/\/mylaps.com\/wp-content\/uploads\/2024\/12\/responsibility-11-750x422.png 750w, https:\/\/mylaps.com\/wp-content\/uploads\/2024\/12\/responsibility-11-300x169.png 300w, https:\/\/mylaps.com\/wp-content\/uploads\/2024\/12\/responsibility-11-768x432.png 768w, https:\/\/mylaps.com\/wp-content\/uploads\/2024\/12\/responsibility-11-1024x576.png 1024w, https:\/\/mylaps.com\/wp-content\/uploads\/2024\/12\/responsibility-11-1536x864.png 1536w, https:\/\/mylaps.com\/wp-content\/uploads\/2024\/12\/responsibility-11-2048x1152.png 2048w, https:\/\/mylaps.com\/wp-content\/uploads\/2024\/12\/responsibility-11-2000x1125.png 2000w, https:\/\/mylaps.com\/wp-content\/uploads\/2024\/12\/responsibility-11-400x225.png 400w, https:\/\/mylaps.com\/wp-content\/uploads\/2024\/12\/responsibility-11-178x100.png 178w\" sizes=\"auto, (max-width: 750px) 100vw, 750px\" \/>\t\t\t\t\t\t\t\t<\/figure>\n\t\t\t\t\t\t\t\t\t\t\t\t\t<\/div>\n\t\t\t\t\t\t\t<\/div>\n\t\t\t\t\t<div class=\"content__column\">\n\t\t\t\t\t\t\t\t\t<div\n\t\t\t\t\t\tdata-aos=\"fade-up\"\t\t\t\t\t\tclass=\"content__type--text space-content\">\n\t\t\t\t\t\t<h2>Tiempo para un mundo mejor<\/h2>\n<p>Al ofrecer la mejor experiencia deportiva para todos, MYLAPS inspira a todas las personas del mundo que aman el deporte a llevar una vida sana.<\/p>\n<p>Tenemos la responsabilidad y la ambici\u00f3n de contribuir a un mundo mejor. Esto significa que en cada paso de nuestro proceso tenemos en cuenta nuestro impacto en la responsabilidad corporativa.<\/p>\n\t\t\t\t\t<\/div>\n\t\t\t\t\t\t\t<\/div>\n\t\t\t<\/div>\n<\/div>\n\n\n<div\n\tclass=\"block content bg--white content--flip-columns-on-mobile content--align-content-vertically content--cols-2 bg--blank content--arrange-half\"\n\tstyle=\"--cols: 2\">\n\t<div class=\"container\">\n\t\t\t\t\t<div class=\"content__column\">\n\t\t\t\t\t\t\t\t\t<div\n\t\t\t\t\t\tdata-aos=\"fade-up\"\t\t\t\t\t\tclass=\"content__type--text space-content\">\n\t\t\t\t\t\t<h2>Valores de la empresa<\/h2>\n<p>MYLAPS trabaja con los siguientes 3 valores de la empresa:<\/p>\n<ul>\n<li>Mi Pasi\u00f3n<\/li>\n<li>Mi Responsabilidad<\/li>\n<li>Mi Trabajo en Equipo<\/li>\n<\/ul>\n<p>Estos valores empresariales est\u00e1n expuestos en todas las oficinas de MYLAPS del mundo. Todos los empleados de MYLAPS conocen estos valores de memoria. Adem\u00e1s, todos los equipos se enfrentan al reto de asumir responsabilidades y ser conscientes del impacto corporativo de sus acciones.<\/p>\n<p>Ya se trate de la compra de envases o de la contrataci\u00f3n de nuevo personal: nuestra gente est\u00e1 formada para trabajar de forma responsable.<\/p>\n\t\t\t\t\t<\/div>\n\t\t\t\t\t\t\t<\/div>\n\t\t\t\t\t<div class=\"content__column\">\n\t\t\t\t\t\t\t\t\t<div\n\t\t\t\t\t\t\t\t\t\t\t\tclass=\"content__type--image space-content\">\n\t\t\t\t\t\t\t\t\t\t\t\t\t\t<figure class=\"content__figure\">\n\t\t\t\t\t\t\t\t\t<img loading=\"lazy\" decoding=\"async\" width=\"750\" height=\"422\" src=\"https:\/\/mylaps.com\/wp-content\/uploads\/2024\/12\/responsibility-7-scaled-1-750x422.jpg\" class=\"content__image\" alt=\"\" srcset=\"https:\/\/mylaps.com\/wp-content\/uploads\/2024\/12\/responsibility-7-scaled-1-750x422.jpg 750w, https:\/\/mylaps.com\/wp-content\/uploads\/2024\/12\/responsibility-7-scaled-1-300x169.jpg 300w, https:\/\/mylaps.com\/wp-content\/uploads\/2024\/12\/responsibility-7-scaled-1-768x432.jpg 768w, https:\/\/mylaps.com\/wp-content\/uploads\/2024\/12\/responsibility-7-scaled-1-1024x576.jpg 1024w, https:\/\/mylaps.com\/wp-content\/uploads\/2024\/12\/responsibility-7-scaled-1-1536x864.jpg 1536w, https:\/\/mylaps.com\/wp-content\/uploads\/2024\/12\/responsibility-7-scaled-1-2048x1152.jpg 2048w, https:\/\/mylaps.com\/wp-content\/uploads\/2024\/12\/responsibility-7-scaled-1-2000x1125.jpg 2000w, https:\/\/mylaps.com\/wp-content\/uploads\/2024\/12\/responsibility-7-scaled-1-400x225.jpg 400w, https:\/\/mylaps.com\/wp-content\/uploads\/2024\/12\/responsibility-7-scaled-1-178x100.jpg 178w\" sizes=\"auto, (max-width: 750px) 100vw, 750px\" \/>\t\t\t\t\t\t\t\t<\/figure>\n\t\t\t\t\t\t\t\t\t\t\t\t\t<\/div>\n\t\t\t\t\t\t\t<\/div>\n\t\t\t<\/div>\n<\/div>\n\n\n<div\n\tclass=\"block content bg--white content--align-content-vertically content--cols-1 bg--blank content--arrange-half\"\n\tstyle=\"--cols: 1\">\n\t<div class=\"container--small\">\n\t\t\t\t\t<div class=\"content__column\">\n\t\t\t\t\t\t\t\t\t<div\n\t\t\t\t\t\tdata-aos=\"fade-up\"\t\t\t\t\t\tclass=\"content__type--text space-content\">\n\t\t\t\t\t\t<h2 style='text-align: center'>3 Pilares<\/h2>\n<p style='text-align: center'>Nuestra estrategia de responsabilidad corporativa consta de 3 pilares.<\/p>\n\t\t\t\t\t<\/div>\n\t\t\t\t\t\t\t<\/div>\n\t\t\t<\/div>\n<\/div>\n\n\n<div class=\"block related-posts bg--white\">\n\t<div class=\"container\">\n\t\t\n\t\t<ul\n\t\t\tclass=\"related-posts__cards\"\n\t\t\tstyle=\"--cols: 3\">\n\t\t\t\n<div\n\tdata-aos=\"fade-up\"data-aos-delay=\"100\"\tclass=\"card card--\">\n\t<div class=\"card__content\">\n\t\t<h3 class=\"card__title\">Medio ambiente<\/h3>\n\t\t\n\t\t\n\t\t\t<\/div>\n\n\t\n\t\t\t<p class=\"card__excerpt\">\n\t\t\tIntentamos minimizar nuestro impacto en el medio ambiente. Nuestros productos son extremadamente duraderos y est\u00e1n hechos para durar.\t\t<\/p>\n\t\n\t\t\t<a\n\t\t\tclass=\"card__link\"\n\t\t\thref=\"https:\/\/mylaps.com\/es\/sobre-nosotros\/responsabilidad\/medio-ambiente\/\"\n\t\t\ttarget=\"\">\n\t\t\t<span class=\"sr-only\">\n\t\t\t\tRead more\t\t\t\tabout\t\t\t\tMedio ambiente\t\t\t<\/span>\n\t\t<\/a>\n\t\n\t\n\t\t\t<figure class=\"card__image-wrap\">\n\t\t\t<img loading=\"lazy\" decoding=\"async\" width=\"2560\" height=\"2048\" src=\"https:\/\/mylaps.com\/wp-content\/uploads\/2024\/12\/responsibility-5-scaled-1.jpg\" class=\"card__image\" alt=\"\" srcset=\"https:\/\/mylaps.com\/wp-content\/uploads\/2024\/12\/responsibility-5-scaled-1.jpg 2560w, https:\/\/mylaps.com\/wp-content\/uploads\/2024\/12\/responsibility-5-scaled-1-300x240.jpg 300w, https:\/\/mylaps.com\/wp-content\/uploads\/2024\/12\/responsibility-5-scaled-1-768x614.jpg 768w, https:\/\/mylaps.com\/wp-content\/uploads\/2024\/12\/responsibility-5-scaled-1-1024x819.jpg 1024w, https:\/\/mylaps.com\/wp-content\/uploads\/2024\/12\/responsibility-5-scaled-1-1536x1229.jpg 1536w, https:\/\/mylaps.com\/wp-content\/uploads\/2024\/12\/responsibility-5-scaled-1-2048x1638.jpg 2048w, https:\/\/mylaps.com\/wp-content\/uploads\/2024\/12\/responsibility-5-scaled-1-2000x1600.jpg 2000w, https:\/\/mylaps.com\/wp-content\/uploads\/2024\/12\/responsibility-5-scaled-1-750x600.jpg 750w, https:\/\/mylaps.com\/wp-content\/uploads\/2024\/12\/responsibility-5-scaled-1-400x320.jpg 400w, https:\/\/mylaps.com\/wp-content\/uploads\/2024\/12\/responsibility-5-scaled-1-125x100.jpg 125w\" sizes=\"auto, (max-width: 2560px) 100vw, 2560px\" \/>\t\t<\/figure>\n\t<\/div>\n\n<div\n\tdata-aos=\"fade-up\"data-aos-delay=\"200\"\tclass=\"card card--\">\n\t<div class=\"card__content\">\n\t\t<h3 class=\"card__title\">Sociedad<\/h3>\n\t\t\n\t\t\n\t\t\t<\/div>\n\n\t\n\t\t\t<p class=\"card__excerpt\">\n\t\t\tEl deporte une a las personas. En MYLAPS estamos orgullosos de colaborar con al menos 24 nacionalidades.\t\t<\/p>\n\t\n\t\t\t<a\n\t\t\tclass=\"card__link\"\n\t\t\thref=\"https:\/\/mylaps.com\/es\/sobre-nosotros\/responsabilidad\/sociedad\/\"\n\t\t\ttarget=\"\">\n\t\t\t<span class=\"sr-only\">\n\t\t\t\tRead more\t\t\t\tabout\t\t\t\tSociedad\t\t\t<\/span>\n\t\t<\/a>\n\t\n\t\n\t\t\t<figure class=\"card__image-wrap\">\n\t\t\t<img loading=\"lazy\" decoding=\"async\" width=\"2327\" height=\"1320\" src=\"https:\/\/mylaps.com\/wp-content\/uploads\/2019\/04\/sales-team-gathers-for-global-sales-meeting-2-2.jpg\" class=\"card__image\" alt=\"Sales Team gathers for Global Sales Meeting 1\" srcset=\"https:\/\/mylaps.com\/wp-content\/uploads\/2019\/04\/sales-team-gathers-for-global-sales-meeting-2-2.jpg 2327w, https:\/\/mylaps.com\/wp-content\/uploads\/2019\/04\/sales-team-gathers-for-global-sales-meeting-2-2-300x170.jpg 300w, https:\/\/mylaps.com\/wp-content\/uploads\/2019\/04\/sales-team-gathers-for-global-sales-meeting-2-2-1024x581.jpg 1024w, https:\/\/mylaps.com\/wp-content\/uploads\/2019\/04\/sales-team-gathers-for-global-sales-meeting-2-2-768x436.jpg 768w, https:\/\/mylaps.com\/wp-content\/uploads\/2019\/04\/sales-team-gathers-for-global-sales-meeting-2-2-1536x871.jpg 1536w, https:\/\/mylaps.com\/wp-content\/uploads\/2019\/04\/sales-team-gathers-for-global-sales-meeting-2-2-2048x1162.jpg 2048w, https:\/\/mylaps.com\/wp-content\/uploads\/2019\/04\/sales-team-gathers-for-global-sales-meeting-2-2-2000x1135.jpg 2000w, https:\/\/mylaps.com\/wp-content\/uploads\/2019\/04\/sales-team-gathers-for-global-sales-meeting-2-2-750x425.jpg 750w, https:\/\/mylaps.com\/wp-content\/uploads\/2019\/04\/sales-team-gathers-for-global-sales-meeting-2-2-400x227.jpg 400w, https:\/\/mylaps.com\/wp-content\/uploads\/2019\/04\/sales-team-gathers-for-global-sales-meeting-2-2-176x100.jpg 176w\" sizes=\"auto, (max-width: 2327px) 100vw, 2327px\" \/>\t\t<\/figure>\n\t<\/div>\n\n<div\n\tdata-aos=\"fade-up\"data-aos-delay=\"300\"\tclass=\"card card--\">\n\t<div class=\"card__content\">\n\t\t<h3 class=\"card__title\">Gobernanza<\/h3>\n\t\t\n\t\t\n\t\t\t<\/div>\n\n\t\n\t\t\t<p class=\"card__excerpt\">\n\t\t\tContamos con estrictas normas anticorrupci\u00f3n y de integridad, trabajamos con un c\u00f3digo de conducta interno y tenemos una pol\u00edtica clara de denuncia de irregularidades.\t\t<\/p>\n\t\n\t\t\t<a\n\t\t\tclass=\"card__link\"\n\t\t\thref=\"https:\/\/mylaps.com\/es\/sobre-nosotros\/responsabilidad\/gobernabilidad\/\"\n\t\t\ttarget=\"\">\n\t\t\t<span class=\"sr-only\">\n\t\t\t\tRead more\t\t\t\tabout\t\t\t\tGobernanza\t\t\t<\/span>\n\t\t<\/a>\n\t\n\t\n\t\t\t<figure class=\"card__image-wrap\">\n\t\t\t<img loading=\"lazy\" decoding=\"async\" width=\"2560\" height=\"1707\" src=\"https:\/\/mylaps.com\/wp-content\/uploads\/2024\/12\/governance.jpg\" class=\"card__image\" alt=\"\" srcset=\"https:\/\/mylaps.com\/wp-content\/uploads\/2024\/12\/governance.jpg 2560w, https:\/\/mylaps.com\/wp-content\/uploads\/2024\/12\/governance-750x500.jpg 750w, https:\/\/mylaps.com\/wp-content\/uploads\/2024\/12\/governance-300x200.jpg 300w, https:\/\/mylaps.com\/wp-content\/uploads\/2024\/12\/governance-768x512.jpg 768w, https:\/\/mylaps.com\/wp-content\/uploads\/2024\/12\/governance-1024x683.jpg 1024w, https:\/\/mylaps.com\/wp-content\/uploads\/2024\/12\/governance-1536x1024.jpg 1536w, https:\/\/mylaps.com\/wp-content\/uploads\/2024\/12\/governance-2048x1366.jpg 2048w, https:\/\/mylaps.com\/wp-content\/uploads\/2024\/12\/governance-2000x1334.jpg 2000w, https:\/\/mylaps.com\/wp-content\/uploads\/2024\/12\/governance-400x267.jpg 400w, https:\/\/mylaps.com\/wp-content\/uploads\/2024\/12\/governance-150x100.jpg 150w\" sizes=\"auto, (max-width: 2560px) 100vw, 2560px\" \/>\t\t<\/figure>\n\t<\/div>\n\t\t<\/ul>\n\n\t\t\t<\/div>\n<\/div>\n","protected":false},"excerpt":{"rendered":"<p>Responsabilidad Como l\u00edder mundial del mercado de cronometraje deportivo, con la innovaci\u00f3n en nuestro ADN, tenemos la responsabilidad y la ambici\u00f3n de contribuir a un mundo mejor. MYLAPS opera con neutralidad de carbono. Tiempo para un mundo mejor Al ofrecer la mejor experiencia deportiva para todos, MYLAPS inspira a todas las personas del mundo que aman el deporte a llevar una vida sana. Tenemos la responsabilidad y la ambici\u00f3n de contribuir a un mundo mejor. Esto significa que en cada paso de nuestro proceso tenemos en cuenta nuestro impacto en el medio ambiente, la sociedad y la gobernanza. Nos enorgullece decir que a partir de 2022 MYLAPS [&#8230;]<\/p>\n","protected":false},"author":3,"featured_media":32740,"parent":159,"menu_order":0,"comment_status":"closed","ping_status":"closed","template":"","meta":{"_acf_changed":false,"content-type":"","_trash_the_other_posts":false,"editor_notices":[],"footnotes":""},"class_list":["post-272","page","type-page","status-publish","has-post-thumbnail","hentry"],"acf":[],"yoast_head":"<!-- This site is optimized with the Yoast SEO Premium plugin v27.0 (Yoast SEO v27.0) - https:\/\/yoast.com\/product\/yoast-seo-premium-wordpress\/ -->\n<title>Responsabilidad - MYLAPS - Espana<\/title>\n<meta name=\"description\" content=\"Como l\u00edder mundial del mercado de cronometraje deportivo, con la innovaci\u00f3n en nuestro ADN, tenemos la responsabilidad y la ambici\u00f3n de contribuir a un mundo mejor. MYLAPS opera con neutralidad de carbono.\" \/>\n<meta name=\"robots\" content=\"index, follow, max-snippet:-1, max-image-preview:large, max-video-preview:-1\" \/>\n<link rel=\"canonical\" href=\"https:\/\/mylaps.com\/es\/sobre-nosotros\/responsabilidad\/\" \/>\n<meta property=\"og:locale\" content=\"en_US\" \/>\n<meta property=\"og:type\" content=\"article\" \/>\n<meta property=\"og:title\" content=\"Responsabilidad\" \/>\n<meta property=\"og:description\" content=\"Como l\u00edder mundial del mercado de cronometraje deportivo, con la innovaci\u00f3n en nuestro ADN, tenemos la responsabilidad y la ambici\u00f3n de contribuir a un mundo mejor. MYLAPS opera con neutralidad de carbono.\" \/>\n<meta property=\"og:url\" content=\"https:\/\/mylaps.com\/es\/sobre-nosotros\/responsabilidad\/\" \/>\n<meta property=\"og:site_name\" content=\"MYLAPS - Espana\" \/>\n<meta property=\"article:modified_time\" content=\"2026-03-25T08:49:08+00:00\" \/>\n<meta property=\"og:image\" content=\"https:\/\/mylaps.com\/wp-content\/uploads\/2025\/01\/Time-For-a-Better-Wolrd-1536x864.png-e1736353566661.png\" \/>\n\t<meta property=\"og:image:width\" content=\"1004\" \/>\n\t<meta property=\"og:image:height\" content=\"864\" \/>\n\t<meta property=\"og:image:type\" content=\"image\/png\" \/>\n<meta name=\"twitter:card\" content=\"summary_large_image\" \/>\n<meta name=\"twitter:label1\" content=\"Est. reading time\" \/>\n\t<meta name=\"twitter:data1\" content=\"3 minutes\" \/>\n<script type=\"application\/ld+json\" class=\"yoast-schema-graph\">{\"@context\":\"https:\/\/schema.org\",\"@graph\":[{\"@type\":\"WebPage\",\"@id\":\"https:\/\/mylaps.com\/es\/sobre-nosotros\/responsabilidad\/\",\"url\":\"https:\/\/mylaps.com\/es\/sobre-nosotros\/responsabilidad\/\",\"name\":\"Responsabilidad - MYLAPS - Espana\",\"isPartOf\":{\"@id\":\"https:\/\/mylaps.com\/es\/#website\"},\"primaryImageOfPage\":{\"@id\":\"https:\/\/mylaps.com\/es\/sobre-nosotros\/responsabilidad\/#primaryimage\"},\"image\":{\"@id\":\"https:\/\/mylaps.com\/es\/sobre-nosotros\/responsabilidad\/#primaryimage\"},\"thumbnailUrl\":\"https:\/\/mylaps.com\/wp-content\/uploads\/2025\/01\/Time-For-a-Better-Wolrd-1536x864.png-e1736353566661.png\",\"datePublished\":\"2024-12-09T14:13:53+00:00\",\"dateModified\":\"2026-03-25T08:49:08+00:00\",\"description\":\"Como l\u00edder mundial del mercado de cronometraje deportivo, con la innovaci\u00f3n en nuestro ADN, tenemos la responsabilidad y la ambici\u00f3n de contribuir a un mundo mejor. MYLAPS opera con neutralidad de carbono.\",\"breadcrumb\":{\"@id\":\"https:\/\/mylaps.com\/es\/sobre-nosotros\/responsabilidad\/#breadcrumb\"},\"inLanguage\":\"en-US\",\"potentialAction\":[{\"@type\":\"ReadAction\",\"target\":[\"https:\/\/mylaps.com\/es\/sobre-nosotros\/responsabilidad\/\"]}]},{\"@type\":\"ImageObject\",\"inLanguage\":\"en-US\",\"@id\":\"https:\/\/mylaps.com\/es\/sobre-nosotros\/responsabilidad\/#primaryimage\",\"url\":\"https:\/\/mylaps.com\/wp-content\/uploads\/2025\/01\/Time-For-a-Better-Wolrd-1536x864.png-e1736353566661.png\",\"contentUrl\":\"https:\/\/mylaps.com\/wp-content\/uploads\/2025\/01\/Time-For-a-Better-Wolrd-1536x864.png-e1736353566661.png\",\"width\":1004,\"height\":864},{\"@type\":\"BreadcrumbList\",\"@id\":\"https:\/\/mylaps.com\/es\/sobre-nosotros\/responsabilidad\/#breadcrumb\",\"itemListElement\":[{\"@type\":\"ListItem\",\"position\":1,\"name\":\"Home\",\"item\":\"https:\/\/mylaps.com\/es\/\"},{\"@type\":\"ListItem\",\"position\":2,\"name\":\"Sobre nosotros\",\"item\":\"https:\/\/mylaps.com\/es\/sobre-nosotros\/\"},{\"@type\":\"ListItem\",\"position\":3,\"name\":\"Responsabilidad\"}]},{\"@type\":\"WebSite\",\"@id\":\"https:\/\/mylaps.com\/es\/#website\",\"url\":\"https:\/\/mylaps.com\/es\/\",\"name\":\"MYLAPS\",\"description\":\"MYLAPS Sports Timing - The Industry&#039;s Most Reliable and Accurate Timing and Data Solutions\",\"potentialAction\":[{\"@type\":\"SearchAction\",\"target\":{\"@type\":\"EntryPoint\",\"urlTemplate\":\"https:\/\/mylaps.com\/es\/?s={search_term_string}\"},\"query-input\":{\"@type\":\"PropertyValueSpecification\",\"valueRequired\":true,\"valueName\":\"search_term_string\"}}],\"inLanguage\":\"en-US\"}]}<\/script>\n<!-- \/ Yoast SEO Premium plugin. -->","yoast_head_json":{"title":"Responsabilidad - MYLAPS - Espana","description":"Como l\u00edder mundial del mercado de cronometraje deportivo, con la innovaci\u00f3n en nuestro ADN, tenemos la responsabilidad y la ambici\u00f3n de contribuir a un mundo mejor. MYLAPS opera con neutralidad de carbono.","robots":{"index":"index","follow":"follow","max-snippet":"max-snippet:-1","max-image-preview":"max-image-preview:large","max-video-preview":"max-video-preview:-1"},"canonical":"https:\/\/mylaps.com\/es\/sobre-nosotros\/responsabilidad\/","og_locale":"en_US","og_type":"article","og_title":"Responsabilidad","og_description":"Como l\u00edder mundial del mercado de cronometraje deportivo, con la innovaci\u00f3n en nuestro ADN, tenemos la responsabilidad y la ambici\u00f3n de contribuir a un mundo mejor. MYLAPS opera con neutralidad de carbono.","og_url":"https:\/\/mylaps.com\/es\/sobre-nosotros\/responsabilidad\/","og_site_name":"MYLAPS - Espana","article_modified_time":"2026-03-25T08:49:08+00:00","og_image":[{"width":1004,"height":864,"url":"https:\/\/mylaps.com\/wp-content\/uploads\/2025\/01\/Time-For-a-Better-Wolrd-1536x864.png-e1736353566661.png","type":"image\/png"}],"twitter_card":"summary_large_image","twitter_misc":{"Est. reading time":"3 minutes"},"schema":{"@context":"https:\/\/schema.org","@graph":[{"@type":"WebPage","@id":"https:\/\/mylaps.com\/es\/sobre-nosotros\/responsabilidad\/","url":"https:\/\/mylaps.com\/es\/sobre-nosotros\/responsabilidad\/","name":"Responsabilidad - MYLAPS - Espana","isPartOf":{"@id":"https:\/\/mylaps.com\/es\/#website"},"primaryImageOfPage":{"@id":"https:\/\/mylaps.com\/es\/sobre-nosotros\/responsabilidad\/#primaryimage"},"image":{"@id":"https:\/\/mylaps.com\/es\/sobre-nosotros\/responsabilidad\/#primaryimage"},"thumbnailUrl":"https:\/\/mylaps.com\/wp-content\/uploads\/2025\/01\/Time-For-a-Better-Wolrd-1536x864.png-e1736353566661.png","datePublished":"2024-12-09T14:13:53+00:00","dateModified":"2026-03-25T08:49:08+00:00","description":"Como l\u00edder mundial del mercado de cronometraje deportivo, con la innovaci\u00f3n en nuestro ADN, tenemos la responsabilidad y la ambici\u00f3n de contribuir a un mundo mejor. MYLAPS opera con neutralidad de carbono.","breadcrumb":{"@id":"https:\/\/mylaps.com\/es\/sobre-nosotros\/responsabilidad\/#breadcrumb"},"inLanguage":"en-US","potentialAction":[{"@type":"ReadAction","target":["https:\/\/mylaps.com\/es\/sobre-nosotros\/responsabilidad\/"]}]},{"@type":"ImageObject","inLanguage":"en-US","@id":"https:\/\/mylaps.com\/es\/sobre-nosotros\/responsabilidad\/#primaryimage","url":"https:\/\/mylaps.com\/wp-content\/uploads\/2025\/01\/Time-For-a-Better-Wolrd-1536x864.png-e1736353566661.png","contentUrl":"https:\/\/mylaps.com\/wp-content\/uploads\/2025\/01\/Time-For-a-Better-Wolrd-1536x864.png-e1736353566661.png","width":1004,"height":864},{"@type":"BreadcrumbList","@id":"https:\/\/mylaps.com\/es\/sobre-nosotros\/responsabilidad\/#breadcrumb","itemListElement":[{"@type":"ListItem","position":1,"name":"Home","item":"https:\/\/mylaps.com\/es\/"},{"@type":"ListItem","position":2,"name":"Sobre nosotros","item":"https:\/\/mylaps.com\/es\/sobre-nosotros\/"},{"@type":"ListItem","position":3,"name":"Responsabilidad"}]},{"@type":"WebSite","@id":"https:\/\/mylaps.com\/es\/#website","url":"https:\/\/mylaps.com\/es\/","name":"MYLAPS","description":"MYLAPS Sports Timing - The Industry&#039;s Most Reliable and Accurate Timing and Data Solutions","potentialAction":[{"@type":"SearchAction","target":{"@type":"EntryPoint","urlTemplate":"https:\/\/mylaps.com\/es\/?s={search_term_string}"},"query-input":{"@type":"PropertyValueSpecification","valueRequired":true,"valueName":"search_term_string"}}],"inLanguage":"en-US"}]}},"_links":{"self":[{"href":"https:\/\/mylaps.com\/es\/wp-json\/wp\/v2\/pages\/272","targetHints":{"allow":["GET"]}}],"collection":[{"href":"https:\/\/mylaps.com\/es\/wp-json\/wp\/v2\/pages"}],"about":[{"href":"https:\/\/mylaps.com\/es\/wp-json\/wp\/v2\/types\/page"}],"author":[{"embeddable":true,"href":"https:\/\/mylaps.com\/es\/wp-json\/wp\/v2\/users\/3"}],"replies":[{"embeddable":true,"href":"https:\/\/mylaps.com\/es\/wp-json\/wp\/v2\/comments?post=272"}],"version-history":[{"count":10,"href":"https:\/\/mylaps.com\/es\/wp-json\/wp\/v2\/pages\/272\/revisions"}],"predecessor-version":[{"id":41601,"href":"https:\/\/mylaps.com\/es\/wp-json\/wp\/v2\/pages\/272\/revisions\/41601"}],"up":[{"embeddable":true,"href":"https:\/\/mylaps.com\/es\/wp-json\/wp\/v2\/pages\/159"}],"wp:featuredmedia":[{"embeddable":true,"href":"https:\/\/mylaps.com\/es\/wp-json\/wp\/v2\/media\/32740"}],"wp:attachment":[{"href":"https:\/\/mylaps.com\/es\/wp-json\/wp\/v2\/media?parent=272"}],"curies":[{"name":"wp","href":"https:\/\/api.w.org\/{rel}","templated":true}]}}