{"id":315,"date":"2024-12-09T14:33:15","date_gmt":"2024-12-09T14:33:15","guid":{"rendered":"https:\/\/mylaps.com\/?page_id=315"},"modified":"2025-05-15T08:00:24","modified_gmt":"2025-05-15T08:00:24","slug":"puestos-de-trabajo","status":"publish","type":"page","link":"https:\/\/mylaps.com\/es\/sobre-nosotros\/puestos-de-trabajo\/","title":{"rendered":"Empleo"},"content":{"rendered":"<div class=\"block hero hero--background-img hero--content-lb\">\n\t<img loading=\"lazy\" decoding=\"async\" width=\"2000\" height=\"1103\" src=\"https:\/\/mylaps.com\/wp-content\/uploads\/2025\/04\/GSM-2024-Group-picture-new-3-2000x1103.jpg\" class=\"hero__background\" alt=\"\" srcset=\"https:\/\/mylaps.com\/wp-content\/uploads\/2025\/04\/GSM-2024-Group-picture-new-3-2000x1103.jpg 2000w, https:\/\/mylaps.com\/wp-content\/uploads\/2025\/04\/GSM-2024-Group-picture-new-3-300x165.jpg 300w, https:\/\/mylaps.com\/wp-content\/uploads\/2025\/04\/GSM-2024-Group-picture-new-3-1024x565.jpg 1024w, https:\/\/mylaps.com\/wp-content\/uploads\/2025\/04\/GSM-2024-Group-picture-new-3-768x424.jpg 768w, https:\/\/mylaps.com\/wp-content\/uploads\/2025\/04\/GSM-2024-Group-picture-new-3-1536x847.jpg 1536w, https:\/\/mylaps.com\/wp-content\/uploads\/2025\/04\/GSM-2024-Group-picture-new-3-2048x1130.jpg 2048w, https:\/\/mylaps.com\/wp-content\/uploads\/2025\/04\/GSM-2024-Group-picture-new-3-750x414.jpg 750w, https:\/\/mylaps.com\/wp-content\/uploads\/2025\/04\/GSM-2024-Group-picture-new-3-400x221.jpg 400w, https:\/\/mylaps.com\/wp-content\/uploads\/2025\/04\/GSM-2024-Group-picture-new-3-181x100.jpg 181w\" sizes=\"auto, (max-width: 2000px) 100vw, 2000px\" \/>\n\t<div class=\"container\">\n\t\t<div class=\"hero__content space-content\">\n\t\t\t\t\t\t\t<h1>\n\t\t\t\t\tEmpleo\t\t\t\t<\/h1>\n\t\t\t\n\t\t\t<p>MYLAPS es una empresa global con una gran diversidad de personas de m\u00e1s de 22 nacionalidades diferentes. Trabajar en MYLAPS significa que puedes contribuir a los eventos deportivos m\u00e1s emblem\u00e1ticos del mundo como los Juegos Ol\u00edmpicos, muchos de los principales maratones y series de carreras como NASCAR, IndyCar y MotoGP.<\/p>\n\t\t<\/div>\n\t<\/div>\n<\/div>\n\n\n<div\n\tclass=\"block content bg--white content--align-content-vertically content--cols-2 bg--blank content--arrange-half\"\n\tstyle=\"--cols: 2\">\n\t<div class=\"container\">\n\t\t\t\t\t<div class=\"content__column\">\n\t\t\t\t\t\t\t\t\t<div\n\t\t\t\t\t\t\t\t\t\t\t\tclass=\"content__type--image space-content\">\n\t\t\t\t\t\t\t\t\t\t\t\t\t\t<figure class=\"content__figure\">\n\t\t\t\t\t\t\t\t\t<img loading=\"lazy\" decoding=\"async\" width=\"750\" height=\"500\" src=\"https:\/\/mylaps.com\/wp-content\/uploads\/2024\/12\/Waarderpolder-office-servers-750x500.jpg\" class=\"content__image\" alt=\"\" srcset=\"https:\/\/mylaps.com\/wp-content\/uploads\/2024\/12\/Waarderpolder-office-servers-750x500.jpg 750w, https:\/\/mylaps.com\/wp-content\/uploads\/2024\/12\/Waarderpolder-office-servers-300x200.jpg 300w, https:\/\/mylaps.com\/wp-content\/uploads\/2024\/12\/Waarderpolder-office-servers-768x512.jpg 768w, https:\/\/mylaps.com\/wp-content\/uploads\/2024\/12\/Waarderpolder-office-servers-1024x683.jpg 1024w, https:\/\/mylaps.com\/wp-content\/uploads\/2024\/12\/Waarderpolder-office-servers-400x267.jpg 400w, https:\/\/mylaps.com\/wp-content\/uploads\/2024\/12\/Waarderpolder-office-servers-150x100.jpg 150w, https:\/\/mylaps.com\/wp-content\/uploads\/2024\/12\/Waarderpolder-office-servers.jpg 1500w\" sizes=\"auto, (max-width: 750px) 100vw, 750px\" \/>\t\t\t\t\t\t\t\t<\/figure>\n\t\t\t\t\t\t\t\t\t\t\t\t\t<\/div>\n\t\t\t\t\t\t\t<\/div>\n\t\t\t\t\t<div class=\"content__column\">\n\t\t\t\t\t\t\t\t\t<div\n\t\t\t\t\t\tdata-aos=\"fade-up\"\t\t\t\t\t\tclass=\"content__type--text space-content\">\n\t\t\t\t\t\t<p class=\"label\">\u00danete a nuestro equipo<\/p>\n<h2>Somos globales<\/h2>\n<p>MYLAPS cuenta en la actualidad con m\u00e1s de 140 empleados en todo el mundo, que trabajan desde Haarlem y <span lang=\"EN-US\">Nijmegen <\/span>(Pa\u00edses Bajos) y las oficinas internacionales de Atlanta (EE.UU.), S\u00eddney (Australia), Tokio (Jap\u00f3n), Pek\u00edn (China) y Kuala Lumpur (Malasia).<\/p>\n<p>Trabajamos sobre la base de nuestros tres valores: MI Pasi\u00f3n, MI Responsabilidad y MI Trabajo en Equipo. MYLAPS tiene una estructura profesional e informal y vemos cada d\u00eda como una oportunidad para rendir mejor que ayer, ya que la mentalidad deportiva est\u00e1 en nuestro ADN.<\/p>\n\t\t\t\t\t<\/div>\n\t\t\t\t\t\t\t<\/div>\n\t\t\t<\/div>\n<\/div>\n\n\n<div\n\tclass=\"block content bg--white content--flip-columns-on-mobile content--align-content-vertically content--cols-1 bg--blank content--arrange-half\"\n\tstyle=\"--cols: 1\">\n\t<div class=\"container--small\">\n\t\t\t\t\t<div class=\"content__column\">\n\t\t\t\t\t\t\t\t\t<div\n\t\t\t\t\t\tdata-aos=\"fade-up\"\t\t\t\t\t\tclass=\"content__type--text space-content\">\n\t\t\t\t\t\t<h2>\u00danete al equipo<\/h2>\n<h4>Vacantes actuales:<\/h4>\n\t\t\t\t\t<\/div>\n\t\t\t\t\t\t\t\t\t<div\n\t\t\t\t\t\t\t\t\t\t\t\tclass=\"content__type--cats_jobs_widget space-content\">\n\t\t\t\t\t\t\n\t\t\t\t\t\t\t\t\t<!-- Start CATS job widget v2 --><\/p>\n\t\t\t\t\t\t\t\t\t<div id=\"cats-portal-widget\"><\/div>\n\t\t\t\t\t\t\t\t\t<script>\n\t\t\t\t\t\t\t\t\t\twindow.cjw=window.cjw||function(){(cjw.instance=cjw.instance||[]).push(arguments[0])};\n\t\t\t\t\t\t\t\t\t\tcjw(\n\t\t\t\t\t\t\t\t\t\t\t{\"id\":\"\",\"domain\":\"catsone.nl\",\"subdomain\":\"mylaps\",\"target\":\"#cats-portal-widget\"}\t\t\t\t\t\t\t\t\t\t);\n\t\t\t\t\t\t\t\t\t<\/script>\n                                    \t\t\t\t\t\t\t\t\t<script async src=\"https:\/\/app.catsone.com\/resources\/entry-jobwidget.js\"><\/script><br \/>\n\t\t\t\t\t\t\t\t\t<!-- End CATS job widget -->\n\n\t\t\t\t\t\t\t\t\t\t\t\t\t\t<\/div>\n\t\t\t\t\t\t\t<\/div>\n\t\t\t<\/div>\n<\/div>\n\n\n<div\n\tclass=\"block content bg--white content--flip-columns-on-mobile content--align-content-vertically content--cols-2 bg--blank content--arrange-half\"\n\tstyle=\"--cols: 2\">\n\t<div class=\"container\">\n\t\t\t\t\t<div class=\"content__column\">\n\t\t\t\t\t\t\t\t\t<div\n\t\t\t\t\t\t\t\t\t\t\t\tclass=\"content__type--image space-content\">\n\t\t\t\t\t\t\t\t\t\t\t\t\t\t<figure class=\"content__figure\">\n\t\t\t\t\t\t\t\t\t<img loading=\"lazy\" decoding=\"async\" width=\"750\" height=\"599\" src=\"https:\/\/mylaps.com\/wp-content\/uploads\/2022\/10\/successful-mylaps-40-celebration-10-1-e1737039296446-750x599.jpg\" class=\"content__image\" alt=\"Successful MYLAPS 40 Celebration 9\" srcset=\"https:\/\/mylaps.com\/wp-content\/uploads\/2022\/10\/successful-mylaps-40-celebration-10-1-e1737039296446-750x599.jpg 750w, https:\/\/mylaps.com\/wp-content\/uploads\/2022\/10\/successful-mylaps-40-celebration-10-1-e1737039296446-300x240.jpg 300w, https:\/\/mylaps.com\/wp-content\/uploads\/2022\/10\/successful-mylaps-40-celebration-10-1-e1737039296446-1024x818.jpg 1024w, https:\/\/mylaps.com\/wp-content\/uploads\/2022\/10\/successful-mylaps-40-celebration-10-1-e1737039296446-768x613.jpg 768w, https:\/\/mylaps.com\/wp-content\/uploads\/2022\/10\/successful-mylaps-40-celebration-10-1-e1737039296446-1536x1226.jpg 1536w, https:\/\/mylaps.com\/wp-content\/uploads\/2022\/10\/successful-mylaps-40-celebration-10-1-e1737039296446-2000x1597.jpg 2000w, https:\/\/mylaps.com\/wp-content\/uploads\/2022\/10\/successful-mylaps-40-celebration-10-1-e1737039296446-400x319.jpg 400w, https:\/\/mylaps.com\/wp-content\/uploads\/2022\/10\/successful-mylaps-40-celebration-10-1-e1737039296446-125x100.jpg 125w, https:\/\/mylaps.com\/wp-content\/uploads\/2022\/10\/successful-mylaps-40-celebration-10-1-e1737039296446.jpg 2004w\" sizes=\"auto, (max-width: 750px) 100vw, 750px\" \/>\t\t\t\t\t\t\t\t<\/figure>\n\t\t\t\t\t\t\t\t\t\t\t\t\t<\/div>\n\t\t\t\t\t\t\t<\/div>\n\t\t\t\t\t<div class=\"content__column\">\n\t\t\t\t\t\t\t\t\t<div\n\t\t\t\t\t\tdata-aos=\"fade-up\"\t\t\t\t\t\tclass=\"content__type--text space-content\">\n\t\t\t\t\t\t<p class=\"label\">Pr\u00e1cticas<\/p>\n<h3>\u00a1\u00danete a nosotros e inicia tu carrera profesional!<\/h3>\n<p>MYLAPS tiene una larga experiencia trabajando con becarios en una gran variedad de departamentos como finanzas, hardware y software, ventas, marketing, ingenier\u00eda, innovaci\u00f3n y m\u00e1s.<\/p>\n<p>Nuestra empresa acoge de 4 a 6 becarios cada a\u00f1o, que desempe\u00f1an un papel esencial dentro de sus departamentos. En MYLAPS no se te pedir\u00e1 que hagas caf\u00e9s y repartas correo, queremos que desempe\u00f1es un papel activo y aportes nuevas ideas, aprendas y adquieras experiencia laboral pr\u00e1ctica. Cada becario tiene un mentor para asegurar su progreso.<\/p>\n<p>A lo largo de los a\u00f1os, hemos tenido varios becarios que solicitaron con \u00e9xito un puesto vacante en MYLAPS. Por tanto, estamos muy orgullosos de ofrecer un entorno de aprendizaje inspirador para los estudiantes.<\/p>\n<p>Consulte nuestras ofertas de pr\u00e1cticas en \u00ab\u00danete al equipo\u00bb.<\/p>\n\t\t\t\t\t<\/div>\n\t\t\t\t\t\t\t<\/div>\n\t\t\t<\/div>\n<\/div>\n\n\n<div\n\tclass=\"block content bg--white content--cols-1 bg--blank content--arrange-half\"\n\tstyle=\"--cols: 1\">\n\t<div class=\"container--small\">\n\t\t\t\t\t<div class=\"content__column\">\n\t\t\t\t\t\t\t\t\t<div\n\t\t\t\t\t\tdata-aos=\"fade-up\"\t\t\t\t\t\tclass=\"content__type--text space-content\">\n\t\t\t\t\t\t<p>Tenga en cuenta que trabajamos con una pol\u00edtica de proveedor preferente, por lo que rogamos a todas las dem\u00e1s agencias de contrataci\u00f3n que se abstengan de ponerse en contacto con nosotros.<\/p>\n<p>Gracias por respetar nuestra pol\u00edtica.<\/p>\n\t\t\t\t\t<\/div>\n\t\t\t\t\t\t\t<\/div>\n\t\t\t<\/div>\n<\/div>\n","protected":false},"excerpt":{"rendered":"<p>Empleo MYLAPS es una empresa global con una gran diversidad de personas de m\u00e1s de 22 nacionalidades diferentes. Trabajar en MYLAPS significa que puedes contribuir a los eventos deportivos m\u00e1s emblem\u00e1ticos del mundo como los Juegos Ol\u00edmpicos, muchos de los principales maratones y series de carreras como NASCAR, IndyCar y MotoGP. \u00danete a nuestro equipo Somos globales MYLAPS cuenta actualmente con m\u00e1s de 140 empleados en todo el mundo, que trabajan desde Haarlem y Nijmegen (Pa\u00edses Bajos) y oficinas internacionales con sede en Atlanta (EE.UU.), Sydney (Australia), Tokio (Jap\u00f3n), Pek\u00edn (China) y Kuala Lumpur (Malasia). Trabajamos sobre la base de nuestros tres valores: MI Pasi\u00f3n, MI Responsabilidad y MI Trabajo en Equipo. MYLAPS tiene una [&#8230;]<\/p>\n","protected":false},"author":3,"featured_media":317,"parent":159,"menu_order":0,"comment_status":"closed","ping_status":"closed","template":"","meta":{"_acf_changed":false,"content-type":"","_trash_the_other_posts":false,"editor_notices":[],"footnotes":""},"class_list":["post-315","page","type-page","status-publish","has-post-thumbnail","hentry"],"acf":[],"yoast_head":"<!-- This site is optimized with the Yoast SEO Premium plugin v27.0 (Yoast SEO v27.0) - https:\/\/yoast.com\/product\/yoast-seo-premium-wordpress\/ -->\n<title>Empleo - MYLAPS - Espana<\/title>\n<meta name=\"description\" content=\"MYLAPS es una empresa global con una gran diversidad de personas de m\u00e1s de 27 nacionalidades diferentes. Trabajar en MYLAPS significa que puedes contribuir a los eventos deportivos m\u00e1s emblem\u00e1ticos del mundo, como los Juegos Ol\u00edmpicos, muchos de los principales maratones y series de carreras como NASCAR, IndyCar y MotoGP.\" \/>\n<meta name=\"robots\" content=\"index, follow, max-snippet:-1, max-image-preview:large, max-video-preview:-1\" \/>\n<link rel=\"canonical\" href=\"https:\/\/mylaps.com\/es\/sobre-nosotros\/puestos-de-trabajo\/\" \/>\n<meta property=\"og:locale\" content=\"en_US\" \/>\n<meta property=\"og:type\" content=\"article\" \/>\n<meta property=\"og:title\" content=\"Empleo\" \/>\n<meta property=\"og:description\" content=\"MYLAPS es una empresa global con una gran diversidad de personas de m\u00e1s de 27 nacionalidades diferentes. Trabajar en MYLAPS significa que puedes contribuir a los eventos deportivos m\u00e1s emblem\u00e1ticos del mundo, como los Juegos Ol\u00edmpicos, muchos de los principales maratones y series de carreras como NASCAR, IndyCar y MotoGP.\" \/>\n<meta property=\"og:url\" content=\"https:\/\/mylaps.com\/es\/sobre-nosotros\/puestos-de-trabajo\/\" \/>\n<meta property=\"og:site_name\" content=\"MYLAPS - Espana\" \/>\n<meta property=\"article:modified_time\" content=\"2025-05-15T08:00:24+00:00\" \/>\n<meta property=\"og:image\" content=\"https:\/\/mylaps.com\/wp-content\/uploads\/2024\/12\/Waarderpolder-office-servers.jpg\" \/>\n\t<meta property=\"og:image:width\" content=\"1500\" \/>\n\t<meta property=\"og:image:height\" content=\"1000\" \/>\n\t<meta property=\"og:image:type\" content=\"image\/jpeg\" \/>\n<meta name=\"twitter:card\" content=\"summary_large_image\" \/>\n<meta name=\"twitter:label1\" content=\"Est. reading time\" \/>\n\t<meta name=\"twitter:data1\" content=\"3 minutes\" \/>\n<script type=\"application\/ld+json\" class=\"yoast-schema-graph\">{\"@context\":\"https:\/\/schema.org\",\"@graph\":[{\"@type\":\"WebPage\",\"@id\":\"https:\/\/mylaps.com\/es\/sobre-nosotros\/puestos-de-trabajo\/\",\"url\":\"https:\/\/mylaps.com\/es\/sobre-nosotros\/puestos-de-trabajo\/\",\"name\":\"Empleo - MYLAPS - Espana\",\"isPartOf\":{\"@id\":\"https:\/\/mylaps.com\/es\/#website\"},\"primaryImageOfPage\":{\"@id\":\"https:\/\/mylaps.com\/es\/sobre-nosotros\/puestos-de-trabajo\/#primaryimage\"},\"image\":{\"@id\":\"https:\/\/mylaps.com\/es\/sobre-nosotros\/puestos-de-trabajo\/#primaryimage\"},\"thumbnailUrl\":\"https:\/\/mylaps.com\/wp-content\/uploads\/2024\/12\/Waarderpolder-office-servers.jpg\",\"datePublished\":\"2024-12-09T14:33:15+00:00\",\"dateModified\":\"2025-05-15T08:00:24+00:00\",\"description\":\"MYLAPS es una empresa global con una gran diversidad de personas de m\u00e1s de 27 nacionalidades diferentes. Trabajar en MYLAPS significa que puedes contribuir a los eventos deportivos m\u00e1s emblem\u00e1ticos del mundo, como los Juegos Ol\u00edmpicos, muchos de los principales maratones y series de carreras como NASCAR, IndyCar y MotoGP.\",\"breadcrumb\":{\"@id\":\"https:\/\/mylaps.com\/es\/sobre-nosotros\/puestos-de-trabajo\/#breadcrumb\"},\"inLanguage\":\"en-US\",\"potentialAction\":[{\"@type\":\"ReadAction\",\"target\":[\"https:\/\/mylaps.com\/es\/sobre-nosotros\/puestos-de-trabajo\/\"]}]},{\"@type\":\"ImageObject\",\"inLanguage\":\"en-US\",\"@id\":\"https:\/\/mylaps.com\/es\/sobre-nosotros\/puestos-de-trabajo\/#primaryimage\",\"url\":\"https:\/\/mylaps.com\/wp-content\/uploads\/2024\/12\/Waarderpolder-office-servers.jpg\",\"contentUrl\":\"https:\/\/mylaps.com\/wp-content\/uploads\/2024\/12\/Waarderpolder-office-servers.jpg\",\"width\":1500,\"height\":1000},{\"@type\":\"BreadcrumbList\",\"@id\":\"https:\/\/mylaps.com\/es\/sobre-nosotros\/puestos-de-trabajo\/#breadcrumb\",\"itemListElement\":[{\"@type\":\"ListItem\",\"position\":1,\"name\":\"Home\",\"item\":\"https:\/\/mylaps.com\/es\/\"},{\"@type\":\"ListItem\",\"position\":2,\"name\":\"Sobre nosotros\",\"item\":\"https:\/\/mylaps.com\/es\/sobre-nosotros\/\"},{\"@type\":\"ListItem\",\"position\":3,\"name\":\"Empleo\"}]},{\"@type\":\"WebSite\",\"@id\":\"https:\/\/mylaps.com\/es\/#website\",\"url\":\"https:\/\/mylaps.com\/es\/\",\"name\":\"MYLAPS\",\"description\":\"MYLAPS Sports Timing - The Industry&#039;s Most Reliable and Accurate Timing and Data Solutions\",\"potentialAction\":[{\"@type\":\"SearchAction\",\"target\":{\"@type\":\"EntryPoint\",\"urlTemplate\":\"https:\/\/mylaps.com\/es\/?s={search_term_string}\"},\"query-input\":{\"@type\":\"PropertyValueSpecification\",\"valueRequired\":true,\"valueName\":\"search_term_string\"}}],\"inLanguage\":\"en-US\"}]}<\/script>\n<!-- \/ Yoast SEO Premium plugin. -->","yoast_head_json":{"title":"Empleo - MYLAPS - Espana","description":"MYLAPS es una empresa global con una gran diversidad de personas de m\u00e1s de 27 nacionalidades diferentes. Trabajar en MYLAPS significa que puedes contribuir a los eventos deportivos m\u00e1s emblem\u00e1ticos del mundo, como los Juegos Ol\u00edmpicos, muchos de los principales maratones y series de carreras como NASCAR, IndyCar y MotoGP.","robots":{"index":"index","follow":"follow","max-snippet":"max-snippet:-1","max-image-preview":"max-image-preview:large","max-video-preview":"max-video-preview:-1"},"canonical":"https:\/\/mylaps.com\/es\/sobre-nosotros\/puestos-de-trabajo\/","og_locale":"en_US","og_type":"article","og_title":"Empleo","og_description":"MYLAPS es una empresa global con una gran diversidad de personas de m\u00e1s de 27 nacionalidades diferentes. Trabajar en MYLAPS significa que puedes contribuir a los eventos deportivos m\u00e1s emblem\u00e1ticos del mundo, como los Juegos Ol\u00edmpicos, muchos de los principales maratones y series de carreras como NASCAR, IndyCar y MotoGP.","og_url":"https:\/\/mylaps.com\/es\/sobre-nosotros\/puestos-de-trabajo\/","og_site_name":"MYLAPS - Espana","article_modified_time":"2025-05-15T08:00:24+00:00","og_image":[{"width":1500,"height":1000,"url":"https:\/\/mylaps.com\/wp-content\/uploads\/2024\/12\/Waarderpolder-office-servers.jpg","type":"image\/jpeg"}],"twitter_card":"summary_large_image","twitter_misc":{"Est. reading time":"3 minutes"},"schema":{"@context":"https:\/\/schema.org","@graph":[{"@type":"WebPage","@id":"https:\/\/mylaps.com\/es\/sobre-nosotros\/puestos-de-trabajo\/","url":"https:\/\/mylaps.com\/es\/sobre-nosotros\/puestos-de-trabajo\/","name":"Empleo - MYLAPS - Espana","isPartOf":{"@id":"https:\/\/mylaps.com\/es\/#website"},"primaryImageOfPage":{"@id":"https:\/\/mylaps.com\/es\/sobre-nosotros\/puestos-de-trabajo\/#primaryimage"},"image":{"@id":"https:\/\/mylaps.com\/es\/sobre-nosotros\/puestos-de-trabajo\/#primaryimage"},"thumbnailUrl":"https:\/\/mylaps.com\/wp-content\/uploads\/2024\/12\/Waarderpolder-office-servers.jpg","datePublished":"2024-12-09T14:33:15+00:00","dateModified":"2025-05-15T08:00:24+00:00","description":"MYLAPS es una empresa global con una gran diversidad de personas de m\u00e1s de 27 nacionalidades diferentes. Trabajar en MYLAPS significa que puedes contribuir a los eventos deportivos m\u00e1s emblem\u00e1ticos del mundo, como los Juegos Ol\u00edmpicos, muchos de los principales maratones y series de carreras como NASCAR, IndyCar y MotoGP.","breadcrumb":{"@id":"https:\/\/mylaps.com\/es\/sobre-nosotros\/puestos-de-trabajo\/#breadcrumb"},"inLanguage":"en-US","potentialAction":[{"@type":"ReadAction","target":["https:\/\/mylaps.com\/es\/sobre-nosotros\/puestos-de-trabajo\/"]}]},{"@type":"ImageObject","inLanguage":"en-US","@id":"https:\/\/mylaps.com\/es\/sobre-nosotros\/puestos-de-trabajo\/#primaryimage","url":"https:\/\/mylaps.com\/wp-content\/uploads\/2024\/12\/Waarderpolder-office-servers.jpg","contentUrl":"https:\/\/mylaps.com\/wp-content\/uploads\/2024\/12\/Waarderpolder-office-servers.jpg","width":1500,"height":1000},{"@type":"BreadcrumbList","@id":"https:\/\/mylaps.com\/es\/sobre-nosotros\/puestos-de-trabajo\/#breadcrumb","itemListElement":[{"@type":"ListItem","position":1,"name":"Home","item":"https:\/\/mylaps.com\/es\/"},{"@type":"ListItem","position":2,"name":"Sobre nosotros","item":"https:\/\/mylaps.com\/es\/sobre-nosotros\/"},{"@type":"ListItem","position":3,"name":"Empleo"}]},{"@type":"WebSite","@id":"https:\/\/mylaps.com\/es\/#website","url":"https:\/\/mylaps.com\/es\/","name":"MYLAPS","description":"MYLAPS Sports Timing - The Industry&#039;s Most Reliable and Accurate Timing and Data Solutions","potentialAction":[{"@type":"SearchAction","target":{"@type":"EntryPoint","urlTemplate":"https:\/\/mylaps.com\/es\/?s={search_term_string}"},"query-input":{"@type":"PropertyValueSpecification","valueRequired":true,"valueName":"search_term_string"}}],"inLanguage":"en-US"}]}},"_links":{"self":[{"href":"https:\/\/mylaps.com\/es\/wp-json\/wp\/v2\/pages\/315","targetHints":{"allow":["GET"]}}],"collection":[{"href":"https:\/\/mylaps.com\/es\/wp-json\/wp\/v2\/pages"}],"about":[{"href":"https:\/\/mylaps.com\/es\/wp-json\/wp\/v2\/types\/page"}],"author":[{"embeddable":true,"href":"https:\/\/mylaps.com\/es\/wp-json\/wp\/v2\/users\/3"}],"replies":[{"embeddable":true,"href":"https:\/\/mylaps.com\/es\/wp-json\/wp\/v2\/comments?post=315"}],"version-history":[{"count":10,"href":"https:\/\/mylaps.com\/es\/wp-json\/wp\/v2\/pages\/315\/revisions"}],"predecessor-version":[{"id":35273,"href":"https:\/\/mylaps.com\/es\/wp-json\/wp\/v2\/pages\/315\/revisions\/35273"}],"up":[{"embeddable":true,"href":"https:\/\/mylaps.com\/es\/wp-json\/wp\/v2\/pages\/159"}],"wp:featuredmedia":[{"embeddable":true,"href":"https:\/\/mylaps.com\/es\/wp-json\/wp\/v2\/media\/317"}],"wp:attachment":[{"href":"https:\/\/mylaps.com\/es\/wp-json\/wp\/v2\/media?parent=315"}],"curies":[{"name":"wp","href":"https:\/\/api.w.org\/{rel}","templated":true}]}}