{"id":321,"date":"2024-12-09T15:26:46","date_gmt":"2024-12-09T15:26:46","guid":{"rendered":"https:\/\/mylaps.com\/?page_id=321"},"modified":"2025-08-29T06:19:04","modified_gmt":"2025-08-29T06:19:04","slug":"oficinas","status":"publish","type":"page","link":"https:\/\/mylaps.com\/es\/sobre-nosotros\/oficinas\/","title":{"rendered":"Oficinas"},"content":{"rendered":"<div class=\"block hero hero--background-img hero--content-lb\">\n\t<img loading=\"lazy\" decoding=\"async\" width=\"2000\" height=\"1258\" src=\"https:\/\/mylaps.com\/wp-content\/uploads\/2025\/01\/pand-met-logo-2000x1258.jpg\" class=\"hero__background\" alt=\"\" srcset=\"https:\/\/mylaps.com\/wp-content\/uploads\/2025\/01\/pand-met-logo-2000x1258.jpg 2000w, https:\/\/mylaps.com\/wp-content\/uploads\/2025\/01\/pand-met-logo-300x189.jpg 300w, https:\/\/mylaps.com\/wp-content\/uploads\/2025\/01\/pand-met-logo-1024x644.jpg 1024w, https:\/\/mylaps.com\/wp-content\/uploads\/2025\/01\/pand-met-logo-768x483.jpg 768w, https:\/\/mylaps.com\/wp-content\/uploads\/2025\/01\/pand-met-logo-1536x966.jpg 1536w, https:\/\/mylaps.com\/wp-content\/uploads\/2025\/01\/pand-met-logo-2048x1288.jpg 2048w, https:\/\/mylaps.com\/wp-content\/uploads\/2025\/01\/pand-met-logo-750x472.jpg 750w, https:\/\/mylaps.com\/wp-content\/uploads\/2025\/01\/pand-met-logo-400x252.jpg 400w, https:\/\/mylaps.com\/wp-content\/uploads\/2025\/01\/pand-met-logo-159x100.jpg 159w\" sizes=\"auto, (max-width: 2000px) 100vw, 2000px\" \/>\n\t<div class=\"container\">\n\t\t<div class=\"hero__content space-content\">\n\t\t\t\t\t\t\t<h1>\n\t\t\t\t\tOficinas\t\t\t\t<\/h1>\n\t\t\t\n\t\t\t<p>Somos una organizaci\u00f3n global con una presencia creciente en los mercados emergentes. Con nuestra sede central en Haarlem (Pa\u00edses Bajos), tambi\u00e9n contamos con instalaciones y oficinas en China, Jap\u00f3n, Malasia, Australia y Estados Unidos. Desde estas oficinas internacionales, somos capaces de dar servicio a todos los continentes del mundo. A continuaci\u00f3n encontrar\u00e1 un resumen de nuestros establecimientos.<\/p>\n\t\t<\/div>\n\t<\/div>\n<\/div>\n\n\n<div\n\tclass=\"block content bg--white content--cols-2 bg--blank content--arrange-half\"\n\tstyle=\"--cols: 2\">\n\t<div class=\"container\">\n\t\t\t\t\t<div class=\"content__column\">\n\t\t\t\t\t\t\t\t\t<div\n\t\t\t\t\t\tdata-aos=\"fade-up\"\t\t\t\t\t\tclass=\"content__type--text space-content\">\n\t\t\t\t\t\t<h3>MYLAPS Europa, Oriente Medio y \u00c1frica<\/h3>\n<p>Sede de MYLAPS<br \/>\nZuiderhoutlaan 4<br \/>\n2012 PJ Haarlem<br \/>\nPa\u00edses Bajos<br \/>\nTel: +31 (0)23 760 0100<br \/>\n<a href=\"mailto:info@mylaps.com\">info@mylaps.com<\/a><br \/>\nKamer van Koophandel nummer = 34053090<br \/>\nBTW nummer = N\u00famero de IVA = NL 8062.91.886B01<br \/>\n(s\u00f3lo se aplica a la oficina holandesa, MYLAPS BV)<\/p>\n<h3>MYLAPS Asia<\/h3>\n<div>Suite C104, First Floor, Central Wing<br \/>\nWisma Consplant 1<br \/>\nNo. 2, Jalan SS16\/4<br \/>\n47500 Subang Jaya<br \/>\nSelangor, Malasia<br \/>\nTel: +60 330101258<br \/>\n<a href=\"mailto:info.asia@mylaps.com\">info.asia@mylaps.com<\/a><\/div>\n<h3>MYLAPS Japan<\/h3>\n<p>The Open House 202,<br \/>\n1-4-23 Higashi, Shibuya-ku,<br \/>\nTokio, 150-0011 JAP\u00d3N<br \/>\nTel: +81-(0)3-6418-8209<br \/>\n<a href=\"mailto:info.japan@mylaps.com\">info.japan@mylaps.com<\/a><\/p>\n<h3>MYLAPS Producci\u00f3n y Log\u00edstica<\/h3>\n<p>Direcci\u00f3n de reparaciones y devoluciones para Europa, Oriente Medio y \u00c1frica<br \/>\nA. Hofmanweg 50<br \/>\n2031 BL Haarlem<br \/>\nPa\u00edses Bajos<\/p>\n\t\t\t\t\t<\/div>\n\t\t\t\t\t\t\t<\/div>\n\t\t\t\t\t<div class=\"content__column\">\n\t\t\t\t\t\t\t\t\t<div\n\t\t\t\t\t\tdata-aos=\"fade-up\"\t\t\t\t\t\tclass=\"content__type--text space-content\">\n\t\t\t\t\t\t<h3>MYLAPS Norteam\u00e9rica y Sudam\u00e9rica<\/h3>\n<p>2030 Powers Ferry Road (Southeast)<br \/>\nSuite 110<br \/>\nAtlanta, GA 30339<br \/>\nEstados Unidos<br \/>\nTel: +1 (678) 816-4000<br \/>\n<a href=\"mailto:info.americas@mylaps.com\">info.americas@mylaps.com<\/a><\/p>\n<h3>MYLAPS Australia y Asia Pac\u00edfico<\/h3>\n<p>Suite 10\/33 Waterloo Rd, Macquarie Park<br \/>\nNSW, 2113<br \/>\nAustralia<br \/>\nTel: <span data-olk-copy-source=\"MessageBody\">+61 2 5005 7690<\/span><br \/>\n<a href=\"mailto:info.asia.pacific@mylaps.com\">info.asia.pacific@mylaps.com<\/a><\/p>\n<h3>MYLAPS China<\/h3>\n<p>Kevin Wang<br \/>\nPek\u00edn, China<br \/>\n<a href=\"mailto:kevin.wang@mylaps.com\">kevin.wang@mylaps.com<\/a><\/p>\n<h3>Servicios de cronometraje MYLAPS<\/h3>\n<p>Industrieweg 50 &#8211; C1<br \/>\n6541 TW Nijmegen<\/p>\n<p><a href=\"mailto:infonl@mylaps.com\">infonl@mylaps.com<\/a><\/p>\n\t\t\t\t\t<\/div>\n\t\t\t\t\t\t\t<\/div>\n\t\t\t<\/div>\n<\/div>\n\n\n<div class=\"block hero hero--background-img\">\n\t<img loading=\"lazy\" decoding=\"async\" width=\"2000\" height=\"842\" src=\"https:\/\/mylaps.com\/wp-content\/uploads\/2025\/06\/21897_MYLAPS_Worldmap_Offices-desktop_2000x842px-1.svg\" class=\"hero__background\" alt=\"MYLAPS Offices World Map\" \/><img loading=\"lazy\" decoding=\"async\" width=\"750\" height=\"1332\" src=\"https:\/\/mylaps.com\/wp-content\/uploads\/2025\/06\/21897_MYLAPS_Worldmap_Offices-mobile_412x732px-1-750x1332.jpg\" class=\"hero__background--mobile\" alt=\"MYLAPS Offices World Map\" srcset=\"https:\/\/mylaps.com\/wp-content\/uploads\/2025\/06\/21897_MYLAPS_Worldmap_Offices-mobile_412x732px-1-750x1332.jpg 750w, https:\/\/mylaps.com\/wp-content\/uploads\/2025\/06\/21897_MYLAPS_Worldmap_Offices-mobile_412x732px-1-169x300.jpg 169w, https:\/\/mylaps.com\/wp-content\/uploads\/2025\/06\/21897_MYLAPS_Worldmap_Offices-mobile_412x732px-1-576x1024.jpg 576w, https:\/\/mylaps.com\/wp-content\/uploads\/2025\/06\/21897_MYLAPS_Worldmap_Offices-mobile_412x732px-1-768x1364.jpg 768w, https:\/\/mylaps.com\/wp-content\/uploads\/2025\/06\/21897_MYLAPS_Worldmap_Offices-mobile_412x732px-1-865x1536.jpg 865w, https:\/\/mylaps.com\/wp-content\/uploads\/2025\/06\/21897_MYLAPS_Worldmap_Offices-mobile_412x732px-1-1153x2048.jpg 1153w, https:\/\/mylaps.com\/wp-content\/uploads\/2025\/06\/21897_MYLAPS_Worldmap_Offices-mobile_412x732px-1-400x711.jpg 400w, https:\/\/mylaps.com\/wp-content\/uploads\/2025\/06\/21897_MYLAPS_Worldmap_Offices-mobile_412x732px-1-56x100.jpg 56w, https:\/\/mylaps.com\/wp-content\/uploads\/2025\/06\/21897_MYLAPS_Worldmap_Offices-mobile_412x732px-1.jpg 1441w\" sizes=\"auto, (max-width: 750px) 100vw, 750px\" \/>\n\t<div class=\"container\">\n\t\t<div class=\"hero__content space-content\">\n\t\t\t\n\t\t\t\t\t<\/div>\n\t<\/div>\n<\/div>\n","protected":false},"excerpt":{"rendered":"<p>Oficinas Somos una organizaci\u00f3n global con una presencia creciente en los mercados emergentes. Con nuestra sede central en Haarlem (Pa\u00edses Bajos), tambi\u00e9n contamos con instalaciones y oficinas en China, Jap\u00f3n, Malasia, Australia y Estados Unidos. Desde estas oficinas internacionales, somos capaces de dar servicio a todos los continentes del mundo. A continuaci\u00f3n encontrar\u00e1 un resumen de nuestros establecimientos. MYLAPS Europa, Oriente Medio y \u00c1frica Sede central de MYLAPS Zuiderhoutlaan 4 2012 PJ Haarlem Pa\u00edses Bajos Tel\u00e9fono: +31 (0)23 760 0100 Fax: +31 (0)23 529 0156 info@mylaps.com Kamer van Koophandel nummer = 34053090 BTW nummer = N\u00famero de IVA = NL 8062.91.886B01 (s\u00f3lo se aplica para [&#8230;]<\/p>\n","protected":false},"author":3,"featured_media":35286,"parent":159,"menu_order":0,"comment_status":"closed","ping_status":"closed","template":"","meta":{"_acf_changed":false,"content-type":"","_trash_the_other_posts":false,"editor_notices":[],"footnotes":""},"class_list":["post-321","page","type-page","status-publish","has-post-thumbnail","hentry"],"acf":[],"yoast_head":"<!-- This site is optimized with the Yoast SEO Premium plugin v27.0 (Yoast SEO v27.0) - https:\/\/yoast.com\/product\/yoast-seo-premium-wordpress\/ -->\n<title>Oficinas - MYLAPS - Espana<\/title>\n<meta name=\"description\" content=\"MYLAPS es una organizaci\u00f3n mundial con oficinas en los Pa\u00edses Bajos, China, Jap\u00f3n, Malasia, Australia y Estados Unidos.\" \/>\n<meta name=\"robots\" content=\"index, follow, max-snippet:-1, max-image-preview:large, max-video-preview:-1\" \/>\n<link rel=\"canonical\" href=\"https:\/\/mylaps.com\/es\/sobre-nosotros\/oficinas\/\" \/>\n<meta property=\"og:locale\" content=\"en_US\" \/>\n<meta property=\"og:type\" content=\"article\" \/>\n<meta property=\"og:title\" content=\"Oficinas\" \/>\n<meta property=\"og:description\" content=\"MYLAPS es una organizaci\u00f3n mundial con oficinas en los Pa\u00edses Bajos, China, Jap\u00f3n, Malasia, Australia y Estados Unidos.\" \/>\n<meta property=\"og:url\" content=\"https:\/\/mylaps.com\/es\/sobre-nosotros\/oficinas\/\" \/>\n<meta property=\"og:site_name\" content=\"MYLAPS - Espana\" \/>\n<meta property=\"article:modified_time\" content=\"2025-08-29T06:19:04+00:00\" \/>\n<meta name=\"twitter:card\" content=\"summary_large_image\" \/>\n<meta name=\"twitter:label1\" content=\"Est. reading time\" \/>\n\t<meta name=\"twitter:data1\" content=\"3 minutes\" \/>\n<script type=\"application\/ld+json\" class=\"yoast-schema-graph\">{\"@context\":\"https:\/\/schema.org\",\"@graph\":[{\"@type\":\"WebPage\",\"@id\":\"https:\/\/mylaps.com\/es\/sobre-nosotros\/oficinas\/\",\"url\":\"https:\/\/mylaps.com\/es\/sobre-nosotros\/oficinas\/\",\"name\":\"Oficinas - MYLAPS - Espana\",\"isPartOf\":{\"@id\":\"https:\/\/mylaps.com\/es\/#website\"},\"primaryImageOfPage\":{\"@id\":\"https:\/\/mylaps.com\/es\/sobre-nosotros\/oficinas\/#primaryimage\"},\"image\":{\"@id\":\"https:\/\/mylaps.com\/es\/sobre-nosotros\/oficinas\/#primaryimage\"},\"thumbnailUrl\":\"https:\/\/mylaps.com\/wp-content\/uploads\/2025\/06\/21897_MYLAPS_Worldmap_Offices-desktop_2000x842px-1.svg\",\"datePublished\":\"2024-12-09T15:26:46+00:00\",\"dateModified\":\"2025-08-29T06:19:04+00:00\",\"description\":\"MYLAPS es una organizaci\u00f3n mundial con oficinas en los Pa\u00edses Bajos, China, Jap\u00f3n, Malasia, Australia y Estados Unidos.\",\"breadcrumb\":{\"@id\":\"https:\/\/mylaps.com\/es\/sobre-nosotros\/oficinas\/#breadcrumb\"},\"inLanguage\":\"en-US\",\"potentialAction\":[{\"@type\":\"ReadAction\",\"target\":[\"https:\/\/mylaps.com\/es\/sobre-nosotros\/oficinas\/\"]}]},{\"@type\":\"ImageObject\",\"inLanguage\":\"en-US\",\"@id\":\"https:\/\/mylaps.com\/es\/sobre-nosotros\/oficinas\/#primaryimage\",\"url\":\"https:\/\/mylaps.com\/wp-content\/uploads\/2025\/06\/21897_MYLAPS_Worldmap_Offices-desktop_2000x842px-1.svg\",\"contentUrl\":\"https:\/\/mylaps.com\/wp-content\/uploads\/2025\/06\/21897_MYLAPS_Worldmap_Offices-desktop_2000x842px-1.svg\",\"width\":2000,\"height\":842,\"caption\":\"MYLAPS Offices World Map\"},{\"@type\":\"BreadcrumbList\",\"@id\":\"https:\/\/mylaps.com\/es\/sobre-nosotros\/oficinas\/#breadcrumb\",\"itemListElement\":[{\"@type\":\"ListItem\",\"position\":1,\"name\":\"Home\",\"item\":\"https:\/\/mylaps.com\/es\/\"},{\"@type\":\"ListItem\",\"position\":2,\"name\":\"Sobre nosotros\",\"item\":\"https:\/\/mylaps.com\/es\/sobre-nosotros\/\"},{\"@type\":\"ListItem\",\"position\":3,\"name\":\"Oficinas\"}]},{\"@type\":\"WebSite\",\"@id\":\"https:\/\/mylaps.com\/es\/#website\",\"url\":\"https:\/\/mylaps.com\/es\/\",\"name\":\"MYLAPS\",\"description\":\"MYLAPS Sports Timing - The Industry&#039;s Most Reliable and Accurate Timing and Data Solutions\",\"potentialAction\":[{\"@type\":\"SearchAction\",\"target\":{\"@type\":\"EntryPoint\",\"urlTemplate\":\"https:\/\/mylaps.com\/es\/?s={search_term_string}\"},\"query-input\":{\"@type\":\"PropertyValueSpecification\",\"valueRequired\":true,\"valueName\":\"search_term_string\"}}],\"inLanguage\":\"en-US\"}]}<\/script>\n<!-- \/ Yoast SEO Premium plugin. -->","yoast_head_json":{"title":"Oficinas - MYLAPS - Espana","description":"MYLAPS es una organizaci\u00f3n mundial con oficinas en los Pa\u00edses Bajos, China, Jap\u00f3n, Malasia, Australia y Estados Unidos.","robots":{"index":"index","follow":"follow","max-snippet":"max-snippet:-1","max-image-preview":"max-image-preview:large","max-video-preview":"max-video-preview:-1"},"canonical":"https:\/\/mylaps.com\/es\/sobre-nosotros\/oficinas\/","og_locale":"en_US","og_type":"article","og_title":"Oficinas","og_description":"MYLAPS es una organizaci\u00f3n mundial con oficinas en los Pa\u00edses Bajos, China, Jap\u00f3n, Malasia, Australia y Estados Unidos.","og_url":"https:\/\/mylaps.com\/es\/sobre-nosotros\/oficinas\/","og_site_name":"MYLAPS - Espana","article_modified_time":"2025-08-29T06:19:04+00:00","twitter_card":"summary_large_image","twitter_misc":{"Est. reading time":"3 minutes"},"schema":{"@context":"https:\/\/schema.org","@graph":[{"@type":"WebPage","@id":"https:\/\/mylaps.com\/es\/sobre-nosotros\/oficinas\/","url":"https:\/\/mylaps.com\/es\/sobre-nosotros\/oficinas\/","name":"Oficinas - MYLAPS - Espana","isPartOf":{"@id":"https:\/\/mylaps.com\/es\/#website"},"primaryImageOfPage":{"@id":"https:\/\/mylaps.com\/es\/sobre-nosotros\/oficinas\/#primaryimage"},"image":{"@id":"https:\/\/mylaps.com\/es\/sobre-nosotros\/oficinas\/#primaryimage"},"thumbnailUrl":"https:\/\/mylaps.com\/wp-content\/uploads\/2025\/06\/21897_MYLAPS_Worldmap_Offices-desktop_2000x842px-1.svg","datePublished":"2024-12-09T15:26:46+00:00","dateModified":"2025-08-29T06:19:04+00:00","description":"MYLAPS es una organizaci\u00f3n mundial con oficinas en los Pa\u00edses Bajos, China, Jap\u00f3n, Malasia, Australia y Estados Unidos.","breadcrumb":{"@id":"https:\/\/mylaps.com\/es\/sobre-nosotros\/oficinas\/#breadcrumb"},"inLanguage":"en-US","potentialAction":[{"@type":"ReadAction","target":["https:\/\/mylaps.com\/es\/sobre-nosotros\/oficinas\/"]}]},{"@type":"ImageObject","inLanguage":"en-US","@id":"https:\/\/mylaps.com\/es\/sobre-nosotros\/oficinas\/#primaryimage","url":"https:\/\/mylaps.com\/wp-content\/uploads\/2025\/06\/21897_MYLAPS_Worldmap_Offices-desktop_2000x842px-1.svg","contentUrl":"https:\/\/mylaps.com\/wp-content\/uploads\/2025\/06\/21897_MYLAPS_Worldmap_Offices-desktop_2000x842px-1.svg","width":2000,"height":842,"caption":"MYLAPS Offices World Map"},{"@type":"BreadcrumbList","@id":"https:\/\/mylaps.com\/es\/sobre-nosotros\/oficinas\/#breadcrumb","itemListElement":[{"@type":"ListItem","position":1,"name":"Home","item":"https:\/\/mylaps.com\/es\/"},{"@type":"ListItem","position":2,"name":"Sobre nosotros","item":"https:\/\/mylaps.com\/es\/sobre-nosotros\/"},{"@type":"ListItem","position":3,"name":"Oficinas"}]},{"@type":"WebSite","@id":"https:\/\/mylaps.com\/es\/#website","url":"https:\/\/mylaps.com\/es\/","name":"MYLAPS","description":"MYLAPS Sports Timing - The Industry&#039;s Most Reliable and Accurate Timing and Data Solutions","potentialAction":[{"@type":"SearchAction","target":{"@type":"EntryPoint","urlTemplate":"https:\/\/mylaps.com\/es\/?s={search_term_string}"},"query-input":{"@type":"PropertyValueSpecification","valueRequired":true,"valueName":"search_term_string"}}],"inLanguage":"en-US"}]}},"_links":{"self":[{"href":"https:\/\/mylaps.com\/es\/wp-json\/wp\/v2\/pages\/321","targetHints":{"allow":["GET"]}}],"collection":[{"href":"https:\/\/mylaps.com\/es\/wp-json\/wp\/v2\/pages"}],"about":[{"href":"https:\/\/mylaps.com\/es\/wp-json\/wp\/v2\/types\/page"}],"author":[{"embeddable":true,"href":"https:\/\/mylaps.com\/es\/wp-json\/wp\/v2\/users\/3"}],"replies":[{"embeddable":true,"href":"https:\/\/mylaps.com\/es\/wp-json\/wp\/v2\/comments?post=321"}],"version-history":[{"count":10,"href":"https:\/\/mylaps.com\/es\/wp-json\/wp\/v2\/pages\/321\/revisions"}],"predecessor-version":[{"id":41502,"href":"https:\/\/mylaps.com\/es\/wp-json\/wp\/v2\/pages\/321\/revisions\/41502"}],"up":[{"embeddable":true,"href":"https:\/\/mylaps.com\/es\/wp-json\/wp\/v2\/pages\/159"}],"wp:featuredmedia":[{"embeddable":true,"href":"https:\/\/mylaps.com\/es\/wp-json\/wp\/v2\/media\/35286"}],"wp:attachment":[{"href":"https:\/\/mylaps.com\/es\/wp-json\/wp\/v2\/media?parent=321"}],"curies":[{"name":"wp","href":"https:\/\/api.w.org\/{rel}","templated":true}]}}