{"id":33000,"date":"2025-01-07T09:38:05","date_gmt":"2025-01-07T09:38:05","guid":{"rendered":"https:\/\/mylaps.com\/?page_id=33000"},"modified":"2026-03-19T10:26:46","modified_gmt":"2026-03-19T10:26:46","slug":"eventapp","status":"publish","type":"page","link":"https:\/\/mylaps.com\/es\/deportes-activos\/servicios\/eventapp\/","title":{"rendered":"EventApp"},"content":{"rendered":"<p>\u00a1<\/p>\n\n<div class=\"block hero hero--background-img hero--content-tc\">\n\t<img loading=\"lazy\" decoding=\"async\" width=\"2000\" height=\"834\" src=\"https:\/\/mylaps.com\/wp-content\/uploads\/2025\/01\/EventApp-hero-dark-blue-2000x834.png\" class=\"hero__background\" alt=\"\" srcset=\"https:\/\/mylaps.com\/wp-content\/uploads\/2025\/01\/EventApp-hero-dark-blue-2000x834.png 2000w, https:\/\/mylaps.com\/wp-content\/uploads\/2025\/01\/EventApp-hero-dark-blue-300x125.png 300w, https:\/\/mylaps.com\/wp-content\/uploads\/2025\/01\/EventApp-hero-dark-blue-768x320.png 768w, https:\/\/mylaps.com\/wp-content\/uploads\/2025\/01\/EventApp-hero-dark-blue-1024x427.png 1024w, https:\/\/mylaps.com\/wp-content\/uploads\/2025\/01\/EventApp-hero-dark-blue-1536x640.png 1536w, https:\/\/mylaps.com\/wp-content\/uploads\/2025\/01\/EventApp-hero-dark-blue-2048x854.png 2048w, https:\/\/mylaps.com\/wp-content\/uploads\/2025\/01\/EventApp-hero-dark-blue-750x313.png 750w, https:\/\/mylaps.com\/wp-content\/uploads\/2025\/01\/EventApp-hero-dark-blue-400x167.png 400w, https:\/\/mylaps.com\/wp-content\/uploads\/2025\/01\/EventApp-hero-dark-blue-240x100.png 240w\" sizes=\"auto, (max-width: 2000px) 100vw, 2000px\" \/>\n\t<div class=\"container\">\n\t\t<div class=\"hero__content space-content\">\n\t\t\t\t\t\t\t<h1>\n\t\t\t\t\tEventApp\t\t\t\t<\/h1>\n\t\t\t\n\t\t\t<div class=\"flex-shrink-0 flex flex-col relative items-end\">\n<div class=\"pt-0\">\n<div class=\"gizmo-bot-avatar flex h-8 w-8 items-center justify-center overflow-hidden rounded-full\">\n<div>Ofrezca la mejor experiencia del evento con seguimiento en directo y selfies de los atletas, todo ello personalizado con su marca para aumentar la visibilidad y el alcance del patrocinador.<\/div>\n<\/div>\n<\/div>\n<\/div>\n\t\t<\/div>\n\t<\/div>\n<\/div>\n\n\n<p>\u00a1<\/p>\n\n<div\n\tclass=\"block content bg--white content--flip-columns-on-mobile content--align-content-vertically content--cols-2 bg--blank content--arrange-half\"\n\tstyle=\"--cols: 2\">\n\t<div class=\"container\">\n\t\t\t\t\t<div class=\"content__column\">\n\t\t\t\t\t\t\t\t\t<div\n\t\t\t\t\t\t\t\t\t\t\t\tclass=\"content__type--image space-content\">\n\t\t\t\t\t\t\t\t\t\t\t\t\t\t<figure class=\"content__figure\">\n\t\t\t\t\t\t\t\t\t<img loading=\"lazy\" decoding=\"async\" width=\"750\" height=\"500\" src=\"https:\/\/mylaps.com\/wp-content\/uploads\/2025\/01\/JMA7103-1-750x500.jpg\" class=\"content__image\" alt=\"\" srcset=\"https:\/\/mylaps.com\/wp-content\/uploads\/2025\/01\/JMA7103-1-750x500.jpg 750w, https:\/\/mylaps.com\/wp-content\/uploads\/2025\/01\/JMA7103-1-300x200.jpg 300w, https:\/\/mylaps.com\/wp-content\/uploads\/2025\/01\/JMA7103-1-1024x683.jpg 1024w, https:\/\/mylaps.com\/wp-content\/uploads\/2025\/01\/JMA7103-1-768x512.jpg 768w, https:\/\/mylaps.com\/wp-content\/uploads\/2025\/01\/JMA7103-1-1536x1024.jpg 1536w, https:\/\/mylaps.com\/wp-content\/uploads\/2025\/01\/JMA7103-1-400x267.jpg 400w, https:\/\/mylaps.com\/wp-content\/uploads\/2025\/01\/JMA7103-1-150x100.jpg 150w, https:\/\/mylaps.com\/wp-content\/uploads\/2025\/01\/JMA7103-1-2048x1365.jpg 2048w, https:\/\/mylaps.com\/wp-content\/uploads\/2025\/01\/JMA7103-1-2000x1333.jpg 2000w\" sizes=\"auto, (max-width: 750px) 100vw, 750px\" \/>\t\t\t\t\t\t\t\t<\/figure>\n\t\t\t\t\t\t\t\t\t\t\t\t\t<\/div>\n\t\t\t\t\t\t\t<\/div>\n\t\t\t\t\t<div class=\"content__column\">\n\t\t\t\t\t\t\t\t\t<div\n\t\t\t\t\t\tdata-aos=\"fade-up\"\t\t\t\t\t\tclass=\"content__type--text space-content\">\n\t\t\t\t\t\t<p class=\"label\">Eventapp by tracx<\/p>\n<h2 class=\"h1 h1--small mb-2\">\u00bfPreparados? Listos. \u00a1Adelante!<\/h2>\n<p>Mejore su evento con LiveTracking, resultados en tiempo real, selfies y LivePhotos, todo personalizado con su marca y logotipos de patrocinadores para una experiencia \u00fanica.<\/p>\n<p>Ofrezca lo \u00faltimo en eventos con seguimiento en directo y selfies de los atletas, todo personalizado con su marca para aumentar la visibilidad y el alcance del patrocinador.<\/p>\n<ul>\n<li>Seguimiento en directo<\/li>\n<li>Valor del patrocinador<\/li>\n<li>Selfies<\/li>\n<\/ul>\n<p><a class=\"button--primary\" href=\"https:\/\/mylaps.com\/es\/deportes-activos\/soluciones\/contactenos\/?mylaps_system_interest__c=EventApp\">Contact us<\/a><\/p>\n\t\t\t\t\t<\/div>\n\t\t\t\t\t\t\t<\/div>\n\t\t\t<\/div>\n<\/div>\n\n\n<p>\u00a1<\/p>\n\n<div class=\"block hero hero--background-video hero--video-on-foreground bg--white\">\n\t\t\t\t\t\t<div class=\"container--video\">\n\t\t\t\t<div class=\"hero__video-background\">\n\t\t\t<div class=\"hero__video-foreground\">\n\t\t\t\t<iframe\n\t\t\t\t\tsrc=\"https:\/\/www.youtube.com\/embed\/y8kInADgNAM?disablekb=1&#038;controls=0\"\n\t\t\t\t\tframeborder=\"0\"\n\t\t\t\t\tallowfullscreen><\/iframe>\n\t\t\t<\/div>\n\t\t<\/div>\n\t\t\t\t\t<\/div>\n\t\t\t\n\t<div class=\"container\">\n\t\t<div class=\"hero__content space-content\">\n\t\t\t\n\t\t\t\t\t<\/div>\n\t<\/div>\n<\/div>\n\n\n<p>\u00a1<\/p>\n\n<div\n\tclass=\"block content bg--white content--align-content-vertically content--cols-2 bg--blank content--arrange-half\"\n\tstyle=\"--cols: 2\">\n\t<div class=\"container\">\n\t\t\t\t\t<div class=\"content__column\">\n\t\t\t\t\t\t\t\t\t<div\n\t\t\t\t\t\tdata-aos=\"fade-up\"\t\t\t\t\t\tclass=\"content__type--text space-content\">\n\t\t\t\t\t\t<div class=\"col-12 text-center\">\n<p class=\"label\">elija su aplicaci\u00f3n<\/p>\n<h2 class=\"section_title \" style=\"text-align: left;\">plicaci\u00f3n de marca blanca, aplicaci\u00f3n de serie o aplicaci\u00f3n TRACX<\/h2>\n<\/div>\n<article class=\"col-12 col-sm-10 col-lg-8 col-text-single offset-lg-2 offset-sm-1\">\n<div>\n<p>Mejore cualquier evento con una aplicaci\u00f3n personalizada o \u00fanase a la aplicaci\u00f3n TRACX. Elija entre una aplicaci\u00f3n para eventos de marca blanca, una aplicaci\u00f3n para series o la aplicaci\u00f3n TRACX, adaptada a las necesidades de su p\u00fablico y participantes.<\/p>\n<\/div>\n<\/article>\n\t\t\t\t\t<\/div>\n\t\t\t\t\t\t\t<\/div>\n\t\t\t\t\t<div class=\"content__column\">\n\t\t\t\t\t\t\t<\/div>\n\t\t\t<\/div>\n<\/div>\n\n\n<div\n\tclass=\"block content bg--white content--cols-3 bg--blank content--arrange-half\"\n\tstyle=\"--cols: 3\">\n\t<div class=\"container\">\n\t\t\t\t\t<div class=\"content__column\">\n\t\t\t\t\t\t\t\t\t<div\n\t\t\t\t\t\tdata-aos=\"fade-up\"\t\t\t\t\t\tclass=\"content__type--text space-content\">\n\t\t\t\t\t\t<h3 class=\"card-title color-blue font-family-secondar text-center\">Aplicaci\u00f3n de marca blanca<\/h3>\n<p>Mejore su evento con una aplicaci\u00f3n de marca blanca, descargable con el nombre que elija. Atraiga a los atletas con datos de la carrera en directo y funciones sociales, al tiempo que aumenta la visibilidad de su marca y patrocinador.<\/p>\n<p><strong>Caracter\u00edsticas:<\/strong><\/p>\n<ul>\n<li>Una \u00fanica aplicaci\u00f3n especial para tu evento<\/li>\n<li>Su propia marca<\/li>\n<li>Informaci\u00f3n anal\u00edtica del evento y de la aplicaci\u00f3n<\/li>\n<li>Acceso en l\u00ednea al panel de control para configurar informaci\u00f3n y actualizaciones<\/li>\n<li>Incluye una p\u00e1gina de resultados con tu propia marca<\/li>\n<li>LiveTracking<\/li>\n<li>Selfies personalizados<\/li>\n<li>Tus propios widgets<\/li>\n<li>Clasificaciones en directo<\/li>\n<\/ul>\n<p>&nbsp;<\/p>\n\t\t\t\t\t<\/div>\n\t\t\t\t\t\t\t<\/div>\n\t\t\t\t\t<div class=\"content__column\">\n\t\t\t\t\t\t\t\t\t<div\n\t\t\t\t\t\tdata-aos=\"fade-up\"\t\t\t\t\t\tclass=\"content__type--text space-content\">\n\t\t\t\t\t\t<h3 class=\"card-title color-blue font-family-secondar text-center\">Series App<\/h3>\n<p>Combina varios eventos en una aplicaci\u00f3n con el nombre que desees, con LiveTracking, clasificaciones, selfies y datos de carrera en directo, todo ello con la marca de tu evento.<\/p>\n<p><strong>Caracter\u00edsticas:<\/strong><\/p>\n<ul>\n<li>Todos tus eventos en una aplicaci\u00f3n<\/li>\n<li>Estiliza cada evento con la marca deseada<\/li>\n<li>Promociona tu organizaci\u00f3n<\/li>\n<li>An\u00e1lisis de eventos y aplicaciones<\/li>\n<li>Acceso en l\u00ednea al panel de control para configurar la informaci\u00f3n y las actualizaciones<\/li>\n<li>Incluye una p\u00e1gina de resultados para cada evento<\/li>\n<li>LiveTracking<\/li>\n<li>Selfies personalizados<\/li>\n<li>Tus propios widgets<\/li>\n<\/ul>\n\t\t\t\t\t<\/div>\n\t\t\t\t\t\t\t<\/div>\n\t\t\t\t\t<div class=\"content__column\">\n\t\t\t\t\t\t\t\t\t<div\n\t\t\t\t\t\tdata-aos=\"fade-up\"\t\t\t\t\t\tclass=\"content__type--text space-content\">\n\t\t\t\t\t\t<h3 class=\"card-title color-blue font-family-secondar text-center\">Aplicaci\u00f3n TRACX<\/h3>\n<p>La aplicaci\u00f3n TRACX alberga eventos en todo el mundo y ofrece funciones como LiveTracking, clasificaciones, tablas de clasificaci\u00f3n y mapas interactivos con la marca de tu evento. La vinculaci\u00f3n profunda garantiza que los usuarios accedan directamente a tu evento de marca, con solo el icono de la app mostrando el logotipo de TRACX.<\/p>\n<p><strong>Beneficios:<\/strong><\/p>\n<ul>\n<li>Listo en 1 hora<\/li>\n<li>Personaliza tu propia aplicaci\u00f3n<\/li>\n<li>Tu propia marca y contenido<\/li>\n<li>Disponible en iOS y Android<\/li>\n<li>Sin necesidad de crear una cuenta de desarrollador de Apple<\/li>\n<\/ul>\n\t\t\t\t\t<\/div>\n\t\t\t\t\t\t\t<\/div>\n\t\t\t<\/div>\n<\/div>\n\n\n<p>\u00a1<\/p>\n\n<div class=\"block hero hero--background-img\">\n\t<img loading=\"lazy\" decoding=\"async\" width=\"2000\" height=\"625\" src=\"https:\/\/mylaps.com\/wp-content\/uploads\/2025\/01\/EventApp-full-with-image-edit-2000x625.png\" class=\"hero__background\" alt=\"\" srcset=\"https:\/\/mylaps.com\/wp-content\/uploads\/2025\/01\/EventApp-full-with-image-edit-2000x625.png 2000w, https:\/\/mylaps.com\/wp-content\/uploads\/2025\/01\/EventApp-full-with-image-edit-300x94.png 300w, https:\/\/mylaps.com\/wp-content\/uploads\/2025\/01\/EventApp-full-with-image-edit-768x240.png 768w, https:\/\/mylaps.com\/wp-content\/uploads\/2025\/01\/EventApp-full-with-image-edit-1024x320.png 1024w, https:\/\/mylaps.com\/wp-content\/uploads\/2025\/01\/EventApp-full-with-image-edit-1536x480.png 1536w, https:\/\/mylaps.com\/wp-content\/uploads\/2025\/01\/EventApp-full-with-image-edit-2048x640.png 2048w, https:\/\/mylaps.com\/wp-content\/uploads\/2025\/01\/EventApp-full-with-image-edit-750x234.png 750w, https:\/\/mylaps.com\/wp-content\/uploads\/2025\/01\/EventApp-full-with-image-edit-400x125.png 400w, https:\/\/mylaps.com\/wp-content\/uploads\/2025\/01\/EventApp-full-with-image-edit-320x100.png 320w\" sizes=\"auto, (max-width: 2000px) 100vw, 2000px\" \/>\n\t<div class=\"container\">\n\t\t<div class=\"hero__content space-content\">\n\t\t\t\n\t\t\t\t\t<\/div>\n\t<\/div>\n<\/div>\n\n\n<p>\u00a1<\/p>\n\n<div\n\tclass=\"block content bg--white content--flip-columns-on-mobile content--align-content-vertically content--cols-2 bg--blank content--arrange-half\"\n\tstyle=\"--cols: 2\">\n\t<div class=\"container\">\n\t\t\t\t\t<div class=\"content__column\">\n\t\t\t\t\t\t\t\t\t<div\n\t\t\t\t\t\t\t\t\t\t\t\tclass=\"content__type--image space-content\">\n\t\t\t\t\t\t\t\t\t\t\t\t\t\t<figure class=\"content__figure\">\n\t\t\t\t\t\t\t\t\t<img loading=\"lazy\" decoding=\"async\" width=\"600\" height=\"600\" src=\"https:\/\/mylaps.com\/wp-content\/uploads\/2025\/01\/Eventapp-square-1.png\" class=\"content__image\" alt=\"\" srcset=\"https:\/\/mylaps.com\/wp-content\/uploads\/2025\/01\/Eventapp-square-1.png 600w, https:\/\/mylaps.com\/wp-content\/uploads\/2025\/01\/Eventapp-square-1-150x150.png 150w, https:\/\/mylaps.com\/wp-content\/uploads\/2025\/01\/Eventapp-square-1-300x300.png 300w, https:\/\/mylaps.com\/wp-content\/uploads\/2025\/01\/Eventapp-square-1-400x400.png 400w, https:\/\/mylaps.com\/wp-content\/uploads\/2025\/01\/Eventapp-square-1-100x100.png 100w\" sizes=\"auto, (max-width: 600px) 100vw, 600px\" \/>\t\t\t\t\t\t\t\t<\/figure>\n\t\t\t\t\t\t\t\t\t\t\t\t\t<\/div>\n\t\t\t\t\t\t\t<\/div>\n\t\t\t\t\t<div class=\"content__column\">\n\t\t\t\t\t\t\t\t\t<div\n\t\t\t\t\t\tdata-aos=\"fade-up\"\t\t\t\t\t\tclass=\"content__type--text space-content\">\n\t\t\t\t\t\t<p class='label'>LiveTracking<\/p>\n<h2>Involucra a los aficionados con LiveTracking<\/h2>\n<p>LiveTracking permite a amigos y familiares seguir a los atletas en tiempo real, potenciando el alcance social y la seguridad de tu evento. Disponible para todos los deportes, realiza el seguimiento de los participantes autom\u00e1ticamente en la app de tu evento: solo tienes que iniciar la carrera y nosotros nos encargamos del resto.LiveTracking ofrece:<\/p>\n<ul>\n<li aria-level='1'>Mapa online con la posici\u00f3n en directo de los participantes<\/li>\n<li aria-level='1'>Actualizaciones de posici\u00f3n en directo<\/li>\n<li aria-level='1'>L\u00edder en directo<\/li>\n<li aria-level='1'>Tiempos de llegada previstos<\/li>\n<li aria-level='1'>Resumen en directo de los pasos por la l\u00ednea de tiempo a trav\u00e9s de tu dashboard<\/li>\n<li aria-level='1'>Mejora de la seguridad controlando el campo de los participantes a trav\u00e9s de tu dashboard<\/li>\n<\/ul>\n\t\t\t\t\t<\/div>\n\t\t\t\t\t\t\t<\/div>\n\t\t\t<\/div>\n<\/div>\n\n\n<div\n\tclass=\"block content bg--white content--align-content-vertically content--cols-2 bg--blank content--arrange-half\"\n\tstyle=\"--cols: 2\">\n\t<div class=\"container\">\n\t\t\t\t\t<div class=\"content__column\">\n\t\t\t\t\t\t\t\t\t<div\n\t\t\t\t\t\tdata-aos=\"fade-up\"\t\t\t\t\t\tclass=\"content__type--text space-content\">\n\t\t\t\t\t\t<p class='label'>Panel de control de TRACX<\/p>\n<h2 class='section_title '>Panel de control para organizadores de eventos<\/h2>\n<p>Una vez que tu organizaci\u00f3n est\u00e1 a\u00f1adida al panel de control de TRACX puedes empezar a crear y personalizar tu aplicaci\u00f3n de eventos. Esto funciona muy f\u00e1cilmente siguiendo los pasos de nuestro configurador. El panel de control es tu lugar para gestionar Despu\u00e9s de esto puedes a\u00f1adir toda la informaci\u00f3n del evento en el panel de control, que est\u00e1 configurado de una manera muy f\u00e1cil de usar. El panel de control es tambi\u00e9n el lugar donde puedes configurar el calendario, importar atletas y crear clasificaciones.<\/p>\n\t\t\t\t\t<\/div>\n\t\t\t\t\t\t\t<\/div>\n\t\t\t\t\t<div class=\"content__column\">\n\t\t\t\t\t\t\t\t\t<div\n\t\t\t\t\t\t\t\t\t\t\t\tclass=\"content__type--image space-content\">\n\t\t\t\t\t\t\t\t\t\t\t\t\t\t<figure class=\"content__figure\">\n\t\t\t\t\t\t\t\t\t<img loading=\"lazy\" decoding=\"async\" width=\"600\" height=\"600\" src=\"https:\/\/mylaps.com\/wp-content\/uploads\/2025\/01\/Eventapp-dashboard-square.png\" class=\"content__image\" alt=\"\" srcset=\"https:\/\/mylaps.com\/wp-content\/uploads\/2025\/01\/Eventapp-dashboard-square.png 600w, https:\/\/mylaps.com\/wp-content\/uploads\/2025\/01\/Eventapp-dashboard-square-150x150.png 150w, https:\/\/mylaps.com\/wp-content\/uploads\/2025\/01\/Eventapp-dashboard-square-300x300.png 300w, https:\/\/mylaps.com\/wp-content\/uploads\/2025\/01\/Eventapp-dashboard-square-400x400.png 400w, https:\/\/mylaps.com\/wp-content\/uploads\/2025\/01\/Eventapp-dashboard-square-100x100.png 100w\" sizes=\"auto, (max-width: 600px) 100vw, 600px\" \/>\t\t\t\t\t\t\t\t<\/figure>\n\t\t\t\t\t\t\t\t\t\t\t\t\t<\/div>\n\t\t\t\t\t\t\t<\/div>\n\t\t\t<\/div>\n<\/div>\n\n\n<div class=\"block cta\">\n\t<div class=\"container--medium\">\n\t\t<div class=\"cta__content\">\n\t\t\t\t\t\t\t<h2>\n\t\t\t\t\tEmpieza con la EventApp\t\t\t\t<\/h2>\n\t\t\t\n\t\t\t\t\t\t\t<a\n\t\t\t\t\thref=\"https:\/\/mylaps.com\/es\/deportes-activos\/soluciones\/contactenos\/?mylaps_system_interest__c=EventApp\"\n\t\t\t\t\ttarget=\"\"\n\t\t\t\t\tclass=\"button--primary\">\n\t\t\t\t\tContacta con nosotros\t\t\t\t<\/a>\n\t\t\t\t\t<\/div>\n\t<\/div>\n<\/div>\n","protected":false},"excerpt":{"rendered":"<p>EventApp Ofrezca la mejor experiencia en eventos con seguimiento en directo y selfies de atletas, todo personalizado con su marca para aumentar la visibilidad y el alcance del patrocinador. Eventapp de tracx \u00bfListo? Preparado. \u00a1Listo! Mejore su evento con LiveTracking, resultados en tiempo real, selfies y LivePhotos, todo personalizado con su marca y logotipos de patrocinadores para una experiencia \u00fanica. Ofrezca la mejor experiencia en eventos con seguimiento en directo y selfies de los atletas, todo personalizado con su marca para aumentar la visibilidad y el alcance del patrocinador. Seguimiento en directo Valor del patrocinador Selfies P\u00f3ngase en contacto con nosotros Elija su aplicaci\u00f3n Aplicaci\u00f3n de marca blanca, aplicaci\u00f3n de serie o aplicaci\u00f3n TRACX Mejore cualquier evento con una aplicaci\u00f3n personalizada o \u00fanase [&#8230;]<\/p>\n","protected":false},"author":2,"featured_media":0,"parent":33225,"menu_order":0,"comment_status":"closed","ping_status":"closed","template":"","meta":{"_acf_changed":false,"content-type":"","_trash_the_other_posts":false,"editor_notices":[],"footnotes":""},"class_list":["post-33000","page","type-page","status-publish","hentry"],"acf":[],"yoast_head":"<!-- This site is optimized with the Yoast SEO Premium plugin v27.0 (Yoast SEO v27.0) - https:\/\/yoast.com\/product\/yoast-seo-premium-wordpress\/ -->\n<title>EventApp - MYLAPS - Espana<\/title>\n<meta name=\"robots\" content=\"index, follow, max-snippet:-1, max-image-preview:large, max-video-preview:-1\" \/>\n<link rel=\"canonical\" href=\"https:\/\/mylaps.com\/es\/deportes-activos\/servicios\/eventapp\/\" \/>\n<meta property=\"og:locale\" content=\"en_US\" \/>\n<meta property=\"og:type\" content=\"article\" \/>\n<meta property=\"og:title\" content=\"EventApp\" \/>\n<meta property=\"og:description\" content=\"EventApp Ofrezca la mejor experiencia en eventos con seguimiento en directo y selfies de atletas, todo personalizado con su marca para aumentar la visibilidad y el alcance del patrocinador. Eventapp de tracx \u00bfListo? Preparado. \u00a1Listo! Mejore su evento con LiveTracking, resultados en tiempo real, selfies y LivePhotos, todo personalizado con su marca y logotipos de patrocinadores para una experiencia \u00fanica. Ofrezca la mejor experiencia en eventos con seguimiento en directo y selfies de los atletas, todo personalizado con su marca para aumentar la visibilidad y el alcance del patrocinador. Seguimiento en directo Valor del patrocinador Selfies P\u00f3ngase en contacto con nosotros Elija su aplicaci\u00f3n Aplicaci\u00f3n de marca blanca, aplicaci\u00f3n de serie o aplicaci\u00f3n TRACX Mejore cualquier evento con una aplicaci\u00f3n personalizada o \u00fanase [...]\" \/>\n<meta property=\"og:url\" content=\"https:\/\/mylaps.com\/es\/deportes-activos\/servicios\/eventapp\/\" \/>\n<meta property=\"og:site_name\" content=\"MYLAPS - Espana\" \/>\n<meta property=\"article:modified_time\" content=\"2026-03-19T10:26:46+00:00\" \/>\n<meta name=\"twitter:card\" content=\"summary_large_image\" \/>\n<meta name=\"twitter:label1\" content=\"Est. reading time\" \/>\n\t<meta name=\"twitter:data1\" content=\"4 minutes\" \/>\n<script type=\"application\/ld+json\" class=\"yoast-schema-graph\">{\"@context\":\"https:\/\/schema.org\",\"@graph\":[{\"@type\":\"WebPage\",\"@id\":\"https:\/\/mylaps.com\/es\/deportes-activos\/servicios\/eventapp\/\",\"url\":\"https:\/\/mylaps.com\/es\/deportes-activos\/servicios\/eventapp\/\",\"name\":\"EventApp - MYLAPS - Espana\",\"isPartOf\":{\"@id\":\"https:\/\/mylaps.com\/es\/#website\"},\"datePublished\":\"2025-01-07T09:38:05+00:00\",\"dateModified\":\"2026-03-19T10:26:46+00:00\",\"breadcrumb\":{\"@id\":\"https:\/\/mylaps.com\/es\/deportes-activos\/servicios\/eventapp\/#breadcrumb\"},\"inLanguage\":\"en-US\",\"potentialAction\":[{\"@type\":\"ReadAction\",\"target\":[\"https:\/\/mylaps.com\/es\/deportes-activos\/servicios\/eventapp\/\"]}]},{\"@type\":\"BreadcrumbList\",\"@id\":\"https:\/\/mylaps.com\/es\/deportes-activos\/servicios\/eventapp\/#breadcrumb\",\"itemListElement\":[{\"@type\":\"ListItem\",\"position\":1,\"name\":\"Home\",\"item\":\"https:\/\/mylaps.com\/es\/\"},{\"@type\":\"ListItem\",\"position\":2,\"name\":\"Deportes activos\",\"item\":\"https:\/\/mylaps.com\/es\/deportes-activos\/\"},{\"@type\":\"ListItem\",\"position\":3,\"name\":\"Services (Active)\",\"item\":\"https:\/\/mylaps.com\/es\/deportes-activos\/services\/\"},{\"@type\":\"ListItem\",\"position\":4,\"name\":\"EventApp\"}]},{\"@type\":\"WebSite\",\"@id\":\"https:\/\/mylaps.com\/es\/#website\",\"url\":\"https:\/\/mylaps.com\/es\/\",\"name\":\"MYLAPS\",\"description\":\"MYLAPS Sports Timing - The Industry&#039;s Most Reliable and Accurate Timing and Data Solutions\",\"potentialAction\":[{\"@type\":\"SearchAction\",\"target\":{\"@type\":\"EntryPoint\",\"urlTemplate\":\"https:\/\/mylaps.com\/es\/?s={search_term_string}\"},\"query-input\":{\"@type\":\"PropertyValueSpecification\",\"valueRequired\":true,\"valueName\":\"search_term_string\"}}],\"inLanguage\":\"en-US\"}]}<\/script>\n<!-- \/ Yoast SEO Premium plugin. -->","yoast_head_json":{"title":"EventApp - MYLAPS - Espana","robots":{"index":"index","follow":"follow","max-snippet":"max-snippet:-1","max-image-preview":"max-image-preview:large","max-video-preview":"max-video-preview:-1"},"canonical":"https:\/\/mylaps.com\/es\/deportes-activos\/servicios\/eventapp\/","og_locale":"en_US","og_type":"article","og_title":"EventApp","og_description":"EventApp Ofrezca la mejor experiencia en eventos con seguimiento en directo y selfies de atletas, todo personalizado con su marca para aumentar la visibilidad y el alcance del patrocinador. Eventapp de tracx \u00bfListo? Preparado. \u00a1Listo! Mejore su evento con LiveTracking, resultados en tiempo real, selfies y LivePhotos, todo personalizado con su marca y logotipos de patrocinadores para una experiencia \u00fanica. Ofrezca la mejor experiencia en eventos con seguimiento en directo y selfies de los atletas, todo personalizado con su marca para aumentar la visibilidad y el alcance del patrocinador. Seguimiento en directo Valor del patrocinador Selfies P\u00f3ngase en contacto con nosotros Elija su aplicaci\u00f3n Aplicaci\u00f3n de marca blanca, aplicaci\u00f3n de serie o aplicaci\u00f3n TRACX Mejore cualquier evento con una aplicaci\u00f3n personalizada o \u00fanase [...]","og_url":"https:\/\/mylaps.com\/es\/deportes-activos\/servicios\/eventapp\/","og_site_name":"MYLAPS - Espana","article_modified_time":"2026-03-19T10:26:46+00:00","twitter_card":"summary_large_image","twitter_misc":{"Est. reading time":"4 minutes"},"schema":{"@context":"https:\/\/schema.org","@graph":[{"@type":"WebPage","@id":"https:\/\/mylaps.com\/es\/deportes-activos\/servicios\/eventapp\/","url":"https:\/\/mylaps.com\/es\/deportes-activos\/servicios\/eventapp\/","name":"EventApp - MYLAPS - Espana","isPartOf":{"@id":"https:\/\/mylaps.com\/es\/#website"},"datePublished":"2025-01-07T09:38:05+00:00","dateModified":"2026-03-19T10:26:46+00:00","breadcrumb":{"@id":"https:\/\/mylaps.com\/es\/deportes-activos\/servicios\/eventapp\/#breadcrumb"},"inLanguage":"en-US","potentialAction":[{"@type":"ReadAction","target":["https:\/\/mylaps.com\/es\/deportes-activos\/servicios\/eventapp\/"]}]},{"@type":"BreadcrumbList","@id":"https:\/\/mylaps.com\/es\/deportes-activos\/servicios\/eventapp\/#breadcrumb","itemListElement":[{"@type":"ListItem","position":1,"name":"Home","item":"https:\/\/mylaps.com\/es\/"},{"@type":"ListItem","position":2,"name":"Deportes activos","item":"https:\/\/mylaps.com\/es\/deportes-activos\/"},{"@type":"ListItem","position":3,"name":"Services (Active)","item":"https:\/\/mylaps.com\/es\/deportes-activos\/services\/"},{"@type":"ListItem","position":4,"name":"EventApp"}]},{"@type":"WebSite","@id":"https:\/\/mylaps.com\/es\/#website","url":"https:\/\/mylaps.com\/es\/","name":"MYLAPS","description":"MYLAPS Sports Timing - The Industry&#039;s Most Reliable and Accurate Timing and Data Solutions","potentialAction":[{"@type":"SearchAction","target":{"@type":"EntryPoint","urlTemplate":"https:\/\/mylaps.com\/es\/?s={search_term_string}"},"query-input":{"@type":"PropertyValueSpecification","valueRequired":true,"valueName":"search_term_string"}}],"inLanguage":"en-US"}]}},"_links":{"self":[{"href":"https:\/\/mylaps.com\/es\/wp-json\/wp\/v2\/pages\/33000","targetHints":{"allow":["GET"]}}],"collection":[{"href":"https:\/\/mylaps.com\/es\/wp-json\/wp\/v2\/pages"}],"about":[{"href":"https:\/\/mylaps.com\/es\/wp-json\/wp\/v2\/types\/page"}],"author":[{"embeddable":true,"href":"https:\/\/mylaps.com\/es\/wp-json\/wp\/v2\/users\/2"}],"replies":[{"embeddable":true,"href":"https:\/\/mylaps.com\/es\/wp-json\/wp\/v2\/comments?post=33000"}],"version-history":[{"count":10,"href":"https:\/\/mylaps.com\/es\/wp-json\/wp\/v2\/pages\/33000\/revisions"}],"predecessor-version":[{"id":41574,"href":"https:\/\/mylaps.com\/es\/wp-json\/wp\/v2\/pages\/33000\/revisions\/41574"}],"up":[{"embeddable":true,"href":"https:\/\/mylaps.com\/es\/wp-json\/wp\/v2\/pages\/33225"}],"wp:attachment":[{"href":"https:\/\/mylaps.com\/es\/wp-json\/wp\/v2\/media?parent=33000"}],"curies":[{"name":"wp","href":"https:\/\/api.w.org\/{rel}","templated":true}]}}