{"id":33045,"date":"2025-01-07T14:41:45","date_gmt":"2025-01-07T14:41:45","guid":{"rendered":"https:\/\/mylaps.com\/?page_id=33045"},"modified":"2026-03-19T10:28:03","modified_gmt":"2026-03-19T10:28:03","slug":"inscripcion","status":"publish","type":"page","link":"https:\/\/mylaps.com\/es\/deportes-activos\/servicios\/inscripcion\/","title":{"rendered":"Inscripci\u00f3n"},"content":{"rendered":"<p>\u00a1<\/p>\n\n<div class=\"block hero hero--background-img hero--content-tc\">\n\t<img loading=\"lazy\" decoding=\"async\" width=\"2000\" height=\"834\" src=\"https:\/\/mylaps.com\/wp-content\/uploads\/2025\/01\/Registration-hero-2-2000x834.png\" class=\"hero__background\" alt=\"\" srcset=\"https:\/\/mylaps.com\/wp-content\/uploads\/2025\/01\/Registration-hero-2-2000x834.png 2000w, https:\/\/mylaps.com\/wp-content\/uploads\/2025\/01\/Registration-hero-2-300x125.png 300w, https:\/\/mylaps.com\/wp-content\/uploads\/2025\/01\/Registration-hero-2-768x320.png 768w, https:\/\/mylaps.com\/wp-content\/uploads\/2025\/01\/Registration-hero-2-1024x427.png 1024w, https:\/\/mylaps.com\/wp-content\/uploads\/2025\/01\/Registration-hero-2-1536x640.png 1536w, https:\/\/mylaps.com\/wp-content\/uploads\/2025\/01\/Registration-hero-2-2048x854.png 2048w, https:\/\/mylaps.com\/wp-content\/uploads\/2025\/01\/Registration-hero-2-750x313.png 750w, https:\/\/mylaps.com\/wp-content\/uploads\/2025\/01\/Registration-hero-2-400x167.png 400w, https:\/\/mylaps.com\/wp-content\/uploads\/2025\/01\/Registration-hero-2-240x100.png 240w\" sizes=\"auto, (max-width: 2000px) 100vw, 2000px\" \/>\n\t<div class=\"container\">\n\t\t<div class=\"hero__content space-content\">\n\t\t\t\t\t\t\t<h1>\n\t\t\t\t\tInscripci\u00f3n\t\t\t\t<\/h1>\n\t\t\t\n\t\t\t<div class=\"flex-shrink-0 flex flex-col relative items-end\">\n<div class=\"pt-0\">\n<div class=\"gizmo-bot-avatar flex h-8 w-8 items-center justify-center overflow-hidden rounded-full\">\n<div>\u00bfBusca un sistema sencillo de inscripci\u00f3n en l\u00ednea, in situ y en exposiciones para sus eventos? As\u00f3ciese con MYLAPS y aseg\u00farese una inscripci\u00f3n f\u00e1cil y sin problemas tanto para el participante como para el organizador del evento.<\/p>\n<div><\/div>\n<\/div>\n<\/div>\n<\/div>\n<\/div>\n\t\t<\/div>\n\t<\/div>\n<\/div>\n\n\n<p>\u00a1<\/p>\n\n<div\n\tclass=\"block content bg--white content--flip-columns-on-mobile content--align-content-vertically content--cols-2 bg--blank content--arrange-half\"\n\tstyle=\"--cols: 2\">\n\t<div class=\"container\">\n\t\t\t\t\t<div class=\"content__column\">\n\t\t\t\t\t\t\t\t\t<div\n\t\t\t\t\t\t\t\t\t\t\t\tclass=\"content__type--image space-content\">\n\t\t\t\t\t\t\t\t\t\t\t\t\t\t<figure class=\"content__figure\">\n\t\t\t\t\t\t\t\t\t<img loading=\"lazy\" decoding=\"async\" width=\"750\" height=\"750\" src=\"https:\/\/mylaps.com\/wp-content\/uploads\/2025\/01\/registration-9-e1736344455676-750x750.jpg\" class=\"content__image\" alt=\"\" srcset=\"https:\/\/mylaps.com\/wp-content\/uploads\/2025\/01\/registration-9-e1736344455676-750x750.jpg 750w, https:\/\/mylaps.com\/wp-content\/uploads\/2025\/01\/registration-9-e1736344455676-150x150.jpg 150w, https:\/\/mylaps.com\/wp-content\/uploads\/2025\/01\/registration-9-e1736344455676-300x300.jpg 300w, https:\/\/mylaps.com\/wp-content\/uploads\/2025\/01\/registration-9-e1736344455676-768x768.jpg 768w, https:\/\/mylaps.com\/wp-content\/uploads\/2025\/01\/registration-9-e1736344455676-1024x1024.jpg 1024w, https:\/\/mylaps.com\/wp-content\/uploads\/2025\/01\/registration-9-e1736344455676-400x400.jpg 400w, https:\/\/mylaps.com\/wp-content\/uploads\/2025\/01\/registration-9-e1736344455676-600x600.jpg 600w, https:\/\/mylaps.com\/wp-content\/uploads\/2025\/01\/registration-9-e1736344455676-100x100.jpg 100w, https:\/\/mylaps.com\/wp-content\/uploads\/2025\/01\/registration-9-e1736344455676.jpg 1280w\" sizes=\"auto, (max-width: 750px) 100vw, 750px\" \/>\t\t\t\t\t\t\t\t<\/figure>\n\t\t\t\t\t\t\t\t\t\t\t\t\t<\/div>\n\t\t\t\t\t\t\t<\/div>\n\t\t\t\t\t<div class=\"content__column\">\n\t\t\t\t\t\t\t\t\t<div\n\t\t\t\t\t\tdata-aos=\"fade-up\"\t\t\t\t\t\tclass=\"content__type--text space-content\">\n\t\t\t\t\t\t<p class=\"label\">Eventapp by tracx<\/p>\n<h2 class=\"picture-title\"><i>Los deportistas evolucionan,<br \/>\n\u00bfy t\u00fa?<\/i><\/h2>\n<p>La inscripci\u00f3n es una parte crucial de la organizaci\u00f3n de un evento deportivo de atletismo, ciclismo, triatl\u00f3n y otros deportes. Ofrezca a sus participantes un registro sin problemas. MYLAPS colabora con expertos en inscripciones que ofrecen la mejor plataforma de inscripciones de su clase. La plataforma es:<\/p>\n<ul>\n<li>Optimizada para smartphones: El 60% de las inscripciones se producen en dispositivos m\u00f3viles<\/li>\n<li>Totalmente personalizable: Utiliza tu propio look &amp; feel, con mucha visibilidad para tus patrocinadores<\/li>\n<li>F\u00e1cil de usar desde el punto de vista financiero: Amplia informaci\u00f3n en sus informes financieros.<\/li>\n<\/ul>\n<p><a class=\"button--primary\" href=\"https:\/\/mylaps.com\/es\/deportes-activos\/soluciones\/contactenos\/?mylaps_system_interest__c=Registration\/\">Contact us<\/a><\/p>\n\t\t\t\t\t<\/div>\n\t\t\t\t\t\t\t<\/div>\n\t\t\t<\/div>\n<\/div>\n\n\n<p>\u00a1<\/p>\n\n<div class=\"block hero hero--background-img\">\n\t<img loading=\"lazy\" decoding=\"async\" width=\"2000\" height=\"1333\" src=\"https:\/\/mylaps.com\/wp-content\/uploads\/2025\/01\/241117-046-2000x1333.jpg\" class=\"hero__background\" alt=\"\" srcset=\"https:\/\/mylaps.com\/wp-content\/uploads\/2025\/01\/241117-046-2000x1333.jpg 2000w, https:\/\/mylaps.com\/wp-content\/uploads\/2025\/01\/241117-046-2048x1365.jpg 2048w, https:\/\/mylaps.com\/wp-content\/uploads\/2025\/01\/241117-046-300x200.jpg 300w, https:\/\/mylaps.com\/wp-content\/uploads\/2025\/01\/241117-046-768x512.jpg 768w, https:\/\/mylaps.com\/wp-content\/uploads\/2025\/01\/241117-046-1024x683.jpg 1024w, https:\/\/mylaps.com\/wp-content\/uploads\/2025\/01\/241117-046-1536x1024.jpg 1536w, https:\/\/mylaps.com\/wp-content\/uploads\/2025\/01\/241117-046-750x500.jpg 750w, https:\/\/mylaps.com\/wp-content\/uploads\/2025\/01\/241117-046-400x267.jpg 400w, https:\/\/mylaps.com\/wp-content\/uploads\/2025\/01\/241117-046-150x100.jpg 150w\" sizes=\"auto, (max-width: 2000px) 100vw, 2000px\" \/>\n\t<div class=\"container\">\n\t\t<div class=\"hero__content space-content\">\n\t\t\t\n\t\t\t\t\t<\/div>\n\t<\/div>\n<\/div>\n\n\n<p>\u00a1<\/p>\n\n<div\n\tclass=\"block content bg--white content--flip-columns-on-mobile content--align-content-vertically content--cols-2 bg--blank content--arrange-half\"\n\tstyle=\"--cols: 2\">\n\t<div class=\"container\">\n\t\t\t\t\t<div class=\"content__column\">\n\t\t\t\t\t\t\t\t\t<div\n\t\t\t\t\t\t\t\t\t\t\t\tclass=\"content__type--image space-content\">\n\t\t\t\t\t\t\t\t\t\t\t\t\t\t<figure class=\"content__figure\">\n\t\t\t\t\t\t\t\t\t<img loading=\"lazy\" decoding=\"async\" width=\"600\" height=\"600\" src=\"https:\/\/mylaps.com\/wp-content\/uploads\/2025\/01\/Registration-square.png\" class=\"content__image\" alt=\"\" srcset=\"https:\/\/mylaps.com\/wp-content\/uploads\/2025\/01\/Registration-square.png 600w, https:\/\/mylaps.com\/wp-content\/uploads\/2025\/01\/Registration-square-150x150.png 150w, https:\/\/mylaps.com\/wp-content\/uploads\/2025\/01\/Registration-square-300x300.png 300w, https:\/\/mylaps.com\/wp-content\/uploads\/2025\/01\/Registration-square-400x400.png 400w, https:\/\/mylaps.com\/wp-content\/uploads\/2025\/01\/Registration-square-100x100.png 100w\" sizes=\"auto, (max-width: 600px) 100vw, 600px\" \/>\t\t\t\t\t\t\t\t<\/figure>\n\t\t\t\t\t\t\t\t\t\t\t\t\t<\/div>\n\t\t\t\t\t\t\t<\/div>\n\t\t\t\t\t<div class=\"content__column\">\n\t\t\t\t\t\t\t\t\t<div\n\t\t\t\t\t\tdata-aos=\"fade-up\"\t\t\t\t\t\tclass=\"content__type--text space-content\">\n\t\t\t\t\t\t<p class=\"label\">Panel de control de njuko<\/p>\n<h2 class=\"card-title color-blue font-family-secondar text-left\">Configuraci\u00f3n f\u00e1cil y sencilla<\/h2>\n<p>Ya se trate de crear tu formulario online personalizado, crear tus eventos, gestionar tus finanzas o asignar n\u00fameros de dorsal: la plataforma de inscripci\u00f3n te acompa\u00f1a hasta la l\u00ednea de salida de tu evento.<\/p>\n<p>La plataforma de inscripci\u00f3n viene con un sistema de gesti\u00f3n de contenidos (CMS) f\u00e1cil de usar. Configure su p\u00e1gina de inscripci\u00f3n en unos sencillos pasos.<\/p>\n\t\t\t\t\t<\/div>\n\t\t\t\t\t\t\t<\/div>\n\t\t\t<\/div>\n<\/div>\n\n\n<p>\u00a1<\/p>\n\n<div\n\tclass=\"block content bg--white content--cols-1 bg--blank content--arrange-half\"\n\tstyle=\"--cols: 1\">\n\t<div class=\"container--small\">\n\t\t\t\t\t<div class=\"content__column\">\n\t\t\t\t\t\t\t\t\t<div\n\t\t\t\t\t\tdata-aos=\"fade-up\"\t\t\t\t\t\tclass=\"content__type--text space-content\">\n\t\t\t\t\t\t<h2 style='text-align: center;'>Todas las funciones incluidas<\/h2>\n\t\t\t\t\t<\/div>\n\t\t\t\t\t\t\t<\/div>\n\t\t\t<\/div>\n<\/div>\n\n\n<p>\u00a1<\/p>\n\n<div\n\tclass=\"block content bg--white content--cols-3 bg--blank content--arrange-half\"\n\tstyle=\"--cols: 3\">\n\t<div class=\"container\">\n\t\t\t\t\t<div class=\"content__column\">\n\t\t\t\t\t\t\t\t\t<div\n\t\t\t\t\t\tdata-aos=\"fade-up\"\t\t\t\t\t\tclass=\"content__type--text space-content\">\n\t\t\t\t\t\t<p>&nbsp;<\/p>\n<ul>\n<li>Centrado en API (anverso y reverso)<\/li>\n<li>Check-in \/ E-tickets<\/li>\n<li>Control de licencias en tiempo real Dise\u00f1o adaptable<\/li>\n<li>Multiling\u00fce y multidivisa<\/li>\n<li>Asignaci\u00f3n avanzada de dorsales<\/li>\n<li>Inscripciones de equipos<\/li>\n<li>Inscripciones de grupos\/empresas<\/li>\n<li>Integraci\u00f3n de cron\u00f3metros<\/li>\n<\/ul>\n\t\t\t\t\t<\/div>\n\t\t\t\t\t\t\t<\/div>\n\t\t\t\t\t<div class=\"content__column\">\n\t\t\t\t\t\t\t\t\t<div\n\t\t\t\t\t\tdata-aos=\"fade-up\"\t\t\t\t\t\tclass=\"content__type--text space-content\">\n\t\t\t\t\t\t<ul>\n<li>No se necesita cuenta para los atletas<\/li>\n<li>Formularios personalizados (complejos)<\/li>\n<li>Da a tu p\u00e1gina de inicio el contenido que consideres m\u00e1s importante<\/li>\n<li>Informaci\u00f3n detallada que incluye: velocidad de adquisici\u00f3n y tasa de fidelidad<\/li>\n<li>Invitaci\u00f3n personal al evento<\/li>\n<li>Bolsa de carrera virtual para cada atleta<\/li>\n<\/ul>\n\t\t\t\t\t<\/div>\n\t\t\t\t\t\t\t<\/div>\n\t\t\t\t\t<div class=\"content__column\">\n\t\t\t\t\t\t\t\t\t<div\n\t\t\t\t\t\tdata-aos=\"fade-up\"\t\t\t\t\t\tclass=\"content__type--text space-content\">\n\t\t\t\t\t\t<p>&nbsp;<\/p>\n<ul>\n<li>Lista de espera<\/li>\n<li>C\u00f3digos de descuento avanzados<\/li>\n<li>Integraci\u00f3n de redes sociales<\/li>\n<li>An\u00e1lisis detallados personalizados<\/li>\n<li>Seguimiento coherente de los usuarios en todos los procesos de registro<\/li>\n<li>Cumple con GDPR<\/li>\n<li>No requiere acuerdos a largo plazo<\/li>\n<\/ul>\n\t\t\t\t\t<\/div>\n\t\t\t\t\t\t\t<\/div>\n\t\t\t<\/div>\n<\/div>\n\n\n<div\n\tclass=\"block content bg--white content--align-content-vertically content--cols-2 bg--blank content--arrange-half\"\n\tstyle=\"--cols: 2\">\n\t<div class=\"container\">\n\t\t\t\t\t<div class=\"content__column\">\n\t\t\t\t\t\t\t\t\t<div\n\t\t\t\t\t\tdata-aos=\"fade-up\"\t\t\t\t\t\tclass=\"content__type--text space-content\">\n\t\t\t\t\t\t<p class=\"label\">Marca blanca<\/p>\n<h2 class=\"card-title color-blue font-family-secondar text-left\">Todo con su propia marca<\/h2>\n<p class=\"card-title color-blue font-family-secondar text-left\">\nCausa una excelente primera impresi\u00f3n a tus participantes ofreci\u00e9ndoles una p\u00e1gina de inscripci\u00f3n completamente en l\u00ednea con la marca de tu evento. Con la opci\u00f3n de etiqueta blanca puedes personalizar completamente el contenido seg\u00fan tu propia imagen y estilo.<\/p>\n<p>Incluso si no eliges la opci\u00f3n de etiqueta blanca, todos los correos electr\u00f3nicos a los participantes se enviar\u00e1n siempre con la direcci\u00f3n de correo electr\u00f3nico del evento.<\/p>\n\t\t\t\t\t<\/div>\n\t\t\t\t\t\t\t<\/div>\n\t\t\t\t\t<div class=\"content__column\">\n\t\t\t\t\t\t\t\t\t<div\n\t\t\t\t\t\t\t\t\t\t\t\tclass=\"content__type--image space-content\">\n\t\t\t\t\t\t\t\t\t\t\t\t\t\t<figure class=\"content__figure\">\n\t\t\t\t\t\t\t\t\t<img loading=\"lazy\" decoding=\"async\" width=\"750\" height=\"750\" src=\"https:\/\/mylaps.com\/wp-content\/uploads\/2025\/01\/registration-10-e1736343877322-750x750.jpg\" class=\"content__image\" alt=\"\" srcset=\"https:\/\/mylaps.com\/wp-content\/uploads\/2025\/01\/registration-10-e1736343877322-750x750.jpg 750w, https:\/\/mylaps.com\/wp-content\/uploads\/2025\/01\/registration-10-e1736343877322-150x150.jpg 150w, https:\/\/mylaps.com\/wp-content\/uploads\/2025\/01\/registration-10-e1736343877322-300x300.jpg 300w, https:\/\/mylaps.com\/wp-content\/uploads\/2025\/01\/registration-10-e1736343877322-768x768.jpg 768w, https:\/\/mylaps.com\/wp-content\/uploads\/2025\/01\/registration-10-e1736343877322-1024x1024.jpg 1024w, https:\/\/mylaps.com\/wp-content\/uploads\/2025\/01\/registration-10-e1736343877322-400x400.jpg 400w, https:\/\/mylaps.com\/wp-content\/uploads\/2025\/01\/registration-10-e1736343877322-600x600.jpg 600w, https:\/\/mylaps.com\/wp-content\/uploads\/2025\/01\/registration-10-e1736343877322-100x100.jpg 100w, https:\/\/mylaps.com\/wp-content\/uploads\/2025\/01\/registration-10-e1736343877322.jpg 1082w\" sizes=\"auto, (max-width: 750px) 100vw, 750px\" \/>\t\t\t\t\t\t\t\t<\/figure>\n\t\t\t\t\t\t\t\t\t\t\t\t\t<\/div>\n\t\t\t\t\t\t\t<\/div>\n\t\t\t<\/div>\n<\/div>\n\n\n<p>\u00a1<\/p>\n\n<div\n\tclass=\"block content bg--white content--cols-1 bg--blank content--arrange-half\"\n\tstyle=\"--cols: 1\">\n\t<div class=\"container--small\">\n\t\t\t\t\t<div class=\"content__column\">\n\t\t\t\t\t\t\t<\/div>\n\t\t\t<\/div>\n<\/div>\n\n\n<div class=\"block cta\">\n\t<div class=\"container--medium\">\n\t\t<div class=\"cta__content\">\n\t\t\t\t\t\t\t<h2>\n\t\t\t\t\tEmpezar con la inscripci\u00f3n\t\t\t\t<\/h2>\n\t\t\t\n\t\t\t\t\t\t\t<a\n\t\t\t\t\thref=\"https:\/\/mylaps.com\/es\/deportes-activos\/soluciones\/contactenos\/?mylaps_system_interest__c=Registration\"\n\t\t\t\t\ttarget=\"\"\n\t\t\t\t\tclass=\"button--primary\">\n\t\t\t\t\tContacta con nosotros\t\t\t\t<\/a>\n\t\t\t\t\t<\/div>\n\t<\/div>\n<\/div>\n","protected":false},"excerpt":{"rendered":"<p>Inscripci\u00f3n \u00bfBusca una inscripci\u00f3n sencilla en l\u00ednea, in situ y en la feria para sus eventos? As\u00f3ciese con MYLAPS y aseg\u00farese un registro f\u00e1cil y sin problemas tanto para el participante como para el organizador del evento. Eventapp by tracx Los atletas evolucionan, \u00bfy t\u00fa? La inscripci\u00f3n es una parte crucial de la organizaci\u00f3n de un evento deportivo de atletismo, ciclismo, triatl\u00f3n y otros deportes. Ofrezca a sus participantes un registro sin problemas. MYLAPS colabora con expertos en inscripciones que ofrecen la mejor plataforma de inscripciones de su clase. La plataforma es: Optimizada para smartphones: El 60% de las inscripciones se producen en dispositivos m\u00f3viles Totalmente personalizable: Utilice su propio look &#038; feel, con [&#8230;]<\/p>\n","protected":false},"author":2,"featured_media":0,"parent":33225,"menu_order":0,"comment_status":"closed","ping_status":"closed","template":"","meta":{"_acf_changed":false,"content-type":"","_trash_the_other_posts":false,"editor_notices":[],"footnotes":""},"class_list":["post-33045","page","type-page","status-publish","hentry"],"acf":[],"yoast_head":"<!-- This site is optimized with the Yoast SEO Premium plugin v27.0 (Yoast SEO v27.0) - https:\/\/yoast.com\/product\/yoast-seo-premium-wordpress\/ -->\n<title>Inscripci\u00f3n - MYLAPS - Espana<\/title>\n<meta name=\"robots\" content=\"index, follow, max-snippet:-1, max-image-preview:large, max-video-preview:-1\" \/>\n<link rel=\"canonical\" href=\"https:\/\/mylaps.com\/es\/deportes-activos\/servicios\/inscripcion\/\" \/>\n<meta property=\"og:locale\" content=\"en_US\" \/>\n<meta property=\"og:type\" content=\"article\" \/>\n<meta property=\"og:title\" content=\"Inscripci\u00f3n\" \/>\n<meta property=\"og:description\" content=\"Inscripci\u00f3n \u00bfBusca una inscripci\u00f3n sencilla en l\u00ednea, in situ y en la feria para sus eventos? As\u00f3ciese con MYLAPS y aseg\u00farese un registro f\u00e1cil y sin problemas tanto para el participante como para el organizador del evento. Eventapp by tracx Los atletas evolucionan, \u00bfy t\u00fa? La inscripci\u00f3n es una parte crucial de la organizaci\u00f3n de un evento deportivo de atletismo, ciclismo, triatl\u00f3n y otros deportes. Ofrezca a sus participantes un registro sin problemas. MYLAPS colabora con expertos en inscripciones que ofrecen la mejor plataforma de inscripciones de su clase. La plataforma es: Optimizada para smartphones: El 60% de las inscripciones se producen en dispositivos m\u00f3viles Totalmente personalizable: Utilice su propio look &amp; feel, con [...]\" \/>\n<meta property=\"og:url\" content=\"https:\/\/mylaps.com\/es\/deportes-activos\/servicios\/inscripcion\/\" \/>\n<meta property=\"og:site_name\" content=\"MYLAPS - Espana\" \/>\n<meta property=\"article:modified_time\" content=\"2026-03-19T10:28:03+00:00\" \/>\n<meta name=\"twitter:card\" content=\"summary_large_image\" \/>\n<meta name=\"twitter:label1\" content=\"Est. reading time\" \/>\n\t<meta name=\"twitter:data1\" content=\"3 minutes\" \/>\n<script type=\"application\/ld+json\" class=\"yoast-schema-graph\">{\"@context\":\"https:\/\/schema.org\",\"@graph\":[{\"@type\":\"WebPage\",\"@id\":\"https:\/\/mylaps.com\/es\/deportes-activos\/servicios\/inscripcion\/\",\"url\":\"https:\/\/mylaps.com\/es\/deportes-activos\/servicios\/inscripcion\/\",\"name\":\"Inscripci\u00f3n - MYLAPS - Espana\",\"isPartOf\":{\"@id\":\"https:\/\/mylaps.com\/es\/#website\"},\"datePublished\":\"2025-01-07T14:41:45+00:00\",\"dateModified\":\"2026-03-19T10:28:03+00:00\",\"breadcrumb\":{\"@id\":\"https:\/\/mylaps.com\/es\/deportes-activos\/servicios\/inscripcion\/#breadcrumb\"},\"inLanguage\":\"en-US\",\"potentialAction\":[{\"@type\":\"ReadAction\",\"target\":[\"https:\/\/mylaps.com\/es\/deportes-activos\/servicios\/inscripcion\/\"]}]},{\"@type\":\"BreadcrumbList\",\"@id\":\"https:\/\/mylaps.com\/es\/deportes-activos\/servicios\/inscripcion\/#breadcrumb\",\"itemListElement\":[{\"@type\":\"ListItem\",\"position\":1,\"name\":\"Home\",\"item\":\"https:\/\/mylaps.com\/es\/\"},{\"@type\":\"ListItem\",\"position\":2,\"name\":\"Deportes activos\",\"item\":\"https:\/\/mylaps.com\/es\/deportes-activos\/\"},{\"@type\":\"ListItem\",\"position\":3,\"name\":\"Services (Active)\",\"item\":\"https:\/\/mylaps.com\/es\/deportes-activos\/services\/\"},{\"@type\":\"ListItem\",\"position\":4,\"name\":\"Inscripci\u00f3n\"}]},{\"@type\":\"WebSite\",\"@id\":\"https:\/\/mylaps.com\/es\/#website\",\"url\":\"https:\/\/mylaps.com\/es\/\",\"name\":\"MYLAPS\",\"description\":\"MYLAPS Sports Timing - The Industry&#039;s Most Reliable and Accurate Timing and Data Solutions\",\"potentialAction\":[{\"@type\":\"SearchAction\",\"target\":{\"@type\":\"EntryPoint\",\"urlTemplate\":\"https:\/\/mylaps.com\/es\/?s={search_term_string}\"},\"query-input\":{\"@type\":\"PropertyValueSpecification\",\"valueRequired\":true,\"valueName\":\"search_term_string\"}}],\"inLanguage\":\"en-US\"}]}<\/script>\n<!-- \/ Yoast SEO Premium plugin. -->","yoast_head_json":{"title":"Inscripci\u00f3n - MYLAPS - Espana","robots":{"index":"index","follow":"follow","max-snippet":"max-snippet:-1","max-image-preview":"max-image-preview:large","max-video-preview":"max-video-preview:-1"},"canonical":"https:\/\/mylaps.com\/es\/deportes-activos\/servicios\/inscripcion\/","og_locale":"en_US","og_type":"article","og_title":"Inscripci\u00f3n","og_description":"Inscripci\u00f3n \u00bfBusca una inscripci\u00f3n sencilla en l\u00ednea, in situ y en la feria para sus eventos? As\u00f3ciese con MYLAPS y aseg\u00farese un registro f\u00e1cil y sin problemas tanto para el participante como para el organizador del evento. Eventapp by tracx Los atletas evolucionan, \u00bfy t\u00fa? La inscripci\u00f3n es una parte crucial de la organizaci\u00f3n de un evento deportivo de atletismo, ciclismo, triatl\u00f3n y otros deportes. Ofrezca a sus participantes un registro sin problemas. MYLAPS colabora con expertos en inscripciones que ofrecen la mejor plataforma de inscripciones de su clase. La plataforma es: Optimizada para smartphones: El 60% de las inscripciones se producen en dispositivos m\u00f3viles Totalmente personalizable: Utilice su propio look & feel, con [...]","og_url":"https:\/\/mylaps.com\/es\/deportes-activos\/servicios\/inscripcion\/","og_site_name":"MYLAPS - Espana","article_modified_time":"2026-03-19T10:28:03+00:00","twitter_card":"summary_large_image","twitter_misc":{"Est. reading time":"3 minutes"},"schema":{"@context":"https:\/\/schema.org","@graph":[{"@type":"WebPage","@id":"https:\/\/mylaps.com\/es\/deportes-activos\/servicios\/inscripcion\/","url":"https:\/\/mylaps.com\/es\/deportes-activos\/servicios\/inscripcion\/","name":"Inscripci\u00f3n - MYLAPS - Espana","isPartOf":{"@id":"https:\/\/mylaps.com\/es\/#website"},"datePublished":"2025-01-07T14:41:45+00:00","dateModified":"2026-03-19T10:28:03+00:00","breadcrumb":{"@id":"https:\/\/mylaps.com\/es\/deportes-activos\/servicios\/inscripcion\/#breadcrumb"},"inLanguage":"en-US","potentialAction":[{"@type":"ReadAction","target":["https:\/\/mylaps.com\/es\/deportes-activos\/servicios\/inscripcion\/"]}]},{"@type":"BreadcrumbList","@id":"https:\/\/mylaps.com\/es\/deportes-activos\/servicios\/inscripcion\/#breadcrumb","itemListElement":[{"@type":"ListItem","position":1,"name":"Home","item":"https:\/\/mylaps.com\/es\/"},{"@type":"ListItem","position":2,"name":"Deportes activos","item":"https:\/\/mylaps.com\/es\/deportes-activos\/"},{"@type":"ListItem","position":3,"name":"Services (Active)","item":"https:\/\/mylaps.com\/es\/deportes-activos\/services\/"},{"@type":"ListItem","position":4,"name":"Inscripci\u00f3n"}]},{"@type":"WebSite","@id":"https:\/\/mylaps.com\/es\/#website","url":"https:\/\/mylaps.com\/es\/","name":"MYLAPS","description":"MYLAPS Sports Timing - The Industry&#039;s Most Reliable and Accurate Timing and Data Solutions","potentialAction":[{"@type":"SearchAction","target":{"@type":"EntryPoint","urlTemplate":"https:\/\/mylaps.com\/es\/?s={search_term_string}"},"query-input":{"@type":"PropertyValueSpecification","valueRequired":true,"valueName":"search_term_string"}}],"inLanguage":"en-US"}]}},"_links":{"self":[{"href":"https:\/\/mylaps.com\/es\/wp-json\/wp\/v2\/pages\/33045","targetHints":{"allow":["GET"]}}],"collection":[{"href":"https:\/\/mylaps.com\/es\/wp-json\/wp\/v2\/pages"}],"about":[{"href":"https:\/\/mylaps.com\/es\/wp-json\/wp\/v2\/types\/page"}],"author":[{"embeddable":true,"href":"https:\/\/mylaps.com\/es\/wp-json\/wp\/v2\/users\/2"}],"replies":[{"embeddable":true,"href":"https:\/\/mylaps.com\/es\/wp-json\/wp\/v2\/comments?post=33045"}],"version-history":[{"count":10,"href":"https:\/\/mylaps.com\/es\/wp-json\/wp\/v2\/pages\/33045\/revisions"}],"predecessor-version":[{"id":41575,"href":"https:\/\/mylaps.com\/es\/wp-json\/wp\/v2\/pages\/33045\/revisions\/41575"}],"up":[{"embeddable":true,"href":"https:\/\/mylaps.com\/es\/wp-json\/wp\/v2\/pages\/33225"}],"wp:attachment":[{"href":"https:\/\/mylaps.com\/es\/wp-json\/wp\/v2\/media?parent=33045"}],"curies":[{"name":"wp","href":"https:\/\/api.w.org\/{rel}","templated":true}]}}