{"id":33087,"date":"2025-01-08T08:56:16","date_gmt":"2025-01-08T08:56:16","guid":{"rendered":"https:\/\/mylaps.com\/?page_id=33087"},"modified":"2026-03-19T10:30:04","modified_gmt":"2026-03-19T10:30:04","slug":"recaudacion-de-fondos","status":"publish","type":"page","link":"https:\/\/mylaps.com\/es\/deportes-activos\/servicios\/recaudacion-de-fondos\/","title":{"rendered":"Recaudaci\u00f3n de fondos"},"content":{"rendered":"<p>\u00a1<\/p>\n\n<div class=\"block hero hero--background-img hero--content-tc\">\n\t<img loading=\"lazy\" decoding=\"async\" width=\"2000\" height=\"891\" src=\"https:\/\/mylaps.com\/wp-content\/uploads\/2025\/01\/fundraising-4-scaled-1-e1736342267771-2000x891.jpg\" class=\"hero__background\" alt=\"\" srcset=\"https:\/\/mylaps.com\/wp-content\/uploads\/2025\/01\/fundraising-4-scaled-1-e1736342267771-2000x891.jpg 2000w, https:\/\/mylaps.com\/wp-content\/uploads\/2025\/01\/fundraising-4-scaled-1-e1736342267771-300x134.jpg 300w, https:\/\/mylaps.com\/wp-content\/uploads\/2025\/01\/fundraising-4-scaled-1-e1736342267771-768x342.jpg 768w, https:\/\/mylaps.com\/wp-content\/uploads\/2025\/01\/fundraising-4-scaled-1-e1736342267771-1024x456.jpg 1024w, https:\/\/mylaps.com\/wp-content\/uploads\/2025\/01\/fundraising-4-scaled-1-e1736342267771-1536x684.jpg 1536w, https:\/\/mylaps.com\/wp-content\/uploads\/2025\/01\/fundraising-4-scaled-1-e1736342267771-2048x912.jpg 2048w, https:\/\/mylaps.com\/wp-content\/uploads\/2025\/01\/fundraising-4-scaled-1-e1736342267771-750x334.jpg 750w, https:\/\/mylaps.com\/wp-content\/uploads\/2025\/01\/fundraising-4-scaled-1-e1736342267771-400x178.jpg 400w, https:\/\/mylaps.com\/wp-content\/uploads\/2025\/01\/fundraising-4-scaled-1-e1736342267771-225x100.jpg 225w\" sizes=\"auto, (max-width: 2000px) 100vw, 2000px\" \/>\n\t<div class=\"container\">\n\t\t<div class=\"hero__content space-content\">\n\t\t\t\t\t\t\t<h1>\n\t\t\t\t\tRecaudaci\u00f3n de fondos\t\t\t\t<\/h1>\n\t\t\t\n\t\t\t<div class=\"flex-shrink-0 flex flex-col relative items-end\">\n<div class=\"pt-0\">\n<div class=\"gizmo-bot-avatar flex h-8 w-8 items-center justify-center overflow-hidden rounded-full\">\n<div class=\"relative p-1 rounded-sm flex items-center justify-center bg-token-main-surface-primary text-token-text-primary h-8 w-8\">\n<div class=\"flex-shrink-0 flex flex-col relative items-end\">\n<div>\n<div class=\"pt-0\">\n<div class=\"gizmo-bot-avatar flex h-8 w-8 items-center justify-center overflow-hidden rounded-full\">\n<div class=\"relative p-1 rounded-sm flex items-center justify-center bg-token-main-surface-primary text-token-text-primary h-8 w-8\">Los organizadores de eventos pueden mejorar el compromiso y el impacto con MYLAPS y el servicio gratuito de recaudaci\u00f3n de fondos de GivenGain, disponible en EMEA y Asia-Pac\u00edfico.<\/div>\n<\/div>\n<\/div>\n<\/div>\n<\/div>\n<\/div>\n<\/div>\n<\/div>\n<\/div>\n\t\t<\/div>\n\t<\/div>\n<\/div>\n\n\n<div\n\tclass=\"block content bg--white content--flip-columns-on-mobile content--align-content-vertically content--cols-2 bg--blank content--arrange-half\"\n\tstyle=\"--cols: 2\">\n\t<div class=\"container\">\n\t\t\t\t\t<div class=\"content__column\">\n\t\t\t\t\t\t\t\t\t<div\n\t\t\t\t\t\t\t\t\t\t\t\tclass=\"content__type--image space-content\">\n\t\t\t\t\t\t\t\t\t\t\t\t\t\t<figure class=\"content__figure\">\n\t\t\t\t\t\t\t\t\t<img loading=\"lazy\" decoding=\"async\" width=\"750\" height=\"500\" src=\"https:\/\/mylaps.com\/wp-content\/uploads\/2025\/01\/fundraising-2-750x500.jpg\" class=\"content__image\" alt=\"\" srcset=\"https:\/\/mylaps.com\/wp-content\/uploads\/2025\/01\/fundraising-2-750x500.jpg 750w, https:\/\/mylaps.com\/wp-content\/uploads\/2025\/01\/fundraising-2-300x200.jpg 300w, https:\/\/mylaps.com\/wp-content\/uploads\/2025\/01\/fundraising-2-768x512.jpg 768w, https:\/\/mylaps.com\/wp-content\/uploads\/2025\/01\/fundraising-2-1024x683.jpg 1024w, https:\/\/mylaps.com\/wp-content\/uploads\/2025\/01\/fundraising-2-1536x1024.jpg 1536w, https:\/\/mylaps.com\/wp-content\/uploads\/2025\/01\/fundraising-2-400x267.jpg 400w, https:\/\/mylaps.com\/wp-content\/uploads\/2025\/01\/fundraising-2-150x100.jpg 150w, https:\/\/mylaps.com\/wp-content\/uploads\/2025\/01\/fundraising-2.jpg 1600w\" sizes=\"auto, (max-width: 750px) 100vw, 750px\" \/>\t\t\t\t\t\t\t\t<\/figure>\n\t\t\t\t\t\t\t\t\t\t\t\t\t<\/div>\n\t\t\t\t\t\t\t<\/div>\n\t\t\t\t\t<div class=\"content__column\">\n\t\t\t\t\t\t\t\t\t<div\n\t\t\t\t\t\tdata-aos=\"fade-up\"\t\t\t\t\t\tclass=\"content__type--text space-content\">\n\t\t\t\t\t\t<p class='label'>GivenGain<\/p>\n<h2 class='picture-title'>Carrera por el bien.<\/h2>\n<p>Ofrece a tus participantes y espectadores una experiencia de evento \u00fanica con recaudaci\u00f3n de fondos. Involucra y apoya a tus organizaciones ben\u00e9ficas. Todo esto y mucho m\u00e1s con su propia marca para maximizar la visibilidad y el alcance de sus patrocinadores.<\/p>\n<ul>\n<li>Experiencias memorables<\/li>\n<li>Impacto social<\/li>\n<li>Valor del patrocinador para eventos y atletas<\/li>\n<\/ul>\n<p><a class='button--primary' href='https:\/\/mylaps.com\/es\/deportes-activos\/soluciones\/contactenos\/'>Contact us<\/a><\/p>\n\t\t\t\t\t<\/div>\n\t\t\t\t\t\t\t<\/div>\n\t\t\t<\/div>\n<\/div>\n\n\n<p>\u00a1<\/p>\n\n<div class=\"block hero hero--background-img\">\n\t<img loading=\"lazy\" decoding=\"async\" width=\"2000\" height=\"1334\" src=\"https:\/\/mylaps.com\/wp-content\/uploads\/2025\/01\/fundraising-7-scaled-1-2000x1334.jpg\" class=\"hero__background\" alt=\"\" srcset=\"https:\/\/mylaps.com\/wp-content\/uploads\/2025\/01\/fundraising-7-scaled-1-2000x1334.jpg 2000w, https:\/\/mylaps.com\/wp-content\/uploads\/2025\/01\/fundraising-7-scaled-1-300x200.jpg 300w, https:\/\/mylaps.com\/wp-content\/uploads\/2025\/01\/fundraising-7-scaled-1-768x512.jpg 768w, https:\/\/mylaps.com\/wp-content\/uploads\/2025\/01\/fundraising-7-scaled-1-1024x683.jpg 1024w, https:\/\/mylaps.com\/wp-content\/uploads\/2025\/01\/fundraising-7-scaled-1-1536x1024.jpg 1536w, https:\/\/mylaps.com\/wp-content\/uploads\/2025\/01\/fundraising-7-scaled-1-2048x1366.jpg 2048w, https:\/\/mylaps.com\/wp-content\/uploads\/2025\/01\/fundraising-7-scaled-1-750x500.jpg 750w, https:\/\/mylaps.com\/wp-content\/uploads\/2025\/01\/fundraising-7-scaled-1-400x267.jpg 400w, https:\/\/mylaps.com\/wp-content\/uploads\/2025\/01\/fundraising-7-scaled-1-150x100.jpg 150w\" sizes=\"auto, (max-width: 2000px) 100vw, 2000px\" \/>\n\t<div class=\"container\">\n\t\t<div class=\"hero__content space-content\">\n\t\t\t\n\t\t\t\t\t<\/div>\n\t<\/div>\n<\/div>\n\n\n<div\n\tclass=\"block content bg--white content--align-content-vertically content--cols-2 bg--blank content--arrange-half\"\n\tstyle=\"--cols: 2\">\n\t<div class=\"container\">\n\t\t\t\t\t<div class=\"content__column\">\n\t\t\t\t\t\t\t\t\t<div\n\t\t\t\t\t\tdata-aos=\"fade-up\"\t\t\t\t\t\tclass=\"content__type--text space-content\">\n\t\t\t\t\t\t<p class='label'>Fundaci\u00f3n GivenGain<\/p>\n<h3>Todos dan, todos ganan.<\/h3>\n<p class='c-title-4 is-light-blue is-balance'>GivenGain, l\u00edder mundial en crowdfunding sin \u00e1nimo de lucro, aumenta los ingresos de organizaciones ben\u00e9ficas de todos los tama\u00f1os, desde Unicef hasta peque\u00f1os grupos locales. Presente en m\u00e1s de 30 pa\u00edses, apoya causas en m\u00e1s de 80 naciones a trav\u00e9s de donantes y recaudadores de fondos de todo el mundo. Entre sus socios se encuentran el Marat\u00f3n de Boston, aQuell\u00e9 Midmar Mile y Absa Cape Epic.<\/p>\n<p><a class='button--ghost' href='https:\/\/www.givengain.com\/about-us'>Find out more<\/a><\/p>\n\t\t\t\t\t<\/div>\n\t\t\t\t\t\t\t<\/div>\n\t\t\t\t\t<div class=\"content__column\">\n\t\t\t\t\t\t\t\t\t<div\n\t\t\t\t\t\t\t\t\t\t\t\tclass=\"content__type--image space-content\">\n\t\t\t\t\t\t\t\t\t\t\t\t\t\t<figure class=\"content__figure\">\n\t\t\t\t\t\t\t\t\t<img loading=\"lazy\" decoding=\"async\" width=\"750\" height=\"430\" src=\"https:\/\/mylaps.com\/wp-content\/uploads\/2025\/01\/66a0e86f331b75971cd9dc72_GGteam-about-us-750x430.jpg\" class=\"content__image\" alt=\"\" srcset=\"https:\/\/mylaps.com\/wp-content\/uploads\/2025\/01\/66a0e86f331b75971cd9dc72_GGteam-about-us-750x430.jpg 750w, https:\/\/mylaps.com\/wp-content\/uploads\/2025\/01\/66a0e86f331b75971cd9dc72_GGteam-about-us-300x172.jpg 300w, https:\/\/mylaps.com\/wp-content\/uploads\/2025\/01\/66a0e86f331b75971cd9dc72_GGteam-about-us-768x440.jpg 768w, https:\/\/mylaps.com\/wp-content\/uploads\/2025\/01\/66a0e86f331b75971cd9dc72_GGteam-about-us-1024x587.jpg 1024w, https:\/\/mylaps.com\/wp-content\/uploads\/2025\/01\/66a0e86f331b75971cd9dc72_GGteam-about-us-400x229.jpg 400w, https:\/\/mylaps.com\/wp-content\/uploads\/2025\/01\/66a0e86f331b75971cd9dc72_GGteam-about-us-174x100.jpg 174w, https:\/\/mylaps.com\/wp-content\/uploads\/2025\/01\/66a0e86f331b75971cd9dc72_GGteam-about-us.jpg 1202w\" sizes=\"auto, (max-width: 750px) 100vw, 750px\" \/>\t\t\t\t\t\t\t\t<\/figure>\n\t\t\t\t\t\t\t\t\t\t\t\t\t<\/div>\n\t\t\t\t\t\t\t<\/div>\n\t\t\t<\/div>\n<\/div>\n\n\n<p>\u00a1<\/p>\n\n<div class=\"block hero hero--background-img\">\n\t<img loading=\"lazy\" decoding=\"async\" width=\"2000\" height=\"1334\" src=\"https:\/\/mylaps.com\/wp-content\/uploads\/2025\/01\/fundraising-8-scaled-1-2000x1334.jpeg\" class=\"hero__background\" alt=\"\" srcset=\"https:\/\/mylaps.com\/wp-content\/uploads\/2025\/01\/fundraising-8-scaled-1-2000x1334.jpeg 2000w, https:\/\/mylaps.com\/wp-content\/uploads\/2025\/01\/fundraising-8-scaled-1-300x200.jpeg 300w, https:\/\/mylaps.com\/wp-content\/uploads\/2025\/01\/fundraising-8-scaled-1-768x512.jpeg 768w, https:\/\/mylaps.com\/wp-content\/uploads\/2025\/01\/fundraising-8-scaled-1-1024x683.jpeg 1024w, https:\/\/mylaps.com\/wp-content\/uploads\/2025\/01\/fundraising-8-scaled-1-1536x1024.jpeg 1536w, https:\/\/mylaps.com\/wp-content\/uploads\/2025\/01\/fundraising-8-scaled-1-2048x1366.jpeg 2048w, https:\/\/mylaps.com\/wp-content\/uploads\/2025\/01\/fundraising-8-scaled-1-750x500.jpeg 750w, https:\/\/mylaps.com\/wp-content\/uploads\/2025\/01\/fundraising-8-scaled-1-400x267.jpeg 400w, https:\/\/mylaps.com\/wp-content\/uploads\/2025\/01\/fundraising-8-scaled-1-150x100.jpeg 150w\" sizes=\"auto, (max-width: 2000px) 100vw, 2000px\" \/>\n\t<div class=\"container\">\n\t\t<div class=\"hero__content space-content\">\n\t\t\t\n\t\t\t\t\t<\/div>\n\t<\/div>\n<\/div>\n\n\n<p>\u00a1<\/p>\n\n<div\n\tclass=\"block content bg--white content--flip-columns-on-mobile content--align-content-vertically content--cols-2 bg--blank content--arrange-half\"\n\tstyle=\"--cols: 2\">\n\t<div class=\"container\">\n\t\t\t\t\t<div class=\"content__column\">\n\t\t\t\t\t\t\t\t\t<div\n\t\t\t\t\t\t\t\t\t\t\t\tclass=\"content__type--image space-content\">\n\t\t\t\t\t\t\t\t\t\t\t\t\t\t<figure class=\"content__figure\">\n\t\t\t\t\t\t\t\t\t<img loading=\"lazy\" decoding=\"async\" width=\"600\" height=\"600\" src=\"https:\/\/mylaps.com\/wp-content\/uploads\/2025\/01\/Fundraising-square.png\" class=\"content__image\" alt=\"\" srcset=\"https:\/\/mylaps.com\/wp-content\/uploads\/2025\/01\/Fundraising-square.png 600w, https:\/\/mylaps.com\/wp-content\/uploads\/2025\/01\/Fundraising-square-150x150.png 150w, https:\/\/mylaps.com\/wp-content\/uploads\/2025\/01\/Fundraising-square-300x300.png 300w, https:\/\/mylaps.com\/wp-content\/uploads\/2025\/01\/Fundraising-square-400x400.png 400w, https:\/\/mylaps.com\/wp-content\/uploads\/2025\/01\/Fundraising-square-100x100.png 100w\" sizes=\"auto, (max-width: 600px) 100vw, 600px\" \/>\t\t\t\t\t\t\t\t<\/figure>\n\t\t\t\t\t\t\t\t\t\t\t\t\t<\/div>\n\t\t\t\t\t\t\t<\/div>\n\t\t\t\t\t<div class=\"content__column\">\n\t\t\t\t\t\t\t\t\t<div\n\t\t\t\t\t\tdata-aos=\"fade-up\"\t\t\t\t\t\tclass=\"content__type--text space-content\">\n\t\t\t\t\t\t<p class='label'>Por qu\u00e9 recaudar fondos<\/p>\n<h2 class='card-title color-blue font-family-secondar text-left'>C\u00f3mo ayuda la recaudaci\u00f3n de fondos ben\u00e9ficos a los eventos<\/h2>\n<ul>\n<li>Crea una experiencia memorable y compartible antes, durante y despu\u00e9s del d\u00eda de la carrera<\/li>\n<li>Impulsa las inscripciones de participantes locales e internacionales<\/li>\n<li>Atrae a la pr\u00f3xima generaci\u00f3n de participantes con conciencia social<\/li>\n<li>Tiene un gran impacto en las organizaciones ben\u00e9ficas asociadas: el participante medio del evento recauda 1200 d\u00f3lares a trav\u00e9s de su red<\/li>\n<\/ul>\n\t\t\t\t\t<\/div>\n\t\t\t\t\t\t\t<\/div>\n\t\t\t<\/div>\n<\/div>\n\n\n<div class=\"block cta\">\n\t<div class=\"container--medium\">\n\t\t<div class=\"cta__content\">\n\t\t\t\t\t\t\t<h2>\n\t\t\t\t\tComience con el registro\t\t\t\t<\/h2>\n\t\t\t\n\t\t\t\t\t\t\t<a\n\t\t\t\t\thref=\"https:\/\/mylaps.com\/es\/deportes-activos\/soluciones\/contactenos\/\"\n\t\t\t\t\ttarget=\"\"\n\t\t\t\t\tclass=\"button--primary\">\n\t\t\t\t\tContacte con nosotros\t\t\t\t<\/a>\n\t\t\t\t\t<\/div>\n\t<\/div>\n<\/div>\n","protected":false},"excerpt":{"rendered":"<p>Recaudaci\u00f3n de fondos Los organizadores de eventos pueden mejorar el compromiso y el impacto con MYLAPS y el servicio gratuito de recaudaci\u00f3n de fondos de GivenGain, disponible en EMEA y Asia-Pac\u00edfico. GivenGain Carrera por el bien. Ofrezca a sus participantes y espectadores una experiencia \u00fanica con la recaudaci\u00f3n de fondos. Involucre y apoye a sus organizaciones ben\u00e9ficas. Todo esto y mucho m\u00e1s con su propia marca para maximizar la visibilidad y el alcance de sus patrocinadores. Experiencias memorables Impacto social Valor de patrocinio para eventos y atletas Contacto Fundaci\u00f3n GivenGain Todos damos, todos ganamos. GivenGain, l\u00edder mundial en crowdfunding sin \u00e1nimo de lucro, aumenta los ingresos de organizaciones ben\u00e9ficas de todos los tama\u00f1os, desde Unicef hasta peque\u00f1os grupos locales. Opera en m\u00e1s de 30 pa\u00edses [&#8230;]<\/p>\n","protected":false},"author":2,"featured_media":0,"parent":33225,"menu_order":0,"comment_status":"closed","ping_status":"closed","template":"","meta":{"_acf_changed":false,"content-type":"","_trash_the_other_posts":false,"editor_notices":[],"footnotes":""},"class_list":["post-33087","page","type-page","status-publish","hentry"],"acf":[],"yoast_head":"<!-- This site is optimized with the Yoast SEO Premium plugin v27.0 (Yoast SEO v27.0) - https:\/\/yoast.com\/product\/yoast-seo-premium-wordpress\/ -->\n<title>Recaudaci\u00f3n de fondos - MYLAPS - Espana<\/title>\n<meta name=\"robots\" content=\"index, follow, max-snippet:-1, max-image-preview:large, max-video-preview:-1\" \/>\n<link rel=\"canonical\" href=\"https:\/\/mylaps.com\/es\/deportes-activos\/servicios\/recaudacion-de-fondos\/\" \/>\n<meta property=\"og:locale\" content=\"en_US\" \/>\n<meta property=\"og:type\" content=\"article\" \/>\n<meta property=\"og:title\" content=\"Recaudaci\u00f3n de fondos\" \/>\n<meta property=\"og:description\" content=\"Recaudaci\u00f3n de fondos Los organizadores de eventos pueden mejorar el compromiso y el impacto con MYLAPS y el servicio gratuito de recaudaci\u00f3n de fondos de GivenGain, disponible en EMEA y Asia-Pac\u00edfico. GivenGain Carrera por el bien. Ofrezca a sus participantes y espectadores una experiencia \u00fanica con la recaudaci\u00f3n de fondos. Involucre y apoye a sus organizaciones ben\u00e9ficas. Todo esto y mucho m\u00e1s con su propia marca para maximizar la visibilidad y el alcance de sus patrocinadores. Experiencias memorables Impacto social Valor de patrocinio para eventos y atletas Contacto Fundaci\u00f3n GivenGain Todos damos, todos ganamos. GivenGain, l\u00edder mundial en crowdfunding sin \u00e1nimo de lucro, aumenta los ingresos de organizaciones ben\u00e9ficas de todos los tama\u00f1os, desde Unicef hasta peque\u00f1os grupos locales. Opera en m\u00e1s de 30 pa\u00edses [...]\" \/>\n<meta property=\"og:url\" content=\"https:\/\/mylaps.com\/es\/deportes-activos\/servicios\/recaudacion-de-fondos\/\" \/>\n<meta property=\"og:site_name\" content=\"MYLAPS - Espana\" \/>\n<meta property=\"article:modified_time\" content=\"2026-03-19T10:30:04+00:00\" \/>\n<meta name=\"twitter:card\" content=\"summary_large_image\" \/>\n<meta name=\"twitter:label1\" content=\"Est. reading time\" \/>\n\t<meta name=\"twitter:data1\" content=\"3 minutes\" \/>\n<script type=\"application\/ld+json\" class=\"yoast-schema-graph\">{\"@context\":\"https:\/\/schema.org\",\"@graph\":[{\"@type\":\"WebPage\",\"@id\":\"https:\/\/mylaps.com\/es\/deportes-activos\/servicios\/recaudacion-de-fondos\/\",\"url\":\"https:\/\/mylaps.com\/es\/deportes-activos\/servicios\/recaudacion-de-fondos\/\",\"name\":\"Recaudaci\u00f3n de fondos - MYLAPS - Espana\",\"isPartOf\":{\"@id\":\"https:\/\/mylaps.com\/es\/#website\"},\"datePublished\":\"2025-01-08T08:56:16+00:00\",\"dateModified\":\"2026-03-19T10:30:04+00:00\",\"breadcrumb\":{\"@id\":\"https:\/\/mylaps.com\/es\/deportes-activos\/servicios\/recaudacion-de-fondos\/#breadcrumb\"},\"inLanguage\":\"en-US\",\"potentialAction\":[{\"@type\":\"ReadAction\",\"target\":[\"https:\/\/mylaps.com\/es\/deportes-activos\/servicios\/recaudacion-de-fondos\/\"]}]},{\"@type\":\"BreadcrumbList\",\"@id\":\"https:\/\/mylaps.com\/es\/deportes-activos\/servicios\/recaudacion-de-fondos\/#breadcrumb\",\"itemListElement\":[{\"@type\":\"ListItem\",\"position\":1,\"name\":\"Home\",\"item\":\"https:\/\/mylaps.com\/es\/\"},{\"@type\":\"ListItem\",\"position\":2,\"name\":\"Deportes activos\",\"item\":\"https:\/\/mylaps.com\/es\/deportes-activos\/\"},{\"@type\":\"ListItem\",\"position\":3,\"name\":\"Services (Active)\",\"item\":\"https:\/\/mylaps.com\/es\/deportes-activos\/services\/\"},{\"@type\":\"ListItem\",\"position\":4,\"name\":\"Recaudaci\u00f3n de fondos\"}]},{\"@type\":\"WebSite\",\"@id\":\"https:\/\/mylaps.com\/es\/#website\",\"url\":\"https:\/\/mylaps.com\/es\/\",\"name\":\"MYLAPS\",\"description\":\"MYLAPS Sports Timing - The Industry&#039;s Most Reliable and Accurate Timing and Data Solutions\",\"potentialAction\":[{\"@type\":\"SearchAction\",\"target\":{\"@type\":\"EntryPoint\",\"urlTemplate\":\"https:\/\/mylaps.com\/es\/?s={search_term_string}\"},\"query-input\":{\"@type\":\"PropertyValueSpecification\",\"valueRequired\":true,\"valueName\":\"search_term_string\"}}],\"inLanguage\":\"en-US\"}]}<\/script>\n<!-- \/ Yoast SEO Premium plugin. -->","yoast_head_json":{"title":"Recaudaci\u00f3n de fondos - MYLAPS - Espana","robots":{"index":"index","follow":"follow","max-snippet":"max-snippet:-1","max-image-preview":"max-image-preview:large","max-video-preview":"max-video-preview:-1"},"canonical":"https:\/\/mylaps.com\/es\/deportes-activos\/servicios\/recaudacion-de-fondos\/","og_locale":"en_US","og_type":"article","og_title":"Recaudaci\u00f3n de fondos","og_description":"Recaudaci\u00f3n de fondos Los organizadores de eventos pueden mejorar el compromiso y el impacto con MYLAPS y el servicio gratuito de recaudaci\u00f3n de fondos de GivenGain, disponible en EMEA y Asia-Pac\u00edfico. GivenGain Carrera por el bien. Ofrezca a sus participantes y espectadores una experiencia \u00fanica con la recaudaci\u00f3n de fondos. Involucre y apoye a sus organizaciones ben\u00e9ficas. Todo esto y mucho m\u00e1s con su propia marca para maximizar la visibilidad y el alcance de sus patrocinadores. Experiencias memorables Impacto social Valor de patrocinio para eventos y atletas Contacto Fundaci\u00f3n GivenGain Todos damos, todos ganamos. GivenGain, l\u00edder mundial en crowdfunding sin \u00e1nimo de lucro, aumenta los ingresos de organizaciones ben\u00e9ficas de todos los tama\u00f1os, desde Unicef hasta peque\u00f1os grupos locales. Opera en m\u00e1s de 30 pa\u00edses [...]","og_url":"https:\/\/mylaps.com\/es\/deportes-activos\/servicios\/recaudacion-de-fondos\/","og_site_name":"MYLAPS - Espana","article_modified_time":"2026-03-19T10:30:04+00:00","twitter_card":"summary_large_image","twitter_misc":{"Est. reading time":"3 minutes"},"schema":{"@context":"https:\/\/schema.org","@graph":[{"@type":"WebPage","@id":"https:\/\/mylaps.com\/es\/deportes-activos\/servicios\/recaudacion-de-fondos\/","url":"https:\/\/mylaps.com\/es\/deportes-activos\/servicios\/recaudacion-de-fondos\/","name":"Recaudaci\u00f3n de fondos - MYLAPS - Espana","isPartOf":{"@id":"https:\/\/mylaps.com\/es\/#website"},"datePublished":"2025-01-08T08:56:16+00:00","dateModified":"2026-03-19T10:30:04+00:00","breadcrumb":{"@id":"https:\/\/mylaps.com\/es\/deportes-activos\/servicios\/recaudacion-de-fondos\/#breadcrumb"},"inLanguage":"en-US","potentialAction":[{"@type":"ReadAction","target":["https:\/\/mylaps.com\/es\/deportes-activos\/servicios\/recaudacion-de-fondos\/"]}]},{"@type":"BreadcrumbList","@id":"https:\/\/mylaps.com\/es\/deportes-activos\/servicios\/recaudacion-de-fondos\/#breadcrumb","itemListElement":[{"@type":"ListItem","position":1,"name":"Home","item":"https:\/\/mylaps.com\/es\/"},{"@type":"ListItem","position":2,"name":"Deportes activos","item":"https:\/\/mylaps.com\/es\/deportes-activos\/"},{"@type":"ListItem","position":3,"name":"Services (Active)","item":"https:\/\/mylaps.com\/es\/deportes-activos\/services\/"},{"@type":"ListItem","position":4,"name":"Recaudaci\u00f3n de fondos"}]},{"@type":"WebSite","@id":"https:\/\/mylaps.com\/es\/#website","url":"https:\/\/mylaps.com\/es\/","name":"MYLAPS","description":"MYLAPS Sports Timing - The Industry&#039;s Most Reliable and Accurate Timing and Data Solutions","potentialAction":[{"@type":"SearchAction","target":{"@type":"EntryPoint","urlTemplate":"https:\/\/mylaps.com\/es\/?s={search_term_string}"},"query-input":{"@type":"PropertyValueSpecification","valueRequired":true,"valueName":"search_term_string"}}],"inLanguage":"en-US"}]}},"_links":{"self":[{"href":"https:\/\/mylaps.com\/es\/wp-json\/wp\/v2\/pages\/33087","targetHints":{"allow":["GET"]}}],"collection":[{"href":"https:\/\/mylaps.com\/es\/wp-json\/wp\/v2\/pages"}],"about":[{"href":"https:\/\/mylaps.com\/es\/wp-json\/wp\/v2\/types\/page"}],"author":[{"embeddable":true,"href":"https:\/\/mylaps.com\/es\/wp-json\/wp\/v2\/users\/2"}],"replies":[{"embeddable":true,"href":"https:\/\/mylaps.com\/es\/wp-json\/wp\/v2\/comments?post=33087"}],"version-history":[{"count":10,"href":"https:\/\/mylaps.com\/es\/wp-json\/wp\/v2\/pages\/33087\/revisions"}],"predecessor-version":[{"id":41577,"href":"https:\/\/mylaps.com\/es\/wp-json\/wp\/v2\/pages\/33087\/revisions\/41577"}],"up":[{"embeddable":true,"href":"https:\/\/mylaps.com\/es\/wp-json\/wp\/v2\/pages\/33225"}],"wp:attachment":[{"href":"https:\/\/mylaps.com\/es\/wp-json\/wp\/v2\/media?parent=33087"}],"curies":[{"name":"wp","href":"https:\/\/api.w.org\/{rel}","templated":true}]}}