{"id":33132,"date":"2025-01-08T14:23:41","date_gmt":"2025-01-08T14:23:41","guid":{"rendered":"https:\/\/mylaps.com\/?page_id=33132"},"modified":"2026-03-19T10:30:47","modified_gmt":"2026-03-19T10:30:47","slug":"brandscan","status":"publish","type":"page","link":"https:\/\/mylaps.com\/es\/deportes-activos\/servicios\/brandscan\/","title":{"rendered":"BrandScan"},"content":{"rendered":"<p>\u00a1<\/p>\n\n<div class=\"block hero hero--background-img hero--content-tc\">\n\t<img loading=\"lazy\" decoding=\"async\" width=\"2000\" height=\"1333\" src=\"https:\/\/mylaps.com\/wp-content\/uploads\/2025\/01\/241117-046-1-2000x1333.jpg\" class=\"hero__background\" alt=\"\" srcset=\"https:\/\/mylaps.com\/wp-content\/uploads\/2025\/01\/241117-046-1-2000x1333.jpg 2000w, https:\/\/mylaps.com\/wp-content\/uploads\/2025\/01\/241117-046-1-2048x1365.jpg 2048w, https:\/\/mylaps.com\/wp-content\/uploads\/2025\/01\/241117-046-1-300x200.jpg 300w, https:\/\/mylaps.com\/wp-content\/uploads\/2025\/01\/241117-046-1-768x512.jpg 768w, https:\/\/mylaps.com\/wp-content\/uploads\/2025\/01\/241117-046-1-1024x683.jpg 1024w, https:\/\/mylaps.com\/wp-content\/uploads\/2025\/01\/241117-046-1-1536x1024.jpg 1536w, https:\/\/mylaps.com\/wp-content\/uploads\/2025\/01\/241117-046-1-750x500.jpg 750w, https:\/\/mylaps.com\/wp-content\/uploads\/2025\/01\/241117-046-1-400x267.jpg 400w, https:\/\/mylaps.com\/wp-content\/uploads\/2025\/01\/241117-046-1-150x100.jpg 150w\" sizes=\"auto, (max-width: 2000px) 100vw, 2000px\" \/>\n\t<div class=\"container\">\n\t\t<div class=\"hero__content space-content\">\n\t\t\t\t\t\t\t<h1>\n\t\t\t\t\tBrandScan\t\t\t\t<\/h1>\n\t\t\t\n\t\t\t<div class=\"flex-shrink-0 flex flex-col relative items-end\">\n<div class=\"pt-0\">\n<div class=\"gizmo-bot-avatar flex h-8 w-8 items-center justify-center overflow-hidden rounded-full\">\n<div class=\"relative p-1 rounded-sm flex items-center justify-center bg-token-main-surface-primary text-token-text-primary h-8 w-8\">Obt\u00e9n informaci\u00f3n sobre ropa y calzado para correr con IA y una configuraci\u00f3n de foto\/v\u00eddeo.<\/div>\n<div><\/div>\n<\/div>\n<\/div>\n<\/div>\n\t\t<\/div>\n\t<\/div>\n<\/div>\n\n\n<p>\u00a1<\/p>\n\n<div\n\tclass=\"block content bg--white content--flip-columns-on-mobile content--align-content-vertically content--cols-2 bg--blank content--arrange-half\"\n\tstyle=\"--cols: 2\">\n\t<div class=\"container\">\n\t\t\t\t\t<div class=\"content__column\">\n\t\t\t\t\t\t\t\t\t<div\n\t\t\t\t\t\t\t\t\t\t\t\tclass=\"content__type--image space-content\">\n\t\t\t\t\t\t\t\t\t\t\t\t\t\t<figure class=\"content__figure\">\n\t\t\t\t\t\t\t\t\t<img loading=\"lazy\" decoding=\"async\" width=\"750\" height=\"512\" src=\"https:\/\/mylaps.com\/wp-content\/uploads\/2025\/01\/brandscan-8-e1736346301921-750x512.jpg\" class=\"content__image\" alt=\"\" srcset=\"https:\/\/mylaps.com\/wp-content\/uploads\/2025\/01\/brandscan-8-e1736346301921-750x512.jpg 750w, https:\/\/mylaps.com\/wp-content\/uploads\/2025\/01\/brandscan-8-e1736346301921-300x205.jpg 300w, https:\/\/mylaps.com\/wp-content\/uploads\/2025\/01\/brandscan-8-e1736346301921-768x525.jpg 768w, https:\/\/mylaps.com\/wp-content\/uploads\/2025\/01\/brandscan-8-e1736346301921-400x273.jpg 400w, https:\/\/mylaps.com\/wp-content\/uploads\/2025\/01\/brandscan-8-e1736346301921-146x100.jpg 146w, https:\/\/mylaps.com\/wp-content\/uploads\/2025\/01\/brandscan-8-e1736346301921.jpg 843w\" sizes=\"auto, (max-width: 750px) 100vw, 750px\" \/>\t\t\t\t\t\t\t\t<\/figure>\n\t\t\t\t\t\t\t\t\t\t\t\t\t<\/div>\n\t\t\t\t\t\t\t<\/div>\n\t\t\t\t\t<div class=\"content__column\">\n\t\t\t\t\t\t\t\t\t<div\n\t\t\t\t\t\tdata-aos=\"fade-up\"\t\t\t\t\t\tclass=\"content__type--text space-content\">\n\t\t\t\t\t\t<p class=\"label\">Brandscan de miro<\/p>\n<h2 class=\"h1 h1--small mb-2\">Desbloquee el valor de los patrocinadores con informaci\u00f3n sobre las marcas<\/h2>\n<p>Proporcione a sus marcas y patrocinadores informaci\u00f3n valiosa sobre el uso del equipamiento y el calzado en su evento. Con una tecnolog\u00eda innovadora, ahora podemos medir las preferencias de marca de los participantes, ayud\u00e1ndole a evaluar el valor del patrocinador y las tendencias de los clientes<\/p>\n<ul>\n<li>Conozca las preferencias de marca en todos los eventos<\/li>\n<li>Evaluar el retorno de la inversi\u00f3n en marketing para el patrocinio de eventos<\/li>\n<li>Analice las elecciones de marca por sexo, edad, tiempo de llegada y otros datos de los participantes<\/li>\n<\/ul>\n<p><a class=\"button--primary\" href=\"https:\/\/mylaps.com\/es\/deportes-activos\/soluciones\/contactenos\/\">Contact us<\/a><\/p>\n\t\t\t\t\t<\/div>\n\t\t\t\t\t\t\t<\/div>\n\t\t\t<\/div>\n<\/div>\n\n\n<p>\u00a1<\/p>\n\n<div class=\"block hero hero--background-img\">\n\t<img loading=\"lazy\" decoding=\"async\" width=\"1920\" height=\"600\" src=\"https:\/\/mylaps.com\/wp-content\/uploads\/2025\/01\/brandscan-4.jpg\" class=\"hero__background\" alt=\"\" srcset=\"https:\/\/mylaps.com\/wp-content\/uploads\/2025\/01\/brandscan-4.jpg 1920w, https:\/\/mylaps.com\/wp-content\/uploads\/2025\/01\/brandscan-4-300x94.jpg 300w, https:\/\/mylaps.com\/wp-content\/uploads\/2025\/01\/brandscan-4-768x240.jpg 768w, https:\/\/mylaps.com\/wp-content\/uploads\/2025\/01\/brandscan-4-1024x320.jpg 1024w, https:\/\/mylaps.com\/wp-content\/uploads\/2025\/01\/brandscan-4-1536x480.jpg 1536w, https:\/\/mylaps.com\/wp-content\/uploads\/2025\/01\/brandscan-4-750x234.jpg 750w, https:\/\/mylaps.com\/wp-content\/uploads\/2025\/01\/brandscan-4-400x125.jpg 400w, https:\/\/mylaps.com\/wp-content\/uploads\/2025\/01\/brandscan-4-320x100.jpg 320w\" sizes=\"auto, (max-width: 1920px) 100vw, 1920px\" \/>\n\t<div class=\"container\">\n\t\t<div class=\"hero__content space-content\">\n\t\t\t\n\t\t\t\t\t<\/div>\n\t<\/div>\n<\/div>\n\n\n<div\n\tclass=\"block content bg--white content--align-content-vertically content--cols-2 bg--blank content--arrange-half\"\n\tstyle=\"--cols: 2\">\n\t<div class=\"container\">\n\t\t\t\t\t<div class=\"content__column\">\n\t\t\t\t\t\t\t\t\t<div\n\t\t\t\t\t\tdata-aos=\"fade-up\"\t\t\t\t\t\tclass=\"content__type--text space-content\">\n\t\t\t\t\t\t<div class=\"col-12 text-center\">\n<h2 class=\"card-title color-blue font-family-secondar text-left\">\u00bfC\u00f3mo funciona?<\/h2>\n<\/div>\n<article class=\"col-12 col-sm-10 col-lg-8 col-text-single offset-lg-2 offset-sm-1\">\n<div class=\"card-body\" style=\"text-align: left;\">\n<p>BrandScan aprovecha los datos de eventos de MYLAPS y la IA para obtener informaci\u00f3n sobre los consumidores:<\/p>\n<ul>\n<li><strong>Datos de Eventos<\/strong>: Analiza fotos y v\u00eddeos de eventos existentes.<\/li>\n<li><strong>An\u00e1lisis de IA<\/strong>: Identifica la ropa por color, tipo y marca.<\/li>\n<li><strong>Tendencias de los consumidores<\/strong>: Rastrea las preferencias de marca y el impacto del patrocinio.<\/li>\n<li><strong>Cumple con GDPR<\/strong>: Se adhiere plenamente a las normas de la UE.<\/li>\n<\/ul>\n<p>Descubre tendencias significativas con tecnolog\u00eda de vanguardia.<\/p>\n<p>&nbsp;<\/p>\n<\/div>\n<\/article>\n\t\t\t\t\t<\/div>\n\t\t\t\t\t\t\t<\/div>\n\t\t\t\t\t<div class=\"content__column\">\n\t\t\t\t\t\t\t\t\t<div\n\t\t\t\t\t\t\t\t\t\t\t\tclass=\"content__type--image space-content\">\n\t\t\t\t\t\t\t\t\t\t\t\t\t\t<figure class=\"content__figure\">\n\t\t\t\t\t\t\t\t\t<img loading=\"lazy\" decoding=\"async\" width=\"750\" height=\"422\" src=\"https:\/\/mylaps.com\/wp-content\/uploads\/2025\/01\/brandscan-750x422.jpg\" class=\"content__image\" alt=\"\" srcset=\"https:\/\/mylaps.com\/wp-content\/uploads\/2025\/01\/brandscan-750x422.jpg 750w, https:\/\/mylaps.com\/wp-content\/uploads\/2025\/01\/brandscan-768x432.jpg 768w\" sizes=\"auto, (max-width: 750px) 100vw, 750px\" \/>\t\t\t\t\t\t\t\t<\/figure>\n\t\t\t\t\t\t\t\t\t\t\t\t\t<\/div>\n\t\t\t\t\t\t\t<\/div>\n\t\t\t<\/div>\n<\/div>\n\n\n<p>\u00a1<\/p>\n\n<div class=\"block related-posts bg--white\">\n\t<div class=\"container\">\n\t\t\n\t\t<ul\n\t\t\tclass=\"related-posts__cards\"\n\t\t\tstyle=\"--cols: 2\">\n\t\t\t\n<div\n\tdata-aos=\"fade-up\"data-aos-delay=\"100\"\tclass=\"card--product-card card--light\">\n\t<div class=\"card--product-card__content\">\n\t\t<h3 class=\"card--product-card__title\">Shoe Brandscan<\/h3>\n\t\t\n\t\t\n\t\t\t\t\t<div class=\"card--product-card__excerpt\">\n\t\t\t\tLlevamos el recuento de zapatos al siglo XXI. La identificaci\u00f3n del calzado revela las preferencias de marca durante los eventos. Los informes desglosan detalles espec\u00edficos sobre las preferencias de marcas de calzado por grupos demogr\u00e1ficos, eventos y zonas geogr\u00e1ficas. Compare los datos anteriores y posteriores al evento y obtenga una perspectiva del ROI de marketing para las asociaciones de eventos.\t\t\t<\/div>\n\n\t\t\t\t\t\t<\/div>\n\n\t\n\t\n\t\n\t\n\t\t\t<figure class=\"card--product-card__image-wrap\">\n\t\t\t<img loading=\"lazy\" decoding=\"async\" width=\"890\" height=\"576\" src=\"https:\/\/mylaps.com\/wp-content\/uploads\/2025\/01\/brandscan-2-e1736346101683.jpg\" class=\"card__image\" alt=\"\" srcset=\"https:\/\/mylaps.com\/wp-content\/uploads\/2025\/01\/brandscan-2-e1736346101683.jpg 890w, https:\/\/mylaps.com\/wp-content\/uploads\/2025\/01\/brandscan-2-e1736346101683-300x194.jpg 300w, https:\/\/mylaps.com\/wp-content\/uploads\/2025\/01\/brandscan-2-e1736346101683-768x497.jpg 768w, https:\/\/mylaps.com\/wp-content\/uploads\/2025\/01\/brandscan-2-e1736346101683-750x485.jpg 750w, https:\/\/mylaps.com\/wp-content\/uploads\/2025\/01\/brandscan-2-e1736346101683-400x259.jpg 400w, https:\/\/mylaps.com\/wp-content\/uploads\/2025\/01\/brandscan-2-e1736346101683-155x100.jpg 155w\" sizes=\"auto, (max-width: 890px) 100vw, 890px\" \/>\t\t<\/figure>\n\t<\/div>\n\n<div\n\tdata-aos=\"fade-up\"data-aos-delay=\"200\"\tclass=\"card--product-card card--light\">\n\t<div class=\"card--product-card__content\">\n\t\t<h3 class=\"card--product-card__title\">Marca de ropa<\/h3>\n\t\t\n\t\t\n\t\t\t\t\t<div class=\"card--product-card__excerpt\">\n\t\t\t\tEl calzado es s\u00f3lo una pieza del rompecabezas. La identificaci\u00f3n de la equipaci\u00f3n le ayuda a ver el panorama completo. Identifica la ropa por color, tipo y marca. Obtenga informaci\u00f3n sobre accesorios, incluidos wearables, auriculares e hidrataci\u00f3n. Se pueden crear modelos personalizados para alinearlos con los objetivos de la marca.\t\t\t<\/div>\n\n\t\t\t\t\t\t<\/div>\n\n\t\n\t\n\t\n\t\n\t\t\t<figure class=\"card--product-card__image-wrap\">\n\t\t\t<img loading=\"lazy\" decoding=\"async\" width=\"888\" height=\"546\" src=\"https:\/\/mylaps.com\/wp-content\/uploads\/2025\/01\/brandscan-3-e1736346085582.jpg\" class=\"card__image\" alt=\"\" srcset=\"https:\/\/mylaps.com\/wp-content\/uploads\/2025\/01\/brandscan-3-e1736346085582.jpg 888w, https:\/\/mylaps.com\/wp-content\/uploads\/2025\/01\/brandscan-3-e1736346085582-300x184.jpg 300w, https:\/\/mylaps.com\/wp-content\/uploads\/2025\/01\/brandscan-3-e1736346085582-768x472.jpg 768w, https:\/\/mylaps.com\/wp-content\/uploads\/2025\/01\/brandscan-3-e1736346085582-750x461.jpg 750w, https:\/\/mylaps.com\/wp-content\/uploads\/2025\/01\/brandscan-3-e1736346085582-400x246.jpg 400w, https:\/\/mylaps.com\/wp-content\/uploads\/2025\/01\/brandscan-3-e1736346085582-163x100.jpg 163w\" sizes=\"auto, (max-width: 888px) 100vw, 888px\" \/>\t\t<\/figure>\n\t<\/div>\n\t\t<\/ul>\n\n\t\t\t<\/div>\n<\/div>\n\n\n<p>\u00a1<\/p>\n\n<div\n\tclass=\"block content bg--white content--flip-columns-on-mobile content--align-content-vertically content--cols-2 bg--blank content--arrange-half\"\n\tstyle=\"--cols: 2\">\n\t<div class=\"container\">\n\t\t\t\t\t<div class=\"content__column\">\n\t\t\t\t\t\t\t\t\t<div\n\t\t\t\t\t\t\t\t\t\t\t\tclass=\"content__type--image space-content\">\n\t\t\t\t\t\t\t\t\t\t\t\t\t\t<figure class=\"content__figure\">\n\t\t\t\t\t\t\t\t\t<img loading=\"lazy\" decoding=\"async\" width=\"750\" height=\"403\" src=\"https:\/\/mylaps.com\/wp-content\/uploads\/2025\/01\/brandscan-5-750x403.png\" class=\"content__image\" alt=\"\" srcset=\"https:\/\/mylaps.com\/wp-content\/uploads\/2025\/01\/brandscan-5-750x403.png 750w, https:\/\/mylaps.com\/wp-content\/uploads\/2025\/01\/brandscan-5-300x161.png 300w, https:\/\/mylaps.com\/wp-content\/uploads\/2025\/01\/brandscan-5-768x412.png 768w, https:\/\/mylaps.com\/wp-content\/uploads\/2025\/01\/brandscan-5-1024x550.png 1024w, https:\/\/mylaps.com\/wp-content\/uploads\/2025\/01\/brandscan-5-400x215.png 400w, https:\/\/mylaps.com\/wp-content\/uploads\/2025\/01\/brandscan-5-186x100.png 186w, https:\/\/mylaps.com\/wp-content\/uploads\/2025\/01\/brandscan-5.png 1321w\" sizes=\"auto, (max-width: 750px) 100vw, 750px\" \/>\t\t\t\t\t\t\t\t<\/figure>\n\t\t\t\t\t\t\t\t\t\t\t\t\t<\/div>\n\t\t\t\t\t\t\t<\/div>\n\t\t\t\t\t<div class=\"content__column\">\n\t\t\t\t\t\t\t\t\t<div\n\t\t\t\t\t\tdata-aos=\"fade-up\"\t\t\t\t\t\tclass=\"content__type--text space-content\">\n\t\t\t\t\t\t<h2 class=\"card-title color-blue font-family-secondar text-left\">Seguimiento del impacto del patrocinio<\/h2>\n<p>Los informes de series de eventos permiten a las marcas realizar un seguimiento del impacto de su patrocinio a lo largo de varias carreras y a\u00f1os.<\/p>\n<ul>\n<li><strong>Visi\u00f3n general del evento:<\/strong> An\u00e1lisis de alto nivel sobre los participantes en la carrera.<\/li>\n<li><strong>Gr\u00e1ficos y tablas:<\/strong> Una forma flexible de crear una historia a trav\u00e9s de puntos de datos clave (y ver las tendencias a lo largo del tiempo).<\/li>\n<li><strong>Clasificaci\u00f3n de marcas:<\/strong> Una tabla sencilla que clasifica las marcas por preferencias de calzado o ropa<\/li>\n<li><strong>An\u00e1lisis de marcas:<\/strong> Una instant\u00e1nea de una sola marca a trav\u00e9s de m\u00faltiples puntos de datos<\/li>\n<\/ul>\n\t\t\t\t\t<\/div>\n\t\t\t\t\t\t\t<\/div>\n\t\t\t<\/div>\n<\/div>\n\n\n<div class=\"block cta\">\n\t<div class=\"container--medium\">\n\t\t<div class=\"cta__content\">\n\t\t\t\t\t\t\t<h2>\n\t\t\t\t\tEmpiece a utilizar BrandScan\t\t\t\t<\/h2>\n\t\t\t\n\t\t\t\t\t\t\t<a\n\t\t\t\t\thref=\"https:\/\/mylaps.com\/es\/deportes-activos\/soluciones\/contactenos\/?mylaps_system_interest__c=BrandScan\"\n\t\t\t\t\ttarget=\"\"\n\t\t\t\t\tclass=\"button--primary\">\n\t\t\t\t\tContacte con nosotros\t\t\t\t<\/a>\n\t\t\t\t\t<\/div>\n\t<\/div>\n<\/div>\n","protected":false},"excerpt":{"rendered":"<p>BrandScan Obtenga informaci\u00f3n sobre equipaci\u00f3n y calzado de running con IA y una configuraci\u00f3n de foto\/v\u00eddeo. Brandscan by miro Desbloquea el valor de los patrocinadores con informaci\u00f3n sobre las marcas Ofrece a tus marcas y patrocinadores informaci\u00f3n valiosa sobre el uso de la equipaci\u00f3n y el calzado en tu evento. Con tecnolog\u00eda innovadora, ahora podemos medir las preferencias de marca de los participantes, ayud\u00e1ndole a evaluar el valor del patrocinador y las tendencias de los clientes. Comprender las preferencias de marca en los distintos eventos Evaluar el ROI de marketing para el patrocinio de eventos Analizar las elecciones de marca por sexo, edad, tiempo de llegada y otros datos de los participantes Contacto \u00bfC\u00f3mo funciona? BrandScan aprovecha los datos de eventos de MYLAPS y la IA para revelar informaci\u00f3n sobre los consumidores: Datos de eventos: [&#8230;]<\/p>\n","protected":false},"author":2,"featured_media":0,"parent":33225,"menu_order":0,"comment_status":"closed","ping_status":"closed","template":"","meta":{"_acf_changed":false,"content-type":"","_trash_the_other_posts":false,"editor_notices":[],"footnotes":""},"class_list":["post-33132","page","type-page","status-publish","hentry"],"acf":[],"yoast_head":"<!-- This site is optimized with the Yoast SEO Premium plugin v27.0 (Yoast SEO v27.0) - https:\/\/yoast.com\/product\/yoast-seo-premium-wordpress\/ -->\n<title>BrandScan - MYLAPS - Espana<\/title>\n<meta name=\"robots\" content=\"index, follow, max-snippet:-1, max-image-preview:large, max-video-preview:-1\" \/>\n<link rel=\"canonical\" href=\"https:\/\/mylaps.com\/es\/deportes-activos\/servicios\/brandscan\/\" \/>\n<meta property=\"og:locale\" content=\"en_US\" \/>\n<meta property=\"og:type\" content=\"article\" \/>\n<meta property=\"og:title\" content=\"BrandScan\" \/>\n<meta property=\"og:description\" content=\"BrandScan Obtenga informaci\u00f3n sobre equipaci\u00f3n y calzado de running con IA y una configuraci\u00f3n de foto\/v\u00eddeo. Brandscan by miro Desbloquea el valor de los patrocinadores con informaci\u00f3n sobre las marcas Ofrece a tus marcas y patrocinadores informaci\u00f3n valiosa sobre el uso de la equipaci\u00f3n y el calzado en tu evento. Con tecnolog\u00eda innovadora, ahora podemos medir las preferencias de marca de los participantes, ayud\u00e1ndole a evaluar el valor del patrocinador y las tendencias de los clientes. Comprender las preferencias de marca en los distintos eventos Evaluar el ROI de marketing para el patrocinio de eventos Analizar las elecciones de marca por sexo, edad, tiempo de llegada y otros datos de los participantes Contacto \u00bfC\u00f3mo funciona? BrandScan aprovecha los datos de eventos de MYLAPS y la IA para revelar informaci\u00f3n sobre los consumidores: Datos de eventos: [...]\" \/>\n<meta property=\"og:url\" content=\"https:\/\/mylaps.com\/es\/deportes-activos\/servicios\/brandscan\/\" \/>\n<meta property=\"og:site_name\" content=\"MYLAPS - Espana\" \/>\n<meta property=\"article:modified_time\" content=\"2026-03-19T10:30:47+00:00\" \/>\n<meta name=\"twitter:card\" content=\"summary_large_image\" \/>\n<meta name=\"twitter:label1\" content=\"Est. reading time\" \/>\n\t<meta name=\"twitter:data1\" content=\"4 minutes\" \/>\n<script type=\"application\/ld+json\" class=\"yoast-schema-graph\">{\"@context\":\"https:\/\/schema.org\",\"@graph\":[{\"@type\":\"WebPage\",\"@id\":\"https:\/\/mylaps.com\/es\/deportes-activos\/servicios\/brandscan\/\",\"url\":\"https:\/\/mylaps.com\/es\/deportes-activos\/servicios\/brandscan\/\",\"name\":\"BrandScan - MYLAPS - Espana\",\"isPartOf\":{\"@id\":\"https:\/\/mylaps.com\/es\/#website\"},\"datePublished\":\"2025-01-08T14:23:41+00:00\",\"dateModified\":\"2026-03-19T10:30:47+00:00\",\"breadcrumb\":{\"@id\":\"https:\/\/mylaps.com\/es\/deportes-activos\/servicios\/brandscan\/#breadcrumb\"},\"inLanguage\":\"en-US\",\"potentialAction\":[{\"@type\":\"ReadAction\",\"target\":[\"https:\/\/mylaps.com\/es\/deportes-activos\/servicios\/brandscan\/\"]}]},{\"@type\":\"BreadcrumbList\",\"@id\":\"https:\/\/mylaps.com\/es\/deportes-activos\/servicios\/brandscan\/#breadcrumb\",\"itemListElement\":[{\"@type\":\"ListItem\",\"position\":1,\"name\":\"Home\",\"item\":\"https:\/\/mylaps.com\/es\/\"},{\"@type\":\"ListItem\",\"position\":2,\"name\":\"Deportes activos\",\"item\":\"https:\/\/mylaps.com\/es\/deportes-activos\/\"},{\"@type\":\"ListItem\",\"position\":3,\"name\":\"Services (Active)\",\"item\":\"https:\/\/mylaps.com\/es\/deportes-activos\/services\/\"},{\"@type\":\"ListItem\",\"position\":4,\"name\":\"BrandScan\"}]},{\"@type\":\"WebSite\",\"@id\":\"https:\/\/mylaps.com\/es\/#website\",\"url\":\"https:\/\/mylaps.com\/es\/\",\"name\":\"MYLAPS\",\"description\":\"MYLAPS Sports Timing - The Industry&#039;s Most Reliable and Accurate Timing and Data Solutions\",\"potentialAction\":[{\"@type\":\"SearchAction\",\"target\":{\"@type\":\"EntryPoint\",\"urlTemplate\":\"https:\/\/mylaps.com\/es\/?s={search_term_string}\"},\"query-input\":{\"@type\":\"PropertyValueSpecification\",\"valueRequired\":true,\"valueName\":\"search_term_string\"}}],\"inLanguage\":\"en-US\"}]}<\/script>\n<!-- \/ Yoast SEO Premium plugin. -->","yoast_head_json":{"title":"BrandScan - MYLAPS - Espana","robots":{"index":"index","follow":"follow","max-snippet":"max-snippet:-1","max-image-preview":"max-image-preview:large","max-video-preview":"max-video-preview:-1"},"canonical":"https:\/\/mylaps.com\/es\/deportes-activos\/servicios\/brandscan\/","og_locale":"en_US","og_type":"article","og_title":"BrandScan","og_description":"BrandScan Obtenga informaci\u00f3n sobre equipaci\u00f3n y calzado de running con IA y una configuraci\u00f3n de foto\/v\u00eddeo. Brandscan by miro Desbloquea el valor de los patrocinadores con informaci\u00f3n sobre las marcas Ofrece a tus marcas y patrocinadores informaci\u00f3n valiosa sobre el uso de la equipaci\u00f3n y el calzado en tu evento. Con tecnolog\u00eda innovadora, ahora podemos medir las preferencias de marca de los participantes, ayud\u00e1ndole a evaluar el valor del patrocinador y las tendencias de los clientes. Comprender las preferencias de marca en los distintos eventos Evaluar el ROI de marketing para el patrocinio de eventos Analizar las elecciones de marca por sexo, edad, tiempo de llegada y otros datos de los participantes Contacto \u00bfC\u00f3mo funciona? BrandScan aprovecha los datos de eventos de MYLAPS y la IA para revelar informaci\u00f3n sobre los consumidores: Datos de eventos: [...]","og_url":"https:\/\/mylaps.com\/es\/deportes-activos\/servicios\/brandscan\/","og_site_name":"MYLAPS - Espana","article_modified_time":"2026-03-19T10:30:47+00:00","twitter_card":"summary_large_image","twitter_misc":{"Est. reading time":"4 minutes"},"schema":{"@context":"https:\/\/schema.org","@graph":[{"@type":"WebPage","@id":"https:\/\/mylaps.com\/es\/deportes-activos\/servicios\/brandscan\/","url":"https:\/\/mylaps.com\/es\/deportes-activos\/servicios\/brandscan\/","name":"BrandScan - MYLAPS - Espana","isPartOf":{"@id":"https:\/\/mylaps.com\/es\/#website"},"datePublished":"2025-01-08T14:23:41+00:00","dateModified":"2026-03-19T10:30:47+00:00","breadcrumb":{"@id":"https:\/\/mylaps.com\/es\/deportes-activos\/servicios\/brandscan\/#breadcrumb"},"inLanguage":"en-US","potentialAction":[{"@type":"ReadAction","target":["https:\/\/mylaps.com\/es\/deportes-activos\/servicios\/brandscan\/"]}]},{"@type":"BreadcrumbList","@id":"https:\/\/mylaps.com\/es\/deportes-activos\/servicios\/brandscan\/#breadcrumb","itemListElement":[{"@type":"ListItem","position":1,"name":"Home","item":"https:\/\/mylaps.com\/es\/"},{"@type":"ListItem","position":2,"name":"Deportes activos","item":"https:\/\/mylaps.com\/es\/deportes-activos\/"},{"@type":"ListItem","position":3,"name":"Services (Active)","item":"https:\/\/mylaps.com\/es\/deportes-activos\/services\/"},{"@type":"ListItem","position":4,"name":"BrandScan"}]},{"@type":"WebSite","@id":"https:\/\/mylaps.com\/es\/#website","url":"https:\/\/mylaps.com\/es\/","name":"MYLAPS","description":"MYLAPS Sports Timing - The Industry&#039;s Most Reliable and Accurate Timing and Data Solutions","potentialAction":[{"@type":"SearchAction","target":{"@type":"EntryPoint","urlTemplate":"https:\/\/mylaps.com\/es\/?s={search_term_string}"},"query-input":{"@type":"PropertyValueSpecification","valueRequired":true,"valueName":"search_term_string"}}],"inLanguage":"en-US"}]}},"_links":{"self":[{"href":"https:\/\/mylaps.com\/es\/wp-json\/wp\/v2\/pages\/33132","targetHints":{"allow":["GET"]}}],"collection":[{"href":"https:\/\/mylaps.com\/es\/wp-json\/wp\/v2\/pages"}],"about":[{"href":"https:\/\/mylaps.com\/es\/wp-json\/wp\/v2\/types\/page"}],"author":[{"embeddable":true,"href":"https:\/\/mylaps.com\/es\/wp-json\/wp\/v2\/users\/2"}],"replies":[{"embeddable":true,"href":"https:\/\/mylaps.com\/es\/wp-json\/wp\/v2\/comments?post=33132"}],"version-history":[{"count":10,"href":"https:\/\/mylaps.com\/es\/wp-json\/wp\/v2\/pages\/33132\/revisions"}],"predecessor-version":[{"id":41578,"href":"https:\/\/mylaps.com\/es\/wp-json\/wp\/v2\/pages\/33132\/revisions\/41578"}],"up":[{"embeddable":true,"href":"https:\/\/mylaps.com\/es\/wp-json\/wp\/v2\/pages\/33225"}],"wp:attachment":[{"href":"https:\/\/mylaps.com\/es\/wp-json\/wp\/v2\/media?parent=33132"}],"curies":[{"name":"wp","href":"https:\/\/api.w.org\/{rel}","templated":true}]}}