{"id":33249,"date":"2025-01-09T00:37:04","date_gmt":"2025-01-09T00:37:04","guid":{"rendered":"https:\/\/mylaps.com\/?page_id=33249"},"modified":"2025-07-31T13:40:39","modified_gmt":"2025-07-31T13:40:39","slug":"galletas","status":"publish","type":"page","link":"https:\/\/mylaps.com\/es\/galletas\/","title":{"rendered":"Pol\u00edtica de cookies"},"content":{"rendered":"<div\n\tclass=\"block content bg--white content--cols-1 bg--blank content--arrange-half\"\n\tstyle=\"--cols: 1\">\n\t<div class=\"container--small\">\n\t\t\t\t\t<div class=\"content__column\">\n\t\t\t\t\t\t\t\t\t<div\n\t\t\t\t\t\tdata-aos=\"fade-up\"\t\t\t\t\t\tclass=\"content__type--text space-content\">\n\t\t\t\t\t\t<h1><em>Pol\u00edtica de cookies<\/em><\/h1>\n<h4>\u00bfQu\u00e9 son las cookies?<\/h4>\n<p>Para que casi cualquier sitio web moderno funcione correctamente, necesita recopilar cierta informaci\u00f3n b\u00e1sica sobre sus usuarios. Para ello, el sitio crea archivos conocidos como cookies, que son peque\u00f1os archivos de texto, en los dispositivos de sus usuarios. Estas cookies est\u00e1n dise\u00f1adas para permitir que el sitio web reconozca a sus usuarios en visitas posteriores, o para autorizar a otros sitios web designados a reconocer a estos usuarios para un fin determinado.<br \/>\nLas cookies realizan muchas funciones diferentes que hacen que la experiencia del usuario en Internet sea mucho m\u00e1s fluida e interactiva. Gran parte de los datos que recopilan son an\u00f3nimos, aunque algunos de ellos est\u00e1n dise\u00f1ados para detectar patrones de navegaci\u00f3n y la ubicaci\u00f3n geogr\u00e1fica aproximada para mejorar la experiencia del usuario.<\/p>\n<h4>\u00bfC\u00f3mo utilizamos las cookies?<\/h4>\n<p>Recopilamos una serie de cookies de nuestros usuarios por varias razones, entre ellas para realizar un seguimiento de nuestro propio rendimiento (por ejemplo, para calcular el n\u00famero de visitantes que tenemos, de forma an\u00f3nima, por supuesto, y el tiempo que permanecen en nuestro sitio web), pero tambi\u00e9n para ofrecerle al usuario las p\u00e1ginas web con el mejor rendimiento.<\/p>\n<p>Hacemos todo lo posible por respetar la privacidad de los usuarios. Utilizamos cookies para supervisar y mejorar nuestros servicios, pero tambi\u00e9n nos permiten mostrar publicidad al usuario en funci\u00f3n de sus preferencias personales.<\/p>\n<p>\u00bfQu\u00e9 tipos de cookies utilizamos?<br \/>\nUtilizamos los siguientes tipos de cookies.<\/p>\n<p><em>Cookies funcionales<\/em><br \/>\nLas cookies funcionales garantizan el correcto funcionamiento de los sitios web, por ejemplo, manteniendo la sesi\u00f3n iniciada en la cuenta del usuario (sin tener que volver a introducir los datos de inicio de sesi\u00f3n), recordando los productos que hay en la cesta de la compra y calculando el importe correcto al finalizar la compra.<\/p>\n<p><em>Cookies anal\u00edticas<\/em><br \/>\nLas cookies anal\u00edticas nos permiten reconocer y contar el n\u00famero de visitantes an\u00f3nimos de nuestros sitios web, ver c\u00f3mo se mueven los visitantes por el sitio web cuando lo utilizan y registrar qu\u00e9 contenido ven y cu\u00e1les les interesan. Esto nos ayuda a determinar la frecuencia con la que se visitan determinadas p\u00e1ginas y a determinar las \u00e1reas m\u00e1s populares de nuestro sitio web.<\/p>\n<p><em>Cookies de marketing\/seguimiento<\/em><br \/>\nEn algunos sitios web utilizamos cookies de marketing\/seguimiento con fines de marketing para mostrarle al usuario los productos y anuncios que son relevantes para \u00e9l, en funci\u00f3n de los productos que ha visto.<\/p>\n<p><em>Cookies sociales y externas<\/em><br \/>\nEn nuestros sitios web el usuario tambi\u00e9n puede encontrar enlaces a redes sociales, como Facebook y X. Para garantizar que esos enlaces funcionan correctamente, se utilizan cookies de estas redes sociales para garantizar que reconocen al usuario cuando desea compartir informaci\u00f3n de nuestros sitios web.<\/p>\n<p>A continuaci\u00f3n, el usuario tiene a su disposici\u00f3n una descripci\u00f3n general de los tipos de cookies que utilizamos en cada sitio web:<\/p>\n<img decoding=\"async\" src=\"https:\/\/mylaps.com\/wp-content\/uploads\/2025\/07\/cookie-policy-table.png\" \/>\n<h4>\u00bfC\u00f3mo controlo mis cookies?<\/h4>\n<p>El usuario debe tener en cuenta que si elimina las cookies, se perder\u00e1n todas sus preferencias y muchos sitios web no funcionar\u00e1n correctamente o se perder\u00e1n algunas funciones. No recomendamos desactivar las cookies cuando se utilicen nuestros sitios web.<\/p>\n<p>La mayor\u00eda de los navegadores aceptan las cookies autom\u00e1ticamente, pero el usuario puede modificar la configuraci\u00f3n de su navegador para borrar las cookies o evitar su aceptaci\u00f3n autom\u00e1tica si lo prefiere. Por lo general, el usuario tiene la opci\u00f3n de ver qu\u00e9 cookies tiene y eliminarlas individualmente, bloquear cookies de terceros o cookies de sitios concretos, aceptar todas las cookies, recibir una notificaci\u00f3n cuando se emite una cookie o rechazar todas las cookies. El usuario puede visitar el men\u00fa \u201cOpciones\u201d o \u201cPreferencias\u201d del navegador para cambiar la configuraci\u00f3n y consultar los siguientes enlaces para obtener m\u00e1s informaci\u00f3n espec\u00edfica sobre el navegador.<\/p>\n<p>Configuraci\u00f3n de cookies en Edge<br \/>\nConfiguraci\u00f3n de cookies en Firefox<br \/>\nConfiguraci\u00f3n de cookies en Chrome<br \/>\nConfiguraci\u00f3n de cookies en Safari<\/p>\n<p>\u00bfM\u00e1s informaci\u00f3n?<br \/>\nEl usuario puede consultar nuestra Pol\u00edtica de privacidad.<br \/>\nEn caso de duda, el usuario tambi\u00e9n puede enviar un correo electr\u00f3nico a privacy@mylaps.com.<\/p>\n\t\t\t\t\t<\/div>\n\t\t\t\t\t\t\t<\/div>\n\t\t\t<\/div>\n<\/div>\n\n\n<div\n\tclass=\"block content bg--white content--cols-1 bg--blank content--arrange-half\"\n\tstyle=\"--cols: 1\">\n\t<div class=\"container--small\">\n\t\t\t\t\t<div class=\"content__column\">\n\t\t\t\t\t\t\t<\/div>\n\t\t\t<\/div>\n<\/div>\n","protected":false},"excerpt":{"rendered":"<p>Pol\u00edtica de cookies \u00bfQu\u00e9 son las cookies? Para que casi cualquier sitio web moderno funcione correctamente, necesita recopilar cierta informaci\u00f3n b\u00e1sica sobre sus usuarios. Para ello, un sitio crear\u00e1 archivos conocidos como cookies -que son peque\u00f1os archivos de texto- en los dispositivos de sus usuarios. Estas cookies est\u00e1n dise\u00f1adas para permitir que el sitio web reconozca a sus usuarios en visitas posteriores, o para autorizar a otros sitios web designados a reconocer a estos usuarios para un fin determinado. Las cookies realizan muchas tareas diferentes que hacen que su experiencia en Internet sea mucho m\u00e1s fluida e interactiva. Gran parte de los datos, aunque no todos, [&#8230;]<\/p>\n","protected":false},"author":2,"featured_media":0,"parent":0,"menu_order":0,"comment_status":"closed","ping_status":"closed","template":"","meta":{"_acf_changed":false,"content-type":"","_trash_the_other_posts":false,"editor_notices":[],"footnotes":""},"class_list":["post-33249","page","type-page","status-publish","hentry"],"acf":[],"yoast_head":"<!-- This site is optimized with the Yoast SEO Premium plugin v27.0 (Yoast SEO v27.0) - https:\/\/yoast.com\/product\/yoast-seo-premium-wordpress\/ -->\n<title>Pol\u00edtica de cookies - MYLAPS - Espana<\/title>\n<meta name=\"robots\" content=\"index, follow, max-snippet:-1, max-image-preview:large, max-video-preview:-1\" \/>\n<link rel=\"canonical\" href=\"https:\/\/mylaps.com\/es\/galletas\/\" \/>\n<meta property=\"og:locale\" content=\"en_US\" \/>\n<meta property=\"og:type\" content=\"article\" \/>\n<meta property=\"og:title\" content=\"Pol\u00edtica de cookies\" \/>\n<meta property=\"og:description\" content=\"Pol\u00edtica de cookies \u00bfQu\u00e9 son las cookies? Para que casi cualquier sitio web moderno funcione correctamente, necesita recopilar cierta informaci\u00f3n b\u00e1sica sobre sus usuarios. Para ello, un sitio crear\u00e1 archivos conocidos como cookies -que son peque\u00f1os archivos de texto- en los dispositivos de sus usuarios. Estas cookies est\u00e1n dise\u00f1adas para permitir que el sitio web reconozca a sus usuarios en visitas posteriores, o para autorizar a otros sitios web designados a reconocer a estos usuarios para un fin determinado. Las cookies realizan muchas tareas diferentes que hacen que su experiencia en Internet sea mucho m\u00e1s fluida e interactiva. Gran parte de los datos, aunque no todos, [...]\" \/>\n<meta property=\"og:url\" content=\"https:\/\/mylaps.com\/es\/galletas\/\" \/>\n<meta property=\"og:site_name\" content=\"MYLAPS - Espana\" \/>\n<meta property=\"article:modified_time\" content=\"2025-07-31T13:40:39+00:00\" \/>\n<meta name=\"twitter:card\" content=\"summary_large_image\" \/>\n<meta name=\"twitter:label1\" content=\"Est. reading time\" \/>\n\t<meta name=\"twitter:data1\" content=\"4 minutes\" \/>\n<script type=\"application\/ld+json\" class=\"yoast-schema-graph\">{\"@context\":\"https:\/\/schema.org\",\"@graph\":[{\"@type\":\"WebPage\",\"@id\":\"https:\/\/mylaps.com\/es\/galletas\/\",\"url\":\"https:\/\/mylaps.com\/es\/galletas\/\",\"name\":\"Pol\u00edtica de cookies - MYLAPS - Espana\",\"isPartOf\":{\"@id\":\"https:\/\/mylaps.com\/es\/#website\"},\"datePublished\":\"2025-01-09T00:37:04+00:00\",\"dateModified\":\"2025-07-31T13:40:39+00:00\",\"breadcrumb\":{\"@id\":\"https:\/\/mylaps.com\/es\/galletas\/#breadcrumb\"},\"inLanguage\":\"en-US\",\"potentialAction\":[{\"@type\":\"ReadAction\",\"target\":[\"https:\/\/mylaps.com\/es\/galletas\/\"]}]},{\"@type\":\"BreadcrumbList\",\"@id\":\"https:\/\/mylaps.com\/es\/galletas\/#breadcrumb\",\"itemListElement\":[{\"@type\":\"ListItem\",\"position\":1,\"name\":\"Home\",\"item\":\"https:\/\/mylaps.com\/es\/\"},{\"@type\":\"ListItem\",\"position\":2,\"name\":\"Pol\u00edtica de cookies\"}]},{\"@type\":\"WebSite\",\"@id\":\"https:\/\/mylaps.com\/es\/#website\",\"url\":\"https:\/\/mylaps.com\/es\/\",\"name\":\"MYLAPS\",\"description\":\"MYLAPS Sports Timing - The Industry&#039;s Most Reliable and Accurate Timing and Data Solutions\",\"potentialAction\":[{\"@type\":\"SearchAction\",\"target\":{\"@type\":\"EntryPoint\",\"urlTemplate\":\"https:\/\/mylaps.com\/es\/?s={search_term_string}\"},\"query-input\":{\"@type\":\"PropertyValueSpecification\",\"valueRequired\":true,\"valueName\":\"search_term_string\"}}],\"inLanguage\":\"en-US\"}]}<\/script>\n<!-- \/ Yoast SEO Premium plugin. -->","yoast_head_json":{"title":"Pol\u00edtica de cookies - MYLAPS - Espana","robots":{"index":"index","follow":"follow","max-snippet":"max-snippet:-1","max-image-preview":"max-image-preview:large","max-video-preview":"max-video-preview:-1"},"canonical":"https:\/\/mylaps.com\/es\/galletas\/","og_locale":"en_US","og_type":"article","og_title":"Pol\u00edtica de cookies","og_description":"Pol\u00edtica de cookies \u00bfQu\u00e9 son las cookies? Para que casi cualquier sitio web moderno funcione correctamente, necesita recopilar cierta informaci\u00f3n b\u00e1sica sobre sus usuarios. Para ello, un sitio crear\u00e1 archivos conocidos como cookies -que son peque\u00f1os archivos de texto- en los dispositivos de sus usuarios. Estas cookies est\u00e1n dise\u00f1adas para permitir que el sitio web reconozca a sus usuarios en visitas posteriores, o para autorizar a otros sitios web designados a reconocer a estos usuarios para un fin determinado. Las cookies realizan muchas tareas diferentes que hacen que su experiencia en Internet sea mucho m\u00e1s fluida e interactiva. Gran parte de los datos, aunque no todos, [...]","og_url":"https:\/\/mylaps.com\/es\/galletas\/","og_site_name":"MYLAPS - Espana","article_modified_time":"2025-07-31T13:40:39+00:00","twitter_card":"summary_large_image","twitter_misc":{"Est. reading time":"4 minutes"},"schema":{"@context":"https:\/\/schema.org","@graph":[{"@type":"WebPage","@id":"https:\/\/mylaps.com\/es\/galletas\/","url":"https:\/\/mylaps.com\/es\/galletas\/","name":"Pol\u00edtica de cookies - MYLAPS - Espana","isPartOf":{"@id":"https:\/\/mylaps.com\/es\/#website"},"datePublished":"2025-01-09T00:37:04+00:00","dateModified":"2025-07-31T13:40:39+00:00","breadcrumb":{"@id":"https:\/\/mylaps.com\/es\/galletas\/#breadcrumb"},"inLanguage":"en-US","potentialAction":[{"@type":"ReadAction","target":["https:\/\/mylaps.com\/es\/galletas\/"]}]},{"@type":"BreadcrumbList","@id":"https:\/\/mylaps.com\/es\/galletas\/#breadcrumb","itemListElement":[{"@type":"ListItem","position":1,"name":"Home","item":"https:\/\/mylaps.com\/es\/"},{"@type":"ListItem","position":2,"name":"Pol\u00edtica de cookies"}]},{"@type":"WebSite","@id":"https:\/\/mylaps.com\/es\/#website","url":"https:\/\/mylaps.com\/es\/","name":"MYLAPS","description":"MYLAPS Sports Timing - The Industry&#039;s Most Reliable and Accurate Timing and Data Solutions","potentialAction":[{"@type":"SearchAction","target":{"@type":"EntryPoint","urlTemplate":"https:\/\/mylaps.com\/es\/?s={search_term_string}"},"query-input":{"@type":"PropertyValueSpecification","valueRequired":true,"valueName":"search_term_string"}}],"inLanguage":"en-US"}]}},"_links":{"self":[{"href":"https:\/\/mylaps.com\/es\/wp-json\/wp\/v2\/pages\/33249","targetHints":{"allow":["GET"]}}],"collection":[{"href":"https:\/\/mylaps.com\/es\/wp-json\/wp\/v2\/pages"}],"about":[{"href":"https:\/\/mylaps.com\/es\/wp-json\/wp\/v2\/types\/page"}],"author":[{"embeddable":true,"href":"https:\/\/mylaps.com\/es\/wp-json\/wp\/v2\/users\/2"}],"replies":[{"embeddable":true,"href":"https:\/\/mylaps.com\/es\/wp-json\/wp\/v2\/comments?post=33249"}],"version-history":[{"count":10,"href":"https:\/\/mylaps.com\/es\/wp-json\/wp\/v2\/pages\/33249\/revisions"}],"predecessor-version":[{"id":35998,"href":"https:\/\/mylaps.com\/es\/wp-json\/wp\/v2\/pages\/33249\/revisions\/35998"}],"wp:attachment":[{"href":"https:\/\/mylaps.com\/es\/wp-json\/wp\/v2\/media?parent=33249"}],"curies":[{"name":"wp","href":"https:\/\/api.w.org\/{rel}","templated":true}]}}