{"id":33272,"date":"2025-01-09T01:02:08","date_gmt":"2025-01-09T01:02:08","guid":{"rendered":"https:\/\/mylaps.com\/?page_id=33272"},"modified":"2025-03-09T11:15:22","modified_gmt":"2025-03-09T11:15:22","slug":"renovar-suscripcion-mylaps-transponder","status":"publish","type":"page","link":"https:\/\/mylaps.com\/es\/renovar-suscripcion-mylaps-transponder\/","title":{"rendered":"Renovar abono transpondedor"},"content":{"rendered":"<p>\u00a1<\/p>\n\n<div\n\tclass=\"block content bg--white content--cols-1 bg--blank content--arrange-half\"\n\tstyle=\"--cols: 1\">\n\t<div class=\"container--small\">\n\t\t\t\t\t<div class=\"content__column\">\n\t\t\t\t\t\t\t<\/div>\n\t\t\t<\/div>\n<\/div>\n\n\n<p>\u00a1<\/p>\n\n<div class=\"block related-posts bg--white\">\n\t<div class=\"container\">\n\t\t\t\t\t<div class=\"related-posts__content space-content\">\n\t\t\t\t\t\t\t\t\t<span\n\t\t\t\t\t\tclass=\"related-posts__subtitle\"\n\t\t\t\t\t\tdata-aos=\"fade-left\">\n\t\t\t\t\t\tsuscripci\u00f3n al transpondedor\t\t\t\t\t<\/span>\n\t\t\t\t\n\t\t\t\t\t\t\t\t\t<h2 class=\"related-posts__title\">\n\t\t\t\t\t\tC\u00f3mo renovar y activar su abono al transpondedor MYLAPS\t\t\t\t\t<\/h2>\n\t\t\t\t\n\t\t\t\t\t\t\t\t\t<div class=\"related-posts__intro space-content\">\n\t\t\t\t\t\t<p>Si tiene un transpondedor MYLAPS, es importante que se asegure de renovar su suscripci\u00f3n a tiempo y de activar su transpondedor correctamente. Elija a continuaci\u00f3n el tipo de transpondedor que posee y lea m\u00e1s sobre c\u00f3mo asegurarse de que su transpondedor est\u00e1 correctamente activado.<\/p>\n\t\t\t\t\t<\/div>\n\t\t\t\t\t\t\t<\/div>\n\t\t\n\t\t<ul\n\t\t\tclass=\"related-posts__cards\"\n\t\t\tstyle=\"--cols: 3\">\n\t\t\t\n<div\n\tdata-aos=\"fade-up\"data-aos-delay=\"100\"\tclass=\"card card--\">\n\t<div class=\"card__content\">\n\t\t<h3 class=\"card__title\">Transpondedor TR2<\/h3>\n\t\t\n\t\t\t\t\t<div class=\"card__labels tag-list\">\n\t\t\t\t\t\t\t\t\t<span class=\"card__label tag\">\n\t\t\t\t\t\tCoche\t\t\t\t\t<\/span>\n\t\t\t\t\t\t\t\t\t<span class=\"card__label tag\">\n\t\t\t\t\t\tMoto\t\t\t\t\t<\/span>\n\t\t\t\t\t\t\t\t\t<span class=\"card__label tag\">\n\t\t\t\t\t\tKart\t\t\t\t\t<\/span>\n\t\t\t\t\t\t\t\t\t<span class=\"card__label tag\">\n\t\t\t\t\t\tMX\t\t\t\t\t<\/span>\n\t\t\t\t\t\t\t<\/div>\n\t\t\n\t\t\t<\/div>\n\n\t\n\t\t\t<p class=\"card__excerpt\">\n\t\t\tEl TR2 es la nueva generaci\u00f3n de transpondedor de deportes motorizados que se conecta con Speedhive a trav\u00e9s de Bluetooth. Este transpondedor requiere una suscripci\u00f3n. Si ya tienes un transponder y est\u00e1 a punto de caducar puedes renovar tu suscripci\u00f3n con 1, 2 o 5 a\u00f1os en tu cuenta.\t\t<\/p>\n\t\n\t\t\t<a\n\t\t\tclass=\"card__link\"\n\t\t\thref=\"https:\/\/help.mylaps.com\/s\/article\/How-do-I-renew-the-subscription-for-my-TR2-transponder\"\n\t\t\ttarget=\"\">\n\t\t\t<span class=\"sr-only\">\n\t\t\t\tRead more\t\t\t\tabout\t\t\t\tTranspondedor TR2\t\t\t<\/span>\n\t\t<\/a>\n\t\n\t\n\t\t\t<figure class=\"card__image-wrap\">\n\t\t\t<img loading=\"lazy\" decoding=\"async\" width=\"2115\" height=\"1498\" src=\"https:\/\/mylaps.com\/wp-content\/uploads\/2019\/08\/tr2-transponder-26-2.png\" class=\"card__image\" alt=\"TR2 Transponder 24\" srcset=\"https:\/\/mylaps.com\/wp-content\/uploads\/2019\/08\/tr2-transponder-26-2.png 2115w, https:\/\/mylaps.com\/wp-content\/uploads\/2019\/08\/tr2-transponder-26-2-300x212.png 300w, https:\/\/mylaps.com\/wp-content\/uploads\/2019\/08\/tr2-transponder-26-2-1024x725.png 1024w, https:\/\/mylaps.com\/wp-content\/uploads\/2019\/08\/tr2-transponder-26-2-768x544.png 768w, https:\/\/mylaps.com\/wp-content\/uploads\/2019\/08\/tr2-transponder-26-2-1536x1088.png 1536w, https:\/\/mylaps.com\/wp-content\/uploads\/2019\/08\/tr2-transponder-26-2-2048x1451.png 2048w, https:\/\/mylaps.com\/wp-content\/uploads\/2019\/08\/tr2-transponder-26-2-2000x1417.png 2000w, https:\/\/mylaps.com\/wp-content\/uploads\/2019\/08\/tr2-transponder-26-2-750x531.png 750w, https:\/\/mylaps.com\/wp-content\/uploads\/2019\/08\/tr2-transponder-26-2-400x283.png 400w, https:\/\/mylaps.com\/wp-content\/uploads\/2019\/08\/tr2-transponder-26-2-141x100.png 141w\" sizes=\"auto, (max-width: 2115px) 100vw, 2115px\" \/>\t\t<\/figure>\n\t<\/div>\n\n<div\n\tdata-aos=\"fade-up\"data-aos-delay=\"200\"\tclass=\"card card--\">\n\t<div class=\"card__content\">\n\t\t<h3 class=\"card__title\">X2 Transponder<\/h3>\n\t\t\n\t\t\t\t\t<div class=\"card__labels tag-list\">\n\t\t\t\t\t\t\t\t\t<span class=\"card__label tag\">\n\t\t\t\t\t\tCoche\t\t\t\t\t<\/span>\n\t\t\t\t\t\t\t\t\t<span class=\"card__label tag\">\n\t\t\t\t\t\tMoto\t\t\t\t\t<\/span>\n\t\t\t\t\t\t\t\t\t<span class=\"card__label tag\">\n\t\t\t\t\t\tKart\t\t\t\t\t<\/span>\n\t\t\t\t\t\t\t\t\t<span class=\"card__label tag\">\n\t\t\t\t\t\tMX\t\t\t\t\t<\/span>\n\t\t\t\t\t\t\t<\/div>\n\t\t\n\t\t\t<\/div>\n\n\t\n\t\t\t<p class=\"card__excerpt\">\n\t\t\tEl X2 es el transponder de la generaci\u00f3n anterior para deportes motorizados y compatible con los sistemas de cronometraje MYLAPS. Este transpondedor requiere una suscripci\u00f3n. Si ya tiene un transpondedor y est\u00e1 a punto de caducar puede renovar su suscripci\u00f3n con 1, 2 o 5 a\u00f1os en su cuenta.\r\n\r\n\t\t<\/p>\n\t\n\t\t\t<a\n\t\t\tclass=\"card__link\"\n\t\t\thref=\"https:\/\/help.mylaps.com\/s\/article\/How-to-renew-and-activate-the-subscription-of-your-X2-Transponder\"\n\t\t\ttarget=\"\">\n\t\t\t<span class=\"sr-only\">\n\t\t\t\tRead more\t\t\t\tabout\t\t\t\tX2 Transponder\t\t\t<\/span>\n\t\t<\/a>\n\t\n\t\n\t\t\t<figure class=\"card__image-wrap\">\n\t\t\t<img loading=\"lazy\" decoding=\"async\" width=\"600\" height=\"338\" src=\"https:\/\/mylaps.com\/wp-content\/uploads\/2025\/01\/X2-Transponders.png\" class=\"card__image\" alt=\"\" srcset=\"https:\/\/mylaps.com\/wp-content\/uploads\/2025\/01\/X2-Transponders.png 600w, https:\/\/mylaps.com\/wp-content\/uploads\/2025\/01\/X2-Transponders-300x169.png 300w, https:\/\/mylaps.com\/wp-content\/uploads\/2025\/01\/X2-Transponders-400x225.png 400w, https:\/\/mylaps.com\/wp-content\/uploads\/2025\/01\/X2-Transponders-178x100.png 178w\" sizes=\"auto, (max-width: 600px) 100vw, 600px\" \/>\t\t<\/figure>\n\t<\/div>\n\n<div\n\tdata-aos=\"fade-up\"data-aos-delay=\"300\"\tclass=\"card card--\">\n\t<div class=\"card__content\">\n\t\t<h3 class=\"card__title\">TranX \/ FLEX Transponder<\/h3>\n\t\t\n\t\t\t\t\t<div class=\"card__labels tag-list\">\n\t\t\t\t\t\t\t\t\t<span class=\"card__label tag\">\n\t\t\t\t\t\tCoche\t\t\t\t\t<\/span>\n\t\t\t\t\t\t\t\t\t<span class=\"card__label tag\">\n\t\t\t\t\t\tMoto\t\t\t\t\t<\/span>\n\t\t\t\t\t\t\t\t\t<span class=\"card__label tag\">\n\t\t\t\t\t\tKart\t\t\t\t\t<\/span>\n\t\t\t\t\t\t\t\t\t<span class=\"card__label tag\">\n\t\t\t\t\t\tMX\t\t\t\t\t<\/span>\n\t\t\t\t\t\t\t<\/div>\n\t\t\n\t\t\t<\/div>\n\n\t\n\t\t\t<p class=\"card__excerpt\">\n\t\t\tEl transpondedor TranX \/ FLEX es la primera generaci\u00f3n de transpondedores para deportes motorizados y requiere una suscripci\u00f3n. Si utiliza este transpondedor en la pista y est\u00e1 a punto de caducar, puede renovar su suscripci\u00f3n con 1, 2 \u00f3 5 a\u00f1os en su cuenta.\t\t<\/p>\n\t\n\t\t\t<a\n\t\t\tclass=\"card__link\"\n\t\t\thref=\"https:\/\/help.mylaps.com\/s\/article\/How-to-renew-your-subscription-of-your-Tranx-Transponder\"\n\t\t\ttarget=\"\">\n\t\t\t<span class=\"sr-only\">\n\t\t\t\tRead more\t\t\t\tabout\t\t\t\tTranX \/ FLEX Transponder\t\t\t<\/span>\n\t\t<\/a>\n\t\n\t\n\t\t\t<figure class=\"card__image-wrap\">\n\t\t\t<img loading=\"lazy\" decoding=\"async\" width=\"600\" height=\"338\" src=\"https:\/\/mylaps.com\/wp-content\/uploads\/2025\/01\/TranX-transponder.png\" class=\"card__image\" alt=\"\" srcset=\"https:\/\/mylaps.com\/wp-content\/uploads\/2025\/01\/TranX-transponder.png 600w, https:\/\/mylaps.com\/wp-content\/uploads\/2025\/01\/TranX-transponder-300x169.png 300w, https:\/\/mylaps.com\/wp-content\/uploads\/2025\/01\/TranX-transponder-400x225.png 400w, https:\/\/mylaps.com\/wp-content\/uploads\/2025\/01\/TranX-transponder-178x100.png 178w\" sizes=\"auto, (max-width: 600px) 100vw, 600px\" \/>\t\t<\/figure>\n\t<\/div>\n\n<div\n\tdata-aos=\"fade-up\"data-aos-delay=\"400\"\tclass=\"card card--\">\n\t<div class=\"card__content\">\n\t\t<h3 class=\"card__title\">ProChip FLEX<\/h3>\n\t\t\n\t\t\t\t\t<div class=\"card__labels tag-list\">\n\t\t\t\t\t\t\t\t\t<span class=\"card__label tag\">\n\t\t\t\t\t\tCiclismo\t\t\t\t\t<\/span>\n\t\t\t\t\t\t\t\t\t<span class=\"card__label tag\">\n\t\t\t\t\t\tPatinaje\t\t\t\t\t<\/span>\n\t\t\t\t\t\t\t\t\t<span class=\"card__label tag\">\n\t\t\t\t\t\tEsqu\u00ed\t\t\t\t\t<\/span>\n\t\t\t\t\t\t\t\t\t<span class=\"card__label tag\">\n\t\t\t\t\t\tNataci\u00f3n\t\t\t\t\t<\/span>\n\t\t\t\t\t\t\t\t\t<span class=\"card__label tag\">\n\t\t\t\t\t\tTriatl\u00f3n\t\t\t\t\t<\/span>\n\t\t\t\t\t\t\t<\/div>\n\t\t\n\t\t\t<\/div>\n\n\t\n\t\t\t<p class=\"card__excerpt\">\n\t\t\tEl ProChip es el transpondedor de nueva generaci\u00f3n para deportes activos y compatible con los sistemas de cronometraje MYLAPS. Este transpondedor requiere una suscripci\u00f3n. Si ya tiene un transpondedor y est\u00e1 a punto de caducar puede renovar su suscripci\u00f3n con 1, 2 \u00f3 5 a\u00f1os en su cuenta.\t\t<\/p>\n\t\n\t\t\t<a\n\t\t\tclass=\"card__link\"\n\t\t\thref=\"https:\/\/help.mylaps.com\/s\/article\/How-to-renew-the-subscription-of-your-ProChip-Flex-Transponder\"\n\t\t\ttarget=\"\">\n\t\t\t<span class=\"sr-only\">\n\t\t\t\tRead more\t\t\t\tabout\t\t\t\tProChip FLEX\t\t\t<\/span>\n\t\t<\/a>\n\t\n\t\n\t\t\t<figure class=\"card__image-wrap\">\n\t\t\t<img loading=\"lazy\" decoding=\"async\" width=\"600\" height=\"338\" src=\"https:\/\/mylaps.com\/wp-content\/uploads\/2025\/01\/ProChip-FLEX-16x9-1.png\" class=\"card__image\" alt=\"\" srcset=\"https:\/\/mylaps.com\/wp-content\/uploads\/2025\/01\/ProChip-FLEX-16x9-1.png 600w, https:\/\/mylaps.com\/wp-content\/uploads\/2025\/01\/ProChip-FLEX-16x9-1-300x169.png 300w, https:\/\/mylaps.com\/wp-content\/uploads\/2025\/01\/ProChip-FLEX-16x9-1-400x225.png 400w, https:\/\/mylaps.com\/wp-content\/uploads\/2025\/01\/ProChip-FLEX-16x9-1-178x100.png 178w\" sizes=\"auto, (max-width: 600px) 100vw, 600px\" \/>\t\t<\/figure>\n\t<\/div>\n\t\t<\/ul>\n\n\t\t\t<\/div>\n<\/div>\n\n\n<div\n\tclass=\"block content bg--white content--cols-1 bg--blank content--arrange-half\"\n\tstyle=\"--cols: 1\">\n\t<div class=\"container--small\">\n\t\t\t\t\t<div class=\"content__column\">\n\t\t\t\t\t\t\t\t\t<div\n\t\t\t\t\t\tdata-aos=\"fade-up\"\t\t\t\t\t\tclass=\"content__type--text space-content\">\n\t\t\t\t\t\t<h4 style=\"margin-top: 10px;text-align: center\">\u00bfNo tiene transpondedor?<\/h4>\n<p style=\"text-align: center\">Compra su transpondedor personal en nuestro<\/p>\n<p style=\"text-align: center\"><a class=\"button--primary\" href=\"https:\/\/speedhiveshop.mylaps.com\/\">Webshop<\/a><\/p>\n\t\t\t\t\t<\/div>\n\t\t\t\t\t\t\t<\/div>\n\t\t\t<\/div>\n<\/div>\n","protected":false},"excerpt":{"rendered":"<p>suscripci\u00f3n al transpondedor C\u00f3mo renovar y activar su suscripci\u00f3n al transpondedor MYLAPS Si tiene un transpondedor MYLAPS, es importante que se asegure de renovar su suscripci\u00f3n al transpondedor a tiempo y de activar su transpondedor correctamente. Elija a continuaci\u00f3n el tipo de transpondedor que posee y lea m\u00e1s sobre c\u00f3mo asegurarse de que su transpondedor est\u00e1 correctamente activado. Transponder TR2 Coche Bicicleta Kart MX El TR2 es la nueva generaci\u00f3n de transponder de deportes motorizados que se conecta con Speedhive v\u00eda Bluetooth. Este transponder requiere una suscripci\u00f3n. Si ya tienes un transponder y est\u00e1 a punto de caducar puedes renovar tu suscripci\u00f3n con 1, 2 [&#8230;]<\/p>\n","protected":false},"author":2,"featured_media":0,"parent":0,"menu_order":0,"comment_status":"closed","ping_status":"closed","template":"","meta":{"_acf_changed":false,"content-type":"","_trash_the_other_posts":false,"editor_notices":[],"footnotes":""},"class_list":["post-33272","page","type-page","status-publish","hentry"],"acf":[],"yoast_head":"<!-- This site is optimized with the Yoast SEO Premium plugin v27.0 (Yoast SEO v27.0) - https:\/\/yoast.com\/product\/yoast-seo-premium-wordpress\/ -->\n<title>C\u00f3mo renovar y activar su abono al transpondedor MYLAPS<\/title>\n<meta name=\"description\" content=\"Aprenda a renovar su suscripci\u00f3n al transpondedor MYLAPS. Sin una suscripci\u00f3n v\u00e1lida, su transpondedor no funciona.\" \/>\n<meta name=\"robots\" content=\"index, follow, max-snippet:-1, max-image-preview:large, max-video-preview:-1\" \/>\n<link rel=\"canonical\" href=\"https:\/\/mylaps.com\/es\/renovar-suscripcion-mylaps-transponder\/\" \/>\n<meta property=\"og:locale\" content=\"en_US\" \/>\n<meta property=\"og:type\" content=\"article\" \/>\n<meta property=\"og:title\" content=\"Renovar abono transpondedor\" \/>\n<meta property=\"og:description\" content=\"Aprenda a renovar su suscripci\u00f3n al transpondedor MYLAPS. Sin una suscripci\u00f3n v\u00e1lida, su transpondedor no funciona.\" \/>\n<meta property=\"og:url\" content=\"https:\/\/mylaps.com\/es\/renovar-suscripcion-mylaps-transponder\/\" \/>\n<meta property=\"og:site_name\" content=\"MYLAPS - Espana\" \/>\n<meta property=\"article:modified_time\" content=\"2025-03-09T11:15:22+00:00\" \/>\n<meta name=\"twitter:card\" content=\"summary_large_image\" \/>\n<meta name=\"twitter:label1\" content=\"Est. reading time\" \/>\n\t<meta name=\"twitter:data1\" content=\"3 minutes\" \/>\n<script type=\"application\/ld+json\" class=\"yoast-schema-graph\">{\"@context\":\"https:\/\/schema.org\",\"@graph\":[{\"@type\":\"WebPage\",\"@id\":\"https:\/\/mylaps.com\/es\/renovar-suscripcion-mylaps-transponder\/\",\"url\":\"https:\/\/mylaps.com\/es\/renovar-suscripcion-mylaps-transponder\/\",\"name\":\"C\u00f3mo renovar y activar su abono al transpondedor MYLAPS\",\"isPartOf\":{\"@id\":\"https:\/\/mylaps.com\/es\/#website\"},\"datePublished\":\"2025-01-09T01:02:08+00:00\",\"dateModified\":\"2025-03-09T11:15:22+00:00\",\"description\":\"Aprenda a renovar su suscripci\u00f3n al transpondedor MYLAPS. Sin una suscripci\u00f3n v\u00e1lida, su transpondedor no funciona.\",\"breadcrumb\":{\"@id\":\"https:\/\/mylaps.com\/es\/renovar-suscripcion-mylaps-transponder\/#breadcrumb\"},\"inLanguage\":\"en-US\",\"potentialAction\":[{\"@type\":\"ReadAction\",\"target\":[\"https:\/\/mylaps.com\/es\/renovar-suscripcion-mylaps-transponder\/\"]}]},{\"@type\":\"BreadcrumbList\",\"@id\":\"https:\/\/mylaps.com\/es\/renovar-suscripcion-mylaps-transponder\/#breadcrumb\",\"itemListElement\":[{\"@type\":\"ListItem\",\"position\":1,\"name\":\"Home\",\"item\":\"https:\/\/mylaps.com\/es\/\"},{\"@type\":\"ListItem\",\"position\":2,\"name\":\"Renovar abono transpondedor\"}]},{\"@type\":\"WebSite\",\"@id\":\"https:\/\/mylaps.com\/es\/#website\",\"url\":\"https:\/\/mylaps.com\/es\/\",\"name\":\"MYLAPS\",\"description\":\"MYLAPS Sports Timing - The Industry&#039;s Most Reliable and Accurate Timing and Data Solutions\",\"potentialAction\":[{\"@type\":\"SearchAction\",\"target\":{\"@type\":\"EntryPoint\",\"urlTemplate\":\"https:\/\/mylaps.com\/es\/?s={search_term_string}\"},\"query-input\":{\"@type\":\"PropertyValueSpecification\",\"valueRequired\":true,\"valueName\":\"search_term_string\"}}],\"inLanguage\":\"en-US\"}]}<\/script>\n<!-- \/ Yoast SEO Premium plugin. -->","yoast_head_json":{"title":"C\u00f3mo renovar y activar su abono al transpondedor MYLAPS","description":"Aprenda a renovar su suscripci\u00f3n al transpondedor MYLAPS. Sin una suscripci\u00f3n v\u00e1lida, su transpondedor no funciona.","robots":{"index":"index","follow":"follow","max-snippet":"max-snippet:-1","max-image-preview":"max-image-preview:large","max-video-preview":"max-video-preview:-1"},"canonical":"https:\/\/mylaps.com\/es\/renovar-suscripcion-mylaps-transponder\/","og_locale":"en_US","og_type":"article","og_title":"Renovar abono transpondedor","og_description":"Aprenda a renovar su suscripci\u00f3n al transpondedor MYLAPS. Sin una suscripci\u00f3n v\u00e1lida, su transpondedor no funciona.","og_url":"https:\/\/mylaps.com\/es\/renovar-suscripcion-mylaps-transponder\/","og_site_name":"MYLAPS - Espana","article_modified_time":"2025-03-09T11:15:22+00:00","twitter_card":"summary_large_image","twitter_misc":{"Est. reading time":"3 minutes"},"schema":{"@context":"https:\/\/schema.org","@graph":[{"@type":"WebPage","@id":"https:\/\/mylaps.com\/es\/renovar-suscripcion-mylaps-transponder\/","url":"https:\/\/mylaps.com\/es\/renovar-suscripcion-mylaps-transponder\/","name":"C\u00f3mo renovar y activar su abono al transpondedor MYLAPS","isPartOf":{"@id":"https:\/\/mylaps.com\/es\/#website"},"datePublished":"2025-01-09T01:02:08+00:00","dateModified":"2025-03-09T11:15:22+00:00","description":"Aprenda a renovar su suscripci\u00f3n al transpondedor MYLAPS. Sin una suscripci\u00f3n v\u00e1lida, su transpondedor no funciona.","breadcrumb":{"@id":"https:\/\/mylaps.com\/es\/renovar-suscripcion-mylaps-transponder\/#breadcrumb"},"inLanguage":"en-US","potentialAction":[{"@type":"ReadAction","target":["https:\/\/mylaps.com\/es\/renovar-suscripcion-mylaps-transponder\/"]}]},{"@type":"BreadcrumbList","@id":"https:\/\/mylaps.com\/es\/renovar-suscripcion-mylaps-transponder\/#breadcrumb","itemListElement":[{"@type":"ListItem","position":1,"name":"Home","item":"https:\/\/mylaps.com\/es\/"},{"@type":"ListItem","position":2,"name":"Renovar abono transpondedor"}]},{"@type":"WebSite","@id":"https:\/\/mylaps.com\/es\/#website","url":"https:\/\/mylaps.com\/es\/","name":"MYLAPS","description":"MYLAPS Sports Timing - The Industry&#039;s Most Reliable and Accurate Timing and Data Solutions","potentialAction":[{"@type":"SearchAction","target":{"@type":"EntryPoint","urlTemplate":"https:\/\/mylaps.com\/es\/?s={search_term_string}"},"query-input":{"@type":"PropertyValueSpecification","valueRequired":true,"valueName":"search_term_string"}}],"inLanguage":"en-US"}]}},"_links":{"self":[{"href":"https:\/\/mylaps.com\/es\/wp-json\/wp\/v2\/pages\/33272","targetHints":{"allow":["GET"]}}],"collection":[{"href":"https:\/\/mylaps.com\/es\/wp-json\/wp\/v2\/pages"}],"about":[{"href":"https:\/\/mylaps.com\/es\/wp-json\/wp\/v2\/types\/page"}],"author":[{"embeddable":true,"href":"https:\/\/mylaps.com\/es\/wp-json\/wp\/v2\/users\/2"}],"replies":[{"embeddable":true,"href":"https:\/\/mylaps.com\/es\/wp-json\/wp\/v2\/comments?post=33272"}],"version-history":[{"count":10,"href":"https:\/\/mylaps.com\/es\/wp-json\/wp\/v2\/pages\/33272\/revisions"}],"predecessor-version":[{"id":41614,"href":"https:\/\/mylaps.com\/es\/wp-json\/wp\/v2\/pages\/33272\/revisions\/41614"}],"wp:attachment":[{"href":"https:\/\/mylaps.com\/es\/wp-json\/wp\/v2\/media?parent=33272"}],"curies":[{"name":"wp","href":"https:\/\/api.w.org\/{rel}","templated":true}]}}