{"id":34065,"date":"2025-01-15T16:45:53","date_gmt":"2025-01-15T16:45:53","guid":{"rendered":"https:\/\/mylaps.com\/?page_id=34065"},"modified":"2025-02-28T12:45:07","modified_gmt":"2025-02-28T12:45:07","slug":"productos-al-final-de-su-vida-util","status":"publish","type":"page","link":"https:\/\/mylaps.com\/es\/sobre-nosotros\/productos-al-final-de-su-vida-util\/","title":{"rendered":"Productos al final de su vida \u00fatil"},"content":{"rendered":"<p>\u00a1<\/p>\n\n<div\n\tclass=\"block content bg--white content--cols-1 bg--blank content--arrange-half\"\n\tstyle=\"--cols: 1\">\n\t<div class=\"container--small\">\n\t\t\t\t\t<div class=\"content__column\">\n\t\t\t\t\t\t\t\t\t<div\n\t\t\t\t\t\t\t\t\t\t\t\tclass=\"content__type--image space-content\">\n\t\t\t\t\t\t\t\t\t\t\t<\/div>\n\t\t\t\t\t\t\t<\/div>\n\t\t\t<\/div>\n<\/div>\n\n\n<div\n\tclass=\"block content bg--white content--cols-1 bg--blank content--arrange-half\"\n\tstyle=\"--cols: 1\">\n\t<div class=\"container--small\">\n\t\t\t\t\t<div class=\"content__column\">\n\t\t\t\t\t\t\t\t\t<div\n\t\t\t\t\t\tdata-aos=\"fade-up\"\t\t\t\t\t\tclass=\"content__type--text space-content\">\n\t\t\t\t\t\t<h2 class=\"text-left text-md-center\">Productos al final de su vida \u00fatil<\/h2>\n<p>Esta p\u00e1gina presenta una visi\u00f3n general de los productos MYLAPS que ya no se venden y que podr\u00edan no recibir soporte. Haga clic en el enlace del producto -cuando est\u00e9 disponible- para obtener m\u00e1s informaci\u00f3n.<\/p>\n<ul>\n<li>Fin de ventas: Los productos ya no est\u00e1n disponibles para la venta<\/li>\n<li>Fin de soporte: Los productos no reciben actualizaciones de mantenimiento y el producto ya no es gestionado por los canales de soporte<\/li>\n<li>Fin de servicio: Los productos no se pueden reparar<\/li>\n<\/ul>\n\t\t\t\t\t<\/div>\n\t\t\t\t\t\t\t\t\t<div\n\t\t\t\t\t\t\t\t\t\t\t\tclass=\"content__type--image space-content\">\n\t\t\t\t\t\t\t\t\t\t\t\t\t\t<figure class=\"content__figure\">\n\t\t\t\t\t\t\t\t\t<img loading=\"lazy\" decoding=\"async\" width=\"750\" height=\"2971\" src=\"https:\/\/mylaps.com\/wp-content\/uploads\/2025\/01\/old.mylaps.com_about-us_end-life-products_-1-750x2971.png\" class=\"content__image\" alt=\"\" srcset=\"https:\/\/mylaps.com\/wp-content\/uploads\/2025\/01\/old.mylaps.com_about-us_end-life-products_-1-750x2971.png 750w, https:\/\/mylaps.com\/wp-content\/uploads\/2025\/01\/old.mylaps.com_about-us_end-life-products_-1-76x300.png 76w, https:\/\/mylaps.com\/wp-content\/uploads\/2025\/01\/old.mylaps.com_about-us_end-life-products_-1-388x1536.png 388w, https:\/\/mylaps.com\/wp-content\/uploads\/2025\/01\/old.mylaps.com_about-us_end-life-products_-1-517x2048.png 517w, https:\/\/mylaps.com\/wp-content\/uploads\/2025\/01\/old.mylaps.com_about-us_end-life-products_-1-400x1585.png 400w, https:\/\/mylaps.com\/wp-content\/uploads\/2025\/01\/old.mylaps.com_about-us_end-life-products_-1-25x100.png 25w, https:\/\/mylaps.com\/wp-content\/uploads\/2025\/01\/old.mylaps.com_about-us_end-life-products_-1.png 763w\" sizes=\"auto, (max-width: 750px) 100vw, 750px\" \/>\t\t\t\t\t\t\t\t<\/figure>\n\t\t\t\t\t\t\t\t\t\t\t\t\t<\/div>\n\t\t\t\t\t\t\t<\/div>\n\t\t\t<\/div>\n<\/div>\n","protected":false},"excerpt":{"rendered":"<p>Productos al final de su vida \u00fatil Esta p\u00e1gina presenta una visi\u00f3n general de los productos MYLAPS que ya no se venden y que podr\u00edan no ser compatibles. Haga clic en el enlace del producto -cuando est\u00e9 disponible- para obtener m\u00e1s informaci\u00f3n. Fin de ventas: Los productos ya no est\u00e1n disponibles para la venta Fin de soporte: Los productos no reciben actualizaciones de mantenimiento y el producto ya no est\u00e1 gestionado por los canales de soporte Fin de servicio: Los productos no se pueden reparar<\/p>\n","protected":false},"author":2,"featured_media":0,"parent":159,"menu_order":0,"comment_status":"closed","ping_status":"closed","template":"","meta":{"_acf_changed":false,"content-type":"","_trash_the_other_posts":false,"editor_notices":[],"footnotes":""},"class_list":["post-34065","page","type-page","status-publish","hentry"],"acf":[],"yoast_head":"<!-- This site is optimized with the Yoast SEO Premium plugin v27.0 (Yoast SEO v27.0) - https:\/\/yoast.com\/product\/yoast-seo-premium-wordpress\/ -->\n<title>Productos al final de su vida \u00fatil - MYLAPS - Espana<\/title>\n<meta name=\"description\" content=\"Esta p\u00e1gina presenta una visi\u00f3n general de los productos MYLAPS que ya no se venden y que podr\u00edan no ser compatibles.\" \/>\n<meta name=\"robots\" content=\"index, follow, max-snippet:-1, max-image-preview:large, max-video-preview:-1\" \/>\n<link rel=\"canonical\" href=\"https:\/\/mylaps.com\/es\/sobre-nosotros\/productos-al-final-de-su-vida-util\/\" \/>\n<meta property=\"og:locale\" content=\"en_US\" \/>\n<meta property=\"og:type\" content=\"article\" \/>\n<meta property=\"og:title\" content=\"Productos al final de su vida \u00fatil\" \/>\n<meta property=\"og:description\" content=\"Esta p\u00e1gina presenta una visi\u00f3n general de los productos MYLAPS que ya no se venden y que podr\u00edan no ser compatibles.\" \/>\n<meta property=\"og:url\" content=\"https:\/\/mylaps.com\/es\/sobre-nosotros\/productos-al-final-de-su-vida-util\/\" \/>\n<meta property=\"og:site_name\" content=\"MYLAPS - Espana\" \/>\n<meta property=\"article:modified_time\" content=\"2025-02-28T12:45:07+00:00\" \/>\n<meta name=\"twitter:card\" content=\"summary_large_image\" \/>\n<meta name=\"twitter:label1\" content=\"Est. reading time\" \/>\n\t<meta name=\"twitter:data1\" content=\"1 minute\" \/>\n<script type=\"application\/ld+json\" class=\"yoast-schema-graph\">{\"@context\":\"https:\/\/schema.org\",\"@graph\":[{\"@type\":\"WebPage\",\"@id\":\"https:\/\/mylaps.com\/es\/sobre-nosotros\/productos-al-final-de-su-vida-util\/\",\"url\":\"https:\/\/mylaps.com\/es\/sobre-nosotros\/productos-al-final-de-su-vida-util\/\",\"name\":\"Productos al final de su vida \u00fatil - MYLAPS - Espana\",\"isPartOf\":{\"@id\":\"https:\/\/mylaps.com\/es\/#website\"},\"datePublished\":\"2025-01-15T16:45:53+00:00\",\"dateModified\":\"2025-02-28T12:45:07+00:00\",\"description\":\"Esta p\u00e1gina presenta una visi\u00f3n general de los productos MYLAPS que ya no se venden y que podr\u00edan no ser compatibles.\",\"breadcrumb\":{\"@id\":\"https:\/\/mylaps.com\/es\/sobre-nosotros\/productos-al-final-de-su-vida-util\/#breadcrumb\"},\"inLanguage\":\"en-US\",\"potentialAction\":[{\"@type\":\"ReadAction\",\"target\":[\"https:\/\/mylaps.com\/es\/sobre-nosotros\/productos-al-final-de-su-vida-util\/\"]}]},{\"@type\":\"BreadcrumbList\",\"@id\":\"https:\/\/mylaps.com\/es\/sobre-nosotros\/productos-al-final-de-su-vida-util\/#breadcrumb\",\"itemListElement\":[{\"@type\":\"ListItem\",\"position\":1,\"name\":\"Home\",\"item\":\"https:\/\/mylaps.com\/es\/\"},{\"@type\":\"ListItem\",\"position\":2,\"name\":\"Sobre nosotros\",\"item\":\"https:\/\/mylaps.com\/es\/sobre-nosotros\/\"},{\"@type\":\"ListItem\",\"position\":3,\"name\":\"Productos al final de su vida \u00fatil\"}]},{\"@type\":\"WebSite\",\"@id\":\"https:\/\/mylaps.com\/es\/#website\",\"url\":\"https:\/\/mylaps.com\/es\/\",\"name\":\"MYLAPS\",\"description\":\"MYLAPS Sports Timing - The Industry&#039;s Most Reliable and Accurate Timing and Data Solutions\",\"potentialAction\":[{\"@type\":\"SearchAction\",\"target\":{\"@type\":\"EntryPoint\",\"urlTemplate\":\"https:\/\/mylaps.com\/es\/?s={search_term_string}\"},\"query-input\":{\"@type\":\"PropertyValueSpecification\",\"valueRequired\":true,\"valueName\":\"search_term_string\"}}],\"inLanguage\":\"en-US\"}]}<\/script>\n<!-- \/ Yoast SEO Premium plugin. -->","yoast_head_json":{"title":"Productos al final de su vida \u00fatil - MYLAPS - Espana","description":"Esta p\u00e1gina presenta una visi\u00f3n general de los productos MYLAPS que ya no se venden y que podr\u00edan no ser compatibles.","robots":{"index":"index","follow":"follow","max-snippet":"max-snippet:-1","max-image-preview":"max-image-preview:large","max-video-preview":"max-video-preview:-1"},"canonical":"https:\/\/mylaps.com\/es\/sobre-nosotros\/productos-al-final-de-su-vida-util\/","og_locale":"en_US","og_type":"article","og_title":"Productos al final de su vida \u00fatil","og_description":"Esta p\u00e1gina presenta una visi\u00f3n general de los productos MYLAPS que ya no se venden y que podr\u00edan no ser compatibles.","og_url":"https:\/\/mylaps.com\/es\/sobre-nosotros\/productos-al-final-de-su-vida-util\/","og_site_name":"MYLAPS - Espana","article_modified_time":"2025-02-28T12:45:07+00:00","twitter_card":"summary_large_image","twitter_misc":{"Est. reading time":"1 minute"},"schema":{"@context":"https:\/\/schema.org","@graph":[{"@type":"WebPage","@id":"https:\/\/mylaps.com\/es\/sobre-nosotros\/productos-al-final-de-su-vida-util\/","url":"https:\/\/mylaps.com\/es\/sobre-nosotros\/productos-al-final-de-su-vida-util\/","name":"Productos al final de su vida \u00fatil - MYLAPS - Espana","isPartOf":{"@id":"https:\/\/mylaps.com\/es\/#website"},"datePublished":"2025-01-15T16:45:53+00:00","dateModified":"2025-02-28T12:45:07+00:00","description":"Esta p\u00e1gina presenta una visi\u00f3n general de los productos MYLAPS que ya no se venden y que podr\u00edan no ser compatibles.","breadcrumb":{"@id":"https:\/\/mylaps.com\/es\/sobre-nosotros\/productos-al-final-de-su-vida-util\/#breadcrumb"},"inLanguage":"en-US","potentialAction":[{"@type":"ReadAction","target":["https:\/\/mylaps.com\/es\/sobre-nosotros\/productos-al-final-de-su-vida-util\/"]}]},{"@type":"BreadcrumbList","@id":"https:\/\/mylaps.com\/es\/sobre-nosotros\/productos-al-final-de-su-vida-util\/#breadcrumb","itemListElement":[{"@type":"ListItem","position":1,"name":"Home","item":"https:\/\/mylaps.com\/es\/"},{"@type":"ListItem","position":2,"name":"Sobre nosotros","item":"https:\/\/mylaps.com\/es\/sobre-nosotros\/"},{"@type":"ListItem","position":3,"name":"Productos al final de su vida \u00fatil"}]},{"@type":"WebSite","@id":"https:\/\/mylaps.com\/es\/#website","url":"https:\/\/mylaps.com\/es\/","name":"MYLAPS","description":"MYLAPS Sports Timing - The Industry&#039;s Most Reliable and Accurate Timing and Data Solutions","potentialAction":[{"@type":"SearchAction","target":{"@type":"EntryPoint","urlTemplate":"https:\/\/mylaps.com\/es\/?s={search_term_string}"},"query-input":{"@type":"PropertyValueSpecification","valueRequired":true,"valueName":"search_term_string"}}],"inLanguage":"en-US"}]}},"_links":{"self":[{"href":"https:\/\/mylaps.com\/es\/wp-json\/wp\/v2\/pages\/34065","targetHints":{"allow":["GET"]}}],"collection":[{"href":"https:\/\/mylaps.com\/es\/wp-json\/wp\/v2\/pages"}],"about":[{"href":"https:\/\/mylaps.com\/es\/wp-json\/wp\/v2\/types\/page"}],"author":[{"embeddable":true,"href":"https:\/\/mylaps.com\/es\/wp-json\/wp\/v2\/users\/2"}],"replies":[{"embeddable":true,"href":"https:\/\/mylaps.com\/es\/wp-json\/wp\/v2\/comments?post=34065"}],"version-history":[{"count":7,"href":"https:\/\/mylaps.com\/es\/wp-json\/wp\/v2\/pages\/34065\/revisions"}],"predecessor-version":[{"id":34993,"href":"https:\/\/mylaps.com\/es\/wp-json\/wp\/v2\/pages\/34065\/revisions\/34993"}],"up":[{"embeddable":true,"href":"https:\/\/mylaps.com\/es\/wp-json\/wp\/v2\/pages\/159"}],"wp:attachment":[{"href":"https:\/\/mylaps.com\/es\/wp-json\/wp\/v2\/media?parent=34065"}],"curies":[{"name":"wp","href":"https:\/\/api.w.org\/{rel}","templated":true}]}}