{"id":34292,"date":"2025-01-16T03:55:14","date_gmt":"2025-01-16T03:55:14","guid":{"rendered":"https:\/\/mylaps.com\/?page_id=34292"},"modified":"2026-01-07T10:41:41","modified_gmt":"2026-01-07T10:41:41","slug":"mylaps-sports-service","status":"publish","type":"page","link":"https:\/\/mylaps.com\/es\/mylaps-sports-service\/","title":{"rendered":"MYLAPS Sports Service"},"content":{"rendered":"\n\n<div class=\"block hero hero--background-img hero--content-lb\">\n\t<img loading=\"lazy\" decoding=\"async\" width=\"2000\" height=\"1333\" src=\"https:\/\/mylaps.com\/wp-content\/uploads\/2025\/01\/mylaps-event-timing-22-2000x1333.jpg\" class=\"hero__background\" alt=\"\" srcset=\"https:\/\/mylaps.com\/wp-content\/uploads\/2025\/01\/mylaps-event-timing-22-2000x1333.jpg 2000w, https:\/\/mylaps.com\/wp-content\/uploads\/2025\/01\/mylaps-event-timing-22-2048x1365.jpg 2048w, https:\/\/mylaps.com\/wp-content\/uploads\/2025\/01\/mylaps-event-timing-22-300x200.jpg 300w, https:\/\/mylaps.com\/wp-content\/uploads\/2025\/01\/mylaps-event-timing-22-768x512.jpg 768w, https:\/\/mylaps.com\/wp-content\/uploads\/2025\/01\/mylaps-event-timing-22-1024x683.jpg 1024w, https:\/\/mylaps.com\/wp-content\/uploads\/2025\/01\/mylaps-event-timing-22-1536x1024.jpg 1536w, https:\/\/mylaps.com\/wp-content\/uploads\/2025\/01\/mylaps-event-timing-22-750x500.jpg 750w, https:\/\/mylaps.com\/wp-content\/uploads\/2025\/01\/mylaps-event-timing-22-400x267.jpg 400w, https:\/\/mylaps.com\/wp-content\/uploads\/2025\/01\/mylaps-event-timing-22-150x100.jpg 150w\" sizes=\"auto, (max-width: 2000px) 100vw, 2000px\" \/>\n\t<div class=\"container\">\n\t\t<div class=\"hero__content space-content\">\n\t\t\t\t\t\t\t<h1>\n\t\t\t\t\tMYLAPS Sports Service\t\t\t\t<\/h1>\n\t\t\t\n\t\t\t<div class='flex-shrink-0 flex flex-col relative items-end'>\n<div class='pt-0'>\n<div class='gizmo-bot-avatar flex h-8 w-8 items-center justify-center overflow-hidden rounded-full'>\n<div class='relative p-1 rounded-sm flex items-center justify-center bg-token-main-surface-primary text-token-text-primary h-8 w-8'>MYLAPS tiene su propia divisi\u00f3n de cronometraje de eventos, que ofrece cronometraje y servicios adicionales a eventos deportivos en los Pa\u00edses Bajos, B\u00e9lgica y algunas carreras internacionales en Europa, Oriente Medio y \u00c1frica.<\/div>\n<\/div>\n<\/div>\n<\/div>\n\t\t<\/div>\n\t<\/div>\n<\/div>\n\n\n<p>\u00a1<\/p>\n\n<div\n\tclass=\"block content bg--white content--flip-columns-on-mobile content--align-content-vertically content--cols-2 bg--blank content--arrange-half\"\n\tstyle=\"--cols: 2\">\n\t<div class=\"container\">\n\t\t\t\t\t<div class=\"content__column\">\n\t\t\t\t\t\t\t\t\t<div\n\t\t\t\t\t\t\t\t\t\t\t\tclass=\"content__type--image space-content\">\n\t\t\t\t\t\t\t\t\t\t\t\t\t\t<figure class=\"content__figure\">\n\t\t\t\t\t\t\t\t\t<img loading=\"lazy\" decoding=\"async\" width=\"750\" height=\"500\" src=\"https:\/\/mylaps.com\/wp-content\/uploads\/2025\/01\/JMA3939-1-750x500.jpg\" class=\"content__image\" alt=\"\" srcset=\"https:\/\/mylaps.com\/wp-content\/uploads\/2025\/01\/JMA3939-1-750x500.jpg 750w, https:\/\/mylaps.com\/wp-content\/uploads\/2025\/01\/JMA3939-1-2048x1365.jpg 2048w, https:\/\/mylaps.com\/wp-content\/uploads\/2025\/01\/JMA3939-1-2000x1333.jpg 2000w, https:\/\/mylaps.com\/wp-content\/uploads\/2025\/01\/JMA3939-1-300x200.jpg 300w, https:\/\/mylaps.com\/wp-content\/uploads\/2025\/01\/JMA3939-1-768x512.jpg 768w, https:\/\/mylaps.com\/wp-content\/uploads\/2025\/01\/JMA3939-1-1024x683.jpg 1024w, https:\/\/mylaps.com\/wp-content\/uploads\/2025\/01\/JMA3939-1-1536x1024.jpg 1536w, https:\/\/mylaps.com\/wp-content\/uploads\/2025\/01\/JMA3939-1-400x267.jpg 400w, https:\/\/mylaps.com\/wp-content\/uploads\/2025\/01\/JMA3939-1-150x100.jpg 150w\" sizes=\"auto, (max-width: 750px) 100vw, 750px\" \/>\t\t\t\t\t\t\t\t<\/figure>\n\t\t\t\t\t\t\t\t\t\t\t\t\t<\/div>\n\t\t\t\t\t\t\t<\/div>\n\t\t\t\t\t<div class=\"content__column\">\n\t\t\t\t\t\t\t\t\t<div\n\t\t\t\t\t\tdata-aos=\"fade-up\"\t\t\t\t\t\tclass=\"content__type--text space-content\">\n\t\t\t\t\t\t<p class=\"label\">MYLAPS Sports Service<\/p>\n<h3>Su evento comienza con MYLAPS Sports Service<\/h3>\n<p>\u00bfBusca un socio que se encargue del cronometraje y de los servicios adicionales de su evento deportivo? MYLAPS Sports Service se encarga del cronometraje de m\u00e1s de 400 eventos deportivos al a\u00f1o, desde carreras y ciclismo hasta triatl\u00f3n, patinaje y mucho m\u00e1s.<\/p>\n<p><a class=\"button--primary\" href=\"https:\/\/mylaps.com\/about-us\/contact-us\/\">Contacta con nosotros<\/a><\/p>\n\t\t\t\t\t<\/div>\n\t\t\t\t\t\t\t<\/div>\n\t\t\t<\/div>\n<\/div>\n\n\n<p>\u00a1<\/p>\n\n<div class=\"block hero hero--background-img\">\n\t<img loading=\"lazy\" decoding=\"async\" width=\"2000\" height=\"1333\" src=\"https:\/\/mylaps.com\/wp-content\/uploads\/2025\/01\/241117-046-2000x1333.jpg\" class=\"hero__background\" alt=\"\" srcset=\"https:\/\/mylaps.com\/wp-content\/uploads\/2025\/01\/241117-046-2000x1333.jpg 2000w, https:\/\/mylaps.com\/wp-content\/uploads\/2025\/01\/241117-046-2048x1365.jpg 2048w, https:\/\/mylaps.com\/wp-content\/uploads\/2025\/01\/241117-046-300x200.jpg 300w, https:\/\/mylaps.com\/wp-content\/uploads\/2025\/01\/241117-046-768x512.jpg 768w, https:\/\/mylaps.com\/wp-content\/uploads\/2025\/01\/241117-046-1024x683.jpg 1024w, https:\/\/mylaps.com\/wp-content\/uploads\/2025\/01\/241117-046-1536x1024.jpg 1536w, https:\/\/mylaps.com\/wp-content\/uploads\/2025\/01\/241117-046-750x500.jpg 750w, https:\/\/mylaps.com\/wp-content\/uploads\/2025\/01\/241117-046-400x267.jpg 400w, https:\/\/mylaps.com\/wp-content\/uploads\/2025\/01\/241117-046-150x100.jpg 150w\" sizes=\"auto, (max-width: 2000px) 100vw, 2000px\" \/>\n\t<div class=\"container\">\n\t\t<div class=\"hero__content space-content\">\n\t\t\t\n\t\t\t\t\t<\/div>\n\t<\/div>\n<\/div>\n\n\n<p>\u00a1<\/p>\n\n<div\n\tclass=\"block content bg--white content--flip-columns-on-mobile content--align-content-vertically content--cols-2 bg--blank content--arrange-half\"\n\tstyle=\"--cols: 2\">\n\t<div class=\"container\">\n\t\t\t\t\t<div class=\"content__column\">\n\t\t\t\t\t\t\t\t\t<div\n\t\t\t\t\t\t\t\t\t\t\t\tclass=\"content__type--image space-content\">\n\t\t\t\t\t\t\t\t\t\t\t\t\t\t<figure class=\"content__figure\">\n\t\t\t\t\t\t\t\t\t<img loading=\"lazy\" decoding=\"async\" width=\"750\" height=\"678\" src=\"https:\/\/mylaps.com\/wp-content\/uploads\/2025\/01\/Utrecht-Marathon-750x678.jpg\" class=\"content__image\" alt=\"\" srcset=\"https:\/\/mylaps.com\/wp-content\/uploads\/2025\/01\/Utrecht-Marathon-750x678.jpg 750w, https:\/\/mylaps.com\/wp-content\/uploads\/2025\/01\/Utrecht-Marathon-300x271.jpg 300w, https:\/\/mylaps.com\/wp-content\/uploads\/2025\/01\/Utrecht-Marathon-768x694.jpg 768w, https:\/\/mylaps.com\/wp-content\/uploads\/2025\/01\/Utrecht-Marathon-1024x925.jpg 1024w, https:\/\/mylaps.com\/wp-content\/uploads\/2025\/01\/Utrecht-Marathon-400x361.jpg 400w, https:\/\/mylaps.com\/wp-content\/uploads\/2025\/01\/Utrecht-Marathon-111x100.jpg 111w, https:\/\/mylaps.com\/wp-content\/uploads\/2025\/01\/Utrecht-Marathon.jpg 1080w\" sizes=\"auto, (max-width: 750px) 100vw, 750px\" \/>\t\t\t\t\t\t\t\t<\/figure>\n\t\t\t\t\t\t\t\t\t\t\t\t\t<\/div>\n\t\t\t\t\t\t\t<\/div>\n\t\t\t\t\t<div class=\"content__column\">\n\t\t\t\t\t\t\t\t\t<div\n\t\t\t\t\t\tdata-aos=\"fade-up\"\t\t\t\t\t\tclass=\"content__type--text space-content\">\n\t\t\t\t\t\t<h2>De los eventos de talla mundial a las carreras locales<\/h2>\n<p>MYLAPS Sports Service (MSS) se fund\u00f3 en 1993 en Nijmegen. Adem\u00e1s de la sucursal de Nijmegen, en 2014 abrimos una divisi\u00f3n de cronometraje en Haarlem. MYLAPS Sports Service forma parte de MYLAPS Sports Technology, una empresa holandesa que desarrolla sistemas de cronometraje y es l\u00edder mundial en el mercado de los deportes activos y motorizados. Miles de eventos deportivos y millones de atletas de todo el mundo utilizan los sistemas MYLAPS, desde los Juegos Ol\u00edmpicos y maratones de fama mundial hasta la carrera local de running a la vuelta de la esquina.<\/p>\n<p>El equipo de MSS est\u00e1 formado por 15 empleados fijos y 35 entusiastas cronometradores aut\u00f3nomos, que han nacido listos para convertir su competici\u00f3n en un evento deportivo de primera categor\u00eda. Nuestro equipo de dedicados cronometradores es la mayor empresa de cronometraje oficial de los Pa\u00edses Bajos.<\/p>\n\t\t\t\t\t<\/div>\n\t\t\t\t\t\t\t<\/div>\n\t\t\t<\/div>\n<\/div>\n\n\n<div\n\tclass=\"block content bg--white content--align-content-vertically content--cols-2 bg--blank content--arrange-half\"\n\tstyle=\"--cols: 2\">\n\t<div class=\"container\">\n\t\t\t\t\t<div class=\"content__column\">\n\t\t\t\t\t\t\t\t\t<div\n\t\t\t\t\t\tdata-aos=\"fade-up\"\t\t\t\t\t\tclass=\"content__type--text space-content\">\n\t\t\t\t\t\t<h3>El paquete adecuado para cada deporte<\/h3>\n<p>Porque cada deporte es diferente, MYLAPS ofrece un sistema especializado para cada tipo de deporte. Los grandes eventos de running requieren un sistema que pueda manejar a muchos participantes al mismo tiempo. Y los eventos deportivos con velocidades m\u00e1s altas, como las carreras ciclistas, requieren un sistema que sea extremadamente preciso.<\/p>\n<h3>R\u00e1pido y preciso<\/h3>\n<p>Un registro de tiempos r\u00e1pido y preciso es importante para cualquier evento deportivo. \u00bfQu\u00e9 tan bueno es que los resultados de su evento est\u00e9n disponibles r\u00e1pidamente y que los miembros de la familia puedan seguir a sus seres queridos en vivo en una aplicaci\u00f3n en su tel\u00e9fono?<\/p>\n\t\t\t\t\t<\/div>\n\t\t\t\t\t\t\t<\/div>\n\t\t\t\t\t<div class=\"content__column\">\n\t\t\t\t\t\t\t\t\t<div\n\t\t\t\t\t\t\t\t\t\t\t\tclass=\"content__type--image space-content\">\n\t\t\t\t\t\t\t\t\t\t\t\t\t\t<figure class=\"content__figure\">\n\t\t\t\t\t\t\t\t\t<img loading=\"lazy\" decoding=\"async\" width=\"750\" height=\"500\" src=\"https:\/\/mylaps.com\/wp-content\/uploads\/2025\/01\/mylaps-event-timing-19-scaled-1-750x500.jpg\" class=\"content__image\" alt=\"\" srcset=\"https:\/\/mylaps.com\/wp-content\/uploads\/2025\/01\/mylaps-event-timing-19-scaled-1-750x500.jpg 750w, https:\/\/mylaps.com\/wp-content\/uploads\/2025\/01\/mylaps-event-timing-19-scaled-1-300x200.jpg 300w, https:\/\/mylaps.com\/wp-content\/uploads\/2025\/01\/mylaps-event-timing-19-scaled-1-768x512.jpg 768w, https:\/\/mylaps.com\/wp-content\/uploads\/2025\/01\/mylaps-event-timing-19-scaled-1-1024x683.jpg 1024w, https:\/\/mylaps.com\/wp-content\/uploads\/2025\/01\/mylaps-event-timing-19-scaled-1-1536x1024.jpg 1536w, https:\/\/mylaps.com\/wp-content\/uploads\/2025\/01\/mylaps-event-timing-19-scaled-1-2048x1366.jpg 2048w, https:\/\/mylaps.com\/wp-content\/uploads\/2025\/01\/mylaps-event-timing-19-scaled-1-2000x1334.jpg 2000w, https:\/\/mylaps.com\/wp-content\/uploads\/2025\/01\/mylaps-event-timing-19-scaled-1-400x267.jpg 400w, https:\/\/mylaps.com\/wp-content\/uploads\/2025\/01\/mylaps-event-timing-19-scaled-1-150x100.jpg 150w\" sizes=\"auto, (max-width: 750px) 100vw, 750px\" \/>\t\t\t\t\t\t\t\t<\/figure>\n\t\t\t\t\t\t\t\t\t\t\t\t\t<\/div>\n\t\t\t\t\t\t\t<\/div>\n\t\t\t<\/div>\n<\/div>\n\n\n<p>\u00a1<\/p>\n\n<div\n\tclass=\"block content bg--white content--align-content-vertically content--cols-2 bg--blank content--arrange-half\"\n\tstyle=\"--cols: 2\">\n\t<div class=\"container\">\n\t\t\t\t\t<div class=\"content__column\">\n\t\t\t\t\t\t\t\t\t<div\n\t\t\t\t\t\t\t\t\t\t\t\tclass=\"content__type--image space-content\">\n\t\t\t\t\t\t\t\t\t\t\t\t\t\t<figure class=\"content__figure\">\n\t\t\t\t\t\t\t\t\t<img loading=\"lazy\" decoding=\"async\" width=\"750\" height=\"500\" src=\"https:\/\/mylaps.com\/wp-content\/uploads\/2025\/01\/JMA3515-1-scaled-1-750x500.jpg\" class=\"content__image\" alt=\"\" srcset=\"https:\/\/mylaps.com\/wp-content\/uploads\/2025\/01\/JMA3515-1-scaled-1-750x500.jpg 750w, https:\/\/mylaps.com\/wp-content\/uploads\/2025\/01\/JMA3515-1-scaled-1-300x200.jpg 300w, https:\/\/mylaps.com\/wp-content\/uploads\/2025\/01\/JMA3515-1-scaled-1-768x512.jpg 768w, https:\/\/mylaps.com\/wp-content\/uploads\/2025\/01\/JMA3515-1-scaled-1-1024x682.jpg 1024w, https:\/\/mylaps.com\/wp-content\/uploads\/2025\/01\/JMA3515-1-scaled-1-1536x1024.jpg 1536w, https:\/\/mylaps.com\/wp-content\/uploads\/2025\/01\/JMA3515-1-scaled-1-2048x1365.jpg 2048w, https:\/\/mylaps.com\/wp-content\/uploads\/2025\/01\/JMA3515-1-scaled-1-2000x1333.jpg 2000w, https:\/\/mylaps.com\/wp-content\/uploads\/2025\/01\/JMA3515-1-scaled-1-400x267.jpg 400w, https:\/\/mylaps.com\/wp-content\/uploads\/2025\/01\/JMA3515-1-scaled-1-150x100.jpg 150w\" sizes=\"auto, (max-width: 750px) 100vw, 750px\" \/>\t\t\t\t\t\t\t\t<\/figure>\n\t\t\t\t\t\t\t\t\t\t\t\t\t<\/div>\n\t\t\t\t\t\t\t<\/div>\n\t\t\t\t\t<div class=\"content__column\">\n\t\t\t\t\t\t\t\t\t<div\n\t\t\t\t\t\tdata-aos=\"fade-up\"\t\t\t\t\t\tclass=\"content__type--text space-content\">\n\t\t\t\t\t\t<p class=\"label\">Contratar el MYLAPS Sports Service<\/p>\n<h2>Solicite presupuesto<\/h2>\n<p>\u00bfNecesita cronometraje para su evento? MYLAPS Sports Service est\u00e1 disponible para cronometrar eventos de todos los tama\u00f1os en los Pa\u00edses Bajos, B\u00e9lgica y varias carreras internacionales en Europa, Oriente Medio y \u00c1frica. Desde peque\u00f1os eventos recreativos hasta grandes carreras profesionales, MYLAPS Sports Service puede organizarlo para usted. P\u00f3ngase en contacto con nosotros ahora para obtener un presupuesto para su carrera.<\/p>\n<p>&nbsp;<\/p>\n<p>.<a class=\"button--primary\" href=\"https:\/\/mylaps.com\/about-us\/contact-us\/\">Contacta con nosotros<\/a><\/p>\n\t\t\t\t\t<\/div>\n\t\t\t\t\t\t\t<\/div>\n\t\t\t<\/div>\n<\/div>\n\n\n<div\n\tclass=\"block content bg--white content--align-content-vertically content--cols-2 bg--blank content--arrange-half\"\n\tstyle=\"--cols: 2\">\n\t<div class=\"container\">\n\t\t\t\t\t<div class=\"content__column\">\n\t\t\t\t\t\t\t\t\t<div\n\t\t\t\t\t\tdata-aos=\"fade-up\"\t\t\t\t\t\tclass=\"content__type--text space-content\">\n\t\t\t\t\t\t<p class=\"label\">Mapa de socios<\/p>\n<h2 class=\"card-title color-blue font-family-secondar text-left\">Buscar un cronometrador<\/h2>\n<p>Si busca un socio de cronometraje fuera de los Pa\u00edses Bajos y B\u00e9lgica, consulte nuestra p\u00e1gina de socios para obtener m\u00e1s informaci\u00f3n.<\/p>\n<p style=\"text-align: left;\"><a class=\"button--ghost\" href=\"https:\/\/mylaps.com\/partners\/\">Mapa de socios<\/a><\/p>\n\t\t\t\t\t<\/div>\n\t\t\t\t\t\t\t<\/div>\n\t\t\t\t\t<div class=\"content__column\">\n\t\t\t\t\t\t\t\t\t<div\n\t\t\t\t\t\t\t\t\t\t\t\tclass=\"content__type--image space-content\">\n\t\t\t\t\t\t\t\t\t\t\t\t\t\t<figure class=\"content__figure\">\n\t\t\t\t\t\t\t\t\t<img loading=\"lazy\" decoding=\"async\" width=\"750\" height=\"316\" src=\"https:\/\/mylaps.com\/wp-content\/uploads\/2024\/12\/AdobeStock_356130783-small-750x316.jpg\" class=\"content__image\" alt=\"\" srcset=\"https:\/\/mylaps.com\/wp-content\/uploads\/2024\/12\/AdobeStock_356130783-small-750x316.jpg 750w, https:\/\/mylaps.com\/wp-content\/uploads\/2024\/12\/AdobeStock_356130783-small-400x168.jpg 400w, https:\/\/mylaps.com\/wp-content\/uploads\/2024\/12\/AdobeStock_356130783-small-300x126.jpg 300w, https:\/\/mylaps.com\/wp-content\/uploads\/2024\/12\/AdobeStock_356130783-small-768x323.jpg 768w, https:\/\/mylaps.com\/wp-content\/uploads\/2024\/12\/AdobeStock_356130783-small-1024x431.jpg 1024w, https:\/\/mylaps.com\/wp-content\/uploads\/2024\/12\/AdobeStock_356130783-small-1536x647.jpg 1536w, https:\/\/mylaps.com\/wp-content\/uploads\/2024\/12\/AdobeStock_356130783-small-238x100.jpg 238w, https:\/\/mylaps.com\/wp-content\/uploads\/2024\/12\/AdobeStock_356130783-small.jpg 2000w\" sizes=\"auto, (max-width: 750px) 100vw, 750px\" \/>\t\t\t\t\t\t\t\t<\/figure>\n\t\t\t\t\t\t\t\t\t\t\t\t\t<\/div>\n\t\t\t\t\t\t\t<\/div>\n\t\t\t<\/div>\n<\/div>\n\n\n<div\n\tclass=\"block content bg--white content--cols-1 bg--blank content--arrange-half\"\n\tstyle=\"--cols: 1\">\n\t<div class=\"container--small\">\n\t\t\t\t\t<div class=\"content__column\">\n\t\t\t\t\t\t\t<\/div>\n\t\t\t<\/div>\n<\/div>\n","protected":false},"excerpt":{"rendered":"<p>MYLAPS Cronometraje de eventos MYLAPS tiene su propia divisi\u00f3n de cronometraje de eventos, que ofrece cronometraje y servicios adicionales a eventos deportivos en los Pa\u00edses Bajos, B\u00e9lgica y algunas carreras internacionales en Europa, Oriente Medio y \u00c1frica. MYLAPS Cronometraje de eventos Su evento comienza con MYLAPS Cronometraje de eventos \u00bfBusca un socio que se encargue del cronometraje y los servicios adicionales de su evento deportivo? MYLAPS Event Timing se encarga del cronometraje de m\u00e1s de 400 eventos deportivos al a\u00f1o, desde carreras y ciclismo hasta triatl\u00f3n, patinaje y mucho m\u00e1s. Contacte con nosotros Desde eventos de talla mundial hasta carreras locales MYLAPS Event Timing (MET) se fund\u00f3 en 1993 en Nijmegen. [&#8230;]<\/p>\n","protected":false},"author":2,"featured_media":0,"parent":0,"menu_order":0,"comment_status":"closed","ping_status":"closed","template":"","meta":{"_acf_changed":false,"content-type":"","_trash_the_other_posts":false,"editor_notices":[],"footnotes":""},"class_list":["post-34292","page","type-page","status-publish","hentry"],"acf":[],"yoast_head":"<!-- This site is optimized with the Yoast SEO Premium plugin v27.0 (Yoast SEO v27.0) - https:\/\/yoast.com\/product\/yoast-seo-premium-wordpress\/ -->\n<title>MYLAPS Sports Service - MYLAPS - Espana<\/title>\n<meta name=\"description\" content=\"\u00bfBusca un socio que se encargue del cronometraje y de los servicios adicionales de su evento deportivo? MYLAPS Event Timing se encarga del cronometraje de m\u00e1s de 400 eventos deportivos al a\u00f1o, desde carreras y ciclismo hasta triatl\u00f3n, patinaje y mucho m\u00e1s.\" \/>\n<meta name=\"robots\" content=\"index, follow, max-snippet:-1, max-image-preview:large, max-video-preview:-1\" \/>\n<link rel=\"canonical\" href=\"https:\/\/mylaps.com\/es\/mylaps-sports-service\/\" \/>\n<meta property=\"og:locale\" content=\"en_US\" \/>\n<meta property=\"og:type\" content=\"article\" \/>\n<meta property=\"og:title\" content=\"MYLAPS Sports Service\" \/>\n<meta property=\"og:description\" content=\"\u00bfBusca un socio que se encargue del cronometraje y de los servicios adicionales de su evento deportivo? MYLAPS Event Timing se encarga del cronometraje de m\u00e1s de 400 eventos deportivos al a\u00f1o, desde carreras y ciclismo hasta triatl\u00f3n, patinaje y mucho m\u00e1s.\" \/>\n<meta property=\"og:url\" content=\"https:\/\/mylaps.com\/es\/mylaps-sports-service\/\" \/>\n<meta property=\"og:site_name\" content=\"MYLAPS - Espana\" \/>\n<meta property=\"article:modified_time\" content=\"2026-01-07T10:41:41+00:00\" \/>\n<meta name=\"twitter:card\" content=\"summary_large_image\" \/>\n<meta name=\"twitter:label1\" content=\"Est. reading time\" \/>\n\t<meta name=\"twitter:data1\" content=\"4 minutes\" \/>\n<script type=\"application\/ld+json\" class=\"yoast-schema-graph\">{\"@context\":\"https:\/\/schema.org\",\"@graph\":[{\"@type\":\"WebPage\",\"@id\":\"https:\/\/mylaps.com\/es\/mylaps-sports-service\/\",\"url\":\"https:\/\/mylaps.com\/es\/mylaps-sports-service\/\",\"name\":\"MYLAPS Sports Service - MYLAPS - Espana\",\"isPartOf\":{\"@id\":\"https:\/\/mylaps.com\/es\/#website\"},\"datePublished\":\"2025-01-16T03:55:14+00:00\",\"dateModified\":\"2026-01-07T10:41:41+00:00\",\"description\":\"\u00bfBusca un socio que se encargue del cronometraje y de los servicios adicionales de su evento deportivo? MYLAPS Event Timing se encarga del cronometraje de m\u00e1s de 400 eventos deportivos al a\u00f1o, desde carreras y ciclismo hasta triatl\u00f3n, patinaje y mucho m\u00e1s.\",\"breadcrumb\":{\"@id\":\"https:\/\/mylaps.com\/es\/mylaps-sports-service\/#breadcrumb\"},\"inLanguage\":\"en-US\",\"potentialAction\":[{\"@type\":\"ReadAction\",\"target\":[\"https:\/\/mylaps.com\/es\/mylaps-sports-service\/\"]}]},{\"@type\":\"BreadcrumbList\",\"@id\":\"https:\/\/mylaps.com\/es\/mylaps-sports-service\/#breadcrumb\",\"itemListElement\":[{\"@type\":\"ListItem\",\"position\":1,\"name\":\"Home\",\"item\":\"https:\/\/mylaps.com\/es\/\"},{\"@type\":\"ListItem\",\"position\":2,\"name\":\"MYLAPS Sports Service\"}]},{\"@type\":\"WebSite\",\"@id\":\"https:\/\/mylaps.com\/es\/#website\",\"url\":\"https:\/\/mylaps.com\/es\/\",\"name\":\"MYLAPS\",\"description\":\"MYLAPS Sports Timing - The Industry&#039;s Most Reliable and Accurate Timing and Data Solutions\",\"potentialAction\":[{\"@type\":\"SearchAction\",\"target\":{\"@type\":\"EntryPoint\",\"urlTemplate\":\"https:\/\/mylaps.com\/es\/?s={search_term_string}\"},\"query-input\":{\"@type\":\"PropertyValueSpecification\",\"valueRequired\":true,\"valueName\":\"search_term_string\"}}],\"inLanguage\":\"en-US\"}]}<\/script>\n<!-- \/ Yoast SEO Premium plugin. -->","yoast_head_json":{"title":"MYLAPS Sports Service - MYLAPS - Espana","description":"\u00bfBusca un socio que se encargue del cronometraje y de los servicios adicionales de su evento deportivo? MYLAPS Event Timing se encarga del cronometraje de m\u00e1s de 400 eventos deportivos al a\u00f1o, desde carreras y ciclismo hasta triatl\u00f3n, patinaje y mucho m\u00e1s.","robots":{"index":"index","follow":"follow","max-snippet":"max-snippet:-1","max-image-preview":"max-image-preview:large","max-video-preview":"max-video-preview:-1"},"canonical":"https:\/\/mylaps.com\/es\/mylaps-sports-service\/","og_locale":"en_US","og_type":"article","og_title":"MYLAPS Sports Service","og_description":"\u00bfBusca un socio que se encargue del cronometraje y de los servicios adicionales de su evento deportivo? MYLAPS Event Timing se encarga del cronometraje de m\u00e1s de 400 eventos deportivos al a\u00f1o, desde carreras y ciclismo hasta triatl\u00f3n, patinaje y mucho m\u00e1s.","og_url":"https:\/\/mylaps.com\/es\/mylaps-sports-service\/","og_site_name":"MYLAPS - Espana","article_modified_time":"2026-01-07T10:41:41+00:00","twitter_card":"summary_large_image","twitter_misc":{"Est. reading time":"4 minutes"},"schema":{"@context":"https:\/\/schema.org","@graph":[{"@type":"WebPage","@id":"https:\/\/mylaps.com\/es\/mylaps-sports-service\/","url":"https:\/\/mylaps.com\/es\/mylaps-sports-service\/","name":"MYLAPS Sports Service - MYLAPS - Espana","isPartOf":{"@id":"https:\/\/mylaps.com\/es\/#website"},"datePublished":"2025-01-16T03:55:14+00:00","dateModified":"2026-01-07T10:41:41+00:00","description":"\u00bfBusca un socio que se encargue del cronometraje y de los servicios adicionales de su evento deportivo? MYLAPS Event Timing se encarga del cronometraje de m\u00e1s de 400 eventos deportivos al a\u00f1o, desde carreras y ciclismo hasta triatl\u00f3n, patinaje y mucho m\u00e1s.","breadcrumb":{"@id":"https:\/\/mylaps.com\/es\/mylaps-sports-service\/#breadcrumb"},"inLanguage":"en-US","potentialAction":[{"@type":"ReadAction","target":["https:\/\/mylaps.com\/es\/mylaps-sports-service\/"]}]},{"@type":"BreadcrumbList","@id":"https:\/\/mylaps.com\/es\/mylaps-sports-service\/#breadcrumb","itemListElement":[{"@type":"ListItem","position":1,"name":"Home","item":"https:\/\/mylaps.com\/es\/"},{"@type":"ListItem","position":2,"name":"MYLAPS Sports Service"}]},{"@type":"WebSite","@id":"https:\/\/mylaps.com\/es\/#website","url":"https:\/\/mylaps.com\/es\/","name":"MYLAPS","description":"MYLAPS Sports Timing - The Industry&#039;s Most Reliable and Accurate Timing and Data Solutions","potentialAction":[{"@type":"SearchAction","target":{"@type":"EntryPoint","urlTemplate":"https:\/\/mylaps.com\/es\/?s={search_term_string}"},"query-input":{"@type":"PropertyValueSpecification","valueRequired":true,"valueName":"search_term_string"}}],"inLanguage":"en-US"}]}},"_links":{"self":[{"href":"https:\/\/mylaps.com\/es\/wp-json\/wp\/v2\/pages\/34292","targetHints":{"allow":["GET"]}}],"collection":[{"href":"https:\/\/mylaps.com\/es\/wp-json\/wp\/v2\/pages"}],"about":[{"href":"https:\/\/mylaps.com\/es\/wp-json\/wp\/v2\/types\/page"}],"author":[{"embeddable":true,"href":"https:\/\/mylaps.com\/es\/wp-json\/wp\/v2\/users\/2"}],"replies":[{"embeddable":true,"href":"https:\/\/mylaps.com\/es\/wp-json\/wp\/v2\/comments?post=34292"}],"version-history":[{"count":10,"href":"https:\/\/mylaps.com\/es\/wp-json\/wp\/v2\/pages\/34292\/revisions"}],"predecessor-version":[{"id":41545,"href":"https:\/\/mylaps.com\/es\/wp-json\/wp\/v2\/pages\/34292\/revisions\/41545"}],"wp:attachment":[{"href":"https:\/\/mylaps.com\/es\/wp-json\/wp\/v2\/media?parent=34292"}],"curies":[{"name":"wp","href":"https:\/\/api.w.org\/{rel}","templated":true}]}}