{"id":34305,"date":"2025-01-16T04:03:39","date_gmt":"2025-01-16T04:03:39","guid":{"rendered":"https:\/\/mylaps.com\/?page_id=34305"},"modified":"2025-02-03T15:20:10","modified_gmt":"2025-02-03T15:20:10","slug":"werken-bij","status":"publish","type":"page","link":"https:\/\/mylaps.com\/es\/mylaps-sports-service\/werken-bij\/","title":{"rendered":"Obras de MET"},"content":{"rendered":"\u00a1<div class=\"block hero hero--background-img hero--content-lb\">\n\t<img loading=\"lazy\" decoding=\"async\" width=\"2000\" height=\"1333\" src=\"https:\/\/mylaps.com\/wp-content\/uploads\/2024\/04\/Zevenheuvelenloop_Roosenboom0065-1-scaled-2-2000x1333.jpg\" class=\"hero__background\" alt=\"\" srcset=\"https:\/\/mylaps.com\/wp-content\/uploads\/2024\/04\/Zevenheuvelenloop_Roosenboom0065-1-scaled-2-2000x1333.jpg 2000w, https:\/\/mylaps.com\/wp-content\/uploads\/2024\/04\/Zevenheuvelenloop_Roosenboom0065-1-scaled-2-300x200.jpg 300w, https:\/\/mylaps.com\/wp-content\/uploads\/2024\/04\/Zevenheuvelenloop_Roosenboom0065-1-scaled-2-1024x682.jpg 1024w, https:\/\/mylaps.com\/wp-content\/uploads\/2024\/04\/Zevenheuvelenloop_Roosenboom0065-1-scaled-2-768x512.jpg 768w, https:\/\/mylaps.com\/wp-content\/uploads\/2024\/04\/Zevenheuvelenloop_Roosenboom0065-1-scaled-2-1536x1024.jpg 1536w, https:\/\/mylaps.com\/wp-content\/uploads\/2024\/04\/Zevenheuvelenloop_Roosenboom0065-1-scaled-2-2048x1365.jpg 2048w, https:\/\/mylaps.com\/wp-content\/uploads\/2024\/04\/Zevenheuvelenloop_Roosenboom0065-1-scaled-2-750x500.jpg 750w, https:\/\/mylaps.com\/wp-content\/uploads\/2024\/04\/Zevenheuvelenloop_Roosenboom0065-1-scaled-2-400x267.jpg 400w, https:\/\/mylaps.com\/wp-content\/uploads\/2024\/04\/Zevenheuvelenloop_Roosenboom0065-1-scaled-2-150x100.jpg 150w\" sizes=\"auto, (max-width: 2000px) 100vw, 2000px\" \/>\n\t<div class=\"container\">\n\t\t<div class=\"hero__content space-content\">\n\t\t\t\t\t\t\t<h1>\n\t\t\t\t\tWerken bij MYLAPS Event Timing\t\t\t\t<\/h1>\n\t\t\t\n\t\t\t<div class='flex-shrink-0 flex flex-col relative items-end'>\n<div class='pt-0'>\n<div class='gizmo-bot-avatar flex h-8 w-8 items-center justify-center overflow-hidden rounded-full'>\n<div class='relative p-1 rounded-sm flex items-center justify-center bg-token-main-surface-primary text-token-text-primary h-8 w-8'>\u00bfPuedes estar al tanto del tiempo durante los \u00faltimos eventos deportivos en Holanda? \u00bfBusca una soluci\u00f3n despu\u00e9s del estudio? \u00bfO no quieres trabajar de 9 a 5? Si tienes afinidad con el deporte y los datos, \u00a1\u00e9sta es la funci\u00f3n perfecta para ti!<\/div>\n<\/div>\n<\/div>\n<\/div>\n\t\t<\/div>\n\t<\/div>\n<\/div>\n\n\n<div class=\"block hero hero--background-video hero--video-on-foreground bg--white\">\n\t\t\t\t\t\t<div class=\"container--video\">\n\t\t\t\t<div class=\"hero__video-background\">\n\t\t\t<div class=\"hero__video-foreground\">\n\t\t\t\t<iframe\n\t\t\t\t\tsrc=\"https:\/\/www.youtube.com\/embed\/0kplDtS_D40?disablekb=1&#038;controls=0\"\n\t\t\t\t\tframeborder=\"0\"\n\t\t\t\t\tallowfullscreen><\/iframe>\n\t\t\t<\/div>\n\t\t<\/div>\n\t\t\t\t\t<\/div>\n\t\t\t\n\t<div class=\"container\">\n\t\t<div class=\"hero__content space-content\">\n\t\t\t\t\t\t\t<h1>\n\t\t\t\t\t\u00bfQuieres formar parte de nuestro equipo?\t\t\t\t<\/h1>\n\t\t\t\n\t\t\t\t\t<\/div>\n\t<\/div>\n<\/div>\n\n\n\u00a1<div\n\tclass=\"block content bg--white content--flip-columns-on-mobile content--align-content-vertically content--cols-2 bg--blank content--arrange-half\"\n\tstyle=\"--cols: 2\">\n\t<div class=\"container\">\n\t\t\t\t\t<div class=\"content__column\">\n\t\t\t\t\t\t\t\t\t<div\n\t\t\t\t\t\t\t\t\t\t\t\tclass=\"content__type--image space-content\">\n\t\t\t\t\t\t\t\t\t\t\t\t\t\t<figure class=\"content__figure\">\n\t\t\t\t\t\t\t\t\t<img loading=\"lazy\" decoding=\"async\" width=\"750\" height=\"422\" src=\"https:\/\/mylaps.com\/wp-content\/uploads\/2025\/01\/mylaps0084-scaled-1024x576-1-750x422.jpg\" class=\"content__image\" alt=\"\" srcset=\"https:\/\/mylaps.com\/wp-content\/uploads\/2025\/01\/mylaps0084-scaled-1024x576-1-750x422.jpg 750w, https:\/\/mylaps.com\/wp-content\/uploads\/2025\/01\/mylaps0084-scaled-1024x576-1-300x169.jpg 300w, https:\/\/mylaps.com\/wp-content\/uploads\/2025\/01\/mylaps0084-scaled-1024x576-1-768x432.jpg 768w, https:\/\/mylaps.com\/wp-content\/uploads\/2025\/01\/mylaps0084-scaled-1024x576-1-400x225.jpg 400w, https:\/\/mylaps.com\/wp-content\/uploads\/2025\/01\/mylaps0084-scaled-1024x576-1-178x100.jpg 178w, https:\/\/mylaps.com\/wp-content\/uploads\/2025\/01\/mylaps0084-scaled-1024x576-1.jpg 1024w\" sizes=\"auto, (max-width: 750px) 100vw, 750px\" \/>\t\t\t\t\t\t\t\t<\/figure>\n\t\t\t\t\t\t\t\t\t\t\t\t\t<\/div>\n\t\t\t\t\t\t\t<\/div>\n\t\t\t\t\t<div class=\"content__column\">\n\t\t\t\t\t\t\t\t\t<div\n\t\t\t\t\t\tdata-aos=\"fade-up\"\t\t\t\t\t\tclass=\"content__type--text space-content\">\n\t\t\t\t\t\t<h3 class='card-title color-blue font-family-secondar text-left'>\u00bfQu\u00e9 es vereist?<\/h3>\n<p><strong>\u23f2 <\/strong>Flexibiliteit\ud83c\udfc3 Je hebt affiniteit met sport\ud83c\udf37 Door heel Nederland<strong>\ud83c\udf1e <\/strong>Jij houdt van werken in de buitenlucht<\/p>\n\t\t\t\t\t<\/div>\n\t\t\t\t\t\t\t<\/div>\n\t\t\t<\/div>\n<\/div>\n\n\n\u00a1<div\n\tclass=\"block content bg--white content--align-content-vertically content--cols-2 bg--blank content--arrange-half\"\n\tstyle=\"--cols: 2\">\n\t<div class=\"container\">\n\t\t\t\t\t<div class=\"content__column\">\n\t\t\t\t\t\t\t\t\t<div\n\t\t\t\t\t\tdata-aos=\"fade-up\"\t\t\t\t\t\tclass=\"content__type--text space-content\">\n\t\t\t\t\t\t<h3 class='card-title color-blue font-family-secondar text-left'>\u00bfQu\u00e9 quieres saber?<\/h3>\n<p><strong>\ud83d\udc65<\/strong> \u00a1Los mejores colegas!\u2705 On the job training\ud83d\udcc6 Je kan je werkdagen inplannen\ud83d\ude80 Relevante werkervaring naast je studie\ud83d\udcf6 Ruimte voor ontwikkeling<\/p>\n\t\t\t\t\t<\/div>\n\t\t\t\t\t\t\t<\/div>\n\t\t\t\t\t<div class=\"content__column\">\n\t\t\t\t\t\t\t\t\t<div\n\t\t\t\t\t\t\t\t\t\t\t\tclass=\"content__type--image space-content\">\n\t\t\t\t\t\t\t\t\t\t\t\t\t\t<figure class=\"content__figure\">\n\t\t\t\t\t\t\t\t\t<img loading=\"lazy\" decoding=\"async\" width=\"750\" height=\"500\" src=\"https:\/\/mylaps.com\/wp-content\/uploads\/2025\/01\/JMA3515-1-scaled-1-750x500.jpg\" class=\"content__image\" alt=\"\" srcset=\"https:\/\/mylaps.com\/wp-content\/uploads\/2025\/01\/JMA3515-1-scaled-1-750x500.jpg 750w, https:\/\/mylaps.com\/wp-content\/uploads\/2025\/01\/JMA3515-1-scaled-1-300x200.jpg 300w, https:\/\/mylaps.com\/wp-content\/uploads\/2025\/01\/JMA3515-1-scaled-1-768x512.jpg 768w, https:\/\/mylaps.com\/wp-content\/uploads\/2025\/01\/JMA3515-1-scaled-1-1024x682.jpg 1024w, https:\/\/mylaps.com\/wp-content\/uploads\/2025\/01\/JMA3515-1-scaled-1-1536x1024.jpg 1536w, https:\/\/mylaps.com\/wp-content\/uploads\/2025\/01\/JMA3515-1-scaled-1-2048x1365.jpg 2048w, https:\/\/mylaps.com\/wp-content\/uploads\/2025\/01\/JMA3515-1-scaled-1-2000x1333.jpg 2000w, https:\/\/mylaps.com\/wp-content\/uploads\/2025\/01\/JMA3515-1-scaled-1-400x267.jpg 400w, https:\/\/mylaps.com\/wp-content\/uploads\/2025\/01\/JMA3515-1-scaled-1-150x100.jpg 150w\" sizes=\"auto, (max-width: 750px) 100vw, 750px\" \/>\t\t\t\t\t\t\t\t<\/figure>\n\t\t\t\t\t\t\t\t\t\t\t\t\t<\/div>\n\t\t\t\t\t\t\t<\/div>\n\t\t\t<\/div>\n<\/div>\n\n\n\u00a1\n\n<div\n\tclass=\"block content bg--white content--flip-columns-on-mobile content--align-content-vertically content--cols-1 bg--blank content--arrange-half\"\n\tstyle=\"--cols: 1\">\n\t<div class=\"container--small\">\n\t\t\t\t\t<div class=\"content__column\">\n\t\t\t\t\t\t\t\t\t<div\n\t\t\t\t\t\tdata-aos=\"fade-up\"\t\t\t\t\t\tclass=\"content__type--text space-content\">\n\t\t\t\t\t\t<p class='label'>\u00bfVragen? P\u00f3ngase en contacto con nosotros<\/p>\n<p>\u00bfEst\u00e1 usted aqu\u00ed tan entusiasmado como nosotros? <a href='https:\/\/mylaps.catsone.nl\/careers\/4816-General\/jobs\/950353-Event-Crew-Sportevenementen'>Ponte en contacto con nosotros<\/a>, \u00a1y descubre a nuestro nuevo colega! \u00bfQuieres saber c\u00f3mo funciona MYLAPS Event Timing? Env\u00ede un correo electr\u00f3nico a <a href='mailto:jasper.schippers@mylaps.com'>jasper.schippers@mylaps.com<\/a>.<\/p>\n\t\t\t\t\t<\/div>\n\t\t\t\t\t\t\t<\/div>\n\t\t\t<\/div>\n<\/div>\n\n\n\u00a1<div\n\tclass=\"block content bg--white content--cols-1 bg--blank content--arrange-half\"\n\tstyle=\"--cols: 1\">\n\t<div class=\"container--small\">\n\t\t\t\t\t<div class=\"content__column\">\n\t\t\t\t\t\t\t<\/div>\n\t\t\t<\/div>\n<\/div>\n","protected":false},"excerpt":{"rendered":"<p>Trabaja con MYLAPS Cronometraje de eventos \u00bfEst\u00e1s interesado en el cronometraje de los eventos deportivos m\u00e1s importantes de Holanda? \u00bfBusca una soluci\u00f3n despu\u00e9s del estudio? \u00bfO no quieres trabajar de 9 a 5? Si tienes afinidad con el deporte y los datos, \u00a1\u00e9sta es la funci\u00f3n perfecta para ti! \u00bfQuieres formar parte de nuestro equipo? \u00bfQu\u00e9 es lo m\u00e1s importante? \u23f2 Flexibiliteit \ud83c\udfc3 Je hebt affiniteit met sport \ud83c\udf37 Door heel Nederland \ud83c\udf1e Jij houdt van werken in de buitenlucht Wat kun je verwachten? \ud83d\udc65 \u00a1Los mejores colegas! \u2705 On the job training \ud83d\udcc6 Je kan je werkdagen inplannen \ud83d\ude80 Relevante [&#8230;]<\/p>\n","protected":false},"author":2,"featured_media":0,"parent":34292,"menu_order":0,"comment_status":"closed","ping_status":"closed","template":"","meta":{"_acf_changed":false,"content-type":"","_trash_the_other_posts":false,"editor_notices":[],"footnotes":""},"class_list":["post-34305","page","type-page","status-publish","hentry"],"acf":[],"yoast_head":"<!-- This site is optimized with the Yoast SEO Premium plugin v27.0 (Yoast SEO v27.0) - https:\/\/yoast.com\/product\/yoast-seo-premium-wordpress\/ -->\n<title>Obras de MET - MYLAPS - Espana<\/title>\n<meta name=\"robots\" content=\"index, follow, max-snippet:-1, max-image-preview:large, max-video-preview:-1\" \/>\n<link rel=\"canonical\" href=\"https:\/\/mylaps.com\/es\/mylaps-sports-service\/werken-bij\/\" \/>\n<meta property=\"og:locale\" content=\"en_US\" \/>\n<meta property=\"og:type\" content=\"article\" \/>\n<meta property=\"og:title\" content=\"Obras de MET\" \/>\n<meta property=\"og:description\" content=\"Trabaja con MYLAPS Cronometraje de eventos \u00bfEst\u00e1s interesado en el cronometraje de los eventos deportivos m\u00e1s importantes de Holanda? \u00bfBusca una soluci\u00f3n despu\u00e9s del estudio? \u00bfO no quieres trabajar de 9 a 5? Si tienes afinidad con el deporte y los datos, \u00a1\u00e9sta es la funci\u00f3n perfecta para ti! \u00bfQuieres formar parte de nuestro equipo? \u00bfQu\u00e9 es lo m\u00e1s importante? \u23f2 Flexibiliteit \ud83c\udfc3 Je hebt affiniteit met sport \ud83c\udf37 Door heel Nederland \ud83c\udf1e Jij houdt van werken in de buitenlucht Wat kun je verwachten? \ud83d\udc65 \u00a1Los mejores colegas! \u2705 On the job training \ud83d\udcc6 Je kan je werkdagen inplannen \ud83d\ude80 Relevante [...]\" \/>\n<meta property=\"og:url\" content=\"https:\/\/mylaps.com\/es\/mylaps-sports-service\/werken-bij\/\" \/>\n<meta property=\"og:site_name\" content=\"MYLAPS - Espana\" \/>\n<meta property=\"article:modified_time\" content=\"2025-02-03T15:20:10+00:00\" \/>\n<meta name=\"twitter:card\" content=\"summary_large_image\" \/>\n<meta name=\"twitter:label1\" content=\"Est. reading time\" \/>\n\t<meta name=\"twitter:data1\" content=\"2 minutes\" \/>\n<script type=\"application\/ld+json\" class=\"yoast-schema-graph\">{\"@context\":\"https:\/\/schema.org\",\"@graph\":[{\"@type\":\"WebPage\",\"@id\":\"https:\/\/mylaps.com\/es\/mylaps-sports-service\/werken-bij\/\",\"url\":\"https:\/\/mylaps.com\/es\/mylaps-sports-service\/werken-bij\/\",\"name\":\"Obras de MET - MYLAPS - Espana\",\"isPartOf\":{\"@id\":\"https:\/\/mylaps.com\/es\/#website\"},\"datePublished\":\"2025-01-16T04:03:39+00:00\",\"dateModified\":\"2025-02-03T15:20:10+00:00\",\"breadcrumb\":{\"@id\":\"https:\/\/mylaps.com\/es\/mylaps-sports-service\/werken-bij\/#breadcrumb\"},\"inLanguage\":\"en-US\",\"potentialAction\":[{\"@type\":\"ReadAction\",\"target\":[\"https:\/\/mylaps.com\/es\/mylaps-sports-service\/werken-bij\/\"]}]},{\"@type\":\"BreadcrumbList\",\"@id\":\"https:\/\/mylaps.com\/es\/mylaps-sports-service\/werken-bij\/#breadcrumb\",\"itemListElement\":[{\"@type\":\"ListItem\",\"position\":1,\"name\":\"Home\",\"item\":\"https:\/\/mylaps.com\/es\/\"},{\"@type\":\"ListItem\",\"position\":2,\"name\":\"MYLAPS Sports Service\",\"item\":\"https:\/\/mylaps.com\/es\/mylaps-sports-service\/\"},{\"@type\":\"ListItem\",\"position\":3,\"name\":\"Obras de MET\"}]},{\"@type\":\"WebSite\",\"@id\":\"https:\/\/mylaps.com\/es\/#website\",\"url\":\"https:\/\/mylaps.com\/es\/\",\"name\":\"MYLAPS\",\"description\":\"MYLAPS Sports Timing - The Industry&#039;s Most Reliable and Accurate Timing and Data Solutions\",\"potentialAction\":[{\"@type\":\"SearchAction\",\"target\":{\"@type\":\"EntryPoint\",\"urlTemplate\":\"https:\/\/mylaps.com\/es\/?s={search_term_string}\"},\"query-input\":{\"@type\":\"PropertyValueSpecification\",\"valueRequired\":true,\"valueName\":\"search_term_string\"}}],\"inLanguage\":\"en-US\"}]}<\/script>\n<!-- \/ Yoast SEO Premium plugin. -->","yoast_head_json":{"title":"Obras de MET - MYLAPS - Espana","robots":{"index":"index","follow":"follow","max-snippet":"max-snippet:-1","max-image-preview":"max-image-preview:large","max-video-preview":"max-video-preview:-1"},"canonical":"https:\/\/mylaps.com\/es\/mylaps-sports-service\/werken-bij\/","og_locale":"en_US","og_type":"article","og_title":"Obras de MET","og_description":"Trabaja con MYLAPS Cronometraje de eventos \u00bfEst\u00e1s interesado en el cronometraje de los eventos deportivos m\u00e1s importantes de Holanda? \u00bfBusca una soluci\u00f3n despu\u00e9s del estudio? \u00bfO no quieres trabajar de 9 a 5? Si tienes afinidad con el deporte y los datos, \u00a1\u00e9sta es la funci\u00f3n perfecta para ti! \u00bfQuieres formar parte de nuestro equipo? \u00bfQu\u00e9 es lo m\u00e1s importante? \u23f2 Flexibiliteit \ud83c\udfc3 Je hebt affiniteit met sport \ud83c\udf37 Door heel Nederland \ud83c\udf1e Jij houdt van werken in de buitenlucht Wat kun je verwachten? \ud83d\udc65 \u00a1Los mejores colegas! \u2705 On the job training \ud83d\udcc6 Je kan je werkdagen inplannen \ud83d\ude80 Relevante [...]","og_url":"https:\/\/mylaps.com\/es\/mylaps-sports-service\/werken-bij\/","og_site_name":"MYLAPS - Espana","article_modified_time":"2025-02-03T15:20:10+00:00","twitter_card":"summary_large_image","twitter_misc":{"Est. reading time":"2 minutes"},"schema":{"@context":"https:\/\/schema.org","@graph":[{"@type":"WebPage","@id":"https:\/\/mylaps.com\/es\/mylaps-sports-service\/werken-bij\/","url":"https:\/\/mylaps.com\/es\/mylaps-sports-service\/werken-bij\/","name":"Obras de MET - MYLAPS - Espana","isPartOf":{"@id":"https:\/\/mylaps.com\/es\/#website"},"datePublished":"2025-01-16T04:03:39+00:00","dateModified":"2025-02-03T15:20:10+00:00","breadcrumb":{"@id":"https:\/\/mylaps.com\/es\/mylaps-sports-service\/werken-bij\/#breadcrumb"},"inLanguage":"en-US","potentialAction":[{"@type":"ReadAction","target":["https:\/\/mylaps.com\/es\/mylaps-sports-service\/werken-bij\/"]}]},{"@type":"BreadcrumbList","@id":"https:\/\/mylaps.com\/es\/mylaps-sports-service\/werken-bij\/#breadcrumb","itemListElement":[{"@type":"ListItem","position":1,"name":"Home","item":"https:\/\/mylaps.com\/es\/"},{"@type":"ListItem","position":2,"name":"MYLAPS Sports Service","item":"https:\/\/mylaps.com\/es\/mylaps-sports-service\/"},{"@type":"ListItem","position":3,"name":"Obras de MET"}]},{"@type":"WebSite","@id":"https:\/\/mylaps.com\/es\/#website","url":"https:\/\/mylaps.com\/es\/","name":"MYLAPS","description":"MYLAPS Sports Timing - The Industry&#039;s Most Reliable and Accurate Timing and Data Solutions","potentialAction":[{"@type":"SearchAction","target":{"@type":"EntryPoint","urlTemplate":"https:\/\/mylaps.com\/es\/?s={search_term_string}"},"query-input":{"@type":"PropertyValueSpecification","valueRequired":true,"valueName":"search_term_string"}}],"inLanguage":"en-US"}]}},"_links":{"self":[{"href":"https:\/\/mylaps.com\/es\/wp-json\/wp\/v2\/pages\/34305","targetHints":{"allow":["GET"]}}],"collection":[{"href":"https:\/\/mylaps.com\/es\/wp-json\/wp\/v2\/pages"}],"about":[{"href":"https:\/\/mylaps.com\/es\/wp-json\/wp\/v2\/types\/page"}],"author":[{"embeddable":true,"href":"https:\/\/mylaps.com\/es\/wp-json\/wp\/v2\/users\/2"}],"replies":[{"embeddable":true,"href":"https:\/\/mylaps.com\/es\/wp-json\/wp\/v2\/comments?post=34305"}],"version-history":[{"count":9,"href":"https:\/\/mylaps.com\/es\/wp-json\/wp\/v2\/pages\/34305\/revisions"}],"predecessor-version":[{"id":34893,"href":"https:\/\/mylaps.com\/es\/wp-json\/wp\/v2\/pages\/34305\/revisions\/34893"}],"up":[{"embeddable":true,"href":"https:\/\/mylaps.com\/es\/wp-json\/wp\/v2\/pages\/34292"}],"wp:attachment":[{"href":"https:\/\/mylaps.com\/es\/wp-json\/wp\/v2\/media?parent=34305"}],"curies":[{"name":"wp","href":"https:\/\/api.w.org\/{rel}","templated":true}]}}