{"id":34528,"date":"2025-01-20T15:53:12","date_gmt":"2025-01-20T15:53:12","guid":{"rendered":"https:\/\/mylaps.com\/?page_id=34528"},"modified":"2025-03-09T10:00:21","modified_gmt":"2025-03-09T10:00:21","slug":"transpondedores","status":"publish","type":"page","link":"https:\/\/mylaps.com\/es\/transpondedores\/","title":{"rendered":"Transpondedores"},"content":{"rendered":"<p>\u00a1<\/p>\n\n<div\n\tclass=\"block content bg--white content--cols-1 bg--blank content--arrange-half\"\n\tstyle=\"--cols: 1\">\n\t<div class=\"container--small\">\n\t\t\t\t\t<div class=\"content__column\">\n\t\t\t\t\t\t\t<\/div>\n\t\t\t<\/div>\n<\/div>\n\n\n<p>\u00a1<\/p>\n\n<div class=\"block related-posts bg--white\">\n\t<div class=\"container\">\n\t\t\t\t\t<div class=\"related-posts__content space-content\">\n\t\t\t\t\t\t\t\t\t<span\n\t\t\t\t\t\tclass=\"related-posts__subtitle\"\n\t\t\t\t\t\tdata-aos=\"fade-left\">\n\t\t\t\t\t\tCompre y gestione su transpondedor\t\t\t\t\t<\/span>\n\t\t\t\t\n\t\t\t\t\t\t\t\t\t<h2 class=\"related-posts__title\">\n\t\t\t\t\t\tTranspondedores MYLAPS para varios deportes\t\t\t\t\t<\/h2>\n\t\t\t\t\n\t\t\t\t\t\t\t\t\t<div class=\"related-posts__intro space-content\">\n\t\t\t\t\t\t<p>Con el transpondedor personal MYLAPS tendr\u00e1s acceso completo a tus resultados para verlos, analizarlos y compartirlos, que podr\u00e1s utilizar en cada carrera o evento en el que MYLAPS proporcione el cronometraje.<\/p>\n<p>Elija su deporte y transpondedor o visite nuestra tienda online hoy mismo!<\/p>\n\t\t\t\t\t<\/div>\n\t\t\t\t\t\t\t<\/div>\n\t\t\n\t\t<ul\n\t\t\tclass=\"related-posts__cards\"\n\t\t\tstyle=\"--cols: 3\">\n\t\t\t\n<div\n\tdata-aos=\"fade-up\"data-aos-delay=\"100\"\tclass=\"card card--\">\n\t<div class=\"card__content\">\n\t\t<h3 class=\"card__title\">TR2 Transponder<\/h3>\n\t\t\n\t\t\t\t\t<div class=\"card__labels tag-list\">\n\t\t\t\t\t\t\t\t\t<span class=\"card__label tag\">\n\t\t\t\t\t\tCoche\t\t\t\t\t<\/span>\n\t\t\t\t\t\t\t\t\t<span class=\"card__label tag\">\n\t\t\t\t\t\tMoto\t\t\t\t\t<\/span>\n\t\t\t\t\t\t\t\t\t<span class=\"card__label tag\">\n\t\t\t\t\t\tKart\t\t\t\t\t<\/span>\n\t\t\t\t\t\t\t\t\t<span class=\"card__label tag\">\n\t\t\t\t\t\tMX\t\t\t\t\t<\/span>\n\t\t\t\t\t\t\t<\/div>\n\t\t\n\t\t\t<\/div>\n\n\t\n\t\t\t<p class=\"card__excerpt\">\n\t\t\tEl TR2 es la nueva generaci\u00f3n de transpondedores por suscripci\u00f3n para deportes de motor que se conecta con Speedhive a trav\u00e9s de Bluetooth. Consigue ahora tu propio transpondedor Bluetooth personal:\r\n\t\t<\/p>\n\t\n\t\t\t<a\n\t\t\tclass=\"card__link\"\n\t\t\thref=\"https:\/\/speedhiveshop.mylaps.com\/\"\n\t\t\ttarget=\"\">\n\t\t\t<span class=\"sr-only\">\n\t\t\t\tRead more\t\t\t\tabout\t\t\t\tTR2 Transponder\t\t\t<\/span>\n\t\t<\/a>\n\t\n\t\n\t\t\t<figure class=\"card__image-wrap\">\n\t\t\t<img loading=\"lazy\" decoding=\"async\" width=\"2115\" height=\"1498\" src=\"https:\/\/mylaps.com\/wp-content\/uploads\/2019\/08\/tr2-transponder-26-2.png\" class=\"card__image\" alt=\"TR2 Transponder 24\" srcset=\"https:\/\/mylaps.com\/wp-content\/uploads\/2019\/08\/tr2-transponder-26-2.png 2115w, https:\/\/mylaps.com\/wp-content\/uploads\/2019\/08\/tr2-transponder-26-2-300x212.png 300w, https:\/\/mylaps.com\/wp-content\/uploads\/2019\/08\/tr2-transponder-26-2-1024x725.png 1024w, https:\/\/mylaps.com\/wp-content\/uploads\/2019\/08\/tr2-transponder-26-2-768x544.png 768w, https:\/\/mylaps.com\/wp-content\/uploads\/2019\/08\/tr2-transponder-26-2-1536x1088.png 1536w, https:\/\/mylaps.com\/wp-content\/uploads\/2019\/08\/tr2-transponder-26-2-2048x1451.png 2048w, https:\/\/mylaps.com\/wp-content\/uploads\/2019\/08\/tr2-transponder-26-2-2000x1417.png 2000w, https:\/\/mylaps.com\/wp-content\/uploads\/2019\/08\/tr2-transponder-26-2-750x531.png 750w, https:\/\/mylaps.com\/wp-content\/uploads\/2019\/08\/tr2-transponder-26-2-400x283.png 400w, https:\/\/mylaps.com\/wp-content\/uploads\/2019\/08\/tr2-transponder-26-2-141x100.png 141w\" sizes=\"auto, (max-width: 2115px) 100vw, 2115px\" \/>\t\t<\/figure>\n\t<\/div>\n\n<div\n\tdata-aos=\"fade-up\"data-aos-delay=\"200\"\tclass=\"card card--\">\n\t<div class=\"card__content\">\n\t\t<h3 class=\"card__title\">Transpondedor RC &amp; Drone<\/h3>\n\t\t\n\t\t\t\t\t<div class=\"card__labels tag-list\">\n\t\t\t\t\t\t\t\t\t<span class=\"card__label tag\">\n\t\t\t\t\t\tRC \t\t\t\t\t<\/span>\n\t\t\t\t\t\t\t\t\t<span class=\"card__label tag\">\n\t\t\t\t\t\tDrone\t\t\t\t\t<\/span>\n\t\t\t\t\t\t\t<\/div>\n\t\t\n\t\t\t<\/div>\n\n\t\n\t\t\t<p class=\"card__excerpt\">\n\t\t\tLos transpondedores RC4 se pueden utilizar tanto para carreras en interiores como en exteriores y funcionan en casi cualquier superficie. Consiga su propio transpondedor RC personal:\r\n\t\t<\/p>\n\t\n\t\t\t<a\n\t\t\tclass=\"card__link\"\n\t\t\thref=\"https:\/\/speedhiveshop.mylaps.com\/rc.html\"\n\t\t\ttarget=\"\">\n\t\t\t<span class=\"sr-only\">\n\t\t\t\tRead more\t\t\t\tabout\t\t\t\tTranspondedor RC &amp; Drone\t\t\t<\/span>\n\t\t<\/a>\n\t\n\t\n\t\t\t<figure class=\"card__image-wrap\">\n\t\t\t<img loading=\"lazy\" decoding=\"async\" width=\"600\" height=\"338\" src=\"https:\/\/mylaps.com\/wp-content\/uploads\/2025\/01\/RC4-Pro-Transponder-16x9-1.png\" class=\"card__image\" alt=\"\" srcset=\"https:\/\/mylaps.com\/wp-content\/uploads\/2025\/01\/RC4-Pro-Transponder-16x9-1.png 600w, https:\/\/mylaps.com\/wp-content\/uploads\/2025\/01\/RC4-Pro-Transponder-16x9-1-300x169.png 300w, https:\/\/mylaps.com\/wp-content\/uploads\/2025\/01\/RC4-Pro-Transponder-16x9-1-400x225.png 400w, https:\/\/mylaps.com\/wp-content\/uploads\/2025\/01\/RC4-Pro-Transponder-16x9-1-178x100.png 178w\" sizes=\"auto, (max-width: 600px) 100vw, 600px\" \/>\t\t<\/figure>\n\t<\/div>\n\n<div\n\tdata-aos=\"fade-up\"data-aos-delay=\"300\"\tclass=\"card card--\">\n\t<div class=\"card__content\">\n\t\t<h3 class=\"card__title\">ProChip FLEX<\/h3>\n\t\t\n\t\t\t\t\t<div class=\"card__labels tag-list\">\n\t\t\t\t\t\t\t\t\t<span class=\"card__label tag\">\n\t\t\t\t\t\tCiclismo\t\t\t\t\t<\/span>\n\t\t\t\t\t\t\t\t\t<span class=\"card__label tag\">\n\t\t\t\t\t\tPatinaje\t\t\t\t\t<\/span>\n\t\t\t\t\t\t\t\t\t<span class=\"card__label tag\">\n\t\t\t\t\t\tEsqu\u00ed\t\t\t\t\t<\/span>\n\t\t\t\t\t\t\t\t\t<span class=\"card__label tag\">\n\t\t\t\t\t\tNataci\u00f3n\t\t\t\t\t<\/span>\n\t\t\t\t\t\t\t\t\t<span class=\"card__label tag\">\n\t\t\t\t\t\tTriatl\u00f3n\t\t\t\t\t<\/span>\n\t\t\t\t\t\t\t<\/div>\n\t\t\n\t\t\t<\/div>\n\n\t\n\t\t\t<p class=\"card__excerpt\">\n\t\t\tEl ProChip es el transpondedor de nueva generaci\u00f3n para deportes activos y compatible con los sistemas de cronometraje MYLAPS. Este transpondedor requiere una suscripci\u00f3n. Consiga ahora su propio transpondedor personal:\t\t<\/p>\n\t\n\t\t\t<a\n\t\t\tclass=\"card__link\"\n\t\t\thref=\"https:\/\/speedhiveshop.mylaps.com\/active-sports.html\"\n\t\t\ttarget=\"\">\n\t\t\t<span class=\"sr-only\">\n\t\t\t\tRead more\t\t\t\tabout\t\t\t\tProChip FLEX\t\t\t<\/span>\n\t\t<\/a>\n\t\n\t\n\t\t\t<figure class=\"card__image-wrap\">\n\t\t\t<img loading=\"lazy\" decoding=\"async\" width=\"600\" height=\"338\" src=\"https:\/\/mylaps.com\/wp-content\/uploads\/2025\/01\/ProChip-FLEX-16x9-1.png\" class=\"card__image\" alt=\"\" srcset=\"https:\/\/mylaps.com\/wp-content\/uploads\/2025\/01\/ProChip-FLEX-16x9-1.png 600w, https:\/\/mylaps.com\/wp-content\/uploads\/2025\/01\/ProChip-FLEX-16x9-1-300x169.png 300w, https:\/\/mylaps.com\/wp-content\/uploads\/2025\/01\/ProChip-FLEX-16x9-1-400x225.png 400w, https:\/\/mylaps.com\/wp-content\/uploads\/2025\/01\/ProChip-FLEX-16x9-1-178x100.png 178w\" sizes=\"auto, (max-width: 600px) 100vw, 600px\" \/>\t\t<\/figure>\n\t<\/div>\n\t\t<\/ul>\n\n\t\t\t<\/div>\n<\/div>\n\n\n<div\n\tclass=\"block content bg--white content--cols-1 bg--blank content--arrange-half\"\n\tstyle=\"--cols: 1\">\n\t<div class=\"container--small\">\n\t\t\t\t\t<div class=\"content__column\">\n\t\t\t\t\t\t\t\t\t<div\n\t\t\t\t\t\tdata-aos=\"fade-up\"\t\t\t\t\t\tclass=\"content__type--text space-content\">\n\t\t\t\t\t\t<h4 style=\"text-align: center;\">\u00bfHa caducado la suscripci\u00f3n de su transpondedor?<\/h4>\n<p style=\"text-align: center;\">Para renovar la suscripci\u00f3n de tu transpondedor, acceda a su cuenta:<\/p>\n<p style=\"text-align: center;\"><a class=\"button--primary\" href=\"https:\/\/account.mylaps.com\">Renovar ahora<\/a><\/p>\n\t\t\t\t\t<\/div>\n\t\t\t\t\t\t\t<\/div>\n\t\t\t<\/div>\n<\/div>\n","protected":false},"excerpt":{"rendered":"<p>Compra y gestiona tu transpondedor MYLAPS Transpondedores para varios deportes Con el transpondedor personal MYLAPS tendr\u00e1s acceso completo a tus resultados para verlos, analizarlos y compartirlos, que podr\u00e1s utilizar en cada carrera o evento donde MYLAPS proporcione el cronometraje. Elija su deporte y transpondedor o visite nuestra tienda online hoy mismo. Transpondedor TR2 Coche Moto Kart MX El TR2 es la nueva generaci\u00f3n de transpondedores por suscripci\u00f3n para deportes de motor que se conecta con Speedhive a trav\u00e9s de Bluetooth. Consigue ahora tu propio transpondedor Bluetooth personal: M\u00e1s informaci\u00f3n Leer m\u00e1s sobre TR2 Transponder RC &#038; Drone transponder RC Drone Los transponders RC4 se pueden utilizar [&#8230;]<\/p>\n","protected":false},"author":2,"featured_media":0,"parent":0,"menu_order":0,"comment_status":"closed","ping_status":"closed","template":"","meta":{"_acf_changed":false,"content-type":"","_trash_the_other_posts":false,"editor_notices":[],"footnotes":""},"class_list":["post-34528","page","type-page","status-publish","hentry"],"acf":[],"yoast_head":"<!-- This site is optimized with the Yoast SEO Premium plugin v27.0 (Yoast SEO v27.0) - https:\/\/yoast.com\/product\/yoast-seo-premium-wordpress\/ -->\n<title>MYLAPS Transponders - Analiza, comparte y compara tus resultados de carrera<\/title>\n<meta name=\"description\" content=\"MYLAPS ofrece transpondedores y chips precisos, fiables y duraderos para diferentes deportes.\" \/>\n<meta name=\"robots\" content=\"index, follow, max-snippet:-1, max-image-preview:large, max-video-preview:-1\" \/>\n<link rel=\"canonical\" href=\"https:\/\/mylaps.com\/es\/transpondedores\/\" \/>\n<meta property=\"og:locale\" content=\"en_US\" \/>\n<meta property=\"og:type\" content=\"article\" \/>\n<meta property=\"og:title\" content=\"Transpondedores\" \/>\n<meta property=\"og:description\" content=\"MYLAPS ofrece transpondedores y chips precisos, fiables y duraderos para diferentes deportes.\" \/>\n<meta property=\"og:url\" content=\"https:\/\/mylaps.com\/es\/transpondedores\/\" \/>\n<meta property=\"og:site_name\" content=\"MYLAPS - Espana\" \/>\n<meta property=\"article:modified_time\" content=\"2025-03-09T10:00:21+00:00\" \/>\n<meta name=\"twitter:card\" content=\"summary_large_image\" \/>\n<meta name=\"twitter:label1\" content=\"Est. reading time\" \/>\n\t<meta name=\"twitter:data1\" content=\"2 minutes\" \/>\n<script type=\"application\/ld+json\" class=\"yoast-schema-graph\">{\"@context\":\"https:\/\/schema.org\",\"@graph\":[{\"@type\":\"WebPage\",\"@id\":\"https:\/\/mylaps.com\/es\/transpondedores\/\",\"url\":\"https:\/\/mylaps.com\/es\/transpondedores\/\",\"name\":\"MYLAPS Transponders - Analiza, comparte y compara tus resultados de carrera\",\"isPartOf\":{\"@id\":\"https:\/\/mylaps.com\/es\/#website\"},\"datePublished\":\"2025-01-20T15:53:12+00:00\",\"dateModified\":\"2025-03-09T10:00:21+00:00\",\"description\":\"MYLAPS ofrece transpondedores y chips precisos, fiables y duraderos para diferentes deportes.\",\"breadcrumb\":{\"@id\":\"https:\/\/mylaps.com\/es\/transpondedores\/#breadcrumb\"},\"inLanguage\":\"en-US\",\"potentialAction\":[{\"@type\":\"ReadAction\",\"target\":[\"https:\/\/mylaps.com\/es\/transpondedores\/\"]}]},{\"@type\":\"BreadcrumbList\",\"@id\":\"https:\/\/mylaps.com\/es\/transpondedores\/#breadcrumb\",\"itemListElement\":[{\"@type\":\"ListItem\",\"position\":1,\"name\":\"Home\",\"item\":\"https:\/\/mylaps.com\/es\/\"},{\"@type\":\"ListItem\",\"position\":2,\"name\":\"Transpondedores\"}]},{\"@type\":\"WebSite\",\"@id\":\"https:\/\/mylaps.com\/es\/#website\",\"url\":\"https:\/\/mylaps.com\/es\/\",\"name\":\"MYLAPS\",\"description\":\"MYLAPS Sports Timing - The Industry&#039;s Most Reliable and Accurate Timing and Data Solutions\",\"potentialAction\":[{\"@type\":\"SearchAction\",\"target\":{\"@type\":\"EntryPoint\",\"urlTemplate\":\"https:\/\/mylaps.com\/es\/?s={search_term_string}\"},\"query-input\":{\"@type\":\"PropertyValueSpecification\",\"valueRequired\":true,\"valueName\":\"search_term_string\"}}],\"inLanguage\":\"en-US\"}]}<\/script>\n<!-- \/ Yoast SEO Premium plugin. -->","yoast_head_json":{"title":"MYLAPS Transponders - Analiza, comparte y compara tus resultados de carrera","description":"MYLAPS ofrece transpondedores y chips precisos, fiables y duraderos para diferentes deportes.","robots":{"index":"index","follow":"follow","max-snippet":"max-snippet:-1","max-image-preview":"max-image-preview:large","max-video-preview":"max-video-preview:-1"},"canonical":"https:\/\/mylaps.com\/es\/transpondedores\/","og_locale":"en_US","og_type":"article","og_title":"Transpondedores","og_description":"MYLAPS ofrece transpondedores y chips precisos, fiables y duraderos para diferentes deportes.","og_url":"https:\/\/mylaps.com\/es\/transpondedores\/","og_site_name":"MYLAPS - Espana","article_modified_time":"2025-03-09T10:00:21+00:00","twitter_card":"summary_large_image","twitter_misc":{"Est. reading time":"2 minutes"},"schema":{"@context":"https:\/\/schema.org","@graph":[{"@type":"WebPage","@id":"https:\/\/mylaps.com\/es\/transpondedores\/","url":"https:\/\/mylaps.com\/es\/transpondedores\/","name":"MYLAPS Transponders - Analiza, comparte y compara tus resultados de carrera","isPartOf":{"@id":"https:\/\/mylaps.com\/es\/#website"},"datePublished":"2025-01-20T15:53:12+00:00","dateModified":"2025-03-09T10:00:21+00:00","description":"MYLAPS ofrece transpondedores y chips precisos, fiables y duraderos para diferentes deportes.","breadcrumb":{"@id":"https:\/\/mylaps.com\/es\/transpondedores\/#breadcrumb"},"inLanguage":"en-US","potentialAction":[{"@type":"ReadAction","target":["https:\/\/mylaps.com\/es\/transpondedores\/"]}]},{"@type":"BreadcrumbList","@id":"https:\/\/mylaps.com\/es\/transpondedores\/#breadcrumb","itemListElement":[{"@type":"ListItem","position":1,"name":"Home","item":"https:\/\/mylaps.com\/es\/"},{"@type":"ListItem","position":2,"name":"Transpondedores"}]},{"@type":"WebSite","@id":"https:\/\/mylaps.com\/es\/#website","url":"https:\/\/mylaps.com\/es\/","name":"MYLAPS","description":"MYLAPS Sports Timing - The Industry&#039;s Most Reliable and Accurate Timing and Data Solutions","potentialAction":[{"@type":"SearchAction","target":{"@type":"EntryPoint","urlTemplate":"https:\/\/mylaps.com\/es\/?s={search_term_string}"},"query-input":{"@type":"PropertyValueSpecification","valueRequired":true,"valueName":"search_term_string"}}],"inLanguage":"en-US"}]}},"_links":{"self":[{"href":"https:\/\/mylaps.com\/es\/wp-json\/wp\/v2\/pages\/34528","targetHints":{"allow":["GET"]}}],"collection":[{"href":"https:\/\/mylaps.com\/es\/wp-json\/wp\/v2\/pages"}],"about":[{"href":"https:\/\/mylaps.com\/es\/wp-json\/wp\/v2\/types\/page"}],"author":[{"embeddable":true,"href":"https:\/\/mylaps.com\/es\/wp-json\/wp\/v2\/users\/2"}],"replies":[{"embeddable":true,"href":"https:\/\/mylaps.com\/es\/wp-json\/wp\/v2\/comments?post=34528"}],"version-history":[{"count":7,"href":"https:\/\/mylaps.com\/es\/wp-json\/wp\/v2\/pages\/34528\/revisions"}],"predecessor-version":[{"id":35008,"href":"https:\/\/mylaps.com\/es\/wp-json\/wp\/v2\/pages\/34528\/revisions\/35008"}],"wp:attachment":[{"href":"https:\/\/mylaps.com\/es\/wp-json\/wp\/v2\/media?parent=34528"}],"curies":[{"name":"wp","href":"https:\/\/api.w.org\/{rel}","templated":true}]}}