{"id":35289,"date":"2025-07-31T13:28:01","date_gmt":"2025-07-31T13:28:01","guid":{"rendered":"https:\/\/mylaps.com\/es\/?page_id=35289"},"modified":"2025-08-01T13:59:54","modified_gmt":"2025-08-01T13:59:54","slug":"privacy","status":"publish","type":"page","link":"https:\/\/mylaps.com\/es\/privacy\/","title":{"rendered":"Privacidad"},"content":{"rendered":"<div\n\tclass=\"block content bg--white content--cols-1 bg--blank content--arrange-half\"\n\tstyle=\"--cols: 1\">\n\t<div class=\"container--small\">\n\t\t\t\t\t<div class=\"content__column\">\n\t\t\t\t\t\t\t<\/div>\n\t\t\t<\/div>\n<\/div>\n\n\n<div\n\tclass=\"block content bg--white content--cols-1 bg--blank content--arrange-half\"\n\tstyle=\"--cols: 1\">\n\t<div class=\"container--small\">\n\t\t\t\t\t<div class=\"content__column\">\n\t\t\t\t\t\t\t\t\t<div\n\t\t\t\t\t\tdata-aos=\"fade-up\"\t\t\t\t\t\tclass=\"content__type--text space-content\">\n\t\t\t\t\t\t<h1>Privacidad<\/h1>\n<ul>\n<li style=\"list-style-type: none\">\n<ul>\n<li><a href=\"https:\/\/mylaps.com\/wp-content\/uploads\/2025\/07\/MYLAPS-Privacy-Policy-ES.pdf\">Pol\u00edtica de privacidad<\/a><\/li>\n<li><a href=\"https:\/\/mylaps.com\/es\/galletas\/\">Pol\u00edtica de cookies<\/a><\/li>\n<li><a href=\"https:\/\/mylaps.com\/wp-content\/uploads\/2025\/07\/MYLAPS-Account-Privacy-Policy-ES.pdf\">P\u00e1gina de cuenta de informaci\u00f3n sobre privacidad<\/a><\/li>\n<li><a href=\"https:\/\/mylaps.com\/wp-content\/uploads\/2025\/07\/Sporthive-Privacy-Policy-ES.pdf\">Informaci\u00f3n sobre privacidad MYLAPS Sporthive<\/a><\/li>\n<li><a href=\"https:\/\/mylaps.com\/wp-content\/uploads\/2025\/07\/Speedhive-Privacy-Policy-ES.pdf\">Informaci\u00f3n sobre privacidad MYLAPS Speedhive<\/a><\/li>\n<li><a href=\"https:\/\/mylaps.com\/wp-content\/uploads\/2025\/07\/Speedhive-Shop-Privacy-Policy-ES.pdf\">Informaci\u00f3n sobre privacidad MYLAPS Speedhive Shop<\/a><\/li>\n<li><a href=\"https:\/\/mylaps.com\/wp-content\/uploads\/2025\/07\/MYLAPS-EventResults-Privacy-Policy-ES.pdf\">Informaci\u00f3n sobre privacidad EventResults<\/a><\/li>\n<li><a href=\"https:\/\/mylaps.com\/wp-content\/uploads\/2025\/07\/MYLAPS-EventKit-Privacy-Policy-ES.pdf\">Informaci\u00f3n sobre privacidad\u00a0EventKit<\/a><\/li>\n<\/ul>\n<\/li>\n<\/ul>\n<p>&nbsp;<\/p>\n\t\t\t\t\t<\/div>\n\t\t\t\t\t\t\t<\/div>\n\t\t\t<\/div>\n<\/div>\n","protected":false},"excerpt":{"rendered":"<p>Pol\u00edtica de privacidad Pol\u00edtica de cookies Informaci\u00f3n de privacidad P\u00e1gina de cuenta Informaci\u00f3n de privacidad MYLAPS Sporthive Informaci\u00f3n de privacidad MYLAPS Speedhive Informaci\u00f3n de privacidad MYLAPS Speedhive Shop Informaci\u00f3n de privacidad EventResults Informaci\u00f3n de privacidad EventKit Informaci\u00f3n de privacidad MYLAPS Event Timing<\/p>\n","protected":false},"author":2,"featured_media":0,"parent":0,"menu_order":0,"comment_status":"closed","ping_status":"closed","template":"","meta":{"_acf_changed":false,"content-type":"","_trash_the_other_posts":false,"editor_notices":[],"footnotes":""},"class_list":["post-35289","page","type-page","status-publish","hentry"],"acf":[],"yoast_head":"<!-- This site is optimized with the Yoast SEO Premium plugin v27.0 (Yoast SEO v27.0) - https:\/\/yoast.com\/product\/yoast-seo-premium-wordpress\/ -->\n<title>Privacidad - MYLAPS - Espana<\/title>\n<meta name=\"description\" content=\"Comprender los t\u00e9rminos y condiciones de MYLAPS, incluida la informaci\u00f3n importante sobre las pol\u00edticas de uso y privacidad.\" \/>\n<meta name=\"robots\" content=\"index, follow, max-snippet:-1, max-image-preview:large, max-video-preview:-1\" \/>\n<link rel=\"canonical\" href=\"https:\/\/mylaps.com\/es\/privacy\/\" \/>\n<meta property=\"og:locale\" content=\"en_US\" \/>\n<meta property=\"og:type\" content=\"article\" \/>\n<meta property=\"og:title\" content=\"Privacidad\" \/>\n<meta property=\"og:description\" content=\"Comprender los t\u00e9rminos y condiciones de MYLAPS, incluida la informaci\u00f3n importante sobre las pol\u00edticas de uso y privacidad.\" \/>\n<meta property=\"og:url\" content=\"https:\/\/mylaps.com\/es\/privacy\/\" \/>\n<meta property=\"og:site_name\" content=\"MYLAPS - Espana\" \/>\n<meta property=\"article:modified_time\" content=\"2025-08-01T13:59:54+00:00\" \/>\n<meta name=\"twitter:card\" content=\"summary_large_image\" \/>\n<meta name=\"twitter:label1\" content=\"Est. reading time\" \/>\n\t<meta name=\"twitter:data1\" content=\"1 minute\" \/>\n<script type=\"application\/ld+json\" class=\"yoast-schema-graph\">{\"@context\":\"https:\/\/schema.org\",\"@graph\":[{\"@type\":\"WebPage\",\"@id\":\"https:\/\/mylaps.com\/es\/privacy\/\",\"url\":\"https:\/\/mylaps.com\/es\/privacy\/\",\"name\":\"Privacidad - MYLAPS - Espana\",\"isPartOf\":{\"@id\":\"https:\/\/mylaps.com\/es\/#website\"},\"datePublished\":\"2025-07-31T13:28:01+00:00\",\"dateModified\":\"2025-08-01T13:59:54+00:00\",\"description\":\"Comprender los t\u00e9rminos y condiciones de MYLAPS, incluida la informaci\u00f3n importante sobre las pol\u00edticas de uso y privacidad.\",\"breadcrumb\":{\"@id\":\"https:\/\/mylaps.com\/es\/privacy\/#breadcrumb\"},\"inLanguage\":\"en-US\",\"potentialAction\":[{\"@type\":\"ReadAction\",\"target\":[\"https:\/\/mylaps.com\/es\/privacy\/\"]}]},{\"@type\":\"BreadcrumbList\",\"@id\":\"https:\/\/mylaps.com\/es\/privacy\/#breadcrumb\",\"itemListElement\":[{\"@type\":\"ListItem\",\"position\":1,\"name\":\"Home\",\"item\":\"https:\/\/mylaps.com\/es\/\"},{\"@type\":\"ListItem\",\"position\":2,\"name\":\"Privacidad\"}]},{\"@type\":\"WebSite\",\"@id\":\"https:\/\/mylaps.com\/es\/#website\",\"url\":\"https:\/\/mylaps.com\/es\/\",\"name\":\"MYLAPS\",\"description\":\"MYLAPS Sports Timing - The Industry&#039;s Most Reliable and Accurate Timing and Data Solutions\",\"potentialAction\":[{\"@type\":\"SearchAction\",\"target\":{\"@type\":\"EntryPoint\",\"urlTemplate\":\"https:\/\/mylaps.com\/es\/?s={search_term_string}\"},\"query-input\":{\"@type\":\"PropertyValueSpecification\",\"valueRequired\":true,\"valueName\":\"search_term_string\"}}],\"inLanguage\":\"en-US\"}]}<\/script>\n<!-- \/ Yoast SEO Premium plugin. -->","yoast_head_json":{"title":"Privacidad - MYLAPS - Espana","description":"Comprender los t\u00e9rminos y condiciones de MYLAPS, incluida la informaci\u00f3n importante sobre las pol\u00edticas de uso y privacidad.","robots":{"index":"index","follow":"follow","max-snippet":"max-snippet:-1","max-image-preview":"max-image-preview:large","max-video-preview":"max-video-preview:-1"},"canonical":"https:\/\/mylaps.com\/es\/privacy\/","og_locale":"en_US","og_type":"article","og_title":"Privacidad","og_description":"Comprender los t\u00e9rminos y condiciones de MYLAPS, incluida la informaci\u00f3n importante sobre las pol\u00edticas de uso y privacidad.","og_url":"https:\/\/mylaps.com\/es\/privacy\/","og_site_name":"MYLAPS - Espana","article_modified_time":"2025-08-01T13:59:54+00:00","twitter_card":"summary_large_image","twitter_misc":{"Est. reading time":"1 minute"},"schema":{"@context":"https:\/\/schema.org","@graph":[{"@type":"WebPage","@id":"https:\/\/mylaps.com\/es\/privacy\/","url":"https:\/\/mylaps.com\/es\/privacy\/","name":"Privacidad - MYLAPS - Espana","isPartOf":{"@id":"https:\/\/mylaps.com\/es\/#website"},"datePublished":"2025-07-31T13:28:01+00:00","dateModified":"2025-08-01T13:59:54+00:00","description":"Comprender los t\u00e9rminos y condiciones de MYLAPS, incluida la informaci\u00f3n importante sobre las pol\u00edticas de uso y privacidad.","breadcrumb":{"@id":"https:\/\/mylaps.com\/es\/privacy\/#breadcrumb"},"inLanguage":"en-US","potentialAction":[{"@type":"ReadAction","target":["https:\/\/mylaps.com\/es\/privacy\/"]}]},{"@type":"BreadcrumbList","@id":"https:\/\/mylaps.com\/es\/privacy\/#breadcrumb","itemListElement":[{"@type":"ListItem","position":1,"name":"Home","item":"https:\/\/mylaps.com\/es\/"},{"@type":"ListItem","position":2,"name":"Privacidad"}]},{"@type":"WebSite","@id":"https:\/\/mylaps.com\/es\/#website","url":"https:\/\/mylaps.com\/es\/","name":"MYLAPS","description":"MYLAPS Sports Timing - The Industry&#039;s Most Reliable and Accurate Timing and Data Solutions","potentialAction":[{"@type":"SearchAction","target":{"@type":"EntryPoint","urlTemplate":"https:\/\/mylaps.com\/es\/?s={search_term_string}"},"query-input":{"@type":"PropertyValueSpecification","valueRequired":true,"valueName":"search_term_string"}}],"inLanguage":"en-US"}]}},"_links":{"self":[{"href":"https:\/\/mylaps.com\/es\/wp-json\/wp\/v2\/pages\/35289","targetHints":{"allow":["GET"]}}],"collection":[{"href":"https:\/\/mylaps.com\/es\/wp-json\/wp\/v2\/pages"}],"about":[{"href":"https:\/\/mylaps.com\/es\/wp-json\/wp\/v2\/types\/page"}],"author":[{"embeddable":true,"href":"https:\/\/mylaps.com\/es\/wp-json\/wp\/v2\/users\/2"}],"replies":[{"embeddable":true,"href":"https:\/\/mylaps.com\/es\/wp-json\/wp\/v2\/comments?post=35289"}],"version-history":[{"count":5,"href":"https:\/\/mylaps.com\/es\/wp-json\/wp\/v2\/pages\/35289\/revisions"}],"predecessor-version":[{"id":37372,"href":"https:\/\/mylaps.com\/es\/wp-json\/wp\/v2\/pages\/35289\/revisions\/37372"}],"wp:attachment":[{"href":"https:\/\/mylaps.com\/es\/wp-json\/wp\/v2\/media?parent=35289"}],"curies":[{"name":"wp","href":"https:\/\/api.w.org\/{rel}","templated":true}]}}