{"id":359,"date":"2024-12-10T22:29:36","date_gmt":"2024-12-10T22:29:36","guid":{"rendered":"https:\/\/mylaps.com\/?page_id=359"},"modified":"2026-03-18T13:10:28","modified_gmt":"2026-03-18T13:10:28","slug":"contactenos","status":"publish","type":"page","link":"https:\/\/mylaps.com\/es\/sobre-nosotros\/contactenos\/","title":{"rendered":"Cont\u00e1ctenos"},"content":{"rendered":"\n\n<div class=\"block related-posts bg--white\">\n\t<div class=\"container\">\n\t\t\n\t\t<ul\n\t\t\tclass=\"related-posts__cards\"\n\t\t\tstyle=\"--cols: 2\">\n\t\t\t\n<div\n\tdata-aos=\"fade-up\"data-aos-delay=\"100\"\tclass=\"card--product-card card--dark\">\n\t<div class=\"card--product-card__content\">\n\t\t<h3 class=\"card--product-card__title\">\u00bfEn qu\u00e9 necesita ayuda?<\/h3>\n\t\t\n\t\t\t\t\t<div class=\"card--product-card__labels tag-list\">\n\t\t\t\t\t\t\t\t\t<span class=\"card__label tag\">\n\t\t\t\t\t\tTransponder management\t\t\t\t\t<\/span>\n\t\t\t\t\t\t\t\t\t<span class=\"card__label tag\">\n\t\t\t\t\t\tSubscription renewals\t\t\t\t\t<\/span>\n\t\t\t\t\t\t\t\t\t<span class=\"card__label tag\">\n\t\t\t\t\t\tSoftware downloads\t\t\t\t\t<\/span>\n\t\t\t\t\t\t\t<\/div>\n\t\t\n\t\t\t\t\t<div class=\"card--product-card__excerpt\">\n\t\t\t\tVaya a la Ayuda de MYLAPS para ponerse en contacto con nuestro equipo de asistencia y encontrar manuales de productos, software para descargar y preguntas frecuentes.\t\t\t<\/div>\n\n\t\t\t\t\t\t\t<span class=\"card--product-card__link-text button--text\">\n\t\t\t\t\t<span>\n\t\t\t\t\t\tLearn more\t\t\t\t\t<\/span>\n\t\t\t\t\t<?xml version=\"1.0\" encoding=\"UTF-8\"?> <svg xmlns=\"http:\/\/www.w3.org\/2000\/svg\" aria-hidden=\"true\" width=\"20\" height=\"20\" viewBox=\"0 0 20 20\" fill=\"none\"><path d=\"M17.2554 10.7143H0V9.28571H17.2554L8.98071 1.01107L10 0L20 10L10 20L8.98071 18.9889L17.2554 10.7143Z\" style=\"fill: var(--icon-color, #697073);\"><\/path><\/svg> \t\t\t\t<\/span>\n\t\t\t\t\t\t<\/div>\n\n\t\n\t\n\t\t\t<a\n\t\t\tclass=\"card--product-card__link\"\n\t\t\thref=\"https:\/\/help.mylaps.com\/\"\n\t\t\ttarget=\"_blank\">\n\t\t\t<span class=\"sr-only\">\n\t\t\t\tRead more\t\t\t\tabout\t\t\t\t\u00bfEn qu\u00e9 necesita ayuda?\t\t\t<\/span>\n\t\t<\/a>\n\t\n\t\n\t\t\t<figure class=\"card--product-card__image-wrap\">\n\t\t\t<img loading=\"lazy\" decoding=\"async\" width=\"800\" height=\"451\" src=\"https:\/\/mylaps.com\/wp-content\/uploads\/2025\/01\/Support-contact-page16x916x916x9.png\" class=\"card__image\" alt=\"\" srcset=\"https:\/\/mylaps.com\/wp-content\/uploads\/2025\/01\/Support-contact-page16x916x916x9.png 800w, https:\/\/mylaps.com\/wp-content\/uploads\/2025\/01\/Support-contact-page16x916x916x9-300x169.png 300w, https:\/\/mylaps.com\/wp-content\/uploads\/2025\/01\/Support-contact-page16x916x916x9-768x433.png 768w, https:\/\/mylaps.com\/wp-content\/uploads\/2025\/01\/Support-contact-page16x916x916x9-750x423.png 750w, https:\/\/mylaps.com\/wp-content\/uploads\/2025\/01\/Support-contact-page16x916x916x9-400x226.png 400w, https:\/\/mylaps.com\/wp-content\/uploads\/2025\/01\/Support-contact-page16x916x916x9-177x100.png 177w\" sizes=\"auto, (max-width: 800px) 100vw, 800px\" \/>\t\t<\/figure>\n\t<\/div>\n\t\t<\/ul>\n\n\t\t\t<\/div>\n<\/div>\n\n\n<div\n\tclass=\"block content bg--white content--align-content-vertically content--cols-1 bg--blank content--arrange-half\"\n\tstyle=\"--cols: 1\">\n\t<div class=\"container--small\">\n\t\t\t\t\t<div class=\"content__column\">\n\t\t\t\t\t\t\t\t\t<div\n\t\t\t\t\t\t\t\t\t\t\t\tclass=\"content__type--image space-content\">\n\t\t\t\t\t\t\t\t\t\t\t\t\t\t<figure class=\"content__figure\">\n\t\t\t\t\t\t\t\t\t<img loading=\"lazy\" decoding=\"async\" width=\"750\" height=\"558\" src=\"https:\/\/mylaps.com\/wp-content\/uploads\/2024\/01\/Group-picture-Americas-Active-Conference-2024-1-2-750x558.jpeg\" class=\"content__image\" alt=\"\" srcset=\"https:\/\/mylaps.com\/wp-content\/uploads\/2024\/01\/Group-picture-Americas-Active-Conference-2024-1-2-750x558.jpeg 750w, https:\/\/mylaps.com\/wp-content\/uploads\/2024\/01\/Group-picture-Americas-Active-Conference-2024-1-2-300x223.jpeg 300w, https:\/\/mylaps.com\/wp-content\/uploads\/2024\/01\/Group-picture-Americas-Active-Conference-2024-1-2-1024x763.jpeg 1024w, https:\/\/mylaps.com\/wp-content\/uploads\/2024\/01\/Group-picture-Americas-Active-Conference-2024-1-2-768x572.jpeg 768w, https:\/\/mylaps.com\/wp-content\/uploads\/2024\/01\/Group-picture-Americas-Active-Conference-2024-1-2-1536x1144.jpeg 1536w, https:\/\/mylaps.com\/wp-content\/uploads\/2024\/01\/Group-picture-Americas-Active-Conference-2024-1-2-400x298.jpeg 400w, https:\/\/mylaps.com\/wp-content\/uploads\/2024\/01\/Group-picture-Americas-Active-Conference-2024-1-2-134x100.jpeg 134w, https:\/\/mylaps.com\/wp-content\/uploads\/2024\/01\/Group-picture-Americas-Active-Conference-2024-1-2.jpeg 1966w\" sizes=\"auto, (max-width: 750px) 100vw, 750px\" \/>\t\t\t\t\t\t\t\t<\/figure>\n\t\t\t\t\t\t\t\t\t\t\t\t\t<\/div>\n\t\t\t\t\t\t\t\t\t<div\n\t\t\t\t\t\tdata-aos=\"fade-up\"\t\t\t\t\t\tclass=\"content__type--text space-content\">\n\t\t\t\t\t\t<p class=\"label\">P\u00f3ngase en contacto con nosotros<\/p>\n<h2>\u00bfEst\u00e1s interesado en nuestras Soluciones de Cronometraje?<\/h2>\n<p>Nos encantar\u00eda conocer su opini\u00f3n. Comparta su pregunta y analizaremos las opciones en una conversaci\u00f3n personalizada.<\/p>\n\t\t\t\t\t<\/div>\n\t\t\t\t\t\t\t<\/div>\n\t\t\t<\/div>\n<\/div>\n\n\n\n<div class=\"wp-block-leadin-hubspot-form-block\">\n\t\t\t\t\t\t<script>\n\t\t\t\t\t\t\twindow.hsFormsOnReady = window.hsFormsOnReady || [];\n\t\t\t\t\t\t\twindow.hsFormsOnReady.push(()=>{\n\t\t\t\t\t\t\t\thbspt.forms.create({\n\t\t\t\t\t\t\t\t\tportalId: 14516136,\n\t\t\t\t\t\t\t\t\tformId: \"713deba7-2012-4468-a59f-4d4dfa876211\",\n\t\t\t\t\t\t\t\t\ttarget: \"#hbspt-form-1776731090000-3369291816\",\n\t\t\t\t\t\t\t\t\tregion: \"na1\",\n\t\t\t\t\t\t\t\t\t\n\t\t\t\t\t\t\t})});\n\t\t\t\t\t\t<\/script>\n\t\t\t\t\t\t<div class=\"hbspt-form\" id=\"hbspt-form-1776731090000-3369291816\"><\/div><\/div>\n","protected":false},"excerpt":{"rendered":"<p>\u00bfCon qu\u00e9 necesita ayuda? Asistencia Gesti\u00f3n de transpondedores Renovaci\u00f3n de suscripciones Descargas de software Vaya a Ayuda MYLAPS para ponerse en contacto con nuestro equipo de asistencia y encontrar manuales de productos, software para descargar y preguntas frecuentes. M\u00e1s informaci\u00f3n Leer m\u00e1s sobre \u00bfCon qu\u00e9 necesita ayuda? P\u00f3ngase en contacto \u00bfEst\u00e1 interesado en nuestras soluciones de cronometraje? Nos encantar\u00eda conocer su opini\u00f3n. Comparta su pregunta y analizaremos las opciones en una conversaci\u00f3n personalizada.<\/p>\n","protected":false},"author":2,"featured_media":30990,"parent":159,"menu_order":0,"comment_status":"closed","ping_status":"closed","template":"","meta":{"_acf_changed":false,"content-type":"","_trash_the_other_posts":false,"editor_notices":[],"footnotes":""},"class_list":["post-359","page","type-page","status-publish","has-post-thumbnail","hentry"],"acf":[],"yoast_head":"<!-- This site is optimized with the Yoast SEO Premium plugin v27.0 (Yoast SEO v27.0) - https:\/\/yoast.com\/product\/yoast-seo-premium-wordpress\/ -->\n<title>Cont\u00e1ctenos - MYLAPS - Espana<\/title>\n<meta name=\"robots\" content=\"index, follow, max-snippet:-1, max-image-preview:large, max-video-preview:-1\" \/>\n<link rel=\"canonical\" href=\"https:\/\/mylaps.com\/es\/sobre-nosotros\/contactenos\/\" \/>\n<meta property=\"og:locale\" content=\"en_US\" \/>\n<meta property=\"og:type\" content=\"article\" \/>\n<meta property=\"og:title\" content=\"Cont\u00e1ctenos\" \/>\n<meta property=\"og:description\" content=\"\u00bfCon qu\u00e9 necesita ayuda? Asistencia Gesti\u00f3n de transpondedores Renovaci\u00f3n de suscripciones Descargas de software Vaya a Ayuda MYLAPS para ponerse en contacto con nuestro equipo de asistencia y encontrar manuales de productos, software para descargar y preguntas frecuentes. M\u00e1s informaci\u00f3n Leer m\u00e1s sobre \u00bfCon qu\u00e9 necesita ayuda? P\u00f3ngase en contacto \u00bfEst\u00e1 interesado en nuestras soluciones de cronometraje? Nos encantar\u00eda conocer su opini\u00f3n. Comparta su pregunta y analizaremos las opciones en una conversaci\u00f3n personalizada.\" \/>\n<meta property=\"og:url\" content=\"https:\/\/mylaps.com\/es\/sobre-nosotros\/contactenos\/\" \/>\n<meta property=\"og:site_name\" content=\"MYLAPS - Espana\" \/>\n<meta property=\"article:modified_time\" content=\"2026-03-18T13:10:28+00:00\" \/>\n<meta property=\"og:image\" content=\"https:\/\/mylaps.com\/wp-content\/uploads\/2024\/01\/Group-picture-Americas-Active-Conference-2024-1-2.jpeg\" \/>\n\t<meta property=\"og:image:width\" content=\"1966\" \/>\n\t<meta property=\"og:image:height\" content=\"1464\" \/>\n\t<meta property=\"og:image:type\" content=\"image\/jpeg\" \/>\n<meta name=\"twitter:card\" content=\"summary_large_image\" \/>\n<meta name=\"twitter:label1\" content=\"Est. reading time\" \/>\n\t<meta name=\"twitter:data1\" content=\"1 minute\" \/>\n<script type=\"application\/ld+json\" class=\"yoast-schema-graph\">{\"@context\":\"https:\/\/schema.org\",\"@graph\":[{\"@type\":\"WebPage\",\"@id\":\"https:\/\/mylaps.com\/es\/sobre-nosotros\/contactenos\/\",\"url\":\"https:\/\/mylaps.com\/es\/sobre-nosotros\/contactenos\/\",\"name\":\"Cont\u00e1ctenos - MYLAPS - Espana\",\"isPartOf\":{\"@id\":\"https:\/\/mylaps.com\/es\/#website\"},\"primaryImageOfPage\":{\"@id\":\"https:\/\/mylaps.com\/es\/sobre-nosotros\/contactenos\/#primaryimage\"},\"image\":{\"@id\":\"https:\/\/mylaps.com\/es\/sobre-nosotros\/contactenos\/#primaryimage\"},\"thumbnailUrl\":\"https:\/\/mylaps.com\/wp-content\/uploads\/2024\/01\/Group-picture-Americas-Active-Conference-2024-1-2.jpeg\",\"datePublished\":\"2024-12-10T22:29:36+00:00\",\"dateModified\":\"2026-03-18T13:10:28+00:00\",\"breadcrumb\":{\"@id\":\"https:\/\/mylaps.com\/es\/sobre-nosotros\/contactenos\/#breadcrumb\"},\"inLanguage\":\"en-US\",\"potentialAction\":[{\"@type\":\"ReadAction\",\"target\":[\"https:\/\/mylaps.com\/es\/sobre-nosotros\/contactenos\/\"]}]},{\"@type\":\"ImageObject\",\"inLanguage\":\"en-US\",\"@id\":\"https:\/\/mylaps.com\/es\/sobre-nosotros\/contactenos\/#primaryimage\",\"url\":\"https:\/\/mylaps.com\/wp-content\/uploads\/2024\/01\/Group-picture-Americas-Active-Conference-2024-1-2.jpeg\",\"contentUrl\":\"https:\/\/mylaps.com\/wp-content\/uploads\/2024\/01\/Group-picture-Americas-Active-Conference-2024-1-2.jpeg\",\"width\":1966,\"height\":1464},{\"@type\":\"BreadcrumbList\",\"@id\":\"https:\/\/mylaps.com\/es\/sobre-nosotros\/contactenos\/#breadcrumb\",\"itemListElement\":[{\"@type\":\"ListItem\",\"position\":1,\"name\":\"Home\",\"item\":\"https:\/\/mylaps.com\/es\/\"},{\"@type\":\"ListItem\",\"position\":2,\"name\":\"Sobre nosotros\",\"item\":\"https:\/\/mylaps.com\/es\/sobre-nosotros\/\"},{\"@type\":\"ListItem\",\"position\":3,\"name\":\"Cont\u00e1ctenos\"}]},{\"@type\":\"WebSite\",\"@id\":\"https:\/\/mylaps.com\/es\/#website\",\"url\":\"https:\/\/mylaps.com\/es\/\",\"name\":\"MYLAPS\",\"description\":\"MYLAPS Sports Timing - The Industry&#039;s Most Reliable and Accurate Timing and Data Solutions\",\"potentialAction\":[{\"@type\":\"SearchAction\",\"target\":{\"@type\":\"EntryPoint\",\"urlTemplate\":\"https:\/\/mylaps.com\/es\/?s={search_term_string}\"},\"query-input\":{\"@type\":\"PropertyValueSpecification\",\"valueRequired\":true,\"valueName\":\"search_term_string\"}}],\"inLanguage\":\"en-US\"}]}<\/script>\n<!-- \/ Yoast SEO Premium plugin. -->","yoast_head_json":{"title":"Cont\u00e1ctenos - MYLAPS - Espana","robots":{"index":"index","follow":"follow","max-snippet":"max-snippet:-1","max-image-preview":"max-image-preview:large","max-video-preview":"max-video-preview:-1"},"canonical":"https:\/\/mylaps.com\/es\/sobre-nosotros\/contactenos\/","og_locale":"en_US","og_type":"article","og_title":"Cont\u00e1ctenos","og_description":"\u00bfCon qu\u00e9 necesita ayuda? Asistencia Gesti\u00f3n de transpondedores Renovaci\u00f3n de suscripciones Descargas de software Vaya a Ayuda MYLAPS para ponerse en contacto con nuestro equipo de asistencia y encontrar manuales de productos, software para descargar y preguntas frecuentes. M\u00e1s informaci\u00f3n Leer m\u00e1s sobre \u00bfCon qu\u00e9 necesita ayuda? P\u00f3ngase en contacto \u00bfEst\u00e1 interesado en nuestras soluciones de cronometraje? Nos encantar\u00eda conocer su opini\u00f3n. Comparta su pregunta y analizaremos las opciones en una conversaci\u00f3n personalizada.","og_url":"https:\/\/mylaps.com\/es\/sobre-nosotros\/contactenos\/","og_site_name":"MYLAPS - Espana","article_modified_time":"2026-03-18T13:10:28+00:00","og_image":[{"width":1966,"height":1464,"url":"https:\/\/mylaps.com\/wp-content\/uploads\/2024\/01\/Group-picture-Americas-Active-Conference-2024-1-2.jpeg","type":"image\/jpeg"}],"twitter_card":"summary_large_image","twitter_misc":{"Est. reading time":"1 minute"},"schema":{"@context":"https:\/\/schema.org","@graph":[{"@type":"WebPage","@id":"https:\/\/mylaps.com\/es\/sobre-nosotros\/contactenos\/","url":"https:\/\/mylaps.com\/es\/sobre-nosotros\/contactenos\/","name":"Cont\u00e1ctenos - MYLAPS - Espana","isPartOf":{"@id":"https:\/\/mylaps.com\/es\/#website"},"primaryImageOfPage":{"@id":"https:\/\/mylaps.com\/es\/sobre-nosotros\/contactenos\/#primaryimage"},"image":{"@id":"https:\/\/mylaps.com\/es\/sobre-nosotros\/contactenos\/#primaryimage"},"thumbnailUrl":"https:\/\/mylaps.com\/wp-content\/uploads\/2024\/01\/Group-picture-Americas-Active-Conference-2024-1-2.jpeg","datePublished":"2024-12-10T22:29:36+00:00","dateModified":"2026-03-18T13:10:28+00:00","breadcrumb":{"@id":"https:\/\/mylaps.com\/es\/sobre-nosotros\/contactenos\/#breadcrumb"},"inLanguage":"en-US","potentialAction":[{"@type":"ReadAction","target":["https:\/\/mylaps.com\/es\/sobre-nosotros\/contactenos\/"]}]},{"@type":"ImageObject","inLanguage":"en-US","@id":"https:\/\/mylaps.com\/es\/sobre-nosotros\/contactenos\/#primaryimage","url":"https:\/\/mylaps.com\/wp-content\/uploads\/2024\/01\/Group-picture-Americas-Active-Conference-2024-1-2.jpeg","contentUrl":"https:\/\/mylaps.com\/wp-content\/uploads\/2024\/01\/Group-picture-Americas-Active-Conference-2024-1-2.jpeg","width":1966,"height":1464},{"@type":"BreadcrumbList","@id":"https:\/\/mylaps.com\/es\/sobre-nosotros\/contactenos\/#breadcrumb","itemListElement":[{"@type":"ListItem","position":1,"name":"Home","item":"https:\/\/mylaps.com\/es\/"},{"@type":"ListItem","position":2,"name":"Sobre nosotros","item":"https:\/\/mylaps.com\/es\/sobre-nosotros\/"},{"@type":"ListItem","position":3,"name":"Cont\u00e1ctenos"}]},{"@type":"WebSite","@id":"https:\/\/mylaps.com\/es\/#website","url":"https:\/\/mylaps.com\/es\/","name":"MYLAPS","description":"MYLAPS Sports Timing - The Industry&#039;s Most Reliable and Accurate Timing and Data Solutions","potentialAction":[{"@type":"SearchAction","target":{"@type":"EntryPoint","urlTemplate":"https:\/\/mylaps.com\/es\/?s={search_term_string}"},"query-input":{"@type":"PropertyValueSpecification","valueRequired":true,"valueName":"search_term_string"}}],"inLanguage":"en-US"}]}},"_links":{"self":[{"href":"https:\/\/mylaps.com\/es\/wp-json\/wp\/v2\/pages\/359","targetHints":{"allow":["GET"]}}],"collection":[{"href":"https:\/\/mylaps.com\/es\/wp-json\/wp\/v2\/pages"}],"about":[{"href":"https:\/\/mylaps.com\/es\/wp-json\/wp\/v2\/types\/page"}],"author":[{"embeddable":true,"href":"https:\/\/mylaps.com\/es\/wp-json\/wp\/v2\/users\/2"}],"replies":[{"embeddable":true,"href":"https:\/\/mylaps.com\/es\/wp-json\/wp\/v2\/comments?post=359"}],"version-history":[{"count":10,"href":"https:\/\/mylaps.com\/es\/wp-json\/wp\/v2\/pages\/359\/revisions"}],"predecessor-version":[{"id":41558,"href":"https:\/\/mylaps.com\/es\/wp-json\/wp\/v2\/pages\/359\/revisions\/41558"}],"up":[{"embeddable":true,"href":"https:\/\/mylaps.com\/es\/wp-json\/wp\/v2\/pages\/159"}],"wp:featuredmedia":[{"embeddable":true,"href":"https:\/\/mylaps.com\/es\/wp-json\/wp\/v2\/media\/30990"}],"wp:attachment":[{"href":"https:\/\/mylaps.com\/es\/wp-json\/wp\/v2\/media?parent=359"}],"curies":[{"name":"wp","href":"https:\/\/api.w.org\/{rel}","templated":true}]}}