{"id":828,"date":"2025-01-15T10:31:47","date_gmt":"2025-01-15T10:31:47","guid":{"rendered":"https:\/\/mylaps.com\/?page_id=828"},"modified":"2026-03-25T09:03:51","modified_gmt":"2026-03-25T09:03:51","slug":"medio-ambiente","status":"publish","type":"page","link":"https:\/\/mylaps.com\/es\/sobre-nosotros\/responsabilidad\/medio-ambiente\/","title":{"rendered":"Medio ambiente"},"content":{"rendered":"<div class=\"block hero hero--background-img hero--content-lb\">\n\t<img loading=\"lazy\" decoding=\"async\" width=\"2000\" height=\"1125\" src=\"https:\/\/mylaps.com\/wp-content\/uploads\/2024\/12\/JMA4518-1.jpg\" class=\"hero__background\" alt=\"\" srcset=\"https:\/\/mylaps.com\/wp-content\/uploads\/2024\/12\/JMA4518-1.jpg 2000w, https:\/\/mylaps.com\/wp-content\/uploads\/2024\/12\/JMA4518-1-300x169.jpg 300w, https:\/\/mylaps.com\/wp-content\/uploads\/2024\/12\/JMA4518-1-768x432.jpg 768w, https:\/\/mylaps.com\/wp-content\/uploads\/2024\/12\/JMA4518-1-1024x576.jpg 1024w, https:\/\/mylaps.com\/wp-content\/uploads\/2024\/12\/JMA4518-1-1536x864.jpg 1536w, https:\/\/mylaps.com\/wp-content\/uploads\/2024\/12\/JMA4518-1-750x422.jpg 750w, https:\/\/mylaps.com\/wp-content\/uploads\/2024\/12\/JMA4518-1-400x225.jpg 400w, https:\/\/mylaps.com\/wp-content\/uploads\/2024\/12\/JMA4518-1-178x100.jpg 178w\" sizes=\"auto, (max-width: 2000px) 100vw, 2000px\" \/>\n\t<div class=\"container\">\n\t\t<div class=\"hero__content space-content\">\n\t\t\t\t\t\t\t<h1>\n\t\t\t\t\tMedio ambiente\t\t\t\t<\/h1>\n\t\t\t\n\t\t\t<p>Intentamos minimizar nuestro impacto en el medio ambiente. Nuestros productos son extremadamente duraderos. A lo largo de los a\u00f1os hemos introducido muchas innovaciones centradas en la sostenibilidad.<\/p>\n\t\t<\/div>\n\t<\/div>\n<\/div>\n\n\n<div\n\tclass=\"block content bg--white content--flip-columns-on-mobile content--align-content-vertically content--cols-2 bg--blank content--arrange-half\"\n\tstyle=\"--cols: 2\">\n\t<div class=\"container\">\n\t\t\t\t\t<div class=\"content__column\">\n\t\t\t\t\t\t\t\t\t<div\n\t\t\t\t\t\tdata-aos=\"fade-up\"\t\t\t\t\t\tclass=\"content__type--text space-content\">\n\t\t\t\t\t\t<h2>Durabilidad<\/h2>\n<p>Los productos MYLAPS est\u00e1n hechos para durar.<\/p>\n<p>La durabilidad es clave en el desarrollo de nuestros productos. Nuestros productos pueden utilizarse durante muchos a\u00f1os en cualquier circunstancia meteorol\u00f3gica.<\/p>\n<p>Aunque, \u00a1incluso a nosotros nos sorprende encontrar productos MYLAPS todav\u00eda en uso despu\u00e9s de m\u00e1s de dos d\u00e9cadas!<\/p>\n\t\t\t\t\t<\/div>\n\t\t\t\t\t\t\t<\/div>\n\t\t\t\t\t<div class=\"content__column\">\n\t\t\t\t\t\t\t\t\t<div\n\t\t\t\t\t\t\t\t\t\t\t\tclass=\"content__type--image space-content\">\n\t\t\t\t\t\t\t\t\t\t\t\t\t\t<figure class=\"content__figure\">\n\t\t\t\t\t\t\t\t\t<img loading=\"lazy\" decoding=\"async\" width=\"750\" height=\"500\" src=\"https:\/\/mylaps.com\/wp-content\/uploads\/2024\/12\/AU2I2566-750x500.jpg\" class=\"content__image\" alt=\"\" srcset=\"https:\/\/mylaps.com\/wp-content\/uploads\/2024\/12\/AU2I2566-750x500.jpg 750w, https:\/\/mylaps.com\/wp-content\/uploads\/2024\/12\/AU2I2566-300x200.jpg 300w, https:\/\/mylaps.com\/wp-content\/uploads\/2024\/12\/AU2I2566-768x512.jpg 768w, https:\/\/mylaps.com\/wp-content\/uploads\/2024\/12\/AU2I2566-1024x683.jpg 1024w, https:\/\/mylaps.com\/wp-content\/uploads\/2024\/12\/AU2I2566-400x267.jpg 400w, https:\/\/mylaps.com\/wp-content\/uploads\/2024\/12\/AU2I2566-150x100.jpg 150w, https:\/\/mylaps.com\/wp-content\/uploads\/2024\/12\/AU2I2566.jpg 1200w\" sizes=\"auto, (max-width: 750px) 100vw, 750px\" \/>\t\t\t\t\t\t\t\t<\/figure>\n\t\t\t\t\t\t\t\t\t\t\t\t\t<\/div>\n\t\t\t\t\t\t\t<\/div>\n\t\t\t<\/div>\n<\/div>\n\n\n<div\n\tclass=\"block content bg--white content--align-content-vertically content--cols-2 bg--blank content--arrange-half\"\n\tstyle=\"--cols: 2\">\n\t<div class=\"container\">\n\t\t\t\t\t<div class=\"content__column\">\n\t\t\t\t\t\t\t\t\t<div\n\t\t\t\t\t\t\t\t\t\t\t\tclass=\"content__type--image space-content\">\n\t\t\t\t\t\t\t\t\t\t\t\t\t\t<figure class=\"content__figure\">\n\t\t\t\t\t\t\t\t\t<img loading=\"lazy\" decoding=\"async\" width=\"750\" height=\"600\" src=\"https:\/\/mylaps.com\/wp-content\/uploads\/2024\/12\/responsibility-5-scaled-1-750x600.jpg\" class=\"content__image\" alt=\"\" srcset=\"https:\/\/mylaps.com\/wp-content\/uploads\/2024\/12\/responsibility-5-scaled-1-750x600.jpg 750w, https:\/\/mylaps.com\/wp-content\/uploads\/2024\/12\/responsibility-5-scaled-1-300x240.jpg 300w, https:\/\/mylaps.com\/wp-content\/uploads\/2024\/12\/responsibility-5-scaled-1-768x614.jpg 768w, https:\/\/mylaps.com\/wp-content\/uploads\/2024\/12\/responsibility-5-scaled-1-1024x819.jpg 1024w, https:\/\/mylaps.com\/wp-content\/uploads\/2024\/12\/responsibility-5-scaled-1-1536x1229.jpg 1536w, https:\/\/mylaps.com\/wp-content\/uploads\/2024\/12\/responsibility-5-scaled-1-2048x1638.jpg 2048w, https:\/\/mylaps.com\/wp-content\/uploads\/2024\/12\/responsibility-5-scaled-1-2000x1600.jpg 2000w, https:\/\/mylaps.com\/wp-content\/uploads\/2024\/12\/responsibility-5-scaled-1-400x320.jpg 400w, https:\/\/mylaps.com\/wp-content\/uploads\/2024\/12\/responsibility-5-scaled-1-125x100.jpg 125w\" sizes=\"auto, (max-width: 750px) 100vw, 750px\" \/>\t\t\t\t\t\t\t\t<\/figure>\n\t\t\t\t\t\t\t\t\t\t\t\t\t<\/div>\n\t\t\t\t\t\t\t<\/div>\n\t\t\t\t\t<div class=\"content__column\">\n\t\t\t\t\t\t\t\t\t<div\n\t\t\t\t\t\tdata-aos=\"fade-up\"\t\t\t\t\t\tclass=\"content__type--text space-content\">\n\t\t\t\t\t\t<h2>Innovaci\u00f3n de productos<\/h2>\n<p>Nuestros productos activos y para deportes de motor se desarrollan para tener un impacto m\u00ednimo en el medio ambiente. Muchos productos pueden reutilizarse a\u00f1o tras a\u00f1o, lo que minimiza los residuos. Ya sea una alfombrilla de detecci\u00f3n, un ProChip o un transpondedor para deportes de motor: nuestros productos son extremadamente duraderos.<\/p>\n<p>Para nuestros productos desechables trabajamos con materiales degradables.<\/p>\n<p>Desde el briefing hasta la producci\u00f3n en serie, en cada paso del proceso de producci\u00f3n nuestro personal tiene en cuenta el impacto en el medio ambiente.<\/p>\n\t\t\t\t\t<\/div>\n\t\t\t\t\t\t\t<\/div>\n\t\t\t<\/div>\n<\/div>\n\n\n<div\n\tclass=\"block content bg--white content--cols-1 bg--blank content--arrange-half\"\n\tstyle=\"--cols: 1\">\n\t<div class=\"container--small\">\n\t\t\t\t\t<div class=\"content__column\">\n\t\t\t\t\t\t\t\t\t<div\n\t\t\t\t\t\tdata-aos=\"fade-up\"\t\t\t\t\t\tclass=\"content__type--text space-content\">\n\t\t\t\t\t\t<h2 style='text-align: center'>Innovaciones para minimizar el impacto medioambiental<\/h2>\n\t\t\t\t\t<\/div>\n\t\t\t\t\t\t\t<\/div>\n\t\t\t<\/div>\n<\/div>\n\n\n<div\n\tclass=\"block content bg--white content--cols-3 bg--blank content--arrange-half\"\n\tstyle=\"--cols: 3\">\n\t<div class=\"container\">\n\t\t\t\t\t<div class=\"content__column\">\n\t\t\t\t\t\t\t\t\t<div\n\t\t\t\t\t\tdata-aos=\"fade-up\"\t\t\t\t\t\tclass=\"content__type--text space-content\">\n\t\t\t\t\t\t<h4><strong>BibTag<\/strong><\/h4>\n<p>\u2714 Los ThinTags son un 75% m\u00e1s finas que las etiquetas normales. Esto se traduce en menos residuos y menos espacio de env\u00edo, lo que tiene un impacto medioambiental positivo.<\/p>\n<p>\u2714 Nuestra espuma esponjosa patentada est\u00e1 hecha de fibra natural, que es totalmente degradable. Incluso nuestro pegamento es 100% degradable de forma natural<br \/>\n\u2714 Las alfombrillas BibTag son extremadamente duraderas y est\u00e1n hechas de caucho natural<br \/>\n\u2714 EasyMat: menos peso y volumen en comparaci\u00f3n con las alfombrillas normales. Menos impacto medioambiental durante el transporte y menos productos necesarios para la producci\u00f3n.<\/p>\n\t\t\t\t\t<\/div>\n\t\t\t\t\t\t\t<\/div>\n\t\t\t\t\t<div class=\"content__column\">\n\t\t\t\t\t\t\t\t\t<div\n\t\t\t\t\t\tdata-aos=\"fade-up\"\t\t\t\t\t\tclass=\"content__type--text space-content\">\n\t\t\t\t\t\t<h4><strong>ProChip<\/strong><\/h4>\n<p>\u2714 Los chips son extremadamente duraderos y son reutilizables<br \/>\n\u2714 Decodificador inteligente ProChip: m\u00e1s peque\u00f1o y reduce el consumo de energ\u00eda. La bater\u00eda no contiene plomo<br \/>\n\u2714Los organizadores de eventos pueden utilizar chips propiedad del cronometrador o pedir a los atletas que traigan sus propios chips<\/p>\n\t\t\t\t\t<\/div>\n\t\t\t\t\t\t\t<\/div>\n\t\t\t\t\t<div class=\"content__column\">\n\t\t\t\t\t\t\t\t\t<div\n\t\t\t\t\t\tdata-aos=\"fade-up\"\t\t\t\t\t\tclass=\"content__type--text space-content\">\n\t\t\t\t\t\t<h4>Deportes de motor<\/h4>\n<p>\u2714 Transpondedores disponibles con suscripci\u00f3n de 1, 2, 5 a\u00f1os o de por vida: se pueden utilizar durante muchos a\u00f1os y tambi\u00e9n pueden ser utilizados por varios conductores.<br \/>\n\u2714 Transpondedores disponibles desarrollados espec\u00edficamente para veh\u00edculos el\u00e9ctricos (F\u00f3rmula E o karts el\u00e9ctricos)<br \/>\n\u2714 Aplicaci\u00f3n m\u00f3vil y sitio web de Speedhive: Ya no es necesario imprimir los resultados, todos los resultados de entrenamientos y carreras est\u00e1n disponibles online<br \/>\n\u2714 El 95-98% de nuestros envases son de papel<\/p>\n\t\t\t\t\t<\/div>\n\t\t\t\t\t\t\t<\/div>\n\t\t\t<\/div>\n<\/div>\n\n\n<div\n\tclass=\"block content bg--white content--align-content-vertically content--cols-2 bg--blank content--arrange-half\"\n\tstyle=\"--cols: 2\">\n\t<div class=\"container\">\n\t\t\t\t\t<div class=\"content__column\">\n\t\t\t\t\t\t\t\t\t<div\n\t\t\t\t\t\t\t\t\t\t\t\tclass=\"content__type--image space-content\">\n\t\t\t\t\t\t\t\t\t\t\t\t\t\t<figure class=\"content__figure\">\n\t\t\t\t\t\t\t\t\t<img loading=\"lazy\" decoding=\"async\" width=\"750\" height=\"563\" src=\"https:\/\/mylaps.com\/wp-content\/uploads\/2024\/12\/Waste-separation-2-750x563.jpeg\" class=\"content__image\" alt=\"\" srcset=\"https:\/\/mylaps.com\/wp-content\/uploads\/2024\/12\/Waste-separation-2-750x563.jpeg 750w, https:\/\/mylaps.com\/wp-content\/uploads\/2024\/12\/Waste-separation-2-300x225.jpeg 300w, https:\/\/mylaps.com\/wp-content\/uploads\/2024\/12\/Waste-separation-2-768x576.jpeg 768w, https:\/\/mylaps.com\/wp-content\/uploads\/2024\/12\/Waste-separation-2-1024x768.jpeg 1024w, https:\/\/mylaps.com\/wp-content\/uploads\/2024\/12\/Waste-separation-2-1536x1152.jpeg 1536w, https:\/\/mylaps.com\/wp-content\/uploads\/2024\/12\/Waste-separation-2-2000x1500.jpeg 2000w, https:\/\/mylaps.com\/wp-content\/uploads\/2024\/12\/Waste-separation-2-400x300.jpeg 400w, https:\/\/mylaps.com\/wp-content\/uploads\/2024\/12\/Waste-separation-2-133x100.jpeg 133w, https:\/\/mylaps.com\/wp-content\/uploads\/2024\/12\/Waste-separation-2.jpeg 2048w\" sizes=\"auto, (max-width: 750px) 100vw, 750px\" \/>\t\t\t\t\t\t\t\t<\/figure>\n\t\t\t\t\t\t\t\t\t\t\t\t\t<\/div>\n\t\t\t\t\t\t\t<\/div>\n\t\t\t\t\t<div class=\"content__column\">\n\t\t\t\t\t\t\t\t\t<div\n\t\t\t\t\t\tdata-aos=\"fade-up\"\t\t\t\t\t\tclass=\"content__type--text space-content\">\n\t\t\t\t\t\t<h2>Formas de trabajar<\/h2>\n<p>En nuestros procesos de trabajo cotidianos intentamos minimizar el impacto en el medio ambiente.<\/p>\n<p>Nuestras oficinas son energ\u00e9ticamente eficientes y todos nuestros empleados saben c\u00f3mo ahorrar en residuos.<\/p>\n<p>Todas las personas que trabajan en MYLAPS son conscientes de la sostenibilidad y tienen el reto de integrarla en su trabajo diario.<\/p>\n\t\t\t\t\t<\/div>\n\t\t\t\t\t\t\t<\/div>\n\t\t\t<\/div>\n<\/div>\n\n\n<div\n\tclass=\"block content bg--white content--align-content-vertically content--cols-2 bg--blank content--arrange-half\"\n\tstyle=\"--cols: 2\">\n\t<div class=\"container\">\n\t\t\t\t\t<div class=\"content__column\">\n\t\t\t\t\t\t\t\t\t<div\n\t\t\t\t\t\tdata-aos=\"fade-up\"\t\t\t\t\t\tclass=\"content__type--text space-content\">\n\t\t\t\t\t\t<h2>M\u00e1s informaci\u00f3n<\/h2>\n<p>MYLAPS forma parte de Garmin. Descubre m\u00e1s sobre el compromiso de Garmin con la sostenibilidad.<\/p>\n<p><a class=\"button--primary\" href=\"https:\/\/www.garmin.com\/sustainability\/overview\/\">M\u00e1s informaci\u00f3n<\/a><\/p>\n\t\t\t\t\t<\/div>\n\t\t\t\t\t\t\t<\/div>\n\t\t\t\t\t<div class=\"content__column\">\n\t\t\t\t\t\t\t\t\t<div\n\t\t\t\t\t\t\t\t\t\t\t\tclass=\"content__type--image space-content\">\n\t\t\t\t\t\t\t\t\t\t\t\t\t\t<figure class=\"content__figure\">\n\t\t\t\t\t\t\t\t\t<img loading=\"lazy\" decoding=\"async\" width=\"750\" height=\"500\" src=\"https:\/\/mylaps.com\/wp-content\/uploads\/2026\/03\/Garmin-Marathon-Series-Tucson-Finish-1-750x500.jpg\" class=\"content__image\" alt=\"\" srcset=\"https:\/\/mylaps.com\/wp-content\/uploads\/2026\/03\/Garmin-Marathon-Series-Tucson-Finish-1-750x500.jpg 750w, https:\/\/mylaps.com\/wp-content\/uploads\/2026\/03\/Garmin-Marathon-Series-Tucson-Finish-1-300x200.jpg 300w, https:\/\/mylaps.com\/wp-content\/uploads\/2026\/03\/Garmin-Marathon-Series-Tucson-Finish-1-768x512.jpg 768w, https:\/\/mylaps.com\/wp-content\/uploads\/2026\/03\/Garmin-Marathon-Series-Tucson-Finish-1-400x267.jpg 400w, https:\/\/mylaps.com\/wp-content\/uploads\/2026\/03\/Garmin-Marathon-Series-Tucson-Finish-1-150x100.jpg 150w, https:\/\/mylaps.com\/wp-content\/uploads\/2026\/03\/Garmin-Marathon-Series-Tucson-Finish-1.jpg 800w\" sizes=\"auto, (max-width: 750px) 100vw, 750px\" \/>\t\t\t\t\t\t\t\t<\/figure>\n\t\t\t\t\t\t\t\t\t\t\t\t\t<\/div>\n\t\t\t\t\t\t\t<\/div>\n\t\t\t<\/div>\n<\/div>\n\n\n<div class=\"block cta\">\n\t<div class=\"container--medium\">\n\t\t<div class=\"cta__content\">\n\t\t\t\n\t\t\t\t\t<\/div>\n\t<\/div>\n<\/div>\n","protected":false},"excerpt":{"rendered":"<p>Medio ambiente Intentamos minimizar nuestro impacto en el medio ambiente. Nuestros productos son extremadamente duraderos. A lo largo de los a\u00f1os hemos introducido muchas innovaciones centradas en la sostenibilidad. Durabilidad Los productos MYLAPS est\u00e1n hechos para durar. La durabilidad es clave en el desarrollo de nuestros productos. Nuestros productos pueden utilizarse durante muchos a\u00f1os en cualquier circunstancia clim\u00e1tica. Aunque, \u00a1incluso a nosotros nos sorprende encontrar productos MYLAPS todav\u00eda en uso despu\u00e9s de m\u00e1s de dos d\u00e9cadas! Innovaci\u00f3n de productos Nuestros productos activos y para deportes de motor se desarrollan para tener un impacto m\u00ednimo en el medio ambiente. Muchos productos pueden reutilizarse a\u00f1o tras a\u00f1o, minimizando los residuos. Ya sea una alfombrilla de detecci\u00f3n, [&#8230;]<\/p>\n","protected":false},"author":3,"featured_media":835,"parent":272,"menu_order":0,"comment_status":"closed","ping_status":"closed","template":"","meta":{"_acf_changed":false,"content-type":"","_trash_the_other_posts":false,"editor_notices":[],"footnotes":""},"class_list":["post-828","page","type-page","status-publish","has-post-thumbnail","hentry"],"acf":[],"yoast_head":"<!-- This site is optimized with the Yoast SEO Premium plugin v27.0 (Yoast SEO v27.0) - https:\/\/yoast.com\/product\/yoast-seo-premium-wordpress\/ -->\n<title>Medio ambiente - MYLAPS - Espana<\/title>\n<meta name=\"robots\" content=\"index, follow, max-snippet:-1, max-image-preview:large, max-video-preview:-1\" \/>\n<link rel=\"canonical\" href=\"https:\/\/mylaps.com\/es\/sobre-nosotros\/responsabilidad\/medio-ambiente\/\" \/>\n<meta property=\"og:locale\" content=\"en_US\" \/>\n<meta property=\"og:type\" content=\"article\" \/>\n<meta property=\"og:title\" content=\"Medio ambiente\" \/>\n<meta property=\"og:description\" content=\"Medio ambiente Intentamos minimizar nuestro impacto en el medio ambiente. Nuestros productos son extremadamente duraderos. A lo largo de los a\u00f1os hemos introducido muchas innovaciones centradas en la sostenibilidad. Durabilidad Los productos MYLAPS est\u00e1n hechos para durar. La durabilidad es clave en el desarrollo de nuestros productos. Nuestros productos pueden utilizarse durante muchos a\u00f1os en cualquier circunstancia clim\u00e1tica. Aunque, \u00a1incluso a nosotros nos sorprende encontrar productos MYLAPS todav\u00eda en uso despu\u00e9s de m\u00e1s de dos d\u00e9cadas! Innovaci\u00f3n de productos Nuestros productos activos y para deportes de motor se desarrollan para tener un impacto m\u00ednimo en el medio ambiente. Muchos productos pueden reutilizarse a\u00f1o tras a\u00f1o, minimizando los residuos. Ya sea una alfombrilla de detecci\u00f3n, [...]\" \/>\n<meta property=\"og:url\" content=\"https:\/\/mylaps.com\/es\/sobre-nosotros\/responsabilidad\/medio-ambiente\/\" \/>\n<meta property=\"og:site_name\" content=\"MYLAPS - Espana\" \/>\n<meta property=\"article:modified_time\" content=\"2026-03-25T09:03:51+00:00\" \/>\n<meta property=\"og:image\" content=\"https:\/\/mylaps.com\/wp-content\/uploads\/2024\/12\/Bike-parking.jpg\" \/>\n\t<meta property=\"og:image:width\" content=\"1274\" \/>\n\t<meta property=\"og:image:height\" content=\"872\" \/>\n\t<meta property=\"og:image:type\" content=\"image\/jpeg\" \/>\n<meta name=\"twitter:card\" content=\"summary_large_image\" \/>\n<meta name=\"twitter:label1\" content=\"Est. reading time\" \/>\n\t<meta name=\"twitter:data1\" content=\"4 minutes\" \/>\n<script type=\"application\/ld+json\" class=\"yoast-schema-graph\">{\"@context\":\"https:\/\/schema.org\",\"@graph\":[{\"@type\":\"WebPage\",\"@id\":\"https:\/\/mylaps.com\/es\/sobre-nosotros\/responsabilidad\/medio-ambiente\/\",\"url\":\"https:\/\/mylaps.com\/es\/sobre-nosotros\/responsabilidad\/medio-ambiente\/\",\"name\":\"Medio ambiente - MYLAPS - Espana\",\"isPartOf\":{\"@id\":\"https:\/\/mylaps.com\/es\/#website\"},\"primaryImageOfPage\":{\"@id\":\"https:\/\/mylaps.com\/es\/sobre-nosotros\/responsabilidad\/medio-ambiente\/#primaryimage\"},\"image\":{\"@id\":\"https:\/\/mylaps.com\/es\/sobre-nosotros\/responsabilidad\/medio-ambiente\/#primaryimage\"},\"thumbnailUrl\":\"https:\/\/mylaps.com\/wp-content\/uploads\/2024\/12\/Bike-parking.jpg\",\"datePublished\":\"2025-01-15T10:31:47+00:00\",\"dateModified\":\"2026-03-25T09:03:51+00:00\",\"breadcrumb\":{\"@id\":\"https:\/\/mylaps.com\/es\/sobre-nosotros\/responsabilidad\/medio-ambiente\/#breadcrumb\"},\"inLanguage\":\"en-US\",\"potentialAction\":[{\"@type\":\"ReadAction\",\"target\":[\"https:\/\/mylaps.com\/es\/sobre-nosotros\/responsabilidad\/medio-ambiente\/\"]}]},{\"@type\":\"ImageObject\",\"inLanguage\":\"en-US\",\"@id\":\"https:\/\/mylaps.com\/es\/sobre-nosotros\/responsabilidad\/medio-ambiente\/#primaryimage\",\"url\":\"https:\/\/mylaps.com\/wp-content\/uploads\/2024\/12\/Bike-parking.jpg\",\"contentUrl\":\"https:\/\/mylaps.com\/wp-content\/uploads\/2024\/12\/Bike-parking.jpg\",\"width\":1274,\"height\":872},{\"@type\":\"BreadcrumbList\",\"@id\":\"https:\/\/mylaps.com\/es\/sobre-nosotros\/responsabilidad\/medio-ambiente\/#breadcrumb\",\"itemListElement\":[{\"@type\":\"ListItem\",\"position\":1,\"name\":\"Home\",\"item\":\"https:\/\/mylaps.com\/es\/\"},{\"@type\":\"ListItem\",\"position\":2,\"name\":\"Sobre nosotros\",\"item\":\"https:\/\/mylaps.com\/es\/sobre-nosotros\/\"},{\"@type\":\"ListItem\",\"position\":3,\"name\":\"Responsabilidad\",\"item\":\"https:\/\/mylaps.com\/es\/sobre-nosotros\/responsabilidad\/\"},{\"@type\":\"ListItem\",\"position\":4,\"name\":\"Medio ambiente\"}]},{\"@type\":\"WebSite\",\"@id\":\"https:\/\/mylaps.com\/es\/#website\",\"url\":\"https:\/\/mylaps.com\/es\/\",\"name\":\"MYLAPS\",\"description\":\"MYLAPS Sports Timing - The Industry&#039;s Most Reliable and Accurate Timing and Data Solutions\",\"potentialAction\":[{\"@type\":\"SearchAction\",\"target\":{\"@type\":\"EntryPoint\",\"urlTemplate\":\"https:\/\/mylaps.com\/es\/?s={search_term_string}\"},\"query-input\":{\"@type\":\"PropertyValueSpecification\",\"valueRequired\":true,\"valueName\":\"search_term_string\"}}],\"inLanguage\":\"en-US\"}]}<\/script>\n<!-- \/ Yoast SEO Premium plugin. -->","yoast_head_json":{"title":"Medio ambiente - MYLAPS - Espana","robots":{"index":"index","follow":"follow","max-snippet":"max-snippet:-1","max-image-preview":"max-image-preview:large","max-video-preview":"max-video-preview:-1"},"canonical":"https:\/\/mylaps.com\/es\/sobre-nosotros\/responsabilidad\/medio-ambiente\/","og_locale":"en_US","og_type":"article","og_title":"Medio ambiente","og_description":"Medio ambiente Intentamos minimizar nuestro impacto en el medio ambiente. Nuestros productos son extremadamente duraderos. A lo largo de los a\u00f1os hemos introducido muchas innovaciones centradas en la sostenibilidad. Durabilidad Los productos MYLAPS est\u00e1n hechos para durar. La durabilidad es clave en el desarrollo de nuestros productos. Nuestros productos pueden utilizarse durante muchos a\u00f1os en cualquier circunstancia clim\u00e1tica. Aunque, \u00a1incluso a nosotros nos sorprende encontrar productos MYLAPS todav\u00eda en uso despu\u00e9s de m\u00e1s de dos d\u00e9cadas! Innovaci\u00f3n de productos Nuestros productos activos y para deportes de motor se desarrollan para tener un impacto m\u00ednimo en el medio ambiente. Muchos productos pueden reutilizarse a\u00f1o tras a\u00f1o, minimizando los residuos. Ya sea una alfombrilla de detecci\u00f3n, [...]","og_url":"https:\/\/mylaps.com\/es\/sobre-nosotros\/responsabilidad\/medio-ambiente\/","og_site_name":"MYLAPS - Espana","article_modified_time":"2026-03-25T09:03:51+00:00","og_image":[{"width":1274,"height":872,"url":"https:\/\/mylaps.com\/wp-content\/uploads\/2024\/12\/Bike-parking.jpg","type":"image\/jpeg"}],"twitter_card":"summary_large_image","twitter_misc":{"Est. reading time":"4 minutes"},"schema":{"@context":"https:\/\/schema.org","@graph":[{"@type":"WebPage","@id":"https:\/\/mylaps.com\/es\/sobre-nosotros\/responsabilidad\/medio-ambiente\/","url":"https:\/\/mylaps.com\/es\/sobre-nosotros\/responsabilidad\/medio-ambiente\/","name":"Medio ambiente - MYLAPS - Espana","isPartOf":{"@id":"https:\/\/mylaps.com\/es\/#website"},"primaryImageOfPage":{"@id":"https:\/\/mylaps.com\/es\/sobre-nosotros\/responsabilidad\/medio-ambiente\/#primaryimage"},"image":{"@id":"https:\/\/mylaps.com\/es\/sobre-nosotros\/responsabilidad\/medio-ambiente\/#primaryimage"},"thumbnailUrl":"https:\/\/mylaps.com\/wp-content\/uploads\/2024\/12\/Bike-parking.jpg","datePublished":"2025-01-15T10:31:47+00:00","dateModified":"2026-03-25T09:03:51+00:00","breadcrumb":{"@id":"https:\/\/mylaps.com\/es\/sobre-nosotros\/responsabilidad\/medio-ambiente\/#breadcrumb"},"inLanguage":"en-US","potentialAction":[{"@type":"ReadAction","target":["https:\/\/mylaps.com\/es\/sobre-nosotros\/responsabilidad\/medio-ambiente\/"]}]},{"@type":"ImageObject","inLanguage":"en-US","@id":"https:\/\/mylaps.com\/es\/sobre-nosotros\/responsabilidad\/medio-ambiente\/#primaryimage","url":"https:\/\/mylaps.com\/wp-content\/uploads\/2024\/12\/Bike-parking.jpg","contentUrl":"https:\/\/mylaps.com\/wp-content\/uploads\/2024\/12\/Bike-parking.jpg","width":1274,"height":872},{"@type":"BreadcrumbList","@id":"https:\/\/mylaps.com\/es\/sobre-nosotros\/responsabilidad\/medio-ambiente\/#breadcrumb","itemListElement":[{"@type":"ListItem","position":1,"name":"Home","item":"https:\/\/mylaps.com\/es\/"},{"@type":"ListItem","position":2,"name":"Sobre nosotros","item":"https:\/\/mylaps.com\/es\/sobre-nosotros\/"},{"@type":"ListItem","position":3,"name":"Responsabilidad","item":"https:\/\/mylaps.com\/es\/sobre-nosotros\/responsabilidad\/"},{"@type":"ListItem","position":4,"name":"Medio ambiente"}]},{"@type":"WebSite","@id":"https:\/\/mylaps.com\/es\/#website","url":"https:\/\/mylaps.com\/es\/","name":"MYLAPS","description":"MYLAPS Sports Timing - The Industry&#039;s Most Reliable and Accurate Timing and Data Solutions","potentialAction":[{"@type":"SearchAction","target":{"@type":"EntryPoint","urlTemplate":"https:\/\/mylaps.com\/es\/?s={search_term_string}"},"query-input":{"@type":"PropertyValueSpecification","valueRequired":true,"valueName":"search_term_string"}}],"inLanguage":"en-US"}]}},"_links":{"self":[{"href":"https:\/\/mylaps.com\/es\/wp-json\/wp\/v2\/pages\/828","targetHints":{"allow":["GET"]}}],"collection":[{"href":"https:\/\/mylaps.com\/es\/wp-json\/wp\/v2\/pages"}],"about":[{"href":"https:\/\/mylaps.com\/es\/wp-json\/wp\/v2\/types\/page"}],"author":[{"embeddable":true,"href":"https:\/\/mylaps.com\/es\/wp-json\/wp\/v2\/users\/3"}],"replies":[{"embeddable":true,"href":"https:\/\/mylaps.com\/es\/wp-json\/wp\/v2\/comments?post=828"}],"version-history":[{"count":10,"href":"https:\/\/mylaps.com\/es\/wp-json\/wp\/v2\/pages\/828\/revisions"}],"predecessor-version":[{"id":41603,"href":"https:\/\/mylaps.com\/es\/wp-json\/wp\/v2\/pages\/828\/revisions\/41603"}],"up":[{"embeddable":true,"href":"https:\/\/mylaps.com\/es\/wp-json\/wp\/v2\/pages\/272"}],"wp:featuredmedia":[{"embeddable":true,"href":"https:\/\/mylaps.com\/es\/wp-json\/wp\/v2\/media\/835"}],"wp:attachment":[{"href":"https:\/\/mylaps.com\/es\/wp-json\/wp\/v2\/media?parent=828"}],"curies":[{"name":"wp","href":"https:\/\/api.w.org\/{rel}","templated":true}]}}