{"id":870,"date":"2025-01-15T10:31:54","date_gmt":"2025-01-15T10:31:54","guid":{"rendered":"https:\/\/mylaps.com\/?page_id=870"},"modified":"2026-03-25T09:05:41","modified_gmt":"2026-03-25T09:05:41","slug":"gobernabilidad","status":"publish","type":"page","link":"https:\/\/mylaps.com\/es\/sobre-nosotros\/responsabilidad\/gobernabilidad\/","title":{"rendered":"Gobernabilidad"},"content":{"rendered":"<div class=\"block hero hero--background-img hero--content-lb\">\n\t<img loading=\"lazy\" decoding=\"async\" width=\"2000\" height=\"1125\" src=\"https:\/\/mylaps.com\/wp-content\/uploads\/2024\/12\/JMA4518-1.jpg\" class=\"hero__background\" alt=\"\" srcset=\"https:\/\/mylaps.com\/wp-content\/uploads\/2024\/12\/JMA4518-1.jpg 2000w, https:\/\/mylaps.com\/wp-content\/uploads\/2024\/12\/JMA4518-1-300x169.jpg 300w, https:\/\/mylaps.com\/wp-content\/uploads\/2024\/12\/JMA4518-1-768x432.jpg 768w, https:\/\/mylaps.com\/wp-content\/uploads\/2024\/12\/JMA4518-1-1024x576.jpg 1024w, https:\/\/mylaps.com\/wp-content\/uploads\/2024\/12\/JMA4518-1-1536x864.jpg 1536w, https:\/\/mylaps.com\/wp-content\/uploads\/2024\/12\/JMA4518-1-750x422.jpg 750w, https:\/\/mylaps.com\/wp-content\/uploads\/2024\/12\/JMA4518-1-400x225.jpg 400w, https:\/\/mylaps.com\/wp-content\/uploads\/2024\/12\/JMA4518-1-178x100.jpg 178w\" sizes=\"auto, (max-width: 2000px) 100vw, 2000px\" \/>\n\t<div class=\"container\">\n\t\t<div class=\"hero__content space-content\">\n\t\t\t\t\t\t\t<h1>\n\t\t\t\t\tGobernabilidad\t\t\t\t<\/h1>\n\t\t\t\n\t\t\t<p>Contamos con estrictas normas anticorrupci\u00f3n y de integridad, trabajamos con un c\u00f3digo de conducta interno y tenemos una clara pol\u00edtica de denuncia de irregularidades.<\/p>\n\t\t<\/div>\n\t<\/div>\n<\/div>\n\n\n<div\n\tclass=\"block content bg--white content--flip-columns-on-mobile content--align-content-vertically content--cols-2 bg--blank content--arrange-half\"\n\tstyle=\"--cols: 2\">\n\t<div class=\"container\">\n\t\t\t\t\t<div class=\"content__column\">\n\t\t\t\t\t\t\t\t\t<div\n\t\t\t\t\t\tdata-aos=\"fade-up\"\t\t\t\t\t\tclass=\"content__type--text space-content\">\n\t\t\t\t\t\t<h2>Juego limpio<\/h2>\n<p>En el deporte se trata del juego limpio. Al hacer negocios, tambi\u00e9n damos gran importancia al juego limpio. Nuestra empresa utiliza m\u00e9todos contables precisos y transparentes y trabajamos con expertos jur\u00eddicos externos para obtener asesoramiento independiente en el \u00e1mbito laboral, jur\u00eddico y de seguros.<\/p>\n<p>Todos los empleados de MYLAPS relacionados con el comercio, las compras o las finanzas reciben formaci\u00f3n sobre cumplimiento financiero y tienen que firmar un acuerdo anual con la FCA.<\/p>\n<p>Tenemos un c\u00f3digo de conducta interno y una pol\u00edtica clara de denuncia de irregularidades. Adem\u00e1s, trabajamos con una persona de contacto externa y confidencial para hablar de comportamientos no deseados o inaceptables.<\/p>\n\t\t\t\t\t<\/div>\n\t\t\t\t\t\t\t<\/div>\n\t\t\t\t\t<div class=\"content__column\">\n\t\t\t\t\t\t\t\t\t<div\n\t\t\t\t\t\t\t\t\t\t\t\tclass=\"content__type--image space-content\">\n\t\t\t\t\t\t\t\t\t\t\t\t\t\t<figure class=\"content__figure\">\n\t\t\t\t\t\t\t\t\t<img loading=\"lazy\" decoding=\"async\" width=\"750\" height=\"500\" src=\"https:\/\/mylaps.com\/wp-content\/uploads\/2024\/12\/roosenboom0377-750x500.jpg\" class=\"content__image\" alt=\"\" srcset=\"https:\/\/mylaps.com\/wp-content\/uploads\/2024\/12\/roosenboom0377-750x500.jpg 750w, https:\/\/mylaps.com\/wp-content\/uploads\/2024\/12\/roosenboom0377-300x200.jpg 300w, https:\/\/mylaps.com\/wp-content\/uploads\/2024\/12\/roosenboom0377-768x512.jpg 768w, https:\/\/mylaps.com\/wp-content\/uploads\/2024\/12\/roosenboom0377-1024x683.jpg 1024w, https:\/\/mylaps.com\/wp-content\/uploads\/2024\/12\/roosenboom0377-1536x1024.jpg 1536w, https:\/\/mylaps.com\/wp-content\/uploads\/2024\/12\/roosenboom0377-2048x1366.jpg 2048w, https:\/\/mylaps.com\/wp-content\/uploads\/2024\/12\/roosenboom0377-2000x1334.jpg 2000w, https:\/\/mylaps.com\/wp-content\/uploads\/2024\/12\/roosenboom0377-400x267.jpg 400w, https:\/\/mylaps.com\/wp-content\/uploads\/2024\/12\/roosenboom0377-150x100.jpg 150w\" sizes=\"auto, (max-width: 750px) 100vw, 750px\" \/>\t\t\t\t\t\t\t\t<\/figure>\n\t\t\t\t\t\t\t\t\t\t\t\t\t<\/div>\n\t\t\t\t\t\t\t<\/div>\n\t\t\t<\/div>\n<\/div>\n\n\n<div\n\tclass=\"block content bg--white content--cols-1 bg--blank content--arrange-half\"\n\tstyle=\"--cols: 1\">\n\t<div class=\"container--small\">\n\t\t\t\t\t<div class=\"content__column\">\n\t\t\t\t\t\t\t\t\t<div\n\t\t\t\t\t\tdata-aos=\"fade-up\"\t\t\t\t\t\tclass=\"content__type--text space-content\">\n\t\t\t\t\t\t<h2>C\u00f3mo influimos positivamente en la gobernanza<\/h2>\n\t\t\t\t\t<\/div>\n\t\t\t\t\t\t\t<\/div>\n\t\t\t<\/div>\n<\/div>\n\n\n<div\n\tclass=\"block content bg--white content--cols-2 bg--blank content--arrange-half\"\n\tstyle=\"--cols: 2\">\n\t<div class=\"container\">\n\t\t\t\t\t<div class=\"content__column\">\n\t\t\t\t\t\t\t\t\t<div\n\t\t\t\t\t\tdata-aos=\"fade-up\"\t\t\t\t\t\tclass=\"content__type--text space-content\">\n\t\t\t\t\t\t<h4><strong>Anticorrupci\u00f3n e Integridad<\/strong><\/h4>\n<p>Todos los empleados relacionados con el comercio, las compras o las finanzas reciben formaci\u00f3n sobre cumplimiento financiero y tienen que firmar un documento anual de la FCA.<br \/>\n\u2714 Normativa sobre descuentos e inversiones: procedimiento claro sobre el proceso de aprobaci\u00f3n implantado con umbrales por nivel.<br \/>\n\u2714 Contamos con una cartera de especialistas jur\u00eddicos externos en el \u00e1mbito del derecho de patentes, seguros, laboral y privado<br \/>\n\u2714 Para un comportamiento independiente y anticorrupci\u00f3n contamos con contables externos y asuntos bancarios<br \/>\n\u2714 Contamos con un responsable de tratamiento de datos que se encarga de la seguridad de los datos<br \/>\n\u2714 Encuestas peri\u00f3dicas a clientes NPS realizadas por agencia de investigaci\u00f3n externa<\/p>\n\t\t\t\t\t<\/div>\n\t\t\t\t\t\t\t<\/div>\n\t\t\t\t\t<div class=\"content__column\">\n\t\t\t\t\t\t\t\t\t<div\n\t\t\t\t\t\tdata-aos=\"fade-up\"\t\t\t\t\t\tclass=\"content__type--text space-content\">\n\t\t\t\t\t\t<h4><strong>C\u00f3digo de conducta<\/strong><\/h4>\n<p>\u2714 Tenemos un c\u00f3digo de conducta interno<br \/>\n\u2714 Tenemos una pol\u00edtica clara de denuncia de irregularidades<br \/>\n\u2714 Tenemos una persona de contacto confidencial externa para resolver comportamientos no deseados o inaceptables<\/p>\n\t\t\t\t\t<\/div>\n\t\t\t\t\t\t\t<\/div>\n\t\t\t<\/div>\n<\/div>\n\n\n<div\n\tclass=\"block content bg--white content--align-content-vertically content--cols-2 bg--blank content--arrange-half\"\n\tstyle=\"--cols: 2\">\n\t<div class=\"container\">\n\t\t\t\t\t<div class=\"content__column\">\n\t\t\t\t\t\t\t\t\t<div\n\t\t\t\t\t\tdata-aos=\"fade-up\"\t\t\t\t\t\tclass=\"content__type--text space-content\">\n\t\t\t\t\t\t<h2>M\u00e1s informaci\u00f3n<\/h2>\n<p>MYLAPS forma parte de Garmin. Descubre m\u00e1s sobre el compromiso de Garmin con la sostenibilidad.<\/p>\n<p><a class=\"button--primary\" href=\"https:\/\/www.garmin.com\/sustainability\/overview\/\">M\u00e1s informaci\u00f3n<\/a><\/p>\n\t\t\t\t\t<\/div>\n\t\t\t\t\t\t\t<\/div>\n\t\t\t\t\t<div class=\"content__column\">\n\t\t\t\t\t\t\t\t\t<div\n\t\t\t\t\t\t\t\t\t\t\t\tclass=\"content__type--image space-content\">\n\t\t\t\t\t\t\t\t\t\t\t\t\t\t<figure class=\"content__figure\">\n\t\t\t\t\t\t\t\t\t<img loading=\"lazy\" decoding=\"async\" width=\"750\" height=\"500\" src=\"https:\/\/mylaps.com\/wp-content\/uploads\/2026\/03\/Garmin-Marathon-Series-Tucson-Finish-1-750x500.jpg\" class=\"content__image\" alt=\"\" srcset=\"https:\/\/mylaps.com\/wp-content\/uploads\/2026\/03\/Garmin-Marathon-Series-Tucson-Finish-1-750x500.jpg 750w, https:\/\/mylaps.com\/wp-content\/uploads\/2026\/03\/Garmin-Marathon-Series-Tucson-Finish-1-300x200.jpg 300w, https:\/\/mylaps.com\/wp-content\/uploads\/2026\/03\/Garmin-Marathon-Series-Tucson-Finish-1-768x512.jpg 768w, https:\/\/mylaps.com\/wp-content\/uploads\/2026\/03\/Garmin-Marathon-Series-Tucson-Finish-1-400x267.jpg 400w, https:\/\/mylaps.com\/wp-content\/uploads\/2026\/03\/Garmin-Marathon-Series-Tucson-Finish-1-150x100.jpg 150w, https:\/\/mylaps.com\/wp-content\/uploads\/2026\/03\/Garmin-Marathon-Series-Tucson-Finish-1.jpg 800w\" sizes=\"auto, (max-width: 750px) 100vw, 750px\" \/>\t\t\t\t\t\t\t\t<\/figure>\n\t\t\t\t\t\t\t\t\t\t\t\t\t<\/div>\n\t\t\t\t\t\t\t<\/div>\n\t\t\t<\/div>\n<\/div>\n\n\n<div class=\"block cta\">\n\t<div class=\"container--medium\">\n\t\t<div class=\"cta__content\">\n\t\t\t\n\t\t\t\t\t<\/div>\n\t<\/div>\n<\/div>\n","protected":false},"excerpt":{"rendered":"<p>Gobernanza Contamos con estrictas normas anticorrupci\u00f3n y de integridad, trabajamos con un c\u00f3digo de conducta interno y tenemos una pol\u00edtica clara de denuncia de irregularidades. Juego limpio En el deporte se trata de jugar limpio. A la hora de hacer negocios, tambi\u00e9n damos gran importancia al juego limpio. Nuestra empresa utiliza m\u00e9todos contables precisos y transparentes y trabajamos con expertos jur\u00eddicos externos para obtener asesoramiento independiente en el \u00e1mbito laboral, jur\u00eddico y de seguros. Todos los empleados de MYLAPS relacionados con el comercio, las compras o las finanzas reciben formaci\u00f3n sobre cumplimiento financiero y tienen que firmar un acuerdo anual con la FCA. Contamos con un c\u00f3digo de conducta interno y una clara [&#8230;]<\/p>\n","protected":false},"author":3,"featured_media":621,"parent":272,"menu_order":0,"comment_status":"closed","ping_status":"closed","template":"","meta":{"_acf_changed":false,"content-type":"","_trash_the_other_posts":false,"editor_notices":[],"footnotes":""},"class_list":["post-870","page","type-page","status-publish","has-post-thumbnail","hentry"],"acf":[],"yoast_head":"<!-- This site is optimized with the Yoast SEO Premium plugin v27.0 (Yoast SEO v27.0) - https:\/\/yoast.com\/product\/yoast-seo-premium-wordpress\/ -->\n<title>Gobernabilidad - MYLAPS - Espana<\/title>\n<meta name=\"robots\" content=\"index, follow, max-snippet:-1, max-image-preview:large, max-video-preview:-1\" \/>\n<link rel=\"canonical\" href=\"https:\/\/mylaps.com\/es\/sobre-nosotros\/responsabilidad\/gobernabilidad\/\" \/>\n<meta property=\"og:locale\" content=\"en_US\" \/>\n<meta property=\"og:type\" content=\"article\" \/>\n<meta property=\"og:title\" content=\"Gobernabilidad\" \/>\n<meta property=\"og:description\" content=\"Gobernanza Contamos con estrictas normas anticorrupci\u00f3n y de integridad, trabajamos con un c\u00f3digo de conducta interno y tenemos una pol\u00edtica clara de denuncia de irregularidades. Juego limpio En el deporte se trata de jugar limpio. A la hora de hacer negocios, tambi\u00e9n damos gran importancia al juego limpio. Nuestra empresa utiliza m\u00e9todos contables precisos y transparentes y trabajamos con expertos jur\u00eddicos externos para obtener asesoramiento independiente en el \u00e1mbito laboral, jur\u00eddico y de seguros. Todos los empleados de MYLAPS relacionados con el comercio, las compras o las finanzas reciben formaci\u00f3n sobre cumplimiento financiero y tienen que firmar un acuerdo anual con la FCA. Contamos con un c\u00f3digo de conducta interno y una clara [...]\" \/>\n<meta property=\"og:url\" content=\"https:\/\/mylaps.com\/es\/sobre-nosotros\/responsabilidad\/gobernabilidad\/\" \/>\n<meta property=\"og:site_name\" content=\"MYLAPS - Espana\" \/>\n<meta property=\"article:modified_time\" content=\"2026-03-25T09:05:41+00:00\" \/>\n<meta property=\"og:image\" content=\"https:\/\/mylaps.com\/wp-content\/uploads\/2024\/12\/roosenboom0377.jpg\" \/>\n\t<meta property=\"og:image:width\" content=\"2500\" \/>\n\t<meta property=\"og:image:height\" content=\"1667\" \/>\n\t<meta property=\"og:image:type\" content=\"image\/jpeg\" \/>\n<meta name=\"twitter:card\" content=\"summary_large_image\" \/>\n<meta name=\"twitter:label1\" content=\"Est. reading time\" \/>\n\t<meta name=\"twitter:data1\" content=\"3 minutes\" \/>\n<script type=\"application\/ld+json\" class=\"yoast-schema-graph\">{\"@context\":\"https:\/\/schema.org\",\"@graph\":[{\"@type\":\"WebPage\",\"@id\":\"https:\/\/mylaps.com\/es\/sobre-nosotros\/responsabilidad\/gobernabilidad\/\",\"url\":\"https:\/\/mylaps.com\/es\/sobre-nosotros\/responsabilidad\/gobernabilidad\/\",\"name\":\"Gobernabilidad - MYLAPS - Espana\",\"isPartOf\":{\"@id\":\"https:\/\/mylaps.com\/es\/#website\"},\"primaryImageOfPage\":{\"@id\":\"https:\/\/mylaps.com\/es\/sobre-nosotros\/responsabilidad\/gobernabilidad\/#primaryimage\"},\"image\":{\"@id\":\"https:\/\/mylaps.com\/es\/sobre-nosotros\/responsabilidad\/gobernabilidad\/#primaryimage\"},\"thumbnailUrl\":\"https:\/\/mylaps.com\/wp-content\/uploads\/2024\/12\/roosenboom0377.jpg\",\"datePublished\":\"2025-01-15T10:31:54+00:00\",\"dateModified\":\"2026-03-25T09:05:41+00:00\",\"breadcrumb\":{\"@id\":\"https:\/\/mylaps.com\/es\/sobre-nosotros\/responsabilidad\/gobernabilidad\/#breadcrumb\"},\"inLanguage\":\"en-US\",\"potentialAction\":[{\"@type\":\"ReadAction\",\"target\":[\"https:\/\/mylaps.com\/es\/sobre-nosotros\/responsabilidad\/gobernabilidad\/\"]}]},{\"@type\":\"ImageObject\",\"inLanguage\":\"en-US\",\"@id\":\"https:\/\/mylaps.com\/es\/sobre-nosotros\/responsabilidad\/gobernabilidad\/#primaryimage\",\"url\":\"https:\/\/mylaps.com\/wp-content\/uploads\/2024\/12\/roosenboom0377.jpg\",\"contentUrl\":\"https:\/\/mylaps.com\/wp-content\/uploads\/2024\/12\/roosenboom0377.jpg\",\"width\":2500,\"height\":1667},{\"@type\":\"BreadcrumbList\",\"@id\":\"https:\/\/mylaps.com\/es\/sobre-nosotros\/responsabilidad\/gobernabilidad\/#breadcrumb\",\"itemListElement\":[{\"@type\":\"ListItem\",\"position\":1,\"name\":\"Home\",\"item\":\"https:\/\/mylaps.com\/es\/\"},{\"@type\":\"ListItem\",\"position\":2,\"name\":\"Sobre nosotros\",\"item\":\"https:\/\/mylaps.com\/es\/sobre-nosotros\/\"},{\"@type\":\"ListItem\",\"position\":3,\"name\":\"Responsabilidad\",\"item\":\"https:\/\/mylaps.com\/es\/sobre-nosotros\/responsabilidad\/\"},{\"@type\":\"ListItem\",\"position\":4,\"name\":\"Gobernabilidad\"}]},{\"@type\":\"WebSite\",\"@id\":\"https:\/\/mylaps.com\/es\/#website\",\"url\":\"https:\/\/mylaps.com\/es\/\",\"name\":\"MYLAPS\",\"description\":\"MYLAPS Sports Timing - The Industry&#039;s Most Reliable and Accurate Timing and Data Solutions\",\"potentialAction\":[{\"@type\":\"SearchAction\",\"target\":{\"@type\":\"EntryPoint\",\"urlTemplate\":\"https:\/\/mylaps.com\/es\/?s={search_term_string}\"},\"query-input\":{\"@type\":\"PropertyValueSpecification\",\"valueRequired\":true,\"valueName\":\"search_term_string\"}}],\"inLanguage\":\"en-US\"}]}<\/script>\n<!-- \/ Yoast SEO Premium plugin. -->","yoast_head_json":{"title":"Gobernabilidad - MYLAPS - Espana","robots":{"index":"index","follow":"follow","max-snippet":"max-snippet:-1","max-image-preview":"max-image-preview:large","max-video-preview":"max-video-preview:-1"},"canonical":"https:\/\/mylaps.com\/es\/sobre-nosotros\/responsabilidad\/gobernabilidad\/","og_locale":"en_US","og_type":"article","og_title":"Gobernabilidad","og_description":"Gobernanza Contamos con estrictas normas anticorrupci\u00f3n y de integridad, trabajamos con un c\u00f3digo de conducta interno y tenemos una pol\u00edtica clara de denuncia de irregularidades. Juego limpio En el deporte se trata de jugar limpio. A la hora de hacer negocios, tambi\u00e9n damos gran importancia al juego limpio. Nuestra empresa utiliza m\u00e9todos contables precisos y transparentes y trabajamos con expertos jur\u00eddicos externos para obtener asesoramiento independiente en el \u00e1mbito laboral, jur\u00eddico y de seguros. Todos los empleados de MYLAPS relacionados con el comercio, las compras o las finanzas reciben formaci\u00f3n sobre cumplimiento financiero y tienen que firmar un acuerdo anual con la FCA. Contamos con un c\u00f3digo de conducta interno y una clara [...]","og_url":"https:\/\/mylaps.com\/es\/sobre-nosotros\/responsabilidad\/gobernabilidad\/","og_site_name":"MYLAPS - Espana","article_modified_time":"2026-03-25T09:05:41+00:00","og_image":[{"width":2500,"height":1667,"url":"https:\/\/mylaps.com\/wp-content\/uploads\/2024\/12\/roosenboom0377.jpg","type":"image\/jpeg"}],"twitter_card":"summary_large_image","twitter_misc":{"Est. reading time":"3 minutes"},"schema":{"@context":"https:\/\/schema.org","@graph":[{"@type":"WebPage","@id":"https:\/\/mylaps.com\/es\/sobre-nosotros\/responsabilidad\/gobernabilidad\/","url":"https:\/\/mylaps.com\/es\/sobre-nosotros\/responsabilidad\/gobernabilidad\/","name":"Gobernabilidad - MYLAPS - Espana","isPartOf":{"@id":"https:\/\/mylaps.com\/es\/#website"},"primaryImageOfPage":{"@id":"https:\/\/mylaps.com\/es\/sobre-nosotros\/responsabilidad\/gobernabilidad\/#primaryimage"},"image":{"@id":"https:\/\/mylaps.com\/es\/sobre-nosotros\/responsabilidad\/gobernabilidad\/#primaryimage"},"thumbnailUrl":"https:\/\/mylaps.com\/wp-content\/uploads\/2024\/12\/roosenboom0377.jpg","datePublished":"2025-01-15T10:31:54+00:00","dateModified":"2026-03-25T09:05:41+00:00","breadcrumb":{"@id":"https:\/\/mylaps.com\/es\/sobre-nosotros\/responsabilidad\/gobernabilidad\/#breadcrumb"},"inLanguage":"en-US","potentialAction":[{"@type":"ReadAction","target":["https:\/\/mylaps.com\/es\/sobre-nosotros\/responsabilidad\/gobernabilidad\/"]}]},{"@type":"ImageObject","inLanguage":"en-US","@id":"https:\/\/mylaps.com\/es\/sobre-nosotros\/responsabilidad\/gobernabilidad\/#primaryimage","url":"https:\/\/mylaps.com\/wp-content\/uploads\/2024\/12\/roosenboom0377.jpg","contentUrl":"https:\/\/mylaps.com\/wp-content\/uploads\/2024\/12\/roosenboom0377.jpg","width":2500,"height":1667},{"@type":"BreadcrumbList","@id":"https:\/\/mylaps.com\/es\/sobre-nosotros\/responsabilidad\/gobernabilidad\/#breadcrumb","itemListElement":[{"@type":"ListItem","position":1,"name":"Home","item":"https:\/\/mylaps.com\/es\/"},{"@type":"ListItem","position":2,"name":"Sobre nosotros","item":"https:\/\/mylaps.com\/es\/sobre-nosotros\/"},{"@type":"ListItem","position":3,"name":"Responsabilidad","item":"https:\/\/mylaps.com\/es\/sobre-nosotros\/responsabilidad\/"},{"@type":"ListItem","position":4,"name":"Gobernabilidad"}]},{"@type":"WebSite","@id":"https:\/\/mylaps.com\/es\/#website","url":"https:\/\/mylaps.com\/es\/","name":"MYLAPS","description":"MYLAPS Sports Timing - The Industry&#039;s Most Reliable and Accurate Timing and Data Solutions","potentialAction":[{"@type":"SearchAction","target":{"@type":"EntryPoint","urlTemplate":"https:\/\/mylaps.com\/es\/?s={search_term_string}"},"query-input":{"@type":"PropertyValueSpecification","valueRequired":true,"valueName":"search_term_string"}}],"inLanguage":"en-US"}]}},"_links":{"self":[{"href":"https:\/\/mylaps.com\/es\/wp-json\/wp\/v2\/pages\/870","targetHints":{"allow":["GET"]}}],"collection":[{"href":"https:\/\/mylaps.com\/es\/wp-json\/wp\/v2\/pages"}],"about":[{"href":"https:\/\/mylaps.com\/es\/wp-json\/wp\/v2\/types\/page"}],"author":[{"embeddable":true,"href":"https:\/\/mylaps.com\/es\/wp-json\/wp\/v2\/users\/3"}],"replies":[{"embeddable":true,"href":"https:\/\/mylaps.com\/es\/wp-json\/wp\/v2\/comments?post=870"}],"version-history":[{"count":7,"href":"https:\/\/mylaps.com\/es\/wp-json\/wp\/v2\/pages\/870\/revisions"}],"predecessor-version":[{"id":41605,"href":"https:\/\/mylaps.com\/es\/wp-json\/wp\/v2\/pages\/870\/revisions\/41605"}],"up":[{"embeddable":true,"href":"https:\/\/mylaps.com\/es\/wp-json\/wp\/v2\/pages\/272"}],"wp:featuredmedia":[{"embeddable":true,"href":"https:\/\/mylaps.com\/es\/wp-json\/wp\/v2\/media\/621"}],"wp:attachment":[{"href":"https:\/\/mylaps.com\/es\/wp-json\/wp\/v2\/media?parent=870"}],"curies":[{"name":"wp","href":"https:\/\/api.w.org\/{rel}","templated":true}]}}